{"id":6904,"date":"2024-02-29T16:56:25","date_gmt":"2024-02-29T08:56:25","guid":{"rendered":"https:\/\/www.honlufoodtrailer.com\/?post_type=product&#038;p=6904"},"modified":"2025-02-14T15:27:30","modified_gmt":"2025-02-14T07:27:30","slug":"customized-5m-stainless-steel-food-trailer-for-sale","status":"publish","type":"product","link":"https:\/\/www.honlufoodtrailer.com\/hr\/product\/customized-5m-stainless-steel-food-trailer-for-sale\/","title":{"rendered":"Prilago\u0111ena prikolica za hranu od nehr\u0111aju\u0107eg \u010delika od 5 m na prodaju"},"content":{"rendered":"<p>Tra\u017eite li prikolicu za hranu od nehr\u0111aju\u0107eg \u010delika? Pogledajte ovu prikolicu za hranu od nehr\u0111aju\u0107eg \u010delika od 5 m ovdje! Ovo je prilago\u0111ena prikolica za hranu od nehr\u0111aju\u0107eg \u010delika od 16,4 stopa koju smo proizveli za jednog od na\u0161ih kupaca iz SAD-a. Mo\u017eemo proizvesti sli\u010dnu prikolicu za hranu od nehr\u0111aju\u0107eg \u010delika poput ove ili je prilagoditi za vas. Boja karoserije, naljepnice, signalizacija i kuhinjska oprema prikolice za hranu od nehr\u0111aju\u0107eg \u010delika mogu se prilagoditi. Samo nas kontaktirajte i recite nam svoje detaljne zahtjeve.<br \/>\n<img fetchpriority=\"high\" decoding=\"async\" class=\"aligncenter size-full wp-image-6907\" src=\"https:\/\/www.honlufoodtrailer.com\/wp-content\/uploads\/2024\/02\/5m-stainless-steel-food-cart-for-sale.jpg\" alt=\"Prodajem kolica za hranu od nehr\u0111aju\u0107eg \u010delika od 5 metara\" width=\"720\" height=\"540\" srcset=\"https:\/\/www.honlufoodtrailer.com\/wp-content\/uploads\/2024\/02\/5m-stainless-steel-food-cart-for-sale.jpg 720w, https:\/\/www.honlufoodtrailer.com\/wp-content\/uploads\/2024\/02\/5m-stainless-steel-food-cart-for-sale-480x360.jpg 480w, https:\/\/www.honlufoodtrailer.com\/wp-content\/uploads\/2024\/02\/5m-stainless-steel-food-cart-for-sale-300x225.jpg 300w\" sizes=\"(max-width: 720px) 100vw, 720px\" \/><\/p>\n<p>\u017delite li pokrenuti vlastiti posao s mobilnim prikolicama za hranu? \u017delite li nuditi mobilnu hranu u pokretu? Onda razmislite o ulaganju u ovu prikolicu za hranu od nehr\u0111aju\u0107eg \u010delika 5M. Ova vrsta prikolice za hranu mo\u017ee vam pomo\u0107i da va\u0161e poslovanje postane uspje\u0161no. Sada \u0107u vam pokazati vi\u0161e detalja o ovoj prikolici za hranu od nehr\u0111aju\u0107eg \u010delika.<\/p>\n<p><img decoding=\"async\" class=\"aligncenter size-full wp-image-6909\" src=\"https:\/\/www.honlufoodtrailer.com\/wp-content\/uploads\/2024\/02\/5m-stainless-steel-food-trailer-for-sale-inner-view.jpg\" alt=\"Prodajem prikolicu za hranu od nehr\u0111aju\u0107eg \u010delika od 5 m, unutarnji pogled\" width=\"720\" height=\"540\" srcset=\"https:\/\/www.honlufoodtrailer.com\/wp-content\/uploads\/2024\/02\/5m-stainless-steel-food-trailer-for-sale-inner-view.jpg 720w, https:\/\/www.honlufoodtrailer.com\/wp-content\/uploads\/2024\/02\/5m-stainless-steel-food-trailer-for-sale-inner-view-480x360.jpg 480w, https:\/\/www.honlufoodtrailer.com\/wp-content\/uploads\/2024\/02\/5m-stainless-steel-food-trailer-for-sale-inner-view-300x225.jpg 300w\" sizes=\"(max-width: 720px) 100vw, 720px\" \/><img decoding=\"async\" class=\"aligncenter size-full wp-image-6915\" src=\"https:\/\/www.honlufoodtrailer.com\/wp-content\/uploads\/2024\/02\/5m-stainless-steel-food-trailer-details.jpg\" alt=\"Detalji prikolice za hranu od nehr\u0111aju\u0107eg \u010delika od 5 m\" width=\"800\" height=\"800\" srcset=\"https:\/\/www.honlufoodtrailer.com\/wp-content\/uploads\/2024\/02\/5m-stainless-steel-food-trailer-details.jpg 800w, https:\/\/www.honlufoodtrailer.com\/wp-content\/uploads\/2024\/02\/5m-stainless-steel-food-trailer-details-768x768.jpg 768w, https:\/\/www.honlufoodtrailer.com\/wp-content\/uploads\/2024\/02\/5m-stainless-steel-food-trailer-details-360x360.jpg 360w, https:\/\/www.honlufoodtrailer.com\/wp-content\/uploads\/2024\/02\/5m-stainless-steel-food-trailer-details-300x300.jpg 300w, https:\/\/www.honlufoodtrailer.com\/wp-content\/uploads\/2024\/02\/5m-stainless-steel-food-trailer-details-720x720.jpg 720w, https:\/\/www.honlufoodtrailer.com\/wp-content\/uploads\/2024\/02\/5m-stainless-steel-food-trailer-details-100x100.jpg 100w\" sizes=\"(max-width: 800px) 100vw, 800px\" \/><\/p>\n<p>Kao \u0161to mo\u017eemo vidjeti na gornjoj slici, ovu prikolicu za koncesije od nehr\u0111aju\u0107eg \u010delika od 16,4 stope opremili smo osnovnom kuhinjskom opremom. Uglavnom se radi o kuhinjskoj opremi kao \u0161to su sudoperi, radni stol, napa itd. Na\u0161 kupac \u0107e dodati i neke druge rezervne dijelove koji su mu potrebni.<\/p>\n<p>Prikolice za hranu mogu se nazivati i kolicima za hranu, kombijima za hranu, kamionima za hranu i tako dalje. Mogu se koristiti za prodaju brze hrane, grickalica, novina, knjiga i tako dalje. Sastoje se od \u0161asije, karoserije, poda, radnog stola, vodovodnog sustava i elektri\u010dnog sustava. Korisnici tako\u0111er mogu odabrati boju koju \u017eele. \u017deljeli bismo kupiti i druge vrste opreme ako kupci to \u017eele.<\/p>\n<p><img loading=\"lazy\" decoding=\"async\" class=\"aligncenter size-full wp-image-6908\" src=\"https:\/\/www.honlufoodtrailer.com\/wp-content\/uploads\/2024\/02\/5m-stainless-steel-food-trailer-back-view.jpg\" alt=\"Prikolica za hranu od nehr\u0111aju\u0107eg \u010delika od 5 m, stra\u017enji pogled\" width=\"720\" height=\"540\" srcset=\"https:\/\/www.honlufoodtrailer.com\/wp-content\/uploads\/2024\/02\/5m-stainless-steel-food-trailer-back-view.jpg 720w, https:\/\/www.honlufoodtrailer.com\/wp-content\/uploads\/2024\/02\/5m-stainless-steel-food-trailer-back-view-480x360.jpg 480w, https:\/\/www.honlufoodtrailer.com\/wp-content\/uploads\/2024\/02\/5m-stainless-steel-food-trailer-back-view-300x225.jpg 300w\" sizes=\"(max-width: 720px) 100vw, 720px\" \/><\/p>\n<h2><b class=\"magic-22\"><span class=\"magic-11\">Glavne zna\u010dajke prilago\u0111ene prikolice za hranu od nehr\u0111aju\u0107eg \u010delika za prodaju<\/span><\/b><\/h2>\n<div class=\"magic-2\">\n<div class=\"magic-3\">\n<div class=\"magic-4\">\n<p class=\"magic-5\" data-spm-anchor-id=\"a2700.details.0.i22.54e5117dtl16iL\"><span style=\"font-family: Tahoma;\">1<span class=\"magic-12\" data-spm-anchor-id=\"a2700.details.0.i21.54e5117dtl16iL\">. Jeftino i ekolo\u0161ki prihvatljivo, bez dima i buke, lako se premje\u0161ta bilo gdje<\/span><\/span><\/p>\n<p>2. Mo\u017ee se koristiti dugi niz godina i ne\u0107e nakupljati sme\u0107e, \u0161to je mnogo prikladno za moderni \u017eivot.<\/p>\n<p>3. Prakti\u010dan je i jednostavan za utovar i transport jer je dizajn jedinstven i individualan.<\/p>\n<p>4. Glavni materijal je nehr\u0111aju\u0107i \u010delik, a ravna plo\u010da (stol) ne\u0107e zahr\u0111ati.<\/p>\n<p>5. Otpornost na toplinu i visoka \u010dvrsto\u0107a, visoka postojanost boje, bez deformacija, vodootpornost i dugi vijek trajanja.<img loading=\"lazy\" decoding=\"async\" class=\"aligncenter size-full wp-image-6911\" src=\"https:\/\/www.honlufoodtrailer.com\/wp-content\/uploads\/2024\/02\/5m-stainless-steel-food-trailer-front-view.jpg\" alt=\"Prikolica za hranu od nehr\u0111aju\u0107eg \u010delika od 5 m, prednji pogled\" width=\"720\" height=\"540\" srcset=\"https:\/\/www.honlufoodtrailer.com\/wp-content\/uploads\/2024\/02\/5m-stainless-steel-food-trailer-front-view.jpg 720w, https:\/\/www.honlufoodtrailer.com\/wp-content\/uploads\/2024\/02\/5m-stainless-steel-food-trailer-front-view-480x360.jpg 480w, https:\/\/www.honlufoodtrailer.com\/wp-content\/uploads\/2024\/02\/5m-stainless-steel-food-trailer-front-view-300x225.jpg 300w\" sizes=\"(max-width: 720px) 100vw, 720px\" \/><\/p>\n<\/div>\n<\/div>\n<\/div>\n<h2><b class=\"magic-22\"><span class=\"magic-11\">Glavna prednost:<\/span><\/b><\/h2>\n<p><span class=\"magic-12\">1. Niska cijena i ekolo\u0161ki prihvatljivo;<br \/>\n2. Jednostavno premje\u0161tanje na bilo koje mjesto (va\u0161e poslovanje nije ograni\u010deno);<br \/>\n3. Jedinstveni oblik (nevidljiv kako bi privukao vi\u0161e kupaca);<br \/>\n4. Dugi vijek trajanja (otporan na koroziju, otporan na toplinu, vodootporan, bez deformacija).<\/span><\/p>","protected":false},"excerpt":{"rendered":"<p>Ovo je jedna od na\u0161ih kolica za hranu od nehr\u0111aju\u0107eg \u010delika od 5 m, izra\u0111enih po narud\u017ebi. Obi\u010dno je to preferirani model za pokretanje poslovanja s mobilnim prikolicama za catering. Naravno, mo\u017eemo proizvesti sli\u010dnu prikolicu za hranu od nehr\u0111aju\u0107eg \u010delika za prodaju poput ove ili je prilagoditi za vas. Molimo kontaktirajte nas i recite nam svoje detaljne zahtjeve. Slobodno nas kontaktirajte!<\/p>","protected":false},"featured_media":6911,"template":"","meta":{"_themeisle_gutenberg_block_has_review":false},"product_brand":[],"product_cat":[26],"product_tag":[96,33,60,61,38,32],"class_list":{"0":"post-6904","1":"product","2":"type-product","3":"status-publish","4":"has-post-thumbnail","6":"product_cat-product","7":"product_tag-16ft-food-trailer","8":"product_tag-customized-trailer","9":"product_tag-fast-food-trailer","10":"product_tag-fast-food-trailer-for-sale","11":"product_tag-mobile-food-trailer","12":"product_tag-stainless-steel-food-trailer","14":"first","15":"instock","16":"shipping-taxable","17":"product-type-simple"},"yoast_head":"<!-- This site is optimized with the Yoast SEO plugin v27.5 - https:\/\/yoast.com\/product\/yoast-seo-wordpress\/ -->\n<title>Factory Price Stainless Steel Food Trailer For Sale - Honlu Trailer<\/title>\n<meta name=\"description\" content=\"Looking for a mobile stainless steel food trailer? Get a similar or customized one at a reasonable price now! Click to see your options!\" \/>\n<meta name=\"robots\" content=\"index, follow, max-snippet:-1, max-image-preview:large, max-video-preview:-1\" \/>\n<link rel=\"canonical\" href=\"https:\/\/www.honlufoodtrailer.com\/hr\/product\/customized-5m-stainless-steel-food-trailer-for-sale\/\" \/>\n<meta property=\"og:locale\" content=\"hr_HR\" \/>\n<meta property=\"og:type\" content=\"article\" \/>\n<meta property=\"og:title\" content=\"Factory Price Stainless Steel Food Trailer For Sale - Honlu Trailer\" \/>\n<meta property=\"og:description\" content=\"Looking for a mobile stainless steel food trailer? Get a similar or customized one at a reasonable price now! Click to see your options!\" \/>\n<meta property=\"og:url\" content=\"https:\/\/www.honlufoodtrailer.com\/hr\/product\/customized-5m-stainless-steel-food-trailer-for-sale\/\" \/>\n<meta property=\"og:site_name\" content=\"Honlu food trailer\" \/>\n<meta property=\"article:modified_time\" content=\"2025-02-14T07:27:30+00:00\" \/>\n<meta property=\"og:image\" content=\"https:\/\/www.honlufoodtrailer.com\/wp-content\/uploads\/2024\/02\/5m-stainless-steel-food-trailer-front-view.jpg\" \/>\n\t<meta property=\"og:image:width\" content=\"720\" \/>\n\t<meta property=\"og:image:height\" content=\"540\" \/>\n\t<meta property=\"og:image:type\" content=\"image\/jpeg\" \/>\n<meta name=\"twitter:card\" content=\"summary_large_image\" \/>\n<meta name=\"twitter:label1\" content=\"Procijenjeno vrijeme \u010ditanja\" \/>\n\t<meta name=\"twitter:data1\" content=\"1 minuta\" \/>\n<script type=\"application\/ld+json\" class=\"yoast-schema-graph\">{\"@context\":\"https:\\\/\\\/schema.org\",\"@graph\":[{\"@type\":\"WebPage\",\"@id\":\"https:\\\/\\\/www.honlufoodtrailer.com\\\/product\\\/customized-5m-stainless-steel-food-trailer-for-sale\\\/\",\"url\":\"https:\\\/\\\/www.honlufoodtrailer.com\\\/product\\\/customized-5m-stainless-steel-food-trailer-for-sale\\\/\",\"name\":\"Factory Price Stainless Steel Food Trailer For Sale - Honlu Trailer\",\"isPartOf\":{\"@id\":\"https:\\\/\\\/www.honlufoodtrailer.com\\\/#website\"},\"primaryImageOfPage\":{\"@id\":\"https:\\\/\\\/www.honlufoodtrailer.com\\\/product\\\/customized-5m-stainless-steel-food-trailer-for-sale\\\/#primaryimage\"},\"image\":{\"@id\":\"https:\\\/\\\/www.honlufoodtrailer.com\\\/product\\\/customized-5m-stainless-steel-food-trailer-for-sale\\\/#primaryimage\"},\"thumbnailUrl\":\"https:\\\/\\\/www.honlufoodtrailer.com\\\/wp-content\\\/uploads\\\/2024\\\/02\\\/5m-stainless-steel-food-trailer-front-view.jpg\",\"datePublished\":\"2024-02-29T08:56:25+00:00\",\"dateModified\":\"2025-02-14T07:27:30+00:00\",\"description\":\"Looking for a mobile stainless steel food trailer? Get a similar or customized one at a reasonable price now! Click to see your options!\",\"breadcrumb\":{\"@id\":\"https:\\\/\\\/www.honlufoodtrailer.com\\\/product\\\/customized-5m-stainless-steel-food-trailer-for-sale\\\/#breadcrumb\"},\"inLanguage\":\"hr\",\"potentialAction\":[{\"@type\":\"ReadAction\",\"target\":[\"https:\\\/\\\/www.honlufoodtrailer.com\\\/product\\\/customized-5m-stainless-steel-food-trailer-for-sale\\\/\"]}]},{\"@type\":\"ImageObject\",\"inLanguage\":\"hr\",\"@id\":\"https:\\\/\\\/www.honlufoodtrailer.com\\\/product\\\/customized-5m-stainless-steel-food-trailer-for-sale\\\/#primaryimage\",\"url\":\"https:\\\/\\\/www.honlufoodtrailer.com\\\/wp-content\\\/uploads\\\/2024\\\/02\\\/5m-stainless-steel-food-trailer-front-view.jpg\",\"contentUrl\":\"https:\\\/\\\/www.honlufoodtrailer.com\\\/wp-content\\\/uploads\\\/2024\\\/02\\\/5m-stainless-steel-food-trailer-front-view.jpg\",\"width\":720,\"height\":540,\"caption\":\"5m stainless steel food trailer front view\"},{\"@type\":\"BreadcrumbList\",\"@id\":\"https:\\\/\\\/www.honlufoodtrailer.com\\\/product\\\/customized-5m-stainless-steel-food-trailer-for-sale\\\/#breadcrumb\",\"itemListElement\":[{\"@type\":\"ListItem\",\"position\":1,\"name\":\"Home\",\"item\":\"https:\\\/\\\/www.honlufoodtrailer.com\\\/\"},{\"@type\":\"ListItem\",\"position\":2,\"name\":\"\u4ea7\u54c1\",\"item\":\"https:\\\/\\\/www.honlufoodtrailer.com\\\/shop\\\/\"},{\"@type\":\"ListItem\",\"position\":3,\"name\":\"Customized 5m Stainless Steel Food Trailer for Sale\"}]},{\"@type\":\"WebSite\",\"@id\":\"https:\\\/\\\/www.honlufoodtrailer.com\\\/#website\",\"url\":\"https:\\\/\\\/www.honlufoodtrailer.com\\\/\",\"name\":\"Honlu food trailer\",\"description\":\"\",\"publisher\":{\"@id\":\"https:\\\/\\\/www.honlufoodtrailer.com\\\/#organization\"},\"potentialAction\":[{\"@type\":\"SearchAction\",\"target\":{\"@type\":\"EntryPoint\",\"urlTemplate\":\"https:\\\/\\\/www.honlufoodtrailer.com\\\/?s={search_term_string}\"},\"query-input\":{\"@type\":\"PropertyValueSpecification\",\"valueRequired\":true,\"valueName\":\"search_term_string\"}}],\"inLanguage\":\"hr\"},{\"@type\":\"Organization\",\"@id\":\"https:\\\/\\\/www.honlufoodtrailer.com\\\/#organization\",\"name\":\"Honlu food trailer\",\"url\":\"https:\\\/\\\/www.honlufoodtrailer.com\\\/\",\"logo\":{\"@type\":\"ImageObject\",\"inLanguage\":\"hr\",\"@id\":\"https:\\\/\\\/www.honlufoodtrailer.com\\\/#\\\/schema\\\/logo\\\/image\\\/\",\"url\":\"https:\\\/\\\/www.honlufoodtrailer.com\\\/wp-content\\\/uploads\\\/2021\\\/12\\\/2.gif\",\"contentUrl\":\"https:\\\/\\\/www.honlufoodtrailer.com\\\/wp-content\\\/uploads\\\/2021\\\/12\\\/2.gif\",\"width\":350,\"height\":100,\"caption\":\"Honlu food trailer\"},\"image\":{\"@id\":\"https:\\\/\\\/www.honlufoodtrailer.com\\\/#\\\/schema\\\/logo\\\/image\\\/\"}}]}<\/script>\n<!-- \/ Yoast SEO plugin. -->","yoast_head_json":{"title":"Prikolica za hranu od nehr\u0111aju\u0107eg \u010delika po tvorni\u010dkoj cijeni na prodaju - Honlu Trailer","description":"Tra\u017eite mobilnu prikolicu za hranu od nehr\u0111aju\u0107eg \u010delika? Nabavite sli\u010dnu ili prilago\u0111enu po razumnoj cijeni odmah! Kliknite za pregled opcija!","robots":{"index":"index","follow":"follow","max-snippet":"max-snippet:-1","max-image-preview":"max-image-preview:large","max-video-preview":"max-video-preview:-1"},"canonical":"https:\/\/www.honlufoodtrailer.com\/hr\/product\/customized-5m-stainless-steel-food-trailer-for-sale\/","og_locale":"hr_HR","og_type":"article","og_title":"Factory Price Stainless Steel Food Trailer For Sale - Honlu Trailer","og_description":"Looking for a mobile stainless steel food trailer? Get a similar or customized one at a reasonable price now! Click to see your options!","og_url":"https:\/\/www.honlufoodtrailer.com\/hr\/product\/customized-5m-stainless-steel-food-trailer-for-sale\/","og_site_name":"Honlu food trailer","article_modified_time":"2025-02-14T07:27:30+00:00","og_image":[{"width":720,"height":540,"url":"https:\/\/www.honlufoodtrailer.com\/wp-content\/uploads\/2024\/02\/5m-stainless-steel-food-trailer-front-view.jpg","type":"image\/jpeg"}],"twitter_card":"summary_large_image","twitter_misc":{"Procijenjeno vrijeme \u010ditanja":"1 minuta"},"schema":{"@context":"https:\/\/schema.org","@graph":[{"@type":"WebPage","@id":"https:\/\/www.honlufoodtrailer.com\/product\/customized-5m-stainless-steel-food-trailer-for-sale\/","url":"https:\/\/www.honlufoodtrailer.com\/product\/customized-5m-stainless-steel-food-trailer-for-sale\/","name":"Prikolica za hranu od nehr\u0111aju\u0107eg \u010delika po tvorni\u010dkoj cijeni na prodaju - Honlu Trailer","isPartOf":{"@id":"https:\/\/www.honlufoodtrailer.com\/#website"},"primaryImageOfPage":{"@id":"https:\/\/www.honlufoodtrailer.com\/product\/customized-5m-stainless-steel-food-trailer-for-sale\/#primaryimage"},"image":{"@id":"https:\/\/www.honlufoodtrailer.com\/product\/customized-5m-stainless-steel-food-trailer-for-sale\/#primaryimage"},"thumbnailUrl":"https:\/\/www.honlufoodtrailer.com\/wp-content\/uploads\/2024\/02\/5m-stainless-steel-food-trailer-front-view.jpg","datePublished":"2024-02-29T08:56:25+00:00","dateModified":"2025-02-14T07:27:30+00:00","description":"Tra\u017eite mobilnu prikolicu za hranu od nehr\u0111aju\u0107eg \u010delika? Nabavite sli\u010dnu ili prilago\u0111enu po razumnoj cijeni odmah! Kliknite za pregled opcija!","breadcrumb":{"@id":"https:\/\/www.honlufoodtrailer.com\/product\/customized-5m-stainless-steel-food-trailer-for-sale\/#breadcrumb"},"inLanguage":"hr","potentialAction":[{"@type":"ReadAction","target":["https:\/\/www.honlufoodtrailer.com\/product\/customized-5m-stainless-steel-food-trailer-for-sale\/"]}]},{"@type":"ImageObject","inLanguage":"hr","@id":"https:\/\/www.honlufoodtrailer.com\/product\/customized-5m-stainless-steel-food-trailer-for-sale\/#primaryimage","url":"https:\/\/www.honlufoodtrailer.com\/wp-content\/uploads\/2024\/02\/5m-stainless-steel-food-trailer-front-view.jpg","contentUrl":"https:\/\/www.honlufoodtrailer.com\/wp-content\/uploads\/2024\/02\/5m-stainless-steel-food-trailer-front-view.jpg","width":720,"height":540,"caption":"5m stainless steel food trailer front view"},{"@type":"BreadcrumbList","@id":"https:\/\/www.honlufoodtrailer.com\/product\/customized-5m-stainless-steel-food-trailer-for-sale\/#breadcrumb","itemListElement":[{"@type":"ListItem","position":1,"name":"Home","item":"https:\/\/www.honlufoodtrailer.com\/"},{"@type":"ListItem","position":2,"name":"\u4ea7\u54c1","item":"https:\/\/www.honlufoodtrailer.com\/shop\/"},{"@type":"ListItem","position":3,"name":"Customized 5m Stainless Steel Food Trailer for Sale"}]},{"@type":"WebSite","@id":"https:\/\/www.honlufoodtrailer.com\/#website","url":"https:\/\/www.honlufoodtrailer.com\/","name":"Prikolica za hranu Honlu","description":"","publisher":{"@id":"https:\/\/www.honlufoodtrailer.com\/#organization"},"potentialAction":[{"@type":"SearchAction","target":{"@type":"EntryPoint","urlTemplate":"https:\/\/www.honlufoodtrailer.com\/?s={search_term_string}"},"query-input":{"@type":"PropertyValueSpecification","valueRequired":true,"valueName":"search_term_string"}}],"inLanguage":"hr"},{"@type":"Organization","@id":"https:\/\/www.honlufoodtrailer.com\/#organization","name":"Prikolica za hranu Honlu","url":"https:\/\/www.honlufoodtrailer.com\/","logo":{"@type":"ImageObject","inLanguage":"hr","@id":"https:\/\/www.honlufoodtrailer.com\/#\/schema\/logo\/image\/","url":"https:\/\/www.honlufoodtrailer.com\/wp-content\/uploads\/2021\/12\/2.gif","contentUrl":"https:\/\/www.honlufoodtrailer.com\/wp-content\/uploads\/2021\/12\/2.gif","width":350,"height":100,"caption":"Honlu food trailer"},"image":{"@id":"https:\/\/www.honlufoodtrailer.com\/#\/schema\/logo\/image\/"}}]}},"_links":{"self":[{"href":"https:\/\/www.honlufoodtrailer.com\/hr\/wp-json\/wp\/v2\/product\/6904","targetHints":{"allow":["GET"]}}],"collection":[{"href":"https:\/\/www.honlufoodtrailer.com\/hr\/wp-json\/wp\/v2\/product"}],"about":[{"href":"https:\/\/www.honlufoodtrailer.com\/hr\/wp-json\/wp\/v2\/types\/product"}],"version-history":[{"count":0,"href":"https:\/\/www.honlufoodtrailer.com\/hr\/wp-json\/wp\/v2\/product\/6904\/revisions"}],"wp:featuredmedia":[{"embeddable":true,"href":"https:\/\/www.honlufoodtrailer.com\/hr\/wp-json\/wp\/v2\/media\/6911"}],"wp:attachment":[{"href":"https:\/\/www.honlufoodtrailer.com\/hr\/wp-json\/wp\/v2\/media?parent=6904"}],"wp:term":[{"taxonomy":"product_brand","embeddable":true,"href":"https:\/\/www.honlufoodtrailer.com\/hr\/wp-json\/wp\/v2\/product_brand?post=6904"},{"taxonomy":"product_cat","embeddable":true,"href":"https:\/\/www.honlufoodtrailer.com\/hr\/wp-json\/wp\/v2\/product_cat?post=6904"},{"taxonomy":"product_tag","embeddable":true,"href":"https:\/\/www.honlufoodtrailer.com\/hr\/wp-json\/wp\/v2\/product_tag?post=6904"}],"curies":[{"name":"wp","href":"https:\/\/api.w.org\/{rel}","templated":true}]}}