{"id":7283,"date":"2024-03-28T16:54:18","date_gmt":"2024-03-28T08:54:18","guid":{"rendered":"https:\/\/www.honlufoodtrailer.com\/?post_type=product&#038;p=7283"},"modified":"2025-02-14T15:20:52","modified_gmt":"2025-02-14T07:20:52","slug":"10ft-food-trailer-for-sale","status":"publish","type":"product","link":"https:\/\/www.honlufoodtrailer.com\/hr\/product\/10ft-food-trailer-for-sale\/","title":{"rendered":"Prikolica za hranu od 10 stopa na prodaju"},"content":{"rendered":"<p>\u017delite li pokrenuti posao s hranom, ali ne \u017eelite ulagati u fizi\u010dki restoran? Jeste li razmi\u0161ljali o prikolici za hranu? Ova moderna i isplativa opcija postala je sve popularnija u prehrambenoj industriji. A kada su u pitanju prikolice za hranu, veli\u010dina od 3 metra savr\u0161ena je za poduzetnike koji \u017eele krenuti na put sa svojim ukusnim kreacijama.<\/p>\n<p><img fetchpriority=\"high\" decoding=\"async\" class=\"aligncenter size-full wp-image-7286\" src=\"https:\/\/www.honlufoodtrailer.com\/wp-content\/uploads\/2024\/03\/10ft-food-trailer-front-view.jpg\" alt=\"Prednji pogled na prikolicu za hranu od 10 stopa\" width=\"720\" height=\"540\" srcset=\"https:\/\/www.honlufoodtrailer.com\/wp-content\/uploads\/2024\/03\/10ft-food-trailer-front-view.jpg 720w, https:\/\/www.honlufoodtrailer.com\/wp-content\/uploads\/2024\/03\/10ft-food-trailer-front-view-480x360.jpg 480w, https:\/\/www.honlufoodtrailer.com\/wp-content\/uploads\/2024\/03\/10ft-food-trailer-front-view-300x225.jpg 300w\" sizes=\"(max-width: 720px) 100vw, 720px\" \/><br \/>\nPrikolica za hranu od 3 metra ispunjava sve bitne zahtjeve za va\u0161 prehrambeni posao. Od rashladne i kuhinjske opreme do prostora na pultu, ima sve \u0161to vam je potrebno za pripremu i poslu\u017eivanje jela. Njena kompaktna veli\u010dina tako\u0111er olak\u0161ava odr\u017eavanje organizacije, osiguravaju\u0107i nesmetan tijek rada na putu.<\/p>\n<p><img decoding=\"async\" class=\"aligncenter size-full wp-image-7287\" src=\"https:\/\/www.honlufoodtrailer.com\/wp-content\/uploads\/2024\/03\/10ft-food-trailer-inner-view.jpg\" alt=\"Pogled iznutra na prikolicu za hranu od 10 stopa\" width=\"720\" height=\"540\" srcset=\"https:\/\/www.honlufoodtrailer.com\/wp-content\/uploads\/2024\/03\/10ft-food-trailer-inner-view.jpg 720w, https:\/\/www.honlufoodtrailer.com\/wp-content\/uploads\/2024\/03\/10ft-food-trailer-inner-view-480x360.jpg 480w, https:\/\/www.honlufoodtrailer.com\/wp-content\/uploads\/2024\/03\/10ft-food-trailer-inner-view-300x225.jpg 300w\" sizes=\"(max-width: 720px) 100vw, 720px\" \/><\/p>\n<h2>Prednosti odabira prikolice za hranu od 10 stopa<\/h2>\n<h3>Prije svega, razgovarajmo o veli\u010dini<\/h3>\n<p>Prikolica za hranu od 3 metra je kompaktna, ali prostrana, \u0161to olak\u0161ava manevriranje cestom, a istovremeno pru\u017ea dovoljno prostora za va\u0161u opremu za kuhanje i pohranu. Tako\u0111er je popularan izbor za doga\u0111aje i festivale jer zauzima manje prostora u usporedbi s ve\u0107im prikolicama, \u0161to vam daje prednost kada je u pitanju pronala\u017eenje mjesta za postavljanje.<\/p>\n<h3>Jedna od najve\u0107ih prednosti prikolice za hranu od 10 stopa je njezina pristupa\u010dnost.<\/h3>\n<p>To je isplativa alternativa tradicionalnom restoranu. To omogu\u0107uje ambicioznim poduzetnicima u prehrambenoj industriji da u\u0111u u industriju s manjim ulaganjem i ve\u0107om fleksibilno\u0161\u0107u. Tako\u0111er imate mogu\u0107nost prilagoditi svoju prikolicu svom prora\u010dunu i specifi\u010dnim potrebama.<\/p>\n<p><img decoding=\"async\" class=\"aligncenter size-full wp-image-7289\" src=\"https:\/\/www.honlufoodtrailer.com\/wp-content\/uploads\/2024\/03\/10ft-food-trailer-side-view.jpg\" alt=\"Bo\u010dni pogled na prikolicu za hranu od 10 stopa\" width=\"720\" height=\"540\" srcset=\"https:\/\/www.honlufoodtrailer.com\/wp-content\/uploads\/2024\/03\/10ft-food-trailer-side-view.jpg 720w, https:\/\/www.honlufoodtrailer.com\/wp-content\/uploads\/2024\/03\/10ft-food-trailer-side-view-480x360.jpg 480w, https:\/\/www.honlufoodtrailer.com\/wp-content\/uploads\/2024\/03\/10ft-food-trailer-side-view-300x225.jpg 300w\" sizes=\"(max-width: 720px) 100vw, 720px\" \/><\/p>\n<h3>Prijelaz s jedne lokacije na drugu je jednostavan s prikolicom za hranu od 3 metra.<\/h3>\n<p>Mo\u017ee ga lako vu\u0107i vozilo standardne veli\u010dine, \u0161to ga \u010dini dostupnim za uli\u010dnu prodaju hrane, doga\u0111aje i usluge cateringa. Tako\u0111er mo\u017eete iskoristiti mobilnost i istra\u017eiti razli\u010dite lokacije kako biste dosegli \u0161iru bazu kupaca.<\/p>\n<p>\u0160tovi\u0161e, s prikolicom za hranu od 3 metra imate fleksibilnost mijenjanja jelovnika i ponude raznih jela ovisno o lokaciji i sezoni. To ne samo da zadr\u017eava interes va\u0161ih kupaca, ve\u0107 vam omogu\u0107uje i da udovoljite razli\u010ditim prehrambenim ograni\u010denjima i preferencijama.<\/p>\n<h3>Jo\u0161 jedna prednost prikolice za hranu od 10 stopa su niski re\u017eijski tro\u0161kovi.<\/h3>\n<p>U usporedbi s tradicionalnim restoranom, ne\u0107ete se morati brinuti o pla\u0107anju najamnine, re\u017eija i ostalih fiksnih tro\u0161kova. To vam daje ve\u0107u kontrolu nad profitom i omogu\u0107uje vam da se usredoto\u010dite na rast poslovanja.<\/p>\n<p><img loading=\"lazy\" decoding=\"async\" class=\"aligncenter size-full wp-image-7284\" src=\"https:\/\/www.honlufoodtrailer.com\/wp-content\/uploads\/2024\/03\/10ft-food-trailer-back-view.jpg\" alt=\"Stra\u017enji pogled na prikolicu za hranu od 10 stopa\" width=\"720\" height=\"540\" srcset=\"https:\/\/www.honlufoodtrailer.com\/wp-content\/uploads\/2024\/03\/10ft-food-trailer-back-view.jpg 720w, https:\/\/www.honlufoodtrailer.com\/wp-content\/uploads\/2024\/03\/10ft-food-trailer-back-view-480x360.jpg 480w, https:\/\/www.honlufoodtrailer.com\/wp-content\/uploads\/2024\/03\/10ft-food-trailer-back-view-300x225.jpg 300w\" sizes=\"(max-width: 720px) 100vw, 720px\" \/><\/p>\n<h3>Kada je u pitanju odr\u017eavanje, prikolica za hranu od 10 stopa zahtijeva minimalno odr\u017eavanje.<\/h3>\n<p>Uz redovito \u010di\u0161\u0107enje i pravilno odr\u017eavanje opreme, mo\u017ee trajati godinama, \u0161to je \u010dini vrijednom investicijom za va\u0161e prehrambeno poslovanje.<\/p>\n<p>Kona\u010dno, prikolica za hranu od 3 metra je ekolo\u0161ki prihvatljiva. Budu\u0107i da ne zahtijeva stalnu lokaciju, ne\u0107ete doprinositi potro\u0161nji zemlji\u0161ta i energije. Tako\u0111er se mo\u017eete odlu\u010diti za ekolo\u0161ki prihvatljive materijale i ure\u0111aje kako biste smanjili svoj uglji\u010dni otisak.<\/p>\n<p>Zaklju\u010dno, prikolica za hranu od 3 metra kompaktna je, pristupa\u010dna i svestrana opcija za poduzetnike koji \u017eele u\u0107i u prehrambenu industriju. Njena mobilnost, prakti\u010dnost i niski re\u017eijski tro\u0161kovi \u010dine je popularnim izborom za prehrambene tvrtke svih vrsta. Pa za\u0161to \u010dekati? Investirajte u prikolicu za hranu od 3 metra i ponesite svoje ukusne kreacije na cestu.<\/p>\n<p>&nbsp;<\/p>\n<h2>Vi\u0161e detalja o na\u0161oj prikolici za hranu od 10 stopa<\/h2>\n<p>Prema zahtjevu na\u0161eg kupca, ovu prikolicu za koncesijsku hranu od 3 metra ve\u0107 smo opremili osnovnom opremom kao \u0161to su napa, sudoper, plinski \u0161tednjak i radni stol.<\/p>\n<p><img loading=\"lazy\" decoding=\"async\" class=\"aligncenter size-full wp-image-7292\" src=\"https:\/\/www.honlufoodtrailer.com\/wp-content\/uploads\/2024\/03\/10ft-food-trailer-details.jpg\" alt=\"Detalji prikolice za hranu od 10 stopa\" width=\"800\" height=\"800\" srcset=\"https:\/\/www.honlufoodtrailer.com\/wp-content\/uploads\/2024\/03\/10ft-food-trailer-details.jpg 800w, https:\/\/www.honlufoodtrailer.com\/wp-content\/uploads\/2024\/03\/10ft-food-trailer-details-768x768.jpg 768w, https:\/\/www.honlufoodtrailer.com\/wp-content\/uploads\/2024\/03\/10ft-food-trailer-details-360x360.jpg 360w, https:\/\/www.honlufoodtrailer.com\/wp-content\/uploads\/2024\/03\/10ft-food-trailer-details-300x300.jpg 300w, https:\/\/www.honlufoodtrailer.com\/wp-content\/uploads\/2024\/03\/10ft-food-trailer-details-720x720.jpg 720w, https:\/\/www.honlufoodtrailer.com\/wp-content\/uploads\/2024\/03\/10ft-food-trailer-details-100x100.jpg 100w\" sizes=\"(max-width: 800px) 100vw, 800px\" \/><\/p>\n<p>Prikolice za hranu mogu se nazivati i kolicima za hranu, kombijima za hranu, kamionima za hranu i tako dalje. Mogu se koristiti za prodaju brze hrane, grickalica, novina, knjiga i tako dalje. Sastoje se od \u0161asije, karoserije, poda, radnog stola, vodovodnog sustava i elektri\u010dnog sustava. Korisnici tako\u0111er mogu odabrati boju koju \u017eele. \u017deljeli bismo kupiti i druge vrste opreme ako kupci to \u017eele.<\/p>\n<h2><b class=\"magic-22\"><span class=\"magic-11\">Glavne zna\u010dajke prilago\u0111ene prikolice za hranu od 10 stopa<\/span><\/b><\/h2>\n<div class=\"magic-2\">\n<div class=\"magic-3\">\n<div class=\"magic-4\">\n<p class=\"magic-5\" data-spm-anchor-id=\"a2700.details.0.i22.54e5117dtl16iL\"><span style=\"font-family: Tahoma;\">1<span class=\"magic-12\" data-spm-anchor-id=\"a2700.details.0.i21.54e5117dtl16iL\">. Jeftino i ekolo\u0161ki prihvatljivo, bez dima i buke, lako se premje\u0161ta bilo gdje<\/span><\/span><\/p>\n<p>2. Mo\u017ee se koristiti dugi niz godina i ne\u0107e nakupljati sme\u0107e, \u0161to je mnogo prikladno za moderni \u017eivot.<\/p>\n<p>3. Prakti\u010dan je i jednostavan za utovar i transport jer je dizajn jedinstven i individualan.<\/p>\n<p>4. Glavni materijal je nehr\u0111aju\u0107i \u010delik, a ravna plo\u010da (stol) ne\u0107e zahr\u0111ati.<\/p>\n<p>5. Otpornost na toplinu i visoka \u010dvrsto\u0107a, visoka postojanost boje, bez deformacija, vodootpornost i dugi vijek trajanja.<\/p>\n<p><img loading=\"lazy\" decoding=\"async\" class=\"aligncenter size-full wp-image-7285\" src=\"https:\/\/www.honlufoodtrailer.com\/wp-content\/uploads\/2024\/03\/10ft-food-trailer-for-sale.jpg\" alt=\"Prodajem prikolicu za hranu od 10 stopa\" width=\"720\" height=\"540\" srcset=\"https:\/\/www.honlufoodtrailer.com\/wp-content\/uploads\/2024\/03\/10ft-food-trailer-for-sale.jpg 720w, https:\/\/www.honlufoodtrailer.com\/wp-content\/uploads\/2024\/03\/10ft-food-trailer-for-sale-480x360.jpg 480w, https:\/\/www.honlufoodtrailer.com\/wp-content\/uploads\/2024\/03\/10ft-food-trailer-for-sale-300x225.jpg 300w\" sizes=\"(max-width: 720px) 100vw, 720px\" \/><\/p>\n<\/div>\n<\/div>\n<\/div>\n<h2><b class=\"magic-22\"><span class=\"magic-11\">Glavna prednost:<\/span><\/b><\/h2>\n<p><span class=\"magic-12\">1. Niska cijena i ekolo\u0161ki prihvatljivo;<br \/>\n2. Jednostavno premje\u0161tanje na bilo koje mjesto (va\u0161e poslovanje nije ograni\u010deno);<br \/>\n3. Jedinstveni oblik (nevidljiv kako bi privukao vi\u0161e kupaca);<br \/>\n4. Dugi vijek trajanja (otporan na koroziju, otporan na toplinu, vodootporan, bez deformacija).<\/span><\/p>","protected":false},"excerpt":{"rendered":"<p>Ovo je jedna od na\u0161ih prikolica za hranu od 10 stopa (3 metra) izra\u0111enih po narud\u017ebi. Obi\u010dno je to preferirani model za pokretanje malog posla s prikolicama za hranu. Naravno, mo\u017eemo proizvesti sli\u010dnu prikolicu za hranu od 10 stopa (3 metra) poput ove ili je prilagoditi za vas. Molimo kontaktirajte nas i recite nam svoje detaljne zahtjeve. Slobodno nas kontaktirajte!<\/p>","protected":false},"featured_media":7286,"template":"","meta":{"_themeisle_gutenberg_block_has_review":false},"product_brand":[],"product_cat":[26],"product_tag":[117,33,60,61,38],"class_list":{"0":"post-7283","1":"product","2":"type-product","3":"status-publish","4":"has-post-thumbnail","6":"product_cat-product","7":"product_tag-10ft-food-trailer","8":"product_tag-customized-trailer","9":"product_tag-fast-food-trailer","10":"product_tag-fast-food-trailer-for-sale","11":"product_tag-mobile-food-trailer","13":"first","14":"instock","15":"shipping-taxable","16":"product-type-simple"},"yoast_head":"<!-- This site is optimized with the Yoast SEO plugin v27.5 - https:\/\/yoast.com\/product\/yoast-seo-wordpress\/ -->\n<title>10ft Food Trailer For Sale from China - Honlu Food Trailer<\/title>\n<meta name=\"description\" content=\"Looking for a 10ft food trailer for sale? see this one here! Get a similar or customized 10ft concession trailer at a reasonable price now!\" \/>\n<meta name=\"robots\" content=\"index, follow, max-snippet:-1, max-image-preview:large, max-video-preview:-1\" \/>\n<link rel=\"canonical\" href=\"https:\/\/www.honlufoodtrailer.com\/hr\/product\/10ft-food-trailer-for-sale\/\" \/>\n<meta property=\"og:locale\" content=\"hr_HR\" \/>\n<meta property=\"og:type\" content=\"article\" \/>\n<meta property=\"og:title\" content=\"10ft Food Trailer For Sale from China - Honlu Food Trailer\" \/>\n<meta property=\"og:description\" content=\"Looking for a 10ft food trailer for sale? see this one here! Get a similar or customized 10ft concession trailer at a reasonable price now!\" \/>\n<meta property=\"og:url\" content=\"https:\/\/www.honlufoodtrailer.com\/hr\/product\/10ft-food-trailer-for-sale\/\" \/>\n<meta property=\"og:site_name\" content=\"Honlu food trailer\" \/>\n<meta property=\"article:modified_time\" content=\"2025-02-14T07:20:52+00:00\" \/>\n<meta property=\"og:image\" content=\"https:\/\/www.honlufoodtrailer.com\/wp-content\/uploads\/2024\/03\/10ft-food-trailer-front-view.jpg\" \/>\n\t<meta property=\"og:image:width\" content=\"720\" \/>\n\t<meta property=\"og:image:height\" content=\"540\" \/>\n\t<meta property=\"og:image:type\" content=\"image\/jpeg\" \/>\n<meta name=\"twitter:card\" content=\"summary_large_image\" \/>\n<meta name=\"twitter:label1\" content=\"Procijenjeno vrijeme \u010ditanja\" \/>\n\t<meta name=\"twitter:data1\" content=\"1 minuta\" \/>\n<script type=\"application\/ld+json\" class=\"yoast-schema-graph\">{\"@context\":\"https:\\\/\\\/schema.org\",\"@graph\":[{\"@type\":\"WebPage\",\"@id\":\"https:\\\/\\\/www.honlufoodtrailer.com\\\/product\\\/10ft-food-trailer-for-sale\\\/\",\"url\":\"https:\\\/\\\/www.honlufoodtrailer.com\\\/product\\\/10ft-food-trailer-for-sale\\\/\",\"name\":\"10ft Food Trailer For Sale from China - Honlu Food Trailer\",\"isPartOf\":{\"@id\":\"https:\\\/\\\/www.honlufoodtrailer.com\\\/#website\"},\"primaryImageOfPage\":{\"@id\":\"https:\\\/\\\/www.honlufoodtrailer.com\\\/product\\\/10ft-food-trailer-for-sale\\\/#primaryimage\"},\"image\":{\"@id\":\"https:\\\/\\\/www.honlufoodtrailer.com\\\/product\\\/10ft-food-trailer-for-sale\\\/#primaryimage\"},\"thumbnailUrl\":\"https:\\\/\\\/www.honlufoodtrailer.com\\\/wp-content\\\/uploads\\\/2024\\\/03\\\/10ft-food-trailer-front-view.jpg\",\"datePublished\":\"2024-03-28T08:54:18+00:00\",\"dateModified\":\"2025-02-14T07:20:52+00:00\",\"description\":\"Looking for a 10ft food trailer for sale? see this one here! Get a similar or customized 10ft concession trailer at a reasonable price now!\",\"breadcrumb\":{\"@id\":\"https:\\\/\\\/www.honlufoodtrailer.com\\\/product\\\/10ft-food-trailer-for-sale\\\/#breadcrumb\"},\"inLanguage\":\"hr\",\"potentialAction\":[{\"@type\":\"ReadAction\",\"target\":[\"https:\\\/\\\/www.honlufoodtrailer.com\\\/product\\\/10ft-food-trailer-for-sale\\\/\"]}]},{\"@type\":\"ImageObject\",\"inLanguage\":\"hr\",\"@id\":\"https:\\\/\\\/www.honlufoodtrailer.com\\\/product\\\/10ft-food-trailer-for-sale\\\/#primaryimage\",\"url\":\"https:\\\/\\\/www.honlufoodtrailer.com\\\/wp-content\\\/uploads\\\/2024\\\/03\\\/10ft-food-trailer-front-view.jpg\",\"contentUrl\":\"https:\\\/\\\/www.honlufoodtrailer.com\\\/wp-content\\\/uploads\\\/2024\\\/03\\\/10ft-food-trailer-front-view.jpg\",\"width\":720,\"height\":540,\"caption\":\"10ft food trailer front view\"},{\"@type\":\"BreadcrumbList\",\"@id\":\"https:\\\/\\\/www.honlufoodtrailer.com\\\/product\\\/10ft-food-trailer-for-sale\\\/#breadcrumb\",\"itemListElement\":[{\"@type\":\"ListItem\",\"position\":1,\"name\":\"Home\",\"item\":\"https:\\\/\\\/www.honlufoodtrailer.com\\\/\"},{\"@type\":\"ListItem\",\"position\":2,\"name\":\"\u4ea7\u54c1\",\"item\":\"https:\\\/\\\/www.honlufoodtrailer.com\\\/shop\\\/\"},{\"@type\":\"ListItem\",\"position\":3,\"name\":\"10ft Food Trailer For Sale\"}]},{\"@type\":\"WebSite\",\"@id\":\"https:\\\/\\\/www.honlufoodtrailer.com\\\/#website\",\"url\":\"https:\\\/\\\/www.honlufoodtrailer.com\\\/\",\"name\":\"Honlu food trailer\",\"description\":\"\",\"publisher\":{\"@id\":\"https:\\\/\\\/www.honlufoodtrailer.com\\\/#organization\"},\"potentialAction\":[{\"@type\":\"SearchAction\",\"target\":{\"@type\":\"EntryPoint\",\"urlTemplate\":\"https:\\\/\\\/www.honlufoodtrailer.com\\\/?s={search_term_string}\"},\"query-input\":{\"@type\":\"PropertyValueSpecification\",\"valueRequired\":true,\"valueName\":\"search_term_string\"}}],\"inLanguage\":\"hr\"},{\"@type\":\"Organization\",\"@id\":\"https:\\\/\\\/www.honlufoodtrailer.com\\\/#organization\",\"name\":\"Honlu food trailer\",\"url\":\"https:\\\/\\\/www.honlufoodtrailer.com\\\/\",\"logo\":{\"@type\":\"ImageObject\",\"inLanguage\":\"hr\",\"@id\":\"https:\\\/\\\/www.honlufoodtrailer.com\\\/#\\\/schema\\\/logo\\\/image\\\/\",\"url\":\"https:\\\/\\\/www.honlufoodtrailer.com\\\/wp-content\\\/uploads\\\/2021\\\/12\\\/2.gif\",\"contentUrl\":\"https:\\\/\\\/www.honlufoodtrailer.com\\\/wp-content\\\/uploads\\\/2021\\\/12\\\/2.gif\",\"width\":350,\"height\":100,\"caption\":\"Honlu food trailer\"},\"image\":{\"@id\":\"https:\\\/\\\/www.honlufoodtrailer.com\\\/#\\\/schema\\\/logo\\\/image\\\/\"}}]}<\/script>\n<!-- \/ Yoast SEO plugin. -->","yoast_head_json":{"title":"Prikolica za hranu od 10 stopa na prodaju iz Kine - Honlu Prikolica za hranu","description":"Tra\u017eite prikolicu za hranu od 10 stopa na prodaju? Pogledajte ovu ovdje! Nabavite sli\u010dnu ili prilago\u0111enu prikolicu za koncesije od 10 stopa po razumnoj cijeni odmah!","robots":{"index":"index","follow":"follow","max-snippet":"max-snippet:-1","max-image-preview":"max-image-preview:large","max-video-preview":"max-video-preview:-1"},"canonical":"https:\/\/www.honlufoodtrailer.com\/hr\/product\/10ft-food-trailer-for-sale\/","og_locale":"hr_HR","og_type":"article","og_title":"10ft Food Trailer For Sale from China - Honlu Food Trailer","og_description":"Looking for a 10ft food trailer for sale? see this one here! Get a similar or customized 10ft concession trailer at a reasonable price now!","og_url":"https:\/\/www.honlufoodtrailer.com\/hr\/product\/10ft-food-trailer-for-sale\/","og_site_name":"Honlu food trailer","article_modified_time":"2025-02-14T07:20:52+00:00","og_image":[{"width":720,"height":540,"url":"https:\/\/www.honlufoodtrailer.com\/wp-content\/uploads\/2024\/03\/10ft-food-trailer-front-view.jpg","type":"image\/jpeg"}],"twitter_card":"summary_large_image","twitter_misc":{"Procijenjeno vrijeme \u010ditanja":"1 minuta"},"schema":{"@context":"https:\/\/schema.org","@graph":[{"@type":"WebPage","@id":"https:\/\/www.honlufoodtrailer.com\/product\/10ft-food-trailer-for-sale\/","url":"https:\/\/www.honlufoodtrailer.com\/product\/10ft-food-trailer-for-sale\/","name":"Prikolica za hranu od 10 stopa na prodaju iz Kine - Honlu Prikolica za hranu","isPartOf":{"@id":"https:\/\/www.honlufoodtrailer.com\/#website"},"primaryImageOfPage":{"@id":"https:\/\/www.honlufoodtrailer.com\/product\/10ft-food-trailer-for-sale\/#primaryimage"},"image":{"@id":"https:\/\/www.honlufoodtrailer.com\/product\/10ft-food-trailer-for-sale\/#primaryimage"},"thumbnailUrl":"https:\/\/www.honlufoodtrailer.com\/wp-content\/uploads\/2024\/03\/10ft-food-trailer-front-view.jpg","datePublished":"2024-03-28T08:54:18+00:00","dateModified":"2025-02-14T07:20:52+00:00","description":"Tra\u017eite prikolicu za hranu od 10 stopa na prodaju? Pogledajte ovu ovdje! Nabavite sli\u010dnu ili prilago\u0111enu prikolicu za koncesije od 10 stopa po razumnoj cijeni odmah!","breadcrumb":{"@id":"https:\/\/www.honlufoodtrailer.com\/product\/10ft-food-trailer-for-sale\/#breadcrumb"},"inLanguage":"hr","potentialAction":[{"@type":"ReadAction","target":["https:\/\/www.honlufoodtrailer.com\/product\/10ft-food-trailer-for-sale\/"]}]},{"@type":"ImageObject","inLanguage":"hr","@id":"https:\/\/www.honlufoodtrailer.com\/product\/10ft-food-trailer-for-sale\/#primaryimage","url":"https:\/\/www.honlufoodtrailer.com\/wp-content\/uploads\/2024\/03\/10ft-food-trailer-front-view.jpg","contentUrl":"https:\/\/www.honlufoodtrailer.com\/wp-content\/uploads\/2024\/03\/10ft-food-trailer-front-view.jpg","width":720,"height":540,"caption":"10ft food trailer front view"},{"@type":"BreadcrumbList","@id":"https:\/\/www.honlufoodtrailer.com\/product\/10ft-food-trailer-for-sale\/#breadcrumb","itemListElement":[{"@type":"ListItem","position":1,"name":"Home","item":"https:\/\/www.honlufoodtrailer.com\/"},{"@type":"ListItem","position":2,"name":"\u4ea7\u54c1","item":"https:\/\/www.honlufoodtrailer.com\/shop\/"},{"@type":"ListItem","position":3,"name":"10ft Food Trailer For Sale"}]},{"@type":"WebSite","@id":"https:\/\/www.honlufoodtrailer.com\/#website","url":"https:\/\/www.honlufoodtrailer.com\/","name":"Prikolica za hranu Honlu","description":"","publisher":{"@id":"https:\/\/www.honlufoodtrailer.com\/#organization"},"potentialAction":[{"@type":"SearchAction","target":{"@type":"EntryPoint","urlTemplate":"https:\/\/www.honlufoodtrailer.com\/?s={search_term_string}"},"query-input":{"@type":"PropertyValueSpecification","valueRequired":true,"valueName":"search_term_string"}}],"inLanguage":"hr"},{"@type":"Organization","@id":"https:\/\/www.honlufoodtrailer.com\/#organization","name":"Prikolica za hranu Honlu","url":"https:\/\/www.honlufoodtrailer.com\/","logo":{"@type":"ImageObject","inLanguage":"hr","@id":"https:\/\/www.honlufoodtrailer.com\/#\/schema\/logo\/image\/","url":"https:\/\/www.honlufoodtrailer.com\/wp-content\/uploads\/2021\/12\/2.gif","contentUrl":"https:\/\/www.honlufoodtrailer.com\/wp-content\/uploads\/2021\/12\/2.gif","width":350,"height":100,"caption":"Honlu food trailer"},"image":{"@id":"https:\/\/www.honlufoodtrailer.com\/#\/schema\/logo\/image\/"}}]}},"_links":{"self":[{"href":"https:\/\/www.honlufoodtrailer.com\/hr\/wp-json\/wp\/v2\/product\/7283","targetHints":{"allow":["GET"]}}],"collection":[{"href":"https:\/\/www.honlufoodtrailer.com\/hr\/wp-json\/wp\/v2\/product"}],"about":[{"href":"https:\/\/www.honlufoodtrailer.com\/hr\/wp-json\/wp\/v2\/types\/product"}],"version-history":[{"count":0,"href":"https:\/\/www.honlufoodtrailer.com\/hr\/wp-json\/wp\/v2\/product\/7283\/revisions"}],"wp:featuredmedia":[{"embeddable":true,"href":"https:\/\/www.honlufoodtrailer.com\/hr\/wp-json\/wp\/v2\/media\/7286"}],"wp:attachment":[{"href":"https:\/\/www.honlufoodtrailer.com\/hr\/wp-json\/wp\/v2\/media?parent=7283"}],"wp:term":[{"taxonomy":"product_brand","embeddable":true,"href":"https:\/\/www.honlufoodtrailer.com\/hr\/wp-json\/wp\/v2\/product_brand?post=7283"},{"taxonomy":"product_cat","embeddable":true,"href":"https:\/\/www.honlufoodtrailer.com\/hr\/wp-json\/wp\/v2\/product_cat?post=7283"},{"taxonomy":"product_tag","embeddable":true,"href":"https:\/\/www.honlufoodtrailer.com\/hr\/wp-json\/wp\/v2\/product_tag?post=7283"}],"curies":[{"name":"wp","href":"https:\/\/api.w.org\/{rel}","templated":true}]}}