{"id":7537,"date":"2024-04-25T14:29:56","date_gmt":"2024-04-25T06:29:56","guid":{"rendered":"https:\/\/www.honlufoodtrailer.com\/?post_type=product&#038;p=7537"},"modified":"2025-02-14T14:59:12","modified_gmt":"2025-02-14T06:59:12","slug":"3m-round-food-cart","status":"publish","type":"product","link":"https:\/\/www.honlufoodtrailer.com\/hr\/product\/3m-round-food-cart\/","title":{"rendered":"3m Round Food Cart"},"content":{"rendered":"<p>Do you want to start a food trailer business with a small round food cart? See this 3m round food cart below! This is a 3m round food cart we customized for one of our customers. It will be a good choice for people who want to start a small business. We can make a similar round food cart or customize one for you. The size, body color, stickers, signage, and kitchen equipment of the food cart can be customized. Just tell us your detailed requirements! Now, let&#8217;s see some pictures of this round food cart.<\/p>\n<p><img fetchpriority=\"high\" decoding=\"async\" class=\"aligncenter size-full wp-image-7544\" src=\"https:\/\/www.honlufoodtrailer.com\/wp-content\/uploads\/2024\/04\/10ft-round-food-trailer.jpg\" alt=\"10ft round food trailer\" width=\"720\" height=\"540\" srcset=\"https:\/\/www.honlufoodtrailer.com\/wp-content\/uploads\/2024\/04\/10ft-round-food-trailer.jpg 720w, https:\/\/www.honlufoodtrailer.com\/wp-content\/uploads\/2024\/04\/10ft-round-food-trailer-480x360.jpg 480w, https:\/\/www.honlufoodtrailer.com\/wp-content\/uploads\/2024\/04\/10ft-round-food-trailer-300x225.jpg 300w\" sizes=\"(max-width: 720px) 100vw, 720px\" \/> <img decoding=\"async\" class=\"aligncenter size-full wp-image-7539\" src=\"https:\/\/www.honlufoodtrailer.com\/wp-content\/uploads\/2024\/04\/10ft-round-concession-trailer.jpg\" alt=\"10ft round concession trailer\" width=\"720\" height=\"540\" srcset=\"https:\/\/www.honlufoodtrailer.com\/wp-content\/uploads\/2024\/04\/10ft-round-concession-trailer.jpg 720w, https:\/\/www.honlufoodtrailer.com\/wp-content\/uploads\/2024\/04\/10ft-round-concession-trailer-480x360.jpg 480w, https:\/\/www.honlufoodtrailer.com\/wp-content\/uploads\/2024\/04\/10ft-round-concession-trailer-300x225.jpg 300w\" sizes=\"(max-width: 720px) 100vw, 720px\" \/><\/p>\n<h2>Inner View of the 3m Round Food Cart<img decoding=\"async\" class=\"aligncenter size-full wp-image-7542\" src=\"https:\/\/www.honlufoodtrailer.com\/wp-content\/uploads\/2024\/04\/10ft-round-food-trailer-inner-view.jpg\" alt=\"10ft round food trailer inner view\" width=\"720\" height=\"540\" srcset=\"https:\/\/www.honlufoodtrailer.com\/wp-content\/uploads\/2024\/04\/10ft-round-food-trailer-inner-view.jpg 720w, https:\/\/www.honlufoodtrailer.com\/wp-content\/uploads\/2024\/04\/10ft-round-food-trailer-inner-view-480x360.jpg 480w, https:\/\/www.honlufoodtrailer.com\/wp-content\/uploads\/2024\/04\/10ft-round-food-trailer-inner-view-300x225.jpg 300w\" sizes=\"(max-width: 720px) 100vw, 720px\" \/><\/h2>\n<p>&nbsp;<\/p>\n<h2>More Details of the 3m Round Food Cart<img loading=\"lazy\" decoding=\"async\" class=\"aligncenter size-full wp-image-7546\" src=\"https:\/\/www.honlufoodtrailer.com\/wp-content\/uploads\/2024\/04\/10ft-round-food-trailer-details.jpg\" alt=\"10ft round food trailer details\" width=\"800\" height=\"800\" srcset=\"https:\/\/www.honlufoodtrailer.com\/wp-content\/uploads\/2024\/04\/10ft-round-food-trailer-details.jpg 800w, https:\/\/www.honlufoodtrailer.com\/wp-content\/uploads\/2024\/04\/10ft-round-food-trailer-details-768x768.jpg 768w, https:\/\/www.honlufoodtrailer.com\/wp-content\/uploads\/2024\/04\/10ft-round-food-trailer-details-360x360.jpg 360w, https:\/\/www.honlufoodtrailer.com\/wp-content\/uploads\/2024\/04\/10ft-round-food-trailer-details-300x300.jpg 300w, https:\/\/www.honlufoodtrailer.com\/wp-content\/uploads\/2024\/04\/10ft-round-food-trailer-details-720x720.jpg 720w, https:\/\/www.honlufoodtrailer.com\/wp-content\/uploads\/2024\/04\/10ft-round-food-trailer-details-100x100.jpg 100w\" sizes=\"(max-width: 800px) 100vw, 800px\" \/><\/h2>\n<p>&nbsp;<\/p>\n<h3 class=\"magic-6\" data-spm-anchor-id=\"a2700.wholesale.0.i28.29e52808agqc7f\">Main Features of the Customized Round Food Cart<\/h3>\n<div class=\"magic-7\">\n<div class=\"magic-8\">\n<div class=\"magic-9\" data-id=\"paragraph0\">\n<ol>\n<li>Moderan izgled se mo\u017ee prilagoditi;<\/li>\n<li>Karoserija i unutarnja struktura prikolice od nehr\u0111aju\u0107eg \u010delika, dobra otpornost na toplinu, otpornost na habanje, otpornost na koroziju;<\/li>\n<li>Moderna i napredna dodatna oprema opremljena u mobilnoj prikolici za hranu;<\/li>\n<li>Low investment to start a food trailer business<\/li>\n<li>Drago nam je da ga mo\u017eemo modificirati prema va\u0161im zahtjevima.<img loading=\"lazy\" decoding=\"async\" class=\"aligncenter size-full wp-image-7543\" src=\"https:\/\/www.honlufoodtrailer.com\/wp-content\/uploads\/2024\/04\/10ft-round-food-trailer-side-view.jpg\" alt=\"10ft round food trailer side view\" width=\"720\" height=\"540\" srcset=\"https:\/\/www.honlufoodtrailer.com\/wp-content\/uploads\/2024\/04\/10ft-round-food-trailer-side-view.jpg 720w, https:\/\/www.honlufoodtrailer.com\/wp-content\/uploads\/2024\/04\/10ft-round-food-trailer-side-view-480x360.jpg 480w, https:\/\/www.honlufoodtrailer.com\/wp-content\/uploads\/2024\/04\/10ft-round-food-trailer-side-view-300x225.jpg 300w\" sizes=\"(max-width: 720px) 100vw, 720px\" \/><\/li>\n<\/ol>\n<h3>Besplatni 2D\/3D crte\u017e tlocrta<\/h3>\n<p>Nakon \u0161to potvrdimo dimenzije kuhinjskih prikolica i unutarnje kuhinjske opreme, mo\u017eemo vam besplatno dostaviti 3D crte\u017ee. To \u0107e vam dati jasniju predod\u017ebu o va\u0161em dizajnu i va\u0161im kolicima s hranom. Prilikom potvrde lokacije kuhinjske opreme, mo\u017eemo jasno komunicirati s vama putem tlocrta. Tako\u0111er vam mo\u017eemo dostaviti originalne dokumente kako bismo vam olak\u0161ali dizajn i napravili prilagodbe.<\/p>\n<\/div>\n<\/div>\n<\/div>","protected":false},"excerpt":{"rendered":"<p>This is a customized 3m round food cart. With a compact structure and competitive cost, it is a good choice for beginners. The whole vehicle adopts stainless steel. It can be applied for selling anything from hot dogs, retail operations, flower operations, sandwiches, coffee, ice cream, etc. Also, we have certificates to help you to start a mobile business smoothly.<\/p>","protected":false},"featured_media":7544,"template":"","meta":{"_themeisle_gutenberg_block_has_review":false},"product_brand":[],"product_cat":[26],"product_tag":[117,33,45,38,116,51,50],"class_list":{"0":"post-7537","1":"product","2":"type-product","3":"status-publish","4":"has-post-thumbnail","6":"product_cat-product","7":"product_tag-10ft-food-trailer","8":"product_tag-customized-trailer","9":"product_tag-large-food-trailer","10":"product_tag-mobile-food-trailer","11":"product_tag-round-food-trailer","12":"product_tag-square-food-trailer","13":"product_tag-standard-configuration","15":"first","16":"instock","17":"shipping-taxable","18":"product-type-simple"},"yoast_head":"<!-- This site is optimized with the Yoast SEO plugin v27.5 - https:\/\/yoast.com\/product\/yoast-seo-wordpress\/ -->\n<title>3m Round Food Cart At Competitive Price From China<\/title>\n<meta name=\"description\" content=\"This is a customized 3m round food cart. A good choice to start a small mobile food trailer business. Click to get its cost now!\" \/>\n<meta name=\"robots\" content=\"index, follow, max-snippet:-1, max-image-preview:large, max-video-preview:-1\" \/>\n<link rel=\"canonical\" href=\"https:\/\/www.honlufoodtrailer.com\/hr\/product\/3m-round-food-cart\/\" \/>\n<meta property=\"og:locale\" content=\"hr_HR\" \/>\n<meta property=\"og:type\" content=\"article\" \/>\n<meta property=\"og:title\" content=\"3m Round Food Cart At Competitive Price From China\" \/>\n<meta property=\"og:description\" content=\"This is a customized 3m round food cart. A good choice to start a small mobile food trailer business. Click to get its cost now!\" \/>\n<meta property=\"og:url\" content=\"https:\/\/www.honlufoodtrailer.com\/hr\/product\/3m-round-food-cart\/\" \/>\n<meta property=\"og:site_name\" content=\"Honlu food trailer\" \/>\n<meta property=\"article:modified_time\" content=\"2025-02-14T06:59:12+00:00\" \/>\n<meta property=\"og:image\" content=\"https:\/\/www.honlufoodtrailer.com\/wp-content\/uploads\/2024\/04\/10ft-round-food-trailer.jpg\" \/>\n\t<meta property=\"og:image:width\" content=\"720\" \/>\n\t<meta property=\"og:image:height\" content=\"540\" \/>\n\t<meta property=\"og:image:type\" content=\"image\/jpeg\" \/>\n<meta name=\"twitter:card\" content=\"summary_large_image\" \/>\n<meta name=\"twitter:label1\" content=\"Procijenjeno vrijeme \u010ditanja\" \/>\n\t<meta name=\"twitter:data1\" content=\"2 minute\" \/>\n<script type=\"application\/ld+json\" class=\"yoast-schema-graph\">{\"@context\":\"https:\\\/\\\/schema.org\",\"@graph\":[{\"@type\":\"WebPage\",\"@id\":\"https:\\\/\\\/www.honlufoodtrailer.com\\\/product\\\/3m-round-food-cart\\\/\",\"url\":\"https:\\\/\\\/www.honlufoodtrailer.com\\\/product\\\/3m-round-food-cart\\\/\",\"name\":\"3m Round Food Cart At Competitive Price From China\",\"isPartOf\":{\"@id\":\"https:\\\/\\\/www.honlufoodtrailer.com\\\/#website\"},\"primaryImageOfPage\":{\"@id\":\"https:\\\/\\\/www.honlufoodtrailer.com\\\/product\\\/3m-round-food-cart\\\/#primaryimage\"},\"image\":{\"@id\":\"https:\\\/\\\/www.honlufoodtrailer.com\\\/product\\\/3m-round-food-cart\\\/#primaryimage\"},\"thumbnailUrl\":\"https:\\\/\\\/www.honlufoodtrailer.com\\\/wp-content\\\/uploads\\\/2024\\\/04\\\/10ft-round-food-trailer.jpg\",\"datePublished\":\"2024-04-25T06:29:56+00:00\",\"dateModified\":\"2025-02-14T06:59:12+00:00\",\"description\":\"This is a customized 3m round food cart. A good choice to start a small mobile food trailer business. Click to get its cost now!\",\"breadcrumb\":{\"@id\":\"https:\\\/\\\/www.honlufoodtrailer.com\\\/product\\\/3m-round-food-cart\\\/#breadcrumb\"},\"inLanguage\":\"hr\",\"potentialAction\":[{\"@type\":\"ReadAction\",\"target\":[\"https:\\\/\\\/www.honlufoodtrailer.com\\\/product\\\/3m-round-food-cart\\\/\"]}]},{\"@type\":\"ImageObject\",\"inLanguage\":\"hr\",\"@id\":\"https:\\\/\\\/www.honlufoodtrailer.com\\\/product\\\/3m-round-food-cart\\\/#primaryimage\",\"url\":\"https:\\\/\\\/www.honlufoodtrailer.com\\\/wp-content\\\/uploads\\\/2024\\\/04\\\/10ft-round-food-trailer.jpg\",\"contentUrl\":\"https:\\\/\\\/www.honlufoodtrailer.com\\\/wp-content\\\/uploads\\\/2024\\\/04\\\/10ft-round-food-trailer.jpg\",\"width\":720,\"height\":540,\"caption\":\"10ft round food trailer\"},{\"@type\":\"BreadcrumbList\",\"@id\":\"https:\\\/\\\/www.honlufoodtrailer.com\\\/product\\\/3m-round-food-cart\\\/#breadcrumb\",\"itemListElement\":[{\"@type\":\"ListItem\",\"position\":1,\"name\":\"Home\",\"item\":\"https:\\\/\\\/www.honlufoodtrailer.com\\\/\"},{\"@type\":\"ListItem\",\"position\":2,\"name\":\"\u4ea7\u54c1\",\"item\":\"https:\\\/\\\/www.honlufoodtrailer.com\\\/shop\\\/\"},{\"@type\":\"ListItem\",\"position\":3,\"name\":\"3m Round Food Cart\"}]},{\"@type\":\"WebSite\",\"@id\":\"https:\\\/\\\/www.honlufoodtrailer.com\\\/#website\",\"url\":\"https:\\\/\\\/www.honlufoodtrailer.com\\\/\",\"name\":\"Honlu food trailer\",\"description\":\"\",\"publisher\":{\"@id\":\"https:\\\/\\\/www.honlufoodtrailer.com\\\/#organization\"},\"potentialAction\":[{\"@type\":\"SearchAction\",\"target\":{\"@type\":\"EntryPoint\",\"urlTemplate\":\"https:\\\/\\\/www.honlufoodtrailer.com\\\/?s={search_term_string}\"},\"query-input\":{\"@type\":\"PropertyValueSpecification\",\"valueRequired\":true,\"valueName\":\"search_term_string\"}}],\"inLanguage\":\"hr\"},{\"@type\":\"Organization\",\"@id\":\"https:\\\/\\\/www.honlufoodtrailer.com\\\/#organization\",\"name\":\"Honlu food trailer\",\"url\":\"https:\\\/\\\/www.honlufoodtrailer.com\\\/\",\"logo\":{\"@type\":\"ImageObject\",\"inLanguage\":\"hr\",\"@id\":\"https:\\\/\\\/www.honlufoodtrailer.com\\\/#\\\/schema\\\/logo\\\/image\\\/\",\"url\":\"https:\\\/\\\/www.honlufoodtrailer.com\\\/wp-content\\\/uploads\\\/2021\\\/12\\\/2.gif\",\"contentUrl\":\"https:\\\/\\\/www.honlufoodtrailer.com\\\/wp-content\\\/uploads\\\/2021\\\/12\\\/2.gif\",\"width\":350,\"height\":100,\"caption\":\"Honlu food trailer\"},\"image\":{\"@id\":\"https:\\\/\\\/www.honlufoodtrailer.com\\\/#\\\/schema\\\/logo\\\/image\\\/\"}}]}<\/script>\n<!-- \/ Yoast SEO plugin. -->","yoast_head_json":{"title":"3m Round Food Cart At Competitive Price From China","description":"This is a customized 3m round food cart. A good choice to start a small mobile food trailer business. Click to get its cost now!","robots":{"index":"index","follow":"follow","max-snippet":"max-snippet:-1","max-image-preview":"max-image-preview:large","max-video-preview":"max-video-preview:-1"},"canonical":"https:\/\/www.honlufoodtrailer.com\/hr\/product\/3m-round-food-cart\/","og_locale":"hr_HR","og_type":"article","og_title":"3m Round Food Cart At Competitive Price From China","og_description":"This is a customized 3m round food cart. A good choice to start a small mobile food trailer business. Click to get its cost now!","og_url":"https:\/\/www.honlufoodtrailer.com\/hr\/product\/3m-round-food-cart\/","og_site_name":"Honlu food trailer","article_modified_time":"2025-02-14T06:59:12+00:00","og_image":[{"width":720,"height":540,"url":"https:\/\/www.honlufoodtrailer.com\/wp-content\/uploads\/2024\/04\/10ft-round-food-trailer.jpg","type":"image\/jpeg"}],"twitter_card":"summary_large_image","twitter_misc":{"Procijenjeno vrijeme \u010ditanja":"2 minute"},"schema":{"@context":"https:\/\/schema.org","@graph":[{"@type":"WebPage","@id":"https:\/\/www.honlufoodtrailer.com\/product\/3m-round-food-cart\/","url":"https:\/\/www.honlufoodtrailer.com\/product\/3m-round-food-cart\/","name":"3m Round Food Cart At Competitive Price From China","isPartOf":{"@id":"https:\/\/www.honlufoodtrailer.com\/#website"},"primaryImageOfPage":{"@id":"https:\/\/www.honlufoodtrailer.com\/product\/3m-round-food-cart\/#primaryimage"},"image":{"@id":"https:\/\/www.honlufoodtrailer.com\/product\/3m-round-food-cart\/#primaryimage"},"thumbnailUrl":"https:\/\/www.honlufoodtrailer.com\/wp-content\/uploads\/2024\/04\/10ft-round-food-trailer.jpg","datePublished":"2024-04-25T06:29:56+00:00","dateModified":"2025-02-14T06:59:12+00:00","description":"This is a customized 3m round food cart. A good choice to start a small mobile food trailer business. Click to get its cost now!","breadcrumb":{"@id":"https:\/\/www.honlufoodtrailer.com\/product\/3m-round-food-cart\/#breadcrumb"},"inLanguage":"hr","potentialAction":[{"@type":"ReadAction","target":["https:\/\/www.honlufoodtrailer.com\/product\/3m-round-food-cart\/"]}]},{"@type":"ImageObject","inLanguage":"hr","@id":"https:\/\/www.honlufoodtrailer.com\/product\/3m-round-food-cart\/#primaryimage","url":"https:\/\/www.honlufoodtrailer.com\/wp-content\/uploads\/2024\/04\/10ft-round-food-trailer.jpg","contentUrl":"https:\/\/www.honlufoodtrailer.com\/wp-content\/uploads\/2024\/04\/10ft-round-food-trailer.jpg","width":720,"height":540,"caption":"10ft round food trailer"},{"@type":"BreadcrumbList","@id":"https:\/\/www.honlufoodtrailer.com\/product\/3m-round-food-cart\/#breadcrumb","itemListElement":[{"@type":"ListItem","position":1,"name":"Home","item":"https:\/\/www.honlufoodtrailer.com\/"},{"@type":"ListItem","position":2,"name":"\u4ea7\u54c1","item":"https:\/\/www.honlufoodtrailer.com\/shop\/"},{"@type":"ListItem","position":3,"name":"3m Round Food Cart"}]},{"@type":"WebSite","@id":"https:\/\/www.honlufoodtrailer.com\/#website","url":"https:\/\/www.honlufoodtrailer.com\/","name":"Prikolica za hranu Honlu","description":"","publisher":{"@id":"https:\/\/www.honlufoodtrailer.com\/#organization"},"potentialAction":[{"@type":"SearchAction","target":{"@type":"EntryPoint","urlTemplate":"https:\/\/www.honlufoodtrailer.com\/?s={search_term_string}"},"query-input":{"@type":"PropertyValueSpecification","valueRequired":true,"valueName":"search_term_string"}}],"inLanguage":"hr"},{"@type":"Organization","@id":"https:\/\/www.honlufoodtrailer.com\/#organization","name":"Prikolica za hranu Honlu","url":"https:\/\/www.honlufoodtrailer.com\/","logo":{"@type":"ImageObject","inLanguage":"hr","@id":"https:\/\/www.honlufoodtrailer.com\/#\/schema\/logo\/image\/","url":"https:\/\/www.honlufoodtrailer.com\/wp-content\/uploads\/2021\/12\/2.gif","contentUrl":"https:\/\/www.honlufoodtrailer.com\/wp-content\/uploads\/2021\/12\/2.gif","width":350,"height":100,"caption":"Honlu food trailer"},"image":{"@id":"https:\/\/www.honlufoodtrailer.com\/#\/schema\/logo\/image\/"}}]}},"_links":{"self":[{"href":"https:\/\/www.honlufoodtrailer.com\/hr\/wp-json\/wp\/v2\/product\/7537","targetHints":{"allow":["GET"]}}],"collection":[{"href":"https:\/\/www.honlufoodtrailer.com\/hr\/wp-json\/wp\/v2\/product"}],"about":[{"href":"https:\/\/www.honlufoodtrailer.com\/hr\/wp-json\/wp\/v2\/types\/product"}],"version-history":[{"count":0,"href":"https:\/\/www.honlufoodtrailer.com\/hr\/wp-json\/wp\/v2\/product\/7537\/revisions"}],"wp:featuredmedia":[{"embeddable":true,"href":"https:\/\/www.honlufoodtrailer.com\/hr\/wp-json\/wp\/v2\/media\/7544"}],"wp:attachment":[{"href":"https:\/\/www.honlufoodtrailer.com\/hr\/wp-json\/wp\/v2\/media?parent=7537"}],"wp:term":[{"taxonomy":"product_brand","embeddable":true,"href":"https:\/\/www.honlufoodtrailer.com\/hr\/wp-json\/wp\/v2\/product_brand?post=7537"},{"taxonomy":"product_cat","embeddable":true,"href":"https:\/\/www.honlufoodtrailer.com\/hr\/wp-json\/wp\/v2\/product_cat?post=7537"},{"taxonomy":"product_tag","embeddable":true,"href":"https:\/\/www.honlufoodtrailer.com\/hr\/wp-json\/wp\/v2\/product_tag?post=7537"}],"curies":[{"name":"wp","href":"https:\/\/api.w.org\/{rel}","templated":true}]}}