{"id":7608,"date":"2024-05-06T17:48:31","date_gmt":"2024-05-06T09:48:31","guid":{"rendered":"https:\/\/www.honlufoodtrailer.com\/?post_type=product&#038;p=7608"},"modified":"2025-02-14T14:55:11","modified_gmt":"2025-02-14T06:55:11","slug":"16ft-juice-trailer-for-sale","status":"publish","type":"product","link":"https:\/\/www.honlufoodtrailer.com\/hr\/product\/16ft-juice-trailer-for-sale\/","title":{"rendered":"Prodajem prikolicu za sok od 16 stopa"},"content":{"rendered":"<p>\u017delite li pokrenuti posao s prikolicama za sokove tijekom ljetnih dana? Samo po\u010dnite s ovom mobilnom prikolicom za sokovnik od 16 stopa ovdje! Za jednog od na\u0161ih kupaca proizveli smo dva seta prikolica za sokove kao \u0161to su prikazani u nastavku. Mo\u017eemo proizvesti sli\u010dnu prikolicu za sok poput ove ili je prilagoditi za vas. Boja karoserije, naljepnice, signalizacija i kuhinjska oprema prikolice mogu se prilagoditi. Samo nas kontaktirajte i recite nam svoje detaljne zahtjeve. Sada, prvo pogledajmo neke slike ovih mobilnih prikolica za sokove!<\/p>\n<p><img fetchpriority=\"high\" decoding=\"async\" class=\"aligncenter size-full wp-image-7617\" src=\"https:\/\/www.honlufoodtrailer.com\/wp-content\/uploads\/2024\/05\/16ft-juice-trailer.jpg\" alt=\"Prikolica za sok od 16 stopa\" width=\"810\" height=\"540\" srcset=\"https:\/\/www.honlufoodtrailer.com\/wp-content\/uploads\/2024\/05\/16ft-juice-trailer.jpg 810w, https:\/\/www.honlufoodtrailer.com\/wp-content\/uploads\/2024\/05\/16ft-juice-trailer-768x512.jpg 768w, https:\/\/www.honlufoodtrailer.com\/wp-content\/uploads\/2024\/05\/16ft-juice-trailer-480x320.jpg 480w, https:\/\/www.honlufoodtrailer.com\/wp-content\/uploads\/2024\/05\/16ft-juice-trailer-300x200.jpg 300w, https:\/\/www.honlufoodtrailer.com\/wp-content\/uploads\/2024\/05\/16ft-juice-trailer-720x480.jpg 720w\" sizes=\"(max-width: 810px) 100vw, 810px\" \/> <img decoding=\"async\" class=\"aligncenter size-full wp-image-7611\" src=\"https:\/\/www.honlufoodtrailer.com\/wp-content\/uploads\/2024\/05\/16ft-juice-trailer-for-sale.jpg\" alt=\"Prodajem prikolicu za sok od 16 stopa\" width=\"810\" height=\"540\" srcset=\"https:\/\/www.honlufoodtrailer.com\/wp-content\/uploads\/2024\/05\/16ft-juice-trailer-for-sale.jpg 810w, https:\/\/www.honlufoodtrailer.com\/wp-content\/uploads\/2024\/05\/16ft-juice-trailer-for-sale-768x512.jpg 768w, https:\/\/www.honlufoodtrailer.com\/wp-content\/uploads\/2024\/05\/16ft-juice-trailer-for-sale-480x320.jpg 480w, https:\/\/www.honlufoodtrailer.com\/wp-content\/uploads\/2024\/05\/16ft-juice-trailer-for-sale-300x200.jpg 300w, https:\/\/www.honlufoodtrailer.com\/wp-content\/uploads\/2024\/05\/16ft-juice-trailer-for-sale-720x480.jpg 720w\" sizes=\"(max-width: 810px) 100vw, 810px\" \/><\/p>\n<p>&nbsp;<\/p>\n<h3>Unutarnji detalj ove prikolice za sok od 16 stopa<\/h3>\n<p>Kao \u0161to mo\u017eete vidjeti na slici ispod, ovu mobilnu prikolicu za bar s sokovima opremili smo radnim stolom, sudoperima, velikim hladnjakom i klima ure\u0111ajem itd. Gore navedena oprema pomo\u0107i \u0107e na\u0161em kupcu da pokrene svoj posao s mobilnim prikolicama za barove. Kao profesionalni proizvo\u0111a\u010d prikolica za hranu s vi\u0161e od 10 godina iskustva, mo\u017eemo vam pomo\u0107i da prilagodite svoju prikolicu za hranu prema va\u0161im specifi\u010dnim zahtjevima. Jednom rije\u010dju, osigurat \u0107emo vam prilago\u0111enu prikolicu za sokove to\u010dno onako kako \u017eelite.<\/p>\n<p><img decoding=\"async\" class=\"aligncenter size-full wp-image-7613\" src=\"https:\/\/www.honlufoodtrailer.com\/wp-content\/uploads\/2024\/05\/16ft-juice-trailer-inner-view.jpg\" alt=\"Prikolica za sok od 16 stopa (iznutra)\" width=\"720\" height=\"540\" srcset=\"https:\/\/www.honlufoodtrailer.com\/wp-content\/uploads\/2024\/05\/16ft-juice-trailer-inner-view.jpg 720w, https:\/\/www.honlufoodtrailer.com\/wp-content\/uploads\/2024\/05\/16ft-juice-trailer-inner-view-480x360.jpg 480w, https:\/\/www.honlufoodtrailer.com\/wp-content\/uploads\/2024\/05\/16ft-juice-trailer-inner-view-300x225.jpg 300w\" sizes=\"(max-width: 720px) 100vw, 720px\" \/><\/p>\n<h3>Vi\u0161e detalja o ovoj prikolici za sok od 16 stopa<\/h3>\n<p>Sada, pogledajmo vi\u0161e detalja o ovoj prikolici za bar sa sokovima na sljede\u0107im slikama.<\/p>\n<p><img loading=\"lazy\" decoding=\"async\" class=\"aligncenter size-full wp-image-7619\" src=\"https:\/\/www.honlufoodtrailer.com\/wp-content\/uploads\/2024\/05\/16ft-snack-trailer-inner-details.jpg\" alt=\"Unutarnji detalji prikolice za u\u017einu od 16 stopa\" width=\"800\" height=\"800\" srcset=\"https:\/\/www.honlufoodtrailer.com\/wp-content\/uploads\/2024\/05\/16ft-snack-trailer-inner-details.jpg 800w, https:\/\/www.honlufoodtrailer.com\/wp-content\/uploads\/2024\/05\/16ft-snack-trailer-inner-details-768x768.jpg 768w, https:\/\/www.honlufoodtrailer.com\/wp-content\/uploads\/2024\/05\/16ft-snack-trailer-inner-details-360x360.jpg 360w, https:\/\/www.honlufoodtrailer.com\/wp-content\/uploads\/2024\/05\/16ft-snack-trailer-inner-details-300x300.jpg 300w, https:\/\/www.honlufoodtrailer.com\/wp-content\/uploads\/2024\/05\/16ft-snack-trailer-inner-details-720x720.jpg 720w, https:\/\/www.honlufoodtrailer.com\/wp-content\/uploads\/2024\/05\/16ft-snack-trailer-inner-details-100x100.jpg 100w\" sizes=\"(max-width: 800px) 100vw, 800px\" \/><\/p>\n<p>&nbsp;<\/p>\n<p>Prikolice za hranu mogu se nazivati i kolicima za hranu, kombijima za hranu, kamionima za hranu i tako dalje. Ljudi ih koriste za prodaju brze hrane, grickalica, novina, knjiga i tako dalje. Sastoje se od \u0161asije, karoserije, poda, radnog stola, sustava za vodu i elektri\u010dnog sustava. Korisnici tako\u0111er mogu odabrati boju koju \u017eele. \u017deljeli bismo kupiti i druge vrste opreme ako kupci \u017eele.<\/p>\n<h3><b class=\"magic-22\"><span class=\"magic-11\">Glavne zna\u010dajke na\u0161e prilago\u0111ene mobilne prikolice za sokove<\/span><\/b><\/h3>\n<div class=\"magic-2\">\n<div class=\"magic-3\">\n<div class=\"magic-4\">1. Jeftino i ekolo\u0161ki bez dima i buke, lako se premje\u0161ta bilo gdje.<br \/>\n2. Mo\u017ee se koristiti dugi niz godina i ne\u0107e nakupljati sme\u0107e, \u0161to je mnogo prikladno za moderni \u017eivot.<br \/>\n3. Prakti\u010dan je i jednostavan za utovar i transport jer je dizajn jedinstven i individualan.<br \/>\n4. Glavni materijal je nehr\u0111aju\u0107i \u010delik, a ravna plo\u010da (stol) ne\u0107e zahr\u0111ati.<br \/>\n5. Otpornost na toplinu i visoka \u010dvrsto\u0107a, visoka postojanost boje, bez deformacija, vodootpornost i dugi vijek trajanja.<\/div>\n<\/div>\n<\/div>\n<h3><b class=\"magic-22\"><span class=\"magic-11\">Glavna prednost:<\/span><\/b><\/h3>\n<p><span class=\"magic-12\">1. Niska cijena i ekolo\u0161ki prihvatljivo;<br \/>\n2. Jednostavno premje\u0161tanje na bilo koje mjesto (va\u0161e poslovanje nije ograni\u010deno);<br \/>\n3. Jedinstveni oblik (nevidljiv kako bi privukao vi\u0161e kupaca);<br \/>\n4. Dugi vijek trajanja (otporan na koroziju, otpornost na toplinu, vodootporan, bez deformacija).<\/span><\/p>","protected":false},"excerpt":{"rendered":"<p>Ovo je jedna od na\u0161ih prilago\u0111enih mobilnih prikolica za sokove od 5 m. Dobar je izbor za ljude koji \u017eele pokrenuti posao s mobilnim prikolicama za hranu. Mo\u017eemo napraviti sli\u010dnu ili prilagoditi jednu za vas. Na primjer, ne samo da mo\u017eemo prilagoditi vanjski dio prikolice za hranu, ve\u0107 i kuhinjsku opremu unutar prikolice. Slobodno nas kontaktirajte i recite nam svoje detaljne zahtjeve!<\/p>","protected":false},"featured_media":7641,"template":"","meta":{"_themeisle_gutenberg_block_has_review":false},"product_brand":[],"product_cat":[26],"product_tag":[96,33,60,61,112,38],"class_list":{"0":"post-7608","1":"product","2":"type-product","3":"status-publish","4":"has-post-thumbnail","6":"product_cat-product","7":"product_tag-16ft-food-trailer","8":"product_tag-customized-trailer","9":"product_tag-fast-food-trailer","10":"product_tag-fast-food-trailer-for-sale","11":"product_tag-juice-trailer","12":"product_tag-mobile-food-trailer","14":"first","15":"instock","16":"shipping-taxable","17":"product-type-simple"},"yoast_head":"<!-- This site is optimized with the Yoast SEO plugin v27.5 - https:\/\/yoast.com\/product\/yoast-seo-wordpress\/ -->\n<title>Factory Price 16ft Juice Trailer For Sale - Honlu Food Trailer<\/title>\n<meta name=\"description\" content=\"Want to start a mobile juice trailer business? see this 16ft custom juice trailer here! Get a similar or customized one at the factory price now!\" \/>\n<meta name=\"robots\" content=\"index, follow, max-snippet:-1, max-image-preview:large, max-video-preview:-1\" \/>\n<link rel=\"canonical\" href=\"https:\/\/www.honlufoodtrailer.com\/hr\/product\/16ft-juice-trailer-for-sale\/\" \/>\n<meta property=\"og:locale\" content=\"hr_HR\" \/>\n<meta property=\"og:type\" content=\"article\" \/>\n<meta property=\"og:title\" content=\"Factory Price 16ft Juice Trailer For Sale - Honlu Food Trailer\" \/>\n<meta property=\"og:description\" content=\"Want to start a mobile juice trailer business? see this 16ft custom juice trailer here! Get a similar or customized one at the factory price now!\" \/>\n<meta property=\"og:url\" content=\"https:\/\/www.honlufoodtrailer.com\/hr\/product\/16ft-juice-trailer-for-sale\/\" \/>\n<meta property=\"og:site_name\" content=\"Honlu food trailer\" \/>\n<meta property=\"article:modified_time\" content=\"2025-02-14T06:55:11+00:00\" \/>\n<meta property=\"og:image\" content=\"https:\/\/www.honlufoodtrailer.com\/wp-content\/uploads\/2024\/05\/juice-trailer-16ft.jpg\" \/>\n\t<meta property=\"og:image:width\" content=\"720\" \/>\n\t<meta property=\"og:image:height\" content=\"540\" \/>\n\t<meta property=\"og:image:type\" content=\"image\/jpeg\" \/>\n<meta name=\"twitter:card\" content=\"summary_large_image\" \/>\n<meta name=\"twitter:label1\" content=\"Procijenjeno vrijeme \u010ditanja\" \/>\n\t<meta name=\"twitter:data1\" content=\"1 minuta\" \/>\n<script type=\"application\/ld+json\" class=\"yoast-schema-graph\">{\"@context\":\"https:\\\/\\\/schema.org\",\"@graph\":[{\"@type\":\"WebPage\",\"@id\":\"https:\\\/\\\/www.honlufoodtrailer.com\\\/product\\\/16ft-juice-trailer-for-sale\\\/\",\"url\":\"https:\\\/\\\/www.honlufoodtrailer.com\\\/product\\\/16ft-juice-trailer-for-sale\\\/\",\"name\":\"Factory Price 16ft Juice Trailer For Sale - Honlu Food Trailer\",\"isPartOf\":{\"@id\":\"https:\\\/\\\/www.honlufoodtrailer.com\\\/#website\"},\"primaryImageOfPage\":{\"@id\":\"https:\\\/\\\/www.honlufoodtrailer.com\\\/product\\\/16ft-juice-trailer-for-sale\\\/#primaryimage\"},\"image\":{\"@id\":\"https:\\\/\\\/www.honlufoodtrailer.com\\\/product\\\/16ft-juice-trailer-for-sale\\\/#primaryimage\"},\"thumbnailUrl\":\"https:\\\/\\\/www.honlufoodtrailer.com\\\/wp-content\\\/uploads\\\/2024\\\/05\\\/juice-trailer-16ft.jpg\",\"datePublished\":\"2024-05-06T09:48:31+00:00\",\"dateModified\":\"2025-02-14T06:55:11+00:00\",\"description\":\"Want to start a mobile juice trailer business? see this 16ft custom juice trailer here! Get a similar or customized one at the factory price now!\",\"breadcrumb\":{\"@id\":\"https:\\\/\\\/www.honlufoodtrailer.com\\\/product\\\/16ft-juice-trailer-for-sale\\\/#breadcrumb\"},\"inLanguage\":\"hr\",\"potentialAction\":[{\"@type\":\"ReadAction\",\"target\":[\"https:\\\/\\\/www.honlufoodtrailer.com\\\/product\\\/16ft-juice-trailer-for-sale\\\/\"]}]},{\"@type\":\"ImageObject\",\"inLanguage\":\"hr\",\"@id\":\"https:\\\/\\\/www.honlufoodtrailer.com\\\/product\\\/16ft-juice-trailer-for-sale\\\/#primaryimage\",\"url\":\"https:\\\/\\\/www.honlufoodtrailer.com\\\/wp-content\\\/uploads\\\/2024\\\/05\\\/juice-trailer-16ft.jpg\",\"contentUrl\":\"https:\\\/\\\/www.honlufoodtrailer.com\\\/wp-content\\\/uploads\\\/2024\\\/05\\\/juice-trailer-16ft.jpg\",\"width\":720,\"height\":540,\"caption\":\"juice trailer 16ft\"},{\"@type\":\"BreadcrumbList\",\"@id\":\"https:\\\/\\\/www.honlufoodtrailer.com\\\/product\\\/16ft-juice-trailer-for-sale\\\/#breadcrumb\",\"itemListElement\":[{\"@type\":\"ListItem\",\"position\":1,\"name\":\"Home\",\"item\":\"https:\\\/\\\/www.honlufoodtrailer.com\\\/\"},{\"@type\":\"ListItem\",\"position\":2,\"name\":\"\u4ea7\u54c1\",\"item\":\"https:\\\/\\\/www.honlufoodtrailer.com\\\/shop\\\/\"},{\"@type\":\"ListItem\",\"position\":3,\"name\":\"16ft Juice Trailer For Sale\"}]},{\"@type\":\"WebSite\",\"@id\":\"https:\\\/\\\/www.honlufoodtrailer.com\\\/#website\",\"url\":\"https:\\\/\\\/www.honlufoodtrailer.com\\\/\",\"name\":\"Honlu food trailer\",\"description\":\"\",\"publisher\":{\"@id\":\"https:\\\/\\\/www.honlufoodtrailer.com\\\/#organization\"},\"potentialAction\":[{\"@type\":\"SearchAction\",\"target\":{\"@type\":\"EntryPoint\",\"urlTemplate\":\"https:\\\/\\\/www.honlufoodtrailer.com\\\/?s={search_term_string}\"},\"query-input\":{\"@type\":\"PropertyValueSpecification\",\"valueRequired\":true,\"valueName\":\"search_term_string\"}}],\"inLanguage\":\"hr\"},{\"@type\":\"Organization\",\"@id\":\"https:\\\/\\\/www.honlufoodtrailer.com\\\/#organization\",\"name\":\"Honlu food trailer\",\"url\":\"https:\\\/\\\/www.honlufoodtrailer.com\\\/\",\"logo\":{\"@type\":\"ImageObject\",\"inLanguage\":\"hr\",\"@id\":\"https:\\\/\\\/www.honlufoodtrailer.com\\\/#\\\/schema\\\/logo\\\/image\\\/\",\"url\":\"https:\\\/\\\/www.honlufoodtrailer.com\\\/wp-content\\\/uploads\\\/2021\\\/12\\\/2.gif\",\"contentUrl\":\"https:\\\/\\\/www.honlufoodtrailer.com\\\/wp-content\\\/uploads\\\/2021\\\/12\\\/2.gif\",\"width\":350,\"height\":100,\"caption\":\"Honlu food trailer\"},\"image\":{\"@id\":\"https:\\\/\\\/www.honlufoodtrailer.com\\\/#\\\/schema\\\/logo\\\/image\\\/\"}}]}<\/script>\n<!-- \/ Yoast SEO plugin. -->","yoast_head_json":{"title":"Prikolica za sok od 16 stopa po tvorni\u010dkoj cijeni na prodaju - Honlu prikolica za hranu","description":"\u017delite li pokrenuti posao s mobilnim prikolicama za sok? Pogledajte ovu prilago\u0111enu prikolicu za sok od 16 stopa ovdje! Nabavite sli\u010dnu ili prilago\u0111enu po tvorni\u010dkoj cijeni odmah!","robots":{"index":"index","follow":"follow","max-snippet":"max-snippet:-1","max-image-preview":"max-image-preview:large","max-video-preview":"max-video-preview:-1"},"canonical":"https:\/\/www.honlufoodtrailer.com\/hr\/product\/16ft-juice-trailer-for-sale\/","og_locale":"hr_HR","og_type":"article","og_title":"Factory Price 16ft Juice Trailer For Sale - Honlu Food Trailer","og_description":"Want to start a mobile juice trailer business? see this 16ft custom juice trailer here! Get a similar or customized one at the factory price now!","og_url":"https:\/\/www.honlufoodtrailer.com\/hr\/product\/16ft-juice-trailer-for-sale\/","og_site_name":"Honlu food trailer","article_modified_time":"2025-02-14T06:55:11+00:00","og_image":[{"width":720,"height":540,"url":"https:\/\/www.honlufoodtrailer.com\/wp-content\/uploads\/2024\/05\/juice-trailer-16ft.jpg","type":"image\/jpeg"}],"twitter_card":"summary_large_image","twitter_misc":{"Procijenjeno vrijeme \u010ditanja":"1 minuta"},"schema":{"@context":"https:\/\/schema.org","@graph":[{"@type":"WebPage","@id":"https:\/\/www.honlufoodtrailer.com\/product\/16ft-juice-trailer-for-sale\/","url":"https:\/\/www.honlufoodtrailer.com\/product\/16ft-juice-trailer-for-sale\/","name":"Prikolica za sok od 16 stopa po tvorni\u010dkoj cijeni na prodaju - Honlu prikolica za hranu","isPartOf":{"@id":"https:\/\/www.honlufoodtrailer.com\/#website"},"primaryImageOfPage":{"@id":"https:\/\/www.honlufoodtrailer.com\/product\/16ft-juice-trailer-for-sale\/#primaryimage"},"image":{"@id":"https:\/\/www.honlufoodtrailer.com\/product\/16ft-juice-trailer-for-sale\/#primaryimage"},"thumbnailUrl":"https:\/\/www.honlufoodtrailer.com\/wp-content\/uploads\/2024\/05\/juice-trailer-16ft.jpg","datePublished":"2024-05-06T09:48:31+00:00","dateModified":"2025-02-14T06:55:11+00:00","description":"\u017delite li pokrenuti posao s mobilnim prikolicama za sok? Pogledajte ovu prilago\u0111enu prikolicu za sok od 16 stopa ovdje! Nabavite sli\u010dnu ili prilago\u0111enu po tvorni\u010dkoj cijeni odmah!","breadcrumb":{"@id":"https:\/\/www.honlufoodtrailer.com\/product\/16ft-juice-trailer-for-sale\/#breadcrumb"},"inLanguage":"hr","potentialAction":[{"@type":"ReadAction","target":["https:\/\/www.honlufoodtrailer.com\/product\/16ft-juice-trailer-for-sale\/"]}]},{"@type":"ImageObject","inLanguage":"hr","@id":"https:\/\/www.honlufoodtrailer.com\/product\/16ft-juice-trailer-for-sale\/#primaryimage","url":"https:\/\/www.honlufoodtrailer.com\/wp-content\/uploads\/2024\/05\/juice-trailer-16ft.jpg","contentUrl":"https:\/\/www.honlufoodtrailer.com\/wp-content\/uploads\/2024\/05\/juice-trailer-16ft.jpg","width":720,"height":540,"caption":"juice trailer 16ft"},{"@type":"BreadcrumbList","@id":"https:\/\/www.honlufoodtrailer.com\/product\/16ft-juice-trailer-for-sale\/#breadcrumb","itemListElement":[{"@type":"ListItem","position":1,"name":"Home","item":"https:\/\/www.honlufoodtrailer.com\/"},{"@type":"ListItem","position":2,"name":"\u4ea7\u54c1","item":"https:\/\/www.honlufoodtrailer.com\/shop\/"},{"@type":"ListItem","position":3,"name":"16ft Juice Trailer For Sale"}]},{"@type":"WebSite","@id":"https:\/\/www.honlufoodtrailer.com\/#website","url":"https:\/\/www.honlufoodtrailer.com\/","name":"Prikolica za hranu Honlu","description":"","publisher":{"@id":"https:\/\/www.honlufoodtrailer.com\/#organization"},"potentialAction":[{"@type":"SearchAction","target":{"@type":"EntryPoint","urlTemplate":"https:\/\/www.honlufoodtrailer.com\/?s={search_term_string}"},"query-input":{"@type":"PropertyValueSpecification","valueRequired":true,"valueName":"search_term_string"}}],"inLanguage":"hr"},{"@type":"Organization","@id":"https:\/\/www.honlufoodtrailer.com\/#organization","name":"Prikolica za hranu Honlu","url":"https:\/\/www.honlufoodtrailer.com\/","logo":{"@type":"ImageObject","inLanguage":"hr","@id":"https:\/\/www.honlufoodtrailer.com\/#\/schema\/logo\/image\/","url":"https:\/\/www.honlufoodtrailer.com\/wp-content\/uploads\/2021\/12\/2.gif","contentUrl":"https:\/\/www.honlufoodtrailer.com\/wp-content\/uploads\/2021\/12\/2.gif","width":350,"height":100,"caption":"Honlu food trailer"},"image":{"@id":"https:\/\/www.honlufoodtrailer.com\/#\/schema\/logo\/image\/"}}]}},"_links":{"self":[{"href":"https:\/\/www.honlufoodtrailer.com\/hr\/wp-json\/wp\/v2\/product\/7608","targetHints":{"allow":["GET"]}}],"collection":[{"href":"https:\/\/www.honlufoodtrailer.com\/hr\/wp-json\/wp\/v2\/product"}],"about":[{"href":"https:\/\/www.honlufoodtrailer.com\/hr\/wp-json\/wp\/v2\/types\/product"}],"version-history":[{"count":0,"href":"https:\/\/www.honlufoodtrailer.com\/hr\/wp-json\/wp\/v2\/product\/7608\/revisions"}],"wp:featuredmedia":[{"embeddable":true,"href":"https:\/\/www.honlufoodtrailer.com\/hr\/wp-json\/wp\/v2\/media\/7641"}],"wp:attachment":[{"href":"https:\/\/www.honlufoodtrailer.com\/hr\/wp-json\/wp\/v2\/media?parent=7608"}],"wp:term":[{"taxonomy":"product_brand","embeddable":true,"href":"https:\/\/www.honlufoodtrailer.com\/hr\/wp-json\/wp\/v2\/product_brand?post=7608"},{"taxonomy":"product_cat","embeddable":true,"href":"https:\/\/www.honlufoodtrailer.com\/hr\/wp-json\/wp\/v2\/product_cat?post=7608"},{"taxonomy":"product_tag","embeddable":true,"href":"https:\/\/www.honlufoodtrailer.com\/hr\/wp-json\/wp\/v2\/product_tag?post=7608"}],"curies":[{"name":"wp","href":"https:\/\/api.w.org\/{rel}","templated":true}]}}