{"id":7785,"date":"2024-06-05T15:45:21","date_gmt":"2024-06-05T07:45:21","guid":{"rendered":"https:\/\/www.honlufoodtrailer.com\/?post_type=product&#038;p=7785"},"modified":"2024-06-20T17:54:02","modified_gmt":"2024-06-20T09:54:02","slug":"3m-square-food-trailer-with-three-sided-windows","status":"publish","type":"product","link":"https:\/\/www.honlufoodtrailer.com\/hr\/product\/3m-square-food-trailer-with-three-sided-windows\/","title":{"rendered":"New Design 3m Square Food Trailer with Three-sided Windows"},"content":{"rendered":"<p>Are you looking for a small food trailer to start a mobile food trailer business? See this new design 3m square food trailer with three-sided windows we have customized for one of our customers from the United States. With three windows, This food trailer has plenty of light and is more spacious. Now, let&#8217;s see some pictures of this customized 3m square food trailer first!<\/p>\n<p><img fetchpriority=\"high\" decoding=\"async\" class=\"aligncenter size-full wp-image-7792\" src=\"https:\/\/www.honlufoodtrailer.com\/wp-content\/uploads\/2024\/06\/10ft-Food-Trailer-with-Three-Windows.jpg\" alt=\"10ft Food Trailer with Three Windows\" width=\"720\" height=\"540\" srcset=\"https:\/\/www.honlufoodtrailer.com\/wp-content\/uploads\/2024\/06\/10ft-Food-Trailer-with-Three-Windows.jpg 720w, https:\/\/www.honlufoodtrailer.com\/wp-content\/uploads\/2024\/06\/10ft-Food-Trailer-with-Three-Windows-480x360.jpg 480w, https:\/\/www.honlufoodtrailer.com\/wp-content\/uploads\/2024\/06\/10ft-Food-Trailer-with-Three-Windows-300x225.jpg 300w\" sizes=\"(max-width: 720px) 100vw, 720px\" \/> <img decoding=\"async\" class=\"aligncenter size-full wp-image-7791\" src=\"https:\/\/www.honlufoodtrailer.com\/wp-content\/uploads\/2024\/06\/3m-Three-Windows-Food-Trailer.jpg\" alt=\"3m Three Windows Food Trailer\" width=\"720\" height=\"540\" srcset=\"https:\/\/www.honlufoodtrailer.com\/wp-content\/uploads\/2024\/06\/3m-Three-Windows-Food-Trailer.jpg 720w, https:\/\/www.honlufoodtrailer.com\/wp-content\/uploads\/2024\/06\/3m-Three-Windows-Food-Trailer-480x360.jpg 480w, https:\/\/www.honlufoodtrailer.com\/wp-content\/uploads\/2024\/06\/3m-Three-Windows-Food-Trailer-300x225.jpg 300w\" sizes=\"(max-width: 720px) 100vw, 720px\" \/><\/p>\n<p>As we can see from the pictures above, this 3m food trailer has a bright yellow color, which is very appealing. It has windows on three sides. That will be more convenient for diners to order and pick up their meals. We make it according to our customer&#8217;s requirements. If you have customization requirements, don&#8217;t hesitate to tell us! Next, let&#8217;s see the inner details of this 3m square food trailer.<\/p>\n<h3>Inner Detail of This 3m Square Food Trailer with Three-sided Windows<\/h3>\n<p>According to the customer&#8217;s requirements, we have equipped this 3m square food trailer with a work table, four sinks, waste water tanks, and cabinet etc. Our customer will add some other kitchen equipment he needs after receiving the food trailer.<img decoding=\"async\" class=\"aligncenter size-full wp-image-7795\" src=\"https:\/\/www.honlufoodtrailer.com\/wp-content\/uploads\/2024\/06\/Three-Windows-food-trailer-inner-view.jpg\" alt=\"Three Windows food trailer inner view\" width=\"720\" height=\"540\" srcset=\"https:\/\/www.honlufoodtrailer.com\/wp-content\/uploads\/2024\/06\/Three-Windows-food-trailer-inner-view.jpg 720w, https:\/\/www.honlufoodtrailer.com\/wp-content\/uploads\/2024\/06\/Three-Windows-food-trailer-inner-view-480x360.jpg 480w, https:\/\/www.honlufoodtrailer.com\/wp-content\/uploads\/2024\/06\/Three-Windows-food-trailer-inner-view-300x225.jpg 300w\" sizes=\"(max-width: 720px) 100vw, 720px\" \/> <img loading=\"lazy\" decoding=\"async\" class=\"aligncenter size-full wp-image-7787\" src=\"https:\/\/www.honlufoodtrailer.com\/wp-content\/uploads\/2024\/06\/3m-Square-Food-Trailer-inner-details.jpg\" alt=\"3m Square Food Trailer inner details\" width=\"800\" height=\"800\" srcset=\"https:\/\/www.honlufoodtrailer.com\/wp-content\/uploads\/2024\/06\/3m-Square-Food-Trailer-inner-details.jpg 800w, https:\/\/www.honlufoodtrailer.com\/wp-content\/uploads\/2024\/06\/3m-Square-Food-Trailer-inner-details-768x768.jpg 768w, https:\/\/www.honlufoodtrailer.com\/wp-content\/uploads\/2024\/06\/3m-Square-Food-Trailer-inner-details-360x360.jpg 360w, https:\/\/www.honlufoodtrailer.com\/wp-content\/uploads\/2024\/06\/3m-Square-Food-Trailer-inner-details-300x300.jpg 300w, https:\/\/www.honlufoodtrailer.com\/wp-content\/uploads\/2024\/06\/3m-Square-Food-Trailer-inner-details-720x720.jpg 720w, https:\/\/www.honlufoodtrailer.com\/wp-content\/uploads\/2024\/06\/3m-Square-Food-Trailer-inner-details-100x100.jpg 100w\" sizes=\"(max-width: 800px) 100vw, 800px\" \/><\/p>\n<p>&nbsp;<\/p>\n<h3>More details of This 3m Square Food Trailer<\/h3>\n<p>See more details of this 3m square food concession trailer. We can customize a food trailer according to the requirements of your country.<img loading=\"lazy\" decoding=\"async\" class=\"aligncenter size-full wp-image-7796\" src=\"https:\/\/www.honlufoodtrailer.com\/wp-content\/uploads\/2024\/06\/3m-Square-Food-Trailer-details-1.jpg\" alt=\"3m Square Food Trailer details\" width=\"800\" height=\"800\" srcset=\"https:\/\/www.honlufoodtrailer.com\/wp-content\/uploads\/2024\/06\/3m-Square-Food-Trailer-details-1.jpg 800w, https:\/\/www.honlufoodtrailer.com\/wp-content\/uploads\/2024\/06\/3m-Square-Food-Trailer-details-1-768x768.jpg 768w, https:\/\/www.honlufoodtrailer.com\/wp-content\/uploads\/2024\/06\/3m-Square-Food-Trailer-details-1-360x360.jpg 360w, https:\/\/www.honlufoodtrailer.com\/wp-content\/uploads\/2024\/06\/3m-Square-Food-Trailer-details-1-300x300.jpg 300w, https:\/\/www.honlufoodtrailer.com\/wp-content\/uploads\/2024\/06\/3m-Square-Food-Trailer-details-1-720x720.jpg 720w, https:\/\/www.honlufoodtrailer.com\/wp-content\/uploads\/2024\/06\/3m-Square-Food-Trailer-details-1-100x100.jpg 100w\" sizes=\"(max-width: 800px) 100vw, 800px\" \/><\/p>\n<h3>\u0160to mo\u017eete dobiti od nas<\/h3>\n<p><strong>We can manufacture a similar square food trailer like this one, or customize a special one for you<\/strong>. The body color, stickers, signage, and kitchen equipment of the trailer can be customized. Square food trailers are very popular, many customers choose this type. As a food trailer manufacturer and exporter with more than 10 years of manufacturing and export experience, we can help you customize your dream food trailer. What you need to do is just contact us and tell us your detailed requirements.<\/p>\n<h3><b class=\"magic-22\"><span class=\"magic-11\">Glavne zna\u010dajke na\u0161ih prilago\u0111enih <\/span><\/b>Kvadratna prikolica za hranu<\/h3>\n<div class=\"magic-2\">\n<div class=\"magic-3\">\n<div class=\"magic-4\">1. Izra\u0111en je od visokokvalitetnog nehr\u0111aju\u0107eg \u010delika, koji je otporan na koroziju i izdr\u017eljiv.<br \/>\n2. Ima karakteristike otpornosti na toplinu, visoke postojanosti boje, vodootpornosti i dugog vijeka trajanja.<br \/>\n3. Vanjski dio i unutra\u0161njost prikolice za hranu mogu se prilagoditi.<\/div>\n<div>4. For the whole food trailer and the kitchen equipment inside the trailer, we have the corresponding certificates to ensure that customers can use them smoothly.<\/div>\n<\/div>\n<\/div>","protected":false},"excerpt":{"rendered":"<p>This is a custom-made 3m square food trailer. It is a good choice for customers who want to start a mobile food trailer business with not very high investments. <strong>Kliknite na sljede\u0107e kartice kako biste vidjeli vi\u0161e detalja o ovoj prikolici za hranu<\/strong>. Mo\u017eemo napraviti sli\u010dan ovome ili ga prilagoditi za vas. Slobodno nas kontaktirajte i recite nam svoje detaljne zahtjeve!<\/p>","protected":false},"featured_media":7792,"template":"","meta":{"_themeisle_gutenberg_block_has_review":false},"product_brand":[],"product_cat":[26],"product_tag":[33,60,61,38],"class_list":{"0":"post-7785","1":"product","2":"type-product","3":"status-publish","4":"has-post-thumbnail","6":"product_cat-product","7":"product_tag-customized-trailer","8":"product_tag-fast-food-trailer","9":"product_tag-fast-food-trailer-for-sale","10":"product_tag-mobile-food-trailer","12":"first","13":"instock","14":"shipping-taxable","15":"product-type-simple"},"yoast_head":"<!-- This site is optimized with the Yoast SEO plugin v27.5 - https:\/\/yoast.com\/product\/yoast-seo-wordpress\/ -->\n<title>New Design 3m Square Food Trailer with Three-sided Windows<\/title>\n<meta name=\"description\" content=\"Want to start a food trailer business with low investment? see this 3m square food trailer with three-sided windows at a reasonable price now!\" \/>\n<meta name=\"robots\" content=\"index, follow, max-snippet:-1, max-image-preview:large, max-video-preview:-1\" \/>\n<link rel=\"canonical\" href=\"https:\/\/www.honlufoodtrailer.com\/hr\/product\/3m-square-food-trailer-with-three-sided-windows\/\" \/>\n<meta property=\"og:locale\" content=\"hr_HR\" \/>\n<meta property=\"og:type\" content=\"article\" \/>\n<meta property=\"og:title\" content=\"New Design 3m Square Food Trailer with Three-sided Windows\" \/>\n<meta property=\"og:description\" content=\"Want to start a food trailer business with low investment? see this 3m square food trailer with three-sided windows at a reasonable price now!\" \/>\n<meta property=\"og:url\" content=\"https:\/\/www.honlufoodtrailer.com\/hr\/product\/3m-square-food-trailer-with-three-sided-windows\/\" \/>\n<meta property=\"og:site_name\" content=\"Honlu food trailer\" \/>\n<meta property=\"article:modified_time\" content=\"2024-06-20T09:54:02+00:00\" \/>\n<meta property=\"og:image\" content=\"https:\/\/www.honlufoodtrailer.com\/wp-content\/uploads\/2024\/06\/10ft-Food-Trailer-with-Three-Windows.jpg\" \/>\n\t<meta property=\"og:image:width\" content=\"720\" \/>\n\t<meta property=\"og:image:height\" content=\"540\" \/>\n\t<meta property=\"og:image:type\" content=\"image\/jpeg\" \/>\n<meta name=\"twitter:card\" content=\"summary_large_image\" \/>\n<meta name=\"twitter:label1\" content=\"Procijenjeno vrijeme \u010ditanja\" \/>\n\t<meta name=\"twitter:data1\" content=\"1 minuta\" \/>\n<script type=\"application\/ld+json\" class=\"yoast-schema-graph\">{\"@context\":\"https:\\\/\\\/schema.org\",\"@graph\":[{\"@type\":\"WebPage\",\"@id\":\"https:\\\/\\\/www.honlufoodtrailer.com\\\/product\\\/3m-square-food-trailer-with-three-sided-windows\\\/\",\"url\":\"https:\\\/\\\/www.honlufoodtrailer.com\\\/product\\\/3m-square-food-trailer-with-three-sided-windows\\\/\",\"name\":\"New Design 3m Square Food Trailer with Three-sided Windows\",\"isPartOf\":{\"@id\":\"https:\\\/\\\/www.honlufoodtrailer.com\\\/#website\"},\"primaryImageOfPage\":{\"@id\":\"https:\\\/\\\/www.honlufoodtrailer.com\\\/product\\\/3m-square-food-trailer-with-three-sided-windows\\\/#primaryimage\"},\"image\":{\"@id\":\"https:\\\/\\\/www.honlufoodtrailer.com\\\/product\\\/3m-square-food-trailer-with-three-sided-windows\\\/#primaryimage\"},\"thumbnailUrl\":\"https:\\\/\\\/www.honlufoodtrailer.com\\\/wp-content\\\/uploads\\\/2024\\\/06\\\/10ft-Food-Trailer-with-Three-Windows.jpg\",\"datePublished\":\"2024-06-05T07:45:21+00:00\",\"dateModified\":\"2024-06-20T09:54:02+00:00\",\"description\":\"Want to start a food trailer business with low investment? see this 3m square food trailer with three-sided windows at a reasonable price now!\",\"breadcrumb\":{\"@id\":\"https:\\\/\\\/www.honlufoodtrailer.com\\\/product\\\/3m-square-food-trailer-with-three-sided-windows\\\/#breadcrumb\"},\"inLanguage\":\"hr\",\"potentialAction\":[{\"@type\":\"ReadAction\",\"target\":[\"https:\\\/\\\/www.honlufoodtrailer.com\\\/product\\\/3m-square-food-trailer-with-three-sided-windows\\\/\"]}]},{\"@type\":\"ImageObject\",\"inLanguage\":\"hr\",\"@id\":\"https:\\\/\\\/www.honlufoodtrailer.com\\\/product\\\/3m-square-food-trailer-with-three-sided-windows\\\/#primaryimage\",\"url\":\"https:\\\/\\\/www.honlufoodtrailer.com\\\/wp-content\\\/uploads\\\/2024\\\/06\\\/10ft-Food-Trailer-with-Three-Windows.jpg\",\"contentUrl\":\"https:\\\/\\\/www.honlufoodtrailer.com\\\/wp-content\\\/uploads\\\/2024\\\/06\\\/10ft-Food-Trailer-with-Three-Windows.jpg\",\"width\":720,\"height\":540,\"caption\":\"10ft Food Trailer with Three Windows\"},{\"@type\":\"BreadcrumbList\",\"@id\":\"https:\\\/\\\/www.honlufoodtrailer.com\\\/product\\\/3m-square-food-trailer-with-three-sided-windows\\\/#breadcrumb\",\"itemListElement\":[{\"@type\":\"ListItem\",\"position\":1,\"name\":\"Home\",\"item\":\"https:\\\/\\\/www.honlufoodtrailer.com\\\/\"},{\"@type\":\"ListItem\",\"position\":2,\"name\":\"\u4ea7\u54c1\",\"item\":\"https:\\\/\\\/www.honlufoodtrailer.com\\\/shop\\\/\"},{\"@type\":\"ListItem\",\"position\":3,\"name\":\"New Design 3m Square Food Trailer with Three-sided Windows\"}]},{\"@type\":\"WebSite\",\"@id\":\"https:\\\/\\\/www.honlufoodtrailer.com\\\/#website\",\"url\":\"https:\\\/\\\/www.honlufoodtrailer.com\\\/\",\"name\":\"Honlu food trailer\",\"description\":\"\",\"publisher\":{\"@id\":\"https:\\\/\\\/www.honlufoodtrailer.com\\\/#organization\"},\"potentialAction\":[{\"@type\":\"SearchAction\",\"target\":{\"@type\":\"EntryPoint\",\"urlTemplate\":\"https:\\\/\\\/www.honlufoodtrailer.com\\\/?s={search_term_string}\"},\"query-input\":{\"@type\":\"PropertyValueSpecification\",\"valueRequired\":true,\"valueName\":\"search_term_string\"}}],\"inLanguage\":\"hr\"},{\"@type\":\"Organization\",\"@id\":\"https:\\\/\\\/www.honlufoodtrailer.com\\\/#organization\",\"name\":\"Honlu food trailer\",\"url\":\"https:\\\/\\\/www.honlufoodtrailer.com\\\/\",\"logo\":{\"@type\":\"ImageObject\",\"inLanguage\":\"hr\",\"@id\":\"https:\\\/\\\/www.honlufoodtrailer.com\\\/#\\\/schema\\\/logo\\\/image\\\/\",\"url\":\"https:\\\/\\\/www.honlufoodtrailer.com\\\/wp-content\\\/uploads\\\/2021\\\/12\\\/2.gif\",\"contentUrl\":\"https:\\\/\\\/www.honlufoodtrailer.com\\\/wp-content\\\/uploads\\\/2021\\\/12\\\/2.gif\",\"width\":350,\"height\":100,\"caption\":\"Honlu food trailer\"},\"image\":{\"@id\":\"https:\\\/\\\/www.honlufoodtrailer.com\\\/#\\\/schema\\\/logo\\\/image\\\/\"}}]}<\/script>\n<!-- \/ Yoast SEO plugin. -->","yoast_head_json":{"title":"New Design 3m Square Food Trailer with Three-sided Windows","description":"Want to start a food trailer business with low investment? see this 3m square food trailer with three-sided windows at a reasonable price now!","robots":{"index":"index","follow":"follow","max-snippet":"max-snippet:-1","max-image-preview":"max-image-preview:large","max-video-preview":"max-video-preview:-1"},"canonical":"https:\/\/www.honlufoodtrailer.com\/hr\/product\/3m-square-food-trailer-with-three-sided-windows\/","og_locale":"hr_HR","og_type":"article","og_title":"New Design 3m Square Food Trailer with Three-sided Windows","og_description":"Want to start a food trailer business with low investment? see this 3m square food trailer with three-sided windows at a reasonable price now!","og_url":"https:\/\/www.honlufoodtrailer.com\/hr\/product\/3m-square-food-trailer-with-three-sided-windows\/","og_site_name":"Honlu food trailer","article_modified_time":"2024-06-20T09:54:02+00:00","og_image":[{"width":720,"height":540,"url":"https:\/\/www.honlufoodtrailer.com\/wp-content\/uploads\/2024\/06\/10ft-Food-Trailer-with-Three-Windows.jpg","type":"image\/jpeg"}],"twitter_card":"summary_large_image","twitter_misc":{"Procijenjeno vrijeme \u010ditanja":"1 minuta"},"schema":{"@context":"https:\/\/schema.org","@graph":[{"@type":"WebPage","@id":"https:\/\/www.honlufoodtrailer.com\/product\/3m-square-food-trailer-with-three-sided-windows\/","url":"https:\/\/www.honlufoodtrailer.com\/product\/3m-square-food-trailer-with-three-sided-windows\/","name":"New Design 3m Square Food Trailer with Three-sided Windows","isPartOf":{"@id":"https:\/\/www.honlufoodtrailer.com\/#website"},"primaryImageOfPage":{"@id":"https:\/\/www.honlufoodtrailer.com\/product\/3m-square-food-trailer-with-three-sided-windows\/#primaryimage"},"image":{"@id":"https:\/\/www.honlufoodtrailer.com\/product\/3m-square-food-trailer-with-three-sided-windows\/#primaryimage"},"thumbnailUrl":"https:\/\/www.honlufoodtrailer.com\/wp-content\/uploads\/2024\/06\/10ft-Food-Trailer-with-Three-Windows.jpg","datePublished":"2024-06-05T07:45:21+00:00","dateModified":"2024-06-20T09:54:02+00:00","description":"Want to start a food trailer business with low investment? see this 3m square food trailer with three-sided windows at a reasonable price now!","breadcrumb":{"@id":"https:\/\/www.honlufoodtrailer.com\/product\/3m-square-food-trailer-with-three-sided-windows\/#breadcrumb"},"inLanguage":"hr","potentialAction":[{"@type":"ReadAction","target":["https:\/\/www.honlufoodtrailer.com\/product\/3m-square-food-trailer-with-three-sided-windows\/"]}]},{"@type":"ImageObject","inLanguage":"hr","@id":"https:\/\/www.honlufoodtrailer.com\/product\/3m-square-food-trailer-with-three-sided-windows\/#primaryimage","url":"https:\/\/www.honlufoodtrailer.com\/wp-content\/uploads\/2024\/06\/10ft-Food-Trailer-with-Three-Windows.jpg","contentUrl":"https:\/\/www.honlufoodtrailer.com\/wp-content\/uploads\/2024\/06\/10ft-Food-Trailer-with-Three-Windows.jpg","width":720,"height":540,"caption":"10ft Food Trailer with Three Windows"},{"@type":"BreadcrumbList","@id":"https:\/\/www.honlufoodtrailer.com\/product\/3m-square-food-trailer-with-three-sided-windows\/#breadcrumb","itemListElement":[{"@type":"ListItem","position":1,"name":"Home","item":"https:\/\/www.honlufoodtrailer.com\/"},{"@type":"ListItem","position":2,"name":"\u4ea7\u54c1","item":"https:\/\/www.honlufoodtrailer.com\/shop\/"},{"@type":"ListItem","position":3,"name":"New Design 3m Square Food Trailer with Three-sided Windows"}]},{"@type":"WebSite","@id":"https:\/\/www.honlufoodtrailer.com\/#website","url":"https:\/\/www.honlufoodtrailer.com\/","name":"Prikolica za hranu Honlu","description":"","publisher":{"@id":"https:\/\/www.honlufoodtrailer.com\/#organization"},"potentialAction":[{"@type":"SearchAction","target":{"@type":"EntryPoint","urlTemplate":"https:\/\/www.honlufoodtrailer.com\/?s={search_term_string}"},"query-input":{"@type":"PropertyValueSpecification","valueRequired":true,"valueName":"search_term_string"}}],"inLanguage":"hr"},{"@type":"Organization","@id":"https:\/\/www.honlufoodtrailer.com\/#organization","name":"Prikolica za hranu Honlu","url":"https:\/\/www.honlufoodtrailer.com\/","logo":{"@type":"ImageObject","inLanguage":"hr","@id":"https:\/\/www.honlufoodtrailer.com\/#\/schema\/logo\/image\/","url":"https:\/\/www.honlufoodtrailer.com\/wp-content\/uploads\/2021\/12\/2.gif","contentUrl":"https:\/\/www.honlufoodtrailer.com\/wp-content\/uploads\/2021\/12\/2.gif","width":350,"height":100,"caption":"Honlu food trailer"},"image":{"@id":"https:\/\/www.honlufoodtrailer.com\/#\/schema\/logo\/image\/"}}]}},"_links":{"self":[{"href":"https:\/\/www.honlufoodtrailer.com\/hr\/wp-json\/wp\/v2\/product\/7785","targetHints":{"allow":["GET"]}}],"collection":[{"href":"https:\/\/www.honlufoodtrailer.com\/hr\/wp-json\/wp\/v2\/product"}],"about":[{"href":"https:\/\/www.honlufoodtrailer.com\/hr\/wp-json\/wp\/v2\/types\/product"}],"version-history":[{"count":0,"href":"https:\/\/www.honlufoodtrailer.com\/hr\/wp-json\/wp\/v2\/product\/7785\/revisions"}],"wp:featuredmedia":[{"embeddable":true,"href":"https:\/\/www.honlufoodtrailer.com\/hr\/wp-json\/wp\/v2\/media\/7792"}],"wp:attachment":[{"href":"https:\/\/www.honlufoodtrailer.com\/hr\/wp-json\/wp\/v2\/media?parent=7785"}],"wp:term":[{"taxonomy":"product_brand","embeddable":true,"href":"https:\/\/www.honlufoodtrailer.com\/hr\/wp-json\/wp\/v2\/product_brand?post=7785"},{"taxonomy":"product_cat","embeddable":true,"href":"https:\/\/www.honlufoodtrailer.com\/hr\/wp-json\/wp\/v2\/product_cat?post=7785"},{"taxonomy":"product_tag","embeddable":true,"href":"https:\/\/www.honlufoodtrailer.com\/hr\/wp-json\/wp\/v2\/product_tag?post=7785"}],"curies":[{"name":"wp","href":"https:\/\/api.w.org\/{rel}","templated":true}]}}