{"id":8009,"date":"2024-07-10T18:07:05","date_gmt":"2024-07-10T10:07:05","guid":{"rendered":"https:\/\/www.honlufoodtrailer.com\/?post_type=product&#038;p=8009"},"modified":"2025-02-18T11:01:19","modified_gmt":"2025-02-18T03:01:19","slug":"18ft-food-trailer-in-granite-gray","status":"publish","type":"product","link":"https:\/\/www.honlufoodtrailer.com\/hr\/product\/18ft-food-trailer-in-granite-gray\/","title":{"rendered":"18ft Food Trailer Canada in Granite Gray"},"content":{"rendered":"<p>This is a customized 18ft food trailer in granite gray we have manufactured for one of our Canadian customers. We can manufacture a similar 18ft food trailer for sale like this one, or customize one for you. The body color, stickers, signage, kitchen equipment of the food trailer can be customized. Just contact us and tell us your detailed requirements.<\/p>\n<p><img fetchpriority=\"high\" decoding=\"async\" class=\"aligncenter size-full wp-image-8014\" src=\"https:\/\/www.honlufoodtrailer.com\/wp-content\/uploads\/2024\/07\/18ft-Food-Trailer-In-Granite-Gray-on-sale.jpg\" alt=\"18ft Food Trailer In Granite Gray on sale\" width=\"720\" height=\"540\" srcset=\"https:\/\/www.honlufoodtrailer.com\/wp-content\/uploads\/2024\/07\/18ft-Food-Trailer-In-Granite-Gray-on-sale.jpg 720w, https:\/\/www.honlufoodtrailer.com\/wp-content\/uploads\/2024\/07\/18ft-Food-Trailer-In-Granite-Gray-on-sale-480x360.jpg 480w, https:\/\/www.honlufoodtrailer.com\/wp-content\/uploads\/2024\/07\/18ft-Food-Trailer-In-Granite-Gray-on-sale-300x225.jpg 300w\" sizes=\"(max-width: 720px) 100vw, 720px\" \/> <img decoding=\"async\" class=\"aligncenter size-full wp-image-8011\" src=\"https:\/\/www.honlufoodtrailer.com\/wp-content\/uploads\/2024\/07\/18ft-Food-Trailer-In-Granite-Gray-back-view.jpg\" alt=\"18ft Food Trailer In Granite Gray back view\" width=\"720\" height=\"540\" srcset=\"https:\/\/www.honlufoodtrailer.com\/wp-content\/uploads\/2024\/07\/18ft-Food-Trailer-In-Granite-Gray-back-view.jpg 720w, https:\/\/www.honlufoodtrailer.com\/wp-content\/uploads\/2024\/07\/18ft-Food-Trailer-In-Granite-Gray-back-view-480x360.jpg 480w, https:\/\/www.honlufoodtrailer.com\/wp-content\/uploads\/2024\/07\/18ft-Food-Trailer-In-Granite-Gray-back-view-300x225.jpg 300w\" sizes=\"(max-width: 720px) 100vw, 720px\" \/><\/p>\n<p>\u017delite li pokrenuti vlastiti posao s hranom? \u017delite li ponuditi ukusne obroke u pokretu? Onda razmislite o ulaganju u ovu mobilnu prikolicu za tacos od 26 stopa (8 metara) koja je na prodaju. Ova vrsta... <a href=\"https:\/\/www.honlufoodtrailer.com\/hr\/product\/\" target=\"_blank\" rel=\"noopener\">prikolica za hranu<\/a> can help drive your business to success. As you can see from the picture above, you can use this food trailer to sell many kinds of fast food such as chicken sandwiches, chicken salads, pizzas, hot dog sandwiches, burgers, tacos, wings, salads, chips, soft drinks. That will help you attract more customers. Next, let me show you the inner view of this food trailer.<\/p>\n<h3>Inner Details of This 18ft Food Trailer in Granite Gray<\/h3>\n<p>As we can see from the picture above, We have equipped the 18ft food trailer with some kitchen equipment. Inside the trailer, there is mainly kitchen equipment such as gas stove, work table, sinks, griddle and range hood etc. With the above kitchen equipment, our customer will be able to serve diners various types of fast foods.<br \/>\n<img decoding=\"async\" class=\"aligncenter size-full wp-image-8013\" src=\"https:\/\/www.honlufoodtrailer.com\/wp-content\/uploads\/2024\/07\/18ft-Food-Trailer-In-Granite-Gray-inner-view.jpg\" alt=\"18ft Food Trailer In Granite Gray inner view\" width=\"720\" height=\"540\" srcset=\"https:\/\/www.honlufoodtrailer.com\/wp-content\/uploads\/2024\/07\/18ft-Food-Trailer-In-Granite-Gray-inner-view.jpg 720w, https:\/\/www.honlufoodtrailer.com\/wp-content\/uploads\/2024\/07\/18ft-Food-Trailer-In-Granite-Gray-inner-view-480x360.jpg 480w, https:\/\/www.honlufoodtrailer.com\/wp-content\/uploads\/2024\/07\/18ft-Food-Trailer-In-Granite-Gray-inner-view-300x225.jpg 300w\" sizes=\"(max-width: 720px) 100vw, 720px\" \/><br \/>\n<img loading=\"lazy\" decoding=\"async\" class=\"aligncenter size-full wp-image-8030\" src=\"https:\/\/www.honlufoodtrailer.com\/wp-content\/uploads\/2024\/07\/18ft-food-trailer-in-granite-gray-inner-details.jpg\" alt=\"18ft food trailer in granite gray inner details\" width=\"800\" height=\"800\" srcset=\"https:\/\/www.honlufoodtrailer.com\/wp-content\/uploads\/2024\/07\/18ft-food-trailer-in-granite-gray-inner-details.jpg 800w, https:\/\/www.honlufoodtrailer.com\/wp-content\/uploads\/2024\/07\/18ft-food-trailer-in-granite-gray-inner-details-768x768.jpg 768w, https:\/\/www.honlufoodtrailer.com\/wp-content\/uploads\/2024\/07\/18ft-food-trailer-in-granite-gray-inner-details-360x360.jpg 360w, https:\/\/www.honlufoodtrailer.com\/wp-content\/uploads\/2024\/07\/18ft-food-trailer-in-granite-gray-inner-details-300x300.jpg 300w, https:\/\/www.honlufoodtrailer.com\/wp-content\/uploads\/2024\/07\/18ft-food-trailer-in-granite-gray-inner-details-720x720.jpg 720w, https:\/\/www.honlufoodtrailer.com\/wp-content\/uploads\/2024\/07\/18ft-food-trailer-in-granite-gray-inner-details-100x100.jpg 100w\" sizes=\"(max-width: 800px) 100vw, 800px\" \/><\/p>\n<p>Prikolice za hranu mogu se nazivati i kolicima za hranu, kombijima za hranu, kamionima za hranu i tako dalje. Mogu se koristiti za prodaju brze hrane, grickalica, novina, knjiga i tako dalje. Sastoje se od \u0161asije, karoserije, poda, radnog stola, vodovodnog sustava i elektri\u010dnog sustava. Korisnici tako\u0111er mogu odabrati boju koju \u017eele. \u017deljeli bismo kupiti i druge vrste opreme ako kupci to \u017eele.<\/p>\n<h3>Main Features Of The Customized 18ft Food Trailer Canada<\/h3>\n<ol>\n<li>Jeftino i ekolo\u0161ki prihvatljivo, bez dima i buke, lako se premje\u0161ta bilo gdje.<\/li>\n<li>Mo\u017ee se koristiti dugi niz godina i ne\u0107e nakupljati sme\u0107e, \u0161to je uvelike prikladno za moderni \u017eivot.<\/li>\n<li>Prakti\u010dan je i jednostavan za utovar i transport jer je dizajn jedinstven i individualan.<\/li>\n<li>Glavni materijal je nehr\u0111aju\u0107i \u010delik, a ravna plo\u010da (stol) ne\u0107e zahr\u0111ati.<\/li>\n<li>Otporna je na toplinu i ima visoku \u010dvrsto\u0107u, visoku postojanost boje, ne deformira se, vodootporna je i ima dug vijek trajanja.<\/li>\n<\/ol>\n<h3>Glavna prednost:<\/h3>\n<p>1. Niska cijena i ekolo\u0161ki prihvatljivo;<br \/>\n2. Jednostavno premje\u0161tanje na bilo koje mjesto (va\u0161e poslovanje nije ograni\u010deno);<br \/>\n3. Jedinstveni oblik (nevidljiv kako bi privukao vi\u0161e kupaca);<br \/>\n4. Dugi vijek trajanja (otporan na koroziju, otpornost na toplinu, vodootporan, bez deformacija).<\/p>","protected":false},"excerpt":{"rendered":"<p>This is one of our custom-made 18ft food trailer Canada in granite gray. It is a good choice for starting a food trailer business. Of course, we can manufacture a similar food trailer like this one, or customize one for you. The body color, stickers, signage, kitchen equipment of the food trailer can be customized. <strong>Kliknite na sljede\u0107e kartice kako biste vidjeli vi\u0161e detalja o ovoj prikolici za hranu <\/strong>Please contact us and tell us your detailed requirements. Just don\u2019t hesitate to contact us now!<\/p>","protected":false},"featured_media":8010,"template":"","meta":{"_themeisle_gutenberg_block_has_review":false},"product_brand":[],"product_cat":[26],"product_tag":[83,33,60,61,38],"class_list":{"0":"post-8009","1":"product","2":"type-product","3":"status-publish","4":"has-post-thumbnail","6":"product_cat-product","7":"product_tag-18ft-food-trailer","8":"product_tag-customized-trailer","9":"product_tag-fast-food-trailer","10":"product_tag-fast-food-trailer-for-sale","11":"product_tag-mobile-food-trailer","13":"first","14":"instock","15":"featured","16":"shipping-taxable","17":"product-type-simple"},"yoast_head":"<!-- This site is optimized with the Yoast SEO plugin v27.5 - https:\/\/yoast.com\/product\/yoast-seo-wordpress\/ -->\n<title>18ft Food Trailer In Granite Gray For Sale - Honlu Food Trailer<\/title>\n<meta name=\"description\" content=\"This is an 18ft food trailer in granite gray we have customized for an Canadian customer. Get a similar or customized one at factory price now!\" \/>\n<meta name=\"robots\" content=\"index, follow, max-snippet:-1, max-image-preview:large, max-video-preview:-1\" \/>\n<link rel=\"canonical\" href=\"https:\/\/www.honlufoodtrailer.com\/hr\/product\/18ft-food-trailer-in-granite-gray\/\" \/>\n<meta property=\"og:locale\" content=\"hr_HR\" \/>\n<meta property=\"og:type\" content=\"article\" \/>\n<meta property=\"og:title\" content=\"18ft Food Trailer In Granite Gray For Sale - Honlu Food Trailer\" \/>\n<meta property=\"og:description\" content=\"This is an 18ft food trailer in granite gray we have customized for an Canadian customer. Get a similar or customized one at factory price now!\" \/>\n<meta property=\"og:url\" content=\"https:\/\/www.honlufoodtrailer.com\/hr\/product\/18ft-food-trailer-in-granite-gray\/\" \/>\n<meta property=\"og:site_name\" content=\"Honlu food trailer\" \/>\n<meta property=\"article:modified_time\" content=\"2025-02-18T03:01:19+00:00\" \/>\n<meta property=\"og:image\" content=\"https:\/\/www.honlufoodtrailer.com\/wp-content\/uploads\/2024\/07\/5.5m-Food-Trailer-In-Granite-Gray.jpg\" \/>\n\t<meta property=\"og:image:width\" content=\"720\" \/>\n\t<meta property=\"og:image:height\" content=\"540\" \/>\n\t<meta property=\"og:image:type\" content=\"image\/jpeg\" \/>\n<meta name=\"twitter:card\" content=\"summary_large_image\" \/>\n<meta name=\"twitter:label1\" content=\"Procijenjeno vrijeme \u010ditanja\" \/>\n\t<meta name=\"twitter:data1\" content=\"1 minuta\" \/>\n<script type=\"application\/ld+json\" class=\"yoast-schema-graph\">{\"@context\":\"https:\\\/\\\/schema.org\",\"@graph\":[{\"@type\":\"WebPage\",\"@id\":\"https:\\\/\\\/www.honlufoodtrailer.com\\\/product\\\/18ft-food-trailer-in-granite-gray\\\/\",\"url\":\"https:\\\/\\\/www.honlufoodtrailer.com\\\/product\\\/18ft-food-trailer-in-granite-gray\\\/\",\"name\":\"18ft Food Trailer In Granite Gray For Sale - Honlu Food Trailer\",\"isPartOf\":{\"@id\":\"https:\\\/\\\/www.honlufoodtrailer.com\\\/#website\"},\"primaryImageOfPage\":{\"@id\":\"https:\\\/\\\/www.honlufoodtrailer.com\\\/product\\\/18ft-food-trailer-in-granite-gray\\\/#primaryimage\"},\"image\":{\"@id\":\"https:\\\/\\\/www.honlufoodtrailer.com\\\/product\\\/18ft-food-trailer-in-granite-gray\\\/#primaryimage\"},\"thumbnailUrl\":\"https:\\\/\\\/www.honlufoodtrailer.com\\\/wp-content\\\/uploads\\\/2024\\\/07\\\/5.5m-Food-Trailer-In-Granite-Gray.jpg\",\"datePublished\":\"2024-07-10T10:07:05+00:00\",\"dateModified\":\"2025-02-18T03:01:19+00:00\",\"description\":\"This is an 18ft food trailer in granite gray we have customized for an Canadian customer. Get a similar or customized one at factory price now!\",\"breadcrumb\":{\"@id\":\"https:\\\/\\\/www.honlufoodtrailer.com\\\/product\\\/18ft-food-trailer-in-granite-gray\\\/#breadcrumb\"},\"inLanguage\":\"hr\",\"potentialAction\":[{\"@type\":\"ReadAction\",\"target\":[\"https:\\\/\\\/www.honlufoodtrailer.com\\\/product\\\/18ft-food-trailer-in-granite-gray\\\/\"]}]},{\"@type\":\"ImageObject\",\"inLanguage\":\"hr\",\"@id\":\"https:\\\/\\\/www.honlufoodtrailer.com\\\/product\\\/18ft-food-trailer-in-granite-gray\\\/#primaryimage\",\"url\":\"https:\\\/\\\/www.honlufoodtrailer.com\\\/wp-content\\\/uploads\\\/2024\\\/07\\\/5.5m-Food-Trailer-In-Granite-Gray.jpg\",\"contentUrl\":\"https:\\\/\\\/www.honlufoodtrailer.com\\\/wp-content\\\/uploads\\\/2024\\\/07\\\/5.5m-Food-Trailer-In-Granite-Gray.jpg\",\"width\":720,\"height\":540,\"caption\":\"5.5m Food Trailer In Granite Gray\"},{\"@type\":\"BreadcrumbList\",\"@id\":\"https:\\\/\\\/www.honlufoodtrailer.com\\\/product\\\/18ft-food-trailer-in-granite-gray\\\/#breadcrumb\",\"itemListElement\":[{\"@type\":\"ListItem\",\"position\":1,\"name\":\"Home\",\"item\":\"https:\\\/\\\/www.honlufoodtrailer.com\\\/\"},{\"@type\":\"ListItem\",\"position\":2,\"name\":\"\u4ea7\u54c1\",\"item\":\"https:\\\/\\\/www.honlufoodtrailer.com\\\/shop\\\/\"},{\"@type\":\"ListItem\",\"position\":3,\"name\":\"18ft Food Trailer Canada in Granite Gray\"}]},{\"@type\":\"WebSite\",\"@id\":\"https:\\\/\\\/www.honlufoodtrailer.com\\\/#website\",\"url\":\"https:\\\/\\\/www.honlufoodtrailer.com\\\/\",\"name\":\"Honlu food trailer\",\"description\":\"\",\"publisher\":{\"@id\":\"https:\\\/\\\/www.honlufoodtrailer.com\\\/#organization\"},\"potentialAction\":[{\"@type\":\"SearchAction\",\"target\":{\"@type\":\"EntryPoint\",\"urlTemplate\":\"https:\\\/\\\/www.honlufoodtrailer.com\\\/?s={search_term_string}\"},\"query-input\":{\"@type\":\"PropertyValueSpecification\",\"valueRequired\":true,\"valueName\":\"search_term_string\"}}],\"inLanguage\":\"hr\"},{\"@type\":\"Organization\",\"@id\":\"https:\\\/\\\/www.honlufoodtrailer.com\\\/#organization\",\"name\":\"Honlu food trailer\",\"url\":\"https:\\\/\\\/www.honlufoodtrailer.com\\\/\",\"logo\":{\"@type\":\"ImageObject\",\"inLanguage\":\"hr\",\"@id\":\"https:\\\/\\\/www.honlufoodtrailer.com\\\/#\\\/schema\\\/logo\\\/image\\\/\",\"url\":\"https:\\\/\\\/www.honlufoodtrailer.com\\\/wp-content\\\/uploads\\\/2021\\\/12\\\/2.gif\",\"contentUrl\":\"https:\\\/\\\/www.honlufoodtrailer.com\\\/wp-content\\\/uploads\\\/2021\\\/12\\\/2.gif\",\"width\":350,\"height\":100,\"caption\":\"Honlu food trailer\"},\"image\":{\"@id\":\"https:\\\/\\\/www.honlufoodtrailer.com\\\/#\\\/schema\\\/logo\\\/image\\\/\"}}]}<\/script>\n<!-- \/ Yoast SEO plugin. -->","yoast_head_json":{"title":"18ft Food Trailer In Granite Gray For Sale - Honlu Food Trailer","description":"This is an 18ft food trailer in granite gray we have customized for an Canadian customer. Get a similar or customized one at factory price now!","robots":{"index":"index","follow":"follow","max-snippet":"max-snippet:-1","max-image-preview":"max-image-preview:large","max-video-preview":"max-video-preview:-1"},"canonical":"https:\/\/www.honlufoodtrailer.com\/hr\/product\/18ft-food-trailer-in-granite-gray\/","og_locale":"hr_HR","og_type":"article","og_title":"18ft Food Trailer In Granite Gray For Sale - Honlu Food Trailer","og_description":"This is an 18ft food trailer in granite gray we have customized for an Canadian customer. Get a similar or customized one at factory price now!","og_url":"https:\/\/www.honlufoodtrailer.com\/hr\/product\/18ft-food-trailer-in-granite-gray\/","og_site_name":"Honlu food trailer","article_modified_time":"2025-02-18T03:01:19+00:00","og_image":[{"width":720,"height":540,"url":"https:\/\/www.honlufoodtrailer.com\/wp-content\/uploads\/2024\/07\/5.5m-Food-Trailer-In-Granite-Gray.jpg","type":"image\/jpeg"}],"twitter_card":"summary_large_image","twitter_misc":{"Procijenjeno vrijeme \u010ditanja":"1 minuta"},"schema":{"@context":"https:\/\/schema.org","@graph":[{"@type":"WebPage","@id":"https:\/\/www.honlufoodtrailer.com\/product\/18ft-food-trailer-in-granite-gray\/","url":"https:\/\/www.honlufoodtrailer.com\/product\/18ft-food-trailer-in-granite-gray\/","name":"18ft Food Trailer In Granite Gray For Sale - Honlu Food Trailer","isPartOf":{"@id":"https:\/\/www.honlufoodtrailer.com\/#website"},"primaryImageOfPage":{"@id":"https:\/\/www.honlufoodtrailer.com\/product\/18ft-food-trailer-in-granite-gray\/#primaryimage"},"image":{"@id":"https:\/\/www.honlufoodtrailer.com\/product\/18ft-food-trailer-in-granite-gray\/#primaryimage"},"thumbnailUrl":"https:\/\/www.honlufoodtrailer.com\/wp-content\/uploads\/2024\/07\/5.5m-Food-Trailer-In-Granite-Gray.jpg","datePublished":"2024-07-10T10:07:05+00:00","dateModified":"2025-02-18T03:01:19+00:00","description":"This is an 18ft food trailer in granite gray we have customized for an Canadian customer. Get a similar or customized one at factory price now!","breadcrumb":{"@id":"https:\/\/www.honlufoodtrailer.com\/product\/18ft-food-trailer-in-granite-gray\/#breadcrumb"},"inLanguage":"hr","potentialAction":[{"@type":"ReadAction","target":["https:\/\/www.honlufoodtrailer.com\/product\/18ft-food-trailer-in-granite-gray\/"]}]},{"@type":"ImageObject","inLanguage":"hr","@id":"https:\/\/www.honlufoodtrailer.com\/product\/18ft-food-trailer-in-granite-gray\/#primaryimage","url":"https:\/\/www.honlufoodtrailer.com\/wp-content\/uploads\/2024\/07\/5.5m-Food-Trailer-In-Granite-Gray.jpg","contentUrl":"https:\/\/www.honlufoodtrailer.com\/wp-content\/uploads\/2024\/07\/5.5m-Food-Trailer-In-Granite-Gray.jpg","width":720,"height":540,"caption":"5.5m Food Trailer In Granite Gray"},{"@type":"BreadcrumbList","@id":"https:\/\/www.honlufoodtrailer.com\/product\/18ft-food-trailer-in-granite-gray\/#breadcrumb","itemListElement":[{"@type":"ListItem","position":1,"name":"Home","item":"https:\/\/www.honlufoodtrailer.com\/"},{"@type":"ListItem","position":2,"name":"\u4ea7\u54c1","item":"https:\/\/www.honlufoodtrailer.com\/shop\/"},{"@type":"ListItem","position":3,"name":"18ft Food Trailer Canada in Granite Gray"}]},{"@type":"WebSite","@id":"https:\/\/www.honlufoodtrailer.com\/#website","url":"https:\/\/www.honlufoodtrailer.com\/","name":"Prikolica za hranu Honlu","description":"","publisher":{"@id":"https:\/\/www.honlufoodtrailer.com\/#organization"},"potentialAction":[{"@type":"SearchAction","target":{"@type":"EntryPoint","urlTemplate":"https:\/\/www.honlufoodtrailer.com\/?s={search_term_string}"},"query-input":{"@type":"PropertyValueSpecification","valueRequired":true,"valueName":"search_term_string"}}],"inLanguage":"hr"},{"@type":"Organization","@id":"https:\/\/www.honlufoodtrailer.com\/#organization","name":"Prikolica za hranu Honlu","url":"https:\/\/www.honlufoodtrailer.com\/","logo":{"@type":"ImageObject","inLanguage":"hr","@id":"https:\/\/www.honlufoodtrailer.com\/#\/schema\/logo\/image\/","url":"https:\/\/www.honlufoodtrailer.com\/wp-content\/uploads\/2021\/12\/2.gif","contentUrl":"https:\/\/www.honlufoodtrailer.com\/wp-content\/uploads\/2021\/12\/2.gif","width":350,"height":100,"caption":"Honlu food trailer"},"image":{"@id":"https:\/\/www.honlufoodtrailer.com\/#\/schema\/logo\/image\/"}}]}},"_links":{"self":[{"href":"https:\/\/www.honlufoodtrailer.com\/hr\/wp-json\/wp\/v2\/product\/8009","targetHints":{"allow":["GET"]}}],"collection":[{"href":"https:\/\/www.honlufoodtrailer.com\/hr\/wp-json\/wp\/v2\/product"}],"about":[{"href":"https:\/\/www.honlufoodtrailer.com\/hr\/wp-json\/wp\/v2\/types\/product"}],"version-history":[{"count":0,"href":"https:\/\/www.honlufoodtrailer.com\/hr\/wp-json\/wp\/v2\/product\/8009\/revisions"}],"wp:featuredmedia":[{"embeddable":true,"href":"https:\/\/www.honlufoodtrailer.com\/hr\/wp-json\/wp\/v2\/media\/8010"}],"wp:attachment":[{"href":"https:\/\/www.honlufoodtrailer.com\/hr\/wp-json\/wp\/v2\/media?parent=8009"}],"wp:term":[{"taxonomy":"product_brand","embeddable":true,"href":"https:\/\/www.honlufoodtrailer.com\/hr\/wp-json\/wp\/v2\/product_brand?post=8009"},{"taxonomy":"product_cat","embeddable":true,"href":"https:\/\/www.honlufoodtrailer.com\/hr\/wp-json\/wp\/v2\/product_cat?post=8009"},{"taxonomy":"product_tag","embeddable":true,"href":"https:\/\/www.honlufoodtrailer.com\/hr\/wp-json\/wp\/v2\/product_tag?post=8009"}],"curies":[{"name":"wp","href":"https:\/\/api.w.org\/{rel}","templated":true}]}}