{"id":8102,"date":"2024-07-23T16:45:18","date_gmt":"2024-07-23T08:45:18","guid":{"rendered":"https:\/\/www.honlufoodtrailer.com\/?post_type=product&#038;p=8102"},"modified":"2025-02-14T14:34:10","modified_gmt":"2025-02-14T06:34:10","slug":"4m-beer-concession-trailer","status":"publish","type":"product","link":"https:\/\/www.honlufoodtrailer.com\/hr\/product\/4m-beer-concession-trailer\/","title":{"rendered":"Prikolica za koncesiju s pivom od 4 metra"},"content":{"rendered":"<p>\u017delite li pokrenuti posao s prikolicama za pivo? Pogledajte ovu mobilnu prikolicu za pivo od 4 m! To je prikolica za koncesije s pivom koju smo dizajnirali i prilagodili za jednog od na\u0161ih kupaca. S kompaktnom strukturom i razumnom cijenom, ova prikolica za pivo dobar je izbor za pokretanje posla. Mo\u017eemo proizvesti sli\u010dnu. <a href=\"https:\/\/www.honlufoodtrailer.com\/hr\/product\/small-beverage-trailer-for-sale\/\" target=\"_blank\" rel=\"noopener\">prikolica za pi\u0107e<\/a> kao ova ili prilagodite jednu za sebe. Boja karoserije, naljepnice, signalizacija i kuhinjska oprema prikolice za pi\u0107e mogu se prilagoditi. Samo nas kontaktirajte i recite nam svoje detaljne zahtjeve. Sada, prvo pogledajmo neke slike ove prikolice za pivnicu od 4 m!<br \/>\n<img fetchpriority=\"high\" decoding=\"async\" class=\"aligncenter size-full wp-image-8112\" src=\"https:\/\/www.honlufoodtrailer.com\/wp-content\/uploads\/2024\/07\/4m-small-beer-trailer.jpg\" alt=\"Mala prikolica za pivo od 4 m\" width=\"720\" height=\"540\" srcset=\"https:\/\/www.honlufoodtrailer.com\/wp-content\/uploads\/2024\/07\/4m-small-beer-trailer.jpg 720w, https:\/\/www.honlufoodtrailer.com\/wp-content\/uploads\/2024\/07\/4m-small-beer-trailer-480x360.jpg 480w, https:\/\/www.honlufoodtrailer.com\/wp-content\/uploads\/2024\/07\/4m-small-beer-trailer-300x225.jpg 300w\" sizes=\"(max-width: 720px) 100vw, 720px\" \/> <img decoding=\"async\" class=\"aligncenter size-full wp-image-8103\" src=\"https:\/\/www.honlufoodtrailer.com\/wp-content\/uploads\/2024\/07\/4m-beer-concession-trailer-for-sale.jpg\" alt=\"Prodajem prikolicu za pivsku koncesiju od 4 metra\" width=\"720\" height=\"540\" srcset=\"https:\/\/www.honlufoodtrailer.com\/wp-content\/uploads\/2024\/07\/4m-beer-concession-trailer-for-sale.jpg 720w, https:\/\/www.honlufoodtrailer.com\/wp-content\/uploads\/2024\/07\/4m-beer-concession-trailer-for-sale-480x360.jpg 480w, https:\/\/www.honlufoodtrailer.com\/wp-content\/uploads\/2024\/07\/4m-beer-concession-trailer-for-sale-300x225.jpg 300w\" sizes=\"(max-width: 720px) 100vw, 720px\" \/><\/p>\n<p>Kao \u0161to mo\u017eemo vidjeti na gornjim slikama, ovu prijenosnu pivsku prikolicu ukrasili smo uzorcima piva i vina, ba\u0161 kako je kupac \u017eelio. Ova pivska prikolica ima dva prozora sprijeda, \u0161to je vrlo prakti\u010dno za kupce za naru\u010divanje i preuzimanje hrane. Danas uspje\u0161ni vlasnici restorana pro\u0161iruju svoje restorane s mogu\u0107no\u0161\u0107u sjedenja mobilnim restoranima iz mnogo razloga, kao \u0161to su ni\u017ei po\u010detni tro\u0161kovi, ni\u017ei tro\u0161kovi upravljanja i vi\u0161e ogla\u0161avanja. Ova vrsta male pivske prikolice mo\u017ee vam pomo\u0107i u pro\u0161irenju poslovanja. Zatim, pogledajmo vi\u0161e detalja o ovoj pivskoj prikolici od 4 metra.<\/p>\n<h3>Unutarnja struktura ove prikolice za koncesiju piva od 4 m<\/h3>\n<p><img decoding=\"async\" class=\"aligncenter size-full wp-image-8104\" src=\"https:\/\/www.honlufoodtrailer.com\/wp-content\/uploads\/2024\/07\/4m-beer-concession-trailer-inner-structure.jpg\" alt=\"Unutarnja konstrukcija prikolice za pivske koncesije od 4 m\" width=\"800\" height=\"800\" srcset=\"https:\/\/www.honlufoodtrailer.com\/wp-content\/uploads\/2024\/07\/4m-beer-concession-trailer-inner-structure.jpg 800w, https:\/\/www.honlufoodtrailer.com\/wp-content\/uploads\/2024\/07\/4m-beer-concession-trailer-inner-structure-768x768.jpg 768w, https:\/\/www.honlufoodtrailer.com\/wp-content\/uploads\/2024\/07\/4m-beer-concession-trailer-inner-structure-360x360.jpg 360w, https:\/\/www.honlufoodtrailer.com\/wp-content\/uploads\/2024\/07\/4m-beer-concession-trailer-inner-structure-300x300.jpg 300w, https:\/\/www.honlufoodtrailer.com\/wp-content\/uploads\/2024\/07\/4m-beer-concession-trailer-inner-structure-720x720.jpg 720w, https:\/\/www.honlufoodtrailer.com\/wp-content\/uploads\/2024\/07\/4m-beer-concession-trailer-inner-structure-100x100.jpg 100w\" sizes=\"(max-width: 800px) 100vw, 800px\" \/><\/p>\n<p>Kao \u0161to mo\u017eemo vidjeti na slici ispod, ovu prilago\u0111enu prikolicu za pivo od 4 m opremili smo osnovnom kuhinjskom opremom. Uglavnom se radi o kuhinjskoj opremi kao \u0161to su sudoperi, spremnici za vodu, radni stol, klima ure\u0111aj, ormari\u0107i i to\u010dionici piva itd. Na\u0161 kupac \u0107e dodati jo\u0161 neke potrebne predmete nakon \u0161to primi ovu prikolicu za hranu.<\/p>\n<h3>Vi\u0161e detalja o ovoj prikolici za koncesiju s pivom od 4 metra<\/h3>\n<p><img loading=\"lazy\" decoding=\"async\" class=\"aligncenter size-full wp-image-8105\" src=\"https:\/\/www.honlufoodtrailer.com\/wp-content\/uploads\/2024\/07\/4m-beer-concession-trailer-more-details.jpg\" alt=\"Prikolica za koncesiju piva od 4 m, vi\u0161e detalja\" width=\"800\" height=\"800\" srcset=\"https:\/\/www.honlufoodtrailer.com\/wp-content\/uploads\/2024\/07\/4m-beer-concession-trailer-more-details.jpg 800w, https:\/\/www.honlufoodtrailer.com\/wp-content\/uploads\/2024\/07\/4m-beer-concession-trailer-more-details-768x768.jpg 768w, https:\/\/www.honlufoodtrailer.com\/wp-content\/uploads\/2024\/07\/4m-beer-concession-trailer-more-details-360x360.jpg 360w, https:\/\/www.honlufoodtrailer.com\/wp-content\/uploads\/2024\/07\/4m-beer-concession-trailer-more-details-300x300.jpg 300w, https:\/\/www.honlufoodtrailer.com\/wp-content\/uploads\/2024\/07\/4m-beer-concession-trailer-more-details-720x720.jpg 720w, https:\/\/www.honlufoodtrailer.com\/wp-content\/uploads\/2024\/07\/4m-beer-concession-trailer-more-details-100x100.jpg 100w\" sizes=\"(max-width: 800px) 100vw, 800px\" \/><\/p>\n<p>Prikolice za hranu mogu se nazivati i kolicima za hranu, kombijima za hranu, kamionima za hranu i tako dalje. Mogu se koristiti za prodaju brze hrane, grickalica, novina, knjiga i tako dalje. Sastoje se od \u0161asije, karoserije, poda, radnog stola, vodovodnog sustava i elektri\u010dnog sustava. Korisnici tako\u0111er mogu odabrati boju koju \u017eele. \u017deljeli bismo kupiti i druge vrste opreme ako kupci to \u017eele.<\/p>\n<p><img loading=\"lazy\" decoding=\"async\" class=\"aligncenter size-full wp-image-8108\" src=\"https:\/\/www.honlufoodtrailer.com\/wp-content\/uploads\/2024\/07\/4m-beer-trailer.jpg\" alt=\"Prikolica za pivo od 4 metra\" width=\"720\" height=\"540\" srcset=\"https:\/\/www.honlufoodtrailer.com\/wp-content\/uploads\/2024\/07\/4m-beer-trailer.jpg 720w, https:\/\/www.honlufoodtrailer.com\/wp-content\/uploads\/2024\/07\/4m-beer-trailer-480x360.jpg 480w, https:\/\/www.honlufoodtrailer.com\/wp-content\/uploads\/2024\/07\/4m-beer-trailer-300x225.jpg 300w\" sizes=\"(max-width: 720px) 100vw, 720px\" \/><\/p>\n<h3>Glavne zna\u010dajke ove prikolice za koncesiju piva od 4 metra<\/h3>\n<ol>\n<li>Jeftino i ekolo\u0161ki bez dima i buke, lako se premje\u0161ta bilo gdje<\/li>\n<li>Mo\u017ee se koristiti dugi niz godina i ne\u0107e nakupljati sme\u0107e, \u0161to je uvelike prikladno za moderni \u017eivot.<\/li>\n<li>Prakti\u010dan je i jednostavan za utovar i transport jer je dizajn jedinstven i individualan.<\/li>\n<li>Glavni materijal je nehr\u0111aju\u0107i \u010delik, a ravna plo\u010da (stol) ne\u0107e zahr\u0111ati.<\/li>\n<li>Otporna je na toplinu i ima visoku \u010dvrsto\u0107u, visoku postojanost boje, ne deformira se, vodootporna je i ima dug vijek trajanja.<\/li>\n<\/ol>\n<h3>Glavna prednost:<\/h3>\n<ol>\n<li>Niska cijena i ekolo\u0161ki prihvatljivo;<\/li>\n<li>Jednostavno premje\u0161tanje na bilo koje mjesto (va\u0161e poslovanje nije ograni\u010deno);<\/li>\n<li>Jedinstveni oblik (nevidljiv kako bi privukao vi\u0161e kupaca);<\/li>\n<li>Dugi vijek trajanja (otporan na koroziju, otporan na toplinu, vodootporan, bez deformacija).<\/li>\n<\/ol>","protected":false},"excerpt":{"rendered":"<p>Ovo je jedna od na\u0161ih prilago\u0111enih prikolica za koncesiju piva od 4 metra koje prodajemo. Dobar je izbor za pokretanje posla s mobilnim prikolicama za pivo. <strong>Kliknite na sljede\u0107e kartice kako biste saznali vi\u0161e detalja o ovoj pivskoj prikolici<\/strong>. Zanima vas sli\u010dna prikolica za pi\u0107e ili prilago\u0111ena? Slobodno nas kontaktirajte jo\u0161 danas!<\/p>","protected":false},"featured_media":8111,"template":"","meta":{"_themeisle_gutenberg_block_has_review":false},"product_brand":[],"product_cat":[26],"product_tag":[82,106,33,60,61,38],"class_list":{"0":"post-8102","1":"product","2":"type-product","3":"status-publish","4":"has-post-thumbnail","6":"product_cat-product","7":"product_tag-13ft-food-trailer","8":"product_tag-beer-trailer","9":"product_tag-customized-trailer","10":"product_tag-fast-food-trailer","11":"product_tag-fast-food-trailer-for-sale","12":"product_tag-mobile-food-trailer","14":"first","15":"instock","16":"shipping-taxable","17":"product-type-simple"},"yoast_head":"<!-- This site is optimized with the Yoast SEO plugin v27.5 - https:\/\/yoast.com\/product\/yoast-seo-wordpress\/ -->\n<title>4m Beer Concession Trailer | Wine Trailer from Henan Honlu<\/title>\n<meta name=\"description\" content=\"Want to start a beer trailer business? See this 4m mobile beer trailer! beautiful design, high quality, Contact us to get its price right now!\" \/>\n<meta name=\"robots\" content=\"index, follow, max-snippet:-1, max-image-preview:large, max-video-preview:-1\" \/>\n<link rel=\"canonical\" href=\"https:\/\/www.honlufoodtrailer.com\/hr\/product\/4m-beer-concession-trailer\/\" \/>\n<meta property=\"og:locale\" content=\"hr_HR\" \/>\n<meta property=\"og:type\" content=\"article\" \/>\n<meta property=\"og:title\" content=\"4m Beer Concession Trailer | Wine Trailer from Henan Honlu\" \/>\n<meta property=\"og:description\" content=\"Want to start a beer trailer business? See this 4m mobile beer trailer! beautiful design, high quality, Contact us to get its price right now!\" \/>\n<meta property=\"og:url\" content=\"https:\/\/www.honlufoodtrailer.com\/hr\/product\/4m-beer-concession-trailer\/\" \/>\n<meta property=\"og:site_name\" content=\"Honlu food trailer\" \/>\n<meta property=\"article:modified_time\" content=\"2025-02-14T06:34:10+00:00\" \/>\n<meta property=\"og:image\" content=\"https:\/\/www.honlufoodtrailer.com\/wp-content\/uploads\/2024\/07\/4m-portable-beer-trailer.jpg\" \/>\n\t<meta property=\"og:image:width\" content=\"720\" \/>\n\t<meta property=\"og:image:height\" content=\"540\" \/>\n\t<meta property=\"og:image:type\" content=\"image\/jpeg\" \/>\n<meta name=\"twitter:card\" content=\"summary_large_image\" \/>\n<meta name=\"twitter:label1\" content=\"Procijenjeno vrijeme \u010ditanja\" \/>\n\t<meta name=\"twitter:data1\" content=\"1 minuta\" \/>\n<script type=\"application\/ld+json\" class=\"yoast-schema-graph\">{\"@context\":\"https:\\\/\\\/schema.org\",\"@graph\":[{\"@type\":\"WebPage\",\"@id\":\"https:\\\/\\\/www.honlufoodtrailer.com\\\/product\\\/4m-beer-concession-trailer\\\/\",\"url\":\"https:\\\/\\\/www.honlufoodtrailer.com\\\/product\\\/4m-beer-concession-trailer\\\/\",\"name\":\"4m Beer Concession Trailer | Wine Trailer from Henan Honlu\",\"isPartOf\":{\"@id\":\"https:\\\/\\\/www.honlufoodtrailer.com\\\/#website\"},\"primaryImageOfPage\":{\"@id\":\"https:\\\/\\\/www.honlufoodtrailer.com\\\/product\\\/4m-beer-concession-trailer\\\/#primaryimage\"},\"image\":{\"@id\":\"https:\\\/\\\/www.honlufoodtrailer.com\\\/product\\\/4m-beer-concession-trailer\\\/#primaryimage\"},\"thumbnailUrl\":\"https:\\\/\\\/www.honlufoodtrailer.com\\\/wp-content\\\/uploads\\\/2024\\\/07\\\/4m-portable-beer-trailer.jpg\",\"datePublished\":\"2024-07-23T08:45:18+00:00\",\"dateModified\":\"2025-02-14T06:34:10+00:00\",\"description\":\"Want to start a beer trailer business? See this 4m mobile beer trailer! beautiful design, high quality, Contact us to get its price right now!\",\"breadcrumb\":{\"@id\":\"https:\\\/\\\/www.honlufoodtrailer.com\\\/product\\\/4m-beer-concession-trailer\\\/#breadcrumb\"},\"inLanguage\":\"hr\",\"potentialAction\":[{\"@type\":\"ReadAction\",\"target\":[\"https:\\\/\\\/www.honlufoodtrailer.com\\\/product\\\/4m-beer-concession-trailer\\\/\"]}]},{\"@type\":\"ImageObject\",\"inLanguage\":\"hr\",\"@id\":\"https:\\\/\\\/www.honlufoodtrailer.com\\\/product\\\/4m-beer-concession-trailer\\\/#primaryimage\",\"url\":\"https:\\\/\\\/www.honlufoodtrailer.com\\\/wp-content\\\/uploads\\\/2024\\\/07\\\/4m-portable-beer-trailer.jpg\",\"contentUrl\":\"https:\\\/\\\/www.honlufoodtrailer.com\\\/wp-content\\\/uploads\\\/2024\\\/07\\\/4m-portable-beer-trailer.jpg\",\"width\":720,\"height\":540,\"caption\":\"4m portable beer trailer\"},{\"@type\":\"BreadcrumbList\",\"@id\":\"https:\\\/\\\/www.honlufoodtrailer.com\\\/product\\\/4m-beer-concession-trailer\\\/#breadcrumb\",\"itemListElement\":[{\"@type\":\"ListItem\",\"position\":1,\"name\":\"Home\",\"item\":\"https:\\\/\\\/www.honlufoodtrailer.com\\\/\"},{\"@type\":\"ListItem\",\"position\":2,\"name\":\"\u4ea7\u54c1\",\"item\":\"https:\\\/\\\/www.honlufoodtrailer.com\\\/shop\\\/\"},{\"@type\":\"ListItem\",\"position\":3,\"name\":\"4m Beer Concession Trailer\"}]},{\"@type\":\"WebSite\",\"@id\":\"https:\\\/\\\/www.honlufoodtrailer.com\\\/#website\",\"url\":\"https:\\\/\\\/www.honlufoodtrailer.com\\\/\",\"name\":\"Honlu food trailer\",\"description\":\"\",\"publisher\":{\"@id\":\"https:\\\/\\\/www.honlufoodtrailer.com\\\/#organization\"},\"potentialAction\":[{\"@type\":\"SearchAction\",\"target\":{\"@type\":\"EntryPoint\",\"urlTemplate\":\"https:\\\/\\\/www.honlufoodtrailer.com\\\/?s={search_term_string}\"},\"query-input\":{\"@type\":\"PropertyValueSpecification\",\"valueRequired\":true,\"valueName\":\"search_term_string\"}}],\"inLanguage\":\"hr\"},{\"@type\":\"Organization\",\"@id\":\"https:\\\/\\\/www.honlufoodtrailer.com\\\/#organization\",\"name\":\"Honlu food trailer\",\"url\":\"https:\\\/\\\/www.honlufoodtrailer.com\\\/\",\"logo\":{\"@type\":\"ImageObject\",\"inLanguage\":\"hr\",\"@id\":\"https:\\\/\\\/www.honlufoodtrailer.com\\\/#\\\/schema\\\/logo\\\/image\\\/\",\"url\":\"https:\\\/\\\/www.honlufoodtrailer.com\\\/wp-content\\\/uploads\\\/2021\\\/12\\\/2.gif\",\"contentUrl\":\"https:\\\/\\\/www.honlufoodtrailer.com\\\/wp-content\\\/uploads\\\/2021\\\/12\\\/2.gif\",\"width\":350,\"height\":100,\"caption\":\"Honlu food trailer\"},\"image\":{\"@id\":\"https:\\\/\\\/www.honlufoodtrailer.com\\\/#\\\/schema\\\/logo\\\/image\\\/\"}}]}<\/script>\n<!-- \/ Yoast SEO plugin. -->","yoast_head_json":{"title":"Prikolica za koncesiju s pivom od 4 m | Prikolica za vino iz Henan Honlua","description":"\u017delite li pokrenuti posao s prikolicama za pivo? Pogledajte ovu mobilnu prikolicu za pivo od 4 m! Prekrasan dizajn, visoka kvaliteta, kontaktirajte nas da biste odmah saznali cijenu!","robots":{"index":"index","follow":"follow","max-snippet":"max-snippet:-1","max-image-preview":"max-image-preview:large","max-video-preview":"max-video-preview:-1"},"canonical":"https:\/\/www.honlufoodtrailer.com\/hr\/product\/4m-beer-concession-trailer\/","og_locale":"hr_HR","og_type":"article","og_title":"4m Beer Concession Trailer | Wine Trailer from Henan Honlu","og_description":"Want to start a beer trailer business? See this 4m mobile beer trailer! beautiful design, high quality, Contact us to get its price right now!","og_url":"https:\/\/www.honlufoodtrailer.com\/hr\/product\/4m-beer-concession-trailer\/","og_site_name":"Honlu food trailer","article_modified_time":"2025-02-14T06:34:10+00:00","og_image":[{"width":720,"height":540,"url":"https:\/\/www.honlufoodtrailer.com\/wp-content\/uploads\/2024\/07\/4m-portable-beer-trailer.jpg","type":"image\/jpeg"}],"twitter_card":"summary_large_image","twitter_misc":{"Procijenjeno vrijeme \u010ditanja":"1 minuta"},"schema":{"@context":"https:\/\/schema.org","@graph":[{"@type":"WebPage","@id":"https:\/\/www.honlufoodtrailer.com\/product\/4m-beer-concession-trailer\/","url":"https:\/\/www.honlufoodtrailer.com\/product\/4m-beer-concession-trailer\/","name":"Prikolica za koncesiju s pivom od 4 m | Prikolica za vino iz Henan Honlua","isPartOf":{"@id":"https:\/\/www.honlufoodtrailer.com\/#website"},"primaryImageOfPage":{"@id":"https:\/\/www.honlufoodtrailer.com\/product\/4m-beer-concession-trailer\/#primaryimage"},"image":{"@id":"https:\/\/www.honlufoodtrailer.com\/product\/4m-beer-concession-trailer\/#primaryimage"},"thumbnailUrl":"https:\/\/www.honlufoodtrailer.com\/wp-content\/uploads\/2024\/07\/4m-portable-beer-trailer.jpg","datePublished":"2024-07-23T08:45:18+00:00","dateModified":"2025-02-14T06:34:10+00:00","description":"\u017delite li pokrenuti posao s prikolicama za pivo? Pogledajte ovu mobilnu prikolicu za pivo od 4 m! Prekrasan dizajn, visoka kvaliteta, kontaktirajte nas da biste odmah saznali cijenu!","breadcrumb":{"@id":"https:\/\/www.honlufoodtrailer.com\/product\/4m-beer-concession-trailer\/#breadcrumb"},"inLanguage":"hr","potentialAction":[{"@type":"ReadAction","target":["https:\/\/www.honlufoodtrailer.com\/product\/4m-beer-concession-trailer\/"]}]},{"@type":"ImageObject","inLanguage":"hr","@id":"https:\/\/www.honlufoodtrailer.com\/product\/4m-beer-concession-trailer\/#primaryimage","url":"https:\/\/www.honlufoodtrailer.com\/wp-content\/uploads\/2024\/07\/4m-portable-beer-trailer.jpg","contentUrl":"https:\/\/www.honlufoodtrailer.com\/wp-content\/uploads\/2024\/07\/4m-portable-beer-trailer.jpg","width":720,"height":540,"caption":"4m portable beer trailer"},{"@type":"BreadcrumbList","@id":"https:\/\/www.honlufoodtrailer.com\/product\/4m-beer-concession-trailer\/#breadcrumb","itemListElement":[{"@type":"ListItem","position":1,"name":"Home","item":"https:\/\/www.honlufoodtrailer.com\/"},{"@type":"ListItem","position":2,"name":"\u4ea7\u54c1","item":"https:\/\/www.honlufoodtrailer.com\/shop\/"},{"@type":"ListItem","position":3,"name":"4m Beer Concession Trailer"}]},{"@type":"WebSite","@id":"https:\/\/www.honlufoodtrailer.com\/#website","url":"https:\/\/www.honlufoodtrailer.com\/","name":"Prikolica za hranu Honlu","description":"","publisher":{"@id":"https:\/\/www.honlufoodtrailer.com\/#organization"},"potentialAction":[{"@type":"SearchAction","target":{"@type":"EntryPoint","urlTemplate":"https:\/\/www.honlufoodtrailer.com\/?s={search_term_string}"},"query-input":{"@type":"PropertyValueSpecification","valueRequired":true,"valueName":"search_term_string"}}],"inLanguage":"hr"},{"@type":"Organization","@id":"https:\/\/www.honlufoodtrailer.com\/#organization","name":"Prikolica za hranu Honlu","url":"https:\/\/www.honlufoodtrailer.com\/","logo":{"@type":"ImageObject","inLanguage":"hr","@id":"https:\/\/www.honlufoodtrailer.com\/#\/schema\/logo\/image\/","url":"https:\/\/www.honlufoodtrailer.com\/wp-content\/uploads\/2021\/12\/2.gif","contentUrl":"https:\/\/www.honlufoodtrailer.com\/wp-content\/uploads\/2021\/12\/2.gif","width":350,"height":100,"caption":"Honlu food trailer"},"image":{"@id":"https:\/\/www.honlufoodtrailer.com\/#\/schema\/logo\/image\/"}}]}},"_links":{"self":[{"href":"https:\/\/www.honlufoodtrailer.com\/hr\/wp-json\/wp\/v2\/product\/8102","targetHints":{"allow":["GET"]}}],"collection":[{"href":"https:\/\/www.honlufoodtrailer.com\/hr\/wp-json\/wp\/v2\/product"}],"about":[{"href":"https:\/\/www.honlufoodtrailer.com\/hr\/wp-json\/wp\/v2\/types\/product"}],"version-history":[{"count":0,"href":"https:\/\/www.honlufoodtrailer.com\/hr\/wp-json\/wp\/v2\/product\/8102\/revisions"}],"wp:featuredmedia":[{"embeddable":true,"href":"https:\/\/www.honlufoodtrailer.com\/hr\/wp-json\/wp\/v2\/media\/8111"}],"wp:attachment":[{"href":"https:\/\/www.honlufoodtrailer.com\/hr\/wp-json\/wp\/v2\/media?parent=8102"}],"wp:term":[{"taxonomy":"product_brand","embeddable":true,"href":"https:\/\/www.honlufoodtrailer.com\/hr\/wp-json\/wp\/v2\/product_brand?post=8102"},{"taxonomy":"product_cat","embeddable":true,"href":"https:\/\/www.honlufoodtrailer.com\/hr\/wp-json\/wp\/v2\/product_cat?post=8102"},{"taxonomy":"product_tag","embeddable":true,"href":"https:\/\/www.honlufoodtrailer.com\/hr\/wp-json\/wp\/v2\/product_tag?post=8102"}],"curies":[{"name":"wp","href":"https:\/\/api.w.org\/{rel}","templated":true}]}}