{"id":8183,"date":"2024-08-09T17:18:31","date_gmt":"2024-08-09T09:18:31","guid":{"rendered":"https:\/\/www.honlufoodtrailer.com\/?post_type=product&#038;p=8183"},"modified":"2025-02-14T14:19:09","modified_gmt":"2025-02-14T06:19:09","slug":"26-stopa-pocincanog-kamiona-za-hranu","status":"publish","type":"product","link":"https:\/\/www.honlufoodtrailer.com\/hr\/product\/26ft-galvanized-food-truck\/","title":{"rendered":"Pocin\u010dani kamion za hranu od 26 stopa"},"content":{"rendered":"<p data-spm-anchor-id=\"a2700.wholesale.0.i28.29e52808agqc7f\">Ovo je pocin\u010dani kamion za hranu od 26 stopa koji smo prilagodili za jednog od na\u0161ih kupaca. Kao \u0161to mo\u017eete vidjeti na slikama ispod, ima 3 osovine, \u0161to ga \u010dini \u010dvr\u0161\u0107im i izdr\u017eljivijim. Na prednjem dijelu kamiona za hranu napravili smo nekoliko velikih prozora. Pogledajmo sada neke slike ovog kamiona za hranu.<\/p>\n<p data-spm-anchor-id=\"a2700.wholesale.0.i28.29e52808agqc7f\"><img fetchpriority=\"high\" decoding=\"async\" class=\"aligncenter size-full wp-image-8189\" src=\"https:\/\/www.honlufoodtrailer.com\/wp-content\/uploads\/2024\/08\/26ft-galvanized-sheet-food-truck-front-view.jpg\" alt=\"Prednji pogled na kamion s hranom od pocin\u010danog lima od 26 stopa\" width=\"720\" height=\"540\" srcset=\"https:\/\/www.honlufoodtrailer.com\/wp-content\/uploads\/2024\/08\/26ft-galvanized-sheet-food-truck-front-view.jpg 720w, https:\/\/www.honlufoodtrailer.com\/wp-content\/uploads\/2024\/08\/26ft-galvanized-sheet-food-truck-front-view-480x360.jpg 480w, https:\/\/www.honlufoodtrailer.com\/wp-content\/uploads\/2024\/08\/26ft-galvanized-sheet-food-truck-front-view-300x225.jpg 300w\" sizes=\"(max-width: 720px) 100vw, 720px\" \/><\/p>\n<p>Boja cijelog vozila je crna, a na\u0161i kupci \u017eele dodati neke lampione, reklamne panoe i druge ukrase okolo, pa smo tako\u0111er dodali kuke na neke dijelove kako bismo kupcima olak\u0161ali kori\u0161tenje. Tako\u0111er koristimo dizajn otporan na ki\u0161u na prozorima i vratima, svi ovi mali dizajni su kako bi kupci imali bolje iskustvo.<\/p>\n<p><img decoding=\"async\" class=\"aligncenter size-full wp-image-8188\" src=\"https:\/\/www.honlufoodtrailer.com\/wp-content\/uploads\/2024\/08\/26ft-galvanized-sheet-food-truck-back-view.jpg\" alt=\"Stra\u017enji pogled na kamion s hranom od pocin\u010danog lima od 26 stopa\" width=\"720\" height=\"540\" srcset=\"https:\/\/www.honlufoodtrailer.com\/wp-content\/uploads\/2024\/08\/26ft-galvanized-sheet-food-truck-back-view.jpg 720w, https:\/\/www.honlufoodtrailer.com\/wp-content\/uploads\/2024\/08\/26ft-galvanized-sheet-food-truck-back-view-480x360.jpg 480w, https:\/\/www.honlufoodtrailer.com\/wp-content\/uploads\/2024\/08\/26ft-galvanized-sheet-food-truck-back-view-300x225.jpg 300w\" sizes=\"(max-width: 720px) 100vw, 720px\" \/><\/p>\n<h3>Predstavljanje ovog kamiona s hranom od 8 metara na licu mjesta<\/h3>\n<p>Pogledajte u\u017eivo predstavljanje ovog 8-metarskog pocin\u010danog kamiona za hranu u na\u0161oj tvornici.<\/p>\n<p><center><iframe title=\"YouTube video player\" src=\"https:\/\/www.youtube.com\/embed\/loE9HrKkDSc?si=e3Ubov2u640g8O5W\" width=\"800\" height=\"600\" frameborder=\"0\" allowfullscreen=\"allowfullscreen\"><span data-mce-type=\"bookmark\" style=\"display: inline-block; width: 0px; overflow: hidden; line-height: 0;\" class=\"mce_SELRES_start\"><\/span><\/iframe><\/center><\/p>\n<h3>Unutarnji detalji pocin\u010danog kamiona za hranu od 8 m<\/h3>\n<p data-spm-anchor-id=\"a2700.wholesale.0.i28.29e52808agqc7f\">Radni stol i unutarnja stijenka unutar kamiona s hranom izra\u0111eni su od nehr\u0111aju\u0107eg \u010delika prehrambene kvalitete. Prema potrebama kupaca, opremljen je zamrziva\u010dima, vitrinama za izolaciju hrane, \u010detiri sudopera po mjeri, plinskim \u0161tednjacima, napama i drugom opremom. \u017deljeli bismo kupiti i druge vrste opreme prema potrebama kupaca.<\/p>\n<p data-spm-anchor-id=\"a2700.wholesale.0.i28.29e52808agqc7f\"><img decoding=\"async\" class=\"aligncenter size-full wp-image-8274\" src=\"https:\/\/www.honlufoodtrailer.com\/wp-content\/uploads\/2024\/08\/26ft-food-trailer-with-bathroom-inner-view.jpg\" alt=\"Prikolica za hranu od 26 stopa s kupaonicom i pogledom iznutra\" width=\"720\" height=\"540\" srcset=\"https:\/\/www.honlufoodtrailer.com\/wp-content\/uploads\/2024\/08\/26ft-food-trailer-with-bathroom-inner-view.jpg 720w, https:\/\/www.honlufoodtrailer.com\/wp-content\/uploads\/2024\/08\/26ft-food-trailer-with-bathroom-inner-view-480x360.jpg 480w, https:\/\/www.honlufoodtrailer.com\/wp-content\/uploads\/2024\/08\/26ft-food-trailer-with-bathroom-inner-view-300x225.jpg 300w\" sizes=\"(max-width: 720px) 100vw, 720px\" \/><\/p>\n<p>Cijeli kamion je kompaktan i jednostavan za kori\u0161tenje. To je preferirani model za pokretanje brze hrane, narud\u017ebe na veliko u trgova\u010dkim centrima, objedinjeno upravljanje uli\u010dnom brzom hranom i obiteljske piknike. Tako\u0111er se mo\u017ee koristiti za prodaju bilo \u010dega, od hot dogova, maloprodaje, cvje\u0107arstva, sendvi\u010da, kave, sladoleda itd. Imamo CE certifikat kako bismo vam pomogli u pokretanju mobilnog poslovanja.<\/p>\n<p><img loading=\"lazy\" decoding=\"async\" class=\"aligncenter size-full wp-image-8191\" src=\"https:\/\/www.honlufoodtrailer.com\/wp-content\/uploads\/2024\/08\/26ft-galvanized-sheet-food-truck-inner-view.jpg\" alt=\"Unutra\u0161nji pogled na kamion s hranom od pocin\u010danog lima od 26 stopa\" width=\"800\" height=\"800\" srcset=\"https:\/\/www.honlufoodtrailer.com\/wp-content\/uploads\/2024\/08\/26ft-galvanized-sheet-food-truck-inner-view.jpg 800w, https:\/\/www.honlufoodtrailer.com\/wp-content\/uploads\/2024\/08\/26ft-galvanized-sheet-food-truck-inner-view-768x768.jpg 768w, https:\/\/www.honlufoodtrailer.com\/wp-content\/uploads\/2024\/08\/26ft-galvanized-sheet-food-truck-inner-view-360x360.jpg 360w, https:\/\/www.honlufoodtrailer.com\/wp-content\/uploads\/2024\/08\/26ft-galvanized-sheet-food-truck-inner-view-300x300.jpg 300w, https:\/\/www.honlufoodtrailer.com\/wp-content\/uploads\/2024\/08\/26ft-galvanized-sheet-food-truck-inner-view-720x720.jpg 720w, https:\/\/www.honlufoodtrailer.com\/wp-content\/uploads\/2024\/08\/26ft-galvanized-sheet-food-truck-inner-view-100x100.jpg 100w\" sizes=\"(max-width: 800px) 100vw, 800px\" \/><\/p>\n<h3 class=\"magic-6\" data-spm-anchor-id=\"a2700.wholesale.0.i28.29e52808agqc7f\">Glavne zna\u010dajke pocin\u010danog kamiona za hranu od 8 m<\/h3>\n<div class=\"magic-7\">\n<div class=\"magic-8\">\n<div class=\"magic-9\" data-id=\"paragraph0\">\n<ol>\n<li>Super dugi kamion za hranu ima veliki unutarnji prostor i mo\u017ee primiti vi\u0161e opreme kako bi zadovoljio razli\u010dite potrebe kupaca;<\/li>\n<li>Pocin\u010dani lim s izvrsnom otporno\u0161\u0107u na koroziju i toplinu;<\/li>\n<li>Moderna i napredna dodatna oprema opremljena u mobilnom kamionu za hranu;<\/li>\n<li>Prakti\u010dno i lako za kretanje;<\/li>\n<li>Drago nam je da ga mo\u017eemo modificirati prema va\u0161im zahtjevima.<img loading=\"lazy\" decoding=\"async\" class=\"aligncenter size-full wp-image-8193\" src=\"https:\/\/www.honlufoodtrailer.com\/wp-content\/uploads\/2024\/08\/26ft-galvanized-sheet-food-truck-view.jpg\" alt=\"Pogled na kamion s hranom od pocin\u010danog lima od 26 stopa\" width=\"720\" height=\"540\" srcset=\"https:\/\/www.honlufoodtrailer.com\/wp-content\/uploads\/2024\/08\/26ft-galvanized-sheet-food-truck-view.jpg 720w, https:\/\/www.honlufoodtrailer.com\/wp-content\/uploads\/2024\/08\/26ft-galvanized-sheet-food-truck-view-480x360.jpg 480w, https:\/\/www.honlufoodtrailer.com\/wp-content\/uploads\/2024\/08\/26ft-galvanized-sheet-food-truck-view-300x225.jpg 300w\" sizes=\"(max-width: 720px) 100vw, 720px\" \/><\/li>\n<\/ol>\n<h3>Vi\u0161e detalja o pocin\u010danom kamionu za hranu od 8 m<\/h3>\n<p><img loading=\"lazy\" decoding=\"async\" class=\"aligncenter size-full wp-image-8187\" src=\"https:\/\/www.honlufoodtrailer.com\/wp-content\/uploads\/2024\/08\/26ft-galvanized-sheet-food-truck-details.jpg\" alt=\"Detalji kamiona za hranu od pocin\u010danog lima od 26 stopa\" width=\"800\" height=\"800\" srcset=\"https:\/\/www.honlufoodtrailer.com\/wp-content\/uploads\/2024\/08\/26ft-galvanized-sheet-food-truck-details.jpg 800w, https:\/\/www.honlufoodtrailer.com\/wp-content\/uploads\/2024\/08\/26ft-galvanized-sheet-food-truck-details-768x768.jpg 768w, https:\/\/www.honlufoodtrailer.com\/wp-content\/uploads\/2024\/08\/26ft-galvanized-sheet-food-truck-details-360x360.jpg 360w, https:\/\/www.honlufoodtrailer.com\/wp-content\/uploads\/2024\/08\/26ft-galvanized-sheet-food-truck-details-300x300.jpg 300w, https:\/\/www.honlufoodtrailer.com\/wp-content\/uploads\/2024\/08\/26ft-galvanized-sheet-food-truck-details-720x720.jpg 720w, https:\/\/www.honlufoodtrailer.com\/wp-content\/uploads\/2024\/08\/26ft-galvanized-sheet-food-truck-details-100x100.jpg 100w\" sizes=\"(max-width: 800px) 100vw, 800px\" \/><\/p>\n<h3>Besplatni 2D\/3D crte\u017e tlocrta<\/h3>\n<p>Za kupce koji su naru\u010dili na\u0161e kamione za hranu, nudimo besplatne 2D\/3D crte\u017ee. Nakon \u0161to potvrdimo dimenzije kamiona za hranu i unutarnje kuhinjske opreme, mo\u017eemo vam besplatno dostaviti 3D crte\u017ee. To \u0107e vam dati jasniju predod\u017ebu o va\u0161em dizajnu i va\u0161im kolicima za hranu. Prilikom potvrde lokacije kuhinjske opreme, mo\u017eemo jasno komunicirati s vama putem tlocrta. Tako\u0111er vam mo\u017eemo dostaviti originalne dokumente kako bismo vam olak\u0161ali dizajn i napravili prilagodbe.<\/p>\n<\/div>\n<\/div>\n<\/div>","protected":false},"excerpt":{"rendered":"<p>Ovo je jedan od na\u0161ih prilago\u0111enih kamiona za hranu od 26 stopa (8,2 m), \u010diji je prednji i stra\u017enji dio dizajniran s malim lukom. Zbog karoserije duge osam metara, prilagodili smo dva prevelika servisna prozora za na\u0161e kupce. Radni stol i unutarnja stijenka unutar karoserije kamiona za hranu izra\u0111eni su od nehr\u0111aju\u0107eg \u010delika prehrambene kvalitete. \u017deljeli bismo kupiti i druge vrste opreme prema potrebama kupaca.<\/p>","protected":false},"featured_media":8189,"template":"","meta":{"_themeisle_gutenberg_block_has_review":false},"product_brand":[],"product_cat":[26],"product_tag":[76,33,41,45,38,51],"class_list":{"0":"post-8183","1":"product","2":"type-product","3":"status-publish","4":"has-post-thumbnail","6":"product_cat-product","7":"product_tag-26ft-food-trailer","8":"product_tag-customized-trailer","9":"product_tag-galvanized-trailer","10":"product_tag-large-food-trailer","11":"product_tag-mobile-food-trailer","12":"product_tag-square-food-trailer","14":"first","15":"instock","16":"featured","17":"shipping-taxable","18":"product-type-simple"},"yoast_head":"<!-- This site is optimized with the Yoast SEO plugin v27.5 - https:\/\/yoast.com\/product\/yoast-seo-wordpress\/ -->\n<title>26ft Galvanized Food Truck From China - Honlu Food Trailer<\/title>\n<meta name=\"description\" content=\"Want to start a food trailer business? See this 26ft galvanized food truck we have customized. Tough quality and reasonable price, get its cost now!\" \/>\n<meta name=\"robots\" content=\"index, follow, max-snippet:-1, max-image-preview:large, max-video-preview:-1\" \/>\n<link rel=\"canonical\" href=\"https:\/\/www.honlufoodtrailer.com\/hr\/product\/26-stopa-pocincanog-kamiona-za-hranu\/\" \/>\n<meta property=\"og:locale\" content=\"hr_HR\" \/>\n<meta property=\"og:type\" content=\"article\" \/>\n<meta property=\"og:title\" content=\"26ft Galvanized Food Truck From China - Honlu Food Trailer\" \/>\n<meta property=\"og:description\" content=\"Want to start a food trailer business? See this 26ft galvanized food truck we have customized. Tough quality and reasonable price, get its cost now!\" \/>\n<meta property=\"og:url\" content=\"https:\/\/www.honlufoodtrailer.com\/hr\/product\/26-stopa-pocincanog-kamiona-za-hranu\/\" \/>\n<meta property=\"og:site_name\" content=\"Honlu food trailer\" \/>\n<meta property=\"article:modified_time\" content=\"2025-02-14T06:19:09+00:00\" \/>\n<meta property=\"og:image\" content=\"https:\/\/www.honlufoodtrailer.com\/wp-content\/uploads\/2024\/08\/26ft-galvanized-sheet-food-truck-front-view.jpg\" \/>\n\t<meta property=\"og:image:width\" content=\"720\" \/>\n\t<meta property=\"og:image:height\" content=\"540\" \/>\n\t<meta property=\"og:image:type\" content=\"image\/jpeg\" \/>\n<meta name=\"twitter:card\" content=\"summary_large_image\" \/>\n<meta name=\"twitter:label1\" content=\"Procijenjeno vrijeme \u010ditanja\" \/>\n\t<meta name=\"twitter:data1\" content=\"2 minute\" \/>\n<script type=\"application\/ld+json\" class=\"yoast-schema-graph\">{\"@context\":\"https:\\\/\\\/schema.org\",\"@graph\":[{\"@type\":\"WebPage\",\"@id\":\"https:\\\/\\\/www.honlufoodtrailer.com\\\/product\\\/26ft-galvanized-food-truck\\\/\",\"url\":\"https:\\\/\\\/www.honlufoodtrailer.com\\\/product\\\/26ft-galvanized-food-truck\\\/\",\"name\":\"26ft Galvanized Food Truck From China - Honlu Food Trailer\",\"isPartOf\":{\"@id\":\"https:\\\/\\\/www.honlufoodtrailer.com\\\/#website\"},\"primaryImageOfPage\":{\"@id\":\"https:\\\/\\\/www.honlufoodtrailer.com\\\/product\\\/26ft-galvanized-food-truck\\\/#primaryimage\"},\"image\":{\"@id\":\"https:\\\/\\\/www.honlufoodtrailer.com\\\/product\\\/26ft-galvanized-food-truck\\\/#primaryimage\"},\"thumbnailUrl\":\"https:\\\/\\\/www.honlufoodtrailer.com\\\/wp-content\\\/uploads\\\/2024\\\/08\\\/26ft-galvanized-sheet-food-truck-front-view.jpg\",\"datePublished\":\"2024-08-09T09:18:31+00:00\",\"dateModified\":\"2025-02-14T06:19:09+00:00\",\"description\":\"Want to start a food trailer business? See this 26ft galvanized food truck we have customized. Tough quality and reasonable price, get its cost now!\",\"breadcrumb\":{\"@id\":\"https:\\\/\\\/www.honlufoodtrailer.com\\\/product\\\/26ft-galvanized-food-truck\\\/#breadcrumb\"},\"inLanguage\":\"hr\",\"potentialAction\":[{\"@type\":\"ReadAction\",\"target\":[\"https:\\\/\\\/www.honlufoodtrailer.com\\\/product\\\/26ft-galvanized-food-truck\\\/\"]}]},{\"@type\":\"ImageObject\",\"inLanguage\":\"hr\",\"@id\":\"https:\\\/\\\/www.honlufoodtrailer.com\\\/product\\\/26ft-galvanized-food-truck\\\/#primaryimage\",\"url\":\"https:\\\/\\\/www.honlufoodtrailer.com\\\/wp-content\\\/uploads\\\/2024\\\/08\\\/26ft-galvanized-sheet-food-truck-front-view.jpg\",\"contentUrl\":\"https:\\\/\\\/www.honlufoodtrailer.com\\\/wp-content\\\/uploads\\\/2024\\\/08\\\/26ft-galvanized-sheet-food-truck-front-view.jpg\",\"width\":720,\"height\":540,\"caption\":\"26ft galvanized sheet food truck front view\"},{\"@type\":\"BreadcrumbList\",\"@id\":\"https:\\\/\\\/www.honlufoodtrailer.com\\\/product\\\/26ft-galvanized-food-truck\\\/#breadcrumb\",\"itemListElement\":[{\"@type\":\"ListItem\",\"position\":1,\"name\":\"Home\",\"item\":\"https:\\\/\\\/www.honlufoodtrailer.com\\\/\"},{\"@type\":\"ListItem\",\"position\":2,\"name\":\"\u4ea7\u54c1\",\"item\":\"https:\\\/\\\/www.honlufoodtrailer.com\\\/shop\\\/\"},{\"@type\":\"ListItem\",\"position\":3,\"name\":\"26ft Galvanized Food Truck\"}]},{\"@type\":\"WebSite\",\"@id\":\"https:\\\/\\\/www.honlufoodtrailer.com\\\/#website\",\"url\":\"https:\\\/\\\/www.honlufoodtrailer.com\\\/\",\"name\":\"Honlu food trailer\",\"description\":\"\",\"publisher\":{\"@id\":\"https:\\\/\\\/www.honlufoodtrailer.com\\\/#organization\"},\"potentialAction\":[{\"@type\":\"SearchAction\",\"target\":{\"@type\":\"EntryPoint\",\"urlTemplate\":\"https:\\\/\\\/www.honlufoodtrailer.com\\\/?s={search_term_string}\"},\"query-input\":{\"@type\":\"PropertyValueSpecification\",\"valueRequired\":true,\"valueName\":\"search_term_string\"}}],\"inLanguage\":\"hr\"},{\"@type\":\"Organization\",\"@id\":\"https:\\\/\\\/www.honlufoodtrailer.com\\\/#organization\",\"name\":\"Honlu food trailer\",\"url\":\"https:\\\/\\\/www.honlufoodtrailer.com\\\/\",\"logo\":{\"@type\":\"ImageObject\",\"inLanguage\":\"hr\",\"@id\":\"https:\\\/\\\/www.honlufoodtrailer.com\\\/#\\\/schema\\\/logo\\\/image\\\/\",\"url\":\"https:\\\/\\\/www.honlufoodtrailer.com\\\/wp-content\\\/uploads\\\/2021\\\/12\\\/2.gif\",\"contentUrl\":\"https:\\\/\\\/www.honlufoodtrailer.com\\\/wp-content\\\/uploads\\\/2021\\\/12\\\/2.gif\",\"width\":350,\"height\":100,\"caption\":\"Honlu food trailer\"},\"image\":{\"@id\":\"https:\\\/\\\/www.honlufoodtrailer.com\\\/#\\\/schema\\\/logo\\\/image\\\/\"}}]}<\/script>\n<!-- \/ Yoast SEO plugin. -->","yoast_head_json":{"title":"26 stopa pocin\u010danog kamiona za hranu iz Kine - Honlu prikolica za hranu","description":"\u017delite li pokrenuti posao s prikolicama za hranu? Pogledajte ovaj pocin\u010dani kamion za hranu od 26 stopa koji smo prilagodili. Iznimna kvaliteta i razumna cijena, saznajte cijenu odmah!","robots":{"index":"index","follow":"follow","max-snippet":"max-snippet:-1","max-image-preview":"max-image-preview:large","max-video-preview":"max-video-preview:-1"},"canonical":"https:\/\/www.honlufoodtrailer.com\/hr\/product\/26-stopa-pocincanog-kamiona-za-hranu\/","og_locale":"hr_HR","og_type":"article","og_title":"26ft Galvanized Food Truck From China - Honlu Food Trailer","og_description":"Want to start a food trailer business? See this 26ft galvanized food truck we have customized. Tough quality and reasonable price, get its cost now!","og_url":"https:\/\/www.honlufoodtrailer.com\/hr\/product\/26-stopa-pocincanog-kamiona-za-hranu\/","og_site_name":"Honlu food trailer","article_modified_time":"2025-02-14T06:19:09+00:00","og_image":[{"width":720,"height":540,"url":"https:\/\/www.honlufoodtrailer.com\/wp-content\/uploads\/2024\/08\/26ft-galvanized-sheet-food-truck-front-view.jpg","type":"image\/jpeg"}],"twitter_card":"summary_large_image","twitter_misc":{"Procijenjeno vrijeme \u010ditanja":"2 minute"},"schema":{"@context":"https:\/\/schema.org","@graph":[{"@type":"WebPage","@id":"https:\/\/www.honlufoodtrailer.com\/product\/26ft-galvanized-food-truck\/","url":"https:\/\/www.honlufoodtrailer.com\/product\/26ft-galvanized-food-truck\/","name":"26 stopa pocin\u010danog kamiona za hranu iz Kine - Honlu prikolica za hranu","isPartOf":{"@id":"https:\/\/www.honlufoodtrailer.com\/#website"},"primaryImageOfPage":{"@id":"https:\/\/www.honlufoodtrailer.com\/product\/26ft-galvanized-food-truck\/#primaryimage"},"image":{"@id":"https:\/\/www.honlufoodtrailer.com\/product\/26ft-galvanized-food-truck\/#primaryimage"},"thumbnailUrl":"https:\/\/www.honlufoodtrailer.com\/wp-content\/uploads\/2024\/08\/26ft-galvanized-sheet-food-truck-front-view.jpg","datePublished":"2024-08-09T09:18:31+00:00","dateModified":"2025-02-14T06:19:09+00:00","description":"\u017delite li pokrenuti posao s prikolicama za hranu? Pogledajte ovaj pocin\u010dani kamion za hranu od 26 stopa koji smo prilagodili. Iznimna kvaliteta i razumna cijena, saznajte cijenu odmah!","breadcrumb":{"@id":"https:\/\/www.honlufoodtrailer.com\/product\/26ft-galvanized-food-truck\/#breadcrumb"},"inLanguage":"hr","potentialAction":[{"@type":"ReadAction","target":["https:\/\/www.honlufoodtrailer.com\/product\/26ft-galvanized-food-truck\/"]}]},{"@type":"ImageObject","inLanguage":"hr","@id":"https:\/\/www.honlufoodtrailer.com\/product\/26ft-galvanized-food-truck\/#primaryimage","url":"https:\/\/www.honlufoodtrailer.com\/wp-content\/uploads\/2024\/08\/26ft-galvanized-sheet-food-truck-front-view.jpg","contentUrl":"https:\/\/www.honlufoodtrailer.com\/wp-content\/uploads\/2024\/08\/26ft-galvanized-sheet-food-truck-front-view.jpg","width":720,"height":540,"caption":"26ft galvanized sheet food truck front view"},{"@type":"BreadcrumbList","@id":"https:\/\/www.honlufoodtrailer.com\/product\/26ft-galvanized-food-truck\/#breadcrumb","itemListElement":[{"@type":"ListItem","position":1,"name":"Home","item":"https:\/\/www.honlufoodtrailer.com\/"},{"@type":"ListItem","position":2,"name":"\u4ea7\u54c1","item":"https:\/\/www.honlufoodtrailer.com\/shop\/"},{"@type":"ListItem","position":3,"name":"26ft Galvanized Food Truck"}]},{"@type":"WebSite","@id":"https:\/\/www.honlufoodtrailer.com\/#website","url":"https:\/\/www.honlufoodtrailer.com\/","name":"Prikolica za hranu Honlu","description":"","publisher":{"@id":"https:\/\/www.honlufoodtrailer.com\/#organization"},"potentialAction":[{"@type":"SearchAction","target":{"@type":"EntryPoint","urlTemplate":"https:\/\/www.honlufoodtrailer.com\/?s={search_term_string}"},"query-input":{"@type":"PropertyValueSpecification","valueRequired":true,"valueName":"search_term_string"}}],"inLanguage":"hr"},{"@type":"Organization","@id":"https:\/\/www.honlufoodtrailer.com\/#organization","name":"Prikolica za hranu Honlu","url":"https:\/\/www.honlufoodtrailer.com\/","logo":{"@type":"ImageObject","inLanguage":"hr","@id":"https:\/\/www.honlufoodtrailer.com\/#\/schema\/logo\/image\/","url":"https:\/\/www.honlufoodtrailer.com\/wp-content\/uploads\/2021\/12\/2.gif","contentUrl":"https:\/\/www.honlufoodtrailer.com\/wp-content\/uploads\/2021\/12\/2.gif","width":350,"height":100,"caption":"Honlu food trailer"},"image":{"@id":"https:\/\/www.honlufoodtrailer.com\/#\/schema\/logo\/image\/"}}]}},"_links":{"self":[{"href":"https:\/\/www.honlufoodtrailer.com\/hr\/wp-json\/wp\/v2\/product\/8183","targetHints":{"allow":["GET"]}}],"collection":[{"href":"https:\/\/www.honlufoodtrailer.com\/hr\/wp-json\/wp\/v2\/product"}],"about":[{"href":"https:\/\/www.honlufoodtrailer.com\/hr\/wp-json\/wp\/v2\/types\/product"}],"version-history":[{"count":0,"href":"https:\/\/www.honlufoodtrailer.com\/hr\/wp-json\/wp\/v2\/product\/8183\/revisions"}],"wp:featuredmedia":[{"embeddable":true,"href":"https:\/\/www.honlufoodtrailer.com\/hr\/wp-json\/wp\/v2\/media\/8189"}],"wp:attachment":[{"href":"https:\/\/www.honlufoodtrailer.com\/hr\/wp-json\/wp\/v2\/media?parent=8183"}],"wp:term":[{"taxonomy":"product_brand","embeddable":true,"href":"https:\/\/www.honlufoodtrailer.com\/hr\/wp-json\/wp\/v2\/product_brand?post=8183"},{"taxonomy":"product_cat","embeddable":true,"href":"https:\/\/www.honlufoodtrailer.com\/hr\/wp-json\/wp\/v2\/product_cat?post=8183"},{"taxonomy":"product_tag","embeddable":true,"href":"https:\/\/www.honlufoodtrailer.com\/hr\/wp-json\/wp\/v2\/product_tag?post=8183"}],"curies":[{"name":"radni list","href":"https:\/\/api.w.org\/{rel}","templated":true}]}}