{"id":8247,"date":"2024-08-23T17:46:53","date_gmt":"2024-08-23T09:46:53","guid":{"rendered":"https:\/\/www.honlufoodtrailer.com\/?post_type=product&#038;p=8247"},"modified":"2025-02-14T14:14:58","modified_gmt":"2025-02-14T06:14:58","slug":"18ft-food-truck-with-full-kitchen","status":"publish","type":"product","link":"https:\/\/www.honlufoodtrailer.com\/hr\/product\/18ft-food-truck-with-full-kitchen\/","title":{"rendered":"Kamion s hranom od 5,5 metara s potpuno opremljenom kuhinjom"},"content":{"rendered":"<p>Tra\u017eite li kamion s hranom i potpuno opremljenom kuhinjom za svoj mobilni prehrambeni posao? Pogledajte ovaj ovdje! Ispod je prilago\u0111eni kamion s hranom od 18 stopa s potpuno opremljenom kuhinjom. Prilagodili smo ga za kupca iz Amerike. Cijelo vozilo izra\u0111eno je od nehr\u0111aju\u0107eg \u010delika i pocin\u010danog \u010deli\u010dnog lima. Dobar je izbor za vo\u0111enje mobilnog prehrambenog posla. Sada, pogledajmo nekoliko slika ovog kamiona s hranom!<\/p>\n<p><img fetchpriority=\"high\" decoding=\"async\" class=\"aligncenter size-full wp-image-8252\" src=\"https:\/\/www.honlufoodtrailer.com\/wp-content\/uploads\/2024\/08\/18ft-food-truck-full-kitchen-front-view.jpg\" alt=\"Pogled sprijeda na cijelu kuhinju kamiona s hranom od 18 stopa\" width=\"720\" height=\"540\" srcset=\"https:\/\/www.honlufoodtrailer.com\/wp-content\/uploads\/2024\/08\/18ft-food-truck-full-kitchen-front-view.jpg 720w, https:\/\/www.honlufoodtrailer.com\/wp-content\/uploads\/2024\/08\/18ft-food-truck-full-kitchen-front-view-480x360.jpg 480w, https:\/\/www.honlufoodtrailer.com\/wp-content\/uploads\/2024\/08\/18ft-food-truck-full-kitchen-front-view-300x225.jpg 300w\" sizes=\"(max-width: 720px) 100vw, 720px\" \/> <img decoding=\"async\" class=\"aligncenter size-full wp-image-8250\" src=\"https:\/\/www.honlufoodtrailer.com\/wp-content\/uploads\/2024\/08\/18ft-food-truck-full-kitchen-back-view.jpg\" alt=\"Kamion s hranom od 18 stopa (5,6 m) s pogledom straga na cijelu kuhinju\" width=\"720\" height=\"540\" srcset=\"https:\/\/www.honlufoodtrailer.com\/wp-content\/uploads\/2024\/08\/18ft-food-truck-full-kitchen-back-view.jpg 720w, https:\/\/www.honlufoodtrailer.com\/wp-content\/uploads\/2024\/08\/18ft-food-truck-full-kitchen-back-view-480x360.jpg 480w, https:\/\/www.honlufoodtrailer.com\/wp-content\/uploads\/2024\/08\/18ft-food-truck-full-kitchen-back-view-300x225.jpg 300w\" sizes=\"(max-width: 720px) 100vw, 720px\" \/><br \/>\nKao \u0161to mo\u017eemo vidjeti na gornjim slikama, ovaj kamion s hranom i potpuno opremljenom kuhinjom ima naljepnice po cijeloj karoseriji i vrlo je privla\u010dan publici. Mo\u017ee poslu\u017eiti veliki broj ljudi. Na vanjsku stranu kamiona s hranom ugradili smo stra\u017enje svjetlo, vanjsko napajanje itd. koji zadovoljavaju ameri\u010dke standarde. Tako\u0111er, na vrh kamiona s hranom ugradili smo natpisnu plo\u010du prema zahtjevima kupca. Zatim, pogledajmo upotrebu i unutarnje detalje ovog kamiona s hranom od 5,5 metara s potpuno opremljenom kuhinjom.<\/p>\n<h3>Upotreba ovog kamiona za hranu od 18 stopa s potpuno opremljenom kuhinjom<\/h3>\n<p>Na\u0161i kupci uglavnom koriste ovaj kamion s hranom za prodaju brze hrane kao \u0161to su hamburgeri, pomfrit, hrenovke, pr\u017eena piletina, pi\u0107a itd.<\/p>\n<h3>Unutarnja struktura ovog kamiona brze hrane<\/h3>\n<p>Kao \u0161to mo\u017eemo vidjeti na slikama ispod, uglavnom smo instalirali \u010detiri sudopera, dva duga radna stola od nehr\u0111aju\u0107eg \u010delika s prostorom za pohranu, nekoliko slavina za vodu, plinsku fritezu, plinsku plo\u010du za kuhanje, plinski \u0161tednjak s 4 plamenika i pe\u0107nicom, plinsku vodenu kupku, hladnjak sa salatnim \u0161ankom, hladnjak za pi\u0107e itd.<\/p>\n<p><img decoding=\"async\" class=\"aligncenter size-full wp-image-8255\" src=\"https:\/\/www.honlufoodtrailer.com\/wp-content\/uploads\/2024\/08\/18ft-food-truck-with-full-kitchen-inner-structure.jpg\" alt=\"Kamion za hranu od 18 stopa s potpuno opremljenom unutarnjom kuhinjom\" width=\"720\" height=\"540\" srcset=\"https:\/\/www.honlufoodtrailer.com\/wp-content\/uploads\/2024\/08\/18ft-food-truck-with-full-kitchen-inner-structure.jpg 720w, https:\/\/www.honlufoodtrailer.com\/wp-content\/uploads\/2024\/08\/18ft-food-truck-with-full-kitchen-inner-structure-480x360.jpg 480w, https:\/\/www.honlufoodtrailer.com\/wp-content\/uploads\/2024\/08\/18ft-food-truck-with-full-kitchen-inner-structure-300x225.jpg 300w\" sizes=\"(max-width: 720px) 100vw, 720px\" \/> <img loading=\"lazy\" decoding=\"async\" class=\"aligncenter size-full wp-image-8257\" src=\"https:\/\/www.honlufoodtrailer.com\/wp-content\/uploads\/2024\/08\/18ft-food-truck-full-kitchen-inner-details.jpg\" alt=\"Detalji unutra\u0161njosti kamiona s hranom od 18 stopa (5,6 m) s potpunom kuhinjom\" width=\"800\" height=\"800\" srcset=\"https:\/\/www.honlufoodtrailer.com\/wp-content\/uploads\/2024\/08\/18ft-food-truck-full-kitchen-inner-details.jpg 800w, https:\/\/www.honlufoodtrailer.com\/wp-content\/uploads\/2024\/08\/18ft-food-truck-full-kitchen-inner-details-768x768.jpg 768w, https:\/\/www.honlufoodtrailer.com\/wp-content\/uploads\/2024\/08\/18ft-food-truck-full-kitchen-inner-details-360x360.jpg 360w, https:\/\/www.honlufoodtrailer.com\/wp-content\/uploads\/2024\/08\/18ft-food-truck-full-kitchen-inner-details-300x300.jpg 300w, https:\/\/www.honlufoodtrailer.com\/wp-content\/uploads\/2024\/08\/18ft-food-truck-full-kitchen-inner-details-720x720.jpg 720w, https:\/\/www.honlufoodtrailer.com\/wp-content\/uploads\/2024\/08\/18ft-food-truck-full-kitchen-inner-details-100x100.jpg 100w\" sizes=\"(max-width: 800px) 100vw, 800px\" \/><\/p>\n<h3>Vi\u0161e detalja:<\/h3>\n<p>Pogledajte vi\u0161e detalja o ovom kamionu za hranu s potpuno opremljenom kuhinjom. Kao \u0161to vidite, sva dodatna oprema je u skladu s ameri\u010dkim standardima. Kao profesionalni proizvo\u0111a\u010d i izvoznik prikolica za hranu s vi\u0161e od 10 godina iskustva, upoznati smo s propisima i zahtjevima mnogih zemalja, te \u0107emo vam osigurati kamione za hranu koji zadovoljavaju zahtjeve va\u0161e zemlje. Samo nas kontaktirajte kako biste prilagodili svoj kamion za hranu!<img loading=\"lazy\" decoding=\"async\" class=\"aligncenter size-full wp-image-8258\" src=\"https:\/\/www.honlufoodtrailer.com\/wp-content\/uploads\/2024\/08\/18ft-food-truck-full-kitchen-more-details.jpg\" alt=\"Kamion s hranom od 18 stopa s potpuno opremljenom kuhinjom, vi\u0161e detalja\" width=\"800\" height=\"800\" srcset=\"https:\/\/www.honlufoodtrailer.com\/wp-content\/uploads\/2024\/08\/18ft-food-truck-full-kitchen-more-details.jpg 800w, https:\/\/www.honlufoodtrailer.com\/wp-content\/uploads\/2024\/08\/18ft-food-truck-full-kitchen-more-details-768x768.jpg 768w, https:\/\/www.honlufoodtrailer.com\/wp-content\/uploads\/2024\/08\/18ft-food-truck-full-kitchen-more-details-360x360.jpg 360w, https:\/\/www.honlufoodtrailer.com\/wp-content\/uploads\/2024\/08\/18ft-food-truck-full-kitchen-more-details-300x300.jpg 300w, https:\/\/www.honlufoodtrailer.com\/wp-content\/uploads\/2024\/08\/18ft-food-truck-full-kitchen-more-details-720x720.jpg 720w, https:\/\/www.honlufoodtrailer.com\/wp-content\/uploads\/2024\/08\/18ft-food-truck-full-kitchen-more-details-100x100.jpg 100w\" sizes=\"(max-width: 800px) 100vw, 800px\" \/><\/p>\n<h3 class=\"magic-6\" data-spm-anchor-id=\"a2700.wholesale.0.i28.29e52808agqc7f\">Glavne zna\u010dajke kamiona s hranom<\/h3>\n<div class=\"magic-7\">\n<div class=\"magic-8\">\n<div class=\"magic-9\" data-id=\"paragraph0\">\n<ol>\n<li>Ispunjava ameri\u010dke standarde;<\/li>\n<li>Kompaktna struktura i razuman raspored.<\/li>\n<li>Stroga kvaliteta, po razumnoj cijeni.<\/li>\n<\/ol>\n<h3>Besplatni 2D\/3D crte\u017e tlocrta<\/h3>\n<p>Nakon \u0161to potvrdimo dimenzije prikolice za hranu i unutarnje kuhinjske opreme, mo\u017eemo vam besplatno dostaviti 3D crte\u017ee. To \u0107e vam dati jasniju predod\u017ebu o va\u0161em dizajnu i va\u0161im kolicima za hranu. Prilikom potvrde lokacije kuhinjske opreme, mo\u017eemo jasno komunicirati s vama putem tlocrta. Tako\u0111er vam mo\u017eemo dostaviti originalne dokumente kako bismo vam olak\u0161ali dizajn i napravili prilagodbe.<\/p>\n<\/div>\n<\/div>\n<\/div>","protected":false},"excerpt":{"rendered":"<p data-spm-anchor-id=\"a2700.wholesale.0.i28.29e52808agqc7f\">Ovo je prilago\u0111eni kamion za hranu od 18 stopa s potpuno opremljenom kuhinjom. Cijelo vozilo izra\u0111eno je od nehr\u0111aju\u0107eg \u010delika i pocin\u010danog \u010deli\u010dnog lima. Mo\u017ee se koristiti za prodaju brze hrane i pi\u0107a itd. Mo\u017eemo proizvesti sli\u010dnu prikolicu za hranu poput ove ili je prilagoditi za vas. Veli\u010dina, boja karoserije, naljepnice, signalizacija, kuhinjska oprema prikolice za hranu mogu se prilagoditi. Osim toga, sva dodatna oprema zadovoljavat \u0107e zahtjeve kupaca. Slobodno nas kontaktirajte i recite nam svoje detaljne zahtjeve!<\/p>","protected":false},"featured_media":8249,"template":"","meta":{"_themeisle_gutenberg_block_has_review":false},"product_brand":[],"product_cat":[26],"product_tag":[83,33,45,38,51],"class_list":{"0":"post-8247","1":"product","2":"type-product","3":"status-publish","4":"has-post-thumbnail","6":"product_cat-product","7":"product_tag-18ft-food-trailer","8":"product_tag-customized-trailer","9":"product_tag-large-food-trailer","10":"product_tag-mobile-food-trailer","11":"product_tag-square-food-trailer","13":"first","14":"instock","15":"shipping-taxable","16":"product-type-simple"},"yoast_head":"<!-- This site is optimized with the Yoast SEO plugin v27.5 - https:\/\/yoast.com\/product\/yoast-seo-wordpress\/ -->\n<title>18ft Food Truck With Full Kitchen Fom China Factory - Honlu<\/title>\n<meta name=\"description\" content=\"This is a customized 18ft food truck with full kitchen. High quality and appealing appearance, get its price here direct from China factory!\" \/>\n<meta name=\"robots\" content=\"index, follow, max-snippet:-1, max-image-preview:large, max-video-preview:-1\" \/>\n<link rel=\"canonical\" href=\"https:\/\/www.honlufoodtrailer.com\/hr\/product\/18ft-food-truck-with-full-kitchen\/\" \/>\n<meta property=\"og:locale\" content=\"hr_HR\" \/>\n<meta property=\"og:type\" content=\"article\" \/>\n<meta property=\"og:title\" content=\"18ft Food Truck With Full Kitchen Fom China Factory - Honlu\" \/>\n<meta property=\"og:description\" content=\"This is a customized 18ft food truck with full kitchen. High quality and appealing appearance, get its price here direct from China factory!\" \/>\n<meta property=\"og:url\" content=\"https:\/\/www.honlufoodtrailer.com\/hr\/product\/18ft-food-truck-with-full-kitchen\/\" \/>\n<meta property=\"og:site_name\" content=\"Honlu food trailer\" \/>\n<meta property=\"article:modified_time\" content=\"2025-02-14T06:14:58+00:00\" \/>\n<meta property=\"og:image\" content=\"https:\/\/www.honlufoodtrailer.com\/wp-content\/uploads\/2024\/08\/5.5m-food-truck-full-kitchen.jpg\" \/>\n\t<meta property=\"og:image:width\" content=\"720\" \/>\n\t<meta property=\"og:image:height\" content=\"540\" \/>\n\t<meta property=\"og:image:type\" content=\"image\/jpeg\" \/>\n<meta name=\"twitter:card\" content=\"summary_large_image\" \/>\n<meta name=\"twitter:label1\" content=\"Procijenjeno vrijeme \u010ditanja\" \/>\n\t<meta name=\"twitter:data1\" content=\"2 minute\" \/>\n<script type=\"application\/ld+json\" class=\"yoast-schema-graph\">{\"@context\":\"https:\\\/\\\/schema.org\",\"@graph\":[{\"@type\":\"WebPage\",\"@id\":\"https:\\\/\\\/www.honlufoodtrailer.com\\\/product\\\/18ft-food-truck-with-full-kitchen\\\/\",\"url\":\"https:\\\/\\\/www.honlufoodtrailer.com\\\/product\\\/18ft-food-truck-with-full-kitchen\\\/\",\"name\":\"18ft Food Truck With Full Kitchen Fom China Factory - Honlu\",\"isPartOf\":{\"@id\":\"https:\\\/\\\/www.honlufoodtrailer.com\\\/#website\"},\"primaryImageOfPage\":{\"@id\":\"https:\\\/\\\/www.honlufoodtrailer.com\\\/product\\\/18ft-food-truck-with-full-kitchen\\\/#primaryimage\"},\"image\":{\"@id\":\"https:\\\/\\\/www.honlufoodtrailer.com\\\/product\\\/18ft-food-truck-with-full-kitchen\\\/#primaryimage\"},\"thumbnailUrl\":\"https:\\\/\\\/www.honlufoodtrailer.com\\\/wp-content\\\/uploads\\\/2024\\\/08\\\/5.5m-food-truck-full-kitchen.jpg\",\"datePublished\":\"2024-08-23T09:46:53+00:00\",\"dateModified\":\"2025-02-14T06:14:58+00:00\",\"description\":\"This is a customized 18ft food truck with full kitchen. High quality and appealing appearance, get its price here direct from China factory!\",\"breadcrumb\":{\"@id\":\"https:\\\/\\\/www.honlufoodtrailer.com\\\/product\\\/18ft-food-truck-with-full-kitchen\\\/#breadcrumb\"},\"inLanguage\":\"hr\",\"potentialAction\":[{\"@type\":\"ReadAction\",\"target\":[\"https:\\\/\\\/www.honlufoodtrailer.com\\\/product\\\/18ft-food-truck-with-full-kitchen\\\/\"]}]},{\"@type\":\"ImageObject\",\"inLanguage\":\"hr\",\"@id\":\"https:\\\/\\\/www.honlufoodtrailer.com\\\/product\\\/18ft-food-truck-with-full-kitchen\\\/#primaryimage\",\"url\":\"https:\\\/\\\/www.honlufoodtrailer.com\\\/wp-content\\\/uploads\\\/2024\\\/08\\\/5.5m-food-truck-full-kitchen.jpg\",\"contentUrl\":\"https:\\\/\\\/www.honlufoodtrailer.com\\\/wp-content\\\/uploads\\\/2024\\\/08\\\/5.5m-food-truck-full-kitchen.jpg\",\"width\":720,\"height\":540,\"caption\":\"5.5m food truck full kitchen\"},{\"@type\":\"BreadcrumbList\",\"@id\":\"https:\\\/\\\/www.honlufoodtrailer.com\\\/product\\\/18ft-food-truck-with-full-kitchen\\\/#breadcrumb\",\"itemListElement\":[{\"@type\":\"ListItem\",\"position\":1,\"name\":\"Home\",\"item\":\"https:\\\/\\\/www.honlufoodtrailer.com\\\/\"},{\"@type\":\"ListItem\",\"position\":2,\"name\":\"\u4ea7\u54c1\",\"item\":\"https:\\\/\\\/www.honlufoodtrailer.com\\\/shop\\\/\"},{\"@type\":\"ListItem\",\"position\":3,\"name\":\"18ft Food Truck With Full Kitchen\"}]},{\"@type\":\"WebSite\",\"@id\":\"https:\\\/\\\/www.honlufoodtrailer.com\\\/#website\",\"url\":\"https:\\\/\\\/www.honlufoodtrailer.com\\\/\",\"name\":\"Honlu food trailer\",\"description\":\"\",\"publisher\":{\"@id\":\"https:\\\/\\\/www.honlufoodtrailer.com\\\/#organization\"},\"potentialAction\":[{\"@type\":\"SearchAction\",\"target\":{\"@type\":\"EntryPoint\",\"urlTemplate\":\"https:\\\/\\\/www.honlufoodtrailer.com\\\/?s={search_term_string}\"},\"query-input\":{\"@type\":\"PropertyValueSpecification\",\"valueRequired\":true,\"valueName\":\"search_term_string\"}}],\"inLanguage\":\"hr\"},{\"@type\":\"Organization\",\"@id\":\"https:\\\/\\\/www.honlufoodtrailer.com\\\/#organization\",\"name\":\"Honlu food trailer\",\"url\":\"https:\\\/\\\/www.honlufoodtrailer.com\\\/\",\"logo\":{\"@type\":\"ImageObject\",\"inLanguage\":\"hr\",\"@id\":\"https:\\\/\\\/www.honlufoodtrailer.com\\\/#\\\/schema\\\/logo\\\/image\\\/\",\"url\":\"https:\\\/\\\/www.honlufoodtrailer.com\\\/wp-content\\\/uploads\\\/2021\\\/12\\\/2.gif\",\"contentUrl\":\"https:\\\/\\\/www.honlufoodtrailer.com\\\/wp-content\\\/uploads\\\/2021\\\/12\\\/2.gif\",\"width\":350,\"height\":100,\"caption\":\"Honlu food trailer\"},\"image\":{\"@id\":\"https:\\\/\\\/www.honlufoodtrailer.com\\\/#\\\/schema\\\/logo\\\/image\\\/\"}}]}<\/script>\n<!-- \/ Yoast SEO plugin. -->","yoast_head_json":{"title":"Kamion za hranu od 18 stopa s potpuno opremljenom kuhinjom iz kineske tvornice - Honlu","description":"Ovo je prilago\u0111eni kamion za hranu od 18 stopa s potpuno opremljenom kuhinjom. Visoka kvaliteta i privla\u010dan izgled, cijena je dostupna ovdje izravno iz kineske tvornice!","robots":{"index":"index","follow":"follow","max-snippet":"max-snippet:-1","max-image-preview":"max-image-preview:large","max-video-preview":"max-video-preview:-1"},"canonical":"https:\/\/www.honlufoodtrailer.com\/hr\/product\/18ft-food-truck-with-full-kitchen\/","og_locale":"hr_HR","og_type":"article","og_title":"18ft Food Truck With Full Kitchen Fom China Factory - Honlu","og_description":"This is a customized 18ft food truck with full kitchen. High quality and appealing appearance, get its price here direct from China factory!","og_url":"https:\/\/www.honlufoodtrailer.com\/hr\/product\/18ft-food-truck-with-full-kitchen\/","og_site_name":"Honlu food trailer","article_modified_time":"2025-02-14T06:14:58+00:00","og_image":[{"width":720,"height":540,"url":"https:\/\/www.honlufoodtrailer.com\/wp-content\/uploads\/2024\/08\/5.5m-food-truck-full-kitchen.jpg","type":"image\/jpeg"}],"twitter_card":"summary_large_image","twitter_misc":{"Procijenjeno vrijeme \u010ditanja":"2 minute"},"schema":{"@context":"https:\/\/schema.org","@graph":[{"@type":"WebPage","@id":"https:\/\/www.honlufoodtrailer.com\/product\/18ft-food-truck-with-full-kitchen\/","url":"https:\/\/www.honlufoodtrailer.com\/product\/18ft-food-truck-with-full-kitchen\/","name":"Kamion za hranu od 18 stopa s potpuno opremljenom kuhinjom iz kineske tvornice - Honlu","isPartOf":{"@id":"https:\/\/www.honlufoodtrailer.com\/#website"},"primaryImageOfPage":{"@id":"https:\/\/www.honlufoodtrailer.com\/product\/18ft-food-truck-with-full-kitchen\/#primaryimage"},"image":{"@id":"https:\/\/www.honlufoodtrailer.com\/product\/18ft-food-truck-with-full-kitchen\/#primaryimage"},"thumbnailUrl":"https:\/\/www.honlufoodtrailer.com\/wp-content\/uploads\/2024\/08\/5.5m-food-truck-full-kitchen.jpg","datePublished":"2024-08-23T09:46:53+00:00","dateModified":"2025-02-14T06:14:58+00:00","description":"Ovo je prilago\u0111eni kamion za hranu od 18 stopa s potpuno opremljenom kuhinjom. Visoka kvaliteta i privla\u010dan izgled, cijena je dostupna ovdje izravno iz kineske tvornice!","breadcrumb":{"@id":"https:\/\/www.honlufoodtrailer.com\/product\/18ft-food-truck-with-full-kitchen\/#breadcrumb"},"inLanguage":"hr","potentialAction":[{"@type":"ReadAction","target":["https:\/\/www.honlufoodtrailer.com\/product\/18ft-food-truck-with-full-kitchen\/"]}]},{"@type":"ImageObject","inLanguage":"hr","@id":"https:\/\/www.honlufoodtrailer.com\/product\/18ft-food-truck-with-full-kitchen\/#primaryimage","url":"https:\/\/www.honlufoodtrailer.com\/wp-content\/uploads\/2024\/08\/5.5m-food-truck-full-kitchen.jpg","contentUrl":"https:\/\/www.honlufoodtrailer.com\/wp-content\/uploads\/2024\/08\/5.5m-food-truck-full-kitchen.jpg","width":720,"height":540,"caption":"5.5m food truck full kitchen"},{"@type":"BreadcrumbList","@id":"https:\/\/www.honlufoodtrailer.com\/product\/18ft-food-truck-with-full-kitchen\/#breadcrumb","itemListElement":[{"@type":"ListItem","position":1,"name":"Home","item":"https:\/\/www.honlufoodtrailer.com\/"},{"@type":"ListItem","position":2,"name":"\u4ea7\u54c1","item":"https:\/\/www.honlufoodtrailer.com\/shop\/"},{"@type":"ListItem","position":3,"name":"18ft Food Truck With Full Kitchen"}]},{"@type":"WebSite","@id":"https:\/\/www.honlufoodtrailer.com\/#website","url":"https:\/\/www.honlufoodtrailer.com\/","name":"Prikolica za hranu Honlu","description":"","publisher":{"@id":"https:\/\/www.honlufoodtrailer.com\/#organization"},"potentialAction":[{"@type":"SearchAction","target":{"@type":"EntryPoint","urlTemplate":"https:\/\/www.honlufoodtrailer.com\/?s={search_term_string}"},"query-input":{"@type":"PropertyValueSpecification","valueRequired":true,"valueName":"search_term_string"}}],"inLanguage":"hr"},{"@type":"Organization","@id":"https:\/\/www.honlufoodtrailer.com\/#organization","name":"Prikolica za hranu Honlu","url":"https:\/\/www.honlufoodtrailer.com\/","logo":{"@type":"ImageObject","inLanguage":"hr","@id":"https:\/\/www.honlufoodtrailer.com\/#\/schema\/logo\/image\/","url":"https:\/\/www.honlufoodtrailer.com\/wp-content\/uploads\/2021\/12\/2.gif","contentUrl":"https:\/\/www.honlufoodtrailer.com\/wp-content\/uploads\/2021\/12\/2.gif","width":350,"height":100,"caption":"Honlu food trailer"},"image":{"@id":"https:\/\/www.honlufoodtrailer.com\/#\/schema\/logo\/image\/"}}]}},"_links":{"self":[{"href":"https:\/\/www.honlufoodtrailer.com\/hr\/wp-json\/wp\/v2\/product\/8247","targetHints":{"allow":["GET"]}}],"collection":[{"href":"https:\/\/www.honlufoodtrailer.com\/hr\/wp-json\/wp\/v2\/product"}],"about":[{"href":"https:\/\/www.honlufoodtrailer.com\/hr\/wp-json\/wp\/v2\/types\/product"}],"version-history":[{"count":0,"href":"https:\/\/www.honlufoodtrailer.com\/hr\/wp-json\/wp\/v2\/product\/8247\/revisions"}],"wp:featuredmedia":[{"embeddable":true,"href":"https:\/\/www.honlufoodtrailer.com\/hr\/wp-json\/wp\/v2\/media\/8249"}],"wp:attachment":[{"href":"https:\/\/www.honlufoodtrailer.com\/hr\/wp-json\/wp\/v2\/media?parent=8247"}],"wp:term":[{"taxonomy":"product_brand","embeddable":true,"href":"https:\/\/www.honlufoodtrailer.com\/hr\/wp-json\/wp\/v2\/product_brand?post=8247"},{"taxonomy":"product_cat","embeddable":true,"href":"https:\/\/www.honlufoodtrailer.com\/hr\/wp-json\/wp\/v2\/product_cat?post=8247"},{"taxonomy":"product_tag","embeddable":true,"href":"https:\/\/www.honlufoodtrailer.com\/hr\/wp-json\/wp\/v2\/product_tag?post=8247"}],"curies":[{"name":"wp","href":"https:\/\/api.w.org\/{rel}","templated":true}]}}