{"id":8268,"date":"2024-08-27T14:25:12","date_gmt":"2024-08-27T06:25:12","guid":{"rendered":"https:\/\/www.honlufoodtrailer.com\/?post_type=product&#038;p=8268"},"modified":"2025-02-14T14:10:20","modified_gmt":"2025-02-14T06:10:20","slug":"prikolica-za-hranu-od-26-stopa-s-kupaonicom-i-wc-om","status":"publish","type":"product","link":"https:\/\/www.honlufoodtrailer.com\/hr\/product\/26ft-food-trailer-with-bathroom-and-toilet\/","title":{"rendered":"Prikolica za hranu od 26 stopa s kupaonicom i WC-om"},"content":{"rendered":"<p>Tra\u017eite li prikolicu za hranu s kupaonicom? Pogledajte ovdje! Slijedi prikolica za hranu od 26 stopa s kupaonicom, WC-om i spava\u0107om sobom. Ova prikolica za hranu ne samo da se mo\u017ee koristiti za prodaju hrane, ve\u0107 ima i salon. Kada ste umorni od posla, ili kada nema kupaca, ili no\u0107u, mo\u017eete oti\u0107i u salon i le\u0107i na krevet da se odmorite! Osim toga, prikolica za hranu opremljena je WC-om i tu\u0161em. Tijekom vru\u0107eg ljeta ili kada pravite pauzu, mo\u017eete u\u017eivati u kupki kako biste otklonili umor od posla. Prema zahtjevima kupca iz Njema\u010dke, prilagodili smo ovu prikolicu za hranu. Sada, pogledajmo nekoliko slika ove prikolice za hranu!<\/p>\n<p><img fetchpriority=\"high\" decoding=\"async\" class=\"aligncenter size-full wp-image-8277\" src=\"https:\/\/www.honlufoodtrailer.com\/wp-content\/uploads\/2024\/08\/26ft-food-trailer-with-toilet.jpg\" alt=\"Prikolica za hranu od 26 stopa s WC-om\" width=\"720\" height=\"540\" srcset=\"https:\/\/www.honlufoodtrailer.com\/wp-content\/uploads\/2024\/08\/26ft-food-trailer-with-toilet.jpg 720w, https:\/\/www.honlufoodtrailer.com\/wp-content\/uploads\/2024\/08\/26ft-food-trailer-with-toilet-480x360.jpg 480w, https:\/\/www.honlufoodtrailer.com\/wp-content\/uploads\/2024\/08\/26ft-food-trailer-with-toilet-300x225.jpg 300w\" sizes=\"(max-width: 720px) 100vw, 720px\" \/> <img decoding=\"async\" class=\"aligncenter size-full wp-image-8272\" src=\"https:\/\/www.honlufoodtrailer.com\/wp-content\/uploads\/2024\/08\/26ft-food-trailer-with-bathroom-back-view.jpg\" alt=\"Prikolica za hranu od 26 stopa s kupaonicom, pogled straga\" width=\"720\" height=\"540\" srcset=\"https:\/\/www.honlufoodtrailer.com\/wp-content\/uploads\/2024\/08\/26ft-food-trailer-with-bathroom-back-view.jpg 720w, https:\/\/www.honlufoodtrailer.com\/wp-content\/uploads\/2024\/08\/26ft-food-trailer-with-bathroom-back-view-480x360.jpg 480w, https:\/\/www.honlufoodtrailer.com\/wp-content\/uploads\/2024\/08\/26ft-food-trailer-with-bathroom-back-view-300x225.jpg 300w\" sizes=\"(max-width: 720px) 100vw, 720px\" \/><br \/>\nKao \u0161to mo\u017eemo vidjeti na gornjim slikama, ova prikolica za hranu od 26 stopa s kupaonicom je u klasi\u010dnoj crnoj boji. Na prednjem dijelu prikolice za hranu dizajnirali smo dva prozora, jedan veliki i jedan mali. Vrlo su prakti\u010dni za naru\u010divanje i preuzimanje obroka. S duljinom karoserije prikolice od 8 m, ova prikolica za hranu ima vrlo velik unutarnji prostor. Stoga mo\u017ee poslu\u017eiti veliki broj ljudi. Na stra\u017enjoj strani prikolice za hranu nalaze se dvoja vrata za ulazak i izlazak osoblja. Tako\u0111er, ugradili smo stra\u017enja i bo\u010dna svjetla na prikolicu za hranu prema zahtjevima kupca. Zatim, pogledajmo upotrebu i unutarnje detalje ove prikolice za hranu od 26 stopa s kupaonicom.<\/p>\n<h3>Upotreba ove prikolice za hranu od 26 stopa s kupaonicom<\/h3>\n<p>Na\u0161i kupci uglavnom koriste ovaj kamion s hranom za prodaju brze hrane kao \u0161to su hamburgeri, pomfrit, hot dog, pr\u017eena piletina, pi\u0107a itd.<\/p>\n<h3>Kuhinjski prostor ove prikolice za hranu<\/h3>\n<p>Kao \u0161to mo\u017eemo vidjeti na slikama ispod, uglavnom ugra\u0111ujemo dva sudopera, dva duga radna stola od nehr\u0111aju\u0107eg \u010delika s prostorom za pohranu, nekoliko slavina za vodu, dvije plinske friteze, plinsku plo\u010du za kuhanje, plinski \u0161tednjak s 4 plamenika i pe\u0107nicom, napu, klima ure\u0111aj i hladnjak itd.<\/p>\n<p><img decoding=\"async\" class=\"aligncenter size-full wp-image-8274\" src=\"https:\/\/www.honlufoodtrailer.com\/wp-content\/uploads\/2024\/08\/26ft-food-trailer-with-bathroom-inner-view.jpg\" alt=\"Prikolica za hranu od 26 stopa s kupaonicom i pogledom iznutra\" width=\"720\" height=\"540\" srcset=\"https:\/\/www.honlufoodtrailer.com\/wp-content\/uploads\/2024\/08\/26ft-food-trailer-with-bathroom-inner-view.jpg 720w, https:\/\/www.honlufoodtrailer.com\/wp-content\/uploads\/2024\/08\/26ft-food-trailer-with-bathroom-inner-view-480x360.jpg 480w, https:\/\/www.honlufoodtrailer.com\/wp-content\/uploads\/2024\/08\/26ft-food-trailer-with-bathroom-inner-view-300x225.jpg 300w\" sizes=\"(max-width: 720px) 100vw, 720px\" \/> <img loading=\"lazy\" decoding=\"async\" class=\"aligncenter size-full wp-image-8279\" src=\"https:\/\/www.honlufoodtrailer.com\/wp-content\/uploads\/2024\/08\/kitchen-equipment-of-food-trailer-with-bathroom.jpg\" alt=\"kuhinjska oprema prikolice za hranu s kupaonicom\" width=\"800\" height=\"800\" srcset=\"https:\/\/www.honlufoodtrailer.com\/wp-content\/uploads\/2024\/08\/kitchen-equipment-of-food-trailer-with-bathroom.jpg 800w, https:\/\/www.honlufoodtrailer.com\/wp-content\/uploads\/2024\/08\/kitchen-equipment-of-food-trailer-with-bathroom-768x768.jpg 768w, https:\/\/www.honlufoodtrailer.com\/wp-content\/uploads\/2024\/08\/kitchen-equipment-of-food-trailer-with-bathroom-360x360.jpg 360w, https:\/\/www.honlufoodtrailer.com\/wp-content\/uploads\/2024\/08\/kitchen-equipment-of-food-trailer-with-bathroom-300x300.jpg 300w, https:\/\/www.honlufoodtrailer.com\/wp-content\/uploads\/2024\/08\/kitchen-equipment-of-food-trailer-with-bathroom-720x720.jpg 720w, https:\/\/www.honlufoodtrailer.com\/wp-content\/uploads\/2024\/08\/kitchen-equipment-of-food-trailer-with-bathroom-100x100.jpg 100w\" sizes=\"(max-width: 800px) 100vw, 800px\" \/><\/p>\n<h3>Odmarali\u0161te ove prikolice za hranu:<\/h3>\n<p>Slijedi prostor za odmor ove 26-metarske prikolice za hranu s kupaonicom. Kao \u0161to mo\u017eemo vidjeti na slici, nalaze se umivaonik, ogledalo s prostorom za pohranu, WC, krevet, tu\u0161, bojler i ogledalo za toaletni stol. Detaljan video mo\u017eete pogledati na sljede\u0107im karticama.<br \/>\n<img loading=\"lazy\" decoding=\"async\" class=\"aligncenter size-full wp-image-8278\" src=\"https:\/\/www.honlufoodtrailer.com\/wp-content\/uploads\/2024\/08\/bathroom-and-bedroom-of-food-trailer-with-bathroom.jpg\" alt=\"kupaonica i spava\u0107a soba prikolice za hranu s kupaonicom\" width=\"800\" height=\"800\" srcset=\"https:\/\/www.honlufoodtrailer.com\/wp-content\/uploads\/2024\/08\/bathroom-and-bedroom-of-food-trailer-with-bathroom.jpg 800w, https:\/\/www.honlufoodtrailer.com\/wp-content\/uploads\/2024\/08\/bathroom-and-bedroom-of-food-trailer-with-bathroom-768x768.jpg 768w, https:\/\/www.honlufoodtrailer.com\/wp-content\/uploads\/2024\/08\/bathroom-and-bedroom-of-food-trailer-with-bathroom-360x360.jpg 360w, https:\/\/www.honlufoodtrailer.com\/wp-content\/uploads\/2024\/08\/bathroom-and-bedroom-of-food-trailer-with-bathroom-300x300.jpg 300w, https:\/\/www.honlufoodtrailer.com\/wp-content\/uploads\/2024\/08\/bathroom-and-bedroom-of-food-trailer-with-bathroom-720x720.jpg 720w, https:\/\/www.honlufoodtrailer.com\/wp-content\/uploads\/2024\/08\/bathroom-and-bedroom-of-food-trailer-with-bathroom-100x100.jpg 100w\" sizes=\"(max-width: 800px) 100vw, 800px\" \/><\/p>\n<h3 class=\"magic-6\" data-spm-anchor-id=\"a2700.wholesale.0.i28.29e52808agqc7f\">Glavni detalji<\/h3>\n<p>Pogledajte vi\u0161e detalja o ovom kamionu za hranu s kupaonicom. Sva dodatna oprema je u skladu s njema\u010dkim standardima. Kao profesionalni proizvo\u0111a\u010d i izvoznik prikolica za hranu s vi\u0161e od 10 godina iskustva, upoznati smo s propisima i zahtjevima mnogih zemalja, te \u0107emo vam osigurati kamione za hranu koji zadovoljavaju zahtjeve va\u0161e zemlje. Samo nas kontaktirajte kako biste prilagodili svoj vlastiti kamion za hranu!<\/p>\n<p><img loading=\"lazy\" decoding=\"async\" class=\"aligncenter size-full wp-image-8281\" src=\"https:\/\/www.honlufoodtrailer.com\/wp-content\/uploads\/2024\/08\/more-details-of-26ft-food-trailer-with-bathroom.jpg\" alt=\"Vi\u0161e detalja o prikolici za hranu od 26 stopa s kupaonicom\" width=\"800\" height=\"800\" srcset=\"https:\/\/www.honlufoodtrailer.com\/wp-content\/uploads\/2024\/08\/more-details-of-26ft-food-trailer-with-bathroom.jpg 800w, https:\/\/www.honlufoodtrailer.com\/wp-content\/uploads\/2024\/08\/more-details-of-26ft-food-trailer-with-bathroom-768x768.jpg 768w, https:\/\/www.honlufoodtrailer.com\/wp-content\/uploads\/2024\/08\/more-details-of-26ft-food-trailer-with-bathroom-360x360.jpg 360w, https:\/\/www.honlufoodtrailer.com\/wp-content\/uploads\/2024\/08\/more-details-of-26ft-food-trailer-with-bathroom-300x300.jpg 300w, https:\/\/www.honlufoodtrailer.com\/wp-content\/uploads\/2024\/08\/more-details-of-26ft-food-trailer-with-bathroom-720x720.jpg 720w, https:\/\/www.honlufoodtrailer.com\/wp-content\/uploads\/2024\/08\/more-details-of-26ft-food-trailer-with-bathroom-100x100.jpg 100w\" sizes=\"(max-width: 800px) 100vw, 800px\" \/><\/p>\n<h3 class=\"magic-6\" data-spm-anchor-id=\"a2700.wholesale.0.i28.29e52808agqc7f\">Glavne zna\u010dajke prikolice za hranu s kupaonicom<\/h3>\n<div class=\"magic-7\">\n<div class=\"magic-8\">\n<div class=\"magic-9\" data-id=\"paragraph0\">\n<ol>\n<li>Ispunjava njema\u010dke standarde;<\/li>\n<li>Prostrana unutra\u0161njost nije samo za prodaju hrane, ve\u0107 i za kupanje i odmor.<\/li>\n<li>Tri osovine, \u010dvr\u0161\u0107e i izdr\u017eljivije.<\/li>\n<\/ol>\n<h3>Besplatni 2D\/3D crte\u017e tlocrta<\/h3>\n<p>Nakon \u0161to potvrdimo dimenzije prikolice za hranu i unutarnje kuhinjske opreme, mo\u017eemo vam besplatno dostaviti 3D crte\u017ee. To \u0107e vam dati jasniju predod\u017ebu o va\u0161em dizajnu i va\u0161im kolicima za hranu. Prilikom potvrde lokacije kuhinjske opreme, mo\u017eemo jasno komunicirati s vama putem tlocrta. Tako\u0111er vam mo\u017eemo dostaviti originalne dokumente kako bismo vam olak\u0161ali dizajn i napravili prilagodbe.<\/p>\n<p>Vidi jo\u0161 jednu <a href=\"https:\/\/www.honlufoodtrailer.com\/hr\/product\/customized-square-food-trailer-with-toilet\/\" target=\"_blank\" rel=\"noopener\">Prikolica za hranu od 5 m s WC-om<\/a> Za kupca smo ovdje proizveli: <a href=\"https:\/\/www.honlufoodtrailer.com\/hr\/product\/customized-square-food-trailer-with-toilet\/\" target=\"_blank\" rel=\"noopener\">https:\/\/www.honlufoodtrailer.com\/product\/customized-square-food-trailer-with-toilet\/<\/a>.<\/p>\n<p><a href=\"https:\/\/www.honlufoodtrailer.com\/hr\/product\/customized-square-food-trailer-with-toilet\/\"><img loading=\"lazy\" decoding=\"async\" class=\"aligncenter wp-image-4531\" src=\"https:\/\/www.honlufoodtrailer.com\/wp-content\/uploads\/2022\/04\/Toilet-at-back-door.jpg\" alt=\"Prikolica za hranu od 5 m s WC-om\" width=\"772\" height=\"579\" srcset=\"https:\/\/www.honlufoodtrailer.com\/wp-content\/uploads\/2022\/04\/Toilet-at-back-door.jpg 1440w, https:\/\/www.honlufoodtrailer.com\/wp-content\/uploads\/2022\/04\/Toilet-at-back-door-768x576.jpg 768w, https:\/\/www.honlufoodtrailer.com\/wp-content\/uploads\/2022\/04\/Toilet-at-back-door-480x360.jpg 480w, https:\/\/www.honlufoodtrailer.com\/wp-content\/uploads\/2022\/04\/Toilet-at-back-door-300x225.jpg 300w, https:\/\/www.honlufoodtrailer.com\/wp-content\/uploads\/2022\/04\/Toilet-at-back-door-720x540.jpg 720w\" sizes=\"(max-width: 772px) 100vw, 772px\" \/><\/a><br \/>\nAko ste zainteresirani za sli\u010dnu prikolicu za hranu, slobodno nas kontaktirajte porukom s va\u0161im detaljnim zahtjevima. Ili nam jednostavno po\u0161aljite poruku putem WhatsAppa za brzi odgovor!<\/p>\n<\/div>\n<\/div>\n<\/div>","protected":false},"excerpt":{"rendered":"<p>Ovo je prilago\u0111ena prikolica za hranu od 26 stopa s kupaonicom, WC-om i spava\u0107om sobom. Cijelo vozilo izra\u0111eno je od nehr\u0111aju\u0107eg \u010delika i pocin\u010danog \u010deli\u010dnog lima. Ne samo da se mo\u017ee koristiti za prodaju brze hrane i pi\u0107a, ve\u0107 ima i mjesta za kupanje i odmor. <strong>Kliknite na sljede\u0107e kartice kako biste vidjeli vi\u0161e detalja o ovoj prikolici za hranu<\/strong>. Mo\u017eemo proizvesti sli\u010dnu prikolicu za hranu s kupaonicom poput ove ili je prilagoditi za vas. Veli\u010dina, boja karoserije, naljepnice, signalizacija, unutarnja oprema prikolice za hranu mogu se prilagoditi. Osim toga, sva dodatna oprema zadovoljit \u0107e zahtjeve kupaca. Slobodno nas kontaktirajte i recite nam svoje detaljne zahtjeve!<\/p>","protected":false},"featured_media":8277,"template":"","meta":{"_themeisle_gutenberg_block_has_review":false},"product_brand":[],"product_cat":[26],"product_tag":[33,101,45,38,51],"class_list":{"0":"post-8268","1":"product","2":"type-product","3":"status-publish","4":"has-post-thumbnail","6":"product_cat-product","7":"product_tag-customized-trailer","8":"product_tag-food-trailer-with-toilet","9":"product_tag-large-food-trailer","10":"product_tag-mobile-food-trailer","11":"product_tag-square-food-trailer","13":"first","14":"instock","15":"shipping-taxable","16":"product-type-simple"},"yoast_head":"<!-- This site is optimized with the Yoast SEO plugin v27.5 - https:\/\/yoast.com\/product\/yoast-seo-wordpress\/ -->\n<title>26ft Food Trailer with Bathroom and Toilet - Honlu Food Trailer<\/title>\n<meta name=\"description\" content=\"This is a customized 26ft food trailer with bathroom, toilet and bedroom. High quality, get its price here direct from China factory!\" \/>\n<meta name=\"robots\" content=\"index, follow, max-snippet:-1, max-image-preview:large, max-video-preview:-1\" \/>\n<link rel=\"canonical\" href=\"https:\/\/www.honlufoodtrailer.com\/hr\/product\/prikolica-za-hranu-od-26-stopa-s-kupaonicom-i-wc-om\/\" \/>\n<meta property=\"og:locale\" content=\"hr_HR\" \/>\n<meta property=\"og:type\" content=\"article\" \/>\n<meta property=\"og:title\" content=\"26ft Food Trailer with Bathroom and Toilet - Honlu Food Trailer\" \/>\n<meta property=\"og:description\" content=\"This is a customized 26ft food trailer with bathroom, toilet and bedroom. High quality, get its price here direct from China factory!\" \/>\n<meta property=\"og:url\" content=\"https:\/\/www.honlufoodtrailer.com\/hr\/product\/prikolica-za-hranu-od-26-stopa-s-kupaonicom-i-wc-om\/\" \/>\n<meta property=\"og:site_name\" content=\"Honlu food trailer\" \/>\n<meta property=\"article:modified_time\" content=\"2025-02-14T06:10:20+00:00\" \/>\n<meta property=\"og:image\" content=\"https:\/\/www.honlufoodtrailer.com\/wp-content\/uploads\/2024\/08\/26ft-food-trailer-with-toilet.jpg\" \/>\n\t<meta property=\"og:image:width\" content=\"720\" \/>\n\t<meta property=\"og:image:height\" content=\"540\" \/>\n\t<meta property=\"og:image:type\" content=\"image\/jpeg\" \/>\n<meta name=\"twitter:card\" content=\"summary_large_image\" \/>\n<meta name=\"twitter:label1\" content=\"Procijenjeno vrijeme \u010ditanja\" \/>\n\t<meta name=\"twitter:data1\" content=\"2 minute\" \/>\n<script type=\"application\/ld+json\" class=\"yoast-schema-graph\">{\"@context\":\"https:\\\/\\\/schema.org\",\"@graph\":[{\"@type\":\"WebPage\",\"@id\":\"https:\\\/\\\/www.honlufoodtrailer.com\\\/product\\\/26ft-food-trailer-with-bathroom-and-toilet\\\/\",\"url\":\"https:\\\/\\\/www.honlufoodtrailer.com\\\/product\\\/26ft-food-trailer-with-bathroom-and-toilet\\\/\",\"name\":\"26ft Food Trailer with Bathroom and Toilet - Honlu Food Trailer\",\"isPartOf\":{\"@id\":\"https:\\\/\\\/www.honlufoodtrailer.com\\\/#website\"},\"primaryImageOfPage\":{\"@id\":\"https:\\\/\\\/www.honlufoodtrailer.com\\\/product\\\/26ft-food-trailer-with-bathroom-and-toilet\\\/#primaryimage\"},\"image\":{\"@id\":\"https:\\\/\\\/www.honlufoodtrailer.com\\\/product\\\/26ft-food-trailer-with-bathroom-and-toilet\\\/#primaryimage\"},\"thumbnailUrl\":\"https:\\\/\\\/www.honlufoodtrailer.com\\\/wp-content\\\/uploads\\\/2024\\\/08\\\/26ft-food-trailer-with-toilet.jpg\",\"datePublished\":\"2024-08-27T06:25:12+00:00\",\"dateModified\":\"2025-02-14T06:10:20+00:00\",\"description\":\"This is a customized 26ft food trailer with bathroom, toilet and bedroom. High quality, get its price here direct from China factory!\",\"breadcrumb\":{\"@id\":\"https:\\\/\\\/www.honlufoodtrailer.com\\\/product\\\/26ft-food-trailer-with-bathroom-and-toilet\\\/#breadcrumb\"},\"inLanguage\":\"hr\",\"potentialAction\":[{\"@type\":\"ReadAction\",\"target\":[\"https:\\\/\\\/www.honlufoodtrailer.com\\\/product\\\/26ft-food-trailer-with-bathroom-and-toilet\\\/\"]}]},{\"@type\":\"ImageObject\",\"inLanguage\":\"hr\",\"@id\":\"https:\\\/\\\/www.honlufoodtrailer.com\\\/product\\\/26ft-food-trailer-with-bathroom-and-toilet\\\/#primaryimage\",\"url\":\"https:\\\/\\\/www.honlufoodtrailer.com\\\/wp-content\\\/uploads\\\/2024\\\/08\\\/26ft-food-trailer-with-toilet.jpg\",\"contentUrl\":\"https:\\\/\\\/www.honlufoodtrailer.com\\\/wp-content\\\/uploads\\\/2024\\\/08\\\/26ft-food-trailer-with-toilet.jpg\",\"width\":720,\"height\":540,\"caption\":\"26ft food trailer with toilet\"},{\"@type\":\"BreadcrumbList\",\"@id\":\"https:\\\/\\\/www.honlufoodtrailer.com\\\/product\\\/26ft-food-trailer-with-bathroom-and-toilet\\\/#breadcrumb\",\"itemListElement\":[{\"@type\":\"ListItem\",\"position\":1,\"name\":\"Home\",\"item\":\"https:\\\/\\\/www.honlufoodtrailer.com\\\/\"},{\"@type\":\"ListItem\",\"position\":2,\"name\":\"\u4ea7\u54c1\",\"item\":\"https:\\\/\\\/www.honlufoodtrailer.com\\\/shop\\\/\"},{\"@type\":\"ListItem\",\"position\":3,\"name\":\"26ft Food Trailer with Bathroom and Toilet\"}]},{\"@type\":\"WebSite\",\"@id\":\"https:\\\/\\\/www.honlufoodtrailer.com\\\/#website\",\"url\":\"https:\\\/\\\/www.honlufoodtrailer.com\\\/\",\"name\":\"Honlu food trailer\",\"description\":\"\",\"publisher\":{\"@id\":\"https:\\\/\\\/www.honlufoodtrailer.com\\\/#organization\"},\"potentialAction\":[{\"@type\":\"SearchAction\",\"target\":{\"@type\":\"EntryPoint\",\"urlTemplate\":\"https:\\\/\\\/www.honlufoodtrailer.com\\\/?s={search_term_string}\"},\"query-input\":{\"@type\":\"PropertyValueSpecification\",\"valueRequired\":true,\"valueName\":\"search_term_string\"}}],\"inLanguage\":\"hr\"},{\"@type\":\"Organization\",\"@id\":\"https:\\\/\\\/www.honlufoodtrailer.com\\\/#organization\",\"name\":\"Honlu food trailer\",\"url\":\"https:\\\/\\\/www.honlufoodtrailer.com\\\/\",\"logo\":{\"@type\":\"ImageObject\",\"inLanguage\":\"hr\",\"@id\":\"https:\\\/\\\/www.honlufoodtrailer.com\\\/#\\\/schema\\\/logo\\\/image\\\/\",\"url\":\"https:\\\/\\\/www.honlufoodtrailer.com\\\/wp-content\\\/uploads\\\/2021\\\/12\\\/2.gif\",\"contentUrl\":\"https:\\\/\\\/www.honlufoodtrailer.com\\\/wp-content\\\/uploads\\\/2021\\\/12\\\/2.gif\",\"width\":350,\"height\":100,\"caption\":\"Honlu food trailer\"},\"image\":{\"@id\":\"https:\\\/\\\/www.honlufoodtrailer.com\\\/#\\\/schema\\\/logo\\\/image\\\/\"}}]}<\/script>\n<!-- \/ Yoast SEO plugin. -->","yoast_head_json":{"title":"Prikolica za hranu od 26 stopa s kupaonicom i WC-om - Honlu Prikolica za hranu","description":"Ovo je prilago\u0111ena prikolica za hranu od 26 stopa s kupaonicom, WC-om i spava\u0107om sobom. Visoka kvaliteta, cijena je dostupna ovdje izravno iz tvornice u Kini!","robots":{"index":"index","follow":"follow","max-snippet":"max-snippet:-1","max-image-preview":"max-image-preview:large","max-video-preview":"max-video-preview:-1"},"canonical":"https:\/\/www.honlufoodtrailer.com\/hr\/product\/prikolica-za-hranu-od-26-stopa-s-kupaonicom-i-wc-om\/","og_locale":"hr_HR","og_type":"article","og_title":"26ft Food Trailer with Bathroom and Toilet - Honlu Food Trailer","og_description":"This is a customized 26ft food trailer with bathroom, toilet and bedroom. High quality, get its price here direct from China factory!","og_url":"https:\/\/www.honlufoodtrailer.com\/hr\/product\/prikolica-za-hranu-od-26-stopa-s-kupaonicom-i-wc-om\/","og_site_name":"Honlu food trailer","article_modified_time":"2025-02-14T06:10:20+00:00","og_image":[{"width":720,"height":540,"url":"https:\/\/www.honlufoodtrailer.com\/wp-content\/uploads\/2024\/08\/26ft-food-trailer-with-toilet.jpg","type":"image\/jpeg"}],"twitter_card":"summary_large_image","twitter_misc":{"Procijenjeno vrijeme \u010ditanja":"2 minute"},"schema":{"@context":"https:\/\/schema.org","@graph":[{"@type":"WebPage","@id":"https:\/\/www.honlufoodtrailer.com\/product\/26ft-food-trailer-with-bathroom-and-toilet\/","url":"https:\/\/www.honlufoodtrailer.com\/product\/26ft-food-trailer-with-bathroom-and-toilet\/","name":"Prikolica za hranu od 26 stopa s kupaonicom i WC-om - Honlu Prikolica za hranu","isPartOf":{"@id":"https:\/\/www.honlufoodtrailer.com\/#website"},"primaryImageOfPage":{"@id":"https:\/\/www.honlufoodtrailer.com\/product\/26ft-food-trailer-with-bathroom-and-toilet\/#primaryimage"},"image":{"@id":"https:\/\/www.honlufoodtrailer.com\/product\/26ft-food-trailer-with-bathroom-and-toilet\/#primaryimage"},"thumbnailUrl":"https:\/\/www.honlufoodtrailer.com\/wp-content\/uploads\/2024\/08\/26ft-food-trailer-with-toilet.jpg","datePublished":"2024-08-27T06:25:12+00:00","dateModified":"2025-02-14T06:10:20+00:00","description":"Ovo je prilago\u0111ena prikolica za hranu od 26 stopa s kupaonicom, WC-om i spava\u0107om sobom. Visoka kvaliteta, cijena je dostupna ovdje izravno iz tvornice u Kini!","breadcrumb":{"@id":"https:\/\/www.honlufoodtrailer.com\/product\/26ft-food-trailer-with-bathroom-and-toilet\/#breadcrumb"},"inLanguage":"hr","potentialAction":[{"@type":"ReadAction","target":["https:\/\/www.honlufoodtrailer.com\/product\/26ft-food-trailer-with-bathroom-and-toilet\/"]}]},{"@type":"ImageObject","inLanguage":"hr","@id":"https:\/\/www.honlufoodtrailer.com\/product\/26ft-food-trailer-with-bathroom-and-toilet\/#primaryimage","url":"https:\/\/www.honlufoodtrailer.com\/wp-content\/uploads\/2024\/08\/26ft-food-trailer-with-toilet.jpg","contentUrl":"https:\/\/www.honlufoodtrailer.com\/wp-content\/uploads\/2024\/08\/26ft-food-trailer-with-toilet.jpg","width":720,"height":540,"caption":"26ft food trailer with toilet"},{"@type":"BreadcrumbList","@id":"https:\/\/www.honlufoodtrailer.com\/product\/26ft-food-trailer-with-bathroom-and-toilet\/#breadcrumb","itemListElement":[{"@type":"ListItem","position":1,"name":"Home","item":"https:\/\/www.honlufoodtrailer.com\/"},{"@type":"ListItem","position":2,"name":"\u4ea7\u54c1","item":"https:\/\/www.honlufoodtrailer.com\/shop\/"},{"@type":"ListItem","position":3,"name":"26ft Food Trailer with Bathroom and Toilet"}]},{"@type":"WebSite","@id":"https:\/\/www.honlufoodtrailer.com\/#website","url":"https:\/\/www.honlufoodtrailer.com\/","name":"Prikolica za hranu Honlu","description":"","publisher":{"@id":"https:\/\/www.honlufoodtrailer.com\/#organization"},"potentialAction":[{"@type":"SearchAction","target":{"@type":"EntryPoint","urlTemplate":"https:\/\/www.honlufoodtrailer.com\/?s={search_term_string}"},"query-input":{"@type":"PropertyValueSpecification","valueRequired":true,"valueName":"search_term_string"}}],"inLanguage":"hr"},{"@type":"Organization","@id":"https:\/\/www.honlufoodtrailer.com\/#organization","name":"Prikolica za hranu Honlu","url":"https:\/\/www.honlufoodtrailer.com\/","logo":{"@type":"ImageObject","inLanguage":"hr","@id":"https:\/\/www.honlufoodtrailer.com\/#\/schema\/logo\/image\/","url":"https:\/\/www.honlufoodtrailer.com\/wp-content\/uploads\/2021\/12\/2.gif","contentUrl":"https:\/\/www.honlufoodtrailer.com\/wp-content\/uploads\/2021\/12\/2.gif","width":350,"height":100,"caption":"Honlu food trailer"},"image":{"@id":"https:\/\/www.honlufoodtrailer.com\/#\/schema\/logo\/image\/"}}]}},"_links":{"self":[{"href":"https:\/\/www.honlufoodtrailer.com\/hr\/wp-json\/wp\/v2\/product\/8268","targetHints":{"allow":["GET"]}}],"collection":[{"href":"https:\/\/www.honlufoodtrailer.com\/hr\/wp-json\/wp\/v2\/product"}],"about":[{"href":"https:\/\/www.honlufoodtrailer.com\/hr\/wp-json\/wp\/v2\/types\/product"}],"version-history":[{"count":0,"href":"https:\/\/www.honlufoodtrailer.com\/hr\/wp-json\/wp\/v2\/product\/8268\/revisions"}],"wp:featuredmedia":[{"embeddable":true,"href":"https:\/\/www.honlufoodtrailer.com\/hr\/wp-json\/wp\/v2\/media\/8277"}],"wp:attachment":[{"href":"https:\/\/www.honlufoodtrailer.com\/hr\/wp-json\/wp\/v2\/media?parent=8268"}],"wp:term":[{"taxonomy":"product_brand","embeddable":true,"href":"https:\/\/www.honlufoodtrailer.com\/hr\/wp-json\/wp\/v2\/product_brand?post=8268"},{"taxonomy":"product_cat","embeddable":true,"href":"https:\/\/www.honlufoodtrailer.com\/hr\/wp-json\/wp\/v2\/product_cat?post=8268"},{"taxonomy":"product_tag","embeddable":true,"href":"https:\/\/www.honlufoodtrailer.com\/hr\/wp-json\/wp\/v2\/product_tag?post=8268"}],"curies":[{"name":"radni list","href":"https:\/\/api.w.org\/{rel}","templated":true}]}}