{"id":8283,"date":"2024-08-28T18:13:20","date_gmt":"2024-08-28T10:13:20","guid":{"rendered":"https:\/\/www.honlufoodtrailer.com\/?post_type=product&#038;p=8283"},"modified":"2025-02-14T14:05:02","modified_gmt":"2025-02-14T06:05:02","slug":"23ft-taqueria-taco-truck","status":"publish","type":"product","link":"https:\/\/www.honlufoodtrailer.com\/hr\/product\/23ft-taqueria-taco-truck\/","title":{"rendered":"23ft Taqueria Taco Truck"},"content":{"rendered":"<p>Tra\u017eite li kamion za tacos s taquerijom? Pogledajte ovaj kamion za tacos od 7 metara ovdje! Prilagodili smo ga za jednog od na\u0161ih kupaca. Na\u0161 kupac \u0107e ga koristiti za prodaju meksi\u010dke hrane. Mo\u017eemo proizvesti sli\u010dan kamion za hranu poput ovog ili ga prilagoditi za vas. Boja karoserije, naljepnice, signalizacija, kuhinjska oprema prikolice kamiona za tacos mogu se prilagoditi. Sada, pogledajmo nekoliko slika ovog kamiona za hranu!<\/p>\n<p><img fetchpriority=\"high\" decoding=\"async\" class=\"aligncenter size-full wp-image-8290\" src=\"https:\/\/www.honlufoodtrailer.com\/wp-content\/uploads\/2024\/08\/7m-taqueria-truck.jpg\" alt=\"Kamion s taquerijom od 7 metara\" width=\"720\" height=\"540\" srcset=\"https:\/\/www.honlufoodtrailer.com\/wp-content\/uploads\/2024\/08\/7m-taqueria-truck.jpg 720w, https:\/\/www.honlufoodtrailer.com\/wp-content\/uploads\/2024\/08\/7m-taqueria-truck-480x360.jpg 480w, https:\/\/www.honlufoodtrailer.com\/wp-content\/uploads\/2024\/08\/7m-taqueria-truck-300x225.jpg 300w\" sizes=\"(max-width: 720px) 100vw, 720px\" \/> <img decoding=\"async\" class=\"aligncenter size-full wp-image-8286\" src=\"https:\/\/www.honlufoodtrailer.com\/wp-content\/uploads\/2024\/08\/7m-taco-food-truck.jpg\" alt=\"Kamion s tacosima od 7 metara\" width=\"720\" height=\"540\" srcset=\"https:\/\/www.honlufoodtrailer.com\/wp-content\/uploads\/2024\/08\/7m-taco-food-truck.jpg 720w, https:\/\/www.honlufoodtrailer.com\/wp-content\/uploads\/2024\/08\/7m-taco-food-truck-480x360.jpg 480w, https:\/\/www.honlufoodtrailer.com\/wp-content\/uploads\/2024\/08\/7m-taco-food-truck-300x225.jpg 300w\" sizes=\"(max-width: 720px) 100vw, 720px\" \/><\/p>\n<p>Kao \u0161to mo\u017eemo vidjeti na gornjim slikama, ovaj 7 metara veliki kamion za tacose ima privla\u010dnu boju. Prema zahtjevima kupca, izradili smo naljepnice i jelovnike na prednjoj strani kamiona s hranom. Tako\u0111er, na prednjoj strani kamiona s hranom nalaze se dva velika prozora za naru\u010divanje i preuzimanje obroka. Na vrhu kamiona s hranom izradili smo natpisnu plo\u010du. Na desnoj strani kamiona s hranom nalaze se vrata za ulaz i izlaz.<\/p>\n<h2>Upotreba ovog kamiona za tacose Taqueria od 23 stope<\/h2>\n<p>Na\u0161i kupci uglavnom koriste ovaj kamion s hranom za prodaju mnogih vrsta meksi\u010dke hrane kao \u0161to su meksi\u010dke tortilje, burrito, quesadilla, Cezar salata, meksi\u010dki ro\u0161tilj, nachosi. S prostorom od 7 metara, ovaj kamion s hranom mo\u017ee poslu\u017eiti veliki broj ljudi. Zatim, pogledajmo unutra\u0161njost ovog kamiona s taquerijom.<\/p>\n<p><img decoding=\"async\" class=\"aligncenter size-full wp-image-8289\" src=\"https:\/\/www.honlufoodtrailer.com\/wp-content\/uploads\/2024\/08\/7m-taqueria-taco-truck-inner-view.jpg\" alt=\"Pogled iznutra na kamion s tacosima u 7m taqueria\" width=\"720\" height=\"540\" srcset=\"https:\/\/www.honlufoodtrailer.com\/wp-content\/uploads\/2024\/08\/7m-taqueria-taco-truck-inner-view.jpg 720w, https:\/\/www.honlufoodtrailer.com\/wp-content\/uploads\/2024\/08\/7m-taqueria-taco-truck-inner-view-480x360.jpg 480w, https:\/\/www.honlufoodtrailer.com\/wp-content\/uploads\/2024\/08\/7m-taqueria-taco-truck-inner-view-300x225.jpg 300w\" sizes=\"(max-width: 720px) 100vw, 720px\" \/> <img loading=\"lazy\" decoding=\"async\" class=\"aligncenter size-full wp-image-8294\" src=\"https:\/\/www.honlufoodtrailer.com\/wp-content\/uploads\/2024\/08\/7m-taqueria-taco-truck-inner-structure.jpg\" alt=\"Unutarnja struktura 7m taqueria taco kamiona\" width=\"800\" height=\"800\" srcset=\"https:\/\/www.honlufoodtrailer.com\/wp-content\/uploads\/2024\/08\/7m-taqueria-taco-truck-inner-structure.jpg 800w, https:\/\/www.honlufoodtrailer.com\/wp-content\/uploads\/2024\/08\/7m-taqueria-taco-truck-inner-structure-768x768.jpg 768w, https:\/\/www.honlufoodtrailer.com\/wp-content\/uploads\/2024\/08\/7m-taqueria-taco-truck-inner-structure-360x360.jpg 360w, https:\/\/www.honlufoodtrailer.com\/wp-content\/uploads\/2024\/08\/7m-taqueria-taco-truck-inner-structure-300x300.jpg 300w, https:\/\/www.honlufoodtrailer.com\/wp-content\/uploads\/2024\/08\/7m-taqueria-taco-truck-inner-structure-720x720.jpg 720w, https:\/\/www.honlufoodtrailer.com\/wp-content\/uploads\/2024\/08\/7m-taqueria-taco-truck-inner-structure-100x100.jpg 100w\" sizes=\"(max-width: 800px) 100vw, 800px\" \/><\/p>\n<p>Kao \u0161to mo\u017eemo vidjeti na gornjoj slici, opremili smo kamion za tacos od 7 metara kuhinjskom opremom. Unutar prikolice nalazi se uglavnom kuhinjska oprema kao \u0161to su plinski \u0161tednjak, sudoper s 3+1 sjedi\u0161ta, hladnjak sa salatnim \u0161ankom, plinska plo\u010da za kuhanje, napa, klima ure\u0111aj itd. S gore navedenom kuhinjskom opremom, na\u0161 kupac \u0107e mo\u0107i poslu\u017eivati gostima razne vrste meksi\u010dke hrane.<\/p>\n<h2><b class=\"magic-22\"><span class=\"magic-11\">Vi\u0161e detalja:<\/span><\/b><\/h2>\n<p>Pogledajte vi\u0161e detalja o proizvodnji ovog kamiona za tacos iz Taquerije. Kao profesionalni proizvo\u0111a\u010d i izvoznik prikolica za hranu s vi\u0161e od 10 godina iskustva, upoznati smo s propisima i zahtjevima mnogih zemalja, te \u0107emo vam osigurati kamione za hranu koji zadovoljavaju zahtjeve va\u0161e zemlje. Samo nas kontaktirajte kako biste prilagodili svoj vlastiti kamion za hranu!<\/p>\n<p><img loading=\"lazy\" decoding=\"async\" class=\"aligncenter size-full wp-image-8295\" src=\"https:\/\/www.honlufoodtrailer.com\/wp-content\/uploads\/2024\/08\/23ft-taqueria-taco-truck-details.jpg\" alt=\"Detalji kamiona za tacose od 23 stope\" width=\"800\" height=\"800\" srcset=\"https:\/\/www.honlufoodtrailer.com\/wp-content\/uploads\/2024\/08\/23ft-taqueria-taco-truck-details.jpg 800w, https:\/\/www.honlufoodtrailer.com\/wp-content\/uploads\/2024\/08\/23ft-taqueria-taco-truck-details-768x768.jpg 768w, https:\/\/www.honlufoodtrailer.com\/wp-content\/uploads\/2024\/08\/23ft-taqueria-taco-truck-details-360x360.jpg 360w, https:\/\/www.honlufoodtrailer.com\/wp-content\/uploads\/2024\/08\/23ft-taqueria-taco-truck-details-300x300.jpg 300w, https:\/\/www.honlufoodtrailer.com\/wp-content\/uploads\/2024\/08\/23ft-taqueria-taco-truck-details-720x720.jpg 720w, https:\/\/www.honlufoodtrailer.com\/wp-content\/uploads\/2024\/08\/23ft-taqueria-taco-truck-details-100x100.jpg 100w\" sizes=\"(max-width: 800px) 100vw, 800px\" \/><\/p>\n<h3>Glavne zna\u010dajke ovog mobilnog kamiona za tacose:<\/h3>\n<p><span class=\"magic-12\">1. 7 metara duga, prostrana unutra\u0161njost;<br \/>\n2. Jednostavno premje\u0161tanje na bilo koje mjesto (va\u0161e poslovanje nije ograni\u010deno);<br \/>\n3. Atraktivan izgled (nevidljiv kako bi privukao vi\u0161e kupaca);<br \/>\n4. Dugi vijek trajanja (otporan na koroziju, otpornost na toplinu, vodootporan, bez deformacija).<\/span><\/p>\n<h3>Besplatni 2D\/3D crte\u017e tlocrta<\/h3>\n<p>Nakon \u0161to potvrdimo dimenzije prikolice za hranu i unutarnje kuhinjske opreme, mo\u017eemo vam besplatno dostaviti 3D crte\u017ee. To \u0107e vam dati jasniju predod\u017ebu o va\u0161em dizajnu i va\u0161im kolicima za hranu. Prilikom potvrde lokacije kuhinjske opreme, mo\u017eemo jasno komunicirati s vama putem tlocrta. Tako\u0111er vam mo\u017eemo dostaviti originalne dokumente kako bismo vam olak\u0161ali dizajn i napravili prilagodbe.<\/p>\n<h3>Vi\u0161e sli\u010dnih kamiona s tacosima:<\/h3>\n<p>Pogledajte neke druge kamione za tacose koje smo prilagodili za na\u0161e kupce. U nastavku je <a href=\"https:\/\/www.honlufoodtrailer.com\/hr\/product\/5-7m-mexican-food-trailer\/\" target=\"_blank\" rel=\"noopener\">Prikolica za meksi\u010dku hranu od 5,7 m<\/a>. <a href=\"https:\/\/www.honlufoodtrailer.com\/hr\/product\/18ft-mexican-food-trailers-for-sale\/\" target=\"_blank\" rel=\"noopener\">Prikolica za meksi\u010dku hranu od 18 stopa<\/a>. <a href=\"https:\/\/www.honlufoodtrailer.com\/hr\/product\/26ft-taco-truck-trailer-for-sale\/\" target=\"_blank\" rel=\"noopener\">Prikolica za tacose od 26 stopa<\/a>. Ako ste zainteresirani za bilo koju od ovih prikolica za hranu, slobodno nas kontaktirajte odmah!<\/p>","protected":false},"excerpt":{"rendered":"<p>Ovo je jedan od na\u0161ih kamiona za tacos od 7 metara, izra\u0111enih po narud\u017ebi. Cijelo vozilo izra\u0111eno je od nehr\u0111aju\u0107eg \u010delika i pocin\u010danog \u010deli\u010dnog lima. Na\u0161 kupac ga uglavnom koristi za prodaju meksi\u010dke hrane. <strong>Kliknite na sljede\u0107e kartice kako biste vidjeli vi\u0161e detalja o ovoj prikolici za hranu<\/strong>. Mo\u017eemo prilagoditi eksterijer i interijer kamiona s hranom prema va\u0161im detaljnim zahtjevima. Slobodno nas kontaktirajte i recite nam svoje stvarne potrebe!<\/p>","protected":false},"featured_media":8285,"template":"","meta":{"_themeisle_gutenberg_block_has_review":false},"product_brand":[],"product_cat":[26],"product_tag":[33,62,63,84,64],"class_list":{"0":"post-8283","1":"product","2":"type-product","3":"status-publish","4":"has-post-thumbnail","6":"product_cat-product","7":"product_tag-customized-trailer","8":"product_tag-taco-food-trailer","9":"product_tag-taco-food-trailer-for-sale","10":"product_tag-taco-truck","11":"product_tag-taco-truck-trailer","13":"first","14":"instock","15":"shipping-taxable","16":"product-type-simple"},"yoast_head":"<!-- This site is optimized with the Yoast SEO plugin v27.5 - https:\/\/yoast.com\/product\/yoast-seo-wordpress\/ -->\n<title>Factory Price 23ft Taqueria Taco Truck From China - Honlu<\/title>\n<meta name=\"description\" content=\"This is a 23ft taqueria taco truck we have customized for an American customer. Get a similar or customized one at factory price now!\" \/>\n<meta name=\"robots\" content=\"index, follow, max-snippet:-1, max-image-preview:large, max-video-preview:-1\" \/>\n<link rel=\"canonical\" href=\"https:\/\/www.honlufoodtrailer.com\/hr\/product\/23ft-taqueria-taco-truck\/\" \/>\n<meta property=\"og:locale\" content=\"hr_HR\" \/>\n<meta property=\"og:type\" content=\"article\" \/>\n<meta property=\"og:title\" content=\"Factory Price 23ft Taqueria Taco Truck From China - Honlu\" \/>\n<meta property=\"og:description\" content=\"This is a 23ft taqueria taco truck we have customized for an American customer. Get a similar or customized one at factory price now!\" \/>\n<meta property=\"og:url\" content=\"https:\/\/www.honlufoodtrailer.com\/hr\/product\/23ft-taqueria-taco-truck\/\" \/>\n<meta property=\"og:site_name\" content=\"Honlu food trailer\" \/>\n<meta property=\"article:modified_time\" content=\"2025-02-14T06:05:02+00:00\" \/>\n<meta property=\"og:image\" content=\"https:\/\/www.honlufoodtrailer.com\/wp-content\/uploads\/2024\/08\/7m-mobile-taco-truck.jpg\" \/>\n\t<meta property=\"og:image:width\" content=\"720\" \/>\n\t<meta property=\"og:image:height\" content=\"540\" \/>\n\t<meta property=\"og:image:type\" content=\"image\/jpeg\" \/>\n<meta name=\"twitter:card\" content=\"summary_large_image\" \/>\n<meta name=\"twitter:label1\" content=\"Procijenjeno vrijeme \u010ditanja\" \/>\n\t<meta name=\"twitter:data1\" content=\"1 minuta\" \/>\n<script type=\"application\/ld+json\" class=\"yoast-schema-graph\">{\"@context\":\"https:\\\/\\\/schema.org\",\"@graph\":[{\"@type\":\"WebPage\",\"@id\":\"https:\\\/\\\/www.honlufoodtrailer.com\\\/product\\\/23ft-taqueria-taco-truck\\\/\",\"url\":\"https:\\\/\\\/www.honlufoodtrailer.com\\\/product\\\/23ft-taqueria-taco-truck\\\/\",\"name\":\"Factory Price 23ft Taqueria Taco Truck From China - Honlu\",\"isPartOf\":{\"@id\":\"https:\\\/\\\/www.honlufoodtrailer.com\\\/#website\"},\"primaryImageOfPage\":{\"@id\":\"https:\\\/\\\/www.honlufoodtrailer.com\\\/product\\\/23ft-taqueria-taco-truck\\\/#primaryimage\"},\"image\":{\"@id\":\"https:\\\/\\\/www.honlufoodtrailer.com\\\/product\\\/23ft-taqueria-taco-truck\\\/#primaryimage\"},\"thumbnailUrl\":\"https:\\\/\\\/www.honlufoodtrailer.com\\\/wp-content\\\/uploads\\\/2024\\\/08\\\/7m-mobile-taco-truck.jpg\",\"datePublished\":\"2024-08-28T10:13:20+00:00\",\"dateModified\":\"2025-02-14T06:05:02+00:00\",\"description\":\"This is a 23ft taqueria taco truck we have customized for an American customer. Get a similar or customized one at factory price now!\",\"breadcrumb\":{\"@id\":\"https:\\\/\\\/www.honlufoodtrailer.com\\\/product\\\/23ft-taqueria-taco-truck\\\/#breadcrumb\"},\"inLanguage\":\"hr\",\"potentialAction\":[{\"@type\":\"ReadAction\",\"target\":[\"https:\\\/\\\/www.honlufoodtrailer.com\\\/product\\\/23ft-taqueria-taco-truck\\\/\"]}]},{\"@type\":\"ImageObject\",\"inLanguage\":\"hr\",\"@id\":\"https:\\\/\\\/www.honlufoodtrailer.com\\\/product\\\/23ft-taqueria-taco-truck\\\/#primaryimage\",\"url\":\"https:\\\/\\\/www.honlufoodtrailer.com\\\/wp-content\\\/uploads\\\/2024\\\/08\\\/7m-mobile-taco-truck.jpg\",\"contentUrl\":\"https:\\\/\\\/www.honlufoodtrailer.com\\\/wp-content\\\/uploads\\\/2024\\\/08\\\/7m-mobile-taco-truck.jpg\",\"width\":720,\"height\":540,\"caption\":\"7m mobile taco truck\"},{\"@type\":\"BreadcrumbList\",\"@id\":\"https:\\\/\\\/www.honlufoodtrailer.com\\\/product\\\/23ft-taqueria-taco-truck\\\/#breadcrumb\",\"itemListElement\":[{\"@type\":\"ListItem\",\"position\":1,\"name\":\"Home\",\"item\":\"https:\\\/\\\/www.honlufoodtrailer.com\\\/\"},{\"@type\":\"ListItem\",\"position\":2,\"name\":\"\u4ea7\u54c1\",\"item\":\"https:\\\/\\\/www.honlufoodtrailer.com\\\/shop\\\/\"},{\"@type\":\"ListItem\",\"position\":3,\"name\":\"23ft Taqueria Taco Truck\"}]},{\"@type\":\"WebSite\",\"@id\":\"https:\\\/\\\/www.honlufoodtrailer.com\\\/#website\",\"url\":\"https:\\\/\\\/www.honlufoodtrailer.com\\\/\",\"name\":\"Honlu food trailer\",\"description\":\"\",\"publisher\":{\"@id\":\"https:\\\/\\\/www.honlufoodtrailer.com\\\/#organization\"},\"potentialAction\":[{\"@type\":\"SearchAction\",\"target\":{\"@type\":\"EntryPoint\",\"urlTemplate\":\"https:\\\/\\\/www.honlufoodtrailer.com\\\/?s={search_term_string}\"},\"query-input\":{\"@type\":\"PropertyValueSpecification\",\"valueRequired\":true,\"valueName\":\"search_term_string\"}}],\"inLanguage\":\"hr\"},{\"@type\":\"Organization\",\"@id\":\"https:\\\/\\\/www.honlufoodtrailer.com\\\/#organization\",\"name\":\"Honlu food trailer\",\"url\":\"https:\\\/\\\/www.honlufoodtrailer.com\\\/\",\"logo\":{\"@type\":\"ImageObject\",\"inLanguage\":\"hr\",\"@id\":\"https:\\\/\\\/www.honlufoodtrailer.com\\\/#\\\/schema\\\/logo\\\/image\\\/\",\"url\":\"https:\\\/\\\/www.honlufoodtrailer.com\\\/wp-content\\\/uploads\\\/2021\\\/12\\\/2.gif\",\"contentUrl\":\"https:\\\/\\\/www.honlufoodtrailer.com\\\/wp-content\\\/uploads\\\/2021\\\/12\\\/2.gif\",\"width\":350,\"height\":100,\"caption\":\"Honlu food trailer\"},\"image\":{\"@id\":\"https:\\\/\\\/www.honlufoodtrailer.com\\\/#\\\/schema\\\/logo\\\/image\\\/\"}}]}<\/script>\n<!-- \/ Yoast SEO plugin. -->","yoast_head_json":{"title":"Tvorni\u010dka cijena 23ft Taqueria Taco kamiona iz Kine - Honlu","description":"Ovo je 7-metarski kamion za tacose koji smo prilagodili za ameri\u010dkog kupca. Nabavite sli\u010dan ili prilago\u0111eni kamion po tvorni\u010dkoj cijeni odmah!","robots":{"index":"index","follow":"follow","max-snippet":"max-snippet:-1","max-image-preview":"max-image-preview:large","max-video-preview":"max-video-preview:-1"},"canonical":"https:\/\/www.honlufoodtrailer.com\/hr\/product\/23ft-taqueria-taco-truck\/","og_locale":"hr_HR","og_type":"article","og_title":"Factory Price 23ft Taqueria Taco Truck From China - Honlu","og_description":"This is a 23ft taqueria taco truck we have customized for an American customer. Get a similar or customized one at factory price now!","og_url":"https:\/\/www.honlufoodtrailer.com\/hr\/product\/23ft-taqueria-taco-truck\/","og_site_name":"Honlu food trailer","article_modified_time":"2025-02-14T06:05:02+00:00","og_image":[{"width":720,"height":540,"url":"https:\/\/www.honlufoodtrailer.com\/wp-content\/uploads\/2024\/08\/7m-mobile-taco-truck.jpg","type":"image\/jpeg"}],"twitter_card":"summary_large_image","twitter_misc":{"Procijenjeno vrijeme \u010ditanja":"1 minuta"},"schema":{"@context":"https:\/\/schema.org","@graph":[{"@type":"WebPage","@id":"https:\/\/www.honlufoodtrailer.com\/product\/23ft-taqueria-taco-truck\/","url":"https:\/\/www.honlufoodtrailer.com\/product\/23ft-taqueria-taco-truck\/","name":"Tvorni\u010dka cijena 23ft Taqueria Taco kamiona iz Kine - Honlu","isPartOf":{"@id":"https:\/\/www.honlufoodtrailer.com\/#website"},"primaryImageOfPage":{"@id":"https:\/\/www.honlufoodtrailer.com\/product\/23ft-taqueria-taco-truck\/#primaryimage"},"image":{"@id":"https:\/\/www.honlufoodtrailer.com\/product\/23ft-taqueria-taco-truck\/#primaryimage"},"thumbnailUrl":"https:\/\/www.honlufoodtrailer.com\/wp-content\/uploads\/2024\/08\/7m-mobile-taco-truck.jpg","datePublished":"2024-08-28T10:13:20+00:00","dateModified":"2025-02-14T06:05:02+00:00","description":"Ovo je 7-metarski kamion za tacose koji smo prilagodili za ameri\u010dkog kupca. Nabavite sli\u010dan ili prilago\u0111eni kamion po tvorni\u010dkoj cijeni odmah!","breadcrumb":{"@id":"https:\/\/www.honlufoodtrailer.com\/product\/23ft-taqueria-taco-truck\/#breadcrumb"},"inLanguage":"hr","potentialAction":[{"@type":"ReadAction","target":["https:\/\/www.honlufoodtrailer.com\/product\/23ft-taqueria-taco-truck\/"]}]},{"@type":"ImageObject","inLanguage":"hr","@id":"https:\/\/www.honlufoodtrailer.com\/product\/23ft-taqueria-taco-truck\/#primaryimage","url":"https:\/\/www.honlufoodtrailer.com\/wp-content\/uploads\/2024\/08\/7m-mobile-taco-truck.jpg","contentUrl":"https:\/\/www.honlufoodtrailer.com\/wp-content\/uploads\/2024\/08\/7m-mobile-taco-truck.jpg","width":720,"height":540,"caption":"7m mobile taco truck"},{"@type":"BreadcrumbList","@id":"https:\/\/www.honlufoodtrailer.com\/product\/23ft-taqueria-taco-truck\/#breadcrumb","itemListElement":[{"@type":"ListItem","position":1,"name":"Home","item":"https:\/\/www.honlufoodtrailer.com\/"},{"@type":"ListItem","position":2,"name":"\u4ea7\u54c1","item":"https:\/\/www.honlufoodtrailer.com\/shop\/"},{"@type":"ListItem","position":3,"name":"23ft Taqueria Taco Truck"}]},{"@type":"WebSite","@id":"https:\/\/www.honlufoodtrailer.com\/#website","url":"https:\/\/www.honlufoodtrailer.com\/","name":"Prikolica za hranu Honlu","description":"","publisher":{"@id":"https:\/\/www.honlufoodtrailer.com\/#organization"},"potentialAction":[{"@type":"SearchAction","target":{"@type":"EntryPoint","urlTemplate":"https:\/\/www.honlufoodtrailer.com\/?s={search_term_string}"},"query-input":{"@type":"PropertyValueSpecification","valueRequired":true,"valueName":"search_term_string"}}],"inLanguage":"hr"},{"@type":"Organization","@id":"https:\/\/www.honlufoodtrailer.com\/#organization","name":"Prikolica za hranu Honlu","url":"https:\/\/www.honlufoodtrailer.com\/","logo":{"@type":"ImageObject","inLanguage":"hr","@id":"https:\/\/www.honlufoodtrailer.com\/#\/schema\/logo\/image\/","url":"https:\/\/www.honlufoodtrailer.com\/wp-content\/uploads\/2021\/12\/2.gif","contentUrl":"https:\/\/www.honlufoodtrailer.com\/wp-content\/uploads\/2021\/12\/2.gif","width":350,"height":100,"caption":"Honlu food trailer"},"image":{"@id":"https:\/\/www.honlufoodtrailer.com\/#\/schema\/logo\/image\/"}}]}},"_links":{"self":[{"href":"https:\/\/www.honlufoodtrailer.com\/hr\/wp-json\/wp\/v2\/product\/8283","targetHints":{"allow":["GET"]}}],"collection":[{"href":"https:\/\/www.honlufoodtrailer.com\/hr\/wp-json\/wp\/v2\/product"}],"about":[{"href":"https:\/\/www.honlufoodtrailer.com\/hr\/wp-json\/wp\/v2\/types\/product"}],"version-history":[{"count":0,"href":"https:\/\/www.honlufoodtrailer.com\/hr\/wp-json\/wp\/v2\/product\/8283\/revisions"}],"wp:featuredmedia":[{"embeddable":true,"href":"https:\/\/www.honlufoodtrailer.com\/hr\/wp-json\/wp\/v2\/media\/8285"}],"wp:attachment":[{"href":"https:\/\/www.honlufoodtrailer.com\/hr\/wp-json\/wp\/v2\/media?parent=8283"}],"wp:term":[{"taxonomy":"product_brand","embeddable":true,"href":"https:\/\/www.honlufoodtrailer.com\/hr\/wp-json\/wp\/v2\/product_brand?post=8283"},{"taxonomy":"product_cat","embeddable":true,"href":"https:\/\/www.honlufoodtrailer.com\/hr\/wp-json\/wp\/v2\/product_cat?post=8283"},{"taxonomy":"product_tag","embeddable":true,"href":"https:\/\/www.honlufoodtrailer.com\/hr\/wp-json\/wp\/v2\/product_tag?post=8283"}],"curies":[{"name":"wp","href":"https:\/\/api.w.org\/{rel}","templated":true}]}}