{"id":8970,"date":"2024-11-29T16:23:14","date_gmt":"2024-11-29T08:23:14","guid":{"rendered":"https:\/\/www.honlufoodtrailer.com\/?post_type=product&#038;p=8970"},"modified":"2025-02-14T13:49:57","modified_gmt":"2025-02-14T05:49:57","slug":"porch-style-concession-trailer-french-polynesia","status":"publish","type":"product","link":"https:\/\/www.honlufoodtrailer.com\/hr\/product\/porch-style-concession-trailer-french-polynesia\/","title":{"rendered":"Prikolica za koncesiju u stilu verande od 26 stopa, Francuska Polinezija"},"content":{"rendered":"<p data-spm-anchor-id=\"a2700.wholesale.0.i28.29e52808agqc7f\">Tra\u017eite li prikolicu za koncesije s trijemom? Pogledajte ovu prikolicu za koncesije s trijemom od 26 stopa ovdje! To je jedna od prikolica za hranu s trijemom koju smo prilagodili za kupca iz Francuske Polinezije. Pogledajmo sada vi\u0161e detalja o njoj!<\/p>\n<p data-spm-anchor-id=\"a2700.wholesale.0.i28.29e52808agqc7f\"><img fetchpriority=\"high\" decoding=\"async\" class=\"aligncenter size-full wp-image-8979\" src=\"https:\/\/www.honlufoodtrailer.com\/wp-content\/uploads\/2024\/11\/Porch-Style-Concession-Trailer-French-Polynesia-07.jpg\" alt=\"Detalji o prikolici s trijemom u Francuskoj Polineziji\" width=\"720\" height=\"540\" srcset=\"https:\/\/www.honlufoodtrailer.com\/wp-content\/uploads\/2024\/11\/Porch-Style-Concession-Trailer-French-Polynesia-07.jpg 720w, https:\/\/www.honlufoodtrailer.com\/wp-content\/uploads\/2024\/11\/Porch-Style-Concession-Trailer-French-Polynesia-07-480x360.jpg 480w, https:\/\/www.honlufoodtrailer.com\/wp-content\/uploads\/2024\/11\/Porch-Style-Concession-Trailer-French-Polynesia-07-300x225.jpg 300w\" sizes=\"(max-width: 720px) 100vw, 720px\" \/><\/p>\n<p data-spm-anchor-id=\"a2700.wholesale.0.i28.29e52808agqc7f\">Kao \u0161to mo\u017eemo vidjeti na gornjim slikama, cijela karoserija ove prikolice za hranu je crna, a dio s trijemom na prednjoj strani prikolice ima otvoreni dizajn. Ovaj model prikolice s trijemom za hranu je preferirani model za pokretanje posla s hranom za ro\u0161tilj.<\/p>\n<p data-spm-anchor-id=\"a2700.wholesale.0.i28.29e52808agqc7f\"><img decoding=\"async\" class=\"aligncenter size-full wp-image-8977\" src=\"https:\/\/www.honlufoodtrailer.com\/wp-content\/uploads\/2024\/11\/Porch-Style-Concession-Trailer-French-Polynesia-05.jpg\" alt=\"Detalji o prikolici s trijemom u Francuskoj Polineziji\" width=\"720\" height=\"540\" srcset=\"https:\/\/www.honlufoodtrailer.com\/wp-content\/uploads\/2024\/11\/Porch-Style-Concession-Trailer-French-Polynesia-05.jpg 720w, https:\/\/www.honlufoodtrailer.com\/wp-content\/uploads\/2024\/11\/Porch-Style-Concession-Trailer-French-Polynesia-05-480x360.jpg 480w, https:\/\/www.honlufoodtrailer.com\/wp-content\/uploads\/2024\/11\/Porch-Style-Concession-Trailer-French-Polynesia-05-300x225.jpg 300w\" sizes=\"(max-width: 720px) 100vw, 720px\" \/><\/p>\n<p data-spm-anchor-id=\"a2700.wholesale.0.i28.29e52808agqc7f\">Stra\u017enji dio prikolice za hranu dizajn je koji je predlo\u017eio kupac, a pregrade oko trijema mogu se otvoriti prema van kako bi se dobio otvoreni dizajn. Zatim, pogledajmo unutarnje detalje ove prikolice za koncesije u stilu trijema.<\/p>\n<h3>Unutarnji detalji prikolice s koncesijom u stilu verande od 26 stopa<\/h3>\n<p data-spm-anchor-id=\"a2700.wholesale.0.i28.29e52808agqc7f\">Kao \u0161to mo\u017eemo vidjeti na slikama ispod, prikolicu za hranu opremili smo kuhinjskom opremom prema zahtjevima kupca. Kuhinjska oprema uklju\u010duje 2 sudopera sa slavinama za toplu i hladnu vodu, napu, stol za pripremu hrane, radni stol s hladnjakom itd.<\/p>\n<p data-spm-anchor-id=\"a2700.wholesale.0.i28.29e52808agqc7f\"><img decoding=\"async\" class=\"aligncenter size-full wp-image-8983\" src=\"https:\/\/www.honlufoodtrailer.com\/wp-content\/uploads\/2024\/11\/Porch-Concession-Trailer-French-Polynesia-inner-detail.jpg\" alt=\"Detalj unutra\u0161njosti prikolice s trijemom u Francuskoj Polineziji\" width=\"800\" height=\"800\" srcset=\"https:\/\/www.honlufoodtrailer.com\/wp-content\/uploads\/2024\/11\/Porch-Concession-Trailer-French-Polynesia-inner-detail.jpg 800w, https:\/\/www.honlufoodtrailer.com\/wp-content\/uploads\/2024\/11\/Porch-Concession-Trailer-French-Polynesia-inner-detail-768x768.jpg 768w, https:\/\/www.honlufoodtrailer.com\/wp-content\/uploads\/2024\/11\/Porch-Concession-Trailer-French-Polynesia-inner-detail-360x360.jpg 360w, https:\/\/www.honlufoodtrailer.com\/wp-content\/uploads\/2024\/11\/Porch-Concession-Trailer-French-Polynesia-inner-detail-300x300.jpg 300w, https:\/\/www.honlufoodtrailer.com\/wp-content\/uploads\/2024\/11\/Porch-Concession-Trailer-French-Polynesia-inner-detail-720x720.jpg 720w, https:\/\/www.honlufoodtrailer.com\/wp-content\/uploads\/2024\/11\/Porch-Concession-Trailer-French-Polynesia-inner-detail-100x100.jpg 100w\" sizes=\"(max-width: 800px) 100vw, 800px\" \/><\/p>\n<p data-spm-anchor-id=\"a2700.wholesale.0.i28.29e52808agqc7f\">Sva kuhinjska oprema prilago\u0111ena je zahtjevima kupca. Kao proizvo\u0111a\u010d i izvoznik prikolica za hranu s vi\u0161e od 10 godina iskustva, mo\u017eemo vam pomo\u0107i u dizajniranju i proizvodnji prikolice za hranu iz snova. Veli\u010dina, boja karoserije, naljepnice, signalizacija i kuhinjska oprema prikolice za hranu mogu se prilagoditi. Slobodno nas kontaktirajte i recite nam svoje detaljne zahtjeve!<\/p>\n<h3>Vi\u0161e detalja o koncesijskoj prikolici od 26 stopa s trijemom<\/h3>\n<p>Pogledajte vi\u0161e detalja o trijemu, prozoru, stepenici itd. Sve je izra\u0111eno prema zahtjevima kupca.<\/p>\n<p><img loading=\"lazy\" decoding=\"async\" class=\"aligncenter size-full wp-image-8971\" src=\"https:\/\/www.honlufoodtrailer.com\/wp-content\/uploads\/2024\/11\/Porch-Concession-Trailer-French-Polynesia-details-08.jpg\" alt=\"Detalji o prikolici s trijemom u Francuskoj Polineziji\" width=\"800\" height=\"600\" srcset=\"https:\/\/www.honlufoodtrailer.com\/wp-content\/uploads\/2024\/11\/Porch-Concession-Trailer-French-Polynesia-details-08.jpg 800w, https:\/\/www.honlufoodtrailer.com\/wp-content\/uploads\/2024\/11\/Porch-Concession-Trailer-French-Polynesia-details-08-768x576.jpg 768w, https:\/\/www.honlufoodtrailer.com\/wp-content\/uploads\/2024\/11\/Porch-Concession-Trailer-French-Polynesia-details-08-480x360.jpg 480w, https:\/\/www.honlufoodtrailer.com\/wp-content\/uploads\/2024\/11\/Porch-Concession-Trailer-French-Polynesia-details-08-300x225.jpg 300w, https:\/\/www.honlufoodtrailer.com\/wp-content\/uploads\/2024\/11\/Porch-Concession-Trailer-French-Polynesia-details-08-720x540.jpg 720w\" sizes=\"(max-width: 800px) 100vw, 800px\" \/><\/p>\n<h3 data-spm-anchor-id=\"a2700.wholesale.0.i28.29e52808agqc7f\"><\/h3>\n<h3 class=\"magic-6\" data-spm-anchor-id=\"a2700.wholesale.0.i28.29e52808agqc7f\">Glavne zna\u010dajke ove prikolice s koncesijom u stilu trijema od 26 stopa<\/h3>\n<div class=\"magic-7\">\n<div class=\"magic-8\">\n<div class=\"magic-9\" data-id=\"paragraph0\">\n<ol>\n<li>Moderan izgled, crvena boja, koja je privla\u010dna;<\/li>\n<li>Izra\u0111en je od nehr\u0111aju\u0107eg \u010delika, materijala koji je izdr\u017eljiv i otporan na koroziju;<\/li>\n<li>Moderna i napredna dodatna oprema opremljena u prikolici za koncesije;<\/li>\n<li>Prakti\u010dno i lako za kretanje;<\/li>\n<li>Ispunjava ameri\u010dke standarde;<\/li>\n<\/ol>\n<h3>Besplatni 2D\/3D crte\u017e tlocrta<\/h3>\n<p>Nakon \u0161to potvrdimo dimenzije prikolice za hranu i unutarnje kuhinjske opreme, mo\u017eemo vam besplatno dostaviti 3D crte\u017ee. To \u0107e vam dati jasniju predod\u017ebu o va\u0161em dizajnu i va\u0161im kolicima za hranu. Prilikom potvrde lokacije kuhinjske opreme, mo\u017eemo jasno komunicirati s vama putem tlocrta. Tako\u0111er vam mo\u017eemo dostaviti originalne dokumente kako bismo vam olak\u0161ali dizajn i napravili prilagodbe.<\/p>\n<h3>Pogledajte vi\u0161e na\u0161e prikolice s trijemom<\/h3>\n<h4 class=\"product_title entry-title elementor-heading-title elementor-size-default\">Mobilna prikolica za hranu s trijemom plave boje<\/h4>\n<p><a href=\"https:\/\/www.honlufoodtrailer.com\/hr\/product\/mobile-food-trailer-with-porch\/\"><img loading=\"lazy\" decoding=\"async\" class=\"aligncenter wp-image-4724 size-full\" src=\"https:\/\/www.honlufoodtrailer.com\/wp-content\/uploads\/2022\/04\/Mobile-food-trailer-with-porch-21-8130-7.jpg\" alt=\"Mobilna prikolica za hranu s verandom\" width=\"720\" height=\"540\" srcset=\"https:\/\/www.honlufoodtrailer.com\/wp-content\/uploads\/2022\/04\/Mobile-food-trailer-with-porch-21-8130-7.jpg 720w, https:\/\/www.honlufoodtrailer.com\/wp-content\/uploads\/2022\/04\/Mobile-food-trailer-with-porch-21-8130-7-480x360.jpg 480w, https:\/\/www.honlufoodtrailer.com\/wp-content\/uploads\/2022\/04\/Mobile-food-trailer-with-porch-21-8130-7-300x225.jpg 300w\" sizes=\"(max-width: 720px) 100vw, 720px\" \/>b<\/a><\/p>\n<h4>Prikolica za ro\u0161tilj Big Baby s trijemom<\/h4>\n<p><a href=\"https:\/\/www.honlufoodtrailer.com\/hr\/product\/bbq-food-trailer-with-porch\/\"><img loading=\"lazy\" decoding=\"async\" class=\"aligncenter wp-image-3399 size-full\" src=\"https:\/\/www.honlufoodtrailer.com\/wp-content\/uploads\/2022\/03\/BBQ-food-trailer-with-porch-1.jpg\" alt=\"Prikolica za ro\u0161tilj s verandom (1)\" width=\"720\" height=\"540\" srcset=\"https:\/\/www.honlufoodtrailer.com\/wp-content\/uploads\/2022\/03\/BBQ-food-trailer-with-porch-1.jpg 720w, https:\/\/www.honlufoodtrailer.com\/wp-content\/uploads\/2022\/03\/BBQ-food-trailer-with-porch-1-480x360.jpg 480w, https:\/\/www.honlufoodtrailer.com\/wp-content\/uploads\/2022\/03\/BBQ-food-trailer-with-porch-1-300x225.jpg 300w\" sizes=\"(max-width: 720px) 100vw, 720px\" \/><\/a><\/p>\n<\/div>\n<\/div>\n<\/div>","protected":false},"excerpt":{"rendered":"<p>Ovo je prilago\u0111ena prikolica za koncesije u stilu verande od 8 m. Izra\u0111ena je od pocin\u010danog lima i nehr\u0111aju\u0107eg \u010delika. Sva oprema unutar prikolice za koncesije s verandom izra\u0111ena je od nehr\u0111aju\u0107eg \u010delika. Prilago\u0111avamo dio kuhinjske opreme kupcima, uklju\u010duju\u0107i sudopere, napu, radni stol itd. Ovaj model prikolice za hranu s verandom je preferirani model za pokretanje posla s hranom za ro\u0161tilj. Mo\u017eete kliknuti na sljede\u0107e kartice za vi\u0161e detalja o ovoj prikolici za hranu. Mo\u017eemo proizvesti sli\u010dnu prikolicu za hranu poput ove ili je prilagoditi za vas. Sva oprema \u0107e zadovoljiti va\u0161e zahtjeve. Veli\u010dina, boja karoserije, naljepnice, signalizacija, kuhinjska oprema prikolice za hranu mogu se prilagoditi. Slobodno nas kontaktirajte!<\/p>","protected":false},"featured_media":8976,"template":"","meta":{"_themeisle_gutenberg_block_has_review":false},"product_brand":[],"product_cat":[26],"product_tag":[76,79,73],"class_list":{"0":"post-8970","1":"product","2":"type-product","3":"status-publish","4":"has-post-thumbnail","6":"product_cat-product","7":"product_tag-26ft-food-trailer","8":"product_tag-food-trailer-with-porch","9":"product_tag-french-polynesia","11":"first","12":"instock","13":"featured","14":"shipping-taxable","15":"product-type-simple"},"yoast_head":"<!-- This site is optimized with the Yoast SEO plugin v27.5 - https:\/\/yoast.com\/product\/yoast-seo-wordpress\/ -->\n<title>26ft Porch Style Concession Trailer For French Polynesia Customer<\/title>\n<meta name=\"description\" content=\"This customized 8m porch concession trailer can make BBQ, fast food, etc. Good quality and reasonable price. See the details now!\" \/>\n<meta name=\"robots\" content=\"index, follow, max-snippet:-1, max-image-preview:large, max-video-preview:-1\" \/>\n<link rel=\"canonical\" href=\"https:\/\/www.honlufoodtrailer.com\/hr\/product\/porch-style-concession-trailer-french-polynesia\/\" \/>\n<meta property=\"og:locale\" content=\"hr_HR\" \/>\n<meta property=\"og:type\" content=\"article\" \/>\n<meta property=\"og:title\" content=\"26ft Porch Style Concession Trailer For French Polynesia Customer\" \/>\n<meta property=\"og:description\" content=\"This customized 8m porch concession trailer can make BBQ, fast food, etc. Good quality and reasonable price. See the details now!\" \/>\n<meta property=\"og:url\" content=\"https:\/\/www.honlufoodtrailer.com\/hr\/product\/porch-style-concession-trailer-french-polynesia\/\" \/>\n<meta property=\"og:site_name\" content=\"Honlu food trailer\" \/>\n<meta property=\"article:modified_time\" content=\"2025-02-14T05:49:57+00:00\" \/>\n<meta property=\"og:image\" content=\"https:\/\/www.honlufoodtrailer.com\/wp-content\/uploads\/2024\/11\/Porch-Style-Concession-Trailer-French-Polynesia-04.jpg\" \/>\n\t<meta property=\"og:image:width\" content=\"720\" \/>\n\t<meta property=\"og:image:height\" content=\"540\" \/>\n\t<meta property=\"og:image:type\" content=\"image\/jpeg\" \/>\n<meta name=\"twitter:card\" content=\"summary_large_image\" \/>\n<meta name=\"twitter:label1\" content=\"Procijenjeno vrijeme \u010ditanja\" \/>\n\t<meta name=\"twitter:data1\" content=\"3 minute\" \/>\n<script type=\"application\/ld+json\" class=\"yoast-schema-graph\">{\"@context\":\"https:\\\/\\\/schema.org\",\"@graph\":[{\"@type\":\"WebPage\",\"@id\":\"https:\\\/\\\/www.honlufoodtrailer.com\\\/product\\\/porch-style-concession-trailer-french-polynesia\\\/\",\"url\":\"https:\\\/\\\/www.honlufoodtrailer.com\\\/product\\\/porch-style-concession-trailer-french-polynesia\\\/\",\"name\":\"26ft Porch Style Concession Trailer For French Polynesia Customer\",\"isPartOf\":{\"@id\":\"https:\\\/\\\/www.honlufoodtrailer.com\\\/#website\"},\"primaryImageOfPage\":{\"@id\":\"https:\\\/\\\/www.honlufoodtrailer.com\\\/product\\\/porch-style-concession-trailer-french-polynesia\\\/#primaryimage\"},\"image\":{\"@id\":\"https:\\\/\\\/www.honlufoodtrailer.com\\\/product\\\/porch-style-concession-trailer-french-polynesia\\\/#primaryimage\"},\"thumbnailUrl\":\"https:\\\/\\\/www.honlufoodtrailer.com\\\/wp-content\\\/uploads\\\/2024\\\/11\\\/Porch-Style-Concession-Trailer-French-Polynesia-04.jpg\",\"datePublished\":\"2024-11-29T08:23:14+00:00\",\"dateModified\":\"2025-02-14T05:49:57+00:00\",\"description\":\"This customized 8m porch concession trailer can make BBQ, fast food, etc. Good quality and reasonable price. See the details now!\",\"breadcrumb\":{\"@id\":\"https:\\\/\\\/www.honlufoodtrailer.com\\\/product\\\/porch-style-concession-trailer-french-polynesia\\\/#breadcrumb\"},\"inLanguage\":\"hr\",\"potentialAction\":[{\"@type\":\"ReadAction\",\"target\":[\"https:\\\/\\\/www.honlufoodtrailer.com\\\/product\\\/porch-style-concession-trailer-french-polynesia\\\/\"]}]},{\"@type\":\"ImageObject\",\"inLanguage\":\"hr\",\"@id\":\"https:\\\/\\\/www.honlufoodtrailer.com\\\/product\\\/porch-style-concession-trailer-french-polynesia\\\/#primaryimage\",\"url\":\"https:\\\/\\\/www.honlufoodtrailer.com\\\/wp-content\\\/uploads\\\/2024\\\/11\\\/Porch-Style-Concession-Trailer-French-Polynesia-04.jpg\",\"contentUrl\":\"https:\\\/\\\/www.honlufoodtrailer.com\\\/wp-content\\\/uploads\\\/2024\\\/11\\\/Porch-Style-Concession-Trailer-French-Polynesia-04.jpg\",\"width\":720,\"height\":540,\"caption\":\"26ft Porch Style Concession Trailer\"},{\"@type\":\"BreadcrumbList\",\"@id\":\"https:\\\/\\\/www.honlufoodtrailer.com\\\/product\\\/porch-style-concession-trailer-french-polynesia\\\/#breadcrumb\",\"itemListElement\":[{\"@type\":\"ListItem\",\"position\":1,\"name\":\"Home\",\"item\":\"https:\\\/\\\/www.honlufoodtrailer.com\\\/\"},{\"@type\":\"ListItem\",\"position\":2,\"name\":\"\u4ea7\u54c1\",\"item\":\"https:\\\/\\\/www.honlufoodtrailer.com\\\/shop\\\/\"},{\"@type\":\"ListItem\",\"position\":3,\"name\":\"26ft Porch Style Concession Trailer French Polynesia\"}]},{\"@type\":\"WebSite\",\"@id\":\"https:\\\/\\\/www.honlufoodtrailer.com\\\/#website\",\"url\":\"https:\\\/\\\/www.honlufoodtrailer.com\\\/\",\"name\":\"Honlu food trailer\",\"description\":\"\",\"publisher\":{\"@id\":\"https:\\\/\\\/www.honlufoodtrailer.com\\\/#organization\"},\"potentialAction\":[{\"@type\":\"SearchAction\",\"target\":{\"@type\":\"EntryPoint\",\"urlTemplate\":\"https:\\\/\\\/www.honlufoodtrailer.com\\\/?s={search_term_string}\"},\"query-input\":{\"@type\":\"PropertyValueSpecification\",\"valueRequired\":true,\"valueName\":\"search_term_string\"}}],\"inLanguage\":\"hr\"},{\"@type\":\"Organization\",\"@id\":\"https:\\\/\\\/www.honlufoodtrailer.com\\\/#organization\",\"name\":\"Honlu food trailer\",\"url\":\"https:\\\/\\\/www.honlufoodtrailer.com\\\/\",\"logo\":{\"@type\":\"ImageObject\",\"inLanguage\":\"hr\",\"@id\":\"https:\\\/\\\/www.honlufoodtrailer.com\\\/#\\\/schema\\\/logo\\\/image\\\/\",\"url\":\"https:\\\/\\\/www.honlufoodtrailer.com\\\/wp-content\\\/uploads\\\/2021\\\/12\\\/2.gif\",\"contentUrl\":\"https:\\\/\\\/www.honlufoodtrailer.com\\\/wp-content\\\/uploads\\\/2021\\\/12\\\/2.gif\",\"width\":350,\"height\":100,\"caption\":\"Honlu food trailer\"},\"image\":{\"@id\":\"https:\\\/\\\/www.honlufoodtrailer.com\\\/#\\\/schema\\\/logo\\\/image\\\/\"}}]}<\/script>\n<!-- \/ Yoast SEO plugin. -->","yoast_head_json":{"title":"Prikolica s koncesijom u stilu verande od 26 stopa za kupca iz Francuske Polinezije","description":"Ova prilago\u0111ena prikolica za koncesije s trijemom od 8 m mo\u017ee se koristiti za ro\u0161tiljanje, brzu hranu itd. Dobra kvaliteta i razumna cijena. Pogledajte detalje odmah!","robots":{"index":"index","follow":"follow","max-snippet":"max-snippet:-1","max-image-preview":"max-image-preview:large","max-video-preview":"max-video-preview:-1"},"canonical":"https:\/\/www.honlufoodtrailer.com\/hr\/product\/porch-style-concession-trailer-french-polynesia\/","og_locale":"hr_HR","og_type":"article","og_title":"26ft Porch Style Concession Trailer For French Polynesia Customer","og_description":"This customized 8m porch concession trailer can make BBQ, fast food, etc. Good quality and reasonable price. See the details now!","og_url":"https:\/\/www.honlufoodtrailer.com\/hr\/product\/porch-style-concession-trailer-french-polynesia\/","og_site_name":"Honlu food trailer","article_modified_time":"2025-02-14T05:49:57+00:00","og_image":[{"width":720,"height":540,"url":"https:\/\/www.honlufoodtrailer.com\/wp-content\/uploads\/2024\/11\/Porch-Style-Concession-Trailer-French-Polynesia-04.jpg","type":"image\/jpeg"}],"twitter_card":"summary_large_image","twitter_misc":{"Procijenjeno vrijeme \u010ditanja":"3 minute"},"schema":{"@context":"https:\/\/schema.org","@graph":[{"@type":"WebPage","@id":"https:\/\/www.honlufoodtrailer.com\/product\/porch-style-concession-trailer-french-polynesia\/","url":"https:\/\/www.honlufoodtrailer.com\/product\/porch-style-concession-trailer-french-polynesia\/","name":"Prikolica s koncesijom u stilu verande od 26 stopa za kupca iz Francuske Polinezije","isPartOf":{"@id":"https:\/\/www.honlufoodtrailer.com\/#website"},"primaryImageOfPage":{"@id":"https:\/\/www.honlufoodtrailer.com\/product\/porch-style-concession-trailer-french-polynesia\/#primaryimage"},"image":{"@id":"https:\/\/www.honlufoodtrailer.com\/product\/porch-style-concession-trailer-french-polynesia\/#primaryimage"},"thumbnailUrl":"https:\/\/www.honlufoodtrailer.com\/wp-content\/uploads\/2024\/11\/Porch-Style-Concession-Trailer-French-Polynesia-04.jpg","datePublished":"2024-11-29T08:23:14+00:00","dateModified":"2025-02-14T05:49:57+00:00","description":"Ova prilago\u0111ena prikolica za koncesije s trijemom od 8 m mo\u017ee se koristiti za ro\u0161tiljanje, brzu hranu itd. Dobra kvaliteta i razumna cijena. Pogledajte detalje odmah!","breadcrumb":{"@id":"https:\/\/www.honlufoodtrailer.com\/product\/porch-style-concession-trailer-french-polynesia\/#breadcrumb"},"inLanguage":"hr","potentialAction":[{"@type":"ReadAction","target":["https:\/\/www.honlufoodtrailer.com\/product\/porch-style-concession-trailer-french-polynesia\/"]}]},{"@type":"ImageObject","inLanguage":"hr","@id":"https:\/\/www.honlufoodtrailer.com\/product\/porch-style-concession-trailer-french-polynesia\/#primaryimage","url":"https:\/\/www.honlufoodtrailer.com\/wp-content\/uploads\/2024\/11\/Porch-Style-Concession-Trailer-French-Polynesia-04.jpg","contentUrl":"https:\/\/www.honlufoodtrailer.com\/wp-content\/uploads\/2024\/11\/Porch-Style-Concession-Trailer-French-Polynesia-04.jpg","width":720,"height":540,"caption":"26ft Porch Style Concession Trailer"},{"@type":"BreadcrumbList","@id":"https:\/\/www.honlufoodtrailer.com\/product\/porch-style-concession-trailer-french-polynesia\/#breadcrumb","itemListElement":[{"@type":"ListItem","position":1,"name":"Home","item":"https:\/\/www.honlufoodtrailer.com\/"},{"@type":"ListItem","position":2,"name":"\u4ea7\u54c1","item":"https:\/\/www.honlufoodtrailer.com\/shop\/"},{"@type":"ListItem","position":3,"name":"26ft Porch Style Concession Trailer French Polynesia"}]},{"@type":"WebSite","@id":"https:\/\/www.honlufoodtrailer.com\/#website","url":"https:\/\/www.honlufoodtrailer.com\/","name":"Prikolica za hranu Honlu","description":"","publisher":{"@id":"https:\/\/www.honlufoodtrailer.com\/#organization"},"potentialAction":[{"@type":"SearchAction","target":{"@type":"EntryPoint","urlTemplate":"https:\/\/www.honlufoodtrailer.com\/?s={search_term_string}"},"query-input":{"@type":"PropertyValueSpecification","valueRequired":true,"valueName":"search_term_string"}}],"inLanguage":"hr"},{"@type":"Organization","@id":"https:\/\/www.honlufoodtrailer.com\/#organization","name":"Prikolica za hranu Honlu","url":"https:\/\/www.honlufoodtrailer.com\/","logo":{"@type":"ImageObject","inLanguage":"hr","@id":"https:\/\/www.honlufoodtrailer.com\/#\/schema\/logo\/image\/","url":"https:\/\/www.honlufoodtrailer.com\/wp-content\/uploads\/2021\/12\/2.gif","contentUrl":"https:\/\/www.honlufoodtrailer.com\/wp-content\/uploads\/2021\/12\/2.gif","width":350,"height":100,"caption":"Honlu food trailer"},"image":{"@id":"https:\/\/www.honlufoodtrailer.com\/#\/schema\/logo\/image\/"}}]}},"_links":{"self":[{"href":"https:\/\/www.honlufoodtrailer.com\/hr\/wp-json\/wp\/v2\/product\/8970","targetHints":{"allow":["GET"]}}],"collection":[{"href":"https:\/\/www.honlufoodtrailer.com\/hr\/wp-json\/wp\/v2\/product"}],"about":[{"href":"https:\/\/www.honlufoodtrailer.com\/hr\/wp-json\/wp\/v2\/types\/product"}],"version-history":[{"count":0,"href":"https:\/\/www.honlufoodtrailer.com\/hr\/wp-json\/wp\/v2\/product\/8970\/revisions"}],"wp:featuredmedia":[{"embeddable":true,"href":"https:\/\/www.honlufoodtrailer.com\/hr\/wp-json\/wp\/v2\/media\/8976"}],"wp:attachment":[{"href":"https:\/\/www.honlufoodtrailer.com\/hr\/wp-json\/wp\/v2\/media?parent=8970"}],"wp:term":[{"taxonomy":"product_brand","embeddable":true,"href":"https:\/\/www.honlufoodtrailer.com\/hr\/wp-json\/wp\/v2\/product_brand?post=8970"},{"taxonomy":"product_cat","embeddable":true,"href":"https:\/\/www.honlufoodtrailer.com\/hr\/wp-json\/wp\/v2\/product_cat?post=8970"},{"taxonomy":"product_tag","embeddable":true,"href":"https:\/\/www.honlufoodtrailer.com\/hr\/wp-json\/wp\/v2\/product_tag?post=8970"}],"curies":[{"name":"wp","href":"https:\/\/api.w.org\/{rel}","templated":true}]}}