{"id":8990,"date":"2024-12-02T16:32:53","date_gmt":"2024-12-02T08:32:53","guid":{"rendered":"https:\/\/www.honlufoodtrailer.com\/?post_type=product&#038;p=8990"},"modified":"2025-02-14T11:42:13","modified_gmt":"2025-02-14T03:42:13","slug":"13ft-food-trailer-trinidad-and-tobago","status":"publish","type":"product","link":"https:\/\/www.honlufoodtrailer.com\/hr\/product\/13ft-food-trailer-trinidad-and-tobago\/","title":{"rendered":"13ft Food Trailer Trinidad and Tobago"},"content":{"rendered":"<p data-spm-anchor-id=\"a2700.wholesale.0.i28.29e52808agqc7f\">Are you looking for a food trailer in Trinidad and Tobago? See this 13ft mobile food trailer we have customized for a customer from Trinidad and Tobago! It is one of the food trailers we have customized for our customers. Now, let&#8217;s see more details about it!<\/p>\n<p data-spm-anchor-id=\"a2700.wholesale.0.i28.29e52808agqc7f\"><img fetchpriority=\"high\" decoding=\"async\" class=\"aligncenter size-full wp-image-8995\" src=\"https:\/\/www.honlufoodtrailer.com\/wp-content\/uploads\/2024\/12\/13ft-Food-Trailer-Trinidad-and-Tobago-for-sale.jpg\" alt=\"Prikolica za hranu od 13 stopa na prodaju u Trinidadu i Tobagu\" width=\"720\" height=\"540\" srcset=\"https:\/\/www.honlufoodtrailer.com\/wp-content\/uploads\/2024\/12\/13ft-Food-Trailer-Trinidad-and-Tobago-for-sale.jpg 720w, https:\/\/www.honlufoodtrailer.com\/wp-content\/uploads\/2024\/12\/13ft-Food-Trailer-Trinidad-and-Tobago-for-sale-480x360.jpg 480w, https:\/\/www.honlufoodtrailer.com\/wp-content\/uploads\/2024\/12\/13ft-Food-Trailer-Trinidad-and-Tobago-for-sale-300x225.jpg 300w\" sizes=\"(max-width: 720px) 100vw, 720px\" \/> <img decoding=\"async\" class=\"aligncenter size-full wp-image-8998\" src=\"https:\/\/www.honlufoodtrailer.com\/wp-content\/uploads\/2024\/12\/13ft-Food-Trailer-Trinidad-and-Tobago-side-view.jpg\" alt=\"13ft Food Trailer Trinidad and Tobago side view\" width=\"720\" height=\"540\" srcset=\"https:\/\/www.honlufoodtrailer.com\/wp-content\/uploads\/2024\/12\/13ft-Food-Trailer-Trinidad-and-Tobago-side-view.jpg 720w, https:\/\/www.honlufoodtrailer.com\/wp-content\/uploads\/2024\/12\/13ft-Food-Trailer-Trinidad-and-Tobago-side-view-480x360.jpg 480w, https:\/\/www.honlufoodtrailer.com\/wp-content\/uploads\/2024\/12\/13ft-Food-Trailer-Trinidad-and-Tobago-side-view-300x225.jpg 300w\" sizes=\"(max-width: 720px) 100vw, 720px\" \/><\/p>\n<p data-spm-anchor-id=\"a2700.wholesale.0.i28.29e52808agqc7f\">As we can see from the pictures above, the whole body of this food trailer is white. There are two service area, a service window and a back service area. When the window is opened, a tabletop can be formed below. It will be very convenient for diners to order and pick up their meals. Next, let&#8217;s see the inner details of this mobile restaurant trailer.<\/p>\n<h3>Inner Details of the 4m Food Trailer Trinidad and Tobago<\/h3>\n<p data-spm-anchor-id=\"a2700.wholesale.0.i28.29e52808agqc7f\">As we can see from the pictures below, we have equipped the food trailer with some kitchen equipment according to the customer&#8217;s requirements. The kitchen equipment includes 3 sinks, an air conditioner, a food prep table, a gas stove, a gas fryer, a griddle, a fridge, etc.<\/p>\n<p data-spm-anchor-id=\"a2700.wholesale.0.i28.29e52808agqc7f\"><img decoding=\"async\" class=\"aligncenter size-full wp-image-8932\" src=\"https:\/\/www.honlufoodtrailer.com\/wp-content\/uploads\/2024\/11\/4m-Mobile-Restaurant-Trailer-inner-view.jpg\" alt=\"4m Mobile Restaurant Trailer inner view\" width=\"720\" height=\"540\" srcset=\"https:\/\/www.honlufoodtrailer.com\/wp-content\/uploads\/2024\/11\/4m-Mobile-Restaurant-Trailer-inner-view.jpg 720w, https:\/\/www.honlufoodtrailer.com\/wp-content\/uploads\/2024\/11\/4m-Mobile-Restaurant-Trailer-inner-view-480x360.jpg 480w, https:\/\/www.honlufoodtrailer.com\/wp-content\/uploads\/2024\/11\/4m-Mobile-Restaurant-Trailer-inner-view-300x225.jpg 300w\" sizes=\"(max-width: 720px) 100vw, 720px\" \/><\/p>\n<p data-spm-anchor-id=\"a2700.wholesale.0.i28.29e52808agqc7f\"><img loading=\"lazy\" decoding=\"async\" class=\"aligncenter size-full wp-image-8945\" src=\"https:\/\/www.honlufoodtrailer.com\/wp-content\/uploads\/2024\/11\/4m-restaurant-trailer-inner-details.jpg\" alt=\"4m restaurant trailer inner details\" width=\"800\" height=\"800\" srcset=\"https:\/\/www.honlufoodtrailer.com\/wp-content\/uploads\/2024\/11\/4m-restaurant-trailer-inner-details.jpg 800w, https:\/\/www.honlufoodtrailer.com\/wp-content\/uploads\/2024\/11\/4m-restaurant-trailer-inner-details-768x768.jpg 768w, https:\/\/www.honlufoodtrailer.com\/wp-content\/uploads\/2024\/11\/4m-restaurant-trailer-inner-details-360x360.jpg 360w, https:\/\/www.honlufoodtrailer.com\/wp-content\/uploads\/2024\/11\/4m-restaurant-trailer-inner-details-300x300.jpg 300w, https:\/\/www.honlufoodtrailer.com\/wp-content\/uploads\/2024\/11\/4m-restaurant-trailer-inner-details-720x720.jpg 720w, https:\/\/www.honlufoodtrailer.com\/wp-content\/uploads\/2024\/11\/4m-restaurant-trailer-inner-details-100x100.jpg 100w\" sizes=\"(max-width: 800px) 100vw, 800px\" \/><\/p>\n<p data-spm-anchor-id=\"a2700.wholesale.0.i28.29e52808agqc7f\">All the kitchen equipment is customized according to the customer&#8217;s local standards. As a food trailer manufacturer and exporter with more than 10 years of experience, we can help you design and manufacture your food trailer according to your local Standards. The size, body color, stickers, signage, and kitchen equipment of the food trailer can be customized. Just don&#8217;t hesitate to contact us and tell us your detailed requirements!<\/p>\n<h3>More Details of the 4m Food Trailer<\/h3>\n<p>See more details of the window, side light, tail light, tow bar, and external power supply, etc. All of them are made according to the customer&#8217;s requirements.<\/p>\n<h3 data-spm-anchor-id=\"a2700.wholesale.0.i28.29e52808agqc7f\"><img loading=\"lazy\" decoding=\"async\" class=\"aligncenter size-full wp-image-9001\" src=\"https:\/\/www.honlufoodtrailer.com\/wp-content\/uploads\/2024\/12\/13ft-Food-Trailer-Trinidad-and-Tobago-more-details.jpg\" alt=\"13ft Food Trailer Trinidad and Tobago more details\" width=\"800\" height=\"800\" srcset=\"https:\/\/www.honlufoodtrailer.com\/wp-content\/uploads\/2024\/12\/13ft-Food-Trailer-Trinidad-and-Tobago-more-details.jpg 800w, https:\/\/www.honlufoodtrailer.com\/wp-content\/uploads\/2024\/12\/13ft-Food-Trailer-Trinidad-and-Tobago-more-details-768x768.jpg 768w, https:\/\/www.honlufoodtrailer.com\/wp-content\/uploads\/2024\/12\/13ft-Food-Trailer-Trinidad-and-Tobago-more-details-360x360.jpg 360w, https:\/\/www.honlufoodtrailer.com\/wp-content\/uploads\/2024\/12\/13ft-Food-Trailer-Trinidad-and-Tobago-more-details-300x300.jpg 300w, https:\/\/www.honlufoodtrailer.com\/wp-content\/uploads\/2024\/12\/13ft-Food-Trailer-Trinidad-and-Tobago-more-details-720x720.jpg 720w, https:\/\/www.honlufoodtrailer.com\/wp-content\/uploads\/2024\/12\/13ft-Food-Trailer-Trinidad-and-Tobago-more-details-100x100.jpg 100w\" sizes=\"(max-width: 800px) 100vw, 800px\" \/><\/h3>\n<h3 class=\"magic-6\" data-spm-anchor-id=\"a2700.wholesale.0.i28.29e52808agqc7f\">Glavne zna\u010dajke<\/h3>\n<div class=\"magic-7\">\n<div class=\"magic-8\">\n<div class=\"magic-9\" data-id=\"paragraph0\">\n<ol>\n<li>Fashionable appearance, unique design, which is attractive;<\/li>\n<li>Izra\u0111en je od nehr\u0111aju\u0107eg \u010delika, materijala koji je izdr\u017eljiv i otporan na koroziju;<\/li>\n<li>Moderna i napredna dodatna oprema opremljena u prikolici za koncesije;<\/li>\n<li>Prakti\u010dno i lako za kretanje;<\/li>\n<\/ol>\n<h3>Besplatni 2D\/3D crte\u017e tlocrta<\/h3>\n<p>Za kupce koji su naru\u010dili na\u0161e prikolice za hranu, nudimo besplatne 2D\/3D crte\u017ee. Nakon \u0161to potvrdimo dimenzije prikolice za hranu i unutarnje kuhinjske opreme, mo\u017eemo vam besplatno dostaviti 3D crte\u017ee. To \u0107e vam dati jasniju predod\u017ebu o va\u0161em dizajnu i va\u0161im kolicima za hranu. Prilikom potvrde lokacije kuhinjske opreme, mo\u017eemo jasno komunicirati s vama putem tlocrta. Tako\u0111er vam mo\u017eemo dostaviti originalne dokumente kako bismo vam olak\u0161ali dizajn i napravili prilagodbe.<\/p>\n<h3>See More Of Our Restaurant Trailers<\/h3>\n<p><a href=\"https:\/\/www.honlufoodtrailer.com\/hr\/product\/3-5m-fast-food-caravan\/\" target=\"_blank\" rel=\"noopener\">3.5m fast food trailer<\/a><\/p>\n<p><a href=\"https:\/\/www.honlufoodtrailer.com\/hr\/product\/3-5m-fast-food-caravan\/\"><img loading=\"lazy\" decoding=\"async\" class=\"aligncenter wp-image-7979 size-full\" src=\"https:\/\/www.honlufoodtrailer.com\/wp-content\/uploads\/2024\/07\/3.5m-fast-food-caravan-night-view.jpg\" alt=\"3.5m fast food caravan night view\" width=\"720\" height=\"540\" srcset=\"https:\/\/www.honlufoodtrailer.com\/wp-content\/uploads\/2024\/07\/3.5m-fast-food-caravan-night-view.jpg 720w, https:\/\/www.honlufoodtrailer.com\/wp-content\/uploads\/2024\/07\/3.5m-fast-food-caravan-night-view-480x360.jpg 480w, https:\/\/www.honlufoodtrailer.com\/wp-content\/uploads\/2024\/07\/3.5m-fast-food-caravan-night-view-300x225.jpg 300w\" sizes=\"(max-width: 720px) 100vw, 720px\" \/><\/a><br \/>\n<a href=\"https:\/\/www.honlufoodtrailer.com\/hr\/product\/18ft-mobile-fast-food-trailer-for-sale\/\" target=\"_blank\" rel=\"noopener\">Kamion brze hrane od 18 stopa<\/a><\/p>\n<p><a href=\"https:\/\/www.honlufoodtrailer.com\/hr\/product\/18ft-mobile-fast-food-trailer-for-sale\/\"><img loading=\"lazy\" decoding=\"async\" class=\"aligncenter wp-image-6013 size-full\" src=\"https:\/\/www.honlufoodtrailer.com\/wp-content\/uploads\/2023\/11\/18ft-fast-food-trailer-on-sale.jpg\" alt=\"18ft fast food trailer on sale\" width=\"720\" height=\"540\" srcset=\"https:\/\/www.honlufoodtrailer.com\/wp-content\/uploads\/2023\/11\/18ft-fast-food-trailer-on-sale.jpg 720w, https:\/\/www.honlufoodtrailer.com\/wp-content\/uploads\/2023\/11\/18ft-fast-food-trailer-on-sale-480x360.jpg 480w, https:\/\/www.honlufoodtrailer.com\/wp-content\/uploads\/2023\/11\/18ft-fast-food-trailer-on-sale-300x225.jpg 300w\" sizes=\"(max-width: 720px) 100vw, 720px\" \/><\/a><\/p>\n<\/div>\n<\/div>\n<\/div>","protected":false},"excerpt":{"rendered":"<p>This is one of our custom-made 4m food trailer for a customer from Trinidad and Tobago. With affordable price and compact structure, it is a good choice for starting a food trailer business. <strong>Kliknite na sljede\u0107e kartice kako biste vidjeli vi\u0161e detalja o ovoj prikolici za hranu<\/strong> In addition, we can manufacture a similar fast food truck like this one, or customize one for you. The body color, stickers, signage, and kitchen equipment of the food trailer can be customized. Just don&#8217;t hesitate to contact us!<\/p>","protected":false},"featured_media":8992,"template":"","meta":{"_themeisle_gutenberg_block_has_review":false},"product_brand":[],"product_cat":[26],"product_tag":[82,94],"class_list":{"0":"post-8990","1":"product","2":"type-product","3":"status-publish","4":"has-post-thumbnail","6":"product_cat-product","7":"product_tag-13ft-food-trailer","8":"product_tag-trinidad-and-tobago","10":"first","11":"instock","12":"featured","13":"shipping-taxable","14":"product-type-simple"},"yoast_head":"<!-- This site is optimized with the Yoast SEO plugin v27.5 - https:\/\/yoast.com\/product\/yoast-seo-wordpress\/ -->\n<title>4m Food Trailer For Sale Trinidad And Tobago - Honlu Food Trailer<\/title>\n<meta name=\"description\" content=\"This is a 4m food trailer we have customized for a customer from Trinidad And Tobago. See details! Get a similar or customized one at factory price now!\" \/>\n<meta name=\"robots\" content=\"index, follow, max-snippet:-1, max-image-preview:large, max-video-preview:-1\" \/>\n<link rel=\"canonical\" href=\"https:\/\/www.honlufoodtrailer.com\/hr\/product\/13ft-food-trailer-trinidad-and-tobago\/\" \/>\n<meta property=\"og:locale\" content=\"hr_HR\" \/>\n<meta property=\"og:type\" content=\"article\" \/>\n<meta property=\"og:title\" content=\"4m Food Trailer For Sale Trinidad And Tobago - Honlu Food Trailer\" \/>\n<meta property=\"og:description\" content=\"This is a 4m food trailer we have customized for a customer from Trinidad And Tobago. See details! Get a similar or customized one at factory price now!\" \/>\n<meta property=\"og:url\" content=\"https:\/\/www.honlufoodtrailer.com\/hr\/product\/13ft-food-trailer-trinidad-and-tobago\/\" \/>\n<meta property=\"og:site_name\" content=\"Honlu food trailer\" \/>\n<meta property=\"article:modified_time\" content=\"2025-02-14T03:42:13+00:00\" \/>\n<meta property=\"og:image\" content=\"https:\/\/www.honlufoodtrailer.com\/wp-content\/uploads\/2024\/12\/13ft-Food-Trailer-for-Trinidad-and-Tobago-customer.jpg\" \/>\n\t<meta property=\"og:image:width\" content=\"720\" \/>\n\t<meta property=\"og:image:height\" content=\"540\" \/>\n\t<meta property=\"og:image:type\" content=\"image\/jpeg\" \/>\n<meta name=\"twitter:card\" content=\"summary_large_image\" \/>\n<meta name=\"twitter:label1\" content=\"Procijenjeno vrijeme \u010ditanja\" \/>\n\t<meta name=\"twitter:data1\" content=\"1 minuta\" \/>\n<script type=\"application\/ld+json\" class=\"yoast-schema-graph\">{\"@context\":\"https:\\\/\\\/schema.org\",\"@graph\":[{\"@type\":\"WebPage\",\"@id\":\"https:\\\/\\\/www.honlufoodtrailer.com\\\/product\\\/13ft-food-trailer-trinidad-and-tobago\\\/\",\"url\":\"https:\\\/\\\/www.honlufoodtrailer.com\\\/product\\\/13ft-food-trailer-trinidad-and-tobago\\\/\",\"name\":\"4m Food Trailer For Sale Trinidad And Tobago - Honlu Food Trailer\",\"isPartOf\":{\"@id\":\"https:\\\/\\\/www.honlufoodtrailer.com\\\/#website\"},\"primaryImageOfPage\":{\"@id\":\"https:\\\/\\\/www.honlufoodtrailer.com\\\/product\\\/13ft-food-trailer-trinidad-and-tobago\\\/#primaryimage\"},\"image\":{\"@id\":\"https:\\\/\\\/www.honlufoodtrailer.com\\\/product\\\/13ft-food-trailer-trinidad-and-tobago\\\/#primaryimage\"},\"thumbnailUrl\":\"https:\\\/\\\/www.honlufoodtrailer.com\\\/wp-content\\\/uploads\\\/2024\\\/12\\\/13ft-Food-Trailer-for-Trinidad-and-Tobago-customer.jpg\",\"datePublished\":\"2024-12-02T08:32:53+00:00\",\"dateModified\":\"2025-02-14T03:42:13+00:00\",\"description\":\"This is a 4m food trailer we have customized for a customer from Trinidad And Tobago. See details! Get a similar or customized one at factory price now!\",\"breadcrumb\":{\"@id\":\"https:\\\/\\\/www.honlufoodtrailer.com\\\/product\\\/13ft-food-trailer-trinidad-and-tobago\\\/#breadcrumb\"},\"inLanguage\":\"hr\",\"potentialAction\":[{\"@type\":\"ReadAction\",\"target\":[\"https:\\\/\\\/www.honlufoodtrailer.com\\\/product\\\/13ft-food-trailer-trinidad-and-tobago\\\/\"]}]},{\"@type\":\"ImageObject\",\"inLanguage\":\"hr\",\"@id\":\"https:\\\/\\\/www.honlufoodtrailer.com\\\/product\\\/13ft-food-trailer-trinidad-and-tobago\\\/#primaryimage\",\"url\":\"https:\\\/\\\/www.honlufoodtrailer.com\\\/wp-content\\\/uploads\\\/2024\\\/12\\\/13ft-Food-Trailer-for-Trinidad-and-Tobago-customer.jpg\",\"contentUrl\":\"https:\\\/\\\/www.honlufoodtrailer.com\\\/wp-content\\\/uploads\\\/2024\\\/12\\\/13ft-Food-Trailer-for-Trinidad-and-Tobago-customer.jpg\",\"width\":720,\"height\":540,\"caption\":\"13ft Food Trailer for Trinidad and Tobago customer\"},{\"@type\":\"BreadcrumbList\",\"@id\":\"https:\\\/\\\/www.honlufoodtrailer.com\\\/product\\\/13ft-food-trailer-trinidad-and-tobago\\\/#breadcrumb\",\"itemListElement\":[{\"@type\":\"ListItem\",\"position\":1,\"name\":\"Home\",\"item\":\"https:\\\/\\\/www.honlufoodtrailer.com\\\/\"},{\"@type\":\"ListItem\",\"position\":2,\"name\":\"\u4ea7\u54c1\",\"item\":\"https:\\\/\\\/www.honlufoodtrailer.com\\\/shop\\\/\"},{\"@type\":\"ListItem\",\"position\":3,\"name\":\"13ft Food Trailer Trinidad and Tobago\"}]},{\"@type\":\"WebSite\",\"@id\":\"https:\\\/\\\/www.honlufoodtrailer.com\\\/#website\",\"url\":\"https:\\\/\\\/www.honlufoodtrailer.com\\\/\",\"name\":\"Honlu food trailer\",\"description\":\"\",\"publisher\":{\"@id\":\"https:\\\/\\\/www.honlufoodtrailer.com\\\/#organization\"},\"potentialAction\":[{\"@type\":\"SearchAction\",\"target\":{\"@type\":\"EntryPoint\",\"urlTemplate\":\"https:\\\/\\\/www.honlufoodtrailer.com\\\/?s={search_term_string}\"},\"query-input\":{\"@type\":\"PropertyValueSpecification\",\"valueRequired\":true,\"valueName\":\"search_term_string\"}}],\"inLanguage\":\"hr\"},{\"@type\":\"Organization\",\"@id\":\"https:\\\/\\\/www.honlufoodtrailer.com\\\/#organization\",\"name\":\"Honlu food trailer\",\"url\":\"https:\\\/\\\/www.honlufoodtrailer.com\\\/\",\"logo\":{\"@type\":\"ImageObject\",\"inLanguage\":\"hr\",\"@id\":\"https:\\\/\\\/www.honlufoodtrailer.com\\\/#\\\/schema\\\/logo\\\/image\\\/\",\"url\":\"https:\\\/\\\/www.honlufoodtrailer.com\\\/wp-content\\\/uploads\\\/2021\\\/12\\\/2.gif\",\"contentUrl\":\"https:\\\/\\\/www.honlufoodtrailer.com\\\/wp-content\\\/uploads\\\/2021\\\/12\\\/2.gif\",\"width\":350,\"height\":100,\"caption\":\"Honlu food trailer\"},\"image\":{\"@id\":\"https:\\\/\\\/www.honlufoodtrailer.com\\\/#\\\/schema\\\/logo\\\/image\\\/\"}}]}<\/script>\n<!-- \/ Yoast SEO plugin. -->","yoast_head_json":{"title":"4m Food Trailer For Sale Trinidad And Tobago - Honlu Food Trailer","description":"This is a 4m food trailer we have customized for a customer from Trinidad And Tobago. See details! Get a similar or customized one at factory price now!","robots":{"index":"index","follow":"follow","max-snippet":"max-snippet:-1","max-image-preview":"max-image-preview:large","max-video-preview":"max-video-preview:-1"},"canonical":"https:\/\/www.honlufoodtrailer.com\/hr\/product\/13ft-food-trailer-trinidad-and-tobago\/","og_locale":"hr_HR","og_type":"article","og_title":"4m Food Trailer For Sale Trinidad And Tobago - Honlu Food Trailer","og_description":"This is a 4m food trailer we have customized for a customer from Trinidad And Tobago. See details! Get a similar or customized one at factory price now!","og_url":"https:\/\/www.honlufoodtrailer.com\/hr\/product\/13ft-food-trailer-trinidad-and-tobago\/","og_site_name":"Honlu food trailer","article_modified_time":"2025-02-14T03:42:13+00:00","og_image":[{"width":720,"height":540,"url":"https:\/\/www.honlufoodtrailer.com\/wp-content\/uploads\/2024\/12\/13ft-Food-Trailer-for-Trinidad-and-Tobago-customer.jpg","type":"image\/jpeg"}],"twitter_card":"summary_large_image","twitter_misc":{"Procijenjeno vrijeme \u010ditanja":"1 minuta"},"schema":{"@context":"https:\/\/schema.org","@graph":[{"@type":"WebPage","@id":"https:\/\/www.honlufoodtrailer.com\/product\/13ft-food-trailer-trinidad-and-tobago\/","url":"https:\/\/www.honlufoodtrailer.com\/product\/13ft-food-trailer-trinidad-and-tobago\/","name":"4m Food Trailer For Sale Trinidad And Tobago - Honlu Food Trailer","isPartOf":{"@id":"https:\/\/www.honlufoodtrailer.com\/#website"},"primaryImageOfPage":{"@id":"https:\/\/www.honlufoodtrailer.com\/product\/13ft-food-trailer-trinidad-and-tobago\/#primaryimage"},"image":{"@id":"https:\/\/www.honlufoodtrailer.com\/product\/13ft-food-trailer-trinidad-and-tobago\/#primaryimage"},"thumbnailUrl":"https:\/\/www.honlufoodtrailer.com\/wp-content\/uploads\/2024\/12\/13ft-Food-Trailer-for-Trinidad-and-Tobago-customer.jpg","datePublished":"2024-12-02T08:32:53+00:00","dateModified":"2025-02-14T03:42:13+00:00","description":"This is a 4m food trailer we have customized for a customer from Trinidad And Tobago. See details! Get a similar or customized one at factory price now!","breadcrumb":{"@id":"https:\/\/www.honlufoodtrailer.com\/product\/13ft-food-trailer-trinidad-and-tobago\/#breadcrumb"},"inLanguage":"hr","potentialAction":[{"@type":"ReadAction","target":["https:\/\/www.honlufoodtrailer.com\/product\/13ft-food-trailer-trinidad-and-tobago\/"]}]},{"@type":"ImageObject","inLanguage":"hr","@id":"https:\/\/www.honlufoodtrailer.com\/product\/13ft-food-trailer-trinidad-and-tobago\/#primaryimage","url":"https:\/\/www.honlufoodtrailer.com\/wp-content\/uploads\/2024\/12\/13ft-Food-Trailer-for-Trinidad-and-Tobago-customer.jpg","contentUrl":"https:\/\/www.honlufoodtrailer.com\/wp-content\/uploads\/2024\/12\/13ft-Food-Trailer-for-Trinidad-and-Tobago-customer.jpg","width":720,"height":540,"caption":"13ft Food Trailer for Trinidad and Tobago customer"},{"@type":"BreadcrumbList","@id":"https:\/\/www.honlufoodtrailer.com\/product\/13ft-food-trailer-trinidad-and-tobago\/#breadcrumb","itemListElement":[{"@type":"ListItem","position":1,"name":"Home","item":"https:\/\/www.honlufoodtrailer.com\/"},{"@type":"ListItem","position":2,"name":"\u4ea7\u54c1","item":"https:\/\/www.honlufoodtrailer.com\/shop\/"},{"@type":"ListItem","position":3,"name":"13ft Food Trailer Trinidad and Tobago"}]},{"@type":"WebSite","@id":"https:\/\/www.honlufoodtrailer.com\/#website","url":"https:\/\/www.honlufoodtrailer.com\/","name":"Prikolica za hranu Honlu","description":"","publisher":{"@id":"https:\/\/www.honlufoodtrailer.com\/#organization"},"potentialAction":[{"@type":"SearchAction","target":{"@type":"EntryPoint","urlTemplate":"https:\/\/www.honlufoodtrailer.com\/?s={search_term_string}"},"query-input":{"@type":"PropertyValueSpecification","valueRequired":true,"valueName":"search_term_string"}}],"inLanguage":"hr"},{"@type":"Organization","@id":"https:\/\/www.honlufoodtrailer.com\/#organization","name":"Prikolica za hranu Honlu","url":"https:\/\/www.honlufoodtrailer.com\/","logo":{"@type":"ImageObject","inLanguage":"hr","@id":"https:\/\/www.honlufoodtrailer.com\/#\/schema\/logo\/image\/","url":"https:\/\/www.honlufoodtrailer.com\/wp-content\/uploads\/2021\/12\/2.gif","contentUrl":"https:\/\/www.honlufoodtrailer.com\/wp-content\/uploads\/2021\/12\/2.gif","width":350,"height":100,"caption":"Honlu food trailer"},"image":{"@id":"https:\/\/www.honlufoodtrailer.com\/#\/schema\/logo\/image\/"}}]}},"_links":{"self":[{"href":"https:\/\/www.honlufoodtrailer.com\/hr\/wp-json\/wp\/v2\/product\/8990","targetHints":{"allow":["GET"]}}],"collection":[{"href":"https:\/\/www.honlufoodtrailer.com\/hr\/wp-json\/wp\/v2\/product"}],"about":[{"href":"https:\/\/www.honlufoodtrailer.com\/hr\/wp-json\/wp\/v2\/types\/product"}],"version-history":[{"count":0,"href":"https:\/\/www.honlufoodtrailer.com\/hr\/wp-json\/wp\/v2\/product\/8990\/revisions"}],"wp:featuredmedia":[{"embeddable":true,"href":"https:\/\/www.honlufoodtrailer.com\/hr\/wp-json\/wp\/v2\/media\/8992"}],"wp:attachment":[{"href":"https:\/\/www.honlufoodtrailer.com\/hr\/wp-json\/wp\/v2\/media?parent=8990"}],"wp:term":[{"taxonomy":"product_brand","embeddable":true,"href":"https:\/\/www.honlufoodtrailer.com\/hr\/wp-json\/wp\/v2\/product_brand?post=8990"},{"taxonomy":"product_cat","embeddable":true,"href":"https:\/\/www.honlufoodtrailer.com\/hr\/wp-json\/wp\/v2\/product_cat?post=8990"},{"taxonomy":"product_tag","embeddable":true,"href":"https:\/\/www.honlufoodtrailer.com\/hr\/wp-json\/wp\/v2\/product_tag?post=8990"}],"curies":[{"name":"wp","href":"https:\/\/api.w.org\/{rel}","templated":true}]}}