{"id":9004,"date":"2024-12-03T17:51:16","date_gmt":"2024-12-03T09:51:16","guid":{"rendered":"https:\/\/www.honlufoodtrailer.com\/?post_type=product&#038;p=9004"},"modified":"2025-02-14T11:41:46","modified_gmt":"2025-02-14T03:41:46","slug":"18ft-shipping-container-toilets-for-sale-seychelles","status":"publish","type":"product","link":"https:\/\/www.honlufoodtrailer.com\/hr\/product\/18ft-shipping-container-toilets-for-sale-seychelles\/","title":{"rendered":"Toaleti u transportnim kontejnerima od 18,7 stopa na prodaju na Sej\u0161elima"},"content":{"rendered":"<p data-spm-anchor-id=\"a2700.wholesale.0.i28.29e52808agqc7f\">Tra\u017eite li toalete za brodske kontejnere na prodaju? Pogledajte ovaj mobilni toalet od 18,7 stopa koji smo prilagodili za kupca sa Sej\u0161ela! To je jedna od prikolica koje smo prilagodili za na\u0161e kupce. Sada, pogledajmo vi\u0161e detalja o tome!<\/p>\n<p data-spm-anchor-id=\"a2700.wholesale.0.i28.29e52808agqc7f\"><img fetchpriority=\"high\" decoding=\"async\" class=\"aligncenter size-full wp-image-9009\" src=\"https:\/\/www.honlufoodtrailer.com\/wp-content\/uploads\/2024\/12\/container-washroom.jpg\" alt=\"kontejner za pranje\" width=\"720\" height=\"540\" srcset=\"https:\/\/www.honlufoodtrailer.com\/wp-content\/uploads\/2024\/12\/container-washroom.jpg 720w, https:\/\/www.honlufoodtrailer.com\/wp-content\/uploads\/2024\/12\/container-washroom-480x360.jpg 480w, https:\/\/www.honlufoodtrailer.com\/wp-content\/uploads\/2024\/12\/container-washroom-300x225.jpg 300w\" sizes=\"(max-width: 720px) 100vw, 720px\" \/> <img decoding=\"async\" class=\"aligncenter size-full wp-image-9012\" src=\"https:\/\/www.honlufoodtrailer.com\/wp-content\/uploads\/2024\/12\/portable-toilet-container.jpg\" alt=\"prijenosni spremnik za WC\" width=\"720\" height=\"540\" srcset=\"https:\/\/www.honlufoodtrailer.com\/wp-content\/uploads\/2024\/12\/portable-toilet-container.jpg 720w, https:\/\/www.honlufoodtrailer.com\/wp-content\/uploads\/2024\/12\/portable-toilet-container-480x360.jpg 480w, https:\/\/www.honlufoodtrailer.com\/wp-content\/uploads\/2024\/12\/portable-toilet-container-300x225.jpg 300w\" sizes=\"(max-width: 720px) 100vw, 720px\" \/><\/p>\n<p data-spm-anchor-id=\"a2700.wholesale.0.i28.29e52808agqc7f\">Kao \u0161to mo\u017eemo vidjeti na gornjim slikama, ovaj kontejnerski WC podijeljen je u tri prostorije. Cijelo tijelo ovog kontejnerskog WC-a je boje pauna. Na prednjoj strani ovog kontejnera nalaze se troja vrata za ulaz i izlaz. Na stra\u017enjoj strani kontejnera nalaze se dva prozora i tri ventilatora. Zatim, pogledajmo unutarnje detalje ovog mobilnog kontejnerskog WC-a.<\/p>\n<h3>Unutarnji detalji prikolice za kupca sa Sej\u0161ela<\/h3>\n<p data-spm-anchor-id=\"a2700.wholesale.0.i28.29e52808agqc7f\">Kao \u0161to mo\u017eemo vidjeti na slikama ispod, opremili smo kontejnerski WC s osnovnom opremom prema zahtjevima kupca. U svakoj od tri prostorije nalazi se ventilator, umivaonik, zidni dozator sapuna s presom, zidna kutija za pohranu maramica, WC i prozor. Unutarnju opremu mo\u017eemo prilagoditi va\u0161im specifi\u010dnim potrebama. Ako imate drugih zahtjeva, slobodno nas kontaktirajte!<\/p>\n<p data-spm-anchor-id=\"a2700.wholesale.0.i28.29e52808agqc7f\"><img decoding=\"async\" class=\"aligncenter size-full wp-image-9015\" src=\"https:\/\/www.honlufoodtrailer.com\/wp-content\/uploads\/2024\/12\/Shipping-Container-Toilets-For-Sale-inner-details.jpg\" alt=\"Unutarnji detalji toaleta za transportne kontejnere na prodaju\" width=\"800\" height=\"800\" srcset=\"https:\/\/www.honlufoodtrailer.com\/wp-content\/uploads\/2024\/12\/Shipping-Container-Toilets-For-Sale-inner-details.jpg 800w, https:\/\/www.honlufoodtrailer.com\/wp-content\/uploads\/2024\/12\/Shipping-Container-Toilets-For-Sale-inner-details-768x768.jpg 768w, https:\/\/www.honlufoodtrailer.com\/wp-content\/uploads\/2024\/12\/Shipping-Container-Toilets-For-Sale-inner-details-360x360.jpg 360w, https:\/\/www.honlufoodtrailer.com\/wp-content\/uploads\/2024\/12\/Shipping-Container-Toilets-For-Sale-inner-details-300x300.jpg 300w, https:\/\/www.honlufoodtrailer.com\/wp-content\/uploads\/2024\/12\/Shipping-Container-Toilets-For-Sale-inner-details-720x720.jpg 720w, https:\/\/www.honlufoodtrailer.com\/wp-content\/uploads\/2024\/12\/Shipping-Container-Toilets-For-Sale-inner-details-100x100.jpg 100w\" sizes=\"(max-width: 800px) 100vw, 800px\" \/><\/p>\n<h3>Glavne zna\u010dajke<\/h3>\n<div class=\"magic-7\">\n<div class=\"magic-8\">\n<div class=\"magic-9\" data-id=\"paragraph0\">\n<ol>\n<li>Moderan izgled, jedinstven dizajn, koji je ekonomi\u010dan i prakti\u010dan;<\/li>\n<li>Izra\u0111en je od nehr\u0111aju\u0107eg \u010delika, materijala koji je izdr\u017eljiv i otporan na koroziju;<\/li>\n<li>Prikolica je opremljena modernom i naprednom dodatnom opremom;<\/li>\n<li>Prakti\u010dno i lako za kretanje;<\/li>\n<li>WC, pranje rublja i tu\u0161iranje<\/li>\n<li>Ventilacija i izolacija<\/li>\n<li>Otporno na vjetar i vodootporno<\/li>\n<\/ol>\n<h3><img loading=\"lazy\" decoding=\"async\" class=\"aligncenter size-full wp-image-9011\" src=\"https:\/\/www.honlufoodtrailer.com\/wp-content\/uploads\/2024\/12\/mobile-toilet-container.jpg\" alt=\"kontejner za mobilni WC\" width=\"720\" height=\"540\" srcset=\"https:\/\/www.honlufoodtrailer.com\/wp-content\/uploads\/2024\/12\/mobile-toilet-container.jpg 720w, https:\/\/www.honlufoodtrailer.com\/wp-content\/uploads\/2024\/12\/mobile-toilet-container-480x360.jpg 480w, https:\/\/www.honlufoodtrailer.com\/wp-content\/uploads\/2024\/12\/mobile-toilet-container-300x225.jpg 300w\" sizes=\"(max-width: 720px) 100vw, 720px\" \/>\u0160to mo\u017eete dobiti od nas<\/h3>\n<p>Kao profesionalni proizvo\u0111a\u010d i izvoznik prikolica s vi\u0161e od 10 godina iskustva, mo\u017eemo koristiti kupcima u sljede\u0107im aspektima.<\/p>\n<ol>\n<li>Mo\u017eemo prilagoditi stil kontejnerskog WC-a koji \u017eelite prema va\u0161im specifi\u010dnim potrebama. Na primjer, mo\u017eete odabrati raspored, broj kabina i umivaonika, pa \u010dak i dodati tu\u0161eve i prostorije za presvla\u010denje.<\/li>\n<li>Ugradit \u0107emo kvalitetne armature koje \u0107e trajati, podovi i obloge bit \u0107e izdr\u017eljivi i vodootporni, prostor \u0107e biti dobro prozra\u010den i jednostavan za \u010di\u0161\u0107enje.<\/li>\n<li>Trebate li redovito preseljenje ili privremeno rje\u0161enje, ili \u017eelite postaviti stalni vanjski WC za svoje zaposlenike i kupce, na\u0161i kontejnerski WC-i odli\u010dan su izbor.<\/li>\n<\/ol>\n<p><img loading=\"lazy\" decoding=\"async\" class=\"aligncenter size-full wp-image-9010\" src=\"https:\/\/www.honlufoodtrailer.com\/wp-content\/uploads\/2024\/12\/container-with-toilet.jpg\" alt=\"kontejner s WC-om\" width=\"720\" height=\"540\" srcset=\"https:\/\/www.honlufoodtrailer.com\/wp-content\/uploads\/2024\/12\/container-with-toilet.jpg 720w, https:\/\/www.honlufoodtrailer.com\/wp-content\/uploads\/2024\/12\/container-with-toilet-480x360.jpg 480w, https:\/\/www.honlufoodtrailer.com\/wp-content\/uploads\/2024\/12\/container-with-toilet-300x225.jpg 300w\" sizes=\"(max-width: 720px) 100vw, 720px\" \/>Moderni kontejnerski toaleti u\u010dinkovito su i odr\u017eivo rje\u0161enje. Higijenski i jednostavni za \u010di\u0161\u0107enje, na\u0161i prijenosni kontejnerski toaleti pouzdano su privremeno ili trajno rje\u0161enje za razna mjesta i okru\u017eenja, uklju\u010duju\u0107i festivale, kampove i gradili\u0161ta itd.<\/p>\n<h3>Dostupne prilagodbe:<\/h3>\n<ol>\n<li>Instalacije elektri\u010dnih instalacija, grijanja i rasvjete<\/li>\n<li>Dodajte brendiranje svoje tvrtke<\/li>\n<li>Vrata, prozori i krovni prozori<\/li>\n<li>Zavr\u0161ne obrade i boje<\/li>\n<li>Potrebna je svaka izrada po mjeri<\/li>\n<\/ol>\n<h3>Besplatni 2D\/3D crte\u017e tlocrta<\/h3>\n<p>Za kupce koji su naru\u010dili na\u0161u prikolicu, nakon potvrde dimenzija prikolice i unutarnje kuhinjske opreme, mo\u017eemo vam besplatno dostaviti 3D crte\u017ee. To \u0107e vam dati jasniju predod\u017ebu o va\u0161em dizajnu i va\u0161oj prikolici.<\/p>\n<\/div>\n<\/div>\n<\/div>","protected":false},"excerpt":{"rendered":"<p>Ovo je jedan od na\u0161ih WC-a od 5,7 m brodskog kontejnera izra\u0111enih po narud\u017ebi za kupca sa Sej\u0161ela. <strong>Molimo kliknite na sljede\u0107e kartice kako biste vidjeli vi\u0161e detalja o ovoj prikolici za WC<\/strong>. Mo\u017eemo proizvesti sli\u010dan mobilni kontejner za WC poput ovog ili ga prilagoditi za vas. Molimo kontaktirajte nas i recite nam svoje detaljne zahtjeve. Slobodno nas kontaktirajte!<\/p>","protected":false},"featured_media":9008,"template":"","meta":{"_themeisle_gutenberg_block_has_review":false},"product_brand":[],"product_cat":[26],"product_tag":[93,68],"class_list":{"0":"post-9004","1":"product","2":"type-product","3":"status-publish","4":"has-post-thumbnail","6":"product_cat-product","7":"product_tag-seychelles","8":"product_tag-toilet-trailer","10":"first","11":"instock","12":"featured","13":"shipping-taxable","14":"product-type-simple"},"yoast_head":"<!-- This site is optimized with the Yoast SEO plugin v27.5 - https:\/\/yoast.com\/product\/yoast-seo-wordpress\/ -->\n<title>18.7ft Shipping Container Toilets For Sale from China - Honlu<\/title>\n<meta name=\"description\" content=\"18.7ft mobile toilet made from shipping container, high quality with certificates, China factory price, click to get a quote now!\" \/>\n<meta name=\"robots\" content=\"index, follow, max-snippet:-1, max-image-preview:large, max-video-preview:-1\" \/>\n<link rel=\"canonical\" href=\"https:\/\/www.honlufoodtrailer.com\/hr\/product\/18ft-shipping-container-toilets-for-sale-seychelles\/\" \/>\n<meta property=\"og:locale\" content=\"hr_HR\" \/>\n<meta property=\"og:type\" content=\"article\" \/>\n<meta property=\"og:title\" content=\"18.7ft Shipping Container Toilets For Sale from China - Honlu\" \/>\n<meta property=\"og:description\" content=\"18.7ft mobile toilet made from shipping container, high quality with certificates, China factory price, click to get a quote now!\" \/>\n<meta property=\"og:url\" content=\"https:\/\/www.honlufoodtrailer.com\/hr\/product\/18ft-shipping-container-toilets-for-sale-seychelles\/\" \/>\n<meta property=\"og:site_name\" content=\"Honlu food trailer\" \/>\n<meta property=\"article:modified_time\" content=\"2025-02-14T03:41:46+00:00\" \/>\n<meta property=\"og:image\" content=\"https:\/\/www.honlufoodtrailer.com\/wp-content\/uploads\/2024\/12\/container-toilets-for-sale.jpg\" \/>\n\t<meta property=\"og:image:width\" content=\"720\" \/>\n\t<meta property=\"og:image:height\" content=\"540\" \/>\n\t<meta property=\"og:image:type\" content=\"image\/jpeg\" \/>\n<meta name=\"twitter:card\" content=\"summary_large_image\" \/>\n<meta name=\"twitter:label1\" content=\"Procijenjeno vrijeme \u010ditanja\" \/>\n\t<meta name=\"twitter:data1\" content=\"1 minuta\" \/>\n<script type=\"application\/ld+json\" class=\"yoast-schema-graph\">{\"@context\":\"https:\\\/\\\/schema.org\",\"@graph\":[{\"@type\":\"WebPage\",\"@id\":\"https:\\\/\\\/www.honlufoodtrailer.com\\\/product\\\/18ft-shipping-container-toilets-for-sale-seychelles\\\/\",\"url\":\"https:\\\/\\\/www.honlufoodtrailer.com\\\/product\\\/18ft-shipping-container-toilets-for-sale-seychelles\\\/\",\"name\":\"18.7ft Shipping Container Toilets For Sale from China - Honlu\",\"isPartOf\":{\"@id\":\"https:\\\/\\\/www.honlufoodtrailer.com\\\/#website\"},\"primaryImageOfPage\":{\"@id\":\"https:\\\/\\\/www.honlufoodtrailer.com\\\/product\\\/18ft-shipping-container-toilets-for-sale-seychelles\\\/#primaryimage\"},\"image\":{\"@id\":\"https:\\\/\\\/www.honlufoodtrailer.com\\\/product\\\/18ft-shipping-container-toilets-for-sale-seychelles\\\/#primaryimage\"},\"thumbnailUrl\":\"https:\\\/\\\/www.honlufoodtrailer.com\\\/wp-content\\\/uploads\\\/2024\\\/12\\\/container-toilets-for-sale.jpg\",\"datePublished\":\"2024-12-03T09:51:16+00:00\",\"dateModified\":\"2025-02-14T03:41:46+00:00\",\"description\":\"18.7ft mobile toilet made from shipping container, high quality with certificates, China factory price, click to get a quote now!\",\"breadcrumb\":{\"@id\":\"https:\\\/\\\/www.honlufoodtrailer.com\\\/product\\\/18ft-shipping-container-toilets-for-sale-seychelles\\\/#breadcrumb\"},\"inLanguage\":\"hr\",\"potentialAction\":[{\"@type\":\"ReadAction\",\"target\":[\"https:\\\/\\\/www.honlufoodtrailer.com\\\/product\\\/18ft-shipping-container-toilets-for-sale-seychelles\\\/\"]}]},{\"@type\":\"ImageObject\",\"inLanguage\":\"hr\",\"@id\":\"https:\\\/\\\/www.honlufoodtrailer.com\\\/product\\\/18ft-shipping-container-toilets-for-sale-seychelles\\\/#primaryimage\",\"url\":\"https:\\\/\\\/www.honlufoodtrailer.com\\\/wp-content\\\/uploads\\\/2024\\\/12\\\/container-toilets-for-sale.jpg\",\"contentUrl\":\"https:\\\/\\\/www.honlufoodtrailer.com\\\/wp-content\\\/uploads\\\/2024\\\/12\\\/container-toilets-for-sale.jpg\",\"width\":720,\"height\":540,\"caption\":\"container toilets for sale\"},{\"@type\":\"BreadcrumbList\",\"@id\":\"https:\\\/\\\/www.honlufoodtrailer.com\\\/product\\\/18ft-shipping-container-toilets-for-sale-seychelles\\\/#breadcrumb\",\"itemListElement\":[{\"@type\":\"ListItem\",\"position\":1,\"name\":\"Home\",\"item\":\"https:\\\/\\\/www.honlufoodtrailer.com\\\/\"},{\"@type\":\"ListItem\",\"position\":2,\"name\":\"\u4ea7\u54c1\",\"item\":\"https:\\\/\\\/www.honlufoodtrailer.com\\\/shop\\\/\"},{\"@type\":\"ListItem\",\"position\":3,\"name\":\"18.7ft Shipping Container Toilets For Sale Seychelles\"}]},{\"@type\":\"WebSite\",\"@id\":\"https:\\\/\\\/www.honlufoodtrailer.com\\\/#website\",\"url\":\"https:\\\/\\\/www.honlufoodtrailer.com\\\/\",\"name\":\"Honlu food trailer\",\"description\":\"\",\"publisher\":{\"@id\":\"https:\\\/\\\/www.honlufoodtrailer.com\\\/#organization\"},\"potentialAction\":[{\"@type\":\"SearchAction\",\"target\":{\"@type\":\"EntryPoint\",\"urlTemplate\":\"https:\\\/\\\/www.honlufoodtrailer.com\\\/?s={search_term_string}\"},\"query-input\":{\"@type\":\"PropertyValueSpecification\",\"valueRequired\":true,\"valueName\":\"search_term_string\"}}],\"inLanguage\":\"hr\"},{\"@type\":\"Organization\",\"@id\":\"https:\\\/\\\/www.honlufoodtrailer.com\\\/#organization\",\"name\":\"Honlu food trailer\",\"url\":\"https:\\\/\\\/www.honlufoodtrailer.com\\\/\",\"logo\":{\"@type\":\"ImageObject\",\"inLanguage\":\"hr\",\"@id\":\"https:\\\/\\\/www.honlufoodtrailer.com\\\/#\\\/schema\\\/logo\\\/image\\\/\",\"url\":\"https:\\\/\\\/www.honlufoodtrailer.com\\\/wp-content\\\/uploads\\\/2021\\\/12\\\/2.gif\",\"contentUrl\":\"https:\\\/\\\/www.honlufoodtrailer.com\\\/wp-content\\\/uploads\\\/2021\\\/12\\\/2.gif\",\"width\":350,\"height\":100,\"caption\":\"Honlu food trailer\"},\"image\":{\"@id\":\"https:\\\/\\\/www.honlufoodtrailer.com\\\/#\\\/schema\\\/logo\\\/image\\\/\"}}]}<\/script>\n<!-- \/ Yoast SEO plugin. -->","yoast_head_json":{"title":"Prodaja toaleta u transportnim kontejnerima od 18,7 stopa iz Kine - Honlu","description":"Mobilni WC od 18,7 stopa izra\u0111en od transportnog kontejnera, visoke kvalitete s certifikatima, tvorni\u010dka cijena u Kini, kliknite za ponudu odmah!","robots":{"index":"index","follow":"follow","max-snippet":"max-snippet:-1","max-image-preview":"max-image-preview:large","max-video-preview":"max-video-preview:-1"},"canonical":"https:\/\/www.honlufoodtrailer.com\/hr\/product\/18ft-shipping-container-toilets-for-sale-seychelles\/","og_locale":"hr_HR","og_type":"article","og_title":"18.7ft Shipping Container Toilets For Sale from China - Honlu","og_description":"18.7ft mobile toilet made from shipping container, high quality with certificates, China factory price, click to get a quote now!","og_url":"https:\/\/www.honlufoodtrailer.com\/hr\/product\/18ft-shipping-container-toilets-for-sale-seychelles\/","og_site_name":"Honlu food trailer","article_modified_time":"2025-02-14T03:41:46+00:00","og_image":[{"width":720,"height":540,"url":"https:\/\/www.honlufoodtrailer.com\/wp-content\/uploads\/2024\/12\/container-toilets-for-sale.jpg","type":"image\/jpeg"}],"twitter_card":"summary_large_image","twitter_misc":{"Procijenjeno vrijeme \u010ditanja":"1 minuta"},"schema":{"@context":"https:\/\/schema.org","@graph":[{"@type":"WebPage","@id":"https:\/\/www.honlufoodtrailer.com\/product\/18ft-shipping-container-toilets-for-sale-seychelles\/","url":"https:\/\/www.honlufoodtrailer.com\/product\/18ft-shipping-container-toilets-for-sale-seychelles\/","name":"Prodaja toaleta u transportnim kontejnerima od 18,7 stopa iz Kine - Honlu","isPartOf":{"@id":"https:\/\/www.honlufoodtrailer.com\/#website"},"primaryImageOfPage":{"@id":"https:\/\/www.honlufoodtrailer.com\/product\/18ft-shipping-container-toilets-for-sale-seychelles\/#primaryimage"},"image":{"@id":"https:\/\/www.honlufoodtrailer.com\/product\/18ft-shipping-container-toilets-for-sale-seychelles\/#primaryimage"},"thumbnailUrl":"https:\/\/www.honlufoodtrailer.com\/wp-content\/uploads\/2024\/12\/container-toilets-for-sale.jpg","datePublished":"2024-12-03T09:51:16+00:00","dateModified":"2025-02-14T03:41:46+00:00","description":"Mobilni WC od 18,7 stopa izra\u0111en od transportnog kontejnera, visoke kvalitete s certifikatima, tvorni\u010dka cijena u Kini, kliknite za ponudu odmah!","breadcrumb":{"@id":"https:\/\/www.honlufoodtrailer.com\/product\/18ft-shipping-container-toilets-for-sale-seychelles\/#breadcrumb"},"inLanguage":"hr","potentialAction":[{"@type":"ReadAction","target":["https:\/\/www.honlufoodtrailer.com\/product\/18ft-shipping-container-toilets-for-sale-seychelles\/"]}]},{"@type":"ImageObject","inLanguage":"hr","@id":"https:\/\/www.honlufoodtrailer.com\/product\/18ft-shipping-container-toilets-for-sale-seychelles\/#primaryimage","url":"https:\/\/www.honlufoodtrailer.com\/wp-content\/uploads\/2024\/12\/container-toilets-for-sale.jpg","contentUrl":"https:\/\/www.honlufoodtrailer.com\/wp-content\/uploads\/2024\/12\/container-toilets-for-sale.jpg","width":720,"height":540,"caption":"container toilets for sale"},{"@type":"BreadcrumbList","@id":"https:\/\/www.honlufoodtrailer.com\/product\/18ft-shipping-container-toilets-for-sale-seychelles\/#breadcrumb","itemListElement":[{"@type":"ListItem","position":1,"name":"Home","item":"https:\/\/www.honlufoodtrailer.com\/"},{"@type":"ListItem","position":2,"name":"\u4ea7\u54c1","item":"https:\/\/www.honlufoodtrailer.com\/shop\/"},{"@type":"ListItem","position":3,"name":"18.7ft Shipping Container Toilets For Sale Seychelles"}]},{"@type":"WebSite","@id":"https:\/\/www.honlufoodtrailer.com\/#website","url":"https:\/\/www.honlufoodtrailer.com\/","name":"Prikolica za hranu Honlu","description":"","publisher":{"@id":"https:\/\/www.honlufoodtrailer.com\/#organization"},"potentialAction":[{"@type":"SearchAction","target":{"@type":"EntryPoint","urlTemplate":"https:\/\/www.honlufoodtrailer.com\/?s={search_term_string}"},"query-input":{"@type":"PropertyValueSpecification","valueRequired":true,"valueName":"search_term_string"}}],"inLanguage":"hr"},{"@type":"Organization","@id":"https:\/\/www.honlufoodtrailer.com\/#organization","name":"Prikolica za hranu Honlu","url":"https:\/\/www.honlufoodtrailer.com\/","logo":{"@type":"ImageObject","inLanguage":"hr","@id":"https:\/\/www.honlufoodtrailer.com\/#\/schema\/logo\/image\/","url":"https:\/\/www.honlufoodtrailer.com\/wp-content\/uploads\/2021\/12\/2.gif","contentUrl":"https:\/\/www.honlufoodtrailer.com\/wp-content\/uploads\/2021\/12\/2.gif","width":350,"height":100,"caption":"Honlu food trailer"},"image":{"@id":"https:\/\/www.honlufoodtrailer.com\/#\/schema\/logo\/image\/"}}]}},"_links":{"self":[{"href":"https:\/\/www.honlufoodtrailer.com\/hr\/wp-json\/wp\/v2\/product\/9004","targetHints":{"allow":["GET"]}}],"collection":[{"href":"https:\/\/www.honlufoodtrailer.com\/hr\/wp-json\/wp\/v2\/product"}],"about":[{"href":"https:\/\/www.honlufoodtrailer.com\/hr\/wp-json\/wp\/v2\/types\/product"}],"version-history":[{"count":0,"href":"https:\/\/www.honlufoodtrailer.com\/hr\/wp-json\/wp\/v2\/product\/9004\/revisions"}],"wp:featuredmedia":[{"embeddable":true,"href":"https:\/\/www.honlufoodtrailer.com\/hr\/wp-json\/wp\/v2\/media\/9008"}],"wp:attachment":[{"href":"https:\/\/www.honlufoodtrailer.com\/hr\/wp-json\/wp\/v2\/media?parent=9004"}],"wp:term":[{"taxonomy":"product_brand","embeddable":true,"href":"https:\/\/www.honlufoodtrailer.com\/hr\/wp-json\/wp\/v2\/product_brand?post=9004"},{"taxonomy":"product_cat","embeddable":true,"href":"https:\/\/www.honlufoodtrailer.com\/hr\/wp-json\/wp\/v2\/product_cat?post=9004"},{"taxonomy":"product_tag","embeddable":true,"href":"https:\/\/www.honlufoodtrailer.com\/hr\/wp-json\/wp\/v2\/product_tag?post=9004"}],"curies":[{"name":"wp","href":"https:\/\/api.w.org\/{rel}","templated":true}]}}