{"id":2214,"date":"2022-01-14T09:32:17","date_gmt":"2022-01-14T01:32:17","guid":{"rendered":"https:\/\/www.honlufoodtrailer.com\/?post_type=product&#038;p=2214"},"modified":"2022-02-14T14:24:10","modified_gmt":"2022-02-14T06:24:10","slug":"custom-square-food-trailer-with-sliding-window","status":"publish","type":"product","link":"https:\/\/www.honlufoodtrailer.com\/it\/product\/custom-square-food-trailer-with-sliding-window\/","title":{"rendered":"Rimorchio per alimenti quadrato personalizzato con finestra scorrevole"},"content":{"rendered":"<p>I rimorchi per il trasporto di cibo possono anche essere chiamati food cart, food van, food truck e cos\u00ec via. Possono essere utilizzati per vendere fast food, snack, giornali, libri e cos\u00ec via. Sono composti da telaio, carrozzeria, pavimento, tavolo da lavoro, impianto idrico e impianto elettrico. Gli utenti possono anche scegliere il colore desiderato. Saremo lieti di acquistare altri tipi di attrezzature, se i clienti lo desiderano.<\/p>\n<p>Il nostro food truck\/carretto\/rimorchio per alimenti pu\u00f2 essere utilizzato per vendere hot dog, gelati, caff\u00e8, shawarma, pizza, ciambelle e altri snack molto popolari al giorno d&#039;oggi. Il carretto mobile pu\u00f2 essere personalizzato in base alle vostre esigenze. \u00c8 pratico ed efficiente per la vendita di snack.<\/p>\n<p>&nbsp;<\/p>\n<h2><b class=\"magic-22\"><span class=\"magic-11\">Caratteristiche principali del rimorchio mobile per alimenti personalizzato<\/span><\/b><\/h2>\n<div class=\"magic-2\">\n<div class=\"magic-3\">\n<div class=\"magic-4\">\n<p class=\"magic-5\" data-spm-anchor-id=\"a2700.details.0.i22.54e5117dtl16iL\">1<span class=\"magic-12\" data-spm-anchor-id=\"a2700.details.0.i21.54e5117dtl16iL\">. Economico ed ecologico, senza fumo e rumore, facile da trasportare ovunque.<\/span><\/p>\n<p>2. Pu\u00f2 essere utilizzato per molti anni e non produce rifiuti, il che \u00e8 molto adatto alla vita moderna.<\/p>\n<p>3. \u00c8 comodo e semplice da caricare e trasportare grazie al design unico e personalizzato.<\/p>\n<p>4. Il materiale principale \u00e8 l&#039;acciaio inossidabile e la superficie (tavolo) non arrugginir\u00e0 mai.<\/p>\n<p>5. \u00c8 resistente agli urti e alla corrosione, ha elevata resistenza al calore e robustezza, elevata solidit\u00e0 del colore, non si deforma, \u00e8 impermeabile e ha una lunga durata.<\/p>\n<\/div>\n<\/div>\n<\/div>\n<div class=\"magic-2\">\n<div class=\"magic-3\">\n<h2><strong>NOTA:<\/strong><\/h2>\n<p>1. La taglia e il colore del corpo non sono fissi, puoi avere la tua taglia e il tuo design. La personalizzazione \u00e8 disponibile.<\/p>\n<p>2. Per qualsiasi dubbio sulla progettazione del rimorchio, non esitate a contattarci.<\/p>\n<p>3. Possiamo fornirvi disegni 3D per visualizzare in anteprima gli interni personalizzati dei vostri food truck.<\/p>\n<\/div>\n<h2><\/h2>\n<\/div>","protected":false},"excerpt":{"rendered":"<h2><b class=\"magic-22\"><span class=\"magic-11\">Vantaggio principale:<\/span><\/b><\/h2>\n<p><span class=\"magic-12\">1. Economico ed ecologico (niente fumo, niente rumore, niente inquinamento);<br \/>\n2. Facile da spostare ovunque (la tua attivit\u00e0 non \u00e8 vincolata);<br \/>\n3. Forma unica (invisibile per attirare pi\u00f9 clienti);<br \/>\n4. Lunga durata (resistenza alla corrosione, al calore, all'acqua e alla deformazione).<\/span><\/p>","protected":false},"featured_media":2224,"template":"","meta":{"_themeisle_gutenberg_block_has_review":false},"product_brand":[],"product_cat":[26],"product_tag":[33,38,40],"class_list":{"0":"post-2214","1":"product","2":"type-product","3":"status-publish","4":"has-post-thumbnail","6":"product_cat-product","7":"product_tag-customized-trailer","8":"product_tag-mobile-food-trailer","9":"product_tag-stainless-steel-trailer","11":"first","12":"instock","13":"shipping-taxable","14":"product-type-simple"},"yoast_head":"<!-- This site is optimized with the Yoast SEO plugin v27.4 - https:\/\/yoast.com\/product\/yoast-seo-wordpress\/ -->\n<title>Custom square food trailer with sliding window - Honlu food trailer<\/title>\n<meta name=\"description\" content=\"Food trailers can be used to sell fast food, snacks, newspapers, books, etc. It consists of chassis, body, flooring, working table, water system, electric system. Users also can choose the color they want. We would like to purchase other types of equipment if customers want.\" \/>\n<meta name=\"robots\" content=\"index, follow, max-snippet:-1, max-image-preview:large, max-video-preview:-1\" \/>\n<link rel=\"canonical\" href=\"https:\/\/www.honlufoodtrailer.com\/it\/product\/custom-square-food-trailer-with-sliding-window\/\" \/>\n<meta property=\"og:locale\" content=\"it_IT\" \/>\n<meta property=\"og:type\" content=\"article\" \/>\n<meta property=\"og:title\" content=\"Custom square food trailer with sliding window - Honlu food trailer\" \/>\n<meta property=\"og:description\" content=\"Food trailers can be used to sell fast food, snacks, newspapers, books, etc. It consists of chassis, body, flooring, working table, water system, electric system. Users also can choose the color they want. We would like to purchase other types of equipment if customers want.\" \/>\n<meta property=\"og:url\" content=\"https:\/\/www.honlufoodtrailer.com\/it\/product\/custom-square-food-trailer-with-sliding-window\/\" \/>\n<meta property=\"og:site_name\" content=\"Honlu food trailer\" \/>\n<meta property=\"article:modified_time\" content=\"2022-02-14T06:24:10+00:00\" \/>\n<meta property=\"og:image\" content=\"https:\/\/www.honlufoodtrailer.com\/wp-content\/uploads\/2022\/01\/Food-trailer-21-8096-7.jpg\" \/>\n\t<meta property=\"og:image:width\" content=\"720\" \/>\n\t<meta property=\"og:image:height\" content=\"540\" \/>\n\t<meta property=\"og:image:type\" content=\"image\/jpeg\" \/>\n<meta name=\"twitter:card\" content=\"summary_large_image\" \/>\n<meta name=\"twitter:label1\" content=\"Tempo di lettura stimato\" \/>\n\t<meta name=\"twitter:data1\" content=\"2 minuti\" \/>\n<script type=\"application\/ld+json\" class=\"yoast-schema-graph\">{\"@context\":\"https:\\\/\\\/schema.org\",\"@graph\":[{\"@type\":\"WebPage\",\"@id\":\"https:\\\/\\\/www.honlufoodtrailer.com\\\/product\\\/custom-square-food-trailer-with-sliding-window\\\/\",\"url\":\"https:\\\/\\\/www.honlufoodtrailer.com\\\/product\\\/custom-square-food-trailer-with-sliding-window\\\/\",\"name\":\"Custom square food trailer with sliding window - Honlu food trailer\",\"isPartOf\":{\"@id\":\"https:\\\/\\\/www.honlufoodtrailer.com\\\/#website\"},\"primaryImageOfPage\":{\"@id\":\"https:\\\/\\\/www.honlufoodtrailer.com\\\/product\\\/custom-square-food-trailer-with-sliding-window\\\/#primaryimage\"},\"image\":{\"@id\":\"https:\\\/\\\/www.honlufoodtrailer.com\\\/product\\\/custom-square-food-trailer-with-sliding-window\\\/#primaryimage\"},\"thumbnailUrl\":\"https:\\\/\\\/www.honlufoodtrailer.com\\\/wp-content\\\/uploads\\\/2022\\\/01\\\/Food-trailer-21-8096-7.jpg\",\"datePublished\":\"2022-01-14T01:32:17+00:00\",\"dateModified\":\"2022-02-14T06:24:10+00:00\",\"description\":\"Food trailers can be used to sell fast food, snacks, newspapers, books, etc. It consists of chassis, body, flooring, working table, water system, electric system. Users also can choose the color they want. We would like to purchase other types of equipment if customers want.\",\"breadcrumb\":{\"@id\":\"https:\\\/\\\/www.honlufoodtrailer.com\\\/product\\\/custom-square-food-trailer-with-sliding-window\\\/#breadcrumb\"},\"inLanguage\":\"it-IT\",\"potentialAction\":[{\"@type\":\"ReadAction\",\"target\":[\"https:\\\/\\\/www.honlufoodtrailer.com\\\/product\\\/custom-square-food-trailer-with-sliding-window\\\/\"]}]},{\"@type\":\"ImageObject\",\"inLanguage\":\"it-IT\",\"@id\":\"https:\\\/\\\/www.honlufoodtrailer.com\\\/product\\\/custom-square-food-trailer-with-sliding-window\\\/#primaryimage\",\"url\":\"https:\\\/\\\/www.honlufoodtrailer.com\\\/wp-content\\\/uploads\\\/2022\\\/01\\\/Food-trailer-21-8096-7.jpg\",\"contentUrl\":\"https:\\\/\\\/www.honlufoodtrailer.com\\\/wp-content\\\/uploads\\\/2022\\\/01\\\/Food-trailer-21-8096-7.jpg\",\"width\":720,\"height\":540},{\"@type\":\"BreadcrumbList\",\"@id\":\"https:\\\/\\\/www.honlufoodtrailer.com\\\/product\\\/custom-square-food-trailer-with-sliding-window\\\/#breadcrumb\",\"itemListElement\":[{\"@type\":\"ListItem\",\"position\":1,\"name\":\"Home\",\"item\":\"https:\\\/\\\/www.honlufoodtrailer.com\\\/\"},{\"@type\":\"ListItem\",\"position\":2,\"name\":\"\u4ea7\u54c1\",\"item\":\"https:\\\/\\\/www.honlufoodtrailer.com\\\/shop\\\/\"},{\"@type\":\"ListItem\",\"position\":3,\"name\":\"Custom square food trailer with sliding window\"}]},{\"@type\":\"WebSite\",\"@id\":\"https:\\\/\\\/www.honlufoodtrailer.com\\\/#website\",\"url\":\"https:\\\/\\\/www.honlufoodtrailer.com\\\/\",\"name\":\"Honlu food trailer\",\"description\":\"\",\"publisher\":{\"@id\":\"https:\\\/\\\/www.honlufoodtrailer.com\\\/#organization\"},\"potentialAction\":[{\"@type\":\"SearchAction\",\"target\":{\"@type\":\"EntryPoint\",\"urlTemplate\":\"https:\\\/\\\/www.honlufoodtrailer.com\\\/?s={search_term_string}\"},\"query-input\":{\"@type\":\"PropertyValueSpecification\",\"valueRequired\":true,\"valueName\":\"search_term_string\"}}],\"inLanguage\":\"it-IT\"},{\"@type\":\"Organization\",\"@id\":\"https:\\\/\\\/www.honlufoodtrailer.com\\\/#organization\",\"name\":\"Honlu food trailer\",\"url\":\"https:\\\/\\\/www.honlufoodtrailer.com\\\/\",\"logo\":{\"@type\":\"ImageObject\",\"inLanguage\":\"it-IT\",\"@id\":\"https:\\\/\\\/www.honlufoodtrailer.com\\\/#\\\/schema\\\/logo\\\/image\\\/\",\"url\":\"https:\\\/\\\/www.honlufoodtrailer.com\\\/wp-content\\\/uploads\\\/2021\\\/12\\\/2.gif\",\"contentUrl\":\"https:\\\/\\\/www.honlufoodtrailer.com\\\/wp-content\\\/uploads\\\/2021\\\/12\\\/2.gif\",\"width\":350,\"height\":100,\"caption\":\"Honlu food trailer\"},\"image\":{\"@id\":\"https:\\\/\\\/www.honlufoodtrailer.com\\\/#\\\/schema\\\/logo\\\/image\\\/\"}}]}<\/script>\n<!-- \/ Yoast SEO plugin. -->","yoast_head_json":{"title":"Rimorchio per alimenti quadrato personalizzato con finestra scorrevole - Rimorchio per alimenti Honlu","description":"I food truck possono essere utilizzati per vendere fast food, snack, giornali, libri, ecc. Sono composti da telaio, carrozzeria, pavimento, piano di lavoro, impianto idrico e impianto elettrico. Gli utenti possono anche scegliere il colore desiderato. Siamo disponibili ad acquistare altri tipi di attrezzature su richiesta dei clienti.","robots":{"index":"index","follow":"follow","max-snippet":"max-snippet:-1","max-image-preview":"max-image-preview:large","max-video-preview":"max-video-preview:-1"},"canonical":"https:\/\/www.honlufoodtrailer.com\/it\/product\/custom-square-food-trailer-with-sliding-window\/","og_locale":"it_IT","og_type":"article","og_title":"Custom square food trailer with sliding window - Honlu food trailer","og_description":"Food trailers can be used to sell fast food, snacks, newspapers, books, etc. It consists of chassis, body, flooring, working table, water system, electric system. Users also can choose the color they want. We would like to purchase other types of equipment if customers want.","og_url":"https:\/\/www.honlufoodtrailer.com\/it\/product\/custom-square-food-trailer-with-sliding-window\/","og_site_name":"Honlu food trailer","article_modified_time":"2022-02-14T06:24:10+00:00","og_image":[{"width":720,"height":540,"url":"https:\/\/www.honlufoodtrailer.com\/wp-content\/uploads\/2022\/01\/Food-trailer-21-8096-7.jpg","type":"image\/jpeg"}],"twitter_card":"summary_large_image","twitter_misc":{"Tempo di lettura stimato":"2 minuti"},"schema":{"@context":"https:\/\/schema.org","@graph":[{"@type":"WebPage","@id":"https:\/\/www.honlufoodtrailer.com\/product\/custom-square-food-trailer-with-sliding-window\/","url":"https:\/\/www.honlufoodtrailer.com\/product\/custom-square-food-trailer-with-sliding-window\/","name":"Rimorchio per alimenti quadrato personalizzato con finestra scorrevole - Rimorchio per alimenti Honlu","isPartOf":{"@id":"https:\/\/www.honlufoodtrailer.com\/#website"},"primaryImageOfPage":{"@id":"https:\/\/www.honlufoodtrailer.com\/product\/custom-square-food-trailer-with-sliding-window\/#primaryimage"},"image":{"@id":"https:\/\/www.honlufoodtrailer.com\/product\/custom-square-food-trailer-with-sliding-window\/#primaryimage"},"thumbnailUrl":"https:\/\/www.honlufoodtrailer.com\/wp-content\/uploads\/2022\/01\/Food-trailer-21-8096-7.jpg","datePublished":"2022-01-14T01:32:17+00:00","dateModified":"2022-02-14T06:24:10+00:00","description":"I food truck possono essere utilizzati per vendere fast food, snack, giornali, libri, ecc. Sono composti da telaio, carrozzeria, pavimento, piano di lavoro, impianto idrico e impianto elettrico. Gli utenti possono anche scegliere il colore desiderato. Siamo disponibili ad acquistare altri tipi di attrezzature su richiesta dei clienti.","breadcrumb":{"@id":"https:\/\/www.honlufoodtrailer.com\/product\/custom-square-food-trailer-with-sliding-window\/#breadcrumb"},"inLanguage":"it-IT","potentialAction":[{"@type":"ReadAction","target":["https:\/\/www.honlufoodtrailer.com\/product\/custom-square-food-trailer-with-sliding-window\/"]}]},{"@type":"ImageObject","inLanguage":"it-IT","@id":"https:\/\/www.honlufoodtrailer.com\/product\/custom-square-food-trailer-with-sliding-window\/#primaryimage","url":"https:\/\/www.honlufoodtrailer.com\/wp-content\/uploads\/2022\/01\/Food-trailer-21-8096-7.jpg","contentUrl":"https:\/\/www.honlufoodtrailer.com\/wp-content\/uploads\/2022\/01\/Food-trailer-21-8096-7.jpg","width":720,"height":540},{"@type":"BreadcrumbList","@id":"https:\/\/www.honlufoodtrailer.com\/product\/custom-square-food-trailer-with-sliding-window\/#breadcrumb","itemListElement":[{"@type":"ListItem","position":1,"name":"Home","item":"https:\/\/www.honlufoodtrailer.com\/"},{"@type":"ListItem","position":2,"name":"\u4ea7\u54c1","item":"https:\/\/www.honlufoodtrailer.com\/shop\/"},{"@type":"ListItem","position":3,"name":"Custom square food trailer with sliding window"}]},{"@type":"WebSite","@id":"https:\/\/www.honlufoodtrailer.com\/#website","url":"https:\/\/www.honlufoodtrailer.com\/","name":"Rimorchio alimentare Honlu","description":"","publisher":{"@id":"https:\/\/www.honlufoodtrailer.com\/#organization"},"potentialAction":[{"@type":"SearchAction","target":{"@type":"EntryPoint","urlTemplate":"https:\/\/www.honlufoodtrailer.com\/?s={search_term_string}"},"query-input":{"@type":"PropertyValueSpecification","valueRequired":true,"valueName":"search_term_string"}}],"inLanguage":"it-IT"},{"@type":"Organization","@id":"https:\/\/www.honlufoodtrailer.com\/#organization","name":"Rimorchio alimentare Honlu","url":"https:\/\/www.honlufoodtrailer.com\/","logo":{"@type":"ImageObject","inLanguage":"it-IT","@id":"https:\/\/www.honlufoodtrailer.com\/#\/schema\/logo\/image\/","url":"https:\/\/www.honlufoodtrailer.com\/wp-content\/uploads\/2021\/12\/2.gif","contentUrl":"https:\/\/www.honlufoodtrailer.com\/wp-content\/uploads\/2021\/12\/2.gif","width":350,"height":100,"caption":"Honlu food trailer"},"image":{"@id":"https:\/\/www.honlufoodtrailer.com\/#\/schema\/logo\/image\/"}}]}},"_links":{"self":[{"href":"https:\/\/www.honlufoodtrailer.com\/it\/wp-json\/wp\/v2\/product\/2214","targetHints":{"allow":["GET"]}}],"collection":[{"href":"https:\/\/www.honlufoodtrailer.com\/it\/wp-json\/wp\/v2\/product"}],"about":[{"href":"https:\/\/www.honlufoodtrailer.com\/it\/wp-json\/wp\/v2\/types\/product"}],"version-history":[{"count":1,"href":"https:\/\/www.honlufoodtrailer.com\/it\/wp-json\/wp\/v2\/product\/2214\/revisions"}],"predecessor-version":[{"id":2223,"href":"https:\/\/www.honlufoodtrailer.com\/it\/wp-json\/wp\/v2\/product\/2214\/revisions\/2223"}],"wp:featuredmedia":[{"embeddable":true,"href":"https:\/\/www.honlufoodtrailer.com\/it\/wp-json\/wp\/v2\/media\/2224"}],"wp:attachment":[{"href":"https:\/\/www.honlufoodtrailer.com\/it\/wp-json\/wp\/v2\/media?parent=2214"}],"wp:term":[{"taxonomy":"product_brand","embeddable":true,"href":"https:\/\/www.honlufoodtrailer.com\/it\/wp-json\/wp\/v2\/product_brand?post=2214"},{"taxonomy":"product_cat","embeddable":true,"href":"https:\/\/www.honlufoodtrailer.com\/it\/wp-json\/wp\/v2\/product_cat?post=2214"},{"taxonomy":"product_tag","embeddable":true,"href":"https:\/\/www.honlufoodtrailer.com\/it\/wp-json\/wp\/v2\/product_tag?post=2214"}],"curies":[{"name":"wp","href":"https:\/\/api.w.org\/{rel}","templated":true}]}}