{"id":2650,"date":"2022-02-23T15:15:51","date_gmt":"2022-02-23T07:15:51","guid":{"rendered":"https:\/\/www.honlufoodtrailer.com\/?post_type=product&#038;p=2650"},"modified":"2024-05-24T10:29:53","modified_gmt":"2024-05-24T02:29:53","slug":"eight-meters-galvanized-food-trailer","status":"publish","type":"product","link":"https:\/\/www.honlufoodtrailer.com\/it\/product\/eight-meters-galvanized-food-trailer\/","title":{"rendered":"Rimorchio alimentare zincato da otto metri"},"content":{"rendered":"<p data-spm-anchor-id=\"a2700.wholesale.0.i28.29e52808agqc7f\">Questo \u00e8 un rimorchio per alimenti zincato lungo 8 metri che abbiamo personalizzato per uno dei nostri clienti degli Stati Uniti. Come potete vedere dalle immagini qui sotto, ha 3 assi, il che lo rende pi\u00f9 robusto e durevole. Oltre alle due grandi finestre anteriori, ne abbiamo realizzata anche una piccola laterale. Ora, vediamo alcune foto di questo rimorchio per alimenti.<\/p>\n<figure id=\"attachment_2657\" aria-describedby=\"caption-attachment-2657\" style=\"width: 720px\" class=\"wp-caption aligncenter\"><img fetchpriority=\"high\" decoding=\"async\" class=\"size-full wp-image-2657\" src=\"https:\/\/www.honlufoodtrailer.com\/wp-content\/uploads\/2022\/01\/7-Eight-meters-galvanized-sheet-material-food-trailer.jpg\" alt=\"Rimorchio per alimenti in lamiera zincata di otto metri\" width=\"720\" height=\"540\" srcset=\"https:\/\/www.honlufoodtrailer.com\/wp-content\/uploads\/2022\/01\/7-Eight-meters-galvanized-sheet-material-food-trailer.jpg 720w, https:\/\/www.honlufoodtrailer.com\/wp-content\/uploads\/2022\/01\/7-Eight-meters-galvanized-sheet-material-food-trailer-300x225.jpg 300w\" sizes=\"(max-width: 720px) 100vw, 720px\" \/><figcaption id=\"caption-attachment-2657\" class=\"wp-caption-text\">Rimorchio per alimenti in lamiera zincata di otto metri<\/figcaption><\/figure>\n<figure id=\"attachment_2653\" aria-describedby=\"caption-attachment-2653\" style=\"width: 720px\" class=\"wp-caption aligncenter\"><img decoding=\"async\" class=\"size-full wp-image-2653\" src=\"https:\/\/www.honlufoodtrailer.com\/wp-content\/uploads\/2022\/01\/3-Eight-meters-galvanized-sheet-material-food-trailer.jpg\" alt=\"Rimorchio per alimenti in lamiera zincata da 3 metri\" width=\"720\" height=\"540\" \/><figcaption id=\"caption-attachment-2653\" class=\"wp-caption-text\">Rimorchio per alimenti in lamiera zincata di otto metri<\/figcaption><\/figure>\n<p>Il colore dell'intero veicolo \u00e8 nero e i nostri clienti desiderano aggiungere lanterne, cartelloni e altri ornamenti in giro, per cui aggiungiamo anche ganci ad alcune parti per facilitare l'uso da parte dei clienti. Utilizziamo anche il design antipioggia su finestre e porte; tutti questi piccoli design servono ai clienti per avere un'esperienza migliore.<\/p>\n<h3>Dettagli interni del rimorchio alimentare zincato da 8 m<\/h3>\n<p data-spm-anchor-id=\"a2700.wholesale.0.i28.29e52808agqc7f\">Il banco da lavoro e la parete interna del food trailer sono realizzati in acciaio inossidabile per uso alimentare. In base alle esigenze del cliente, il food trailer \u00e8 dotato di congelatori, vetrine isolanti per alimenti, quattro lavelli personalizzati, fornelli a gas, cappe aspiranti e altre attrezzature. Saremo lieti di acquistare altri tipi di attrezzature in base alle esigenze del cliente.<\/p>\n<p data-spm-anchor-id=\"a2700.wholesale.0.i28.29e52808agqc7f\"><img decoding=\"async\" class=\"aligncenter size-full wp-image-7689\" src=\"https:\/\/www.honlufoodtrailer.com\/wp-content\/uploads\/2022\/02\/inner-View-of-eight-meters-galvanized-food-trailer.jpg\" alt=\"Vista interna del rimorchio alimentare zincato di otto metri\" width=\"800\" height=\"534\" srcset=\"https:\/\/www.honlufoodtrailer.com\/wp-content\/uploads\/2022\/02\/inner-View-of-eight-meters-galvanized-food-trailer.jpg 800w, https:\/\/www.honlufoodtrailer.com\/wp-content\/uploads\/2022\/02\/inner-View-of-eight-meters-galvanized-food-trailer-768x513.jpg 768w, https:\/\/www.honlufoodtrailer.com\/wp-content\/uploads\/2022\/02\/inner-View-of-eight-meters-galvanized-food-trailer-480x320.jpg 480w, https:\/\/www.honlufoodtrailer.com\/wp-content\/uploads\/2022\/02\/inner-View-of-eight-meters-galvanized-food-trailer-300x200.jpg 300w, https:\/\/www.honlufoodtrailer.com\/wp-content\/uploads\/2022\/02\/inner-View-of-eight-meters-galvanized-food-trailer-720x481.jpg 720w\" sizes=\"(max-width: 800px) 100vw, 800px\" \/><\/p>\n<p>L&#039;intero rimorchio \u00e8 compatto e facile da usare. \u00c8 il modello preferito per l&#039;avvio di attivit\u00e0 di fast food, ordini di acquisto all&#039;ingrosso nei centri commerciali, gestione unificata di fast food di strada e picnic in famiglia. Pu\u00f2 anche essere utilizzato per la vendita di qualsiasi cosa, dagli hot dog, alle attivit\u00e0 di vendita al dettaglio, alle attivit\u00e0 di giardinaggio, ai panini, al caff\u00e8, al gelato, ecc. Siamo certificati CE per aiutarti ad avviare un&#039;attivit\u00e0 mobile.<\/p>\n<h3 class=\"magic-6\" data-spm-anchor-id=\"a2700.wholesale.0.i28.29e52808agqc7f\">Caratteristiche principali del rimorchio alimentare zincato da 8 m<\/h3>\n<div class=\"magic-7\">\n<div class=\"magic-8\">\n<div class=\"magic-9\" data-id=\"paragraph0\">\n<ol>\n<li>Il rimorchio per alimenti super lungo ha un ampio spazio interno e pu\u00f2 ospitare pi\u00f9 attrezzature per soddisfare le diverse esigenze dei clienti;<\/li>\n<li>Materiale in lamiera zincata con eccellente resistenza alla corrosione e al calore;<\/li>\n<li>Accessori moderni e avanzati di cui \u00e8 dotato il rimorchio alimentare mobile;<\/li>\n<li>Comodo e facile da spostare;<\/li>\n<li>Siamo lieti di modificarlo in base alle vostre esigenze.<\/li>\n<\/ol>\n<h3>Disegno gratuito della planimetria 2D\/3D<\/h3>\n<p>Per i clienti che hanno ordinato i nostri food trailer, forniamo gratuitamente disegni 2D\/3D. Dopo aver confermato le dimensioni del food trailer e le attrezzature interne della cucina, possiamo fornirvi disegni 3D gratuiti. Questo vi dar\u00e0 un&#039;idea pi\u00f9 chiara del vostro progetto e del vostro food trailer. Una volta confermata la posizione delle attrezzature della cucina, possiamo comunicare chiaramente con voi tramite la planimetria. Possiamo anche fornirvi i documenti originali per facilitare la progettazione e apportare modifiche.<\/p>\n<\/div>\n<\/div>\n<\/div>","protected":false},"excerpt":{"rendered":"<p>Questo \u00e8 uno dei nostri rimorchi per alimenti personalizzati da otto metri, con la parte superiore anteriore e posteriore progettata con un piccolo arco. Grazie alla lunghezza del cassone di otto metri, abbiamo personalizzato due grandi finestre di servizio per i nostri clienti. Il banco di lavoro e la parete interna del cassone del rimorchio per alimenti sono tutti realizzati in acciaio inossidabile per uso alimentare. Vorremmo acquistare altri tipi di attrezzature in base alle esigenze dei clienti.<\/p>","protected":false},"featured_media":0,"template":"","meta":{"_themeisle_gutenberg_block_has_review":false},"product_brand":[],"product_cat":[26],"product_tag":[33,41,45,38],"class_list":{"0":"post-2650","1":"product","2":"type-product","3":"status-publish","5":"product_cat-product","6":"product_tag-customized-trailer","7":"product_tag-galvanized-trailer","8":"product_tag-large-food-trailer","9":"product_tag-mobile-food-trailer","11":"first","12":"instock","13":"shipping-taxable","14":"product-type-simple"},"yoast_head":"<!-- This site is optimized with the Yoast SEO plugin v27.4 - https:\/\/yoast.com\/product\/yoast-seo-wordpress\/ -->\n<title>Eight Meters Galvanized Food Trailer From China - Honlu Food Trailer<\/title>\n<meta name=\"description\" content=\"This is one of our custom eight-meter food trailers, the top of the front and rear are designed with a small arc. Due to the eight-meter-long body, we customized two oversized service windows for our customers. The workbench and inner wall inside the car body are all made of food-grade stainless steel. We would like to purchase other types of equipment based on customers&#039; needs.\" \/>\n<meta name=\"robots\" content=\"index, follow, max-snippet:-1, max-image-preview:large, max-video-preview:-1\" \/>\n<link rel=\"canonical\" href=\"https:\/\/www.honlufoodtrailer.com\/it\/product\/eight-meters-galvanized-food-trailer\/\" \/>\n<meta property=\"og:locale\" content=\"it_IT\" \/>\n<meta property=\"og:type\" content=\"article\" \/>\n<meta property=\"og:title\" content=\"Eight Meters Galvanized Food Trailer From China - Honlu Food Trailer\" \/>\n<meta property=\"og:description\" content=\"This is one of our custom eight-meter food trailers, the top of the front and rear are designed with a small arc. Due to the eight-meter-long body, we customized two oversized service windows for our customers. The workbench and inner wall inside the car body are all made of food-grade stainless steel. We would like to purchase other types of equipment based on customers&#039; needs.\" \/>\n<meta property=\"og:url\" content=\"https:\/\/www.honlufoodtrailer.com\/it\/product\/eight-meters-galvanized-food-trailer\/\" \/>\n<meta property=\"og:site_name\" content=\"Honlu food trailer\" \/>\n<meta property=\"article:modified_time\" content=\"2024-05-24T02:29:53+00:00\" \/>\n<meta property=\"og:image\" content=\"https:\/\/www.honlufoodtrailer.com\/wp-content\/uploads\/2022\/01\/1-Eight-meters-galvanized-sheet-material-food-trailer.jpg\" \/>\n\t<meta property=\"og:image:width\" content=\"720\" \/>\n\t<meta property=\"og:image:height\" content=\"540\" \/>\n\t<meta property=\"og:image:type\" content=\"image\/jpeg\" \/>\n<meta name=\"twitter:card\" content=\"summary_large_image\" \/>\n<meta name=\"twitter:label1\" content=\"Tempo di lettura stimato\" \/>\n\t<meta name=\"twitter:data1\" content=\"2 minuti\" \/>\n<script type=\"application\/ld+json\" class=\"yoast-schema-graph\">{\"@context\":\"https:\\\/\\\/schema.org\",\"@graph\":[{\"@type\":\"WebPage\",\"@id\":\"https:\\\/\\\/www.honlufoodtrailer.com\\\/product\\\/eight-meters-galvanized-food-trailer\\\/\",\"url\":\"https:\\\/\\\/www.honlufoodtrailer.com\\\/product\\\/eight-meters-galvanized-food-trailer\\\/\",\"name\":\"Eight Meters Galvanized Food Trailer From China - Honlu Food Trailer\",\"isPartOf\":{\"@id\":\"https:\\\/\\\/www.honlufoodtrailer.com\\\/#website\"},\"primaryImageOfPage\":{\"@id\":\"https:\\\/\\\/www.honlufoodtrailer.com\\\/product\\\/eight-meters-galvanized-food-trailer\\\/#primaryimage\"},\"image\":{\"@id\":\"https:\\\/\\\/www.honlufoodtrailer.com\\\/product\\\/eight-meters-galvanized-food-trailer\\\/#primaryimage\"},\"thumbnailUrl\":\"https:\\\/\\\/www.honlufoodtrailer.com\\\/wp-content\\\/uploads\\\/2022\\\/01\\\/7-Eight-meters-galvanized-sheet-material-food-trailer.jpg\",\"datePublished\":\"2022-02-23T07:15:51+00:00\",\"dateModified\":\"2024-05-24T02:29:53+00:00\",\"description\":\"This is one of our custom eight-meter food trailers, the top of the front and rear are designed with a small arc. Due to the eight-meter-long body, we customized two oversized service windows for our customers. The workbench and inner wall inside the car body are all made of food-grade stainless steel. We would like to purchase other types of equipment based on customers' needs.\",\"breadcrumb\":{\"@id\":\"https:\\\/\\\/www.honlufoodtrailer.com\\\/product\\\/eight-meters-galvanized-food-trailer\\\/#breadcrumb\"},\"inLanguage\":\"it-IT\",\"potentialAction\":[{\"@type\":\"ReadAction\",\"target\":[\"https:\\\/\\\/www.honlufoodtrailer.com\\\/product\\\/eight-meters-galvanized-food-trailer\\\/\"]}]},{\"@type\":\"ImageObject\",\"inLanguage\":\"it-IT\",\"@id\":\"https:\\\/\\\/www.honlufoodtrailer.com\\\/product\\\/eight-meters-galvanized-food-trailer\\\/#primaryimage\",\"url\":\"https:\\\/\\\/www.honlufoodtrailer.com\\\/wp-content\\\/uploads\\\/2022\\\/01\\\/7-Eight-meters-galvanized-sheet-material-food-trailer.jpg\",\"contentUrl\":\"https:\\\/\\\/www.honlufoodtrailer.com\\\/wp-content\\\/uploads\\\/2022\\\/01\\\/7-Eight-meters-galvanized-sheet-material-food-trailer.jpg\"},{\"@type\":\"BreadcrumbList\",\"@id\":\"https:\\\/\\\/www.honlufoodtrailer.com\\\/product\\\/eight-meters-galvanized-food-trailer\\\/#breadcrumb\",\"itemListElement\":[{\"@type\":\"ListItem\",\"position\":1,\"name\":\"Home\",\"item\":\"https:\\\/\\\/www.honlufoodtrailer.com\\\/\"},{\"@type\":\"ListItem\",\"position\":2,\"name\":\"\u4ea7\u54c1\",\"item\":\"https:\\\/\\\/www.honlufoodtrailer.com\\\/shop\\\/\"},{\"@type\":\"ListItem\",\"position\":3,\"name\":\"Eight Meters Galvanized Food Trailer\"}]},{\"@type\":\"WebSite\",\"@id\":\"https:\\\/\\\/www.honlufoodtrailer.com\\\/#website\",\"url\":\"https:\\\/\\\/www.honlufoodtrailer.com\\\/\",\"name\":\"Honlu food trailer\",\"description\":\"\",\"publisher\":{\"@id\":\"https:\\\/\\\/www.honlufoodtrailer.com\\\/#organization\"},\"potentialAction\":[{\"@type\":\"SearchAction\",\"target\":{\"@type\":\"EntryPoint\",\"urlTemplate\":\"https:\\\/\\\/www.honlufoodtrailer.com\\\/?s={search_term_string}\"},\"query-input\":{\"@type\":\"PropertyValueSpecification\",\"valueRequired\":true,\"valueName\":\"search_term_string\"}}],\"inLanguage\":\"it-IT\"},{\"@type\":\"Organization\",\"@id\":\"https:\\\/\\\/www.honlufoodtrailer.com\\\/#organization\",\"name\":\"Honlu food trailer\",\"url\":\"https:\\\/\\\/www.honlufoodtrailer.com\\\/\",\"logo\":{\"@type\":\"ImageObject\",\"inLanguage\":\"it-IT\",\"@id\":\"https:\\\/\\\/www.honlufoodtrailer.com\\\/#\\\/schema\\\/logo\\\/image\\\/\",\"url\":\"https:\\\/\\\/www.honlufoodtrailer.com\\\/wp-content\\\/uploads\\\/2021\\\/12\\\/2.gif\",\"contentUrl\":\"https:\\\/\\\/www.honlufoodtrailer.com\\\/wp-content\\\/uploads\\\/2021\\\/12\\\/2.gif\",\"width\":350,\"height\":100,\"caption\":\"Honlu food trailer\"},\"image\":{\"@id\":\"https:\\\/\\\/www.honlufoodtrailer.com\\\/#\\\/schema\\\/logo\\\/image\\\/\"}}]}<\/script>\n<!-- \/ Yoast SEO plugin. -->","yoast_head_json":{"title":"Rimorchio alimentare zincato da otto metri dalla Cina - Rimorchio alimentare Honlu","description":"Questo \u00e8 uno dei nostri rimorchi per alimenti personalizzati da otto metri, con la parte superiore anteriore e posteriore progettata con un piccolo arco. Data la lunghezza della carrozzeria di otto metri, abbiamo personalizzato due grandi finestre di servizio per i nostri clienti. Il banco di lavoro e la parete interna della carrozzeria sono tutti realizzati in acciaio inossidabile per uso alimentare. Vorremmo acquistare altri tipi di attrezzature in base alle esigenze dei clienti.","robots":{"index":"index","follow":"follow","max-snippet":"max-snippet:-1","max-image-preview":"max-image-preview:large","max-video-preview":"max-video-preview:-1"},"canonical":"https:\/\/www.honlufoodtrailer.com\/it\/product\/eight-meters-galvanized-food-trailer\/","og_locale":"it_IT","og_type":"article","og_title":"Eight Meters Galvanized Food Trailer From China - Honlu Food Trailer","og_description":"This is one of our custom eight-meter food trailers, the top of the front and rear are designed with a small arc. Due to the eight-meter-long body, we customized two oversized service windows for our customers. The workbench and inner wall inside the car body are all made of food-grade stainless steel. We would like to purchase other types of equipment based on customers' needs.","og_url":"https:\/\/www.honlufoodtrailer.com\/it\/product\/eight-meters-galvanized-food-trailer\/","og_site_name":"Honlu food trailer","article_modified_time":"2024-05-24T02:29:53+00:00","og_image":[{"width":720,"height":540,"url":"https:\/\/www.honlufoodtrailer.com\/wp-content\/uploads\/2022\/01\/1-Eight-meters-galvanized-sheet-material-food-trailer.jpg","type":"image\/jpeg"}],"twitter_card":"summary_large_image","twitter_misc":{"Tempo di lettura stimato":"2 minuti"},"schema":{"@context":"https:\/\/schema.org","@graph":[{"@type":"WebPage","@id":"https:\/\/www.honlufoodtrailer.com\/product\/eight-meters-galvanized-food-trailer\/","url":"https:\/\/www.honlufoodtrailer.com\/product\/eight-meters-galvanized-food-trailer\/","name":"Rimorchio alimentare zincato da otto metri dalla Cina - Rimorchio alimentare Honlu","isPartOf":{"@id":"https:\/\/www.honlufoodtrailer.com\/#website"},"primaryImageOfPage":{"@id":"https:\/\/www.honlufoodtrailer.com\/product\/eight-meters-galvanized-food-trailer\/#primaryimage"},"image":{"@id":"https:\/\/www.honlufoodtrailer.com\/product\/eight-meters-galvanized-food-trailer\/#primaryimage"},"thumbnailUrl":"https:\/\/www.honlufoodtrailer.com\/wp-content\/uploads\/2022\/01\/7-Eight-meters-galvanized-sheet-material-food-trailer.jpg","datePublished":"2022-02-23T07:15:51+00:00","dateModified":"2024-05-24T02:29:53+00:00","description":"Questo \u00e8 uno dei nostri rimorchi per alimenti personalizzati da otto metri, con la parte superiore anteriore e posteriore progettata con un piccolo arco. Data la lunghezza della carrozzeria di otto metri, abbiamo personalizzato due grandi finestre di servizio per i nostri clienti. Il banco di lavoro e la parete interna della carrozzeria sono tutti realizzati in acciaio inossidabile per uso alimentare. Vorremmo acquistare altri tipi di attrezzature in base alle esigenze dei clienti.","breadcrumb":{"@id":"https:\/\/www.honlufoodtrailer.com\/product\/eight-meters-galvanized-food-trailer\/#breadcrumb"},"inLanguage":"it-IT","potentialAction":[{"@type":"ReadAction","target":["https:\/\/www.honlufoodtrailer.com\/product\/eight-meters-galvanized-food-trailer\/"]}]},{"@type":"ImageObject","inLanguage":"it-IT","@id":"https:\/\/www.honlufoodtrailer.com\/product\/eight-meters-galvanized-food-trailer\/#primaryimage","url":"https:\/\/www.honlufoodtrailer.com\/wp-content\/uploads\/2022\/01\/7-Eight-meters-galvanized-sheet-material-food-trailer.jpg","contentUrl":"https:\/\/www.honlufoodtrailer.com\/wp-content\/uploads\/2022\/01\/7-Eight-meters-galvanized-sheet-material-food-trailer.jpg"},{"@type":"BreadcrumbList","@id":"https:\/\/www.honlufoodtrailer.com\/product\/eight-meters-galvanized-food-trailer\/#breadcrumb","itemListElement":[{"@type":"ListItem","position":1,"name":"Home","item":"https:\/\/www.honlufoodtrailer.com\/"},{"@type":"ListItem","position":2,"name":"\u4ea7\u54c1","item":"https:\/\/www.honlufoodtrailer.com\/shop\/"},{"@type":"ListItem","position":3,"name":"Eight Meters Galvanized Food Trailer"}]},{"@type":"WebSite","@id":"https:\/\/www.honlufoodtrailer.com\/#website","url":"https:\/\/www.honlufoodtrailer.com\/","name":"Rimorchio alimentare Honlu","description":"","publisher":{"@id":"https:\/\/www.honlufoodtrailer.com\/#organization"},"potentialAction":[{"@type":"SearchAction","target":{"@type":"EntryPoint","urlTemplate":"https:\/\/www.honlufoodtrailer.com\/?s={search_term_string}"},"query-input":{"@type":"PropertyValueSpecification","valueRequired":true,"valueName":"search_term_string"}}],"inLanguage":"it-IT"},{"@type":"Organization","@id":"https:\/\/www.honlufoodtrailer.com\/#organization","name":"Rimorchio alimentare Honlu","url":"https:\/\/www.honlufoodtrailer.com\/","logo":{"@type":"ImageObject","inLanguage":"it-IT","@id":"https:\/\/www.honlufoodtrailer.com\/#\/schema\/logo\/image\/","url":"https:\/\/www.honlufoodtrailer.com\/wp-content\/uploads\/2021\/12\/2.gif","contentUrl":"https:\/\/www.honlufoodtrailer.com\/wp-content\/uploads\/2021\/12\/2.gif","width":350,"height":100,"caption":"Honlu food trailer"},"image":{"@id":"https:\/\/www.honlufoodtrailer.com\/#\/schema\/logo\/image\/"}}]}},"_links":{"self":[{"href":"https:\/\/www.honlufoodtrailer.com\/it\/wp-json\/wp\/v2\/product\/2650","targetHints":{"allow":["GET"]}}],"collection":[{"href":"https:\/\/www.honlufoodtrailer.com\/it\/wp-json\/wp\/v2\/product"}],"about":[{"href":"https:\/\/www.honlufoodtrailer.com\/it\/wp-json\/wp\/v2\/types\/product"}],"version-history":[{"count":5,"href":"https:\/\/www.honlufoodtrailer.com\/it\/wp-json\/wp\/v2\/product\/2650\/revisions"}],"predecessor-version":[{"id":7692,"href":"https:\/\/www.honlufoodtrailer.com\/it\/wp-json\/wp\/v2\/product\/2650\/revisions\/7692"}],"wp:attachment":[{"href":"https:\/\/www.honlufoodtrailer.com\/it\/wp-json\/wp\/v2\/media?parent=2650"}],"wp:term":[{"taxonomy":"product_brand","embeddable":true,"href":"https:\/\/www.honlufoodtrailer.com\/it\/wp-json\/wp\/v2\/product_brand?post=2650"},{"taxonomy":"product_cat","embeddable":true,"href":"https:\/\/www.honlufoodtrailer.com\/it\/wp-json\/wp\/v2\/product_cat?post=2650"},{"taxonomy":"product_tag","embeddable":true,"href":"https:\/\/www.honlufoodtrailer.com\/it\/wp-json\/wp\/v2\/product_tag?post=2650"}],"curies":[{"name":"wp","href":"https:\/\/api.w.org\/{rel}","templated":true}]}}