{"id":2774,"date":"2022-02-09T16:11:08","date_gmt":"2022-02-09T08:11:08","guid":{"rendered":"https:\/\/www.honlufoodtrailer.com\/?post_type=product&#038;p=2774"},"modified":"2024-09-23T14:06:12","modified_gmt":"2024-09-23T06:06:12","slug":"black-square-food-trailer","status":"publish","type":"product","link":"https:\/\/www.honlufoodtrailer.com\/it\/product\/black-square-food-trailer\/","title":{"rendered":"Rimorchio per alimenti quadrato nero da 4 m"},"content":{"rendered":"<p data-spm-anchor-id=\"a2700.wholesale.0.i28.29e52808agqc7f\">State cercando un food truck quadrato? Date un&#039;occhiata a questo food truck quadrato nero da 4 metri! Si tratta di un food truck standard che abbiamo realizzato per un cliente. Grazie alla sua struttura compatta e al prezzo accessibile, questo food truck quadrato da 4 metri \u00e8 molto apprezzato dai nostri clienti. Ora, diamo un&#039;occhiata ad alcune foto di questo food truck!<\/p>\n<figure id=\"attachment_2782\" aria-describedby=\"caption-attachment-2782\" style=\"width: 720px\" class=\"wp-caption aligncenter\"><img fetchpriority=\"high\" decoding=\"async\" class=\"size-full wp-image-2782\" src=\"https:\/\/www.honlufoodtrailer.com\/wp-content\/uploads\/2022\/02\/Black-square-food-trailer-21-8177-6.jpg\" alt=\"Rimorchio alimentare quadrato nero-21-8177 (6)\" width=\"720\" height=\"540\" srcset=\"https:\/\/www.honlufoodtrailer.com\/wp-content\/uploads\/2022\/02\/Black-square-food-trailer-21-8177-6.jpg 720w, https:\/\/www.honlufoodtrailer.com\/wp-content\/uploads\/2022\/02\/Black-square-food-trailer-21-8177-6-300x225.jpg 300w\" sizes=\"(max-width: 720px) 100vw, 720px\" \/><figcaption id=\"caption-attachment-2782\" class=\"wp-caption-text\">Rimorchio per alimenti quadrato nero - 21-8177<\/figcaption><\/figure>\n<figure id=\"attachment_2781\" aria-describedby=\"caption-attachment-2781\" style=\"width: 720px\" class=\"wp-caption aligncenter\"><img decoding=\"async\" class=\"size-full wp-image-2781\" src=\"https:\/\/www.honlufoodtrailer.com\/wp-content\/uploads\/2022\/02\/Black-square-food-trailer-21-8177-5.jpg\" alt=\"Rimorchio alimentare quadrato nero-21-8177 (5)\" width=\"720\" height=\"540\" srcset=\"https:\/\/www.honlufoodtrailer.com\/wp-content\/uploads\/2022\/02\/Black-square-food-trailer-21-8177-5.jpg 720w, https:\/\/www.honlufoodtrailer.com\/wp-content\/uploads\/2022\/02\/Black-square-food-trailer-21-8177-5-300x225.jpg 300w\" sizes=\"(max-width: 720px) 100vw, 720px\" \/><figcaption id=\"caption-attachment-2781\" class=\"wp-caption-text\">Rimorchio per alimenti quadrato nero - 21-8177<\/figcaption><\/figure>\n<p data-spm-anchor-id=\"a2700.wholesale.0.i28.29e52808agqc7f\">L&#039;intero rimorchio \u00e8 compatto e facile da usare. \u00c8 un&#039;ottima scelta per chi si avvicina al mondo del fast food. Come possiamo vedere, questo rimorchio quadrato per alimenti ha un&#039;ampia finestra frontale, molto comoda per i clienti che vogliono ritirare il cibo. Ora, vediamo i dettagli interni di questo rimorchio per alimenti da 4 metri.<\/p>\n<h3>Dettagli interni di questo food truck di 4 metri quadrati<\/h3>\n<p>Come si pu\u00f2 vedere dalle immagini sottostanti, abbiamo dotato il food truck di attrezzature di base come lavelli, serbatoi d&#039;acqua e tavoli da lavoro al suo interno. Il cliente potr\u00e0 aggiungere le altre attrezzature da cucina di cui necessita dopo aver ricevuto il rimorchio. Possiamo personalizzare le dimensioni, il colore della carrozzeria, gli adesivi, la segnaletica e le attrezzature da cucina del food truck. Se avete bisogno di food truck personalizzati, non esitate a contattarci!<\/p>\n<figure id=\"attachment_2776\" aria-describedby=\"caption-attachment-2776\" style=\"width: 1440px\" class=\"wp-caption aligncenter\"><img decoding=\"async\" class=\"size-full wp-image-2776\" src=\"https:\/\/www.honlufoodtrailer.com\/wp-content\/uploads\/2022\/02\/Detail-image-Black-square-food-trailer-21-8177.jpg\" alt=\"Immagine dettagliata - Rimorchio per alimenti quadrato nero - 21-8177\" width=\"1440\" height=\"1080\" srcset=\"https:\/\/www.honlufoodtrailer.com\/wp-content\/uploads\/2022\/02\/Detail-image-Black-square-food-trailer-21-8177.jpg 1440w, https:\/\/www.honlufoodtrailer.com\/wp-content\/uploads\/2022\/02\/Detail-image-Black-square-food-trailer-21-8177-300x225.jpg 300w, https:\/\/www.honlufoodtrailer.com\/wp-content\/uploads\/2022\/02\/Detail-image-Black-square-food-trailer-21-8177-720x540.jpg 720w, https:\/\/www.honlufoodtrailer.com\/wp-content\/uploads\/2022\/02\/Detail-image-Black-square-food-trailer-21-8177-768x576.jpg 768w\" sizes=\"(max-width: 1440px) 100vw, 1440px\" \/><figcaption id=\"caption-attachment-2776\" class=\"wp-caption-text\">Immagine dettagliata - Rimorchio per alimenti quadrato nero - 21-8177<\/figcaption><\/figure>\n<h3 class=\"magic-6\" data-spm-anchor-id=\"a2700.wholesale.0.i28.29e52808agqc7f\">Caratteristiche principali del food truck quadrato nero<\/h3>\n<div class=\"magic-7\">\n<div class=\"magic-8\">\n<div class=\"magic-9\" data-id=\"paragraph0\">\n<ol>\n<li>L'aspetto alla moda pu\u00f2 essere personalizzato;<\/li>\n<li>Struttura interna e corpo del rimorchio in acciaio inox, buona resistenza al calore, all'usura e alla corrosione;<\/li>\n<li>Accessori moderni e avanzati di cui \u00e8 dotato il rimorchio alimentare mobile;<\/li>\n<li>\u00c8 resistente agli urti e alla corrosione, inoltre possiede caratteristiche di resistenza al calore e alta resistenza meccanica, elevata solidit\u00e0 del colore, indeformabilit\u00e0, impermeabilit\u00e0 e lunga durata;<\/li>\n<\/ol>\n<h3>Forniamo disegni di planimetrie 2D\/3D gratuiti<\/h3>\n<p>Per i clienti che hanno ordinato i nostri food truck, offriamo gratuitamente la progettazione e i disegni 2D\/3D. Ci\u00f2 significa che, dopo aver confermato le dimensioni del food truck e le attrezzature interne della cucina, possiamo fornirvi gratuitamente i disegni 3D. Questo vi dar\u00e0 un&#039;idea pi\u00f9 chiara del design e del vostro food truck. Una volta confermata la posizione delle attrezzature da cucina, potremo comunicare in modo chiaro con voi attraverso la planimetria. Possiamo anche fornirvi i documenti originali per facilitare la progettazione e apportare eventuali modifiche.<\/p>\n<\/div>\n<\/div>\n<\/div>","protected":false},"excerpt":{"rendered":"<p>Questo \u00e8 un food truck standard nero di forma quadrata, lungo 4 metri. L&#039;intero veicolo \u00e8 realizzato in acciaio inossidabile, con carrozzeria e piano di lavoro inclusi. \u00c8 ideale per la vendita di qualsiasi prodotto, dagli hot dog ai prodotti da forno, dai fiori ai panini, dal caff\u00e8 ai gelati. \u00c8 un modello molto apprezzato dai nostri clienti. Se siete interessati a questo food truck, siamo a vostra disposizione per aiutarvi ad avviare la vostra attivit\u00e0 di ristorazione mobile. <strong>Clicca sulle seguenti schede per visualizzare maggiori dettagli su questo food truck!\u00a0<\/strong> Inoltre, possiamo realizzare un food truck simile a questo o personalizzarne uno per te. Non esitare a contattarci subito!<\/p>","protected":false},"featured_media":2777,"template":"","meta":{"_themeisle_gutenberg_block_has_review":false},"product_brand":[],"product_cat":[26],"product_tag":[33,45,38,50],"class_list":{"0":"post-2774","1":"product","2":"type-product","3":"status-publish","4":"has-post-thumbnail","6":"product_cat-product","7":"product_tag-customized-trailer","8":"product_tag-large-food-trailer","9":"product_tag-mobile-food-trailer","10":"product_tag-standard-configuration","12":"first","13":"instock","14":"shipping-taxable","15":"product-type-simple"},"yoast_head":"<!-- This site is optimized with the Yoast SEO plugin v27.4 - https:\/\/yoast.com\/product\/yoast-seo-wordpress\/ -->\n<title>4m Black Square Food Trailer Fom China - Honlu Food Trailer<\/title>\n<meta name=\"description\" content=\"This is a standard black square food trailer. The whole vehicle adopts stainless steel body and operating table. It can be applied for selling anything from hot dogs, retail operations, flower operations, sandwiches, coffee, ice cream, etc. We have CE certified to help you to start a mobile business.\" \/>\n<meta name=\"robots\" content=\"index, follow, max-snippet:-1, max-image-preview:large, max-video-preview:-1\" \/>\n<link rel=\"canonical\" href=\"https:\/\/www.honlufoodtrailer.com\/it\/product\/black-square-food-trailer\/\" \/>\n<meta property=\"og:locale\" content=\"it_IT\" \/>\n<meta property=\"og:type\" content=\"article\" \/>\n<meta property=\"og:title\" content=\"4m Black Square Food Trailer Fom China - Honlu Food Trailer\" \/>\n<meta property=\"og:description\" content=\"This is a standard black square food trailer. The whole vehicle adopts stainless steel body and operating table. It can be applied for selling anything from hot dogs, retail operations, flower operations, sandwiches, coffee, ice cream, etc. We have CE certified to help you to start a mobile business.\" \/>\n<meta property=\"og:url\" content=\"https:\/\/www.honlufoodtrailer.com\/it\/product\/black-square-food-trailer\/\" \/>\n<meta property=\"og:site_name\" content=\"Honlu food trailer\" \/>\n<meta property=\"article:modified_time\" content=\"2024-09-23T06:06:12+00:00\" \/>\n<meta property=\"og:image\" content=\"https:\/\/www.honlufoodtrailer.com\/wp-content\/uploads\/2022\/02\/Black-square-food-trailer-21-8177-1.jpg\" \/>\n\t<meta property=\"og:image:width\" content=\"720\" \/>\n\t<meta property=\"og:image:height\" content=\"540\" \/>\n\t<meta property=\"og:image:type\" content=\"image\/jpeg\" \/>\n<meta name=\"twitter:card\" content=\"summary_large_image\" \/>\n<meta name=\"twitter:label1\" content=\"Tempo di lettura stimato\" \/>\n\t<meta name=\"twitter:data1\" content=\"2 minuti\" \/>\n<script type=\"application\/ld+json\" class=\"yoast-schema-graph\">{\"@context\":\"https:\\\/\\\/schema.org\",\"@graph\":[{\"@type\":\"WebPage\",\"@id\":\"https:\\\/\\\/www.honlufoodtrailer.com\\\/product\\\/black-square-food-trailer\\\/\",\"url\":\"https:\\\/\\\/www.honlufoodtrailer.com\\\/product\\\/black-square-food-trailer\\\/\",\"name\":\"4m Black Square Food Trailer Fom China - Honlu Food Trailer\",\"isPartOf\":{\"@id\":\"https:\\\/\\\/www.honlufoodtrailer.com\\\/#website\"},\"primaryImageOfPage\":{\"@id\":\"https:\\\/\\\/www.honlufoodtrailer.com\\\/product\\\/black-square-food-trailer\\\/#primaryimage\"},\"image\":{\"@id\":\"https:\\\/\\\/www.honlufoodtrailer.com\\\/product\\\/black-square-food-trailer\\\/#primaryimage\"},\"thumbnailUrl\":\"https:\\\/\\\/www.honlufoodtrailer.com\\\/wp-content\\\/uploads\\\/2022\\\/02\\\/Black-square-food-trailer-21-8177-1.jpg\",\"datePublished\":\"2022-02-09T08:11:08+00:00\",\"dateModified\":\"2024-09-23T06:06:12+00:00\",\"description\":\"This is a standard black square food trailer. The whole vehicle adopts stainless steel body and operating table. It can be applied for selling anything from hot dogs, retail operations, flower operations, sandwiches, coffee, ice cream, etc. We have CE certified to help you to start a mobile business.\",\"breadcrumb\":{\"@id\":\"https:\\\/\\\/www.honlufoodtrailer.com\\\/product\\\/black-square-food-trailer\\\/#breadcrumb\"},\"inLanguage\":\"it-IT\",\"potentialAction\":[{\"@type\":\"ReadAction\",\"target\":[\"https:\\\/\\\/www.honlufoodtrailer.com\\\/product\\\/black-square-food-trailer\\\/\"]}]},{\"@type\":\"ImageObject\",\"inLanguage\":\"it-IT\",\"@id\":\"https:\\\/\\\/www.honlufoodtrailer.com\\\/product\\\/black-square-food-trailer\\\/#primaryimage\",\"url\":\"https:\\\/\\\/www.honlufoodtrailer.com\\\/wp-content\\\/uploads\\\/2022\\\/02\\\/Black-square-food-trailer-21-8177-1.jpg\",\"contentUrl\":\"https:\\\/\\\/www.honlufoodtrailer.com\\\/wp-content\\\/uploads\\\/2022\\\/02\\\/Black-square-food-trailer-21-8177-1.jpg\",\"width\":720,\"height\":540,\"caption\":\"Black square food trailer-21-8177 (1)\"},{\"@type\":\"BreadcrumbList\",\"@id\":\"https:\\\/\\\/www.honlufoodtrailer.com\\\/product\\\/black-square-food-trailer\\\/#breadcrumb\",\"itemListElement\":[{\"@type\":\"ListItem\",\"position\":1,\"name\":\"Home\",\"item\":\"https:\\\/\\\/www.honlufoodtrailer.com\\\/\"},{\"@type\":\"ListItem\",\"position\":2,\"name\":\"\u4ea7\u54c1\",\"item\":\"https:\\\/\\\/www.honlufoodtrailer.com\\\/shop\\\/\"},{\"@type\":\"ListItem\",\"position\":3,\"name\":\"4m Black Square Food Trailer\"}]},{\"@type\":\"WebSite\",\"@id\":\"https:\\\/\\\/www.honlufoodtrailer.com\\\/#website\",\"url\":\"https:\\\/\\\/www.honlufoodtrailer.com\\\/\",\"name\":\"Honlu food trailer\",\"description\":\"\",\"publisher\":{\"@id\":\"https:\\\/\\\/www.honlufoodtrailer.com\\\/#organization\"},\"potentialAction\":[{\"@type\":\"SearchAction\",\"target\":{\"@type\":\"EntryPoint\",\"urlTemplate\":\"https:\\\/\\\/www.honlufoodtrailer.com\\\/?s={search_term_string}\"},\"query-input\":{\"@type\":\"PropertyValueSpecification\",\"valueRequired\":true,\"valueName\":\"search_term_string\"}}],\"inLanguage\":\"it-IT\"},{\"@type\":\"Organization\",\"@id\":\"https:\\\/\\\/www.honlufoodtrailer.com\\\/#organization\",\"name\":\"Honlu food trailer\",\"url\":\"https:\\\/\\\/www.honlufoodtrailer.com\\\/\",\"logo\":{\"@type\":\"ImageObject\",\"inLanguage\":\"it-IT\",\"@id\":\"https:\\\/\\\/www.honlufoodtrailer.com\\\/#\\\/schema\\\/logo\\\/image\\\/\",\"url\":\"https:\\\/\\\/www.honlufoodtrailer.com\\\/wp-content\\\/uploads\\\/2021\\\/12\\\/2.gif\",\"contentUrl\":\"https:\\\/\\\/www.honlufoodtrailer.com\\\/wp-content\\\/uploads\\\/2021\\\/12\\\/2.gif\",\"width\":350,\"height\":100,\"caption\":\"Honlu food trailer\"},\"image\":{\"@id\":\"https:\\\/\\\/www.honlufoodtrailer.com\\\/#\\\/schema\\\/logo\\\/image\\\/\"}}]}<\/script>\n<!-- \/ Yoast SEO plugin. -->","yoast_head_json":{"title":"Rimorchio per alimenti quadrato nero da 4 m proveniente dalla Cina - Honlu Food Trailer","description":"Questo \u00e8 un food truck standard di forma quadrata e di colore nero. L&#039;intero veicolo \u00e8 realizzato in acciaio inossidabile, con carrozzeria e piano di lavoro in acciaio. \u00c8 adatto alla vendita di qualsiasi prodotto, dagli hot dog al commercio al dettaglio, dalla vendita di fiori ai panini, dal caff\u00e8 al gelato, ecc. \u00c8 dotato di certificazione CE per aiutarti ad avviare la tua attivit\u00e0 di ristorazione mobile.","robots":{"index":"index","follow":"follow","max-snippet":"max-snippet:-1","max-image-preview":"max-image-preview:large","max-video-preview":"max-video-preview:-1"},"canonical":"https:\/\/www.honlufoodtrailer.com\/it\/product\/black-square-food-trailer\/","og_locale":"it_IT","og_type":"article","og_title":"4m Black Square Food Trailer Fom China - Honlu Food Trailer","og_description":"This is a standard black square food trailer. The whole vehicle adopts stainless steel body and operating table. It can be applied for selling anything from hot dogs, retail operations, flower operations, sandwiches, coffee, ice cream, etc. We have CE certified to help you to start a mobile business.","og_url":"https:\/\/www.honlufoodtrailer.com\/it\/product\/black-square-food-trailer\/","og_site_name":"Honlu food trailer","article_modified_time":"2024-09-23T06:06:12+00:00","og_image":[{"width":720,"height":540,"url":"https:\/\/www.honlufoodtrailer.com\/wp-content\/uploads\/2022\/02\/Black-square-food-trailer-21-8177-1.jpg","type":"image\/jpeg"}],"twitter_card":"summary_large_image","twitter_misc":{"Tempo di lettura stimato":"2 minuti"},"schema":{"@context":"https:\/\/schema.org","@graph":[{"@type":"WebPage","@id":"https:\/\/www.honlufoodtrailer.com\/product\/black-square-food-trailer\/","url":"https:\/\/www.honlufoodtrailer.com\/product\/black-square-food-trailer\/","name":"Rimorchio per alimenti quadrato nero da 4 m proveniente dalla Cina - Honlu Food Trailer","isPartOf":{"@id":"https:\/\/www.honlufoodtrailer.com\/#website"},"primaryImageOfPage":{"@id":"https:\/\/www.honlufoodtrailer.com\/product\/black-square-food-trailer\/#primaryimage"},"image":{"@id":"https:\/\/www.honlufoodtrailer.com\/product\/black-square-food-trailer\/#primaryimage"},"thumbnailUrl":"https:\/\/www.honlufoodtrailer.com\/wp-content\/uploads\/2022\/02\/Black-square-food-trailer-21-8177-1.jpg","datePublished":"2022-02-09T08:11:08+00:00","dateModified":"2024-09-23T06:06:12+00:00","description":"Questo \u00e8 un food truck standard di forma quadrata e di colore nero. L&#039;intero veicolo \u00e8 realizzato in acciaio inossidabile, con carrozzeria e piano di lavoro in acciaio. \u00c8 adatto alla vendita di qualsiasi prodotto, dagli hot dog al commercio al dettaglio, dalla vendita di fiori ai panini, dal caff\u00e8 al gelato, ecc. \u00c8 dotato di certificazione CE per aiutarti ad avviare la tua attivit\u00e0 di ristorazione mobile.","breadcrumb":{"@id":"https:\/\/www.honlufoodtrailer.com\/product\/black-square-food-trailer\/#breadcrumb"},"inLanguage":"it-IT","potentialAction":[{"@type":"ReadAction","target":["https:\/\/www.honlufoodtrailer.com\/product\/black-square-food-trailer\/"]}]},{"@type":"ImageObject","inLanguage":"it-IT","@id":"https:\/\/www.honlufoodtrailer.com\/product\/black-square-food-trailer\/#primaryimage","url":"https:\/\/www.honlufoodtrailer.com\/wp-content\/uploads\/2022\/02\/Black-square-food-trailer-21-8177-1.jpg","contentUrl":"https:\/\/www.honlufoodtrailer.com\/wp-content\/uploads\/2022\/02\/Black-square-food-trailer-21-8177-1.jpg","width":720,"height":540,"caption":"Black square food trailer-21-8177 (1)"},{"@type":"BreadcrumbList","@id":"https:\/\/www.honlufoodtrailer.com\/product\/black-square-food-trailer\/#breadcrumb","itemListElement":[{"@type":"ListItem","position":1,"name":"Home","item":"https:\/\/www.honlufoodtrailer.com\/"},{"@type":"ListItem","position":2,"name":"\u4ea7\u54c1","item":"https:\/\/www.honlufoodtrailer.com\/shop\/"},{"@type":"ListItem","position":3,"name":"4m Black Square Food Trailer"}]},{"@type":"WebSite","@id":"https:\/\/www.honlufoodtrailer.com\/#website","url":"https:\/\/www.honlufoodtrailer.com\/","name":"Rimorchio alimentare Honlu","description":"","publisher":{"@id":"https:\/\/www.honlufoodtrailer.com\/#organization"},"potentialAction":[{"@type":"SearchAction","target":{"@type":"EntryPoint","urlTemplate":"https:\/\/www.honlufoodtrailer.com\/?s={search_term_string}"},"query-input":{"@type":"PropertyValueSpecification","valueRequired":true,"valueName":"search_term_string"}}],"inLanguage":"it-IT"},{"@type":"Organization","@id":"https:\/\/www.honlufoodtrailer.com\/#organization","name":"Rimorchio alimentare Honlu","url":"https:\/\/www.honlufoodtrailer.com\/","logo":{"@type":"ImageObject","inLanguage":"it-IT","@id":"https:\/\/www.honlufoodtrailer.com\/#\/schema\/logo\/image\/","url":"https:\/\/www.honlufoodtrailer.com\/wp-content\/uploads\/2021\/12\/2.gif","contentUrl":"https:\/\/www.honlufoodtrailer.com\/wp-content\/uploads\/2021\/12\/2.gif","width":350,"height":100,"caption":"Honlu food trailer"},"image":{"@id":"https:\/\/www.honlufoodtrailer.com\/#\/schema\/logo\/image\/"}}]}},"_links":{"self":[{"href":"https:\/\/www.honlufoodtrailer.com\/it\/wp-json\/wp\/v2\/product\/2774","targetHints":{"allow":["GET"]}}],"collection":[{"href":"https:\/\/www.honlufoodtrailer.com\/it\/wp-json\/wp\/v2\/product"}],"about":[{"href":"https:\/\/www.honlufoodtrailer.com\/it\/wp-json\/wp\/v2\/types\/product"}],"version-history":[{"count":7,"href":"https:\/\/www.honlufoodtrailer.com\/it\/wp-json\/wp\/v2\/product\/2774\/revisions"}],"predecessor-version":[{"id":7975,"href":"https:\/\/www.honlufoodtrailer.com\/it\/wp-json\/wp\/v2\/product\/2774\/revisions\/7975"}],"wp:featuredmedia":[{"embeddable":true,"href":"https:\/\/www.honlufoodtrailer.com\/it\/wp-json\/wp\/v2\/media\/2777"}],"wp:attachment":[{"href":"https:\/\/www.honlufoodtrailer.com\/it\/wp-json\/wp\/v2\/media?parent=2774"}],"wp:term":[{"taxonomy":"product_brand","embeddable":true,"href":"https:\/\/www.honlufoodtrailer.com\/it\/wp-json\/wp\/v2\/product_brand?post=2774"},{"taxonomy":"product_cat","embeddable":true,"href":"https:\/\/www.honlufoodtrailer.com\/it\/wp-json\/wp\/v2\/product_cat?post=2774"},{"taxonomy":"product_tag","embeddable":true,"href":"https:\/\/www.honlufoodtrailer.com\/it\/wp-json\/wp\/v2\/product_tag?post=2774"}],"curies":[{"name":"wp","href":"https:\/\/api.w.org\/{rel}","templated":true}]}}