{"id":3342,"date":"2022-03-08T14:47:37","date_gmt":"2022-03-08T06:47:37","guid":{"rendered":"https:\/\/www.honlufoodtrailer.com\/?post_type=product&#038;p=3342"},"modified":"2024-10-28T18:28:45","modified_gmt":"2024-10-28T10:28:45","slug":"3-5m-arc-style-food-trailer","status":"publish","type":"product","link":"https:\/\/www.honlufoodtrailer.com\/it\/product\/3-5m-arc-style-food-trailer\/","title":{"rendered":"Rimorchio per alimenti in stile arco da 3,5 m"},"content":{"rendered":"<p data-spm-anchor-id=\"a2700.wholesale.0.i28.29e52808agqc7f\">Si tratta di un mini rimorchio per alimenti ad arco da 3,5 m. Utilizza plastica rinforzata con fibra di vetro come materiale principale per la superficie esterna e il piano di lavoro interno \u00e8 in acciaio inossidabile. In base alle esigenze del cliente, abbiamo personalizzato tutti i lati di questo rimorchio con adesivi e aggiunto finestre scorrevoli in aggiunta a quelle a scomparsa.<\/p>\n<p>L&#039;intero rimorchio per alimenti \u00e8 compatto e facile da usare. Inoltre, ha un prezzo competitivo. Pertanto, \u00e8 un&#039;ottima scelta per i principianti che vogliono avviare un&#039;attivit\u00e0 di fast food. Inoltre, abbiamo la certificazione CE per aiutarti ad avviare un&#039;attivit\u00e0 di ristorazione mobile.<\/p>\n<p>Questo rimorchio \u00e8 composto da telaio, carrozzeria, pavimento, tavolo da lavoro, impianto idrico e impianto elettrico. Gli utenti possono anche scegliere il colore desiderato. Vorremmo acquistare altri tipi di attrezzature in base alle esigenze dei clienti.<\/p>\n<h3 class=\"magic-6\" data-spm-anchor-id=\"a2700.wholesale.0.i28.29e52808agqc7f\">Caratteristiche principali del rimorchio per alimenti Arc Style da 3,5 M<\/h3>\n<div class=\"magic-7\">\n<div class=\"magic-8\">\n<div class=\"magic-9\" data-id=\"paragraph0\">\n<ol>\n<li>Aspetto alla moda, adesivi personalizzati dall&#039;aspetto attraente;<\/li>\n<li>Materiale in fibra di vetro, pi\u00f9 leggero e pi\u00f9 resistente, con vantaggi di resistenza alla corrosione, isolamento, conservazione del calore, isolamento acustico, ecc.;<\/li>\n<li>Accessori moderni e avanzati in dotazione al carrello portavivande mobile;<\/li>\n<li>Comodo e facile da spostare;<\/li>\n<li>Finestre scorrevoli personalizzate per soddisfare le esigenze del cliente;<\/li>\n<li>Siamo lieti di modificarlo in base alle vostre esigenze.<\/li>\n<\/ol>\n<h3>Disegno gratuito della planimetria 2D\/3D<\/h3>\n<p>Dopo aver confermato le dimensioni del carrello portavivande e le attrezzature interne della cucina, possiamo fornirvi gratuitamente dei disegni in 3D. Questo vi dar\u00e0 un'idea pi\u00f9 chiara del vostro progetto e del vostro carrello portavivande. Quando confermiamo la posizione delle attrezzature da cucina, possiamo comunicare chiaramente con voi attraverso la planimetria. Possiamo anche fornirvi i documenti originali per facilitare il vostro progetto e apportare modifiche.<\/p>\n<\/div>\n<\/div>\n<\/div>","protected":false},"excerpt":{"rendered":"<p>Questo \u00e8 uno dei nostri rimorchi per alimenti rotondi personalizzati da 3,5 m, con la parte superiore anteriore e posteriore progettata con un piccolo arco. Questo modello ha lo stesso stile del rimorchio zincato da otto metri; il cliente pu\u00f2 scegliere due diverse lunghezze in base alle proprie esigenze. Questo rimorchio per alimenti da 3,5 m \u00e8 inoltre dotato di una ventola di scarico ad alta potenza nella parte superiore e di una piccola finestra nella parte anteriore.<\/p>","protected":false},"featured_media":3343,"template":"","meta":{"_themeisle_gutenberg_block_has_review":false},"product_brand":[],"product_cat":[26],"product_tag":[33,41,45,38],"class_list":{"0":"post-3342","1":"product","2":"type-product","3":"status-publish","4":"has-post-thumbnail","6":"product_cat-product","7":"product_tag-customized-trailer","8":"product_tag-galvanized-trailer","9":"product_tag-large-food-trailer","10":"product_tag-mobile-food-trailer","12":"first","13":"instock","14":"shipping-taxable","15":"product-type-simple"},"yoast_head":"<!-- This site is optimized with the Yoast SEO plugin v27.4 - https:\/\/yoast.com\/product\/yoast-seo-wordpress\/ -->\n<title>3.5M Arc Style Food Trailer - Henan Honlu Machinery Equipment Co., Ltd<\/title>\n<meta name=\"description\" content=\"This is one of our custom 3.5M arc style food trailers, the top of the front and rear are designed with a small arc. A good choice for beginners.\" \/>\n<meta name=\"robots\" content=\"index, follow, max-snippet:-1, max-image-preview:large, max-video-preview:-1\" \/>\n<link rel=\"canonical\" href=\"https:\/\/www.honlufoodtrailer.com\/it\/product\/3-5m-arc-style-food-trailer\/\" \/>\n<meta property=\"og:locale\" content=\"it_IT\" \/>\n<meta property=\"og:type\" content=\"article\" \/>\n<meta property=\"og:title\" content=\"3.5M Arc Style Food Trailer - Henan Honlu Machinery Equipment Co., Ltd\" \/>\n<meta property=\"og:description\" content=\"This is one of our custom 3.5M arc style food trailers, the top of the front and rear are designed with a small arc. A good choice for beginners.\" \/>\n<meta property=\"og:url\" content=\"https:\/\/www.honlufoodtrailer.com\/it\/product\/3-5m-arc-style-food-trailer\/\" \/>\n<meta property=\"og:site_name\" content=\"Honlu food trailer\" \/>\n<meta property=\"article:modified_time\" content=\"2024-10-28T10:28:45+00:00\" \/>\n<meta property=\"og:image\" content=\"https:\/\/www.honlufoodtrailer.com\/wp-content\/uploads\/2022\/03\/3.5M-arc-style-food-trailer-1.jpg\" \/>\n\t<meta property=\"og:image:width\" content=\"720\" \/>\n\t<meta property=\"og:image:height\" content=\"540\" \/>\n\t<meta property=\"og:image:type\" content=\"image\/jpeg\" \/>\n<meta name=\"twitter:card\" content=\"summary_large_image\" \/>\n<meta name=\"twitter:label1\" content=\"Tempo di lettura stimato\" \/>\n\t<meta name=\"twitter:data1\" content=\"2 minuti\" \/>\n<script type=\"application\/ld+json\" class=\"yoast-schema-graph\">{\"@context\":\"https:\\\/\\\/schema.org\",\"@graph\":[{\"@type\":\"WebPage\",\"@id\":\"https:\\\/\\\/www.honlufoodtrailer.com\\\/product\\\/3-5m-arc-style-food-trailer\\\/\",\"url\":\"https:\\\/\\\/www.honlufoodtrailer.com\\\/product\\\/3-5m-arc-style-food-trailer\\\/\",\"name\":\"3.5M Arc Style Food Trailer - Henan Honlu Machinery Equipment Co., Ltd\",\"isPartOf\":{\"@id\":\"https:\\\/\\\/www.honlufoodtrailer.com\\\/#website\"},\"primaryImageOfPage\":{\"@id\":\"https:\\\/\\\/www.honlufoodtrailer.com\\\/product\\\/3-5m-arc-style-food-trailer\\\/#primaryimage\"},\"image\":{\"@id\":\"https:\\\/\\\/www.honlufoodtrailer.com\\\/product\\\/3-5m-arc-style-food-trailer\\\/#primaryimage\"},\"thumbnailUrl\":\"https:\\\/\\\/www.honlufoodtrailer.com\\\/wp-content\\\/uploads\\\/2022\\\/03\\\/3.5M-arc-style-food-trailer-1.jpg\",\"datePublished\":\"2022-03-08T06:47:37+00:00\",\"dateModified\":\"2024-10-28T10:28:45+00:00\",\"description\":\"This is one of our custom 3.5M arc style food trailers, the top of the front and rear are designed with a small arc. A good choice for beginners.\",\"breadcrumb\":{\"@id\":\"https:\\\/\\\/www.honlufoodtrailer.com\\\/product\\\/3-5m-arc-style-food-trailer\\\/#breadcrumb\"},\"inLanguage\":\"it-IT\",\"potentialAction\":[{\"@type\":\"ReadAction\",\"target\":[\"https:\\\/\\\/www.honlufoodtrailer.com\\\/product\\\/3-5m-arc-style-food-trailer\\\/\"]}]},{\"@type\":\"ImageObject\",\"inLanguage\":\"it-IT\",\"@id\":\"https:\\\/\\\/www.honlufoodtrailer.com\\\/product\\\/3-5m-arc-style-food-trailer\\\/#primaryimage\",\"url\":\"https:\\\/\\\/www.honlufoodtrailer.com\\\/wp-content\\\/uploads\\\/2022\\\/03\\\/3.5M-arc-style-food-trailer-1.jpg\",\"contentUrl\":\"https:\\\/\\\/www.honlufoodtrailer.com\\\/wp-content\\\/uploads\\\/2022\\\/03\\\/3.5M-arc-style-food-trailer-1.jpg\",\"width\":720,\"height\":540,\"caption\":\"3.5M arc style food trailer (1)\"},{\"@type\":\"BreadcrumbList\",\"@id\":\"https:\\\/\\\/www.honlufoodtrailer.com\\\/product\\\/3-5m-arc-style-food-trailer\\\/#breadcrumb\",\"itemListElement\":[{\"@type\":\"ListItem\",\"position\":1,\"name\":\"Home\",\"item\":\"https:\\\/\\\/www.honlufoodtrailer.com\\\/\"},{\"@type\":\"ListItem\",\"position\":2,\"name\":\"\u4ea7\u54c1\",\"item\":\"https:\\\/\\\/www.honlufoodtrailer.com\\\/shop\\\/\"},{\"@type\":\"ListItem\",\"position\":3,\"name\":\"3.5M Arc Style Food Trailer\"}]},{\"@type\":\"WebSite\",\"@id\":\"https:\\\/\\\/www.honlufoodtrailer.com\\\/#website\",\"url\":\"https:\\\/\\\/www.honlufoodtrailer.com\\\/\",\"name\":\"Honlu food trailer\",\"description\":\"\",\"publisher\":{\"@id\":\"https:\\\/\\\/www.honlufoodtrailer.com\\\/#organization\"},\"potentialAction\":[{\"@type\":\"SearchAction\",\"target\":{\"@type\":\"EntryPoint\",\"urlTemplate\":\"https:\\\/\\\/www.honlufoodtrailer.com\\\/?s={search_term_string}\"},\"query-input\":{\"@type\":\"PropertyValueSpecification\",\"valueRequired\":true,\"valueName\":\"search_term_string\"}}],\"inLanguage\":\"it-IT\"},{\"@type\":\"Organization\",\"@id\":\"https:\\\/\\\/www.honlufoodtrailer.com\\\/#organization\",\"name\":\"Honlu food trailer\",\"url\":\"https:\\\/\\\/www.honlufoodtrailer.com\\\/\",\"logo\":{\"@type\":\"ImageObject\",\"inLanguage\":\"it-IT\",\"@id\":\"https:\\\/\\\/www.honlufoodtrailer.com\\\/#\\\/schema\\\/logo\\\/image\\\/\",\"url\":\"https:\\\/\\\/www.honlufoodtrailer.com\\\/wp-content\\\/uploads\\\/2021\\\/12\\\/2.gif\",\"contentUrl\":\"https:\\\/\\\/www.honlufoodtrailer.com\\\/wp-content\\\/uploads\\\/2021\\\/12\\\/2.gif\",\"width\":350,\"height\":100,\"caption\":\"Honlu food trailer\"},\"image\":{\"@id\":\"https:\\\/\\\/www.honlufoodtrailer.com\\\/#\\\/schema\\\/logo\\\/image\\\/\"}}]}<\/script>\n<!-- \/ Yoast SEO plugin. -->","yoast_head_json":{"title":"Rimorchio per alimenti ad arco da 3,5 m - Henan Honlu Machinery Equipment Co., Ltd","description":"Questo \u00e8 uno dei nostri rimorchi per alimenti personalizzati con struttura ad arco da 3,5 m; la parte superiore anteriore e posteriore sono progettate con un piccolo arco. Un&#039;ottima scelta per i principianti.","robots":{"index":"index","follow":"follow","max-snippet":"max-snippet:-1","max-image-preview":"max-image-preview:large","max-video-preview":"max-video-preview:-1"},"canonical":"https:\/\/www.honlufoodtrailer.com\/it\/product\/3-5m-arc-style-food-trailer\/","og_locale":"it_IT","og_type":"article","og_title":"3.5M Arc Style Food Trailer - Henan Honlu Machinery Equipment Co., Ltd","og_description":"This is one of our custom 3.5M arc style food trailers, the top of the front and rear are designed with a small arc. A good choice for beginners.","og_url":"https:\/\/www.honlufoodtrailer.com\/it\/product\/3-5m-arc-style-food-trailer\/","og_site_name":"Honlu food trailer","article_modified_time":"2024-10-28T10:28:45+00:00","og_image":[{"width":720,"height":540,"url":"https:\/\/www.honlufoodtrailer.com\/wp-content\/uploads\/2022\/03\/3.5M-arc-style-food-trailer-1.jpg","type":"image\/jpeg"}],"twitter_card":"summary_large_image","twitter_misc":{"Tempo di lettura stimato":"2 minuti"},"schema":{"@context":"https:\/\/schema.org","@graph":[{"@type":"WebPage","@id":"https:\/\/www.honlufoodtrailer.com\/product\/3-5m-arc-style-food-trailer\/","url":"https:\/\/www.honlufoodtrailer.com\/product\/3-5m-arc-style-food-trailer\/","name":"Rimorchio per alimenti ad arco da 3,5 m - Henan Honlu Machinery Equipment Co., Ltd","isPartOf":{"@id":"https:\/\/www.honlufoodtrailer.com\/#website"},"primaryImageOfPage":{"@id":"https:\/\/www.honlufoodtrailer.com\/product\/3-5m-arc-style-food-trailer\/#primaryimage"},"image":{"@id":"https:\/\/www.honlufoodtrailer.com\/product\/3-5m-arc-style-food-trailer\/#primaryimage"},"thumbnailUrl":"https:\/\/www.honlufoodtrailer.com\/wp-content\/uploads\/2022\/03\/3.5M-arc-style-food-trailer-1.jpg","datePublished":"2022-03-08T06:47:37+00:00","dateModified":"2024-10-28T10:28:45+00:00","description":"Questo \u00e8 uno dei nostri rimorchi per alimenti personalizzati con struttura ad arco da 3,5 m; la parte superiore anteriore e posteriore sono progettate con un piccolo arco. Un&#039;ottima scelta per i principianti.","breadcrumb":{"@id":"https:\/\/www.honlufoodtrailer.com\/product\/3-5m-arc-style-food-trailer\/#breadcrumb"},"inLanguage":"it-IT","potentialAction":[{"@type":"ReadAction","target":["https:\/\/www.honlufoodtrailer.com\/product\/3-5m-arc-style-food-trailer\/"]}]},{"@type":"ImageObject","inLanguage":"it-IT","@id":"https:\/\/www.honlufoodtrailer.com\/product\/3-5m-arc-style-food-trailer\/#primaryimage","url":"https:\/\/www.honlufoodtrailer.com\/wp-content\/uploads\/2022\/03\/3.5M-arc-style-food-trailer-1.jpg","contentUrl":"https:\/\/www.honlufoodtrailer.com\/wp-content\/uploads\/2022\/03\/3.5M-arc-style-food-trailer-1.jpg","width":720,"height":540,"caption":"3.5M arc style food trailer (1)"},{"@type":"BreadcrumbList","@id":"https:\/\/www.honlufoodtrailer.com\/product\/3-5m-arc-style-food-trailer\/#breadcrumb","itemListElement":[{"@type":"ListItem","position":1,"name":"Home","item":"https:\/\/www.honlufoodtrailer.com\/"},{"@type":"ListItem","position":2,"name":"\u4ea7\u54c1","item":"https:\/\/www.honlufoodtrailer.com\/shop\/"},{"@type":"ListItem","position":3,"name":"3.5M Arc Style Food Trailer"}]},{"@type":"WebSite","@id":"https:\/\/www.honlufoodtrailer.com\/#website","url":"https:\/\/www.honlufoodtrailer.com\/","name":"Rimorchio alimentare Honlu","description":"","publisher":{"@id":"https:\/\/www.honlufoodtrailer.com\/#organization"},"potentialAction":[{"@type":"SearchAction","target":{"@type":"EntryPoint","urlTemplate":"https:\/\/www.honlufoodtrailer.com\/?s={search_term_string}"},"query-input":{"@type":"PropertyValueSpecification","valueRequired":true,"valueName":"search_term_string"}}],"inLanguage":"it-IT"},{"@type":"Organization","@id":"https:\/\/www.honlufoodtrailer.com\/#organization","name":"Rimorchio alimentare Honlu","url":"https:\/\/www.honlufoodtrailer.com\/","logo":{"@type":"ImageObject","inLanguage":"it-IT","@id":"https:\/\/www.honlufoodtrailer.com\/#\/schema\/logo\/image\/","url":"https:\/\/www.honlufoodtrailer.com\/wp-content\/uploads\/2021\/12\/2.gif","contentUrl":"https:\/\/www.honlufoodtrailer.com\/wp-content\/uploads\/2021\/12\/2.gif","width":350,"height":100,"caption":"Honlu food trailer"},"image":{"@id":"https:\/\/www.honlufoodtrailer.com\/#\/schema\/logo\/image\/"}}]}},"_links":{"self":[{"href":"https:\/\/www.honlufoodtrailer.com\/it\/wp-json\/wp\/v2\/product\/3342","targetHints":{"allow":["GET"]}}],"collection":[{"href":"https:\/\/www.honlufoodtrailer.com\/it\/wp-json\/wp\/v2\/product"}],"about":[{"href":"https:\/\/www.honlufoodtrailer.com\/it\/wp-json\/wp\/v2\/types\/product"}],"version-history":[{"count":3,"href":"https:\/\/www.honlufoodtrailer.com\/it\/wp-json\/wp\/v2\/product\/3342\/revisions"}],"predecessor-version":[{"id":7943,"href":"https:\/\/www.honlufoodtrailer.com\/it\/wp-json\/wp\/v2\/product\/3342\/revisions\/7943"}],"wp:featuredmedia":[{"embeddable":true,"href":"https:\/\/www.honlufoodtrailer.com\/it\/wp-json\/wp\/v2\/media\/3343"}],"wp:attachment":[{"href":"https:\/\/www.honlufoodtrailer.com\/it\/wp-json\/wp\/v2\/media?parent=3342"}],"wp:term":[{"taxonomy":"product_brand","embeddable":true,"href":"https:\/\/www.honlufoodtrailer.com\/it\/wp-json\/wp\/v2\/product_brand?post=3342"},{"taxonomy":"product_cat","embeddable":true,"href":"https:\/\/www.honlufoodtrailer.com\/it\/wp-json\/wp\/v2\/product_cat?post=3342"},{"taxonomy":"product_tag","embeddable":true,"href":"https:\/\/www.honlufoodtrailer.com\/it\/wp-json\/wp\/v2\/product_tag?post=3342"}],"curies":[{"name":"wp","href":"https:\/\/api.w.org\/{rel}","templated":true}]}}