{"id":3486,"date":"2022-03-16T17:12:13","date_gmt":"2022-03-16T09:12:13","guid":{"rendered":"https:\/\/www.honlufoodtrailer.com\/?post_type=product&#038;p=3486"},"modified":"2024-03-22T17:20:36","modified_gmt":"2024-03-22T09:20:36","slug":"customized-5m-black-square-trailer","status":"publish","type":"product","link":"https:\/\/www.honlufoodtrailer.com\/it\/product\/customized-5m-black-square-trailer\/","title":{"rendered":"Rimorchio quadrato nero personalizzato da 5 metri"},"content":{"rendered":"<p data-spm-anchor-id=\"a2700.wholesale.0.i28.29e52808agqc7f\">Si tratta di un rimorchio quadrato nero personalizzato da 5 metri. L&#039;intero veicolo \u00e8 realizzato in acciaio inossidabile, con carrozzeria e piano di lavoro inclusi. \u00c8 ideale per la vendita di qualsiasi prodotto, dagli hot dog al commercio al dettaglio, dalla vendita di fiori ai panini, dal caff\u00e8 ai gelati, ecc. \u00c8 dotato di certificazione CE per aiutarti ad avviare la tua attivit\u00e0 mobile.<\/p>\n<figure id=\"attachment_3496\" aria-describedby=\"caption-attachment-3496\" style=\"width: 720px\" class=\"wp-caption aligncenter\"><img fetchpriority=\"high\" decoding=\"async\" class=\"size-full wp-image-3496\" src=\"https:\/\/www.honlufoodtrailer.com\/wp-content\/uploads\/2022\/03\/Customized-5M-black-square-trailer.jpg\" alt=\"Rimorchio quadrato nero personalizzato da 5 metri\" width=\"720\" height=\"540\" srcset=\"https:\/\/www.honlufoodtrailer.com\/wp-content\/uploads\/2022\/03\/Customized-5M-black-square-trailer.jpg 720w, https:\/\/www.honlufoodtrailer.com\/wp-content\/uploads\/2022\/03\/Customized-5M-black-square-trailer-480x360.jpg 480w, https:\/\/www.honlufoodtrailer.com\/wp-content\/uploads\/2022\/03\/Customized-5M-black-square-trailer-300x225.jpg 300w\" sizes=\"(max-width: 720px) 100vw, 720px\" \/><figcaption id=\"caption-attachment-3496\" class=\"wp-caption-text\">Rimorchio quadrato nero personalizzato da 5 metri<\/figcaption><\/figure>\n<p data-spm-anchor-id=\"a2700.wholesale.0.i28.29e52808agqc7f\">Il banco di lavoro e la parete interna della carrozzeria sono realizzati in acciaio inossidabile per uso alimentare. In base alle esigenze del cliente, \u00e8 dotato di friggitrici, tre lavelli personalizzati, un distributore di sapone, fornelli a gas, cappe aspiranti e altre attrezzature. Saremmo lieti di acquistare altri tipi di attrezzature in base alle esigenze del cliente.<\/p>\n<figure id=\"attachment_3495\" aria-describedby=\"caption-attachment-3495\" style=\"width: 800px\" class=\"wp-caption aligncenter\"><img decoding=\"async\" class=\"wp-image-3495\" src=\"https:\/\/www.honlufoodtrailer.com\/wp-content\/uploads\/2022\/03\/Inner-structure-Customized-5M-black-square-trailer.jpg\" alt=\"Struttura interna: rimorchio quadrato nero personalizzato da 5 m.\" width=\"800\" height=\"450\" srcset=\"https:\/\/www.honlufoodtrailer.com\/wp-content\/uploads\/2022\/03\/Inner-structure-Customized-5M-black-square-trailer.jpg 1600w, https:\/\/www.honlufoodtrailer.com\/wp-content\/uploads\/2022\/03\/Inner-structure-Customized-5M-black-square-trailer-768x432.jpg 768w, https:\/\/www.honlufoodtrailer.com\/wp-content\/uploads\/2022\/03\/Inner-structure-Customized-5M-black-square-trailer-1536x864.jpg 1536w, https:\/\/www.honlufoodtrailer.com\/wp-content\/uploads\/2022\/03\/Inner-structure-Customized-5M-black-square-trailer-480x270.jpg 480w, https:\/\/www.honlufoodtrailer.com\/wp-content\/uploads\/2022\/03\/Inner-structure-Customized-5M-black-square-trailer-300x169.jpg 300w, https:\/\/www.honlufoodtrailer.com\/wp-content\/uploads\/2022\/03\/Inner-structure-Customized-5M-black-square-trailer-720x405.jpg 720w\" sizes=\"(max-width: 800px) 100vw, 800px\" \/><figcaption id=\"caption-attachment-3495\" class=\"wp-caption-text\">Struttura interna: rimorchio quadrato nero personalizzato da 5 m.<\/figcaption><\/figure>\n<p data-spm-anchor-id=\"a2700.wholesale.0.i28.29e52808agqc7f\">I rimorchi per il trasporto di cibo possono anche essere chiamati food cart, food van, food truck e cos\u00ec via. Possono essere utilizzati per vendere fast food, snack, giornali, libri e cos\u00ec via. Sono composti da telaio, carrozzeria, pavimento, tavolo da lavoro, impianto idrico e impianto elettrico. Gli utenti possono anche scegliere il colore desiderato. Saremo lieti di acquistare altri tipi di attrezzature, se i clienti lo desiderano.<\/p>\n<p>L&#039;intero rimorchio \u00e8 compatto e facile da usare. \u00c8 il modello preferito per l&#039;avvio di attivit\u00e0 di fast food, ordini di acquisto all&#039;ingrosso nei centri commerciali, gestione unificata di fast food di strada e picnic in famiglia. Pu\u00f2 anche essere utilizzato per la vendita di qualsiasi cosa, dagli hot dog, alle attivit\u00e0 di vendita al dettaglio, alle attivit\u00e0 di giardinaggio, ai panini, al caff\u00e8, al gelato, ecc. Siamo certificati CE per aiutarti ad avviare un&#039;attivit\u00e0 mobile.<\/p>\n<p><img decoding=\"async\" class=\"aligncenter wp-image-3493\" src=\"https:\/\/www.honlufoodtrailer.com\/wp-content\/uploads\/2022\/03\/Customized-5M-black-square-trailer-7.jpg\" alt=\"Rimorchio quadrato nero personalizzato da 5 metri\" width=\"800\" height=\"450\" srcset=\"https:\/\/www.honlufoodtrailer.com\/wp-content\/uploads\/2022\/03\/Customized-5M-black-square-trailer-7.jpg 1600w, https:\/\/www.honlufoodtrailer.com\/wp-content\/uploads\/2022\/03\/Customized-5M-black-square-trailer-7-768x432.jpg 768w, https:\/\/www.honlufoodtrailer.com\/wp-content\/uploads\/2022\/03\/Customized-5M-black-square-trailer-7-1536x864.jpg 1536w, https:\/\/www.honlufoodtrailer.com\/wp-content\/uploads\/2022\/03\/Customized-5M-black-square-trailer-7-480x270.jpg 480w, https:\/\/www.honlufoodtrailer.com\/wp-content\/uploads\/2022\/03\/Customized-5M-black-square-trailer-7-300x169.jpg 300w, https:\/\/www.honlufoodtrailer.com\/wp-content\/uploads\/2022\/03\/Customized-5M-black-square-trailer-7-720x405.jpg 720w\" sizes=\"(max-width: 800px) 100vw, 800px\" \/><\/p>\n<h3 class=\"magic-6\" data-spm-anchor-id=\"a2700.wholesale.0.i28.29e52808agqc7f\">Caratteristiche principali del rimorchio per alimenti quadrato<\/h3>\n<div class=\"magic-7\">\n<div class=\"magic-8\">\n<div class=\"magic-9\" data-id=\"paragraph0\">\n<ol>\n<li>L'aspetto alla moda pu\u00f2 essere personalizzato;<\/li>\n<li>Struttura interna e corpo del rimorchio in acciaio inox, buona resistenza al calore, all'usura e alla corrosione;<\/li>\n<li>Accessori moderni e avanzati di cui \u00e8 dotato il rimorchio alimentare mobile;<\/li>\n<li>\u00c8 resistente agli urti e alla corrosione, ha un'elevata resistenza al calore e alla forza, un'elevata solidit\u00e0 del colore, nessuna deformazione, impermeabilit\u00e0 e lunga durata;<\/li>\n<li>Siamo lieti di modificarlo in base alle vostre esigenze.<\/li>\n<\/ol>\n<h3>Disegno gratuito della planimetria 2D\/3D<\/h3>\n<p>Dopo aver confermato le dimensioni del carrello portavivande e le attrezzature interne della cucina, possiamo fornirvi gratuitamente dei disegni in 3D. Questo vi dar\u00e0 un'idea pi\u00f9 chiara del vostro progetto e del vostro carrello portavivande. Quando confermiamo la posizione delle attrezzature da cucina, possiamo comunicare chiaramente con voi attraverso la planimetria. Possiamo anche fornirvi i documenti originali per facilitare il vostro progetto e apportare modifiche.<\/p>\n<\/div>\n<\/div>\n<\/div>","protected":false},"excerpt":{"rendered":"<p data-spm-anchor-id=\"a2700.wholesale.0.i28.29e52808agqc7f\">Si tratta di una cucina mobile personalizzata di 5 metri. L&#039;intero veicolo \u00e8 realizzato con carrozzeria e piano di lavoro in acciaio inossidabile. Pu\u00f2 essere utilizzato per la vendita di qualsiasi prodotto, dagli hot dog al commercio al dettaglio, dalla vendita di fiori ai panini, dal caff\u00e8 al gelato, ecc. Disponiamo della certificazione CE per aiutarvi ad avviare un&#039;attivit\u00e0 mobile.<\/p>","protected":false},"featured_media":3496,"template":"","meta":{"_themeisle_gutenberg_block_has_review":false},"product_brand":[],"product_cat":[26],"product_tag":[53,33,41,38,52],"class_list":{"0":"post-3486","1":"product","2":"type-product","3":"status-publish","4":"has-post-thumbnail","6":"product_cat-product","7":"product_tag-customized-sinks","8":"product_tag-customized-trailer","9":"product_tag-galvanized-trailer","10":"product_tag-mobile-food-trailer","11":"product_tag-personalized-billboard","13":"first","14":"instock","15":"shipping-taxable","16":"product-type-simple"},"yoast_head":"<!-- This site is optimized with the Yoast SEO plugin v27.4 - https:\/\/yoast.com\/product\/yoast-seo-wordpress\/ -->\n<title>Customized 5M black square trailer - Honlu food trailer<\/title>\n<meta name=\"description\" content=\"This is a customized 5M grill trailer. The whole vehicle adopts stainless steel body and operating table. Above the dining car, we customized the luminous words to meet customer needs. It can be applied for selling anything from hot dogs, retail operations, flower operations, sandwiches, coffee, ice cream, etc. We have CE certified to help you to start a mobile business.\" \/>\n<meta name=\"robots\" content=\"index, follow, max-snippet:-1, max-image-preview:large, max-video-preview:-1\" \/>\n<link rel=\"canonical\" href=\"https:\/\/www.honlufoodtrailer.com\/it\/product\/customized-5m-black-square-trailer\/\" \/>\n<meta property=\"og:locale\" content=\"it_IT\" \/>\n<meta property=\"og:type\" content=\"article\" \/>\n<meta property=\"og:title\" content=\"Customized 5M black square trailer - Honlu food trailer\" \/>\n<meta property=\"og:description\" content=\"This is a customized 5M grill trailer. The whole vehicle adopts stainless steel body and operating table. Above the dining car, we customized the luminous words to meet customer needs. It can be applied for selling anything from hot dogs, retail operations, flower operations, sandwiches, coffee, ice cream, etc. We have CE certified to help you to start a mobile business.\" \/>\n<meta property=\"og:url\" content=\"https:\/\/www.honlufoodtrailer.com\/it\/product\/customized-5m-black-square-trailer\/\" \/>\n<meta property=\"og:site_name\" content=\"Honlu food trailer\" \/>\n<meta property=\"article:modified_time\" content=\"2024-03-22T09:20:36+00:00\" \/>\n<meta property=\"og:image\" content=\"https:\/\/www.honlufoodtrailer.com\/wp-content\/uploads\/2022\/03\/Customized-5M-black-square-trailer.jpg\" \/>\n\t<meta property=\"og:image:width\" content=\"720\" \/>\n\t<meta property=\"og:image:height\" content=\"540\" \/>\n\t<meta property=\"og:image:type\" content=\"image\/jpeg\" \/>\n<meta name=\"twitter:card\" content=\"summary_large_image\" \/>\n<meta name=\"twitter:label1\" content=\"Tempo di lettura stimato\" \/>\n\t<meta name=\"twitter:data1\" content=\"2 minuti\" \/>\n<script type=\"application\/ld+json\" class=\"yoast-schema-graph\">{\"@context\":\"https:\\\/\\\/schema.org\",\"@graph\":[{\"@type\":\"WebPage\",\"@id\":\"https:\\\/\\\/www.honlufoodtrailer.com\\\/product\\\/customized-5m-black-square-trailer\\\/\",\"url\":\"https:\\\/\\\/www.honlufoodtrailer.com\\\/product\\\/customized-5m-black-square-trailer\\\/\",\"name\":\"Customized 5M black square trailer - Honlu food trailer\",\"isPartOf\":{\"@id\":\"https:\\\/\\\/www.honlufoodtrailer.com\\\/#website\"},\"primaryImageOfPage\":{\"@id\":\"https:\\\/\\\/www.honlufoodtrailer.com\\\/product\\\/customized-5m-black-square-trailer\\\/#primaryimage\"},\"image\":{\"@id\":\"https:\\\/\\\/www.honlufoodtrailer.com\\\/product\\\/customized-5m-black-square-trailer\\\/#primaryimage\"},\"thumbnailUrl\":\"https:\\\/\\\/www.honlufoodtrailer.com\\\/wp-content\\\/uploads\\\/2022\\\/03\\\/Customized-5M-black-square-trailer.jpg\",\"datePublished\":\"2022-03-16T09:12:13+00:00\",\"dateModified\":\"2024-03-22T09:20:36+00:00\",\"description\":\"This is a customized 5M grill trailer. The whole vehicle adopts stainless steel body and operating table. Above the dining car, we customized the luminous words to meet customer needs. It can be applied for selling anything from hot dogs, retail operations, flower operations, sandwiches, coffee, ice cream, etc. We have CE certified to help you to start a mobile business.\",\"breadcrumb\":{\"@id\":\"https:\\\/\\\/www.honlufoodtrailer.com\\\/product\\\/customized-5m-black-square-trailer\\\/#breadcrumb\"},\"inLanguage\":\"it-IT\",\"potentialAction\":[{\"@type\":\"ReadAction\",\"target\":[\"https:\\\/\\\/www.honlufoodtrailer.com\\\/product\\\/customized-5m-black-square-trailer\\\/\"]}]},{\"@type\":\"ImageObject\",\"inLanguage\":\"it-IT\",\"@id\":\"https:\\\/\\\/www.honlufoodtrailer.com\\\/product\\\/customized-5m-black-square-trailer\\\/#primaryimage\",\"url\":\"https:\\\/\\\/www.honlufoodtrailer.com\\\/wp-content\\\/uploads\\\/2022\\\/03\\\/Customized-5M-black-square-trailer.jpg\",\"contentUrl\":\"https:\\\/\\\/www.honlufoodtrailer.com\\\/wp-content\\\/uploads\\\/2022\\\/03\\\/Customized-5M-black-square-trailer.jpg\",\"width\":720,\"height\":540,\"caption\":\"Customized 5M black square trailer\"},{\"@type\":\"BreadcrumbList\",\"@id\":\"https:\\\/\\\/www.honlufoodtrailer.com\\\/product\\\/customized-5m-black-square-trailer\\\/#breadcrumb\",\"itemListElement\":[{\"@type\":\"ListItem\",\"position\":1,\"name\":\"Home\",\"item\":\"https:\\\/\\\/www.honlufoodtrailer.com\\\/\"},{\"@type\":\"ListItem\",\"position\":2,\"name\":\"\u4ea7\u54c1\",\"item\":\"https:\\\/\\\/www.honlufoodtrailer.com\\\/shop\\\/\"},{\"@type\":\"ListItem\",\"position\":3,\"name\":\"Customized 5M black square trailer\"}]},{\"@type\":\"WebSite\",\"@id\":\"https:\\\/\\\/www.honlufoodtrailer.com\\\/#website\",\"url\":\"https:\\\/\\\/www.honlufoodtrailer.com\\\/\",\"name\":\"Honlu food trailer\",\"description\":\"\",\"publisher\":{\"@id\":\"https:\\\/\\\/www.honlufoodtrailer.com\\\/#organization\"},\"potentialAction\":[{\"@type\":\"SearchAction\",\"target\":{\"@type\":\"EntryPoint\",\"urlTemplate\":\"https:\\\/\\\/www.honlufoodtrailer.com\\\/?s={search_term_string}\"},\"query-input\":{\"@type\":\"PropertyValueSpecification\",\"valueRequired\":true,\"valueName\":\"search_term_string\"}}],\"inLanguage\":\"it-IT\"},{\"@type\":\"Organization\",\"@id\":\"https:\\\/\\\/www.honlufoodtrailer.com\\\/#organization\",\"name\":\"Honlu food trailer\",\"url\":\"https:\\\/\\\/www.honlufoodtrailer.com\\\/\",\"logo\":{\"@type\":\"ImageObject\",\"inLanguage\":\"it-IT\",\"@id\":\"https:\\\/\\\/www.honlufoodtrailer.com\\\/#\\\/schema\\\/logo\\\/image\\\/\",\"url\":\"https:\\\/\\\/www.honlufoodtrailer.com\\\/wp-content\\\/uploads\\\/2021\\\/12\\\/2.gif\",\"contentUrl\":\"https:\\\/\\\/www.honlufoodtrailer.com\\\/wp-content\\\/uploads\\\/2021\\\/12\\\/2.gif\",\"width\":350,\"height\":100,\"caption\":\"Honlu food trailer\"},\"image\":{\"@id\":\"https:\\\/\\\/www.honlufoodtrailer.com\\\/#\\\/schema\\\/logo\\\/image\\\/\"}}]}<\/script>\n<!-- \/ Yoast SEO plugin. -->","yoast_head_json":{"title":"Rimorchio quadrato nero personalizzato da 5 m - Rimorchio per alimenti Honlu","description":"Si tratta di un rimorchio grill personalizzato da 5 metri. L&#039;intero veicolo \u00e8 dotato di carrozzeria e tavolo operatorio in acciaio inox. Sopra la carrozza ristorante, abbiamo personalizzato le scritte luminose per soddisfare le esigenze del cliente. Pu\u00f2 essere utilizzato per la vendita di qualsiasi cosa, dagli hot dog alla vendita al dettaglio, dalla vendita di fiori alla vendita di panini, caff\u00e8, gelati, ecc. Siamo certificati CE per aiutarti ad avviare un&#039;attivit\u00e0 mobile.","robots":{"index":"index","follow":"follow","max-snippet":"max-snippet:-1","max-image-preview":"max-image-preview:large","max-video-preview":"max-video-preview:-1"},"canonical":"https:\/\/www.honlufoodtrailer.com\/it\/product\/customized-5m-black-square-trailer\/","og_locale":"it_IT","og_type":"article","og_title":"Customized 5M black square trailer - Honlu food trailer","og_description":"This is a customized 5M grill trailer. The whole vehicle adopts stainless steel body and operating table. Above the dining car, we customized the luminous words to meet customer needs. It can be applied for selling anything from hot dogs, retail operations, flower operations, sandwiches, coffee, ice cream, etc. We have CE certified to help you to start a mobile business.","og_url":"https:\/\/www.honlufoodtrailer.com\/it\/product\/customized-5m-black-square-trailer\/","og_site_name":"Honlu food trailer","article_modified_time":"2024-03-22T09:20:36+00:00","og_image":[{"width":720,"height":540,"url":"https:\/\/www.honlufoodtrailer.com\/wp-content\/uploads\/2022\/03\/Customized-5M-black-square-trailer.jpg","type":"image\/jpeg"}],"twitter_card":"summary_large_image","twitter_misc":{"Tempo di lettura stimato":"2 minuti"},"schema":{"@context":"https:\/\/schema.org","@graph":[{"@type":"WebPage","@id":"https:\/\/www.honlufoodtrailer.com\/product\/customized-5m-black-square-trailer\/","url":"https:\/\/www.honlufoodtrailer.com\/product\/customized-5m-black-square-trailer\/","name":"Rimorchio quadrato nero personalizzato da 5 m - Rimorchio per alimenti Honlu","isPartOf":{"@id":"https:\/\/www.honlufoodtrailer.com\/#website"},"primaryImageOfPage":{"@id":"https:\/\/www.honlufoodtrailer.com\/product\/customized-5m-black-square-trailer\/#primaryimage"},"image":{"@id":"https:\/\/www.honlufoodtrailer.com\/product\/customized-5m-black-square-trailer\/#primaryimage"},"thumbnailUrl":"https:\/\/www.honlufoodtrailer.com\/wp-content\/uploads\/2022\/03\/Customized-5M-black-square-trailer.jpg","datePublished":"2022-03-16T09:12:13+00:00","dateModified":"2024-03-22T09:20:36+00:00","description":"Si tratta di un rimorchio grill personalizzato da 5 metri. L&#039;intero veicolo \u00e8 dotato di carrozzeria e tavolo operatorio in acciaio inox. Sopra la carrozza ristorante, abbiamo personalizzato le scritte luminose per soddisfare le esigenze del cliente. Pu\u00f2 essere utilizzato per la vendita di qualsiasi cosa, dagli hot dog alla vendita al dettaglio, dalla vendita di fiori alla vendita di panini, caff\u00e8, gelati, ecc. Siamo certificati CE per aiutarti ad avviare un&#039;attivit\u00e0 mobile.","breadcrumb":{"@id":"https:\/\/www.honlufoodtrailer.com\/product\/customized-5m-black-square-trailer\/#breadcrumb"},"inLanguage":"it-IT","potentialAction":[{"@type":"ReadAction","target":["https:\/\/www.honlufoodtrailer.com\/product\/customized-5m-black-square-trailer\/"]}]},{"@type":"ImageObject","inLanguage":"it-IT","@id":"https:\/\/www.honlufoodtrailer.com\/product\/customized-5m-black-square-trailer\/#primaryimage","url":"https:\/\/www.honlufoodtrailer.com\/wp-content\/uploads\/2022\/03\/Customized-5M-black-square-trailer.jpg","contentUrl":"https:\/\/www.honlufoodtrailer.com\/wp-content\/uploads\/2022\/03\/Customized-5M-black-square-trailer.jpg","width":720,"height":540,"caption":"Customized 5M black square trailer"},{"@type":"BreadcrumbList","@id":"https:\/\/www.honlufoodtrailer.com\/product\/customized-5m-black-square-trailer\/#breadcrumb","itemListElement":[{"@type":"ListItem","position":1,"name":"Home","item":"https:\/\/www.honlufoodtrailer.com\/"},{"@type":"ListItem","position":2,"name":"\u4ea7\u54c1","item":"https:\/\/www.honlufoodtrailer.com\/shop\/"},{"@type":"ListItem","position":3,"name":"Customized 5M black square trailer"}]},{"@type":"WebSite","@id":"https:\/\/www.honlufoodtrailer.com\/#website","url":"https:\/\/www.honlufoodtrailer.com\/","name":"Rimorchio alimentare Honlu","description":"","publisher":{"@id":"https:\/\/www.honlufoodtrailer.com\/#organization"},"potentialAction":[{"@type":"SearchAction","target":{"@type":"EntryPoint","urlTemplate":"https:\/\/www.honlufoodtrailer.com\/?s={search_term_string}"},"query-input":{"@type":"PropertyValueSpecification","valueRequired":true,"valueName":"search_term_string"}}],"inLanguage":"it-IT"},{"@type":"Organization","@id":"https:\/\/www.honlufoodtrailer.com\/#organization","name":"Rimorchio alimentare Honlu","url":"https:\/\/www.honlufoodtrailer.com\/","logo":{"@type":"ImageObject","inLanguage":"it-IT","@id":"https:\/\/www.honlufoodtrailer.com\/#\/schema\/logo\/image\/","url":"https:\/\/www.honlufoodtrailer.com\/wp-content\/uploads\/2021\/12\/2.gif","contentUrl":"https:\/\/www.honlufoodtrailer.com\/wp-content\/uploads\/2021\/12\/2.gif","width":350,"height":100,"caption":"Honlu food trailer"},"image":{"@id":"https:\/\/www.honlufoodtrailer.com\/#\/schema\/logo\/image\/"}}]}},"_links":{"self":[{"href":"https:\/\/www.honlufoodtrailer.com\/it\/wp-json\/wp\/v2\/product\/3486","targetHints":{"allow":["GET"]}}],"collection":[{"href":"https:\/\/www.honlufoodtrailer.com\/it\/wp-json\/wp\/v2\/product"}],"about":[{"href":"https:\/\/www.honlufoodtrailer.com\/it\/wp-json\/wp\/v2\/types\/product"}],"version-history":[{"count":3,"href":"https:\/\/www.honlufoodtrailer.com\/it\/wp-json\/wp\/v2\/product\/3486\/revisions"}],"predecessor-version":[{"id":7207,"href":"https:\/\/www.honlufoodtrailer.com\/it\/wp-json\/wp\/v2\/product\/3486\/revisions\/7207"}],"wp:featuredmedia":[{"embeddable":true,"href":"https:\/\/www.honlufoodtrailer.com\/it\/wp-json\/wp\/v2\/media\/3496"}],"wp:attachment":[{"href":"https:\/\/www.honlufoodtrailer.com\/it\/wp-json\/wp\/v2\/media?parent=3486"}],"wp:term":[{"taxonomy":"product_brand","embeddable":true,"href":"https:\/\/www.honlufoodtrailer.com\/it\/wp-json\/wp\/v2\/product_brand?post=3486"},{"taxonomy":"product_cat","embeddable":true,"href":"https:\/\/www.honlufoodtrailer.com\/it\/wp-json\/wp\/v2\/product_cat?post=3486"},{"taxonomy":"product_tag","embeddable":true,"href":"https:\/\/www.honlufoodtrailer.com\/it\/wp-json\/wp\/v2\/product_tag?post=3486"}],"curies":[{"name":"wp","href":"https:\/\/api.w.org\/{rel}","templated":true}]}}