{"id":4113,"date":"2022-04-01T09:31:11","date_gmt":"2022-04-01T01:31:11","guid":{"rendered":"https:\/\/www.honlufoodtrailer.com\/?post_type=product&#038;p=4113"},"modified":"2024-10-28T17:38:40","modified_gmt":"2024-10-28T09:38:40","slug":"australian-custom-5m-square-food-trailer","status":"publish","type":"product","link":"https:\/\/www.honlufoodtrailer.com\/it\/product\/australian-custom-5m-square-food-trailer\/","title":{"rendered":"Rimorchio per alimenti personalizzato australiano di 5 metri quadrati"},"content":{"rendered":"<p>Questo \u00e8 un food truck quadrato personalizzato per un nostro cliente australiano. La parte anteriore \u00e8 progettata con una finestra di servizio aperta, il cartellone pubblicitario superiore e l&#039;adesivo posteriore sono personalizzati dal cliente, e anche le attrezzature da cucina interne sono state personalizzate in base alle sue esigenze. L&#039;intero rimorchio \u00e8 pienamente conforme alle leggi e ai regolamenti australiani ed \u00e8 il modello perfetto per avviare un&#039;attivit\u00e0 di food truck.<\/p>\n<p>Il finestrino di servizio anteriore ha un design aperto e, una volta aperto, si pu\u00f2 formare un piano d&#039;appoggio sottostante. Luci di illuminazione sono integrate attorno al finestrino anteriore e alla struttura del veicolo. Sono presenti due altoparlanti nei due angoli superiori, e il food truck pu\u00f2 essere trasformato anche in un music bar.<\/p>\n<figure id=\"attachment_4117\" aria-describedby=\"caption-attachment-4117\" style=\"width: 1440px\" class=\"wp-caption alignnone\"><img fetchpriority=\"high\" decoding=\"async\" class=\"size-full wp-image-4117\" src=\"https:\/\/www.honlufoodtrailer.com\/wp-content\/uploads\/2022\/04\/Service-window-design.jpg\" alt=\"Progettazione di finestre di servizio\" width=\"1440\" height=\"540\" srcset=\"https:\/\/www.honlufoodtrailer.com\/wp-content\/uploads\/2022\/04\/Service-window-design.jpg 1440w, https:\/\/www.honlufoodtrailer.com\/wp-content\/uploads\/2022\/04\/Service-window-design-768x288.jpg 768w, https:\/\/www.honlufoodtrailer.com\/wp-content\/uploads\/2022\/04\/Service-window-design-480x180.jpg 480w, https:\/\/www.honlufoodtrailer.com\/wp-content\/uploads\/2022\/04\/Service-window-design-300x113.jpg 300w, https:\/\/www.honlufoodtrailer.com\/wp-content\/uploads\/2022\/04\/Service-window-design-720x270.jpg 720w\" sizes=\"(max-width: 1440px) 100vw, 1440px\" \/><figcaption id=\"caption-attachment-4117\" class=\"wp-caption-text\">Progettazione di finestre di servizio<\/figcaption><\/figure>\n<p>Un cartellone pubblicitario personalizzato sulla parte superiore del rimorchio: &quot;Chef B.Marie&quot;, e un adesivo corrispondente sul retro. Alcuni dei nostri clienti optano anche per adesivi integrali e cartelloni pubblicitari multidirezionali per massimizzare la promozione dei loro food truck.<\/p>\n<figure id=\"attachment_4114\" aria-describedby=\"caption-attachment-4114\" style=\"width: 720px\" class=\"wp-caption aligncenter\"><img decoding=\"async\" class=\"size-full wp-image-4114\" src=\"https:\/\/www.honlufoodtrailer.com\/wp-content\/uploads\/2022\/04\/Top-billboardSticker.jpg\" alt=\"Cartellone pubblicitario e adesivo principali\" width=\"720\" height=\"540\" srcset=\"https:\/\/www.honlufoodtrailer.com\/wp-content\/uploads\/2022\/04\/Top-billboardSticker.jpg 720w, https:\/\/www.honlufoodtrailer.com\/wp-content\/uploads\/2022\/04\/Top-billboardSticker-480x360.jpg 480w, https:\/\/www.honlufoodtrailer.com\/wp-content\/uploads\/2022\/04\/Top-billboardSticker-300x225.jpg 300w\" sizes=\"(max-width: 720px) 100vw, 720px\" \/><figcaption id=\"caption-attachment-4114\" class=\"wp-caption-text\">Cartellone pubblicitario e adesivo principali<\/figcaption><\/figure>\n<p>L&#039;attrezzatura all&#039;interno del food truck \u00e8 realizzata in acciaio inossidabile e personalizzata in base alle esigenze del cliente, inclusi quattro lavelli su misura, friggitrice, griglia, cappa aspirante, ecc. Siamo disponibili ad acquistare anche altre tipologie di attrezzature in base alle richieste dei clienti.<\/p>\n<figure id=\"attachment_4116\" aria-describedby=\"caption-attachment-4116\" style=\"width: 1440px\" class=\"wp-caption alignnone\"><img decoding=\"async\" class=\"size-full wp-image-4116\" src=\"https:\/\/www.honlufoodtrailer.com\/wp-content\/uploads\/2022\/04\/Equipment-inside.jpg\" alt=\"Attrezzatura interna\" width=\"1440\" height=\"540\" srcset=\"https:\/\/www.honlufoodtrailer.com\/wp-content\/uploads\/2022\/04\/Equipment-inside.jpg 1440w, https:\/\/www.honlufoodtrailer.com\/wp-content\/uploads\/2022\/04\/Equipment-inside-768x288.jpg 768w, https:\/\/www.honlufoodtrailer.com\/wp-content\/uploads\/2022\/04\/Equipment-inside-480x180.jpg 480w, https:\/\/www.honlufoodtrailer.com\/wp-content\/uploads\/2022\/04\/Equipment-inside-300x113.jpg 300w, https:\/\/www.honlufoodtrailer.com\/wp-content\/uploads\/2022\/04\/Equipment-inside-720x270.jpg 720w\" sizes=\"(max-width: 1440px) 100vw, 1440px\" \/><figcaption id=\"caption-attachment-4116\" class=\"wp-caption-text\">Attrezzatura interna<\/figcaption><\/figure>\n<p>Prestiamo grande attenzione ai dettagli dei nostri prodotti, comprese le specifiche degli pneumatici, i telai conformi ai requisiti dei diversi paesi, i martinetti, i connettori personalizzati e cos\u00ec via. Ogni dettaglio \u00e8 pensato esclusivamente per la soddisfazione del cliente.<\/p>\n<figure id=\"attachment_4115\" aria-describedby=\"caption-attachment-4115\" style=\"width: 720px\" class=\"wp-caption aligncenter\"><img loading=\"lazy\" decoding=\"async\" class=\"size-full wp-image-4115\" src=\"https:\/\/www.honlufoodtrailer.com\/wp-content\/uploads\/2022\/04\/Detail-image.jpg\" alt=\"Immagine di dettaglio\" width=\"720\" height=\"540\" srcset=\"https:\/\/www.honlufoodtrailer.com\/wp-content\/uploads\/2022\/04\/Detail-image.jpg 720w, https:\/\/www.honlufoodtrailer.com\/wp-content\/uploads\/2022\/04\/Detail-image-480x360.jpg 480w, https:\/\/www.honlufoodtrailer.com\/wp-content\/uploads\/2022\/04\/Detail-image-300x225.jpg 300w\" sizes=\"(max-width: 720px) 100vw, 720px\" \/><figcaption id=\"caption-attachment-4115\" class=\"wp-caption-text\">Immagine di dettaglio<\/figcaption><\/figure>\n<p>\u00c8 il modello ideale per avviare attivit\u00e0 di fast food, ordini all&#039;ingrosso nei centri commerciali, gestione centralizzata del cibo di strada e picnic in famiglia. Pu\u00f2 essere utilizzato anche per vendere qualsiasi cosa, da hot dog e prodotti al dettaglio a fioristi, panini, caff\u00e8, gelati e altro ancora. Siamo certificati CE per aiutarti ad avviare un&#039;attivit\u00e0 mobile.<\/p>\n<h3 class=\"magic-6\" data-spm-anchor-id=\"a2700.wholesale.0.i28.29e52808agqc7f\">Caratteristiche principali del rimorchio per alimenti quadrato<\/h3>\n<div class=\"magic-7\">\n<div class=\"magic-8\">\n<div class=\"magic-9\" data-id=\"paragraph0\">\n<ol>\n<li>Tutti i principali cartelloni pubblicitari, adesivi per carrozzeria e stili di rimorchi possono essere personalizzati;<\/li>\n<li>Struttura interna e corpo del rimorchio in acciaio inox, buona resistenza al calore, all'usura e alla corrosione;<\/li>\n<li>Accessori moderni e avanzati di cui \u00e8 dotato il rimorchio alimentare mobile;<\/li>\n<li>\u00c8 resistente agli urti e alla corrosione, ha un'elevata resistenza al calore e alla forza, un'elevata solidit\u00e0 del colore, nessuna deformazione, impermeabilit\u00e0 e lunga durata;<\/li>\n<li>Siamo lieti di modificarlo in base alle vostre esigenze.<\/li>\n<\/ol>\n<h3>Disegno gratuito della planimetria 2D\/3D<\/h3>\n<p>Dopo aver confermato le dimensioni del carrello portavivande e le attrezzature interne della cucina, possiamo fornirvi gratuitamente dei disegni in 3D. Questo vi dar\u00e0 un'idea pi\u00f9 chiara del vostro progetto e del vostro carrello portavivande. Quando confermiamo la posizione delle attrezzature da cucina, possiamo comunicare chiaramente con voi attraverso la planimetria. Possiamo anche fornirvi i documenti originali per facilitare il vostro progetto e apportare modifiche.<\/p>\n<\/div>\n<\/div>\n<\/div>","protected":false},"excerpt":{"rendered":"<p data-spm-anchor-id=\"a2700.wholesale.0.i28.29e52808agqc7f\">Questo \u00e8 un food truck quadrato personalizzato per un nostro cliente australiano. La parte anteriore \u00e8 progettata con una finestra di servizio aperta, il cartellone pubblicitario superiore e l&#039;adesivo posteriore sono personalizzati dal cliente, e anche le attrezzature da cucina interne sono state personalizzate in base alle sue esigenze. L&#039;intero rimorchio \u00e8 pienamente conforme alle leggi e ai regolamenti australiani ed \u00e8 il modello perfetto per avviare un&#039;attivit\u00e0 di food truck.<\/p>","protected":false},"featured_media":4118,"template":"","meta":{"_themeisle_gutenberg_block_has_review":false},"product_brand":[],"product_cat":[26],"product_tag":[53,33,41,38,52],"class_list":{"0":"post-4113","1":"product","2":"type-product","3":"status-publish","4":"has-post-thumbnail","6":"product_cat-product","7":"product_tag-customized-sinks","8":"product_tag-customized-trailer","9":"product_tag-galvanized-trailer","10":"product_tag-mobile-food-trailer","11":"product_tag-personalized-billboard","13":"first","14":"instock","15":"shipping-taxable","16":"product-type-simple"},"yoast_head":"<!-- This site is optimized with the Yoast SEO plugin v27.4 - https:\/\/yoast.com\/product\/yoast-seo-wordpress\/ -->\n<title>Australian custom 5M square food trailer - Honlu food trailer<\/title>\n<meta name=\"description\" content=\"This is a custom square food trailer from our Australian customer. The front is designed with an open service window, the top billboard and the back sticker are customized by the customer, and the kitchen equipment inside is also customized according to customer requirements. The entire trailer fully complies with the laws and regulations in Australia and is the perfect model to start a mobile food trailer business.\" \/>\n<meta name=\"robots\" content=\"index, follow, max-snippet:-1, max-image-preview:large, max-video-preview:-1\" \/>\n<link rel=\"canonical\" href=\"https:\/\/www.honlufoodtrailer.com\/it\/product\/australian-custom-5m-square-food-trailer\/\" \/>\n<meta property=\"og:locale\" content=\"it_IT\" \/>\n<meta property=\"og:type\" content=\"article\" \/>\n<meta property=\"og:title\" content=\"Australian custom 5M square food trailer - Honlu food trailer\" \/>\n<meta property=\"og:description\" content=\"This is a custom square food trailer from our Australian customer. The front is designed with an open service window, the top billboard and the back sticker are customized by the customer, and the kitchen equipment inside is also customized according to customer requirements. The entire trailer fully complies with the laws and regulations in Australia and is the perfect model to start a mobile food trailer business.\" \/>\n<meta property=\"og:url\" content=\"https:\/\/www.honlufoodtrailer.com\/it\/product\/australian-custom-5m-square-food-trailer\/\" \/>\n<meta property=\"og:site_name\" content=\"Honlu food trailer\" \/>\n<meta property=\"article:modified_time\" content=\"2024-10-28T09:38:40+00:00\" \/>\n<meta property=\"og:image\" content=\"https:\/\/www.honlufoodtrailer.com\/wp-content\/uploads\/2022\/04\/Australian-custom-5M-square-food-trailer-1.jpg\" \/>\n\t<meta property=\"og:image:width\" content=\"720\" \/>\n\t<meta property=\"og:image:height\" content=\"540\" \/>\n\t<meta property=\"og:image:type\" content=\"image\/jpeg\" \/>\n<meta name=\"twitter:card\" content=\"summary_large_image\" \/>\n<meta name=\"twitter:label1\" content=\"Tempo di lettura stimato\" \/>\n\t<meta name=\"twitter:data1\" content=\"3 minuti\" \/>\n<script type=\"application\/ld+json\" class=\"yoast-schema-graph\">{\"@context\":\"https:\\\/\\\/schema.org\",\"@graph\":[{\"@type\":\"WebPage\",\"@id\":\"https:\\\/\\\/www.honlufoodtrailer.com\\\/product\\\/australian-custom-5m-square-food-trailer\\\/\",\"url\":\"https:\\\/\\\/www.honlufoodtrailer.com\\\/product\\\/australian-custom-5m-square-food-trailer\\\/\",\"name\":\"Australian custom 5M square food trailer - Honlu food trailer\",\"isPartOf\":{\"@id\":\"https:\\\/\\\/www.honlufoodtrailer.com\\\/#website\"},\"primaryImageOfPage\":{\"@id\":\"https:\\\/\\\/www.honlufoodtrailer.com\\\/product\\\/australian-custom-5m-square-food-trailer\\\/#primaryimage\"},\"image\":{\"@id\":\"https:\\\/\\\/www.honlufoodtrailer.com\\\/product\\\/australian-custom-5m-square-food-trailer\\\/#primaryimage\"},\"thumbnailUrl\":\"https:\\\/\\\/www.honlufoodtrailer.com\\\/wp-content\\\/uploads\\\/2022\\\/04\\\/Australian-custom-5M-square-food-trailer-1.jpg\",\"datePublished\":\"2022-04-01T01:31:11+00:00\",\"dateModified\":\"2024-10-28T09:38:40+00:00\",\"description\":\"This is a custom square food trailer from our Australian customer. The front is designed with an open service window, the top billboard and the back sticker are customized by the customer, and the kitchen equipment inside is also customized according to customer requirements. The entire trailer fully complies with the laws and regulations in Australia and is the perfect model to start a mobile food trailer business.\",\"breadcrumb\":{\"@id\":\"https:\\\/\\\/www.honlufoodtrailer.com\\\/product\\\/australian-custom-5m-square-food-trailer\\\/#breadcrumb\"},\"inLanguage\":\"it-IT\",\"potentialAction\":[{\"@type\":\"ReadAction\",\"target\":[\"https:\\\/\\\/www.honlufoodtrailer.com\\\/product\\\/australian-custom-5m-square-food-trailer\\\/\"]}]},{\"@type\":\"ImageObject\",\"inLanguage\":\"it-IT\",\"@id\":\"https:\\\/\\\/www.honlufoodtrailer.com\\\/product\\\/australian-custom-5m-square-food-trailer\\\/#primaryimage\",\"url\":\"https:\\\/\\\/www.honlufoodtrailer.com\\\/wp-content\\\/uploads\\\/2022\\\/04\\\/Australian-custom-5M-square-food-trailer-1.jpg\",\"contentUrl\":\"https:\\\/\\\/www.honlufoodtrailer.com\\\/wp-content\\\/uploads\\\/2022\\\/04\\\/Australian-custom-5M-square-food-trailer-1.jpg\",\"width\":720,\"height\":540,\"caption\":\"Australian custom 5M square food trailer (1)\"},{\"@type\":\"BreadcrumbList\",\"@id\":\"https:\\\/\\\/www.honlufoodtrailer.com\\\/product\\\/australian-custom-5m-square-food-trailer\\\/#breadcrumb\",\"itemListElement\":[{\"@type\":\"ListItem\",\"position\":1,\"name\":\"Home\",\"item\":\"https:\\\/\\\/www.honlufoodtrailer.com\\\/\"},{\"@type\":\"ListItem\",\"position\":2,\"name\":\"\u4ea7\u54c1\",\"item\":\"https:\\\/\\\/www.honlufoodtrailer.com\\\/shop\\\/\"},{\"@type\":\"ListItem\",\"position\":3,\"name\":\"Australian custom 5M square food trailer\"}]},{\"@type\":\"WebSite\",\"@id\":\"https:\\\/\\\/www.honlufoodtrailer.com\\\/#website\",\"url\":\"https:\\\/\\\/www.honlufoodtrailer.com\\\/\",\"name\":\"Honlu food trailer\",\"description\":\"\",\"publisher\":{\"@id\":\"https:\\\/\\\/www.honlufoodtrailer.com\\\/#organization\"},\"potentialAction\":[{\"@type\":\"SearchAction\",\"target\":{\"@type\":\"EntryPoint\",\"urlTemplate\":\"https:\\\/\\\/www.honlufoodtrailer.com\\\/?s={search_term_string}\"},\"query-input\":{\"@type\":\"PropertyValueSpecification\",\"valueRequired\":true,\"valueName\":\"search_term_string\"}}],\"inLanguage\":\"it-IT\"},{\"@type\":\"Organization\",\"@id\":\"https:\\\/\\\/www.honlufoodtrailer.com\\\/#organization\",\"name\":\"Honlu food trailer\",\"url\":\"https:\\\/\\\/www.honlufoodtrailer.com\\\/\",\"logo\":{\"@type\":\"ImageObject\",\"inLanguage\":\"it-IT\",\"@id\":\"https:\\\/\\\/www.honlufoodtrailer.com\\\/#\\\/schema\\\/logo\\\/image\\\/\",\"url\":\"https:\\\/\\\/www.honlufoodtrailer.com\\\/wp-content\\\/uploads\\\/2021\\\/12\\\/2.gif\",\"contentUrl\":\"https:\\\/\\\/www.honlufoodtrailer.com\\\/wp-content\\\/uploads\\\/2021\\\/12\\\/2.gif\",\"width\":350,\"height\":100,\"caption\":\"Honlu food trailer\"},\"image\":{\"@id\":\"https:\\\/\\\/www.honlufoodtrailer.com\\\/#\\\/schema\\\/logo\\\/image\\\/\"}}]}<\/script>\n<!-- \/ Yoast SEO plugin. -->","yoast_head_json":{"title":"Rimorchio per alimenti personalizzato australiano di 5 metri quadrati - Rimorchio per alimenti Honlu","description":"Questo \u00e8 un food truck quadrato personalizzato per un nostro cliente australiano. La parte anteriore \u00e8 progettata con una finestra di servizio aperta, il cartellone pubblicitario superiore e l&#039;adesivo posteriore sono personalizzati dal cliente, e anche le attrezzature da cucina interne sono state personalizzate in base alle sue esigenze. L&#039;intero rimorchio \u00e8 pienamente conforme alle leggi e ai regolamenti australiani ed \u00e8 il modello perfetto per avviare un&#039;attivit\u00e0 di food truck.","robots":{"index":"index","follow":"follow","max-snippet":"max-snippet:-1","max-image-preview":"max-image-preview:large","max-video-preview":"max-video-preview:-1"},"canonical":"https:\/\/www.honlufoodtrailer.com\/it\/product\/australian-custom-5m-square-food-trailer\/","og_locale":"it_IT","og_type":"article","og_title":"Australian custom 5M square food trailer - Honlu food trailer","og_description":"This is a custom square food trailer from our Australian customer. The front is designed with an open service window, the top billboard and the back sticker are customized by the customer, and the kitchen equipment inside is also customized according to customer requirements. The entire trailer fully complies with the laws and regulations in Australia and is the perfect model to start a mobile food trailer business.","og_url":"https:\/\/www.honlufoodtrailer.com\/it\/product\/australian-custom-5m-square-food-trailer\/","og_site_name":"Honlu food trailer","article_modified_time":"2024-10-28T09:38:40+00:00","og_image":[{"width":720,"height":540,"url":"https:\/\/www.honlufoodtrailer.com\/wp-content\/uploads\/2022\/04\/Australian-custom-5M-square-food-trailer-1.jpg","type":"image\/jpeg"}],"twitter_card":"summary_large_image","twitter_misc":{"Tempo di lettura stimato":"3 minuti"},"schema":{"@context":"https:\/\/schema.org","@graph":[{"@type":"WebPage","@id":"https:\/\/www.honlufoodtrailer.com\/product\/australian-custom-5m-square-food-trailer\/","url":"https:\/\/www.honlufoodtrailer.com\/product\/australian-custom-5m-square-food-trailer\/","name":"Rimorchio per alimenti personalizzato australiano di 5 metri quadrati - Rimorchio per alimenti Honlu","isPartOf":{"@id":"https:\/\/www.honlufoodtrailer.com\/#website"},"primaryImageOfPage":{"@id":"https:\/\/www.honlufoodtrailer.com\/product\/australian-custom-5m-square-food-trailer\/#primaryimage"},"image":{"@id":"https:\/\/www.honlufoodtrailer.com\/product\/australian-custom-5m-square-food-trailer\/#primaryimage"},"thumbnailUrl":"https:\/\/www.honlufoodtrailer.com\/wp-content\/uploads\/2022\/04\/Australian-custom-5M-square-food-trailer-1.jpg","datePublished":"2022-04-01T01:31:11+00:00","dateModified":"2024-10-28T09:38:40+00:00","description":"Questo \u00e8 un food truck quadrato personalizzato per un nostro cliente australiano. La parte anteriore \u00e8 progettata con una finestra di servizio aperta, il cartellone pubblicitario superiore e l&#039;adesivo posteriore sono personalizzati dal cliente, e anche le attrezzature da cucina interne sono state personalizzate in base alle sue esigenze. L&#039;intero rimorchio \u00e8 pienamente conforme alle leggi e ai regolamenti australiani ed \u00e8 il modello perfetto per avviare un&#039;attivit\u00e0 di food truck.","breadcrumb":{"@id":"https:\/\/www.honlufoodtrailer.com\/product\/australian-custom-5m-square-food-trailer\/#breadcrumb"},"inLanguage":"it-IT","potentialAction":[{"@type":"ReadAction","target":["https:\/\/www.honlufoodtrailer.com\/product\/australian-custom-5m-square-food-trailer\/"]}]},{"@type":"ImageObject","inLanguage":"it-IT","@id":"https:\/\/www.honlufoodtrailer.com\/product\/australian-custom-5m-square-food-trailer\/#primaryimage","url":"https:\/\/www.honlufoodtrailer.com\/wp-content\/uploads\/2022\/04\/Australian-custom-5M-square-food-trailer-1.jpg","contentUrl":"https:\/\/www.honlufoodtrailer.com\/wp-content\/uploads\/2022\/04\/Australian-custom-5M-square-food-trailer-1.jpg","width":720,"height":540,"caption":"Australian custom 5M square food trailer (1)"},{"@type":"BreadcrumbList","@id":"https:\/\/www.honlufoodtrailer.com\/product\/australian-custom-5m-square-food-trailer\/#breadcrumb","itemListElement":[{"@type":"ListItem","position":1,"name":"Home","item":"https:\/\/www.honlufoodtrailer.com\/"},{"@type":"ListItem","position":2,"name":"\u4ea7\u54c1","item":"https:\/\/www.honlufoodtrailer.com\/shop\/"},{"@type":"ListItem","position":3,"name":"Australian custom 5M square food trailer"}]},{"@type":"WebSite","@id":"https:\/\/www.honlufoodtrailer.com\/#website","url":"https:\/\/www.honlufoodtrailer.com\/","name":"Rimorchio alimentare Honlu","description":"","publisher":{"@id":"https:\/\/www.honlufoodtrailer.com\/#organization"},"potentialAction":[{"@type":"SearchAction","target":{"@type":"EntryPoint","urlTemplate":"https:\/\/www.honlufoodtrailer.com\/?s={search_term_string}"},"query-input":{"@type":"PropertyValueSpecification","valueRequired":true,"valueName":"search_term_string"}}],"inLanguage":"it-IT"},{"@type":"Organization","@id":"https:\/\/www.honlufoodtrailer.com\/#organization","name":"Rimorchio alimentare Honlu","url":"https:\/\/www.honlufoodtrailer.com\/","logo":{"@type":"ImageObject","inLanguage":"it-IT","@id":"https:\/\/www.honlufoodtrailer.com\/#\/schema\/logo\/image\/","url":"https:\/\/www.honlufoodtrailer.com\/wp-content\/uploads\/2021\/12\/2.gif","contentUrl":"https:\/\/www.honlufoodtrailer.com\/wp-content\/uploads\/2021\/12\/2.gif","width":350,"height":100,"caption":"Honlu food trailer"},"image":{"@id":"https:\/\/www.honlufoodtrailer.com\/#\/schema\/logo\/image\/"}}]}},"_links":{"self":[{"href":"https:\/\/www.honlufoodtrailer.com\/it\/wp-json\/wp\/v2\/product\/4113","targetHints":{"allow":["GET"]}}],"collection":[{"href":"https:\/\/www.honlufoodtrailer.com\/it\/wp-json\/wp\/v2\/product"}],"about":[{"href":"https:\/\/www.honlufoodtrailer.com\/it\/wp-json\/wp\/v2\/types\/product"}],"version-history":[{"count":2,"href":"https:\/\/www.honlufoodtrailer.com\/it\/wp-json\/wp\/v2\/product\/4113\/revisions"}],"predecessor-version":[{"id":8804,"href":"https:\/\/www.honlufoodtrailer.com\/it\/wp-json\/wp\/v2\/product\/4113\/revisions\/8804"}],"wp:featuredmedia":[{"embeddable":true,"href":"https:\/\/www.honlufoodtrailer.com\/it\/wp-json\/wp\/v2\/media\/4118"}],"wp:attachment":[{"href":"https:\/\/www.honlufoodtrailer.com\/it\/wp-json\/wp\/v2\/media?parent=4113"}],"wp:term":[{"taxonomy":"product_brand","embeddable":true,"href":"https:\/\/www.honlufoodtrailer.com\/it\/wp-json\/wp\/v2\/product_brand?post=4113"},{"taxonomy":"product_cat","embeddable":true,"href":"https:\/\/www.honlufoodtrailer.com\/it\/wp-json\/wp\/v2\/product_cat?post=4113"},{"taxonomy":"product_tag","embeddable":true,"href":"https:\/\/www.honlufoodtrailer.com\/it\/wp-json\/wp\/v2\/product_tag?post=4113"}],"curies":[{"name":"wp","href":"https:\/\/api.w.org\/{rel}","templated":true}]}}