{"id":4943,"date":"2022-08-12T11:47:41","date_gmt":"2022-08-12T03:47:41","guid":{"rendered":"https:\/\/www.honlufoodtrailer.com\/?post_type=product&#038;p=4943"},"modified":"2024-10-28T17:35:22","modified_gmt":"2024-10-28T09:35:22","slug":"16-4ft-custom-black-square-food-trailer","status":"publish","type":"product","link":"https:\/\/www.honlufoodtrailer.com\/it\/product\/16-4ft-custom-black-square-food-trailer\/","title":{"rendered":"Rimorchio per alimenti quadrato nero personalizzato da 16,4 piedi"},"content":{"rendered":"<p>Questo \u00e8 un food truck personalizzato per un cliente in Australia. La presa d&#039;aria sul tetto di questo food truck su misura \u00e8 conforme alle normative commerciali australiane. Progetteremo il food truck in base alle vostre esigenze e a quelle del vostro paese. Ora, diamo un&#039;occhiata ad alcune foto di questo food truck di 5 metri (16,4 piedi).<br \/>\n<img fetchpriority=\"high\" decoding=\"async\" class=\"aligncenter wp-image-7747\" src=\"https:\/\/www.honlufoodtrailer.com\/wp-content\/uploads\/2022\/08\/16.4ft-Custom-Black-Square-Food-Trailer-front-view.jpg\" alt=\"Vista frontale del food truck quadrato nero personalizzato da 16,4 piedi (5 metri).\" width=\"720\" height=\"480\" srcset=\"https:\/\/www.honlufoodtrailer.com\/wp-content\/uploads\/2022\/08\/16.4ft-Custom-Black-Square-Food-Trailer-front-view.jpg 1000w, https:\/\/www.honlufoodtrailer.com\/wp-content\/uploads\/2022\/08\/16.4ft-Custom-Black-Square-Food-Trailer-front-view-768x511.jpg 768w, https:\/\/www.honlufoodtrailer.com\/wp-content\/uploads\/2022\/08\/16.4ft-Custom-Black-Square-Food-Trailer-front-view-480x320.jpg 480w, https:\/\/www.honlufoodtrailer.com\/wp-content\/uploads\/2022\/08\/16.4ft-Custom-Black-Square-Food-Trailer-front-view-300x200.jpg 300w, https:\/\/www.honlufoodtrailer.com\/wp-content\/uploads\/2022\/08\/16.4ft-Custom-Black-Square-Food-Trailer-front-view-720x480.jpg 720w\" sizes=\"(max-width: 720px) 100vw, 720px\" \/><\/p>\n<p><img decoding=\"async\" class=\"aligncenter size-full wp-image-7746\" src=\"https:\/\/www.honlufoodtrailer.com\/wp-content\/uploads\/2022\/08\/16.4ft-Custom-Black-Square-Food-Trailer-back-view.jpg\" alt=\"Vista posteriore del rimorchio per alimenti quadrato nero personalizzato da 16,4 piedi (5 metri).\" width=\"750\" height=\"540\" srcset=\"https:\/\/www.honlufoodtrailer.com\/wp-content\/uploads\/2022\/08\/16.4ft-Custom-Black-Square-Food-Trailer-back-view.jpg 750w, https:\/\/www.honlufoodtrailer.com\/wp-content\/uploads\/2022\/08\/16.4ft-Custom-Black-Square-Food-Trailer-back-view-480x346.jpg 480w, https:\/\/www.honlufoodtrailer.com\/wp-content\/uploads\/2022\/08\/16.4ft-Custom-Black-Square-Food-Trailer-back-view-300x216.jpg 300w, https:\/\/www.honlufoodtrailer.com\/wp-content\/uploads\/2022\/08\/16.4ft-Custom-Black-Square-Food-Trailer-back-view-720x518.jpg 720w\" sizes=\"(max-width: 750px) 100vw, 750px\" \/><\/p>\n<h3>Dettagli interni di questo food truck quadrato nero personalizzato da 16,4 piedi<\/h3>\n<p>Questo food truck \u00e8 lungo 16,4 piedi e contiene quattro lavelli, una friggitrice, un fornello a gas e altro ancora.<\/p>\n<p><img decoding=\"async\" class=\"wp-image-4945 size-full aligncenter\" src=\"https:\/\/www.honlufoodtrailer.com\/wp-content\/uploads\/2022\/08\/\u5149\u5f71\u9b54\u672f\u624b\u62fc\u56fe.jpg\" alt=\"\" width=\"800\" height=\"800\" srcset=\"https:\/\/www.honlufoodtrailer.com\/wp-content\/uploads\/2022\/08\/\u5149\u5f71\u9b54\u672f\u624b\u62fc\u56fe.jpg 800w, https:\/\/www.honlufoodtrailer.com\/wp-content\/uploads\/2022\/08\/\u5149\u5f71\u9b54\u672f\u624b\u62fc\u56fe-768x768.jpg 768w, https:\/\/www.honlufoodtrailer.com\/wp-content\/uploads\/2022\/08\/\u5149\u5f71\u9b54\u672f\u624b\u62fc\u56fe-360x360.jpg 360w, https:\/\/www.honlufoodtrailer.com\/wp-content\/uploads\/2022\/08\/\u5149\u5f71\u9b54\u672f\u624b\u62fc\u56fe-300x300.jpg 300w, https:\/\/www.honlufoodtrailer.com\/wp-content\/uploads\/2022\/08\/\u5149\u5f71\u9b54\u672f\u624b\u62fc\u56fe-720x720.jpg 720w, https:\/\/www.honlufoodtrailer.com\/wp-content\/uploads\/2022\/08\/\u5149\u5f71\u9b54\u672f\u624b\u62fc\u56fe-100x100.jpg 100w\" sizes=\"(max-width: 800px) 100vw, 800px\" \/><\/p>\n<p>Il lavello all&#039;interno del rimorchio \u00e8 posizionato nella parte superiore del food truck ed \u00e8 personalizzato con un design a tre vasche in base alle normative locali del cliente. Il piano del lavello \u00e8 realizzato in lastre di marmo.<\/p>\n<p><img loading=\"lazy\" decoding=\"async\" class=\"wp-image-4946 size-full aligncenter\" src=\"https:\/\/www.honlufoodtrailer.com\/wp-content\/uploads\/2022\/08\/IMG_3364.jpg\" alt=\"\" width=\"1000\" height=\"666\" srcset=\"https:\/\/www.honlufoodtrailer.com\/wp-content\/uploads\/2022\/08\/IMG_3364.jpg 1000w, https:\/\/www.honlufoodtrailer.com\/wp-content\/uploads\/2022\/08\/IMG_3364-768x511.jpg 768w, https:\/\/www.honlufoodtrailer.com\/wp-content\/uploads\/2022\/08\/IMG_3364-480x320.jpg 480w, https:\/\/www.honlufoodtrailer.com\/wp-content\/uploads\/2022\/08\/IMG_3364-300x200.jpg 300w, https:\/\/www.honlufoodtrailer.com\/wp-content\/uploads\/2022\/08\/IMG_3364-720x480.jpg 720w\" sizes=\"(max-width: 1000px) 100vw, 1000px\" \/><\/p>\n<p>In base alle esigenze del cliente, abbiamo anche realizzato su misura un piccolo bagno sul retro del food truck, con un design completamente chiuso.<\/p>\n<p><img loading=\"lazy\" decoding=\"async\" class=\"wp-image-4947 size-full aligncenter\" src=\"https:\/\/www.honlufoodtrailer.com\/wp-content\/uploads\/2022\/08\/IMG_3321.jpg\" alt=\"\" width=\"1000\" height=\"666\" srcset=\"https:\/\/www.honlufoodtrailer.com\/wp-content\/uploads\/2022\/08\/IMG_3321.jpg 1000w, https:\/\/www.honlufoodtrailer.com\/wp-content\/uploads\/2022\/08\/IMG_3321-768x511.jpg 768w, https:\/\/www.honlufoodtrailer.com\/wp-content\/uploads\/2022\/08\/IMG_3321-480x320.jpg 480w, https:\/\/www.honlufoodtrailer.com\/wp-content\/uploads\/2022\/08\/IMG_3321-300x200.jpg 300w, https:\/\/www.honlufoodtrailer.com\/wp-content\/uploads\/2022\/08\/IMG_3321-720x480.jpg 720w\" sizes=\"(max-width: 1000px) 100vw, 1000px\" \/><\/p>\n<h3 class=\"magic-6\" data-spm-anchor-id=\"a2700.wholesale.0.i28.29e52808agqc7f\">Caratteristiche principali del rimorchio per alimenti quadrato<\/h3>\n<div class=\"magic-7\">\n<div class=\"magic-8\">\n<div class=\"magic-9\" data-id=\"paragraph0\">\n<ol>\n<li>L'aspetto alla moda pu\u00f2 essere personalizzato;<\/li>\n<li>Struttura interna e corpo del rimorchio in acciaio inox, buona resistenza al calore, all'usura e alla corrosione;<\/li>\n<li>Accessori moderni e avanzati di cui \u00e8 dotato il rimorchio alimentare mobile;<\/li>\n<li>\u00c8 resistente agli urti e alla corrosione, ha un'elevata resistenza al calore e alla forza, un'elevata solidit\u00e0 del colore, nessuna deformazione, impermeabilit\u00e0 e lunga durata;<\/li>\n<li>Siamo lieti di modificarlo in base alle vostre esigenze.<\/li>\n<\/ol>\n<h3>Disegno gratuito della planimetria 2D\/3D<\/h3>\n<p>Dopo aver confermato le dimensioni del carrello portavivande e le attrezzature interne della cucina, possiamo fornirvi gratuitamente dei disegni in 3D. Questo vi dar\u00e0 un'idea pi\u00f9 chiara del vostro progetto e del vostro carrello portavivande. Quando confermiamo la posizione delle attrezzature da cucina, possiamo comunicare chiaramente con voi attraverso la planimetria. Possiamo anche fornirvi i documenti originali per facilitare il vostro progetto e apportare modifiche.<\/p>\n<\/div>\n<\/div>\n<\/div>","protected":false},"excerpt":{"rendered":"<p data-spm-anchor-id=\"a2700.wholesale.0.i28.29e52808agqc7f\">Questo \u00e8 uno dei nostri rimorchi alimentari personalizzati di cinque metri con cucina completa. La parte anteriore del veicolo \u00e8 progettata con un'ampia finestra, dotata di un riparo integrato e di un tavolo di servizio. In base alle esigenze dei clienti, l'intero rimorchio \u00e8 compatto e facile da usare. \u00c8 il modello preferito per avviare un'attivit\u00e0 di ristorazione mobile.<\/p>","protected":false},"featured_media":4947,"template":"","meta":{"_themeisle_gutenberg_block_has_review":false},"product_brand":[],"product_cat":[26],"product_tag":[53,33,41,38,52],"class_list":{"0":"post-4943","1":"product","2":"type-product","3":"status-publish","4":"has-post-thumbnail","6":"product_cat-product","7":"product_tag-customized-sinks","8":"product_tag-customized-trailer","9":"product_tag-galvanized-trailer","10":"product_tag-mobile-food-trailer","11":"product_tag-personalized-billboard","13":"first","14":"instock","15":"shipping-taxable","16":"product-type-simple"},"yoast_head":"<!-- This site is optimized with the Yoast SEO plugin v27.4 - https:\/\/yoast.com\/product\/yoast-seo-wordpress\/ -->\n<title>16.4ft Custom Black Square Food Trailer - Honlu food trailer<\/title>\n<meta name=\"description\" content=\"This is one of our custom-made five-meter food trailers with full kitchen. The front of the vehicle is designed with a large window, equipped with an integrated shelter and service table. According to customer needs, the whole trailer is compact and easy to use. It is the preferred model for starting the mobile food business.\" \/>\n<meta name=\"robots\" content=\"index, follow, max-snippet:-1, max-image-preview:large, max-video-preview:-1\" \/>\n<link rel=\"canonical\" href=\"https:\/\/www.honlufoodtrailer.com\/it\/product\/16-4ft-custom-black-square-food-trailer\/\" \/>\n<meta property=\"og:locale\" content=\"it_IT\" \/>\n<meta property=\"og:type\" content=\"article\" \/>\n<meta property=\"og:title\" content=\"16.4ft Custom Black Square Food Trailer - Honlu food trailer\" \/>\n<meta property=\"og:description\" content=\"This is one of our custom-made five-meter food trailers with full kitchen. The front of the vehicle is designed with a large window, equipped with an integrated shelter and service table. According to customer needs, the whole trailer is compact and easy to use. It is the preferred model for starting the mobile food business.\" \/>\n<meta property=\"og:url\" content=\"https:\/\/www.honlufoodtrailer.com\/it\/product\/16-4ft-custom-black-square-food-trailer\/\" \/>\n<meta property=\"og:site_name\" content=\"Honlu food trailer\" \/>\n<meta property=\"article:modified_time\" content=\"2024-10-28T09:35:22+00:00\" \/>\n<meta property=\"og:image\" content=\"https:\/\/www.honlufoodtrailer.com\/wp-content\/uploads\/2022\/08\/IMG_3321.jpg\" \/>\n\t<meta property=\"og:image:width\" content=\"1000\" \/>\n\t<meta property=\"og:image:height\" content=\"666\" \/>\n\t<meta property=\"og:image:type\" content=\"image\/jpeg\" \/>\n<meta name=\"twitter:card\" content=\"summary_large_image\" \/>\n<meta name=\"twitter:label1\" content=\"Tempo di lettura stimato\" \/>\n\t<meta name=\"twitter:data1\" content=\"3 minuti\" \/>\n<script type=\"application\/ld+json\" class=\"yoast-schema-graph\">{\"@context\":\"https:\\\/\\\/schema.org\",\"@graph\":[{\"@type\":\"WebPage\",\"@id\":\"https:\\\/\\\/www.honlufoodtrailer.com\\\/product\\\/16-4ft-custom-black-square-food-trailer\\\/\",\"url\":\"https:\\\/\\\/www.honlufoodtrailer.com\\\/product\\\/16-4ft-custom-black-square-food-trailer\\\/\",\"name\":\"16.4ft Custom Black Square Food Trailer - Honlu food trailer\",\"isPartOf\":{\"@id\":\"https:\\\/\\\/www.honlufoodtrailer.com\\\/#website\"},\"primaryImageOfPage\":{\"@id\":\"https:\\\/\\\/www.honlufoodtrailer.com\\\/product\\\/16-4ft-custom-black-square-food-trailer\\\/#primaryimage\"},\"image\":{\"@id\":\"https:\\\/\\\/www.honlufoodtrailer.com\\\/product\\\/16-4ft-custom-black-square-food-trailer\\\/#primaryimage\"},\"thumbnailUrl\":\"https:\\\/\\\/www.honlufoodtrailer.com\\\/wp-content\\\/uploads\\\/2022\\\/08\\\/IMG_3321.jpg\",\"datePublished\":\"2022-08-12T03:47:41+00:00\",\"dateModified\":\"2024-10-28T09:35:22+00:00\",\"description\":\"This is one of our custom-made five-meter food trailers with full kitchen. The front of the vehicle is designed with a large window, equipped with an integrated shelter and service table. According to customer needs, the whole trailer is compact and easy to use. It is the preferred model for starting the mobile food business.\",\"breadcrumb\":{\"@id\":\"https:\\\/\\\/www.honlufoodtrailer.com\\\/product\\\/16-4ft-custom-black-square-food-trailer\\\/#breadcrumb\"},\"inLanguage\":\"it-IT\",\"potentialAction\":[{\"@type\":\"ReadAction\",\"target\":[\"https:\\\/\\\/www.honlufoodtrailer.com\\\/product\\\/16-4ft-custom-black-square-food-trailer\\\/\"]}]},{\"@type\":\"ImageObject\",\"inLanguage\":\"it-IT\",\"@id\":\"https:\\\/\\\/www.honlufoodtrailer.com\\\/product\\\/16-4ft-custom-black-square-food-trailer\\\/#primaryimage\",\"url\":\"https:\\\/\\\/www.honlufoodtrailer.com\\\/wp-content\\\/uploads\\\/2022\\\/08\\\/IMG_3321.jpg\",\"contentUrl\":\"https:\\\/\\\/www.honlufoodtrailer.com\\\/wp-content\\\/uploads\\\/2022\\\/08\\\/IMG_3321.jpg\",\"width\":1000,\"height\":666},{\"@type\":\"BreadcrumbList\",\"@id\":\"https:\\\/\\\/www.honlufoodtrailer.com\\\/product\\\/16-4ft-custom-black-square-food-trailer\\\/#breadcrumb\",\"itemListElement\":[{\"@type\":\"ListItem\",\"position\":1,\"name\":\"Home\",\"item\":\"https:\\\/\\\/www.honlufoodtrailer.com\\\/\"},{\"@type\":\"ListItem\",\"position\":2,\"name\":\"\u4ea7\u54c1\",\"item\":\"https:\\\/\\\/www.honlufoodtrailer.com\\\/shop\\\/\"},{\"@type\":\"ListItem\",\"position\":3,\"name\":\"16.4ft Custom Black Square Food Trailer\"}]},{\"@type\":\"WebSite\",\"@id\":\"https:\\\/\\\/www.honlufoodtrailer.com\\\/#website\",\"url\":\"https:\\\/\\\/www.honlufoodtrailer.com\\\/\",\"name\":\"Honlu food trailer\",\"description\":\"\",\"publisher\":{\"@id\":\"https:\\\/\\\/www.honlufoodtrailer.com\\\/#organization\"},\"potentialAction\":[{\"@type\":\"SearchAction\",\"target\":{\"@type\":\"EntryPoint\",\"urlTemplate\":\"https:\\\/\\\/www.honlufoodtrailer.com\\\/?s={search_term_string}\"},\"query-input\":{\"@type\":\"PropertyValueSpecification\",\"valueRequired\":true,\"valueName\":\"search_term_string\"}}],\"inLanguage\":\"it-IT\"},{\"@type\":\"Organization\",\"@id\":\"https:\\\/\\\/www.honlufoodtrailer.com\\\/#organization\",\"name\":\"Honlu food trailer\",\"url\":\"https:\\\/\\\/www.honlufoodtrailer.com\\\/\",\"logo\":{\"@type\":\"ImageObject\",\"inLanguage\":\"it-IT\",\"@id\":\"https:\\\/\\\/www.honlufoodtrailer.com\\\/#\\\/schema\\\/logo\\\/image\\\/\",\"url\":\"https:\\\/\\\/www.honlufoodtrailer.com\\\/wp-content\\\/uploads\\\/2021\\\/12\\\/2.gif\",\"contentUrl\":\"https:\\\/\\\/www.honlufoodtrailer.com\\\/wp-content\\\/uploads\\\/2021\\\/12\\\/2.gif\",\"width\":350,\"height\":100,\"caption\":\"Honlu food trailer\"},\"image\":{\"@id\":\"https:\\\/\\\/www.honlufoodtrailer.com\\\/#\\\/schema\\\/logo\\\/image\\\/\"}}]}<\/script>\n<!-- \/ Yoast SEO plugin. -->","yoast_head_json":{"title":"Rimorchio per alimenti quadrato nero personalizzato da 16,4 piedi - Honlu food trailer","description":"Questo \u00e8 uno dei nostri rimorchi alimentari personalizzati di cinque metri con cucina completa. La parte anteriore del veicolo \u00e8 progettata con un'ampia finestra, dotata di un riparo integrato e di un tavolo di servizio. In base alle esigenze dei clienti, l'intero rimorchio \u00e8 compatto e facile da usare. \u00c8 il modello preferito per avviare un'attivit\u00e0 di ristorazione mobile.","robots":{"index":"index","follow":"follow","max-snippet":"max-snippet:-1","max-image-preview":"max-image-preview:large","max-video-preview":"max-video-preview:-1"},"canonical":"https:\/\/www.honlufoodtrailer.com\/it\/product\/16-4ft-custom-black-square-food-trailer\/","og_locale":"it_IT","og_type":"article","og_title":"16.4ft Custom Black Square Food Trailer - Honlu food trailer","og_description":"This is one of our custom-made five-meter food trailers with full kitchen. The front of the vehicle is designed with a large window, equipped with an integrated shelter and service table. According to customer needs, the whole trailer is compact and easy to use. It is the preferred model for starting the mobile food business.","og_url":"https:\/\/www.honlufoodtrailer.com\/it\/product\/16-4ft-custom-black-square-food-trailer\/","og_site_name":"Honlu food trailer","article_modified_time":"2024-10-28T09:35:22+00:00","og_image":[{"width":1000,"height":666,"url":"https:\/\/www.honlufoodtrailer.com\/wp-content\/uploads\/2022\/08\/IMG_3321.jpg","type":"image\/jpeg"}],"twitter_card":"summary_large_image","twitter_misc":{"Tempo di lettura stimato":"3 minuti"},"schema":{"@context":"https:\/\/schema.org","@graph":[{"@type":"WebPage","@id":"https:\/\/www.honlufoodtrailer.com\/product\/16-4ft-custom-black-square-food-trailer\/","url":"https:\/\/www.honlufoodtrailer.com\/product\/16-4ft-custom-black-square-food-trailer\/","name":"Rimorchio per alimenti quadrato nero personalizzato da 16,4 piedi - Honlu food trailer","isPartOf":{"@id":"https:\/\/www.honlufoodtrailer.com\/#website"},"primaryImageOfPage":{"@id":"https:\/\/www.honlufoodtrailer.com\/product\/16-4ft-custom-black-square-food-trailer\/#primaryimage"},"image":{"@id":"https:\/\/www.honlufoodtrailer.com\/product\/16-4ft-custom-black-square-food-trailer\/#primaryimage"},"thumbnailUrl":"https:\/\/www.honlufoodtrailer.com\/wp-content\/uploads\/2022\/08\/IMG_3321.jpg","datePublished":"2022-08-12T03:47:41+00:00","dateModified":"2024-10-28T09:35:22+00:00","description":"Questo \u00e8 uno dei nostri rimorchi alimentari personalizzati di cinque metri con cucina completa. La parte anteriore del veicolo \u00e8 progettata con un'ampia finestra, dotata di un riparo integrato e di un tavolo di servizio. In base alle esigenze dei clienti, l'intero rimorchio \u00e8 compatto e facile da usare. \u00c8 il modello preferito per avviare un'attivit\u00e0 di ristorazione mobile.","breadcrumb":{"@id":"https:\/\/www.honlufoodtrailer.com\/product\/16-4ft-custom-black-square-food-trailer\/#breadcrumb"},"inLanguage":"it-IT","potentialAction":[{"@type":"ReadAction","target":["https:\/\/www.honlufoodtrailer.com\/product\/16-4ft-custom-black-square-food-trailer\/"]}]},{"@type":"ImageObject","inLanguage":"it-IT","@id":"https:\/\/www.honlufoodtrailer.com\/product\/16-4ft-custom-black-square-food-trailer\/#primaryimage","url":"https:\/\/www.honlufoodtrailer.com\/wp-content\/uploads\/2022\/08\/IMG_3321.jpg","contentUrl":"https:\/\/www.honlufoodtrailer.com\/wp-content\/uploads\/2022\/08\/IMG_3321.jpg","width":1000,"height":666},{"@type":"BreadcrumbList","@id":"https:\/\/www.honlufoodtrailer.com\/product\/16-4ft-custom-black-square-food-trailer\/#breadcrumb","itemListElement":[{"@type":"ListItem","position":1,"name":"Home","item":"https:\/\/www.honlufoodtrailer.com\/"},{"@type":"ListItem","position":2,"name":"\u4ea7\u54c1","item":"https:\/\/www.honlufoodtrailer.com\/shop\/"},{"@type":"ListItem","position":3,"name":"16.4ft Custom Black Square Food Trailer"}]},{"@type":"WebSite","@id":"https:\/\/www.honlufoodtrailer.com\/#website","url":"https:\/\/www.honlufoodtrailer.com\/","name":"Rimorchio alimentare Honlu","description":"","publisher":{"@id":"https:\/\/www.honlufoodtrailer.com\/#organization"},"potentialAction":[{"@type":"SearchAction","target":{"@type":"EntryPoint","urlTemplate":"https:\/\/www.honlufoodtrailer.com\/?s={search_term_string}"},"query-input":{"@type":"PropertyValueSpecification","valueRequired":true,"valueName":"search_term_string"}}],"inLanguage":"it-IT"},{"@type":"Organization","@id":"https:\/\/www.honlufoodtrailer.com\/#organization","name":"Rimorchio alimentare Honlu","url":"https:\/\/www.honlufoodtrailer.com\/","logo":{"@type":"ImageObject","inLanguage":"it-IT","@id":"https:\/\/www.honlufoodtrailer.com\/#\/schema\/logo\/image\/","url":"https:\/\/www.honlufoodtrailer.com\/wp-content\/uploads\/2021\/12\/2.gif","contentUrl":"https:\/\/www.honlufoodtrailer.com\/wp-content\/uploads\/2021\/12\/2.gif","width":350,"height":100,"caption":"Honlu food trailer"},"image":{"@id":"https:\/\/www.honlufoodtrailer.com\/#\/schema\/logo\/image\/"}}]}},"_links":{"self":[{"href":"https:\/\/www.honlufoodtrailer.com\/it\/wp-json\/wp\/v2\/product\/4943","targetHints":{"allow":["GET"]}}],"collection":[{"href":"https:\/\/www.honlufoodtrailer.com\/it\/wp-json\/wp\/v2\/product"}],"about":[{"href":"https:\/\/www.honlufoodtrailer.com\/it\/wp-json\/wp\/v2\/types\/product"}],"version-history":[{"count":3,"href":"https:\/\/www.honlufoodtrailer.com\/it\/wp-json\/wp\/v2\/product\/4943\/revisions"}],"predecessor-version":[{"id":7748,"href":"https:\/\/www.honlufoodtrailer.com\/it\/wp-json\/wp\/v2\/product\/4943\/revisions\/7748"}],"wp:featuredmedia":[{"embeddable":true,"href":"https:\/\/www.honlufoodtrailer.com\/it\/wp-json\/wp\/v2\/media\/4947"}],"wp:attachment":[{"href":"https:\/\/www.honlufoodtrailer.com\/it\/wp-json\/wp\/v2\/media?parent=4943"}],"wp:term":[{"taxonomy":"product_brand","embeddable":true,"href":"https:\/\/www.honlufoodtrailer.com\/it\/wp-json\/wp\/v2\/product_brand?post=4943"},{"taxonomy":"product_cat","embeddable":true,"href":"https:\/\/www.honlufoodtrailer.com\/it\/wp-json\/wp\/v2\/product_cat?post=4943"},{"taxonomy":"product_tag","embeddable":true,"href":"https:\/\/www.honlufoodtrailer.com\/it\/wp-json\/wp\/v2\/product_tag?post=4943"}],"curies":[{"name":"wp","href":"https:\/\/api.w.org\/{rel}","templated":true}]}}