{"id":5256,"date":"2022-12-21T15:15:20","date_gmt":"2022-12-21T07:15:20","guid":{"rendered":"https:\/\/www.honlufoodtrailer.com\/?post_type=product&#038;p=5256"},"modified":"2022-12-21T15:21:29","modified_gmt":"2022-12-21T07:21:29","slug":"top-rated-coffee-food-trucks-bbq-5m-food-trailer-mobile-restaurant-street-food-cart-for-sale","status":"publish","type":"product","link":"https:\/\/www.honlufoodtrailer.com\/it\/product\/top-rated-coffee-food-trucks-bbq-5m-food-trailer-mobile-restaurant-street-food-cart-for-sale\/","title":{"rendered":"I migliori food truck per caff\u00e8 e barbecue, rimorchio per cibo da 5 m, ristorante mobile, carretto per street food in vendita"},"content":{"rendered":"<p>Rimorchio alimentare quadrato con macchine fast food personalizzate.<br \/>\nDimensioni personalizzate: da 3 a 11 m di lunghezza, 9.8ft 13ft 16ft 20ft 40ft rimorchio per alimenti.<\/p>\n<p>Il rimorchio alimentare nell'immagine \u00e8 5000*2000*2100mm, 16.4ft*6.56ft*6.88ft, L*W*H, o personalizzato come vostra richiesta.<\/p>\n<p>Basta che ci diciate quante persone lavoreranno nella roulotte e va bene.<\/p>\n<p><img fetchpriority=\"high\" decoding=\"async\" class=\"alignnone size-full wp-image-5261\" src=\"https:\/\/www.honlufoodtrailer.com\/wp-content\/uploads\/2022\/12\/720\u00d7540-4-5.jpg\" alt=\"\" width=\"720\" height=\"540\" srcset=\"https:\/\/www.honlufoodtrailer.com\/wp-content\/uploads\/2022\/12\/720\u00d7540-4-5.jpg 720w, https:\/\/www.honlufoodtrailer.com\/wp-content\/uploads\/2022\/12\/720\u00d7540-4-5-480x360.jpg 480w, https:\/\/www.honlufoodtrailer.com\/wp-content\/uploads\/2022\/12\/720\u00d7540-4-5-300x225.jpg 300w\" sizes=\"(max-width: 720px) 100vw, 720px\" \/><\/p>\n<p><b data-spm-anchor-id=\"a2700.details.0.i9.1018c40b3cIxOh\">NOTA: IL NOME DEL PRODUTTORE<\/b><\/p>\n<p>1. La dimensione del corpo non \u00e8 fissa, puoi avere la tua dimensione e il tuo design. La personalizzazione \u00e8 disponibile\uff1b<\/p>\n<p>2. Qualsiasi disegno incerto del rimorchio, non esitate a parlare con noi\uff1b.<\/p>\n<p>3.We pu\u00f2 fornire disegni 3D per voi per visualizzare in anteprima il vostro interno personalizzato di rimorchi alimentari.<\/p>\n<p><img decoding=\"async\" class=\"alignnone size-full wp-image-5153\" src=\"https:\/\/www.honlufoodtrailer.com\/wp-content\/uploads\/2022\/12\/720\u00d7540-9-1.jpg\" alt=\"\" width=\"720\" height=\"540\" srcset=\"https:\/\/www.honlufoodtrailer.com\/wp-content\/uploads\/2022\/12\/720\u00d7540-9-1.jpg 720w, https:\/\/www.honlufoodtrailer.com\/wp-content\/uploads\/2022\/12\/720\u00d7540-9-1-480x360.jpg 480w, https:\/\/www.honlufoodtrailer.com\/wp-content\/uploads\/2022\/12\/720\u00d7540-9-1-300x225.jpg 300w\" sizes=\"(max-width: 720px) 100vw, 720px\" \/><\/p>\n<p>Il design del bagno: personalizzato in base alle vostre esigenze.<\/p>\n<p><img decoding=\"async\" class=\"alignnone size-full wp-image-5264\" src=\"https:\/\/www.honlufoodtrailer.com\/wp-content\/uploads\/2022\/12\/720\u00d7540-8-6.jpg\" alt=\"\" width=\"720\" height=\"540\" srcset=\"https:\/\/www.honlufoodtrailer.com\/wp-content\/uploads\/2022\/12\/720\u00d7540-8-6.jpg 720w, https:\/\/www.honlufoodtrailer.com\/wp-content\/uploads\/2022\/12\/720\u00d7540-8-6-480x360.jpg 480w, https:\/\/www.honlufoodtrailer.com\/wp-content\/uploads\/2022\/12\/720\u00d7540-8-6-300x225.jpg 300w\" sizes=\"(max-width: 720px) 100vw, 720px\" \/><\/p>\n<p>Design con lavello singolo: sono disponibili anche le versioni con 3+1 lavelli e personalizzabili anche con doppio lavello.<\/p>\n<p><img loading=\"lazy\" decoding=\"async\" class=\"alignnone size-full wp-image-5195\" src=\"https:\/\/www.honlufoodtrailer.com\/wp-content\/uploads\/2022\/12\/720\u00d7540-10-2.jpg\" alt=\"\" width=\"720\" height=\"540\" srcset=\"https:\/\/www.honlufoodtrailer.com\/wp-content\/uploads\/2022\/12\/720\u00d7540-10-2.jpg 720w, https:\/\/www.honlufoodtrailer.com\/wp-content\/uploads\/2022\/12\/720\u00d7540-10-2-480x360.jpg 480w, https:\/\/www.honlufoodtrailer.com\/wp-content\/uploads\/2022\/12\/720\u00d7540-10-2-300x225.jpg 300w\" sizes=\"(max-width: 720px) 100vw, 720px\" \/><\/p>\n<p>&nbsp;<\/p>\n<h3 class=\"magic-6\" data-spm-anchor-id=\"a2700.wholesale.0.i28.29e52808agqc7f\">Caratteristiche principali del rimorchio per alimenti quadrato<\/h3>\n<div class=\"magic-7\">\n<div class=\"magic-8\">\n<div class=\"magic-9\" data-id=\"paragraph0\">\n<ol>\n<li>L'aspetto alla moda pu\u00f2 essere personalizzato;<\/li>\n<li>Struttura interna e corpo del rimorchio in acciaio inox, buona resistenza al calore, all'usura e alla corrosione;<\/li>\n<li>Accessori moderni e avanzati di cui \u00e8 dotato il rimorchio alimentare mobile;<\/li>\n<li>\u00c8 resistente agli urti e alla corrosione, ha un'elevata resistenza al calore e alla forza, un'elevata solidit\u00e0 del colore, nessuna deformazione, impermeabilit\u00e0 e lunga durata;<\/li>\n<li>Siamo lieti di modificarlo in base alle vostre esigenze.<\/li>\n<\/ol>\n<h3>Disegno gratuito della planimetria 2D\/3D<\/h3>\n<p>Dopo aver confermato le dimensioni del carrello portavivande e le attrezzature interne della cucina, possiamo fornirvi gratuitamente dei disegni in 3D. Questo vi dar\u00e0 un'idea pi\u00f9 chiara del vostro progetto e del vostro carrello portavivande. Quando confermiamo la posizione delle attrezzature da cucina, possiamo comunicare chiaramente con voi attraverso la planimetria. Possiamo anche fornirvi i documenti originali per facilitare il vostro progetto e apportare modifiche.<\/p>\n<\/div>\n<\/div>\n<\/div>","protected":false},"excerpt":{"rendered":"<p data-spm-anchor-id=\"a2700.wholesale.0.i28.29e52808agqc7f\">Questo \u00e8 uno dei nostri rimorchi alimentari personalizzati di cinque metri con cucina completa. La parte anteriore del veicolo \u00e8 progettata con un'ampia finestra, dotata di un riparo integrato e di un tavolo di servizio. In base alle esigenze dei clienti, l'intero rimorchio \u00e8 compatto e facile da usare. \u00c8 il modello preferito per avviare un'attivit\u00e0 di ristorazione mobile.<\/p>","protected":false},"featured_media":5262,"template":"","meta":{"_themeisle_gutenberg_block_has_review":false},"product_brand":[],"product_cat":[26],"product_tag":[53,33,41,38,52],"class_list":{"0":"post-5256","1":"product","2":"type-product","3":"status-publish","4":"has-post-thumbnail","6":"product_cat-product","7":"product_tag-customized-sinks","8":"product_tag-customized-trailer","9":"product_tag-galvanized-trailer","10":"product_tag-mobile-food-trailer","11":"product_tag-personalized-billboard","13":"first","14":"instock","15":"shipping-taxable","16":"product-type-simple"},"yoast_head":"<!-- This site is optimized with the Yoast SEO plugin v27.4 - https:\/\/yoast.com\/product\/yoast-seo-wordpress\/ -->\n<title>Top Rated Coffee Food Trucks Bbq 5m Food Trailer Mobile Restaurant Street Food Cart for Sale - Honlu food trailer<\/title>\n<meta name=\"description\" content=\"This is one of our custom-made six-meter food trailers with full kitchen. The front of the trailer is designed with straight open window, equipped with an integrated shelter and service table. According to customer needs, the whole trailer is compact and easy to use. It is the preferred model for starting the mobile food business.\" \/>\n<meta name=\"robots\" content=\"index, follow, max-snippet:-1, max-image-preview:large, max-video-preview:-1\" \/>\n<link rel=\"canonical\" href=\"https:\/\/www.honlufoodtrailer.com\/it\/product\/top-rated-coffee-food-trucks-bbq-5m-food-trailer-mobile-restaurant-street-food-cart-for-sale\/\" \/>\n<meta property=\"og:locale\" content=\"it_IT\" \/>\n<meta property=\"og:type\" content=\"article\" \/>\n<meta property=\"og:title\" content=\"Top Rated Coffee Food Trucks Bbq 5m Food Trailer Mobile Restaurant Street Food Cart for Sale - Honlu food trailer\" \/>\n<meta property=\"og:description\" content=\"This is one of our custom-made six-meter food trailers with full kitchen. The front of the trailer is designed with straight open window, equipped with an integrated shelter and service table. According to customer needs, the whole trailer is compact and easy to use. It is the preferred model for starting the mobile food business.\" \/>\n<meta property=\"og:url\" content=\"https:\/\/www.honlufoodtrailer.com\/it\/product\/top-rated-coffee-food-trucks-bbq-5m-food-trailer-mobile-restaurant-street-food-cart-for-sale\/\" \/>\n<meta property=\"og:site_name\" content=\"Honlu food trailer\" \/>\n<meta property=\"article:modified_time\" content=\"2022-12-21T07:21:29+00:00\" \/>\n<meta property=\"og:image\" content=\"https:\/\/www.honlufoodtrailer.com\/wp-content\/uploads\/2022\/12\/720\u00d7540-5-5.jpg\" \/>\n\t<meta property=\"og:image:width\" content=\"720\" \/>\n\t<meta property=\"og:image:height\" content=\"540\" \/>\n\t<meta property=\"og:image:type\" content=\"image\/jpeg\" \/>\n<meta name=\"twitter:card\" content=\"summary_large_image\" \/>\n<meta name=\"twitter:label1\" content=\"Tempo di lettura stimato\" \/>\n\t<meta name=\"twitter:data1\" content=\"3 minuti\" \/>\n<script type=\"application\/ld+json\" class=\"yoast-schema-graph\">{\"@context\":\"https:\\\/\\\/schema.org\",\"@graph\":[{\"@type\":\"WebPage\",\"@id\":\"https:\\\/\\\/www.honlufoodtrailer.com\\\/product\\\/top-rated-coffee-food-trucks-bbq-5m-food-trailer-mobile-restaurant-street-food-cart-for-sale\\\/\",\"url\":\"https:\\\/\\\/www.honlufoodtrailer.com\\\/product\\\/top-rated-coffee-food-trucks-bbq-5m-food-trailer-mobile-restaurant-street-food-cart-for-sale\\\/\",\"name\":\"Top Rated Coffee Food Trucks Bbq 5m Food Trailer Mobile Restaurant Street Food Cart for Sale - Honlu food trailer\",\"isPartOf\":{\"@id\":\"https:\\\/\\\/www.honlufoodtrailer.com\\\/#website\"},\"primaryImageOfPage\":{\"@id\":\"https:\\\/\\\/www.honlufoodtrailer.com\\\/product\\\/top-rated-coffee-food-trucks-bbq-5m-food-trailer-mobile-restaurant-street-food-cart-for-sale\\\/#primaryimage\"},\"image\":{\"@id\":\"https:\\\/\\\/www.honlufoodtrailer.com\\\/product\\\/top-rated-coffee-food-trucks-bbq-5m-food-trailer-mobile-restaurant-street-food-cart-for-sale\\\/#primaryimage\"},\"thumbnailUrl\":\"https:\\\/\\\/www.honlufoodtrailer.com\\\/wp-content\\\/uploads\\\/2022\\\/12\\\/720\u00d7540-5-5.jpg\",\"datePublished\":\"2022-12-21T07:15:20+00:00\",\"dateModified\":\"2022-12-21T07:21:29+00:00\",\"description\":\"This is one of our custom-made six-meter food trailers with full kitchen. The front of the trailer is designed with straight open window, equipped with an integrated shelter and service table. According to customer needs, the whole trailer is compact and easy to use. It is the preferred model for starting the mobile food business.\",\"breadcrumb\":{\"@id\":\"https:\\\/\\\/www.honlufoodtrailer.com\\\/product\\\/top-rated-coffee-food-trucks-bbq-5m-food-trailer-mobile-restaurant-street-food-cart-for-sale\\\/#breadcrumb\"},\"inLanguage\":\"it-IT\",\"potentialAction\":[{\"@type\":\"ReadAction\",\"target\":[\"https:\\\/\\\/www.honlufoodtrailer.com\\\/product\\\/top-rated-coffee-food-trucks-bbq-5m-food-trailer-mobile-restaurant-street-food-cart-for-sale\\\/\"]}]},{\"@type\":\"ImageObject\",\"inLanguage\":\"it-IT\",\"@id\":\"https:\\\/\\\/www.honlufoodtrailer.com\\\/product\\\/top-rated-coffee-food-trucks-bbq-5m-food-trailer-mobile-restaurant-street-food-cart-for-sale\\\/#primaryimage\",\"url\":\"https:\\\/\\\/www.honlufoodtrailer.com\\\/wp-content\\\/uploads\\\/2022\\\/12\\\/720\u00d7540-5-5.jpg\",\"contentUrl\":\"https:\\\/\\\/www.honlufoodtrailer.com\\\/wp-content\\\/uploads\\\/2022\\\/12\\\/720\u00d7540-5-5.jpg\",\"width\":720,\"height\":540},{\"@type\":\"BreadcrumbList\",\"@id\":\"https:\\\/\\\/www.honlufoodtrailer.com\\\/product\\\/top-rated-coffee-food-trucks-bbq-5m-food-trailer-mobile-restaurant-street-food-cart-for-sale\\\/#breadcrumb\",\"itemListElement\":[{\"@type\":\"ListItem\",\"position\":1,\"name\":\"Home\",\"item\":\"https:\\\/\\\/www.honlufoodtrailer.com\\\/\"},{\"@type\":\"ListItem\",\"position\":2,\"name\":\"\u4ea7\u54c1\",\"item\":\"https:\\\/\\\/www.honlufoodtrailer.com\\\/shop\\\/\"},{\"@type\":\"ListItem\",\"position\":3,\"name\":\"Top Rated Coffee Food Trucks Bbq 5m Food Trailer Mobile Restaurant Street Food Cart for Sale\"}]},{\"@type\":\"WebSite\",\"@id\":\"https:\\\/\\\/www.honlufoodtrailer.com\\\/#website\",\"url\":\"https:\\\/\\\/www.honlufoodtrailer.com\\\/\",\"name\":\"Honlu food trailer\",\"description\":\"\",\"publisher\":{\"@id\":\"https:\\\/\\\/www.honlufoodtrailer.com\\\/#organization\"},\"potentialAction\":[{\"@type\":\"SearchAction\",\"target\":{\"@type\":\"EntryPoint\",\"urlTemplate\":\"https:\\\/\\\/www.honlufoodtrailer.com\\\/?s={search_term_string}\"},\"query-input\":{\"@type\":\"PropertyValueSpecification\",\"valueRequired\":true,\"valueName\":\"search_term_string\"}}],\"inLanguage\":\"it-IT\"},{\"@type\":\"Organization\",\"@id\":\"https:\\\/\\\/www.honlufoodtrailer.com\\\/#organization\",\"name\":\"Honlu food trailer\",\"url\":\"https:\\\/\\\/www.honlufoodtrailer.com\\\/\",\"logo\":{\"@type\":\"ImageObject\",\"inLanguage\":\"it-IT\",\"@id\":\"https:\\\/\\\/www.honlufoodtrailer.com\\\/#\\\/schema\\\/logo\\\/image\\\/\",\"url\":\"https:\\\/\\\/www.honlufoodtrailer.com\\\/wp-content\\\/uploads\\\/2021\\\/12\\\/2.gif\",\"contentUrl\":\"https:\\\/\\\/www.honlufoodtrailer.com\\\/wp-content\\\/uploads\\\/2021\\\/12\\\/2.gif\",\"width\":350,\"height\":100,\"caption\":\"Honlu food trailer\"},\"image\":{\"@id\":\"https:\\\/\\\/www.honlufoodtrailer.com\\\/#\\\/schema\\\/logo\\\/image\\\/\"}}]}<\/script>\n<!-- \/ Yoast SEO plugin. -->","yoast_head_json":{"title":"Camioncini per cibo da caff\u00e8 pi\u00f9 votati, BBQ, rimorchio per cibo da 5 m, ristorante mobile, carretto per street food in vendita - Honlu food trailer","description":"Questo \u00e8 uno dei nostri rimorchi alimentari personalizzati di sei metri con cucina completa. La parte anteriore del rimorchio \u00e8 progettata con una finestra aperta diritta, dotata di un riparo integrato e di un tavolo di servizio. In base alle esigenze dei clienti, l'intero rimorchio \u00e8 compatto e facile da usare. \u00c8 il modello preferito per avviare un'attivit\u00e0 di ristorazione mobile.","robots":{"index":"index","follow":"follow","max-snippet":"max-snippet:-1","max-image-preview":"max-image-preview:large","max-video-preview":"max-video-preview:-1"},"canonical":"https:\/\/www.honlufoodtrailer.com\/it\/product\/top-rated-coffee-food-trucks-bbq-5m-food-trailer-mobile-restaurant-street-food-cart-for-sale\/","og_locale":"it_IT","og_type":"article","og_title":"Top Rated Coffee Food Trucks Bbq 5m Food Trailer Mobile Restaurant Street Food Cart for Sale - Honlu food trailer","og_description":"This is one of our custom-made six-meter food trailers with full kitchen. The front of the trailer is designed with straight open window, equipped with an integrated shelter and service table. According to customer needs, the whole trailer is compact and easy to use. It is the preferred model for starting the mobile food business.","og_url":"https:\/\/www.honlufoodtrailer.com\/it\/product\/top-rated-coffee-food-trucks-bbq-5m-food-trailer-mobile-restaurant-street-food-cart-for-sale\/","og_site_name":"Honlu food trailer","article_modified_time":"2022-12-21T07:21:29+00:00","og_image":[{"width":720,"height":540,"url":"https:\/\/www.honlufoodtrailer.com\/wp-content\/uploads\/2022\/12\/720\u00d7540-5-5.jpg","type":"image\/jpeg"}],"twitter_card":"summary_large_image","twitter_misc":{"Tempo di lettura stimato":"3 minuti"},"schema":{"@context":"https:\/\/schema.org","@graph":[{"@type":"WebPage","@id":"https:\/\/www.honlufoodtrailer.com\/product\/top-rated-coffee-food-trucks-bbq-5m-food-trailer-mobile-restaurant-street-food-cart-for-sale\/","url":"https:\/\/www.honlufoodtrailer.com\/product\/top-rated-coffee-food-trucks-bbq-5m-food-trailer-mobile-restaurant-street-food-cart-for-sale\/","name":"Camioncini per cibo da caff\u00e8 pi\u00f9 votati, BBQ, rimorchio per cibo da 5 m, ristorante mobile, carretto per street food in vendita - Honlu food trailer","isPartOf":{"@id":"https:\/\/www.honlufoodtrailer.com\/#website"},"primaryImageOfPage":{"@id":"https:\/\/www.honlufoodtrailer.com\/product\/top-rated-coffee-food-trucks-bbq-5m-food-trailer-mobile-restaurant-street-food-cart-for-sale\/#primaryimage"},"image":{"@id":"https:\/\/www.honlufoodtrailer.com\/product\/top-rated-coffee-food-trucks-bbq-5m-food-trailer-mobile-restaurant-street-food-cart-for-sale\/#primaryimage"},"thumbnailUrl":"https:\/\/www.honlufoodtrailer.com\/wp-content\/uploads\/2022\/12\/720\u00d7540-5-5.jpg","datePublished":"2022-12-21T07:15:20+00:00","dateModified":"2022-12-21T07:21:29+00:00","description":"Questo \u00e8 uno dei nostri rimorchi alimentari personalizzati di sei metri con cucina completa. La parte anteriore del rimorchio \u00e8 progettata con una finestra aperta diritta, dotata di un riparo integrato e di un tavolo di servizio. In base alle esigenze dei clienti, l'intero rimorchio \u00e8 compatto e facile da usare. \u00c8 il modello preferito per avviare un'attivit\u00e0 di ristorazione mobile.","breadcrumb":{"@id":"https:\/\/www.honlufoodtrailer.com\/product\/top-rated-coffee-food-trucks-bbq-5m-food-trailer-mobile-restaurant-street-food-cart-for-sale\/#breadcrumb"},"inLanguage":"it-IT","potentialAction":[{"@type":"ReadAction","target":["https:\/\/www.honlufoodtrailer.com\/product\/top-rated-coffee-food-trucks-bbq-5m-food-trailer-mobile-restaurant-street-food-cart-for-sale\/"]}]},{"@type":"ImageObject","inLanguage":"it-IT","@id":"https:\/\/www.honlufoodtrailer.com\/product\/top-rated-coffee-food-trucks-bbq-5m-food-trailer-mobile-restaurant-street-food-cart-for-sale\/#primaryimage","url":"https:\/\/www.honlufoodtrailer.com\/wp-content\/uploads\/2022\/12\/720\u00d7540-5-5.jpg","contentUrl":"https:\/\/www.honlufoodtrailer.com\/wp-content\/uploads\/2022\/12\/720\u00d7540-5-5.jpg","width":720,"height":540},{"@type":"BreadcrumbList","@id":"https:\/\/www.honlufoodtrailer.com\/product\/top-rated-coffee-food-trucks-bbq-5m-food-trailer-mobile-restaurant-street-food-cart-for-sale\/#breadcrumb","itemListElement":[{"@type":"ListItem","position":1,"name":"Home","item":"https:\/\/www.honlufoodtrailer.com\/"},{"@type":"ListItem","position":2,"name":"\u4ea7\u54c1","item":"https:\/\/www.honlufoodtrailer.com\/shop\/"},{"@type":"ListItem","position":3,"name":"Top Rated Coffee Food Trucks Bbq 5m Food Trailer Mobile Restaurant Street Food Cart for Sale"}]},{"@type":"WebSite","@id":"https:\/\/www.honlufoodtrailer.com\/#website","url":"https:\/\/www.honlufoodtrailer.com\/","name":"Rimorchio alimentare Honlu","description":"","publisher":{"@id":"https:\/\/www.honlufoodtrailer.com\/#organization"},"potentialAction":[{"@type":"SearchAction","target":{"@type":"EntryPoint","urlTemplate":"https:\/\/www.honlufoodtrailer.com\/?s={search_term_string}"},"query-input":{"@type":"PropertyValueSpecification","valueRequired":true,"valueName":"search_term_string"}}],"inLanguage":"it-IT"},{"@type":"Organization","@id":"https:\/\/www.honlufoodtrailer.com\/#organization","name":"Rimorchio alimentare Honlu","url":"https:\/\/www.honlufoodtrailer.com\/","logo":{"@type":"ImageObject","inLanguage":"it-IT","@id":"https:\/\/www.honlufoodtrailer.com\/#\/schema\/logo\/image\/","url":"https:\/\/www.honlufoodtrailer.com\/wp-content\/uploads\/2021\/12\/2.gif","contentUrl":"https:\/\/www.honlufoodtrailer.com\/wp-content\/uploads\/2021\/12\/2.gif","width":350,"height":100,"caption":"Honlu food trailer"},"image":{"@id":"https:\/\/www.honlufoodtrailer.com\/#\/schema\/logo\/image\/"}}]}},"_links":{"self":[{"href":"https:\/\/www.honlufoodtrailer.com\/it\/wp-json\/wp\/v2\/product\/5256","targetHints":{"allow":["GET"]}}],"collection":[{"href":"https:\/\/www.honlufoodtrailer.com\/it\/wp-json\/wp\/v2\/product"}],"about":[{"href":"https:\/\/www.honlufoodtrailer.com\/it\/wp-json\/wp\/v2\/types\/product"}],"version-history":[{"count":1,"href":"https:\/\/www.honlufoodtrailer.com\/it\/wp-json\/wp\/v2\/product\/5256\/revisions"}],"predecessor-version":[{"id":5265,"href":"https:\/\/www.honlufoodtrailer.com\/it\/wp-json\/wp\/v2\/product\/5256\/revisions\/5265"}],"wp:featuredmedia":[{"embeddable":true,"href":"https:\/\/www.honlufoodtrailer.com\/it\/wp-json\/wp\/v2\/media\/5262"}],"wp:attachment":[{"href":"https:\/\/www.honlufoodtrailer.com\/it\/wp-json\/wp\/v2\/media?parent=5256"}],"wp:term":[{"taxonomy":"product_brand","embeddable":true,"href":"https:\/\/www.honlufoodtrailer.com\/it\/wp-json\/wp\/v2\/product_brand?post=5256"},{"taxonomy":"product_cat","embeddable":true,"href":"https:\/\/www.honlufoodtrailer.com\/it\/wp-json\/wp\/v2\/product_cat?post=5256"},{"taxonomy":"product_tag","embeddable":true,"href":"https:\/\/www.honlufoodtrailer.com\/it\/wp-json\/wp\/v2\/product_tag?post=5256"}],"curies":[{"name":"wp","href":"https:\/\/api.w.org\/{rel}","templated":true}]}}