{"id":6593,"date":"2024-01-20T15:58:00","date_gmt":"2024-01-20T07:58:00","guid":{"rendered":"https:\/\/www.honlufoodtrailer.com\/?post_type=product&#038;p=6593"},"modified":"2025-02-14T15:36:22","modified_gmt":"2025-02-14T07:36:22","slug":"3-5m-drink-trailer-for-sale","status":"publish","type":"product","link":"https:\/\/www.honlufoodtrailer.com\/it\/product\/3-5m-drink-trailer-for-sale\/","title":{"rendered":"Rimorchio per bevande da 3,5 m in vendita"},"content":{"rendered":"<p>Are you searching for a mobile drink trailer for sale? See this cost-effective drink trailer here!\u00a0 This is a customized 3.5m small drink trailer for sale we have manufactured for one of our customers from the United States. We can manufacture a similar drink concession trailer like this one, or customize one for you. The body color, stickers, signage, and kitchen equipment of the drink trailers can be customized. Just contact us and tell us your detailed requirements.<\/p>\n<p><img fetchpriority=\"high\" decoding=\"async\" class=\"aligncenter size-full wp-image-6597\" src=\"https:\/\/www.honlufoodtrailer.com\/wp-content\/uploads\/2024\/01\/3.5m-beverage-concession-trailer.jpg\" alt=\"3.5m beverage concession trailer\" width=\"720\" height=\"540\" srcset=\"https:\/\/www.honlufoodtrailer.com\/wp-content\/uploads\/2024\/01\/3.5m-beverage-concession-trailer.jpg 720w, https:\/\/www.honlufoodtrailer.com\/wp-content\/uploads\/2024\/01\/3.5m-beverage-concession-trailer-480x360.jpg 480w, https:\/\/www.honlufoodtrailer.com\/wp-content\/uploads\/2024\/01\/3.5m-beverage-concession-trailer-300x225.jpg 300w\" sizes=\"(max-width: 720px) 100vw, 720px\" \/><\/p>\n<p>Are you looking to start your own mobile food trailer business? Do you want to provide drinks on the go? Then, consider investing in this small drink trailer for sale. This type of <a href=\"https:\/\/www.honlufoodtrailer.com\/it\/product\/\" target=\"_blank\" rel=\"noopener\">rimorchio alimentare<\/a> can help drive your business to success. Now, let me show you the inner view of this mobile drink trailer.<\/p>\n<p><img decoding=\"async\" class=\"aligncenter size-full wp-image-6605\" src=\"https:\/\/www.honlufoodtrailer.com\/wp-content\/uploads\/2024\/01\/3.5m-drink-trailer-details.jpg\" alt=\"3.5m drink trailer details\" width=\"800\" height=\"802\" srcset=\"https:\/\/www.honlufoodtrailer.com\/wp-content\/uploads\/2024\/01\/3.5m-drink-trailer-details.jpg 800w, https:\/\/www.honlufoodtrailer.com\/wp-content\/uploads\/2024\/01\/3.5m-drink-trailer-details-768x770.jpg 768w, https:\/\/www.honlufoodtrailer.com\/wp-content\/uploads\/2024\/01\/3.5m-drink-trailer-details-359x360.jpg 359w, https:\/\/www.honlufoodtrailer.com\/wp-content\/uploads\/2024\/01\/3.5m-drink-trailer-details-300x301.jpg 300w, https:\/\/www.honlufoodtrailer.com\/wp-content\/uploads\/2024\/01\/3.5m-drink-trailer-details-720x722.jpg 720w, https:\/\/www.honlufoodtrailer.com\/wp-content\/uploads\/2024\/01\/3.5m-drink-trailer-details-100x100.jpg 100w\" sizes=\"(max-width: 800px) 100vw, 800px\" \/><\/p>\n<p>As we can see from the picture above, We have equipped the 3.5m drink bar trailer with some basic kitchen equipment. there is mainly kitchen equipment such as sinks, work table and shelves etc. Our customer will add some other spare parts he needs.<\/p>\n<p>I rimorchi per alimenti possono anche essere chiamati carrelli per alimenti, furgoni per alimenti, camion per alimenti e cos\u00ec via. Possono essere utilizzati per vendere fast food, snack, giornali, libri e cos\u00ec via. \u00c8 composto da telaio, carrozzeria, pavimentazione, tavolo di lavoro, impianto idrico ed elettrico. Gli utenti possono anche scegliere il colore che desiderano. Se i clienti lo desiderano, vorremmo acquistare altri tipi di attrezzature.<\/p>\n<p><img fetchpriority=\"high\" decoding=\"async\" class=\"aligncenter size-full wp-image-6597\" src=\"https:\/\/www.honlufoodtrailer.com\/wp-content\/uploads\/2024\/01\/3.5m-beverage-concession-trailer.jpg\" alt=\"3.5m beverage concession trailer\" width=\"720\" height=\"540\" srcset=\"https:\/\/www.honlufoodtrailer.com\/wp-content\/uploads\/2024\/01\/3.5m-beverage-concession-trailer.jpg 720w, https:\/\/www.honlufoodtrailer.com\/wp-content\/uploads\/2024\/01\/3.5m-beverage-concession-trailer-480x360.jpg 480w, https:\/\/www.honlufoodtrailer.com\/wp-content\/uploads\/2024\/01\/3.5m-beverage-concession-trailer-300x225.jpg 300w\" sizes=\"(max-width: 720px) 100vw, 720px\" \/><\/p>\n<h2><b class=\"magic-22\"><span class=\"magic-11\">Main Features Of The Customized Drink Trailer<\/span><\/b><\/h2>\n<div class=\"magic-2\">\n<div class=\"magic-3\">\n<div class=\"magic-4\">\n<p class=\"magic-5\" data-spm-anchor-id=\"a2700.details.0.i22.54e5117dtl16iL\"><span style=\"font-family: Tahoma;\">1<span class=\"magic-12\" data-spm-anchor-id=\"a2700.details.0.i21.54e5117dtl16iL\">. A basso costo ed ecologico, senza fumo e rumore, facile da spostare in qualsiasi luogo.<\/span><\/span><\/p>\n<p>2. Pu\u00f2 essere utilizzato per molti anni e non produce rifiuti, il che \u00e8 molto adatto alla vita moderna.<\/p>\n<p>3. \u00c8 comodo e semplice da caricare e trasportare perch\u00e9 il design \u00e8 unico e personalizzato.<\/p>\n<p>4. Il materiale principale \u00e8 l'acciaio inossidabile e la piattaforma (tavolo) non si arrugginisce.<\/p>\n<p>5. Ha una resistenza al calore e una forza elevata, un'alta solidit\u00e0 del colore, nessuna deformazione, impermeabilit\u00e0 e lunga durata.<\/p>\n<\/div>\n<\/div>\n<\/div>\n<h2><b class=\"magic-22\"><span class=\"magic-11\">Vantaggio principale:<\/span><\/b><\/h2>\n<p><span class=\"magic-12\">1. Basso costo e ambiente;<br \/>\n2. Facile da spostare in qualsiasi luogo (la vostra attivit\u00e0 non \u00e8 vincolata);<br \/>\n3. Forma unica (invisibile per attirare pi\u00f9 clienti);<br \/>\n4. Lunga durata (resistenza alla corrosione, al calore, all'acqua e alla deformazione).<\/span><\/p>","protected":false},"excerpt":{"rendered":"<p>This is one of our custom-made 3.5m drink trailer for sale. Usually, it is the preferred model for starting a mobile food trailer business. Of course, we can manufacture a similar drink trailer like this one, or customize one for you. The body color, stickers, signage, kitchen equipment of the food trailer can be customized. Just don&#8217;t hesitate to contact us!<\/p>","protected":false},"featured_media":6600,"template":"","meta":{"_themeisle_gutenberg_block_has_review":false},"product_brand":[],"product_cat":[26],"product_tag":[33,129,60,61,38],"class_list":{"0":"post-6593","1":"product","2":"type-product","3":"status-publish","4":"has-post-thumbnail","6":"product_cat-product","7":"product_tag-customized-trailer","8":"product_tag-drink-trailer","9":"product_tag-fast-food-trailer","10":"product_tag-fast-food-trailer-for-sale","11":"product_tag-mobile-food-trailer","13":"first","14":"instock","15":"shipping-taxable","16":"product-type-simple"},"yoast_head":"<!-- This site is optimized with the Yoast SEO plugin v27.4 - https:\/\/yoast.com\/product\/yoast-seo-wordpress\/ -->\n<title>Factory Price Mobile Drink Trailer For Sale - Honlu Food Trailer<\/title>\n<meta name=\"description\" content=\"Looking for a mobile drink trailer for sale? Get a similar or customized drink concession trailer from China top food trailer manufacturer now!\" \/>\n<meta name=\"robots\" content=\"index, follow, max-snippet:-1, max-image-preview:large, max-video-preview:-1\" \/>\n<link rel=\"canonical\" href=\"https:\/\/www.honlufoodtrailer.com\/it\/product\/3-5m-drink-trailer-for-sale\/\" \/>\n<meta property=\"og:locale\" content=\"it_IT\" \/>\n<meta property=\"og:type\" content=\"article\" \/>\n<meta property=\"og:title\" content=\"Factory Price Mobile Drink Trailer For Sale - Honlu Food Trailer\" \/>\n<meta property=\"og:description\" content=\"Looking for a mobile drink trailer for sale? Get a similar or customized drink concession trailer from China top food trailer manufacturer now!\" \/>\n<meta property=\"og:url\" content=\"https:\/\/www.honlufoodtrailer.com\/it\/product\/3-5m-drink-trailer-for-sale\/\" \/>\n<meta property=\"og:site_name\" content=\"Honlu food trailer\" \/>\n<meta property=\"article:modified_time\" content=\"2025-02-14T07:36:22+00:00\" \/>\n<meta property=\"og:image\" content=\"https:\/\/www.honlufoodtrailer.com\/wp-content\/uploads\/2024\/01\/3.5m-drink-trailer-for-sale.jpg\" \/>\n\t<meta property=\"og:image:width\" content=\"720\" \/>\n\t<meta property=\"og:image:height\" content=\"540\" \/>\n\t<meta property=\"og:image:type\" content=\"image\/jpeg\" \/>\n<meta name=\"twitter:card\" content=\"summary_large_image\" \/>\n<meta name=\"twitter:label1\" content=\"Tempo di lettura stimato\" \/>\n\t<meta name=\"twitter:data1\" content=\"1 minuto\" \/>\n<script type=\"application\/ld+json\" class=\"yoast-schema-graph\">{\"@context\":\"https:\\\/\\\/schema.org\",\"@graph\":[{\"@type\":\"WebPage\",\"@id\":\"https:\\\/\\\/www.honlufoodtrailer.com\\\/product\\\/3-5m-drink-trailer-for-sale\\\/\",\"url\":\"https:\\\/\\\/www.honlufoodtrailer.com\\\/product\\\/3-5m-drink-trailer-for-sale\\\/\",\"name\":\"Factory Price Mobile Drink Trailer For Sale - Honlu Food Trailer\",\"isPartOf\":{\"@id\":\"https:\\\/\\\/www.honlufoodtrailer.com\\\/#website\"},\"primaryImageOfPage\":{\"@id\":\"https:\\\/\\\/www.honlufoodtrailer.com\\\/product\\\/3-5m-drink-trailer-for-sale\\\/#primaryimage\"},\"image\":{\"@id\":\"https:\\\/\\\/www.honlufoodtrailer.com\\\/product\\\/3-5m-drink-trailer-for-sale\\\/#primaryimage\"},\"thumbnailUrl\":\"https:\\\/\\\/www.honlufoodtrailer.com\\\/wp-content\\\/uploads\\\/2024\\\/01\\\/3.5m-drink-trailer-for-sale.jpg\",\"datePublished\":\"2024-01-20T07:58:00+00:00\",\"dateModified\":\"2025-02-14T07:36:22+00:00\",\"description\":\"Looking for a mobile drink trailer for sale? Get a similar or customized drink concession trailer from China top food trailer manufacturer now!\",\"breadcrumb\":{\"@id\":\"https:\\\/\\\/www.honlufoodtrailer.com\\\/product\\\/3-5m-drink-trailer-for-sale\\\/#breadcrumb\"},\"inLanguage\":\"it-IT\",\"potentialAction\":[{\"@type\":\"ReadAction\",\"target\":[\"https:\\\/\\\/www.honlufoodtrailer.com\\\/product\\\/3-5m-drink-trailer-for-sale\\\/\"]}]},{\"@type\":\"ImageObject\",\"inLanguage\":\"it-IT\",\"@id\":\"https:\\\/\\\/www.honlufoodtrailer.com\\\/product\\\/3-5m-drink-trailer-for-sale\\\/#primaryimage\",\"url\":\"https:\\\/\\\/www.honlufoodtrailer.com\\\/wp-content\\\/uploads\\\/2024\\\/01\\\/3.5m-drink-trailer-for-sale.jpg\",\"contentUrl\":\"https:\\\/\\\/www.honlufoodtrailer.com\\\/wp-content\\\/uploads\\\/2024\\\/01\\\/3.5m-drink-trailer-for-sale.jpg\",\"width\":720,\"height\":540,\"caption\":\"3.5m drink trailer for sale\"},{\"@type\":\"BreadcrumbList\",\"@id\":\"https:\\\/\\\/www.honlufoodtrailer.com\\\/product\\\/3-5m-drink-trailer-for-sale\\\/#breadcrumb\",\"itemListElement\":[{\"@type\":\"ListItem\",\"position\":1,\"name\":\"Home\",\"item\":\"https:\\\/\\\/www.honlufoodtrailer.com\\\/\"},{\"@type\":\"ListItem\",\"position\":2,\"name\":\"\u4ea7\u54c1\",\"item\":\"https:\\\/\\\/www.honlufoodtrailer.com\\\/shop\\\/\"},{\"@type\":\"ListItem\",\"position\":3,\"name\":\"3.5m Drink Trailer For Sale\"}]},{\"@type\":\"WebSite\",\"@id\":\"https:\\\/\\\/www.honlufoodtrailer.com\\\/#website\",\"url\":\"https:\\\/\\\/www.honlufoodtrailer.com\\\/\",\"name\":\"Honlu food trailer\",\"description\":\"\",\"publisher\":{\"@id\":\"https:\\\/\\\/www.honlufoodtrailer.com\\\/#organization\"},\"potentialAction\":[{\"@type\":\"SearchAction\",\"target\":{\"@type\":\"EntryPoint\",\"urlTemplate\":\"https:\\\/\\\/www.honlufoodtrailer.com\\\/?s={search_term_string}\"},\"query-input\":{\"@type\":\"PropertyValueSpecification\",\"valueRequired\":true,\"valueName\":\"search_term_string\"}}],\"inLanguage\":\"it-IT\"},{\"@type\":\"Organization\",\"@id\":\"https:\\\/\\\/www.honlufoodtrailer.com\\\/#organization\",\"name\":\"Honlu food trailer\",\"url\":\"https:\\\/\\\/www.honlufoodtrailer.com\\\/\",\"logo\":{\"@type\":\"ImageObject\",\"inLanguage\":\"it-IT\",\"@id\":\"https:\\\/\\\/www.honlufoodtrailer.com\\\/#\\\/schema\\\/logo\\\/image\\\/\",\"url\":\"https:\\\/\\\/www.honlufoodtrailer.com\\\/wp-content\\\/uploads\\\/2021\\\/12\\\/2.gif\",\"contentUrl\":\"https:\\\/\\\/www.honlufoodtrailer.com\\\/wp-content\\\/uploads\\\/2021\\\/12\\\/2.gif\",\"width\":350,\"height\":100,\"caption\":\"Honlu food trailer\"},\"image\":{\"@id\":\"https:\\\/\\\/www.honlufoodtrailer.com\\\/#\\\/schema\\\/logo\\\/image\\\/\"}}]}<\/script>\n<!-- \/ Yoast SEO plugin. -->","yoast_head_json":{"title":"Factory Price Mobile Drink Trailer For Sale - Honlu Food Trailer","description":"Looking for a mobile drink trailer for sale? Get a similar or customized drink concession trailer from China top food trailer manufacturer now!","robots":{"index":"index","follow":"follow","max-snippet":"max-snippet:-1","max-image-preview":"max-image-preview:large","max-video-preview":"max-video-preview:-1"},"canonical":"https:\/\/www.honlufoodtrailer.com\/it\/product\/3-5m-drink-trailer-for-sale\/","og_locale":"it_IT","og_type":"article","og_title":"Factory Price Mobile Drink Trailer For Sale - Honlu Food Trailer","og_description":"Looking for a mobile drink trailer for sale? Get a similar or customized drink concession trailer from China top food trailer manufacturer now!","og_url":"https:\/\/www.honlufoodtrailer.com\/it\/product\/3-5m-drink-trailer-for-sale\/","og_site_name":"Honlu food trailer","article_modified_time":"2025-02-14T07:36:22+00:00","og_image":[{"width":720,"height":540,"url":"https:\/\/www.honlufoodtrailer.com\/wp-content\/uploads\/2024\/01\/3.5m-drink-trailer-for-sale.jpg","type":"image\/jpeg"}],"twitter_card":"summary_large_image","twitter_misc":{"Tempo di lettura stimato":"1 minuto"},"schema":{"@context":"https:\/\/schema.org","@graph":[{"@type":"WebPage","@id":"https:\/\/www.honlufoodtrailer.com\/product\/3-5m-drink-trailer-for-sale\/","url":"https:\/\/www.honlufoodtrailer.com\/product\/3-5m-drink-trailer-for-sale\/","name":"Factory Price Mobile Drink Trailer For Sale - Honlu Food Trailer","isPartOf":{"@id":"https:\/\/www.honlufoodtrailer.com\/#website"},"primaryImageOfPage":{"@id":"https:\/\/www.honlufoodtrailer.com\/product\/3-5m-drink-trailer-for-sale\/#primaryimage"},"image":{"@id":"https:\/\/www.honlufoodtrailer.com\/product\/3-5m-drink-trailer-for-sale\/#primaryimage"},"thumbnailUrl":"https:\/\/www.honlufoodtrailer.com\/wp-content\/uploads\/2024\/01\/3.5m-drink-trailer-for-sale.jpg","datePublished":"2024-01-20T07:58:00+00:00","dateModified":"2025-02-14T07:36:22+00:00","description":"Looking for a mobile drink trailer for sale? Get a similar or customized drink concession trailer from China top food trailer manufacturer now!","breadcrumb":{"@id":"https:\/\/www.honlufoodtrailer.com\/product\/3-5m-drink-trailer-for-sale\/#breadcrumb"},"inLanguage":"it-IT","potentialAction":[{"@type":"ReadAction","target":["https:\/\/www.honlufoodtrailer.com\/product\/3-5m-drink-trailer-for-sale\/"]}]},{"@type":"ImageObject","inLanguage":"it-IT","@id":"https:\/\/www.honlufoodtrailer.com\/product\/3-5m-drink-trailer-for-sale\/#primaryimage","url":"https:\/\/www.honlufoodtrailer.com\/wp-content\/uploads\/2024\/01\/3.5m-drink-trailer-for-sale.jpg","contentUrl":"https:\/\/www.honlufoodtrailer.com\/wp-content\/uploads\/2024\/01\/3.5m-drink-trailer-for-sale.jpg","width":720,"height":540,"caption":"3.5m drink trailer for sale"},{"@type":"BreadcrumbList","@id":"https:\/\/www.honlufoodtrailer.com\/product\/3-5m-drink-trailer-for-sale\/#breadcrumb","itemListElement":[{"@type":"ListItem","position":1,"name":"Home","item":"https:\/\/www.honlufoodtrailer.com\/"},{"@type":"ListItem","position":2,"name":"\u4ea7\u54c1","item":"https:\/\/www.honlufoodtrailer.com\/shop\/"},{"@type":"ListItem","position":3,"name":"3.5m Drink Trailer For Sale"}]},{"@type":"WebSite","@id":"https:\/\/www.honlufoodtrailer.com\/#website","url":"https:\/\/www.honlufoodtrailer.com\/","name":"Rimorchio alimentare Honlu","description":"","publisher":{"@id":"https:\/\/www.honlufoodtrailer.com\/#organization"},"potentialAction":[{"@type":"SearchAction","target":{"@type":"EntryPoint","urlTemplate":"https:\/\/www.honlufoodtrailer.com\/?s={search_term_string}"},"query-input":{"@type":"PropertyValueSpecification","valueRequired":true,"valueName":"search_term_string"}}],"inLanguage":"it-IT"},{"@type":"Organization","@id":"https:\/\/www.honlufoodtrailer.com\/#organization","name":"Rimorchio alimentare Honlu","url":"https:\/\/www.honlufoodtrailer.com\/","logo":{"@type":"ImageObject","inLanguage":"it-IT","@id":"https:\/\/www.honlufoodtrailer.com\/#\/schema\/logo\/image\/","url":"https:\/\/www.honlufoodtrailer.com\/wp-content\/uploads\/2021\/12\/2.gif","contentUrl":"https:\/\/www.honlufoodtrailer.com\/wp-content\/uploads\/2021\/12\/2.gif","width":350,"height":100,"caption":"Honlu food trailer"},"image":{"@id":"https:\/\/www.honlufoodtrailer.com\/#\/schema\/logo\/image\/"}}]}},"_links":{"self":[{"href":"https:\/\/www.honlufoodtrailer.com\/it\/wp-json\/wp\/v2\/product\/6593","targetHints":{"allow":["GET"]}}],"collection":[{"href":"https:\/\/www.honlufoodtrailer.com\/it\/wp-json\/wp\/v2\/product"}],"about":[{"href":"https:\/\/www.honlufoodtrailer.com\/it\/wp-json\/wp\/v2\/types\/product"}],"version-history":[{"count":5,"href":"https:\/\/www.honlufoodtrailer.com\/it\/wp-json\/wp\/v2\/product\/6593\/revisions"}],"predecessor-version":[{"id":8038,"href":"https:\/\/www.honlufoodtrailer.com\/it\/wp-json\/wp\/v2\/product\/6593\/revisions\/8038"}],"wp:featuredmedia":[{"embeddable":true,"href":"https:\/\/www.honlufoodtrailer.com\/it\/wp-json\/wp\/v2\/media\/6600"}],"wp:attachment":[{"href":"https:\/\/www.honlufoodtrailer.com\/it\/wp-json\/wp\/v2\/media?parent=6593"}],"wp:term":[{"taxonomy":"product_brand","embeddable":true,"href":"https:\/\/www.honlufoodtrailer.com\/it\/wp-json\/wp\/v2\/product_brand?post=6593"},{"taxonomy":"product_cat","embeddable":true,"href":"https:\/\/www.honlufoodtrailer.com\/it\/wp-json\/wp\/v2\/product_cat?post=6593"},{"taxonomy":"product_tag","embeddable":true,"href":"https:\/\/www.honlufoodtrailer.com\/it\/wp-json\/wp\/v2\/product_tag?post=6593"}],"curies":[{"name":"wp","href":"https:\/\/api.w.org\/{rel}","templated":true}]}}