{"id":7020,"date":"2024-03-11T16:45:20","date_gmt":"2024-03-11T08:45:20","guid":{"rendered":"https:\/\/www.honlufoodtrailer.com\/?post_type=product&#038;p=7020"},"modified":"2025-02-14T15:23:37","modified_gmt":"2025-02-14T07:23:37","slug":"5m-coffee-trailer-in-square-shape","status":"publish","type":"product","link":"https:\/\/www.honlufoodtrailer.com\/it\/product\/5m-coffee-trailer-in-square-shape\/","title":{"rendered":"Rimorchio per caff\u00e8 da 5 m di forma quadrata"},"content":{"rendered":"<p>Stai cercando un rimorchio per il trasporto del caff\u00e8? Non cercare oltre! Abbiamo proprio quello che fa per te. Il nostro rimorchio per il trasporto del caff\u00e8 da 5 metri \u00e8 in vendita e siamo certi che superer\u00e0 le tue aspettative.<img fetchpriority=\"high\" decoding=\"async\" class=\"aligncenter size-full wp-image-7028\" src=\"https:\/\/www.honlufoodtrailer.com\/wp-content\/uploads\/2024\/03\/16ft-coffee-trailer-for-sale.jpg\" alt=\"Rimorchio per caff\u00e8 da 16 piedi in vendita\" width=\"720\" height=\"540\" srcset=\"https:\/\/www.honlufoodtrailer.com\/wp-content\/uploads\/2024\/03\/16ft-coffee-trailer-for-sale.jpg 720w, https:\/\/www.honlufoodtrailer.com\/wp-content\/uploads\/2024\/03\/16ft-coffee-trailer-for-sale-480x360.jpg 480w, https:\/\/www.honlufoodtrailer.com\/wp-content\/uploads\/2024\/03\/16ft-coffee-trailer-for-sale-300x225.jpg 300w\" sizes=\"(max-width: 720px) 100vw, 720px\" \/><\/p>\n<p>&nbsp;<\/p>\n<p>Il rimorchio \u00e8 costruito con materiali di alta qualit\u00e0 e progettato per resistere a diverse condizioni atmosferiche, rendendolo adatto a tutti i tipi di eventi all&#039;aperto. Inoltre, \u00e8 dotato di interni spaziosi, che offrono ampio spazio per allestire le attrezzature e servire i clienti in modo efficiente.<\/p>\n<p><img decoding=\"async\" class=\"aligncenter size-full wp-image-7024\" src=\"https:\/\/www.honlufoodtrailer.com\/wp-content\/uploads\/2024\/03\/5m-coffee-trailer-inner-view.jpg\" alt=\"Vista interna del rimorchio del caff\u00e8 da 5 m\" width=\"720\" height=\"540\" srcset=\"https:\/\/www.honlufoodtrailer.com\/wp-content\/uploads\/2024\/03\/5m-coffee-trailer-inner-view.jpg 720w, https:\/\/www.honlufoodtrailer.com\/wp-content\/uploads\/2024\/03\/5m-coffee-trailer-inner-view-480x360.jpg 480w, https:\/\/www.honlufoodtrailer.com\/wp-content\/uploads\/2024\/03\/5m-coffee-trailer-inner-view-300x225.jpg 300w\" sizes=\"(max-width: 720px) 100vw, 720px\" \/><\/p>\n<p><img decoding=\"async\" class=\"aligncenter size-full wp-image-7031\" src=\"https:\/\/www.honlufoodtrailer.com\/wp-content\/uploads\/2024\/03\/5m-coffee-trailer-details.jpg\" alt=\"Dettagli del rimorchio per caff\u00e8 da 5 m\" width=\"800\" height=\"800\" srcset=\"https:\/\/www.honlufoodtrailer.com\/wp-content\/uploads\/2024\/03\/5m-coffee-trailer-details.jpg 800w, https:\/\/www.honlufoodtrailer.com\/wp-content\/uploads\/2024\/03\/5m-coffee-trailer-details-768x768.jpg 768w, https:\/\/www.honlufoodtrailer.com\/wp-content\/uploads\/2024\/03\/5m-coffee-trailer-details-360x360.jpg 360w, https:\/\/www.honlufoodtrailer.com\/wp-content\/uploads\/2024\/03\/5m-coffee-trailer-details-300x300.jpg 300w, https:\/\/www.honlufoodtrailer.com\/wp-content\/uploads\/2024\/03\/5m-coffee-trailer-details-720x720.jpg 720w, https:\/\/www.honlufoodtrailer.com\/wp-content\/uploads\/2024\/03\/5m-coffee-trailer-details-100x100.jpg 100w\" sizes=\"(max-width: 800px) 100vw, 800px\" \/><\/p>\n<p>Come possiamo vedere dall&#039;immagine sopra, abbiamo dotato questo rimorchio per il caff\u00e8 di un condizionatore e di un congelatore per le bevande. Il nostro cliente aggiunger\u00e0 altri dispositivi di cui avr\u00e0 bisogno.<\/p>\n<p>I rimorchi per alimenti possono anche essere chiamati carrelli per alimenti, furgoni per alimenti, camion per alimenti e cos\u00ec via. Possono essere utilizzati per vendere fast food, snack, giornali, libri e cos\u00ec via. \u00c8 composto da telaio, carrozzeria, pavimentazione, tavolo di lavoro, impianto idrico ed elettrico. Gli utenti possono anche scegliere il colore che desiderano. Se i clienti lo desiderano, vorremmo acquistare altri tipi di attrezzature.<\/p>\n<p><img loading=\"lazy\" decoding=\"async\" class=\"aligncenter size-full wp-image-7027\" src=\"https:\/\/www.honlufoodtrailer.com\/wp-content\/uploads\/2024\/03\/5m-coffee-trailer.jpg\" alt=\"Rimorchio per caff\u00e8 da 5 metri\" width=\"720\" height=\"540\" srcset=\"https:\/\/www.honlufoodtrailer.com\/wp-content\/uploads\/2024\/03\/5m-coffee-trailer.jpg 720w, https:\/\/www.honlufoodtrailer.com\/wp-content\/uploads\/2024\/03\/5m-coffee-trailer-480x360.jpg 480w, https:\/\/www.honlufoodtrailer.com\/wp-content\/uploads\/2024\/03\/5m-coffee-trailer-300x225.jpg 300w\" sizes=\"(max-width: 720px) 100vw, 720px\" \/><\/p>\n<h2><b class=\"magic-22\"><span class=\"magic-11\">Caratteristiche principali del rimorchio per caff\u00e8 personalizzato in vendita<\/span><\/b><\/h2>\n<div class=\"magic-2\">\n<div class=\"magic-3\">\n<div class=\"magic-4\">\n<p class=\"magic-5\" data-spm-anchor-id=\"a2700.details.0.i22.54e5117dtl16iL\"><span style=\"font-family: Tahoma;\">1<span class=\"magic-12\" data-spm-anchor-id=\"a2700.details.0.i21.54e5117dtl16iL\">. A basso costo ed ecologico, senza fumo e rumore, facile da spostare in qualsiasi luogo.<\/span><\/span><\/p>\n<p>2. Pu\u00f2 essere utilizzato per molti anni e non produce rifiuti, il che \u00e8 molto adatto alla vita moderna.<\/p>\n<p>3. \u00c8 comodo e semplice da caricare e trasportare perch\u00e9 il design \u00e8 unico e personalizzato.<\/p>\n<p>4. Il materiale principale \u00e8 l'acciaio inossidabile e la piattaforma (tavolo) non si arrugginisce.<\/p>\n<p>5. Ha una resistenza al calore e una forza elevata, un'alta solidit\u00e0 del colore, nessuna deformazione, impermeabilit\u00e0 e lunga durata.<\/p>\n<p><img loading=\"lazy\" decoding=\"async\" class=\"aligncenter size-full wp-image-7022\" src=\"https:\/\/www.honlufoodtrailer.com\/wp-content\/uploads\/2024\/03\/5m-coffee-trailer-back-view.jpg\" alt=\"Rimorchio per caff\u00e8 da 5 m, vista posteriore\" width=\"720\" height=\"540\" srcset=\"https:\/\/www.honlufoodtrailer.com\/wp-content\/uploads\/2024\/03\/5m-coffee-trailer-back-view.jpg 720w, https:\/\/www.honlufoodtrailer.com\/wp-content\/uploads\/2024\/03\/5m-coffee-trailer-back-view-480x360.jpg 480w, https:\/\/www.honlufoodtrailer.com\/wp-content\/uploads\/2024\/03\/5m-coffee-trailer-back-view-300x225.jpg 300w\" sizes=\"(max-width: 720px) 100vw, 720px\" \/><\/p>\n<\/div>\n<\/div>\n<\/div>\n<h2><b class=\"magic-22\"><span class=\"magic-11\">Vantaggio principale:<\/span><\/b><\/h2>\n<p><span class=\"magic-12\">1. Basso costo e ambiente;<br \/>\n2. Facile da spostare in qualsiasi luogo (la vostra attivit\u00e0 non \u00e8 vincolata);<br \/>\n3. Forma unica (invisibile per attirare pi\u00f9 clienti);<br \/>\n4. Lunga durata (resistente alla corrosione, al calore, impermeabile, senza deformazioni).<\/span><\/p>","protected":false},"excerpt":{"rendered":"<p>Questo \u00e8 uno dei nostri rimorchi per caff\u00e8 da 5 m su misura in vendita. Di solito, \u00e8 il modello preferito per avviare un&#039;attivit\u00e0 di ristorazione mobile. Naturalmente, possiamo realizzare un rimorchio per caff\u00e8 simile a questo, oppure personalizzarlo per voi. Contattateci e comunicateci le vostre esigenze specifiche. Non esitate a contattarci!<\/p>","protected":false},"featured_media":7025,"template":"","meta":{"_themeisle_gutenberg_block_has_review":false},"product_brand":[],"product_cat":[26],"product_tag":[96,34,33,60,61,38],"class_list":{"0":"post-7020","1":"product","2":"type-product","3":"status-publish","4":"has-post-thumbnail","6":"product_cat-product","7":"product_tag-16ft-food-trailer","8":"product_tag-coffee-trailer","9":"product_tag-customized-trailer","10":"product_tag-fast-food-trailer","11":"product_tag-fast-food-trailer-for-sale","12":"product_tag-mobile-food-trailer","14":"first","15":"instock","16":"shipping-taxable","17":"product-type-simple"},"yoast_head":"<!-- This site is optimized with the Yoast SEO plugin v27.4 - https:\/\/yoast.com\/product\/yoast-seo-wordpress\/ -->\n<title>Factory Price Coffee Trailer For Sale from China - Honlu Food Trailer<\/title>\n<meta name=\"description\" content=\"Looking for a coffee trailer? see this one here! Get a similar or customized one at a reasonable price now! Click to see what you can get from us!\" \/>\n<meta name=\"robots\" content=\"index, follow, max-snippet:-1, max-image-preview:large, max-video-preview:-1\" \/>\n<link rel=\"canonical\" href=\"https:\/\/www.honlufoodtrailer.com\/it\/product\/5m-coffee-trailer-in-square-shape\/\" \/>\n<meta property=\"og:locale\" content=\"it_IT\" \/>\n<meta property=\"og:type\" content=\"article\" \/>\n<meta property=\"og:title\" content=\"Factory Price Coffee Trailer For Sale from China - Honlu Food Trailer\" \/>\n<meta property=\"og:description\" content=\"Looking for a coffee trailer? see this one here! Get a similar or customized one at a reasonable price now! Click to see what you can get from us!\" \/>\n<meta property=\"og:url\" content=\"https:\/\/www.honlufoodtrailer.com\/it\/product\/5m-coffee-trailer-in-square-shape\/\" \/>\n<meta property=\"og:site_name\" content=\"Honlu food trailer\" \/>\n<meta property=\"article:modified_time\" content=\"2025-02-14T07:23:37+00:00\" \/>\n<meta property=\"og:image\" content=\"https:\/\/www.honlufoodtrailer.com\/wp-content\/uploads\/2024\/03\/5m-coffee-trailer-on-sale.jpg\" \/>\n\t<meta property=\"og:image:width\" content=\"720\" \/>\n\t<meta property=\"og:image:height\" content=\"540\" \/>\n\t<meta property=\"og:image:type\" content=\"image\/jpeg\" \/>\n<meta name=\"twitter:card\" content=\"summary_large_image\" \/>\n<meta name=\"twitter:label1\" content=\"Tempo di lettura stimato\" \/>\n\t<meta name=\"twitter:data1\" content=\"1 minuto\" \/>\n<script type=\"application\/ld+json\" class=\"yoast-schema-graph\">{\"@context\":\"https:\\\/\\\/schema.org\",\"@graph\":[{\"@type\":\"WebPage\",\"@id\":\"https:\\\/\\\/www.honlufoodtrailer.com\\\/product\\\/5m-coffee-trailer-in-square-shape\\\/\",\"url\":\"https:\\\/\\\/www.honlufoodtrailer.com\\\/product\\\/5m-coffee-trailer-in-square-shape\\\/\",\"name\":\"Factory Price Coffee Trailer For Sale from China - Honlu Food Trailer\",\"isPartOf\":{\"@id\":\"https:\\\/\\\/www.honlufoodtrailer.com\\\/#website\"},\"primaryImageOfPage\":{\"@id\":\"https:\\\/\\\/www.honlufoodtrailer.com\\\/product\\\/5m-coffee-trailer-in-square-shape\\\/#primaryimage\"},\"image\":{\"@id\":\"https:\\\/\\\/www.honlufoodtrailer.com\\\/product\\\/5m-coffee-trailer-in-square-shape\\\/#primaryimage\"},\"thumbnailUrl\":\"https:\\\/\\\/www.honlufoodtrailer.com\\\/wp-content\\\/uploads\\\/2024\\\/03\\\/5m-coffee-trailer-on-sale.jpg\",\"datePublished\":\"2024-03-11T08:45:20+00:00\",\"dateModified\":\"2025-02-14T07:23:37+00:00\",\"description\":\"Looking for a coffee trailer? see this one here! Get a similar or customized one at a reasonable price now! Click to see what you can get from us!\",\"breadcrumb\":{\"@id\":\"https:\\\/\\\/www.honlufoodtrailer.com\\\/product\\\/5m-coffee-trailer-in-square-shape\\\/#breadcrumb\"},\"inLanguage\":\"it-IT\",\"potentialAction\":[{\"@type\":\"ReadAction\",\"target\":[\"https:\\\/\\\/www.honlufoodtrailer.com\\\/product\\\/5m-coffee-trailer-in-square-shape\\\/\"]}]},{\"@type\":\"ImageObject\",\"inLanguage\":\"it-IT\",\"@id\":\"https:\\\/\\\/www.honlufoodtrailer.com\\\/product\\\/5m-coffee-trailer-in-square-shape\\\/#primaryimage\",\"url\":\"https:\\\/\\\/www.honlufoodtrailer.com\\\/wp-content\\\/uploads\\\/2024\\\/03\\\/5m-coffee-trailer-on-sale.jpg\",\"contentUrl\":\"https:\\\/\\\/www.honlufoodtrailer.com\\\/wp-content\\\/uploads\\\/2024\\\/03\\\/5m-coffee-trailer-on-sale.jpg\",\"width\":720,\"height\":540,\"caption\":\"5m coffee trailer on sale\"},{\"@type\":\"BreadcrumbList\",\"@id\":\"https:\\\/\\\/www.honlufoodtrailer.com\\\/product\\\/5m-coffee-trailer-in-square-shape\\\/#breadcrumb\",\"itemListElement\":[{\"@type\":\"ListItem\",\"position\":1,\"name\":\"Home\",\"item\":\"https:\\\/\\\/www.honlufoodtrailer.com\\\/\"},{\"@type\":\"ListItem\",\"position\":2,\"name\":\"\u4ea7\u54c1\",\"item\":\"https:\\\/\\\/www.honlufoodtrailer.com\\\/shop\\\/\"},{\"@type\":\"ListItem\",\"position\":3,\"name\":\"5m Coffee Trailer In Square Shape\"}]},{\"@type\":\"WebSite\",\"@id\":\"https:\\\/\\\/www.honlufoodtrailer.com\\\/#website\",\"url\":\"https:\\\/\\\/www.honlufoodtrailer.com\\\/\",\"name\":\"Honlu food trailer\",\"description\":\"\",\"publisher\":{\"@id\":\"https:\\\/\\\/www.honlufoodtrailer.com\\\/#organization\"},\"potentialAction\":[{\"@type\":\"SearchAction\",\"target\":{\"@type\":\"EntryPoint\",\"urlTemplate\":\"https:\\\/\\\/www.honlufoodtrailer.com\\\/?s={search_term_string}\"},\"query-input\":{\"@type\":\"PropertyValueSpecification\",\"valueRequired\":true,\"valueName\":\"search_term_string\"}}],\"inLanguage\":\"it-IT\"},{\"@type\":\"Organization\",\"@id\":\"https:\\\/\\\/www.honlufoodtrailer.com\\\/#organization\",\"name\":\"Honlu food trailer\",\"url\":\"https:\\\/\\\/www.honlufoodtrailer.com\\\/\",\"logo\":{\"@type\":\"ImageObject\",\"inLanguage\":\"it-IT\",\"@id\":\"https:\\\/\\\/www.honlufoodtrailer.com\\\/#\\\/schema\\\/logo\\\/image\\\/\",\"url\":\"https:\\\/\\\/www.honlufoodtrailer.com\\\/wp-content\\\/uploads\\\/2021\\\/12\\\/2.gif\",\"contentUrl\":\"https:\\\/\\\/www.honlufoodtrailer.com\\\/wp-content\\\/uploads\\\/2021\\\/12\\\/2.gif\",\"width\":350,\"height\":100,\"caption\":\"Honlu food trailer\"},\"image\":{\"@id\":\"https:\\\/\\\/www.honlufoodtrailer.com\\\/#\\\/schema\\\/logo\\\/image\\\/\"}}]}<\/script>\n<!-- \/ Yoast SEO plugin. -->","yoast_head_json":{"title":"Rimorchio per caff\u00e8 a prezzo di fabbrica in vendita dalla Cina - Rimorchio per cibo Honlu","description":"Cerchi un rimorchio per il caff\u00e8? Guarda questo qui! Acquistane subito uno simile o personalizzato a un prezzo ragionevole! Clicca per scoprire cosa possiamo offrirti!","robots":{"index":"index","follow":"follow","max-snippet":"max-snippet:-1","max-image-preview":"max-image-preview:large","max-video-preview":"max-video-preview:-1"},"canonical":"https:\/\/www.honlufoodtrailer.com\/it\/product\/5m-coffee-trailer-in-square-shape\/","og_locale":"it_IT","og_type":"article","og_title":"Factory Price Coffee Trailer For Sale from China - Honlu Food Trailer","og_description":"Looking for a coffee trailer? see this one here! Get a similar or customized one at a reasonable price now! Click to see what you can get from us!","og_url":"https:\/\/www.honlufoodtrailer.com\/it\/product\/5m-coffee-trailer-in-square-shape\/","og_site_name":"Honlu food trailer","article_modified_time":"2025-02-14T07:23:37+00:00","og_image":[{"width":720,"height":540,"url":"https:\/\/www.honlufoodtrailer.com\/wp-content\/uploads\/2024\/03\/5m-coffee-trailer-on-sale.jpg","type":"image\/jpeg"}],"twitter_card":"summary_large_image","twitter_misc":{"Tempo di lettura stimato":"1 minuto"},"schema":{"@context":"https:\/\/schema.org","@graph":[{"@type":"WebPage","@id":"https:\/\/www.honlufoodtrailer.com\/product\/5m-coffee-trailer-in-square-shape\/","url":"https:\/\/www.honlufoodtrailer.com\/product\/5m-coffee-trailer-in-square-shape\/","name":"Rimorchio per caff\u00e8 a prezzo di fabbrica in vendita dalla Cina - Rimorchio per cibo Honlu","isPartOf":{"@id":"https:\/\/www.honlufoodtrailer.com\/#website"},"primaryImageOfPage":{"@id":"https:\/\/www.honlufoodtrailer.com\/product\/5m-coffee-trailer-in-square-shape\/#primaryimage"},"image":{"@id":"https:\/\/www.honlufoodtrailer.com\/product\/5m-coffee-trailer-in-square-shape\/#primaryimage"},"thumbnailUrl":"https:\/\/www.honlufoodtrailer.com\/wp-content\/uploads\/2024\/03\/5m-coffee-trailer-on-sale.jpg","datePublished":"2024-03-11T08:45:20+00:00","dateModified":"2025-02-14T07:23:37+00:00","description":"Cerchi un rimorchio per il caff\u00e8? Guarda questo qui! Acquistane subito uno simile o personalizzato a un prezzo ragionevole! Clicca per scoprire cosa possiamo offrirti!","breadcrumb":{"@id":"https:\/\/www.honlufoodtrailer.com\/product\/5m-coffee-trailer-in-square-shape\/#breadcrumb"},"inLanguage":"it-IT","potentialAction":[{"@type":"ReadAction","target":["https:\/\/www.honlufoodtrailer.com\/product\/5m-coffee-trailer-in-square-shape\/"]}]},{"@type":"ImageObject","inLanguage":"it-IT","@id":"https:\/\/www.honlufoodtrailer.com\/product\/5m-coffee-trailer-in-square-shape\/#primaryimage","url":"https:\/\/www.honlufoodtrailer.com\/wp-content\/uploads\/2024\/03\/5m-coffee-trailer-on-sale.jpg","contentUrl":"https:\/\/www.honlufoodtrailer.com\/wp-content\/uploads\/2024\/03\/5m-coffee-trailer-on-sale.jpg","width":720,"height":540,"caption":"5m coffee trailer on sale"},{"@type":"BreadcrumbList","@id":"https:\/\/www.honlufoodtrailer.com\/product\/5m-coffee-trailer-in-square-shape\/#breadcrumb","itemListElement":[{"@type":"ListItem","position":1,"name":"Home","item":"https:\/\/www.honlufoodtrailer.com\/"},{"@type":"ListItem","position":2,"name":"\u4ea7\u54c1","item":"https:\/\/www.honlufoodtrailer.com\/shop\/"},{"@type":"ListItem","position":3,"name":"5m Coffee Trailer In Square Shape"}]},{"@type":"WebSite","@id":"https:\/\/www.honlufoodtrailer.com\/#website","url":"https:\/\/www.honlufoodtrailer.com\/","name":"Rimorchio alimentare Honlu","description":"","publisher":{"@id":"https:\/\/www.honlufoodtrailer.com\/#organization"},"potentialAction":[{"@type":"SearchAction","target":{"@type":"EntryPoint","urlTemplate":"https:\/\/www.honlufoodtrailer.com\/?s={search_term_string}"},"query-input":{"@type":"PropertyValueSpecification","valueRequired":true,"valueName":"search_term_string"}}],"inLanguage":"it-IT"},{"@type":"Organization","@id":"https:\/\/www.honlufoodtrailer.com\/#organization","name":"Rimorchio alimentare Honlu","url":"https:\/\/www.honlufoodtrailer.com\/","logo":{"@type":"ImageObject","inLanguage":"it-IT","@id":"https:\/\/www.honlufoodtrailer.com\/#\/schema\/logo\/image\/","url":"https:\/\/www.honlufoodtrailer.com\/wp-content\/uploads\/2021\/12\/2.gif","contentUrl":"https:\/\/www.honlufoodtrailer.com\/wp-content\/uploads\/2021\/12\/2.gif","width":350,"height":100,"caption":"Honlu food trailer"},"image":{"@id":"https:\/\/www.honlufoodtrailer.com\/#\/schema\/logo\/image\/"}}]}},"_links":{"self":[{"href":"https:\/\/www.honlufoodtrailer.com\/it\/wp-json\/wp\/v2\/product\/7020","targetHints":{"allow":["GET"]}}],"collection":[{"href":"https:\/\/www.honlufoodtrailer.com\/it\/wp-json\/wp\/v2\/product"}],"about":[{"href":"https:\/\/www.honlufoodtrailer.com\/it\/wp-json\/wp\/v2\/types\/product"}],"version-history":[{"count":9,"href":"https:\/\/www.honlufoodtrailer.com\/it\/wp-json\/wp\/v2\/product\/7020\/revisions"}],"predecessor-version":[{"id":7415,"href":"https:\/\/www.honlufoodtrailer.com\/it\/wp-json\/wp\/v2\/product\/7020\/revisions\/7415"}],"wp:featuredmedia":[{"embeddable":true,"href":"https:\/\/www.honlufoodtrailer.com\/it\/wp-json\/wp\/v2\/media\/7025"}],"wp:attachment":[{"href":"https:\/\/www.honlufoodtrailer.com\/it\/wp-json\/wp\/v2\/media?parent=7020"}],"wp:term":[{"taxonomy":"product_brand","embeddable":true,"href":"https:\/\/www.honlufoodtrailer.com\/it\/wp-json\/wp\/v2\/product_brand?post=7020"},{"taxonomy":"product_cat","embeddable":true,"href":"https:\/\/www.honlufoodtrailer.com\/it\/wp-json\/wp\/v2\/product_cat?post=7020"},{"taxonomy":"product_tag","embeddable":true,"href":"https:\/\/www.honlufoodtrailer.com\/it\/wp-json\/wp\/v2\/product_tag?post=7020"}],"curies":[{"name":"wp","href":"https:\/\/api.w.org\/{rel}","templated":true}]}}