{"id":7121,"date":"2024-03-15T16:17:52","date_gmt":"2024-03-15T08:17:52","guid":{"rendered":"https:\/\/www.honlufoodtrailer.com\/?post_type=product&#038;p=7121"},"modified":"2025-02-14T15:23:02","modified_gmt":"2025-02-14T07:23:02","slug":"shaved-ice-concession-trailer-for-sale","status":"publish","type":"product","link":"https:\/\/www.honlufoodtrailer.com\/it\/product\/shaved-ice-concession-trailer-for-sale\/","title":{"rendered":"10ft Ghiaccio rasato Concession Trailer per la vendita"},"content":{"rendered":"<p>Volete avviare un'attivit\u00e0 di rimorchio per la distribuzione di granite quest'estate? Allora potete vedere qui i nostri rimorchi per la vendita di granite! Nelle calde giornate estive, molte persone amano consumare bevande fredde. Un rimorchio per il ghiaccio sar\u00e0 molto popolare. Vediamo ora un rimorchio per ghiaccio da 10 piedi che abbiamo personalizzato per uno dei nostri clienti. Di seguito sono riportate alcune immagini.<\/p>\n<p><img fetchpriority=\"high\" decoding=\"async\" class=\"aligncenter size-full wp-image-7124\" src=\"https:\/\/www.honlufoodtrailer.com\/wp-content\/uploads\/2024\/03\/10ft-Shaved-Ice-Concession-Trailer-For-Sale.jpg\" alt=\"10ft Ghiaccio rasato Concession Trailer per la vendita\" width=\"720\" height=\"540\" srcset=\"https:\/\/www.honlufoodtrailer.com\/wp-content\/uploads\/2024\/03\/10ft-Shaved-Ice-Concession-Trailer-For-Sale.jpg 720w, https:\/\/www.honlufoodtrailer.com\/wp-content\/uploads\/2024\/03\/10ft-Shaved-Ice-Concession-Trailer-For-Sale-480x360.jpg 480w, https:\/\/www.honlufoodtrailer.com\/wp-content\/uploads\/2024\/03\/10ft-Shaved-Ice-Concession-Trailer-For-Sale-300x225.jpg 300w\" sizes=\"(max-width: 720px) 100vw, 720px\" \/><\/p>\n<h3>Dettagli interni di questo rimorchio per concessioni di ghiaccio tritato da 10 piedi<\/h3>\n<p>Come si pu\u00f2 vedere dall'immagine qui sotto, abbiamo equipaggiato questo rimorchio per il ghiaccio italiano di 10 piedi con due congelatori, una macchina per le bevande e diversi lavandini. L'attrezzatura \u00e8 sufficiente per l'attivit\u00e0 di rimorchio per la concessione del ghiaccio italiano.<\/p>\n<p><img decoding=\"async\" class=\"aligncenter size-full wp-image-7128\" src=\"https:\/\/www.honlufoodtrailer.com\/wp-content\/uploads\/2024\/03\/shaved-ice-trailer-inner-view.jpg\" alt=\"vista interna del rimorchio per la granita\" width=\"720\" height=\"540\" srcset=\"https:\/\/www.honlufoodtrailer.com\/wp-content\/uploads\/2024\/03\/shaved-ice-trailer-inner-view.jpg 720w, https:\/\/www.honlufoodtrailer.com\/wp-content\/uploads\/2024\/03\/shaved-ice-trailer-inner-view-480x360.jpg 480w, https:\/\/www.honlufoodtrailer.com\/wp-content\/uploads\/2024\/03\/shaved-ice-trailer-inner-view-300x225.jpg 300w\" sizes=\"(max-width: 720px) 100vw, 720px\" \/><\/p>\n<h3>Vantaggi del nostro rimorchio per concessioni di ghiaccio rasato in vendita<\/h3>\n<ol>\n<li>I nostri rimorchi per la vendita di granite sono compatti e possono essere facilmente spostati in luoghi diversi, rappresentando un'opzione versatile per i clienti.<\/li>\n<li>Possiamo aiutarvi a personalizzare il vostro rimorchio per la granita per adattarlo al vostro marchio e al vostro stile, sia che vogliate un design vivace e colorato o un look elegante e moderno.<\/li>\n<li>E non preoccupatevi dell'attrezzatura interna: possiamo equipaggiare i rimorchi per la granita con tutto il necessario.<\/li>\n<li>I nostri rimorchi per la granita sono realizzati in acciaio inossidabile di alta qualit\u00e0, resistente alla corrosione e durevole.<\/li>\n<li>Henan Honlu \u00e8 una fabbrica di rimorchi per alimenti in grado di esportare rimorchi per alimenti nei paesi d'oltremare. La nostra attivit\u00e0 di rimorchio per ghiaccio rasato \u00e8 ragionevole e competitiva.<\/li>\n<\/ol>\n<p><img decoding=\"async\" class=\"aligncenter size-full wp-image-7125\" src=\"https:\/\/www.honlufoodtrailer.com\/wp-content\/uploads\/2024\/03\/10ft-Shaved-Ice-Trailer-For-Sale-back-view.jpg\" alt=\"Rimorchio per ghiaccio rasato da 10 piedi in vendita vista posteriore\" width=\"720\" height=\"540\" srcset=\"https:\/\/www.honlufoodtrailer.com\/wp-content\/uploads\/2024\/03\/10ft-Shaved-Ice-Trailer-For-Sale-back-view.jpg 720w, https:\/\/www.honlufoodtrailer.com\/wp-content\/uploads\/2024\/03\/10ft-Shaved-Ice-Trailer-For-Sale-back-view-480x360.jpg 480w, https:\/\/www.honlufoodtrailer.com\/wp-content\/uploads\/2024\/03\/10ft-Shaved-Ice-Trailer-For-Sale-back-view-300x225.jpg 300w\" sizes=\"(max-width: 720px) 100vw, 720px\" \/><\/p>\n<p><img loading=\"lazy\" decoding=\"async\" class=\"aligncenter size-full wp-image-7129\" src=\"https:\/\/www.honlufoodtrailer.com\/wp-content\/uploads\/2024\/03\/shaved-ice-trailer.jpg\" alt=\"rimorchio per granite\" width=\"720\" height=\"540\" srcset=\"https:\/\/www.honlufoodtrailer.com\/wp-content\/uploads\/2024\/03\/shaved-ice-trailer.jpg 720w, https:\/\/www.honlufoodtrailer.com\/wp-content\/uploads\/2024\/03\/shaved-ice-trailer-480x360.jpg 480w, https:\/\/www.honlufoodtrailer.com\/wp-content\/uploads\/2024\/03\/shaved-ice-trailer-300x225.jpg 300w\" sizes=\"(max-width: 720px) 100vw, 720px\" \/><\/p>\n<p>I rimorchi per alimenti possono anche essere chiamati carrelli per alimenti, furgoni per alimenti, camion per alimenti e cos\u00ec via. Possono essere utilizzati per vendere fast food, snack, giornali, libri e cos\u00ec via. \u00c8 composto da telaio, carrozzeria, pavimentazione, tavolo di lavoro, impianto idrico ed elettrico. Gli utenti possono anche scegliere il colore che desiderano. Se i clienti lo desiderano, vorremmo acquistare altri tipi di attrezzature.<\/p>\n<h3><b class=\"magic-22\"><span class=\"magic-11\">Caratteristiche principali del rimorchio personalizzato per il ghiaccio italiano in vendita<\/span><\/b><\/h3>\n<div class=\"magic-2\">\n<div class=\"magic-3\">\n<div class=\"magic-4\">\n<p class=\"magic-5\" data-spm-anchor-id=\"a2700.details.0.i22.54e5117dtl16iL\"><span style=\"font-family: Tahoma;\">1<span class=\"magic-12\" data-spm-anchor-id=\"a2700.details.0.i21.54e5117dtl16iL\">. A basso costo ed ecologico, senza fumo e rumore, facile da spostare in qualsiasi luogo.<\/span><\/span><\/p>\n<p>2. Pu\u00f2 essere utilizzato per molti anni e non produce rifiuti, il che \u00e8 molto adatto alla vita moderna.<\/p>\n<p>3. \u00c8 comodo e semplice da caricare e trasportare perch\u00e9 il design \u00e8 unico e personalizzato.<\/p>\n<p>4. Il materiale principale \u00e8 l'acciaio inossidabile e la piattaforma (tavolo) non si arrugginisce.<\/p>\n<p>5. Ha una resistenza al calore e una forza elevata, un'alta solidit\u00e0 del colore, nessuna deformazione, impermeabilit\u00e0 e lunga durata.<\/p>\n<p><img loading=\"lazy\" decoding=\"async\" class=\"aligncenter size-full wp-image-7126\" src=\"https:\/\/www.honlufoodtrailer.com\/wp-content\/uploads\/2024\/03\/10ft-Shaved-Ice-Trailer.jpg\" alt=\"Rimorchio per ghiaccio tritato da 10 piedi\" width=\"720\" height=\"540\" srcset=\"https:\/\/www.honlufoodtrailer.com\/wp-content\/uploads\/2024\/03\/10ft-Shaved-Ice-Trailer.jpg 720w, https:\/\/www.honlufoodtrailer.com\/wp-content\/uploads\/2024\/03\/10ft-Shaved-Ice-Trailer-480x360.jpg 480w, https:\/\/www.honlufoodtrailer.com\/wp-content\/uploads\/2024\/03\/10ft-Shaved-Ice-Trailer-300x225.jpg 300w\" sizes=\"(max-width: 720px) 100vw, 720px\" \/><\/p>\n<\/div>\n<\/div>\n<\/div>\n<h3><b class=\"magic-22\"><span class=\"magic-11\">Vantaggio principale:<\/span><\/b><\/h3>\n<p><span class=\"magic-12\">1. Basso costo e ambiente;<br \/>\n2. Facile da spostare in qualsiasi luogo (la vostra attivit\u00e0 non \u00e8 vincolata);<br \/>\n3. Forma unica (invisibile per attirare pi\u00f9 clienti);<br \/>\n4. Lunga durata (resistente alla corrosione, al calore, impermeabile, senza deformazioni).<\/span><br \/>\nI rimorchi per la vendita di granite richiedono una manutenzione minima e hanno bassi costi di gestione, il che li rende una scelta economicamente vantaggiosa per la vostra attivit\u00e0 di ristorazione. Non esitate quindi a contattarci ora! Investite in un rimorchio per la vendita di granite e iniziate oggi stesso la vostra attivit\u00e0 di rimorchio per la ristorazione!<\/p>","protected":false},"excerpt":{"rendered":"<p>Questo \u00e8 uno dei nostri rimorchi per la concessione di ghiaccio rasato di 3 metri su misura in vendita. Se avete un budget ridotto, \u00e8 una buona scelta per avviare una piccola attivit\u00e0 di rimorchio per il ghiaccio. Possiamo produrre un rimorchio per la concessione del ghiaccio simile a questo o personalizzarne uno per voi. Contattateci e comunicateci le vostre esigenze dettagliate. Non esitate a contattarci!<\/p>","protected":false},"featured_media":7125,"template":"","meta":{"_themeisle_gutenberg_block_has_review":false},"product_brand":[],"product_cat":[26],"product_tag":[117,33,60,61,38,125],"class_list":{"0":"post-7121","1":"product","2":"type-product","3":"status-publish","4":"has-post-thumbnail","6":"product_cat-product","7":"product_tag-10ft-food-trailer","8":"product_tag-customized-trailer","9":"product_tag-fast-food-trailer","10":"product_tag-fast-food-trailer-for-sale","11":"product_tag-mobile-food-trailer","12":"product_tag-shaved-ice-trailer","14":"first","15":"instock","16":"shipping-taxable","17":"product-type-simple"},"yoast_head":"<!-- This site is optimized with the Yoast SEO plugin v27.4 - https:\/\/yoast.com\/product\/yoast-seo-wordpress\/ -->\n<title>Shaved Ice Concession Trailer For Sale from China - Honlu Trailer<\/title>\n<meta name=\"description\" content=\"Looking for a shaved ice concession trailer for sale? see this one here! Get a similar or customized one at a reasonable price now!\" \/>\n<meta name=\"robots\" content=\"index, follow, max-snippet:-1, max-image-preview:large, max-video-preview:-1\" \/>\n<link rel=\"canonical\" href=\"https:\/\/www.honlufoodtrailer.com\/it\/product\/shaved-ice-concession-trailer-for-sale\/\" \/>\n<meta property=\"og:locale\" content=\"it_IT\" \/>\n<meta property=\"og:type\" content=\"article\" \/>\n<meta property=\"og:title\" content=\"Shaved Ice Concession Trailer For Sale from China - Honlu Trailer\" \/>\n<meta property=\"og:description\" content=\"Looking for a shaved ice concession trailer for sale? see this one here! Get a similar or customized one at a reasonable price now!\" \/>\n<meta property=\"og:url\" content=\"https:\/\/www.honlufoodtrailer.com\/it\/product\/shaved-ice-concession-trailer-for-sale\/\" \/>\n<meta property=\"og:site_name\" content=\"Honlu food trailer\" \/>\n<meta property=\"article:modified_time\" content=\"2025-02-14T07:23:02+00:00\" \/>\n<meta property=\"og:image\" content=\"https:\/\/www.honlufoodtrailer.com\/wp-content\/uploads\/2024\/03\/10ft-Shaved-Ice-Trailer-For-Sale-back-view.jpg\" \/>\n\t<meta property=\"og:image:width\" content=\"720\" \/>\n\t<meta property=\"og:image:height\" content=\"540\" \/>\n\t<meta property=\"og:image:type\" content=\"image\/jpeg\" \/>\n<meta name=\"twitter:card\" content=\"summary_large_image\" \/>\n<meta name=\"twitter:label1\" content=\"Tempo di lettura stimato\" \/>\n\t<meta name=\"twitter:data1\" content=\"1 minuto\" \/>\n<script type=\"application\/ld+json\" class=\"yoast-schema-graph\">{\"@context\":\"https:\\\/\\\/schema.org\",\"@graph\":[{\"@type\":\"WebPage\",\"@id\":\"https:\\\/\\\/www.honlufoodtrailer.com\\\/product\\\/shaved-ice-concession-trailer-for-sale\\\/\",\"url\":\"https:\\\/\\\/www.honlufoodtrailer.com\\\/product\\\/shaved-ice-concession-trailer-for-sale\\\/\",\"name\":\"Shaved Ice Concession Trailer For Sale from China - Honlu Trailer\",\"isPartOf\":{\"@id\":\"https:\\\/\\\/www.honlufoodtrailer.com\\\/#website\"},\"primaryImageOfPage\":{\"@id\":\"https:\\\/\\\/www.honlufoodtrailer.com\\\/product\\\/shaved-ice-concession-trailer-for-sale\\\/#primaryimage\"},\"image\":{\"@id\":\"https:\\\/\\\/www.honlufoodtrailer.com\\\/product\\\/shaved-ice-concession-trailer-for-sale\\\/#primaryimage\"},\"thumbnailUrl\":\"https:\\\/\\\/www.honlufoodtrailer.com\\\/wp-content\\\/uploads\\\/2024\\\/03\\\/10ft-Shaved-Ice-Trailer-For-Sale-back-view.jpg\",\"datePublished\":\"2024-03-15T08:17:52+00:00\",\"dateModified\":\"2025-02-14T07:23:02+00:00\",\"description\":\"Looking for a shaved ice concession trailer for sale? see this one here! Get a similar or customized one at a reasonable price now!\",\"breadcrumb\":{\"@id\":\"https:\\\/\\\/www.honlufoodtrailer.com\\\/product\\\/shaved-ice-concession-trailer-for-sale\\\/#breadcrumb\"},\"inLanguage\":\"it-IT\",\"potentialAction\":[{\"@type\":\"ReadAction\",\"target\":[\"https:\\\/\\\/www.honlufoodtrailer.com\\\/product\\\/shaved-ice-concession-trailer-for-sale\\\/\"]}]},{\"@type\":\"ImageObject\",\"inLanguage\":\"it-IT\",\"@id\":\"https:\\\/\\\/www.honlufoodtrailer.com\\\/product\\\/shaved-ice-concession-trailer-for-sale\\\/#primaryimage\",\"url\":\"https:\\\/\\\/www.honlufoodtrailer.com\\\/wp-content\\\/uploads\\\/2024\\\/03\\\/10ft-Shaved-Ice-Trailer-For-Sale-back-view.jpg\",\"contentUrl\":\"https:\\\/\\\/www.honlufoodtrailer.com\\\/wp-content\\\/uploads\\\/2024\\\/03\\\/10ft-Shaved-Ice-Trailer-For-Sale-back-view.jpg\",\"width\":720,\"height\":540,\"caption\":\"10ft Shaved Ice Trailer For Sale back view\"},{\"@type\":\"BreadcrumbList\",\"@id\":\"https:\\\/\\\/www.honlufoodtrailer.com\\\/product\\\/shaved-ice-concession-trailer-for-sale\\\/#breadcrumb\",\"itemListElement\":[{\"@type\":\"ListItem\",\"position\":1,\"name\":\"Home\",\"item\":\"https:\\\/\\\/www.honlufoodtrailer.com\\\/\"},{\"@type\":\"ListItem\",\"position\":2,\"name\":\"\u4ea7\u54c1\",\"item\":\"https:\\\/\\\/www.honlufoodtrailer.com\\\/shop\\\/\"},{\"@type\":\"ListItem\",\"position\":3,\"name\":\"10ft Shaved Ice Concession Trailer For Sale\"}]},{\"@type\":\"WebSite\",\"@id\":\"https:\\\/\\\/www.honlufoodtrailer.com\\\/#website\",\"url\":\"https:\\\/\\\/www.honlufoodtrailer.com\\\/\",\"name\":\"Honlu food trailer\",\"description\":\"\",\"publisher\":{\"@id\":\"https:\\\/\\\/www.honlufoodtrailer.com\\\/#organization\"},\"potentialAction\":[{\"@type\":\"SearchAction\",\"target\":{\"@type\":\"EntryPoint\",\"urlTemplate\":\"https:\\\/\\\/www.honlufoodtrailer.com\\\/?s={search_term_string}\"},\"query-input\":{\"@type\":\"PropertyValueSpecification\",\"valueRequired\":true,\"valueName\":\"search_term_string\"}}],\"inLanguage\":\"it-IT\"},{\"@type\":\"Organization\",\"@id\":\"https:\\\/\\\/www.honlufoodtrailer.com\\\/#organization\",\"name\":\"Honlu food trailer\",\"url\":\"https:\\\/\\\/www.honlufoodtrailer.com\\\/\",\"logo\":{\"@type\":\"ImageObject\",\"inLanguage\":\"it-IT\",\"@id\":\"https:\\\/\\\/www.honlufoodtrailer.com\\\/#\\\/schema\\\/logo\\\/image\\\/\",\"url\":\"https:\\\/\\\/www.honlufoodtrailer.com\\\/wp-content\\\/uploads\\\/2021\\\/12\\\/2.gif\",\"contentUrl\":\"https:\\\/\\\/www.honlufoodtrailer.com\\\/wp-content\\\/uploads\\\/2021\\\/12\\\/2.gif\",\"width\":350,\"height\":100,\"caption\":\"Honlu food trailer\"},\"image\":{\"@id\":\"https:\\\/\\\/www.honlufoodtrailer.com\\\/#\\\/schema\\\/logo\\\/image\\\/\"}}]}<\/script>\n<!-- \/ Yoast SEO plugin. -->","yoast_head_json":{"title":"Ghiaccio rasato Concession Trailer In vendita da Porcellana - Honlu Trailer","description":"Cerchi un rimorchio per la vendita di ghiaccio tritato? Guarda questo qui! Trovatene uno simile o personalizzato a un prezzo ragionevole!","robots":{"index":"index","follow":"follow","max-snippet":"max-snippet:-1","max-image-preview":"max-image-preview:large","max-video-preview":"max-video-preview:-1"},"canonical":"https:\/\/www.honlufoodtrailer.com\/it\/product\/shaved-ice-concession-trailer-for-sale\/","og_locale":"it_IT","og_type":"article","og_title":"Shaved Ice Concession Trailer For Sale from China - Honlu Trailer","og_description":"Looking for a shaved ice concession trailer for sale? see this one here! Get a similar or customized one at a reasonable price now!","og_url":"https:\/\/www.honlufoodtrailer.com\/it\/product\/shaved-ice-concession-trailer-for-sale\/","og_site_name":"Honlu food trailer","article_modified_time":"2025-02-14T07:23:02+00:00","og_image":[{"width":720,"height":540,"url":"https:\/\/www.honlufoodtrailer.com\/wp-content\/uploads\/2024\/03\/10ft-Shaved-Ice-Trailer-For-Sale-back-view.jpg","type":"image\/jpeg"}],"twitter_card":"summary_large_image","twitter_misc":{"Tempo di lettura stimato":"1 minuto"},"schema":{"@context":"https:\/\/schema.org","@graph":[{"@type":"WebPage","@id":"https:\/\/www.honlufoodtrailer.com\/product\/shaved-ice-concession-trailer-for-sale\/","url":"https:\/\/www.honlufoodtrailer.com\/product\/shaved-ice-concession-trailer-for-sale\/","name":"Ghiaccio rasato Concession Trailer In vendita da Porcellana - Honlu Trailer","isPartOf":{"@id":"https:\/\/www.honlufoodtrailer.com\/#website"},"primaryImageOfPage":{"@id":"https:\/\/www.honlufoodtrailer.com\/product\/shaved-ice-concession-trailer-for-sale\/#primaryimage"},"image":{"@id":"https:\/\/www.honlufoodtrailer.com\/product\/shaved-ice-concession-trailer-for-sale\/#primaryimage"},"thumbnailUrl":"https:\/\/www.honlufoodtrailer.com\/wp-content\/uploads\/2024\/03\/10ft-Shaved-Ice-Trailer-For-Sale-back-view.jpg","datePublished":"2024-03-15T08:17:52+00:00","dateModified":"2025-02-14T07:23:02+00:00","description":"Cerchi un rimorchio per la vendita di ghiaccio tritato? Guarda questo qui! Trovatene uno simile o personalizzato a un prezzo ragionevole!","breadcrumb":{"@id":"https:\/\/www.honlufoodtrailer.com\/product\/shaved-ice-concession-trailer-for-sale\/#breadcrumb"},"inLanguage":"it-IT","potentialAction":[{"@type":"ReadAction","target":["https:\/\/www.honlufoodtrailer.com\/product\/shaved-ice-concession-trailer-for-sale\/"]}]},{"@type":"ImageObject","inLanguage":"it-IT","@id":"https:\/\/www.honlufoodtrailer.com\/product\/shaved-ice-concession-trailer-for-sale\/#primaryimage","url":"https:\/\/www.honlufoodtrailer.com\/wp-content\/uploads\/2024\/03\/10ft-Shaved-Ice-Trailer-For-Sale-back-view.jpg","contentUrl":"https:\/\/www.honlufoodtrailer.com\/wp-content\/uploads\/2024\/03\/10ft-Shaved-Ice-Trailer-For-Sale-back-view.jpg","width":720,"height":540,"caption":"10ft Shaved Ice Trailer For Sale back view"},{"@type":"BreadcrumbList","@id":"https:\/\/www.honlufoodtrailer.com\/product\/shaved-ice-concession-trailer-for-sale\/#breadcrumb","itemListElement":[{"@type":"ListItem","position":1,"name":"Home","item":"https:\/\/www.honlufoodtrailer.com\/"},{"@type":"ListItem","position":2,"name":"\u4ea7\u54c1","item":"https:\/\/www.honlufoodtrailer.com\/shop\/"},{"@type":"ListItem","position":3,"name":"10ft Shaved Ice Concession Trailer For Sale"}]},{"@type":"WebSite","@id":"https:\/\/www.honlufoodtrailer.com\/#website","url":"https:\/\/www.honlufoodtrailer.com\/","name":"Rimorchio alimentare Honlu","description":"","publisher":{"@id":"https:\/\/www.honlufoodtrailer.com\/#organization"},"potentialAction":[{"@type":"SearchAction","target":{"@type":"EntryPoint","urlTemplate":"https:\/\/www.honlufoodtrailer.com\/?s={search_term_string}"},"query-input":{"@type":"PropertyValueSpecification","valueRequired":true,"valueName":"search_term_string"}}],"inLanguage":"it-IT"},{"@type":"Organization","@id":"https:\/\/www.honlufoodtrailer.com\/#organization","name":"Rimorchio alimentare Honlu","url":"https:\/\/www.honlufoodtrailer.com\/","logo":{"@type":"ImageObject","inLanguage":"it-IT","@id":"https:\/\/www.honlufoodtrailer.com\/#\/schema\/logo\/image\/","url":"https:\/\/www.honlufoodtrailer.com\/wp-content\/uploads\/2021\/12\/2.gif","contentUrl":"https:\/\/www.honlufoodtrailer.com\/wp-content\/uploads\/2021\/12\/2.gif","width":350,"height":100,"caption":"Honlu food trailer"},"image":{"@id":"https:\/\/www.honlufoodtrailer.com\/#\/schema\/logo\/image\/"}}]}},"_links":{"self":[{"href":"https:\/\/www.honlufoodtrailer.com\/it\/wp-json\/wp\/v2\/product\/7121","targetHints":{"allow":["GET"]}}],"collection":[{"href":"https:\/\/www.honlufoodtrailer.com\/it\/wp-json\/wp\/v2\/product"}],"about":[{"href":"https:\/\/www.honlufoodtrailer.com\/it\/wp-json\/wp\/v2\/types\/product"}],"version-history":[{"count":5,"href":"https:\/\/www.honlufoodtrailer.com\/it\/wp-json\/wp\/v2\/product\/7121\/revisions"}],"predecessor-version":[{"id":8199,"href":"https:\/\/www.honlufoodtrailer.com\/it\/wp-json\/wp\/v2\/product\/7121\/revisions\/8199"}],"wp:featuredmedia":[{"embeddable":true,"href":"https:\/\/www.honlufoodtrailer.com\/it\/wp-json\/wp\/v2\/media\/7125"}],"wp:attachment":[{"href":"https:\/\/www.honlufoodtrailer.com\/it\/wp-json\/wp\/v2\/media?parent=7121"}],"wp:term":[{"taxonomy":"product_brand","embeddable":true,"href":"https:\/\/www.honlufoodtrailer.com\/it\/wp-json\/wp\/v2\/product_brand?post=7121"},{"taxonomy":"product_cat","embeddable":true,"href":"https:\/\/www.honlufoodtrailer.com\/it\/wp-json\/wp\/v2\/product_cat?post=7121"},{"taxonomy":"product_tag","embeddable":true,"href":"https:\/\/www.honlufoodtrailer.com\/it\/wp-json\/wp\/v2\/product_tag?post=7121"}],"curies":[{"name":"wp","href":"https:\/\/api.w.org\/{rel}","templated":true}]}}