{"id":7283,"date":"2024-03-28T16:54:18","date_gmt":"2024-03-28T08:54:18","guid":{"rendered":"https:\/\/www.honlufoodtrailer.com\/?post_type=product&#038;p=7283"},"modified":"2025-02-14T15:20:52","modified_gmt":"2025-02-14T07:20:52","slug":"10ft-food-trailer-for-sale","status":"publish","type":"product","link":"https:\/\/www.honlufoodtrailer.com\/it\/product\/10ft-food-trailer-for-sale\/","title":{"rendered":"Rimorchio per alimenti da 10 piedi in vendita"},"content":{"rendered":"<p>Volete avviare un'attivit\u00e0 di ristorazione ma non volete investire in un ristorante in muratura? Avete preso in considerazione un rimorchio per alimenti? Questa opzione trendy e conveniente \u00e8 diventata sempre pi\u00f9 popolare nell'industria alimentare. Quando si parla di rimorchi per alimenti, le dimensioni di 10 piedi sono perfette per gli imprenditori che desiderano portare in giro le loro deliziose creazioni.<\/p>\n<p><img fetchpriority=\"high\" decoding=\"async\" class=\"aligncenter size-full wp-image-7286\" src=\"https:\/\/www.honlufoodtrailer.com\/wp-content\/uploads\/2024\/03\/10ft-food-trailer-front-view.jpg\" alt=\"Vista frontale del rimorchio alimentare da 10 piedi\" width=\"720\" height=\"540\" srcset=\"https:\/\/www.honlufoodtrailer.com\/wp-content\/uploads\/2024\/03\/10ft-food-trailer-front-view.jpg 720w, https:\/\/www.honlufoodtrailer.com\/wp-content\/uploads\/2024\/03\/10ft-food-trailer-front-view-480x360.jpg 480w, https:\/\/www.honlufoodtrailer.com\/wp-content\/uploads\/2024\/03\/10ft-food-trailer-front-view-300x225.jpg 300w\" sizes=\"(max-width: 720px) 100vw, 720px\" \/><br \/>\nIl rimorchio per alimenti da 10 piedi offre tutti i requisiti essenziali per la vostra attivit\u00e0 di ristorazione. Dalle attrezzature per la refrigerazione e la cottura allo spazio per il bancone, ha tutto ci\u00f2 che serve per preparare e servire i vostri piatti. Le sue dimensioni compatte facilitano inoltre l'organizzazione, garantendo un flusso di lavoro fluido anche in viaggio.<\/p>\n<p><img decoding=\"async\" class=\"aligncenter size-full wp-image-7287\" src=\"https:\/\/www.honlufoodtrailer.com\/wp-content\/uploads\/2024\/03\/10ft-food-trailer-inner-view.jpg\" alt=\"Vista interna del rimorchio alimentare da 10 piedi\" width=\"720\" height=\"540\" srcset=\"https:\/\/www.honlufoodtrailer.com\/wp-content\/uploads\/2024\/03\/10ft-food-trailer-inner-view.jpg 720w, https:\/\/www.honlufoodtrailer.com\/wp-content\/uploads\/2024\/03\/10ft-food-trailer-inner-view-480x360.jpg 480w, https:\/\/www.honlufoodtrailer.com\/wp-content\/uploads\/2024\/03\/10ft-food-trailer-inner-view-300x225.jpg 300w\" sizes=\"(max-width: 720px) 100vw, 720px\" \/><\/p>\n<h2>Vantaggi della scelta di un rimorchio per alimenti da 10 piedi<\/h2>\n<h3>Prima di tutto, parliamo di dimensioni<\/h3>\n<p>Il rimorchio per alimenti da 10 piedi \u00e8 compatto ma spazioso, per cui \u00e8 facile da manovrare sulla strada, pur offrendo spazio sufficiente per le attrezzature di cucina e per lo stoccaggio. \u00c8 anche una scelta popolare per eventi e festival, in quanto occupa meno spazio rispetto ai rimorchi pi\u00f9 grandi, dandovi un vantaggio quando si tratta di trovare un posto per l'allestimento.<\/p>\n<h3>Uno dei maggiori vantaggi di un rimorchio per alimenti da 10 piedi \u00e8 la sua convenienza.<\/h3>\n<p>Si tratta di un'alternativa economicamente vantaggiosa rispetto a un ristorante tradizionale. Ci\u00f2 consente agli aspiranti imprenditori del settore alimentare di entrare nel settore con un investimento minore e una maggiore flessibilit\u00e0. Inoltre, avete la possibilit\u00e0 di personalizzare il vostro rimorchio in base al vostro budget e alle vostre esigenze specifiche.<\/p>\n<p><img decoding=\"async\" class=\"aligncenter size-full wp-image-7289\" src=\"https:\/\/www.honlufoodtrailer.com\/wp-content\/uploads\/2024\/03\/10ft-food-trailer-side-view.jpg\" alt=\"Vista laterale del rimorchio alimentare da 10 piedi\" width=\"720\" height=\"540\" srcset=\"https:\/\/www.honlufoodtrailer.com\/wp-content\/uploads\/2024\/03\/10ft-food-trailer-side-view.jpg 720w, https:\/\/www.honlufoodtrailer.com\/wp-content\/uploads\/2024\/03\/10ft-food-trailer-side-view-480x360.jpg 480w, https:\/\/www.honlufoodtrailer.com\/wp-content\/uploads\/2024\/03\/10ft-food-trailer-side-view-300x225.jpg 300w\" sizes=\"(max-width: 720px) 100vw, 720px\" \/><\/p>\n<h3>Il passaggio da una sede all'altra \u00e8 un gioco da ragazzi con un rimorchio per alimenti di 10 piedi.<\/h3>\n<p>Pu\u00f2 essere facilmente rimorchiato da un veicolo di dimensioni normali, rendendolo accessibile per i servizi di street food vending, eventi e catering. \u00c8 inoltre possibile sfruttare la mobilit\u00e0 ed esplorare luoghi diversi per raggiungere una base di clienti pi\u00f9 ampia.<\/p>\n<p>Inoltre, con un rimorchio di 10 piedi, avete la flessibilit\u00e0 di cambiare il vostro menu e offrire una variet\u00e0 di piatti a seconda del luogo e della stagione. Questo non solo mantiene vivo l'interesse dei clienti, ma consente anche di soddisfare diverse restrizioni e preferenze alimentari.<\/p>\n<h3>Un altro vantaggio di un rimorchio per alimenti di 10 piedi \u00e8 il basso costo delle spese generali.<\/h3>\n<p>Rispetto a un ristorante in muratura, non dovrete preoccuparvi di pagare l'affitto, le utenze e altre spese fisse. In questo modo avrete un maggiore controllo sui vostri profitti e potrete concentrarvi sulla crescita della vostra attivit\u00e0.<\/p>\n<p><img loading=\"lazy\" decoding=\"async\" class=\"aligncenter size-full wp-image-7284\" src=\"https:\/\/www.honlufoodtrailer.com\/wp-content\/uploads\/2024\/03\/10ft-food-trailer-back-view.jpg\" alt=\"Vista posteriore del rimorchio alimentare da 10 piedi\" width=\"720\" height=\"540\" srcset=\"https:\/\/www.honlufoodtrailer.com\/wp-content\/uploads\/2024\/03\/10ft-food-trailer-back-view.jpg 720w, https:\/\/www.honlufoodtrailer.com\/wp-content\/uploads\/2024\/03\/10ft-food-trailer-back-view-480x360.jpg 480w, https:\/\/www.honlufoodtrailer.com\/wp-content\/uploads\/2024\/03\/10ft-food-trailer-back-view-300x225.jpg 300w\" sizes=\"(max-width: 720px) 100vw, 720px\" \/><\/p>\n<h3>Per quanto riguarda la manutenzione, un rimorchio per alimenti di 10 piedi richiede una manutenzione minima.<\/h3>\n<p>Con una pulizia regolare e una corretta manutenzione delle attrezzature, queste possono durare per anni, diventando cos\u00ec un investimento valido per la vostra attivit\u00e0 alimentare.<\/p>\n<p>Infine, un rimorchio per alimenti di 10 piedi \u00e8 ecologico. Poich\u00e9 non richiede una sede permanente, non contribuisce al consumo di terra e di energia. Potete anche optare per materiali ed elettrodomestici ecologici per ridurre l'impronta di carbonio.<\/p>\n<p>In conclusione, un rimorchio per alimenti da 10 piedi \u00e8 un'opzione compatta, conveniente e versatile per gli imprenditori che desiderano entrare nel settore alimentare. La mobilit\u00e0, la convenienza e i bassi costi generali ne fanno una scelta popolare per le aziende alimentari di tutti i tipi. Quindi perch\u00e9 aspettare? Investite in un rimorchio per alimenti da 10 piedi e portate in giro le vostre deliziose creazioni.<\/p>\n<p>&nbsp;<\/p>\n<h2>Ulteriori dettagli sul nostro rimorchio per alimenti da 10 piedi<\/h2>\n<p>In base alle esigenze dei nostri clienti, abbiamo gi\u00e0 equipaggiato questo rimorchio di 10 piedi con attrezzature di base come cappa, lavelli, piastra a gas e tavolo da lavoro.<\/p>\n<p><img loading=\"lazy\" decoding=\"async\" class=\"aligncenter size-full wp-image-7292\" src=\"https:\/\/www.honlufoodtrailer.com\/wp-content\/uploads\/2024\/03\/10ft-food-trailer-details.jpg\" alt=\"Dettagli rimorchio alimentare da 10 piedi\" width=\"800\" height=\"800\" srcset=\"https:\/\/www.honlufoodtrailer.com\/wp-content\/uploads\/2024\/03\/10ft-food-trailer-details.jpg 800w, https:\/\/www.honlufoodtrailer.com\/wp-content\/uploads\/2024\/03\/10ft-food-trailer-details-768x768.jpg 768w, https:\/\/www.honlufoodtrailer.com\/wp-content\/uploads\/2024\/03\/10ft-food-trailer-details-360x360.jpg 360w, https:\/\/www.honlufoodtrailer.com\/wp-content\/uploads\/2024\/03\/10ft-food-trailer-details-300x300.jpg 300w, https:\/\/www.honlufoodtrailer.com\/wp-content\/uploads\/2024\/03\/10ft-food-trailer-details-720x720.jpg 720w, https:\/\/www.honlufoodtrailer.com\/wp-content\/uploads\/2024\/03\/10ft-food-trailer-details-100x100.jpg 100w\" sizes=\"(max-width: 800px) 100vw, 800px\" \/><\/p>\n<p>I rimorchi per alimenti possono anche essere chiamati carrelli per alimenti, furgoni per alimenti, camion per alimenti e cos\u00ec via. Possono essere utilizzati per vendere fast food, snack, giornali, libri e cos\u00ec via. \u00c8 composto da telaio, carrozzeria, pavimentazione, tavolo di lavoro, impianto idrico ed elettrico. Gli utenti possono anche scegliere il colore che desiderano. Se i clienti lo desiderano, vorremmo acquistare altri tipi di attrezzature.<\/p>\n<h2><b class=\"magic-22\"><span class=\"magic-11\">Caratteristiche principali del rimorchio per alimenti da 10 piedi personalizzato<\/span><\/b><\/h2>\n<div class=\"magic-2\">\n<div class=\"magic-3\">\n<div class=\"magic-4\">\n<p class=\"magic-5\" data-spm-anchor-id=\"a2700.details.0.i22.54e5117dtl16iL\"><span style=\"font-family: Tahoma;\">1<span class=\"magic-12\" data-spm-anchor-id=\"a2700.details.0.i21.54e5117dtl16iL\">. A basso costo ed ecologico, senza fumo e rumore, facile da spostare in qualsiasi luogo.<\/span><\/span><\/p>\n<p>2. Pu\u00f2 essere utilizzato per molti anni e non produce rifiuti, il che \u00e8 molto adatto alla vita moderna.<\/p>\n<p>3. \u00c8 comodo e semplice da caricare e trasportare perch\u00e9 il design \u00e8 unico e personalizzato.<\/p>\n<p>4. Il materiale principale \u00e8 l'acciaio inossidabile e la piattaforma (tavolo) non si arrugginisce.<\/p>\n<p>5. Ha una resistenza al calore e una forza elevata, un'alta solidit\u00e0 del colore, nessuna deformazione, impermeabilit\u00e0 e lunga durata.<\/p>\n<p><img loading=\"lazy\" decoding=\"async\" class=\"aligncenter size-full wp-image-7285\" src=\"https:\/\/www.honlufoodtrailer.com\/wp-content\/uploads\/2024\/03\/10ft-food-trailer-for-sale.jpg\" alt=\"Vendita rimorchio alimentare da 10 piedi\" width=\"720\" height=\"540\" srcset=\"https:\/\/www.honlufoodtrailer.com\/wp-content\/uploads\/2024\/03\/10ft-food-trailer-for-sale.jpg 720w, https:\/\/www.honlufoodtrailer.com\/wp-content\/uploads\/2024\/03\/10ft-food-trailer-for-sale-480x360.jpg 480w, https:\/\/www.honlufoodtrailer.com\/wp-content\/uploads\/2024\/03\/10ft-food-trailer-for-sale-300x225.jpg 300w\" sizes=\"(max-width: 720px) 100vw, 720px\" \/><\/p>\n<\/div>\n<\/div>\n<\/div>\n<h2><b class=\"magic-22\"><span class=\"magic-11\">Vantaggio principale:<\/span><\/b><\/h2>\n<p><span class=\"magic-12\">1. Basso costo e ambiente;<br \/>\n2. Facile da spostare in qualsiasi luogo (la vostra attivit\u00e0 non \u00e8 vincolata);<br \/>\n3. Forma unica (invisibile per attirare pi\u00f9 clienti);<br \/>\n4. Lunga durata (resistente alla corrosione, al calore, impermeabile, senza deformazioni).<\/span><\/p>","protected":false},"excerpt":{"rendered":"<p>Questo \u00e8 uno dei nostri rimorchi alimentari di 10 piedi su misura in vendita. Di solito, \u00e8 il modello preferito per avviare una piccola attivit\u00e0 di rimorchio per alimenti. Naturalmente, possiamo produrre un rimorchio alimentare di 10 piedi simile a questo o personalizzarne uno per voi. Contattateci e comunicateci le vostre esigenze dettagliate. Non esitate a contattarci!<\/p>","protected":false},"featured_media":7286,"template":"","meta":{"_themeisle_gutenberg_block_has_review":false},"product_brand":[],"product_cat":[26],"product_tag":[117,33,60,61,38],"class_list":{"0":"post-7283","1":"product","2":"type-product","3":"status-publish","4":"has-post-thumbnail","6":"product_cat-product","7":"product_tag-10ft-food-trailer","8":"product_tag-customized-trailer","9":"product_tag-fast-food-trailer","10":"product_tag-fast-food-trailer-for-sale","11":"product_tag-mobile-food-trailer","13":"first","14":"instock","15":"shipping-taxable","16":"product-type-simple"},"yoast_head":"<!-- This site is optimized with the Yoast SEO plugin v27.4 - https:\/\/yoast.com\/product\/yoast-seo-wordpress\/ -->\n<title>10ft Food Trailer For Sale from China - Honlu Food Trailer<\/title>\n<meta name=\"description\" content=\"Looking for a 10ft food trailer for sale? see this one here! Get a similar or customized 10ft concession trailer at a reasonable price now!\" \/>\n<meta name=\"robots\" content=\"index, follow, max-snippet:-1, max-image-preview:large, max-video-preview:-1\" \/>\n<link rel=\"canonical\" href=\"https:\/\/www.honlufoodtrailer.com\/it\/product\/10ft-food-trailer-for-sale\/\" \/>\n<meta property=\"og:locale\" content=\"it_IT\" \/>\n<meta property=\"og:type\" content=\"article\" \/>\n<meta property=\"og:title\" content=\"10ft Food Trailer For Sale from China - Honlu Food Trailer\" \/>\n<meta property=\"og:description\" content=\"Looking for a 10ft food trailer for sale? see this one here! Get a similar or customized 10ft concession trailer at a reasonable price now!\" \/>\n<meta property=\"og:url\" content=\"https:\/\/www.honlufoodtrailer.com\/it\/product\/10ft-food-trailer-for-sale\/\" \/>\n<meta property=\"og:site_name\" content=\"Honlu food trailer\" \/>\n<meta property=\"article:modified_time\" content=\"2025-02-14T07:20:52+00:00\" \/>\n<meta property=\"og:image\" content=\"https:\/\/www.honlufoodtrailer.com\/wp-content\/uploads\/2024\/03\/10ft-food-trailer-front-view.jpg\" \/>\n\t<meta property=\"og:image:width\" content=\"720\" \/>\n\t<meta property=\"og:image:height\" content=\"540\" \/>\n\t<meta property=\"og:image:type\" content=\"image\/jpeg\" \/>\n<meta name=\"twitter:card\" content=\"summary_large_image\" \/>\n<meta name=\"twitter:label1\" content=\"Tempo di lettura stimato\" \/>\n\t<meta name=\"twitter:data1\" content=\"1 minuto\" \/>\n<script type=\"application\/ld+json\" class=\"yoast-schema-graph\">{\"@context\":\"https:\\\/\\\/schema.org\",\"@graph\":[{\"@type\":\"WebPage\",\"@id\":\"https:\\\/\\\/www.honlufoodtrailer.com\\\/product\\\/10ft-food-trailer-for-sale\\\/\",\"url\":\"https:\\\/\\\/www.honlufoodtrailer.com\\\/product\\\/10ft-food-trailer-for-sale\\\/\",\"name\":\"10ft Food Trailer For Sale from China - Honlu Food Trailer\",\"isPartOf\":{\"@id\":\"https:\\\/\\\/www.honlufoodtrailer.com\\\/#website\"},\"primaryImageOfPage\":{\"@id\":\"https:\\\/\\\/www.honlufoodtrailer.com\\\/product\\\/10ft-food-trailer-for-sale\\\/#primaryimage\"},\"image\":{\"@id\":\"https:\\\/\\\/www.honlufoodtrailer.com\\\/product\\\/10ft-food-trailer-for-sale\\\/#primaryimage\"},\"thumbnailUrl\":\"https:\\\/\\\/www.honlufoodtrailer.com\\\/wp-content\\\/uploads\\\/2024\\\/03\\\/10ft-food-trailer-front-view.jpg\",\"datePublished\":\"2024-03-28T08:54:18+00:00\",\"dateModified\":\"2025-02-14T07:20:52+00:00\",\"description\":\"Looking for a 10ft food trailer for sale? see this one here! Get a similar or customized 10ft concession trailer at a reasonable price now!\",\"breadcrumb\":{\"@id\":\"https:\\\/\\\/www.honlufoodtrailer.com\\\/product\\\/10ft-food-trailer-for-sale\\\/#breadcrumb\"},\"inLanguage\":\"it-IT\",\"potentialAction\":[{\"@type\":\"ReadAction\",\"target\":[\"https:\\\/\\\/www.honlufoodtrailer.com\\\/product\\\/10ft-food-trailer-for-sale\\\/\"]}]},{\"@type\":\"ImageObject\",\"inLanguage\":\"it-IT\",\"@id\":\"https:\\\/\\\/www.honlufoodtrailer.com\\\/product\\\/10ft-food-trailer-for-sale\\\/#primaryimage\",\"url\":\"https:\\\/\\\/www.honlufoodtrailer.com\\\/wp-content\\\/uploads\\\/2024\\\/03\\\/10ft-food-trailer-front-view.jpg\",\"contentUrl\":\"https:\\\/\\\/www.honlufoodtrailer.com\\\/wp-content\\\/uploads\\\/2024\\\/03\\\/10ft-food-trailer-front-view.jpg\",\"width\":720,\"height\":540,\"caption\":\"10ft food trailer front view\"},{\"@type\":\"BreadcrumbList\",\"@id\":\"https:\\\/\\\/www.honlufoodtrailer.com\\\/product\\\/10ft-food-trailer-for-sale\\\/#breadcrumb\",\"itemListElement\":[{\"@type\":\"ListItem\",\"position\":1,\"name\":\"Home\",\"item\":\"https:\\\/\\\/www.honlufoodtrailer.com\\\/\"},{\"@type\":\"ListItem\",\"position\":2,\"name\":\"\u4ea7\u54c1\",\"item\":\"https:\\\/\\\/www.honlufoodtrailer.com\\\/shop\\\/\"},{\"@type\":\"ListItem\",\"position\":3,\"name\":\"10ft Food Trailer For Sale\"}]},{\"@type\":\"WebSite\",\"@id\":\"https:\\\/\\\/www.honlufoodtrailer.com\\\/#website\",\"url\":\"https:\\\/\\\/www.honlufoodtrailer.com\\\/\",\"name\":\"Honlu food trailer\",\"description\":\"\",\"publisher\":{\"@id\":\"https:\\\/\\\/www.honlufoodtrailer.com\\\/#organization\"},\"potentialAction\":[{\"@type\":\"SearchAction\",\"target\":{\"@type\":\"EntryPoint\",\"urlTemplate\":\"https:\\\/\\\/www.honlufoodtrailer.com\\\/?s={search_term_string}\"},\"query-input\":{\"@type\":\"PropertyValueSpecification\",\"valueRequired\":true,\"valueName\":\"search_term_string\"}}],\"inLanguage\":\"it-IT\"},{\"@type\":\"Organization\",\"@id\":\"https:\\\/\\\/www.honlufoodtrailer.com\\\/#organization\",\"name\":\"Honlu food trailer\",\"url\":\"https:\\\/\\\/www.honlufoodtrailer.com\\\/\",\"logo\":{\"@type\":\"ImageObject\",\"inLanguage\":\"it-IT\",\"@id\":\"https:\\\/\\\/www.honlufoodtrailer.com\\\/#\\\/schema\\\/logo\\\/image\\\/\",\"url\":\"https:\\\/\\\/www.honlufoodtrailer.com\\\/wp-content\\\/uploads\\\/2021\\\/12\\\/2.gif\",\"contentUrl\":\"https:\\\/\\\/www.honlufoodtrailer.com\\\/wp-content\\\/uploads\\\/2021\\\/12\\\/2.gif\",\"width\":350,\"height\":100,\"caption\":\"Honlu food trailer\"},\"image\":{\"@id\":\"https:\\\/\\\/www.honlufoodtrailer.com\\\/#\\\/schema\\\/logo\\\/image\\\/\"}}]}<\/script>\n<!-- \/ Yoast SEO plugin. -->","yoast_head_json":{"title":"10ft Food Trailer In vendita da Porcellana - Honlu Food Trailer","description":"Cerchi un rimorchio per alimenti da 10 piedi in vendita? Guarda questo qui! Procuratevi subito un rimorchio di concessione da 10 piedi simile o personalizzato a un prezzo ragionevole!","robots":{"index":"index","follow":"follow","max-snippet":"max-snippet:-1","max-image-preview":"max-image-preview:large","max-video-preview":"max-video-preview:-1"},"canonical":"https:\/\/www.honlufoodtrailer.com\/it\/product\/10ft-food-trailer-for-sale\/","og_locale":"it_IT","og_type":"article","og_title":"10ft Food Trailer For Sale from China - Honlu Food Trailer","og_description":"Looking for a 10ft food trailer for sale? see this one here! Get a similar or customized 10ft concession trailer at a reasonable price now!","og_url":"https:\/\/www.honlufoodtrailer.com\/it\/product\/10ft-food-trailer-for-sale\/","og_site_name":"Honlu food trailer","article_modified_time":"2025-02-14T07:20:52+00:00","og_image":[{"width":720,"height":540,"url":"https:\/\/www.honlufoodtrailer.com\/wp-content\/uploads\/2024\/03\/10ft-food-trailer-front-view.jpg","type":"image\/jpeg"}],"twitter_card":"summary_large_image","twitter_misc":{"Tempo di lettura stimato":"1 minuto"},"schema":{"@context":"https:\/\/schema.org","@graph":[{"@type":"WebPage","@id":"https:\/\/www.honlufoodtrailer.com\/product\/10ft-food-trailer-for-sale\/","url":"https:\/\/www.honlufoodtrailer.com\/product\/10ft-food-trailer-for-sale\/","name":"10ft Food Trailer In vendita da Porcellana - Honlu Food Trailer","isPartOf":{"@id":"https:\/\/www.honlufoodtrailer.com\/#website"},"primaryImageOfPage":{"@id":"https:\/\/www.honlufoodtrailer.com\/product\/10ft-food-trailer-for-sale\/#primaryimage"},"image":{"@id":"https:\/\/www.honlufoodtrailer.com\/product\/10ft-food-trailer-for-sale\/#primaryimage"},"thumbnailUrl":"https:\/\/www.honlufoodtrailer.com\/wp-content\/uploads\/2024\/03\/10ft-food-trailer-front-view.jpg","datePublished":"2024-03-28T08:54:18+00:00","dateModified":"2025-02-14T07:20:52+00:00","description":"Cerchi un rimorchio per alimenti da 10 piedi in vendita? Guarda questo qui! Procuratevi subito un rimorchio di concessione da 10 piedi simile o personalizzato a un prezzo ragionevole!","breadcrumb":{"@id":"https:\/\/www.honlufoodtrailer.com\/product\/10ft-food-trailer-for-sale\/#breadcrumb"},"inLanguage":"it-IT","potentialAction":[{"@type":"ReadAction","target":["https:\/\/www.honlufoodtrailer.com\/product\/10ft-food-trailer-for-sale\/"]}]},{"@type":"ImageObject","inLanguage":"it-IT","@id":"https:\/\/www.honlufoodtrailer.com\/product\/10ft-food-trailer-for-sale\/#primaryimage","url":"https:\/\/www.honlufoodtrailer.com\/wp-content\/uploads\/2024\/03\/10ft-food-trailer-front-view.jpg","contentUrl":"https:\/\/www.honlufoodtrailer.com\/wp-content\/uploads\/2024\/03\/10ft-food-trailer-front-view.jpg","width":720,"height":540,"caption":"10ft food trailer front view"},{"@type":"BreadcrumbList","@id":"https:\/\/www.honlufoodtrailer.com\/product\/10ft-food-trailer-for-sale\/#breadcrumb","itemListElement":[{"@type":"ListItem","position":1,"name":"Home","item":"https:\/\/www.honlufoodtrailer.com\/"},{"@type":"ListItem","position":2,"name":"\u4ea7\u54c1","item":"https:\/\/www.honlufoodtrailer.com\/shop\/"},{"@type":"ListItem","position":3,"name":"10ft Food Trailer For Sale"}]},{"@type":"WebSite","@id":"https:\/\/www.honlufoodtrailer.com\/#website","url":"https:\/\/www.honlufoodtrailer.com\/","name":"Rimorchio alimentare Honlu","description":"","publisher":{"@id":"https:\/\/www.honlufoodtrailer.com\/#organization"},"potentialAction":[{"@type":"SearchAction","target":{"@type":"EntryPoint","urlTemplate":"https:\/\/www.honlufoodtrailer.com\/?s={search_term_string}"},"query-input":{"@type":"PropertyValueSpecification","valueRequired":true,"valueName":"search_term_string"}}],"inLanguage":"it-IT"},{"@type":"Organization","@id":"https:\/\/www.honlufoodtrailer.com\/#organization","name":"Rimorchio alimentare Honlu","url":"https:\/\/www.honlufoodtrailer.com\/","logo":{"@type":"ImageObject","inLanguage":"it-IT","@id":"https:\/\/www.honlufoodtrailer.com\/#\/schema\/logo\/image\/","url":"https:\/\/www.honlufoodtrailer.com\/wp-content\/uploads\/2021\/12\/2.gif","contentUrl":"https:\/\/www.honlufoodtrailer.com\/wp-content\/uploads\/2021\/12\/2.gif","width":350,"height":100,"caption":"Honlu food trailer"},"image":{"@id":"https:\/\/www.honlufoodtrailer.com\/#\/schema\/logo\/image\/"}}]}},"_links":{"self":[{"href":"https:\/\/www.honlufoodtrailer.com\/it\/wp-json\/wp\/v2\/product\/7283","targetHints":{"allow":["GET"]}}],"collection":[{"href":"https:\/\/www.honlufoodtrailer.com\/it\/wp-json\/wp\/v2\/product"}],"about":[{"href":"https:\/\/www.honlufoodtrailer.com\/it\/wp-json\/wp\/v2\/types\/product"}],"version-history":[{"count":1,"href":"https:\/\/www.honlufoodtrailer.com\/it\/wp-json\/wp\/v2\/product\/7283\/revisions"}],"predecessor-version":[{"id":7293,"href":"https:\/\/www.honlufoodtrailer.com\/it\/wp-json\/wp\/v2\/product\/7283\/revisions\/7293"}],"wp:featuredmedia":[{"embeddable":true,"href":"https:\/\/www.honlufoodtrailer.com\/it\/wp-json\/wp\/v2\/media\/7286"}],"wp:attachment":[{"href":"https:\/\/www.honlufoodtrailer.com\/it\/wp-json\/wp\/v2\/media?parent=7283"}],"wp:term":[{"taxonomy":"product_brand","embeddable":true,"href":"https:\/\/www.honlufoodtrailer.com\/it\/wp-json\/wp\/v2\/product_brand?post=7283"},{"taxonomy":"product_cat","embeddable":true,"href":"https:\/\/www.honlufoodtrailer.com\/it\/wp-json\/wp\/v2\/product_cat?post=7283"},{"taxonomy":"product_tag","embeddable":true,"href":"https:\/\/www.honlufoodtrailer.com\/it\/wp-json\/wp\/v2\/product_tag?post=7283"}],"curies":[{"name":"wp","href":"https:\/\/api.w.org\/{rel}","templated":true}]}}