{"id":7446,"date":"2024-04-16T16:19:46","date_gmt":"2024-04-16T08:19:46","guid":{"rendered":"https:\/\/www.honlufoodtrailer.com\/?post_type=product&#038;p=7446"},"modified":"2025-02-14T15:13:02","modified_gmt":"2025-02-14T07:13:02","slug":"5m-crepes-and-poffertjes-trailer","status":"publish","type":"product","link":"https:\/\/www.honlufoodtrailer.com\/it\/product\/5m-crepes-and-poffertjes-trailer\/","title":{"rendered":"Rimorchio di crepes e poffertjes di 5 m"},"content":{"rendered":"<p>Vuoi vendere cr\u00eapes o poffertjes con un carrello portavivande? Guarda questo carrello portavivande per cr\u00eapes o poffertjes qui! Questo \u00e8 un carrello che abbiamo personalizzato per uno dei nostri clienti. Possiamo realizzare un carrello portavivande simile a questo o personalizzarlo per te. Non esitare a contattarci e a comunicarci le tue esigenze dettagliate! Per prima cosa, diamo un&#039;occhiata ad alcune foto di questo carrello portavivande per cr\u00eapes o poffertjes.<\/p>\n<p><img fetchpriority=\"high\" decoding=\"async\" class=\"aligncenter size-full wp-image-7454\" src=\"https:\/\/www.honlufoodtrailer.com\/wp-content\/uploads\/2024\/04\/4m-crepes-and-poffertjes-trailer.jpg\" alt=\"Rimorchio per crepes e poffertjes da 4 metri\" width=\"720\" height=\"540\" srcset=\"https:\/\/www.honlufoodtrailer.com\/wp-content\/uploads\/2024\/04\/4m-crepes-and-poffertjes-trailer.jpg 720w, https:\/\/www.honlufoodtrailer.com\/wp-content\/uploads\/2024\/04\/4m-crepes-and-poffertjes-trailer-480x360.jpg 480w, https:\/\/www.honlufoodtrailer.com\/wp-content\/uploads\/2024\/04\/4m-crepes-and-poffertjes-trailer-300x225.jpg 300w\" sizes=\"(max-width: 720px) 100vw, 720px\" \/> <img decoding=\"async\" class=\"aligncenter size-full wp-image-7449\" src=\"https:\/\/www.honlufoodtrailer.com\/wp-content\/uploads\/2024\/04\/4m-crepes-and-poffertjes-trailer-for-sale.jpg\" alt=\"Rimorchio per crepes e poffertjes di 4 metri in vendita\" width=\"720\" height=\"540\" srcset=\"https:\/\/www.honlufoodtrailer.com\/wp-content\/uploads\/2024\/04\/4m-crepes-and-poffertjes-trailer-for-sale.jpg 720w, https:\/\/www.honlufoodtrailer.com\/wp-content\/uploads\/2024\/04\/4m-crepes-and-poffertjes-trailer-for-sale-480x360.jpg 480w, https:\/\/www.honlufoodtrailer.com\/wp-content\/uploads\/2024\/04\/4m-crepes-and-poffertjes-trailer-for-sale-300x225.jpg 300w\" sizes=\"(max-width: 720px) 100vw, 720px\" \/><\/p>\n<p>&nbsp;<\/p>\n<h2>Vista interna del rimorchio da 5 m per cr\u00eapes e poffertjes<\/h2>\n<p><img decoding=\"async\" class=\"aligncenter size-full wp-image-7451\" src=\"https:\/\/www.honlufoodtrailer.com\/wp-content\/uploads\/2024\/04\/4m-crepes-and-poffertjes-trailer-inner-view.jpg\" alt=\"Vista interna del rimorchio per crepes e poffertjes da 4 m\" width=\"720\" height=\"540\" srcset=\"https:\/\/www.honlufoodtrailer.com\/wp-content\/uploads\/2024\/04\/4m-crepes-and-poffertjes-trailer-inner-view.jpg 720w, https:\/\/www.honlufoodtrailer.com\/wp-content\/uploads\/2024\/04\/4m-crepes-and-poffertjes-trailer-inner-view-480x360.jpg 480w, https:\/\/www.honlufoodtrailer.com\/wp-content\/uploads\/2024\/04\/4m-crepes-and-poffertjes-trailer-inner-view-300x225.jpg 300w\" sizes=\"(max-width: 720px) 100vw, 720px\" \/><img loading=\"lazy\" decoding=\"async\" class=\"aligncenter size-full wp-image-8376\" src=\"https:\/\/www.honlufoodtrailer.com\/wp-content\/uploads\/2024\/04\/5m-Crepes-And-Poffertjes-Trailer-inner-view.jpg\" alt=\"Vista interna del trailer di Crepes And Poffertjes da 5 m\" width=\"800\" height=\"800\" srcset=\"https:\/\/www.honlufoodtrailer.com\/wp-content\/uploads\/2024\/04\/5m-Crepes-And-Poffertjes-Trailer-inner-view.jpg 800w, https:\/\/www.honlufoodtrailer.com\/wp-content\/uploads\/2024\/04\/5m-Crepes-And-Poffertjes-Trailer-inner-view-768x768.jpg 768w, https:\/\/www.honlufoodtrailer.com\/wp-content\/uploads\/2024\/04\/5m-Crepes-And-Poffertjes-Trailer-inner-view-360x360.jpg 360w, https:\/\/www.honlufoodtrailer.com\/wp-content\/uploads\/2024\/04\/5m-Crepes-And-Poffertjes-Trailer-inner-view-300x300.jpg 300w, https:\/\/www.honlufoodtrailer.com\/wp-content\/uploads\/2024\/04\/5m-Crepes-And-Poffertjes-Trailer-inner-view-720x720.jpg 720w, https:\/\/www.honlufoodtrailer.com\/wp-content\/uploads\/2024\/04\/5m-Crepes-And-Poffertjes-Trailer-inner-view-100x100.jpg 100w\" sizes=\"(max-width: 800px) 100vw, 800px\" \/><\/p>\n<h2>Maggiori dettagli <img loading=\"lazy\" decoding=\"async\" class=\"aligncenter size-full wp-image-7447\" src=\"https:\/\/www.honlufoodtrailer.com\/wp-content\/uploads\/2024\/04\/5m-crepes-and-poffertjes-trailer-more-details.jpg\" alt=\"Rimorchio per crepes e poffertjes da 5 m maggiori dettagli\" width=\"800\" height=\"800\" srcset=\"https:\/\/www.honlufoodtrailer.com\/wp-content\/uploads\/2024\/04\/5m-crepes-and-poffertjes-trailer-more-details.jpg 800w, https:\/\/www.honlufoodtrailer.com\/wp-content\/uploads\/2024\/04\/5m-crepes-and-poffertjes-trailer-more-details-768x768.jpg 768w, https:\/\/www.honlufoodtrailer.com\/wp-content\/uploads\/2024\/04\/5m-crepes-and-poffertjes-trailer-more-details-360x360.jpg 360w, https:\/\/www.honlufoodtrailer.com\/wp-content\/uploads\/2024\/04\/5m-crepes-and-poffertjes-trailer-more-details-300x300.jpg 300w, https:\/\/www.honlufoodtrailer.com\/wp-content\/uploads\/2024\/04\/5m-crepes-and-poffertjes-trailer-more-details-720x720.jpg 720w, https:\/\/www.honlufoodtrailer.com\/wp-content\/uploads\/2024\/04\/5m-crepes-and-poffertjes-trailer-more-details-100x100.jpg 100w\" sizes=\"(max-width: 800px) 100vw, 800px\" \/><\/h2>\n<p>&nbsp;<\/p>\n<h3 class=\"magic-6\" data-spm-anchor-id=\"a2700.wholesale.0.i28.29e52808agqc7f\">Caratteristiche principali del nostro rimorchio alimentare personalizzato<\/h3>\n<div class=\"magic-7\">\n<div class=\"magic-8\">\n<div class=\"magic-9\" data-id=\"paragraph0\">\n<ol>\n<li>L'aspetto alla moda pu\u00f2 essere personalizzato;<\/li>\n<li>Struttura interna e corpo del rimorchio in acciaio inox, buona resistenza al calore, all'usura e alla corrosione;<\/li>\n<li>Accessori moderni e avanzati di cui \u00e8 dotato il rimorchio alimentare mobile;<\/li>\n<li>\u00c8 resistente agli urti e alla corrosione, al calore e alla forza, ha un'elevata solidit\u00e0 del colore, non si deforma, \u00e8 impermeabile e ha una lunga durata;<\/li>\n<li>Siamo lieti di modificarlo in base alle vostre esigenze.<\/li>\n<\/ol>\n<h3><img loading=\"lazy\" decoding=\"async\" class=\"aligncenter size-full wp-image-7450\" src=\"https:\/\/www.honlufoodtrailer.com\/wp-content\/uploads\/2024\/04\/4m-crepes-and-poffertjes-trailer-front-view.jpg\" alt=\"Vista frontale del rimorchio per crepes e poffertjes da 4 m\" width=\"720\" height=\"540\" srcset=\"https:\/\/www.honlufoodtrailer.com\/wp-content\/uploads\/2024\/04\/4m-crepes-and-poffertjes-trailer-front-view.jpg 720w, https:\/\/www.honlufoodtrailer.com\/wp-content\/uploads\/2024\/04\/4m-crepes-and-poffertjes-trailer-front-view-480x360.jpg 480w, https:\/\/www.honlufoodtrailer.com\/wp-content\/uploads\/2024\/04\/4m-crepes-and-poffertjes-trailer-front-view-300x225.jpg 300w\" sizes=\"(max-width: 720px) 100vw, 720px\" \/>Disegno gratuito della planimetria 2D\/3D<\/h3>\n<p>Dopo aver confermato le dimensioni del carrello portavivande e le attrezzature interne della cucina, possiamo fornirvi gratuitamente dei disegni in 3D. Questo vi dar\u00e0 un'idea pi\u00f9 chiara del vostro progetto e del vostro carrello portavivande. Quando confermiamo la posizione delle attrezzature da cucina, possiamo comunicare chiaramente con voi attraverso la planimetria. Possiamo anche fornirvi i documenti originali per facilitare il vostro progetto e apportare modifiche.<\/p>\n<\/div>\n<\/div>\n<\/div>","protected":false},"excerpt":{"rendered":"<p data-spm-anchor-id=\"a2700.wholesale.0.i28.29e52808agqc7f\">Questo \u00e8 un rimorchio personalizzato di 5 metri di forma quadrata per cr\u00eapes e poffertjes. L&#039;intero veicolo \u00e8 realizzato in acciaio inossidabile. Pu\u00f2 essere utilizzato per la vendita di cr\u00eapes, poffertjes, ecc. Inoltre, puoi vendere altri fast food di tuo gradimento.<\/p>","protected":false},"featured_media":7454,"template":"","meta":{"_themeisle_gutenberg_block_has_review":false},"product_brand":[],"product_cat":[26],"product_tag":[96,33,45,38,51,50],"class_list":{"0":"post-7446","1":"product","2":"type-product","3":"status-publish","4":"has-post-thumbnail","6":"product_cat-product","7":"product_tag-16ft-food-trailer","8":"product_tag-customized-trailer","9":"product_tag-large-food-trailer","10":"product_tag-mobile-food-trailer","11":"product_tag-square-food-trailer","12":"product_tag-standard-configuration","14":"first","15":"instock","16":"shipping-taxable","17":"product-type-simple"},"yoast_head":"<!-- This site is optimized with the Yoast SEO plugin v27.4 - https:\/\/yoast.com\/product\/yoast-seo-wordpress\/ -->\n<title>5m Crepes And Poffertjes Trailer from China - Honlu Food Trailer<\/title>\n<meta name=\"description\" content=\"See this customized 5m crepes and poffertjes trailer. Get detailed information of it here. Reliable quality, reasonable price, get its cost now!\" \/>\n<meta name=\"robots\" content=\"index, follow, max-snippet:-1, max-image-preview:large, max-video-preview:-1\" \/>\n<link rel=\"canonical\" href=\"https:\/\/www.honlufoodtrailer.com\/it\/product\/5m-crepes-and-poffertjes-trailer\/\" \/>\n<meta property=\"og:locale\" content=\"it_IT\" \/>\n<meta property=\"og:type\" content=\"article\" \/>\n<meta property=\"og:title\" content=\"5m Crepes And Poffertjes Trailer from China - Honlu Food Trailer\" \/>\n<meta property=\"og:description\" content=\"See this customized 5m crepes and poffertjes trailer. Get detailed information of it here. Reliable quality, reasonable price, get its cost now!\" \/>\n<meta property=\"og:url\" content=\"https:\/\/www.honlufoodtrailer.com\/it\/product\/5m-crepes-and-poffertjes-trailer\/\" \/>\n<meta property=\"og:site_name\" content=\"Honlu food trailer\" \/>\n<meta property=\"article:modified_time\" content=\"2025-02-14T07:13:02+00:00\" \/>\n<meta property=\"og:image\" content=\"https:\/\/www.honlufoodtrailer.com\/wp-content\/uploads\/2024\/04\/4m-crepes-and-poffertjes-trailer.jpg\" \/>\n\t<meta property=\"og:image:width\" content=\"720\" \/>\n\t<meta property=\"og:image:height\" content=\"540\" \/>\n\t<meta property=\"og:image:type\" content=\"image\/jpeg\" \/>\n<meta name=\"twitter:card\" content=\"summary_large_image\" \/>\n<meta name=\"twitter:label1\" content=\"Tempo di lettura stimato\" \/>\n\t<meta name=\"twitter:data1\" content=\"2 minuti\" \/>\n<script type=\"application\/ld+json\" class=\"yoast-schema-graph\">{\"@context\":\"https:\\\/\\\/schema.org\",\"@graph\":[{\"@type\":\"WebPage\",\"@id\":\"https:\\\/\\\/www.honlufoodtrailer.com\\\/product\\\/5m-crepes-and-poffertjes-trailer\\\/\",\"url\":\"https:\\\/\\\/www.honlufoodtrailer.com\\\/product\\\/5m-crepes-and-poffertjes-trailer\\\/\",\"name\":\"5m Crepes And Poffertjes Trailer from China - Honlu Food Trailer\",\"isPartOf\":{\"@id\":\"https:\\\/\\\/www.honlufoodtrailer.com\\\/#website\"},\"primaryImageOfPage\":{\"@id\":\"https:\\\/\\\/www.honlufoodtrailer.com\\\/product\\\/5m-crepes-and-poffertjes-trailer\\\/#primaryimage\"},\"image\":{\"@id\":\"https:\\\/\\\/www.honlufoodtrailer.com\\\/product\\\/5m-crepes-and-poffertjes-trailer\\\/#primaryimage\"},\"thumbnailUrl\":\"https:\\\/\\\/www.honlufoodtrailer.com\\\/wp-content\\\/uploads\\\/2024\\\/04\\\/4m-crepes-and-poffertjes-trailer.jpg\",\"datePublished\":\"2024-04-16T08:19:46+00:00\",\"dateModified\":\"2025-02-14T07:13:02+00:00\",\"description\":\"See this customized 5m crepes and poffertjes trailer. Get detailed information of it here. Reliable quality, reasonable price, get its cost now!\",\"breadcrumb\":{\"@id\":\"https:\\\/\\\/www.honlufoodtrailer.com\\\/product\\\/5m-crepes-and-poffertjes-trailer\\\/#breadcrumb\"},\"inLanguage\":\"it-IT\",\"potentialAction\":[{\"@type\":\"ReadAction\",\"target\":[\"https:\\\/\\\/www.honlufoodtrailer.com\\\/product\\\/5m-crepes-and-poffertjes-trailer\\\/\"]}]},{\"@type\":\"ImageObject\",\"inLanguage\":\"it-IT\",\"@id\":\"https:\\\/\\\/www.honlufoodtrailer.com\\\/product\\\/5m-crepes-and-poffertjes-trailer\\\/#primaryimage\",\"url\":\"https:\\\/\\\/www.honlufoodtrailer.com\\\/wp-content\\\/uploads\\\/2024\\\/04\\\/4m-crepes-and-poffertjes-trailer.jpg\",\"contentUrl\":\"https:\\\/\\\/www.honlufoodtrailer.com\\\/wp-content\\\/uploads\\\/2024\\\/04\\\/4m-crepes-and-poffertjes-trailer.jpg\",\"width\":720,\"height\":540,\"caption\":\"4m crepes and poffertjes trailer\"},{\"@type\":\"BreadcrumbList\",\"@id\":\"https:\\\/\\\/www.honlufoodtrailer.com\\\/product\\\/5m-crepes-and-poffertjes-trailer\\\/#breadcrumb\",\"itemListElement\":[{\"@type\":\"ListItem\",\"position\":1,\"name\":\"Home\",\"item\":\"https:\\\/\\\/www.honlufoodtrailer.com\\\/\"},{\"@type\":\"ListItem\",\"position\":2,\"name\":\"\u4ea7\u54c1\",\"item\":\"https:\\\/\\\/www.honlufoodtrailer.com\\\/shop\\\/\"},{\"@type\":\"ListItem\",\"position\":3,\"name\":\"5m Crepes And Poffertjes Trailer\"}]},{\"@type\":\"WebSite\",\"@id\":\"https:\\\/\\\/www.honlufoodtrailer.com\\\/#website\",\"url\":\"https:\\\/\\\/www.honlufoodtrailer.com\\\/\",\"name\":\"Honlu food trailer\",\"description\":\"\",\"publisher\":{\"@id\":\"https:\\\/\\\/www.honlufoodtrailer.com\\\/#organization\"},\"potentialAction\":[{\"@type\":\"SearchAction\",\"target\":{\"@type\":\"EntryPoint\",\"urlTemplate\":\"https:\\\/\\\/www.honlufoodtrailer.com\\\/?s={search_term_string}\"},\"query-input\":{\"@type\":\"PropertyValueSpecification\",\"valueRequired\":true,\"valueName\":\"search_term_string\"}}],\"inLanguage\":\"it-IT\"},{\"@type\":\"Organization\",\"@id\":\"https:\\\/\\\/www.honlufoodtrailer.com\\\/#organization\",\"name\":\"Honlu food trailer\",\"url\":\"https:\\\/\\\/www.honlufoodtrailer.com\\\/\",\"logo\":{\"@type\":\"ImageObject\",\"inLanguage\":\"it-IT\",\"@id\":\"https:\\\/\\\/www.honlufoodtrailer.com\\\/#\\\/schema\\\/logo\\\/image\\\/\",\"url\":\"https:\\\/\\\/www.honlufoodtrailer.com\\\/wp-content\\\/uploads\\\/2021\\\/12\\\/2.gif\",\"contentUrl\":\"https:\\\/\\\/www.honlufoodtrailer.com\\\/wp-content\\\/uploads\\\/2021\\\/12\\\/2.gif\",\"width\":350,\"height\":100,\"caption\":\"Honlu food trailer\"},\"image\":{\"@id\":\"https:\\\/\\\/www.honlufoodtrailer.com\\\/#\\\/schema\\\/logo\\\/image\\\/\"}}]}<\/script>\n<!-- \/ Yoast SEO plugin. -->","yoast_head_json":{"title":"Rimorchio di crepes e poffertjes da 5 metri dalla Cina - Rimorchio alimentare Honlu","description":"Guarda questo rimorchio personalizzato da 5 metri per cr\u00eapes e poffertjes. Ottieni informazioni dettagliate qui. Qualit\u00e0 affidabile, prezzo ragionevole, scopri il prezzo ora!","robots":{"index":"index","follow":"follow","max-snippet":"max-snippet:-1","max-image-preview":"max-image-preview:large","max-video-preview":"max-video-preview:-1"},"canonical":"https:\/\/www.honlufoodtrailer.com\/it\/product\/5m-crepes-and-poffertjes-trailer\/","og_locale":"it_IT","og_type":"article","og_title":"5m Crepes And Poffertjes Trailer from China - Honlu Food Trailer","og_description":"See this customized 5m crepes and poffertjes trailer. Get detailed information of it here. Reliable quality, reasonable price, get its cost now!","og_url":"https:\/\/www.honlufoodtrailer.com\/it\/product\/5m-crepes-and-poffertjes-trailer\/","og_site_name":"Honlu food trailer","article_modified_time":"2025-02-14T07:13:02+00:00","og_image":[{"width":720,"height":540,"url":"https:\/\/www.honlufoodtrailer.com\/wp-content\/uploads\/2024\/04\/4m-crepes-and-poffertjes-trailer.jpg","type":"image\/jpeg"}],"twitter_card":"summary_large_image","twitter_misc":{"Tempo di lettura stimato":"2 minuti"},"schema":{"@context":"https:\/\/schema.org","@graph":[{"@type":"WebPage","@id":"https:\/\/www.honlufoodtrailer.com\/product\/5m-crepes-and-poffertjes-trailer\/","url":"https:\/\/www.honlufoodtrailer.com\/product\/5m-crepes-and-poffertjes-trailer\/","name":"Rimorchio di crepes e poffertjes da 5 metri dalla Cina - Rimorchio alimentare Honlu","isPartOf":{"@id":"https:\/\/www.honlufoodtrailer.com\/#website"},"primaryImageOfPage":{"@id":"https:\/\/www.honlufoodtrailer.com\/product\/5m-crepes-and-poffertjes-trailer\/#primaryimage"},"image":{"@id":"https:\/\/www.honlufoodtrailer.com\/product\/5m-crepes-and-poffertjes-trailer\/#primaryimage"},"thumbnailUrl":"https:\/\/www.honlufoodtrailer.com\/wp-content\/uploads\/2024\/04\/4m-crepes-and-poffertjes-trailer.jpg","datePublished":"2024-04-16T08:19:46+00:00","dateModified":"2025-02-14T07:13:02+00:00","description":"Guarda questo rimorchio personalizzato da 5 metri per cr\u00eapes e poffertjes. Ottieni informazioni dettagliate qui. Qualit\u00e0 affidabile, prezzo ragionevole, scopri il prezzo ora!","breadcrumb":{"@id":"https:\/\/www.honlufoodtrailer.com\/product\/5m-crepes-and-poffertjes-trailer\/#breadcrumb"},"inLanguage":"it-IT","potentialAction":[{"@type":"ReadAction","target":["https:\/\/www.honlufoodtrailer.com\/product\/5m-crepes-and-poffertjes-trailer\/"]}]},{"@type":"ImageObject","inLanguage":"it-IT","@id":"https:\/\/www.honlufoodtrailer.com\/product\/5m-crepes-and-poffertjes-trailer\/#primaryimage","url":"https:\/\/www.honlufoodtrailer.com\/wp-content\/uploads\/2024\/04\/4m-crepes-and-poffertjes-trailer.jpg","contentUrl":"https:\/\/www.honlufoodtrailer.com\/wp-content\/uploads\/2024\/04\/4m-crepes-and-poffertjes-trailer.jpg","width":720,"height":540,"caption":"4m crepes and poffertjes trailer"},{"@type":"BreadcrumbList","@id":"https:\/\/www.honlufoodtrailer.com\/product\/5m-crepes-and-poffertjes-trailer\/#breadcrumb","itemListElement":[{"@type":"ListItem","position":1,"name":"Home","item":"https:\/\/www.honlufoodtrailer.com\/"},{"@type":"ListItem","position":2,"name":"\u4ea7\u54c1","item":"https:\/\/www.honlufoodtrailer.com\/shop\/"},{"@type":"ListItem","position":3,"name":"5m Crepes And Poffertjes Trailer"}]},{"@type":"WebSite","@id":"https:\/\/www.honlufoodtrailer.com\/#website","url":"https:\/\/www.honlufoodtrailer.com\/","name":"Rimorchio alimentare Honlu","description":"","publisher":{"@id":"https:\/\/www.honlufoodtrailer.com\/#organization"},"potentialAction":[{"@type":"SearchAction","target":{"@type":"EntryPoint","urlTemplate":"https:\/\/www.honlufoodtrailer.com\/?s={search_term_string}"},"query-input":{"@type":"PropertyValueSpecification","valueRequired":true,"valueName":"search_term_string"}}],"inLanguage":"it-IT"},{"@type":"Organization","@id":"https:\/\/www.honlufoodtrailer.com\/#organization","name":"Rimorchio alimentare Honlu","url":"https:\/\/www.honlufoodtrailer.com\/","logo":{"@type":"ImageObject","inLanguage":"it-IT","@id":"https:\/\/www.honlufoodtrailer.com\/#\/schema\/logo\/image\/","url":"https:\/\/www.honlufoodtrailer.com\/wp-content\/uploads\/2021\/12\/2.gif","contentUrl":"https:\/\/www.honlufoodtrailer.com\/wp-content\/uploads\/2021\/12\/2.gif","width":350,"height":100,"caption":"Honlu food trailer"},"image":{"@id":"https:\/\/www.honlufoodtrailer.com\/#\/schema\/logo\/image\/"}}]}},"_links":{"self":[{"href":"https:\/\/www.honlufoodtrailer.com\/it\/wp-json\/wp\/v2\/product\/7446","targetHints":{"allow":["GET"]}}],"collection":[{"href":"https:\/\/www.honlufoodtrailer.com\/it\/wp-json\/wp\/v2\/product"}],"about":[{"href":"https:\/\/www.honlufoodtrailer.com\/it\/wp-json\/wp\/v2\/types\/product"}],"version-history":[{"count":3,"href":"https:\/\/www.honlufoodtrailer.com\/it\/wp-json\/wp\/v2\/product\/7446\/revisions"}],"predecessor-version":[{"id":8378,"href":"https:\/\/www.honlufoodtrailer.com\/it\/wp-json\/wp\/v2\/product\/7446\/revisions\/8378"}],"wp:featuredmedia":[{"embeddable":true,"href":"https:\/\/www.honlufoodtrailer.com\/it\/wp-json\/wp\/v2\/media\/7454"}],"wp:attachment":[{"href":"https:\/\/www.honlufoodtrailer.com\/it\/wp-json\/wp\/v2\/media?parent=7446"}],"wp:term":[{"taxonomy":"product_brand","embeddable":true,"href":"https:\/\/www.honlufoodtrailer.com\/it\/wp-json\/wp\/v2\/product_brand?post=7446"},{"taxonomy":"product_cat","embeddable":true,"href":"https:\/\/www.honlufoodtrailer.com\/it\/wp-json\/wp\/v2\/product_cat?post=7446"},{"taxonomy":"product_tag","embeddable":true,"href":"https:\/\/www.honlufoodtrailer.com\/it\/wp-json\/wp\/v2\/product_tag?post=7446"}],"curies":[{"name":"wp","href":"https:\/\/api.w.org\/{rel}","templated":true}]}}