{"id":8918,"date":"2024-11-01T16:53:39","date_gmt":"2024-11-01T08:53:39","guid":{"rendered":"https:\/\/www.honlufoodtrailer.com\/?post_type=product&#038;p=8918"},"modified":"2025-02-14T13:54:56","modified_gmt":"2025-02-14T05:54:56","slug":"16ft-dumpling-food-truck","status":"publish","type":"product","link":"https:\/\/www.honlufoodtrailer.com\/it\/product\/16ft-dumpling-food-truck\/","title":{"rendered":"Camion di cibo per ravioli da 16 piedi"},"content":{"rendered":"<div data-elementor-type=\"product-post\" data-elementor-id=\"8918\" class=\"elementor elementor-8918\">\n\t\t\t\t\t\t<section class=\"elementor-section elementor-top-section elementor-element elementor-element-2573c8ce elementor-section-boxed elementor-section-height-default elementor-section-height-default\" data-id=\"2573c8ce\" data-element_type=\"section\" data-e-type=\"section\">\n\t\t\t\t\t\t<div class=\"elementor-container elementor-column-gap-default\">\n\t\t\t\t\t<div class=\"elementor-column elementor-col-100 elementor-top-column elementor-element elementor-element-86c3ae0\" data-id=\"86c3ae0\" data-element_type=\"column\" data-e-type=\"column\">\n\t\t\t<div class=\"elementor-widget-wrap elementor-element-populated\">\n\t\t\t\t\t\t<div class=\"elementor-element elementor-element-20e4e958 elementor-widget elementor-widget-text-editor\" data-id=\"20e4e958\" data-element_type=\"widget\" data-e-type=\"widget\" data-widget_type=\"text-editor.default\">\n\t\t\t\t<div class=\"elementor-widget-container\">\n\t\t\t\t\t\t\t\t\tStai cercando un food truck per la tua attivit\u00e0 di ristorazione mobile? Dai un&#039;occhiata a questo food truck di 4,8 metri specializzato in ravioli! Qui sotto puoi vedere un food truck di 4,8 metri completamente attrezzato e personalizzato. Lo abbiamo realizzato su misura per un cliente. L&#039;intero veicolo \u00e8 in acciaio inossidabile e lamiera zincata. \u00c8 la scelta ideale per chi desidera avviare un&#039;attivit\u00e0 di ristorazione mobile. Ora, vediamo alcune foto di questo food truck!\r\n\r\n<img fetchpriority=\"high\" decoding=\"async\" class=\"aligncenter size-full wp-image-8907\" src=\"https:\/\/www.honlufoodtrailer.com\/wp-content\/uploads\/2024\/11\/16ft-steamy-dumpling-trailer-front-view.jpg\" alt=\"Vista frontale del rimorchio steamy dumpling da 16 piedi\" width=\"720\" height=\"540\" srcset=\"https:\/\/www.honlufoodtrailer.com\/wp-content\/uploads\/2024\/11\/16ft-steamy-dumpling-trailer-front-view.jpg 720w, https:\/\/www.honlufoodtrailer.com\/wp-content\/uploads\/2024\/11\/16ft-steamy-dumpling-trailer-front-view-480x360.jpg 480w, https:\/\/www.honlufoodtrailer.com\/wp-content\/uploads\/2024\/11\/16ft-steamy-dumpling-trailer-front-view-300x225.jpg 300w\" sizes=\"(max-width: 720px) 100vw, 720px\" \/><img decoding=\"async\" class=\"aligncenter size-full wp-image-8916\" src=\"https:\/\/www.honlufoodtrailer.com\/wp-content\/uploads\/2024\/11\/16ft-steamy-dumpling-trailer.jpg\" alt=\"Rimorchio per ravioli al vapore da 16 piedi\" width=\"720\" height=\"540\" srcset=\"https:\/\/www.honlufoodtrailer.com\/wp-content\/uploads\/2024\/11\/16ft-steamy-dumpling-trailer.jpg 720w, https:\/\/www.honlufoodtrailer.com\/wp-content\/uploads\/2024\/11\/16ft-steamy-dumpling-trailer-480x360.jpg 480w, https:\/\/www.honlufoodtrailer.com\/wp-content\/uploads\/2024\/11\/16ft-steamy-dumpling-trailer-300x225.jpg 300w\" sizes=\"(max-width: 720px) 100vw, 720px\" \/>\r\nCome si pu\u00f2 vedere dalle immagini qui sopra, questo food truck di ravioli \u00e8 molto attraente per la folla. Nella parte anteriore del rimorchio, abbiamo realizzato un&#039;ampia finestra con una tenda parasole. Questo render\u00e0 molto comodo per i clienti ordinare e ritirare i loro pasti. Sulla parte superiore del food truck, abbiamo personalizzato un&#039;insegna per il cliente in base alle sue esigenze. Ora, vediamo l&#039;utilizzo e i dettagli interni di questo food truck di ravioli da 4,88 metri (16 piedi).\r\n<h3>Utilizzo di questo food truck di ravioli da 16 piedi<\/h3>\r\nIl nostro cliente utilizza principalmente questo food truck specializzato in ravioli per vendere cibo da asporto come ravioli al vapore, bevande, ecc.\r\n<h3>Struttura interna di questo food truck di ravioli<\/h3>\r\nCome si pu\u00f2 vedere dalle immagini sottostanti, abbiamo installato principalmente quattro lavelli, due lunghi banchi da lavoro in acciaio inox con vani portaoggetti, diversi rubinetti, una friggitrice a gas, una piastra a gas, un piano cottura a gas a 2 fuochi, una cappa aspirante, un frigorifero per insalate, un condizionatore d&#039;aria, una macchina per fare i ravioli, ecc.\r\n\r\n<img decoding=\"async\" class=\"aligncenter size-full wp-image-8909\" src=\"https:\/\/www.honlufoodtrailer.com\/wp-content\/uploads\/2024\/11\/16ft-steamy-dumpling-trailer-inner-view.jpg\" alt=\"Vista interna del rimorchio per ravioli al vapore da 16 piedi.\" width=\"720\" height=\"540\" srcset=\"https:\/\/www.honlufoodtrailer.com\/wp-content\/uploads\/2024\/11\/16ft-steamy-dumpling-trailer-inner-view.jpg 720w, https:\/\/www.honlufoodtrailer.com\/wp-content\/uploads\/2024\/11\/16ft-steamy-dumpling-trailer-inner-view-480x360.jpg 480w, https:\/\/www.honlufoodtrailer.com\/wp-content\/uploads\/2024\/11\/16ft-steamy-dumpling-trailer-inner-view-300x225.jpg 300w\" sizes=\"(max-width: 720px) 100vw, 720px\" \/>\r\n\r\n&nbsp;\r\n<h3>Maggiori dettagli:<\/h3>\r\nScopri maggiori dettagli su questo food truck per ravioli da 4,88 m. Come puoi vedere, tutti gli accessori sono conformi agli standard locali del cliente. In qualit\u00e0 di produttori ed esportatori professionali di food truck con oltre 10 anni di esperienza, conosciamo le normative e i requisiti di molti paesi e ti forniremo food truck che soddisfano le esigenze del tuo paese. Contattaci per personalizzare il tuo food truck!\r\n\r\n<img loading=\"lazy\" decoding=\"async\" class=\"aligncenter size-full wp-image-8908\" src=\"https:\/\/www.honlufoodtrailer.com\/wp-content\/uploads\/2024\/11\/16ft-steamy-dumpling-trailer-inner-details.jpg\" alt=\"Dettagli interni del rimorchio per ravioli al vapore da 16 piedi\" width=\"800\" height=\"800\" srcset=\"https:\/\/www.honlufoodtrailer.com\/wp-content\/uploads\/2024\/11\/16ft-steamy-dumpling-trailer-inner-details.jpg 800w, https:\/\/www.honlufoodtrailer.com\/wp-content\/uploads\/2024\/11\/16ft-steamy-dumpling-trailer-inner-details-768x768.jpg 768w, https:\/\/www.honlufoodtrailer.com\/wp-content\/uploads\/2024\/11\/16ft-steamy-dumpling-trailer-inner-details-360x360.jpg 360w, https:\/\/www.honlufoodtrailer.com\/wp-content\/uploads\/2024\/11\/16ft-steamy-dumpling-trailer-inner-details-300x300.jpg 300w, https:\/\/www.honlufoodtrailer.com\/wp-content\/uploads\/2024\/11\/16ft-steamy-dumpling-trailer-inner-details-720x720.jpg 720w, https:\/\/www.honlufoodtrailer.com\/wp-content\/uploads\/2024\/11\/16ft-steamy-dumpling-trailer-inner-details-100x100.jpg 100w\" sizes=\"(max-width: 800px) 100vw, 800px\" \/>\r\n<h3 class=\"magic-6\" data-spm-anchor-id=\"a2700.wholesale.0.i28.29e52808agqc7f\">Caratteristiche principali del rimorchio per la vendita di cibo<\/h3>\r\n<div class=\"magic-7\">\r\n<div class=\"magic-8\">\r\n<div class=\"magic-9\" data-id=\"paragraph0\">\r\n<ol>\r\n \t<li>Rispettare gli standard locali;<\/li>\r\n \t<li>Struttura compatta e disposizione razionale.<\/li>\r\n \t<li>Qualit\u00e0 elevata e robustezza a un prezzo ragionevole.<\/li>\r\n<\/ol>\r\n<h3>Disegno gratuito della planimetria 2D\/3D<\/h3>\r\nPer i clienti che ordinano i nostri food truck, dopo aver confermato le dimensioni del food truck e le attrezzature interne della cucina, possiamo fornire gratuitamente disegni 3D. Questo vi dar\u00e0 un&#039;idea pi\u00f9 chiara del design e del vostro food truck. Una volta confermata la posizione delle attrezzature da cucina, potremo comunicare in modo chiaro attraverso la planimetria. Possiamo anche fornirvi i documenti originali per facilitare la progettazione e apportare eventuali modifiche.\r\n\r\n<\/div>\r\n<\/div>\r\n<\/div>\t\t\t\t\t\t\t\t<\/div>\n\t\t\t\t<\/div>\n\t\t\t\t\t<\/div>\n\t\t<\/div>\n\t\t\t\t\t<\/div>\n\t\t<\/section>\n\t\t\t\t<section class=\"elementor-section elementor-top-section elementor-element elementor-element-26e86c3 elementor-section-boxed elementor-section-height-default elementor-section-height-default\" data-id=\"26e86c3\" data-element_type=\"section\" data-e-type=\"section\">\n\t\t\t\t\t\t<div class=\"elementor-container elementor-column-gap-default\">\n\t\t\t\t\t<div class=\"elementor-column elementor-col-100 elementor-top-column elementor-element elementor-element-e74cc54\" data-id=\"e74cc54\" data-element_type=\"column\" data-e-type=\"column\">\n\t\t\t<div class=\"elementor-widget-wrap elementor-element-populated\">\n\t\t\t\t\t\t<div class=\"elementor-element elementor-element-2e1363d elementor-widget elementor-widget-heading\" data-id=\"2e1363d\" data-element_type=\"widget\" data-e-type=\"widget\" data-widget_type=\"heading.default\">\n\t\t\t\t<div class=\"elementor-widget-container\">\n\t\t\t\t\t<h2 class=\"elementor-heading-title elementor-size-default\">Feedback<\/h2>\t\t\t\t<\/div>\n\t\t\t\t<\/div>\n\t\t\t\t<div class=\"elementor-element elementor-element-9a4f0ea elementor-widget-divider--view-line elementor-widget elementor-widget-divider\" data-id=\"9a4f0ea\" data-element_type=\"widget\" data-e-type=\"widget\" data-widget_type=\"divider.default\">\n\t\t\t\t<div class=\"elementor-widget-container\">\n\t\t\t\t\t\t\t<div class=\"elementor-divider\">\n\t\t\t<span class=\"elementor-divider-separator\">\n\t\t\t\t\t\t<\/span>\n\t\t<\/div>\n\t\t\t\t\t\t<\/div>\n\t\t\t\t<\/div>\n\t\t\t\t<section class=\"elementor-section elementor-inner-section elementor-element elementor-element-3c1a996 elementor-section-boxed elementor-section-height-default elementor-section-height-default\" data-id=\"3c1a996\" data-element_type=\"section\" data-e-type=\"section\">\n\t\t\t\t\t\t<div class=\"elementor-container elementor-column-gap-default\">\n\t\t\t\t\t<div class=\"elementor-column elementor-col-50 elementor-inner-column elementor-element elementor-element-ef494b1\" data-id=\"ef494b1\" data-element_type=\"column\" data-e-type=\"column\">\n\t\t\t<div class=\"elementor-widget-wrap elementor-element-populated\">\n\t\t\t\t\t\t<div class=\"elementor-element elementor-element-88d55c8 elementor-widget elementor-widget-image\" data-id=\"88d55c8\" data-element_type=\"widget\" data-e-type=\"widget\" data-widget_type=\"image.default\">\n\t\t\t\t<div class=\"elementor-widget-container\">\n\t\t\t\t\t\t\t\t\t\t\t\t\t\t\t<img loading=\"lazy\" decoding=\"async\" width=\"700\" height=\"933\" src=\"https:\/\/www.honlufoodtrailer.com\/wp-content\/uploads\/2024\/11\/16ft-dumpling-food-truck-feedback-01.jpg\" class=\"attachment-large size-large wp-image-9674\" alt=\"Feedback sul food truck di ravioli da 16 piedi\" srcset=\"https:\/\/www.honlufoodtrailer.com\/wp-content\/uploads\/2024\/11\/16ft-dumpling-food-truck-feedback-01.jpg 700w, https:\/\/www.honlufoodtrailer.com\/wp-content\/uploads\/2024\/11\/16ft-dumpling-food-truck-feedback-01-270x360.jpg 270w, https:\/\/www.honlufoodtrailer.com\/wp-content\/uploads\/2024\/11\/16ft-dumpling-food-truck-feedback-01-300x400.jpg 300w\" sizes=\"(max-width: 700px) 100vw, 700px\" \/>\t\t\t\t\t\t\t\t\t\t\t\t\t\t\t<\/div>\n\t\t\t\t<\/div>\n\t\t\t\t\t<\/div>\n\t\t<\/div>\n\t\t\t\t<div class=\"elementor-column elementor-col-50 elementor-inner-column elementor-element elementor-element-ff1245c\" data-id=\"ff1245c\" data-element_type=\"column\" data-e-type=\"column\">\n\t\t\t<div class=\"elementor-widget-wrap elementor-element-populated\">\n\t\t\t\t\t\t<div class=\"elementor-element elementor-element-cd836d4 elementor-widget elementor-widget-image\" data-id=\"cd836d4\" data-element_type=\"widget\" data-e-type=\"widget\" data-widget_type=\"image.default\">\n\t\t\t\t<div class=\"elementor-widget-container\">\n\t\t\t\t\t\t\t\t\t\t\t\t\t\t\t<img loading=\"lazy\" decoding=\"async\" width=\"700\" height=\"933\" src=\"https:\/\/www.honlufoodtrailer.com\/wp-content\/uploads\/2024\/11\/16ft-dumpling-food-truck-feedback-02.jpg\" class=\"attachment-large size-large wp-image-9673\" alt=\"Feedback sul food truck di ravioli da 16 piedi\" srcset=\"https:\/\/www.honlufoodtrailer.com\/wp-content\/uploads\/2024\/11\/16ft-dumpling-food-truck-feedback-02.jpg 700w, https:\/\/www.honlufoodtrailer.com\/wp-content\/uploads\/2024\/11\/16ft-dumpling-food-truck-feedback-02-270x360.jpg 270w, https:\/\/www.honlufoodtrailer.com\/wp-content\/uploads\/2024\/11\/16ft-dumpling-food-truck-feedback-02-300x400.jpg 300w\" sizes=\"(max-width: 700px) 100vw, 700px\" \/>\t\t\t\t\t\t\t\t\t\t\t\t\t\t\t<\/div>\n\t\t\t\t<\/div>\n\t\t\t\t\t<\/div>\n\t\t<\/div>\n\t\t\t\t\t<\/div>\n\t\t<\/section>\n\t\t\t\t<div class=\"elementor-element elementor-element-b31eec0 elementor-widget elementor-widget-text-editor\" data-id=\"b31eec0\" data-element_type=\"widget\" data-e-type=\"widget\" data-widget_type=\"text-editor.default\">\n\t\t\t\t<div class=\"elementor-widget-container\">\n\t\t\t\t\t\t\t\t\t<p>Di seguito alcune foto di feedback scattate dal nostro cliente. Il cliente \u00e8 molto soddisfatto del food truck e gli affari vanno sempre bene.<\/p>\t\t\t\t\t\t\t\t<\/div>\n\t\t\t\t<\/div>\n\t\t\t\t\t<\/div>\n\t\t<\/div>\n\t\t\t\t\t<\/div>\n\t\t<\/section>\n\t\t\t\t<\/div>","protected":false},"excerpt":{"rendered":"<p data-spm-anchor-id=\"a2700.wholesale.0.i28.29e52808agqc7f\">Questo \u00e8 un food truck personalizzato da 4,88 m (16 piedi) specializzato nella vendita di ravioli. L&#039;intero veicolo \u00e8 realizzato in acciaio inossidabile e lamiera zincata. \u00c8 ideale per la vendita di ravioli, bevande e altro ancora. Possiamo produrre un food truck simile a questo o personalizzarne uno per voi. Le dimensioni, il colore della carrozzeria, gli adesivi, la segnaletica e le attrezzature da cucina del food truck possono essere personalizzati. Inoltre, tutti gli accessori saranno realizzati su misura per le esigenze del cliente. Non esitate a contattarci e a comunicarci le vostre richieste dettagliate!<\/p>","protected":false},"featured_media":8907,"template":"","meta":{"_themeisle_gutenberg_block_has_review":false},"product_brand":[],"product_cat":[26],"product_tag":[96,97],"class_list":{"0":"post-8918","1":"product","2":"type-product","3":"status-publish","4":"has-post-thumbnail","6":"product_cat-product","7":"product_tag-16ft-food-trailer","8":"product_tag-dumpling-trailer","10":"first","11":"instock","12":"shipping-taxable","13":"product-type-simple"},"yoast_head":"<!-- This site is optimized with the Yoast SEO plugin v27.4 - https:\/\/yoast.com\/product\/yoast-seo-wordpress\/ -->\n<title>16ft Dumpling Food Truck Fom China Factory - Honlu Food Trailer<\/title>\n<meta name=\"description\" content=\"This is a customized 16ft dumpling food truck. High quality and appealing appearance, get its price here direct from China factory!\" \/>\n<meta name=\"robots\" content=\"index, follow, max-snippet:-1, max-image-preview:large, max-video-preview:-1\" \/>\n<link rel=\"canonical\" href=\"https:\/\/www.honlufoodtrailer.com\/it\/product\/16ft-dumpling-food-truck\/\" \/>\n<meta property=\"og:locale\" content=\"it_IT\" \/>\n<meta property=\"og:type\" content=\"article\" \/>\n<meta property=\"og:title\" content=\"16ft Dumpling Food Truck Fom China Factory - Honlu Food Trailer\" \/>\n<meta property=\"og:description\" content=\"This is a customized 16ft dumpling food truck. High quality and appealing appearance, get its price here direct from China factory!\" \/>\n<meta property=\"og:url\" content=\"https:\/\/www.honlufoodtrailer.com\/it\/product\/16ft-dumpling-food-truck\/\" \/>\n<meta property=\"og:site_name\" content=\"Honlu food trailer\" \/>\n<meta property=\"article:modified_time\" content=\"2025-02-14T05:54:56+00:00\" \/>\n<meta property=\"og:image\" content=\"https:\/\/www.honlufoodtrailer.com\/wp-content\/uploads\/2024\/11\/16ft-steamy-dumpling-trailer-front-view.jpg\" \/>\n\t<meta property=\"og:image:width\" content=\"720\" \/>\n\t<meta property=\"og:image:height\" content=\"540\" \/>\n\t<meta property=\"og:image:type\" content=\"image\/jpeg\" \/>\n<meta name=\"twitter:card\" content=\"summary_large_image\" \/>\n<meta name=\"twitter:label1\" content=\"Tempo di lettura stimato\" \/>\n\t<meta name=\"twitter:data1\" content=\"2 minuti\" \/>\n<script type=\"application\/ld+json\" class=\"yoast-schema-graph\">{\"@context\":\"https:\\\/\\\/schema.org\",\"@graph\":[{\"@type\":\"WebPage\",\"@id\":\"https:\\\/\\\/www.honlufoodtrailer.com\\\/product\\\/16ft-dumpling-food-truck\\\/\",\"url\":\"https:\\\/\\\/www.honlufoodtrailer.com\\\/product\\\/16ft-dumpling-food-truck\\\/\",\"name\":\"16ft Dumpling Food Truck Fom China Factory - Honlu Food Trailer\",\"isPartOf\":{\"@id\":\"https:\\\/\\\/www.honlufoodtrailer.com\\\/#website\"},\"primaryImageOfPage\":{\"@id\":\"https:\\\/\\\/www.honlufoodtrailer.com\\\/product\\\/16ft-dumpling-food-truck\\\/#primaryimage\"},\"image\":{\"@id\":\"https:\\\/\\\/www.honlufoodtrailer.com\\\/product\\\/16ft-dumpling-food-truck\\\/#primaryimage\"},\"thumbnailUrl\":\"https:\\\/\\\/www.honlufoodtrailer.com\\\/wp-content\\\/uploads\\\/2024\\\/11\\\/16ft-steamy-dumpling-trailer-front-view.jpg\",\"datePublished\":\"2024-11-01T08:53:39+00:00\",\"dateModified\":\"2025-02-14T05:54:56+00:00\",\"description\":\"This is a customized 16ft dumpling food truck. High quality and appealing appearance, get its price here direct from China factory!\",\"breadcrumb\":{\"@id\":\"https:\\\/\\\/www.honlufoodtrailer.com\\\/product\\\/16ft-dumpling-food-truck\\\/#breadcrumb\"},\"inLanguage\":\"it-IT\",\"potentialAction\":[{\"@type\":\"ReadAction\",\"target\":[\"https:\\\/\\\/www.honlufoodtrailer.com\\\/product\\\/16ft-dumpling-food-truck\\\/\"]}]},{\"@type\":\"ImageObject\",\"inLanguage\":\"it-IT\",\"@id\":\"https:\\\/\\\/www.honlufoodtrailer.com\\\/product\\\/16ft-dumpling-food-truck\\\/#primaryimage\",\"url\":\"https:\\\/\\\/www.honlufoodtrailer.com\\\/wp-content\\\/uploads\\\/2024\\\/11\\\/16ft-steamy-dumpling-trailer-front-view.jpg\",\"contentUrl\":\"https:\\\/\\\/www.honlufoodtrailer.com\\\/wp-content\\\/uploads\\\/2024\\\/11\\\/16ft-steamy-dumpling-trailer-front-view.jpg\",\"width\":720,\"height\":540,\"caption\":\"16ft steamy dumpling trailer\"},{\"@type\":\"BreadcrumbList\",\"@id\":\"https:\\\/\\\/www.honlufoodtrailer.com\\\/product\\\/16ft-dumpling-food-truck\\\/#breadcrumb\",\"itemListElement\":[{\"@type\":\"ListItem\",\"position\":1,\"name\":\"Home\",\"item\":\"https:\\\/\\\/www.honlufoodtrailer.com\\\/\"},{\"@type\":\"ListItem\",\"position\":2,\"name\":\"\u4ea7\u54c1\",\"item\":\"https:\\\/\\\/www.honlufoodtrailer.com\\\/shop\\\/\"},{\"@type\":\"ListItem\",\"position\":3,\"name\":\"16ft Dumpling Food Truck\"}]},{\"@type\":\"WebSite\",\"@id\":\"https:\\\/\\\/www.honlufoodtrailer.com\\\/#website\",\"url\":\"https:\\\/\\\/www.honlufoodtrailer.com\\\/\",\"name\":\"Honlu food trailer\",\"description\":\"\",\"publisher\":{\"@id\":\"https:\\\/\\\/www.honlufoodtrailer.com\\\/#organization\"},\"potentialAction\":[{\"@type\":\"SearchAction\",\"target\":{\"@type\":\"EntryPoint\",\"urlTemplate\":\"https:\\\/\\\/www.honlufoodtrailer.com\\\/?s={search_term_string}\"},\"query-input\":{\"@type\":\"PropertyValueSpecification\",\"valueRequired\":true,\"valueName\":\"search_term_string\"}}],\"inLanguage\":\"it-IT\"},{\"@type\":\"Organization\",\"@id\":\"https:\\\/\\\/www.honlufoodtrailer.com\\\/#organization\",\"name\":\"Honlu food trailer\",\"url\":\"https:\\\/\\\/www.honlufoodtrailer.com\\\/\",\"logo\":{\"@type\":\"ImageObject\",\"inLanguage\":\"it-IT\",\"@id\":\"https:\\\/\\\/www.honlufoodtrailer.com\\\/#\\\/schema\\\/logo\\\/image\\\/\",\"url\":\"https:\\\/\\\/www.honlufoodtrailer.com\\\/wp-content\\\/uploads\\\/2021\\\/12\\\/2.gif\",\"contentUrl\":\"https:\\\/\\\/www.honlufoodtrailer.com\\\/wp-content\\\/uploads\\\/2021\\\/12\\\/2.gif\",\"width\":350,\"height\":100,\"caption\":\"Honlu food trailer\"},\"image\":{\"@id\":\"https:\\\/\\\/www.honlufoodtrailer.com\\\/#\\\/schema\\\/logo\\\/image\\\/\"}}]}<\/script>\n<!-- \/ Yoast SEO plugin. -->","yoast_head_json":{"title":"Food truck di ravioli da 4,88 m (16 piedi) proveniente da una fabbrica cinese - Honlu Food Trailer","description":"Questo \u00e8 un food truck personalizzato di 4,88 metri (16 piedi) specializzato in ravioli. Alta qualit\u00e0 e aspetto accattivante. Scopri il prezzo direttamente dalla fabbrica in Cina!","robots":{"index":"index","follow":"follow","max-snippet":"max-snippet:-1","max-image-preview":"max-image-preview:large","max-video-preview":"max-video-preview:-1"},"canonical":"https:\/\/www.honlufoodtrailer.com\/it\/product\/16ft-dumpling-food-truck\/","og_locale":"it_IT","og_type":"article","og_title":"16ft Dumpling Food Truck Fom China Factory - Honlu Food Trailer","og_description":"This is a customized 16ft dumpling food truck. High quality and appealing appearance, get its price here direct from China factory!","og_url":"https:\/\/www.honlufoodtrailer.com\/it\/product\/16ft-dumpling-food-truck\/","og_site_name":"Honlu food trailer","article_modified_time":"2025-02-14T05:54:56+00:00","og_image":[{"width":720,"height":540,"url":"https:\/\/www.honlufoodtrailer.com\/wp-content\/uploads\/2024\/11\/16ft-steamy-dumpling-trailer-front-view.jpg","type":"image\/jpeg"}],"twitter_card":"summary_large_image","twitter_misc":{"Tempo di lettura stimato":"2 minuti"},"schema":{"@context":"https:\/\/schema.org","@graph":[{"@type":"WebPage","@id":"https:\/\/www.honlufoodtrailer.com\/product\/16ft-dumpling-food-truck\/","url":"https:\/\/www.honlufoodtrailer.com\/product\/16ft-dumpling-food-truck\/","name":"Food truck di ravioli da 4,88 m (16 piedi) proveniente da una fabbrica cinese - Honlu Food Trailer","isPartOf":{"@id":"https:\/\/www.honlufoodtrailer.com\/#website"},"primaryImageOfPage":{"@id":"https:\/\/www.honlufoodtrailer.com\/product\/16ft-dumpling-food-truck\/#primaryimage"},"image":{"@id":"https:\/\/www.honlufoodtrailer.com\/product\/16ft-dumpling-food-truck\/#primaryimage"},"thumbnailUrl":"https:\/\/www.honlufoodtrailer.com\/wp-content\/uploads\/2024\/11\/16ft-steamy-dumpling-trailer-front-view.jpg","datePublished":"2024-11-01T08:53:39+00:00","dateModified":"2025-02-14T05:54:56+00:00","description":"Questo \u00e8 un food truck personalizzato di 4,88 metri (16 piedi) specializzato in ravioli. Alta qualit\u00e0 e aspetto accattivante. Scopri il prezzo direttamente dalla fabbrica in Cina!","breadcrumb":{"@id":"https:\/\/www.honlufoodtrailer.com\/product\/16ft-dumpling-food-truck\/#breadcrumb"},"inLanguage":"it-IT","potentialAction":[{"@type":"ReadAction","target":["https:\/\/www.honlufoodtrailer.com\/product\/16ft-dumpling-food-truck\/"]}]},{"@type":"ImageObject","inLanguage":"it-IT","@id":"https:\/\/www.honlufoodtrailer.com\/product\/16ft-dumpling-food-truck\/#primaryimage","url":"https:\/\/www.honlufoodtrailer.com\/wp-content\/uploads\/2024\/11\/16ft-steamy-dumpling-trailer-front-view.jpg","contentUrl":"https:\/\/www.honlufoodtrailer.com\/wp-content\/uploads\/2024\/11\/16ft-steamy-dumpling-trailer-front-view.jpg","width":720,"height":540,"caption":"16ft steamy dumpling trailer"},{"@type":"BreadcrumbList","@id":"https:\/\/www.honlufoodtrailer.com\/product\/16ft-dumpling-food-truck\/#breadcrumb","itemListElement":[{"@type":"ListItem","position":1,"name":"Home","item":"https:\/\/www.honlufoodtrailer.com\/"},{"@type":"ListItem","position":2,"name":"\u4ea7\u54c1","item":"https:\/\/www.honlufoodtrailer.com\/shop\/"},{"@type":"ListItem","position":3,"name":"16ft Dumpling Food Truck"}]},{"@type":"WebSite","@id":"https:\/\/www.honlufoodtrailer.com\/#website","url":"https:\/\/www.honlufoodtrailer.com\/","name":"Rimorchio alimentare Honlu","description":"","publisher":{"@id":"https:\/\/www.honlufoodtrailer.com\/#organization"},"potentialAction":[{"@type":"SearchAction","target":{"@type":"EntryPoint","urlTemplate":"https:\/\/www.honlufoodtrailer.com\/?s={search_term_string}"},"query-input":{"@type":"PropertyValueSpecification","valueRequired":true,"valueName":"search_term_string"}}],"inLanguage":"it-IT"},{"@type":"Organization","@id":"https:\/\/www.honlufoodtrailer.com\/#organization","name":"Rimorchio alimentare Honlu","url":"https:\/\/www.honlufoodtrailer.com\/","logo":{"@type":"ImageObject","inLanguage":"it-IT","@id":"https:\/\/www.honlufoodtrailer.com\/#\/schema\/logo\/image\/","url":"https:\/\/www.honlufoodtrailer.com\/wp-content\/uploads\/2021\/12\/2.gif","contentUrl":"https:\/\/www.honlufoodtrailer.com\/wp-content\/uploads\/2021\/12\/2.gif","width":350,"height":100,"caption":"Honlu food trailer"},"image":{"@id":"https:\/\/www.honlufoodtrailer.com\/#\/schema\/logo\/image\/"}}]}},"_links":{"self":[{"href":"https:\/\/www.honlufoodtrailer.com\/it\/wp-json\/wp\/v2\/product\/8918","targetHints":{"allow":["GET"]}}],"collection":[{"href":"https:\/\/www.honlufoodtrailer.com\/it\/wp-json\/wp\/v2\/product"}],"about":[{"href":"https:\/\/www.honlufoodtrailer.com\/it\/wp-json\/wp\/v2\/types\/product"}],"version-history":[{"count":5,"href":"https:\/\/www.honlufoodtrailer.com\/it\/wp-json\/wp\/v2\/product\/8918\/revisions"}],"predecessor-version":[{"id":9677,"href":"https:\/\/www.honlufoodtrailer.com\/it\/wp-json\/wp\/v2\/product\/8918\/revisions\/9677"}],"wp:featuredmedia":[{"embeddable":true,"href":"https:\/\/www.honlufoodtrailer.com\/it\/wp-json\/wp\/v2\/media\/8907"}],"wp:attachment":[{"href":"https:\/\/www.honlufoodtrailer.com\/it\/wp-json\/wp\/v2\/media?parent=8918"}],"wp:term":[{"taxonomy":"product_brand","embeddable":true,"href":"https:\/\/www.honlufoodtrailer.com\/it\/wp-json\/wp\/v2\/product_brand?post=8918"},{"taxonomy":"product_cat","embeddable":true,"href":"https:\/\/www.honlufoodtrailer.com\/it\/wp-json\/wp\/v2\/product_cat?post=8918"},{"taxonomy":"product_tag","embeddable":true,"href":"https:\/\/www.honlufoodtrailer.com\/it\/wp-json\/wp\/v2\/product_tag?post=8918"}],"curies":[{"name":"wp","href":"https:\/\/api.w.org\/{rel}","templated":true}]}}