{"id":8990,"date":"2024-12-02T16:32:53","date_gmt":"2024-12-02T08:32:53","guid":{"rendered":"https:\/\/www.honlufoodtrailer.com\/?post_type=product&#038;p=8990"},"modified":"2025-02-14T11:42:13","modified_gmt":"2025-02-14T03:42:13","slug":"13ft-food-trailer-trinidad-and-tobago","status":"publish","type":"product","link":"https:\/\/www.honlufoodtrailer.com\/it\/product\/13ft-food-trailer-trinidad-and-tobago\/","title":{"rendered":"Rimorchio per alimenti da 13 piedi Trinidad e Tobago"},"content":{"rendered":"<p data-spm-anchor-id=\"a2700.wholesale.0.i28.29e52808agqc7f\">Siete alla ricerca di un rimorchio per la ristorazione a Trinidad e Tobago? Guardate questo rimorchio alimentare mobile di 13 piedi che abbiamo personalizzato per un cliente di Trinidad e Tobago! Si tratta di uno dei rimorchi alimentari che abbiamo personalizzato per i nostri clienti. Vediamo ora maggiori dettagli!<\/p>\n<p data-spm-anchor-id=\"a2700.wholesale.0.i28.29e52808agqc7f\"><img fetchpriority=\"high\" decoding=\"async\" class=\"aligncenter size-full wp-image-8995\" src=\"https:\/\/www.honlufoodtrailer.com\/wp-content\/uploads\/2024\/12\/13ft-Food-Trailer-Trinidad-and-Tobago-for-sale.jpg\" alt=\"13ft Food Trailer Trinidad e Tobago in vendita\" width=\"720\" height=\"540\" srcset=\"https:\/\/www.honlufoodtrailer.com\/wp-content\/uploads\/2024\/12\/13ft-Food-Trailer-Trinidad-and-Tobago-for-sale.jpg 720w, https:\/\/www.honlufoodtrailer.com\/wp-content\/uploads\/2024\/12\/13ft-Food-Trailer-Trinidad-and-Tobago-for-sale-480x360.jpg 480w, https:\/\/www.honlufoodtrailer.com\/wp-content\/uploads\/2024\/12\/13ft-Food-Trailer-Trinidad-and-Tobago-for-sale-300x225.jpg 300w\" sizes=\"(max-width: 720px) 100vw, 720px\" \/> <img decoding=\"async\" class=\"aligncenter size-full wp-image-8998\" src=\"https:\/\/www.honlufoodtrailer.com\/wp-content\/uploads\/2024\/12\/13ft-Food-Trailer-Trinidad-and-Tobago-side-view.jpg\" alt=\"Rimorchio per alimenti da 13 piedi Trinidad e Tobago vista laterale\" width=\"720\" height=\"540\" srcset=\"https:\/\/www.honlufoodtrailer.com\/wp-content\/uploads\/2024\/12\/13ft-Food-Trailer-Trinidad-and-Tobago-side-view.jpg 720w, https:\/\/www.honlufoodtrailer.com\/wp-content\/uploads\/2024\/12\/13ft-Food-Trailer-Trinidad-and-Tobago-side-view-480x360.jpg 480w, https:\/\/www.honlufoodtrailer.com\/wp-content\/uploads\/2024\/12\/13ft-Food-Trailer-Trinidad-and-Tobago-side-view-300x225.jpg 300w\" sizes=\"(max-width: 720px) 100vw, 720px\" \/><\/p>\n<p data-spm-anchor-id=\"a2700.wholesale.0.i28.29e52808agqc7f\">Come si pu\u00f2 vedere dalle immagini qui sopra, l'intero corpo di questo rimorchio per alimenti \u00e8 bianco. Ci sono due aree di servizio, una finestra di servizio e un'area di servizio posteriore. Quando la finestra \u00e8 aperta, si pu\u00f2 formare un piano d'appoggio sottostante. Sar\u00e0 molto comodo per i clienti ordinare e ritirare i pasti. Vediamo poi i dettagli interni di questo rimorchio ristorante mobile.<\/p>\n<h3>Dettagli interni del Food Trailer 4m Trinidad e Tobago<\/h3>\n<p data-spm-anchor-id=\"a2700.wholesale.0.i28.29e52808agqc7f\">Come si pu\u00f2 vedere dalle immagini sottostanti, abbiamo dotato il rimorchio alimentare di alcune attrezzature da cucina in base alle esigenze del cliente. L'attrezzatura da cucina comprende 3 lavelli, un condizionatore d'aria, un tavolo per la preparazione dei cibi, un fornello a gas, una friggitrice a gas, una piastra, un frigorifero, ecc.<\/p>\n<p data-spm-anchor-id=\"a2700.wholesale.0.i28.29e52808agqc7f\"><img decoding=\"async\" class=\"aligncenter size-full wp-image-8932\" src=\"https:\/\/www.honlufoodtrailer.com\/wp-content\/uploads\/2024\/11\/4m-Mobile-Restaurant-Trailer-inner-view.jpg\" alt=\"Vista interna del rimorchio ristorante mobile da 4 m\" width=\"720\" height=\"540\" srcset=\"https:\/\/www.honlufoodtrailer.com\/wp-content\/uploads\/2024\/11\/4m-Mobile-Restaurant-Trailer-inner-view.jpg 720w, https:\/\/www.honlufoodtrailer.com\/wp-content\/uploads\/2024\/11\/4m-Mobile-Restaurant-Trailer-inner-view-480x360.jpg 480w, https:\/\/www.honlufoodtrailer.com\/wp-content\/uploads\/2024\/11\/4m-Mobile-Restaurant-Trailer-inner-view-300x225.jpg 300w\" sizes=\"(max-width: 720px) 100vw, 720px\" \/><\/p>\n<p data-spm-anchor-id=\"a2700.wholesale.0.i28.29e52808agqc7f\"><img loading=\"lazy\" decoding=\"async\" class=\"aligncenter size-full wp-image-8945\" src=\"https:\/\/www.honlufoodtrailer.com\/wp-content\/uploads\/2024\/11\/4m-restaurant-trailer-inner-details.jpg\" alt=\"Dettagli interni del rimorchio ristorante 4m\" width=\"800\" height=\"800\" srcset=\"https:\/\/www.honlufoodtrailer.com\/wp-content\/uploads\/2024\/11\/4m-restaurant-trailer-inner-details.jpg 800w, https:\/\/www.honlufoodtrailer.com\/wp-content\/uploads\/2024\/11\/4m-restaurant-trailer-inner-details-768x768.jpg 768w, https:\/\/www.honlufoodtrailer.com\/wp-content\/uploads\/2024\/11\/4m-restaurant-trailer-inner-details-360x360.jpg 360w, https:\/\/www.honlufoodtrailer.com\/wp-content\/uploads\/2024\/11\/4m-restaurant-trailer-inner-details-300x300.jpg 300w, https:\/\/www.honlufoodtrailer.com\/wp-content\/uploads\/2024\/11\/4m-restaurant-trailer-inner-details-720x720.jpg 720w, https:\/\/www.honlufoodtrailer.com\/wp-content\/uploads\/2024\/11\/4m-restaurant-trailer-inner-details-100x100.jpg 100w\" sizes=\"(max-width: 800px) 100vw, 800px\" \/><\/p>\n<p data-spm-anchor-id=\"a2700.wholesale.0.i28.29e52808agqc7f\">Tutte le attrezzature da cucina sono personalizzate in base agli standard locali del cliente. In qualit\u00e0 di produttore ed esportatore di rimorchi per alimenti con oltre 10 anni di esperienza, possiamo aiutarvi a progettare e produrre il vostro rimorchio per alimenti secondo gli standard locali. Le dimensioni, il colore della carrozzeria, gli adesivi, la segnaletica e le attrezzature della cucina del rimorchio per alimenti possono essere personalizzati. Non esitate a contattarci e a comunicarci i vostri requisiti dettagliati!<\/p>\n<h3>Ulteriori dettagli sul rimorchio per alimenti da 4 metri<\/h3>\n<p>Per maggiori dettagli, vedere il finestrino, la luce laterale, la luce posteriore, il gancio di traino e l'alimentazione esterna, ecc. Tutti i modelli sono realizzati in base alle esigenze del cliente.<\/p>\n<h3 data-spm-anchor-id=\"a2700.wholesale.0.i28.29e52808agqc7f\"><img loading=\"lazy\" decoding=\"async\" class=\"aligncenter size-full wp-image-9001\" src=\"https:\/\/www.honlufoodtrailer.com\/wp-content\/uploads\/2024\/12\/13ft-Food-Trailer-Trinidad-and-Tobago-more-details.jpg\" alt=\"13ft Food Trailer Trinidad e Tobago maggiori dettagli\" width=\"800\" height=\"800\" srcset=\"https:\/\/www.honlufoodtrailer.com\/wp-content\/uploads\/2024\/12\/13ft-Food-Trailer-Trinidad-and-Tobago-more-details.jpg 800w, https:\/\/www.honlufoodtrailer.com\/wp-content\/uploads\/2024\/12\/13ft-Food-Trailer-Trinidad-and-Tobago-more-details-768x768.jpg 768w, https:\/\/www.honlufoodtrailer.com\/wp-content\/uploads\/2024\/12\/13ft-Food-Trailer-Trinidad-and-Tobago-more-details-360x360.jpg 360w, https:\/\/www.honlufoodtrailer.com\/wp-content\/uploads\/2024\/12\/13ft-Food-Trailer-Trinidad-and-Tobago-more-details-300x300.jpg 300w, https:\/\/www.honlufoodtrailer.com\/wp-content\/uploads\/2024\/12\/13ft-Food-Trailer-Trinidad-and-Tobago-more-details-720x720.jpg 720w, https:\/\/www.honlufoodtrailer.com\/wp-content\/uploads\/2024\/12\/13ft-Food-Trailer-Trinidad-and-Tobago-more-details-100x100.jpg 100w\" sizes=\"(max-width: 800px) 100vw, 800px\" \/><\/h3>\n<h3 class=\"magic-6\" data-spm-anchor-id=\"a2700.wholesale.0.i28.29e52808agqc7f\">Caratteristiche principali<\/h3>\n<div class=\"magic-7\">\n<div class=\"magic-8\">\n<div class=\"magic-9\" data-id=\"paragraph0\">\n<ol>\n<li>Aspetto alla moda, design unico e attraente;<\/li>\n<li>\u00c8 realizzato in materiale di acciaio inossidabile, durevole e resistente alla corrosione;<\/li>\n<li>Accessori moderni e avanzati in dotazione al rimorchio in concessione;<\/li>\n<li>Comodo e facile da spostare;<\/li>\n<\/ol>\n<h3>Disegno gratuito della planimetria 2D\/3D<\/h3>\n<p>Per i clienti che hanno ordinato il nostro carrello portavivande, dopo aver confermato le dimensioni del carrello portavivande e le attrezzature interne della cucina, possiamo fornirvi gratuitamente i disegni 3D. Questo vi dar\u00e0 un'idea pi\u00f9 chiara del vostro progetto e del vostro carrello portavivande. Quando confermiamo la posizione delle attrezzature della cucina, possiamo comunicare chiaramente con voi attraverso la planimetria. Possiamo anche fornirvi i documenti originali per facilitare il vostro progetto e apportare modifiche.<\/p>\n<h3>Vedi altri nostri trailer di ristoranti<\/h3>\n<p><a href=\"https:\/\/www.honlufoodtrailer.com\/it\/product\/3-5m-fast-food-caravan\/\" target=\"_blank\" rel=\"noopener\">Rimorchio fast food da 3,5 m<\/a><\/p>\n<p><a href=\"https:\/\/www.honlufoodtrailer.com\/it\/product\/3-5m-fast-food-caravan\/\"><img loading=\"lazy\" decoding=\"async\" class=\"aligncenter wp-image-7979 size-full\" src=\"https:\/\/www.honlufoodtrailer.com\/wp-content\/uploads\/2024\/07\/3.5m-fast-food-caravan-night-view.jpg\" alt=\"3,5 m di roulotte fast food vista notturna\" width=\"720\" height=\"540\" srcset=\"https:\/\/www.honlufoodtrailer.com\/wp-content\/uploads\/2024\/07\/3.5m-fast-food-caravan-night-view.jpg 720w, https:\/\/www.honlufoodtrailer.com\/wp-content\/uploads\/2024\/07\/3.5m-fast-food-caravan-night-view-480x360.jpg 480w, https:\/\/www.honlufoodtrailer.com\/wp-content\/uploads\/2024\/07\/3.5m-fast-food-caravan-night-view-300x225.jpg 300w\" sizes=\"(max-width: 720px) 100vw, 720px\" \/><\/a><br \/>\n<a href=\"https:\/\/www.honlufoodtrailer.com\/it\/product\/18ft-mobile-fast-food-trailer-for-sale\/\" target=\"_blank\" rel=\"noopener\">Camion fast food da 18 piedi<\/a><\/p>\n<p><a href=\"https:\/\/www.honlufoodtrailer.com\/it\/product\/18ft-mobile-fast-food-trailer-for-sale\/\"><img loading=\"lazy\" decoding=\"async\" class=\"aligncenter wp-image-6013 size-full\" src=\"https:\/\/www.honlufoodtrailer.com\/wp-content\/uploads\/2023\/11\/18ft-fast-food-trailer-on-sale.jpg\" alt=\"Rimorchio fast food di 18 piedi in vendita\" width=\"720\" height=\"540\" srcset=\"https:\/\/www.honlufoodtrailer.com\/wp-content\/uploads\/2023\/11\/18ft-fast-food-trailer-on-sale.jpg 720w, https:\/\/www.honlufoodtrailer.com\/wp-content\/uploads\/2023\/11\/18ft-fast-food-trailer-on-sale-480x360.jpg 480w, https:\/\/www.honlufoodtrailer.com\/wp-content\/uploads\/2023\/11\/18ft-fast-food-trailer-on-sale-300x225.jpg 300w\" sizes=\"(max-width: 720px) 100vw, 720px\" \/><\/a><\/p>\n<\/div>\n<\/div>\n<\/div>","protected":false},"excerpt":{"rendered":"<p>Questo \u00e8 uno dei nostri rimorchi per alimenti da 4 metri, realizzato su misura per un cliente di Trinidad e Tobago. Grazie al prezzo accessibile e alla struttura compatta, \u00e8 una buona scelta per avviare un'attivit\u00e0 di rimorchio per alimenti. <strong>Fare clic sulle schede seguenti per visualizzare ulteriori dettagli su questo rimorchio alimentare mobile.<\/strong> Inoltre, possiamo produrre un fast food simile a questo o personalizzarlo per voi. Il colore della carrozzeria, gli adesivi, le insegne e l'attrezzatura da cucina del rimorchio alimentare possono essere personalizzati. Non esitate a contattarci!<\/p>","protected":false},"featured_media":8992,"template":"","meta":{"_themeisle_gutenberg_block_has_review":false},"product_brand":[],"product_cat":[26],"product_tag":[82,94],"class_list":{"0":"post-8990","1":"product","2":"type-product","3":"status-publish","4":"has-post-thumbnail","6":"product_cat-product","7":"product_tag-13ft-food-trailer","8":"product_tag-trinidad-and-tobago","10":"first","11":"instock","12":"featured","13":"shipping-taxable","14":"product-type-simple"},"yoast_head":"<!-- This site is optimized with the Yoast SEO plugin v27.4 - https:\/\/yoast.com\/product\/yoast-seo-wordpress\/ -->\n<title>4m Food Trailer For Sale Trinidad And Tobago - Honlu Food Trailer<\/title>\n<meta name=\"description\" content=\"This is a 4m food trailer we have customized for a customer from Trinidad And Tobago. See details! Get a similar or customized one at factory price now!\" \/>\n<meta name=\"robots\" content=\"index, follow, max-snippet:-1, max-image-preview:large, max-video-preview:-1\" \/>\n<link rel=\"canonical\" href=\"https:\/\/www.honlufoodtrailer.com\/it\/product\/13ft-food-trailer-trinidad-and-tobago\/\" \/>\n<meta property=\"og:locale\" content=\"it_IT\" \/>\n<meta property=\"og:type\" content=\"article\" \/>\n<meta property=\"og:title\" content=\"4m Food Trailer For Sale Trinidad And Tobago - Honlu Food Trailer\" \/>\n<meta property=\"og:description\" content=\"This is a 4m food trailer we have customized for a customer from Trinidad And Tobago. See details! Get a similar or customized one at factory price now!\" \/>\n<meta property=\"og:url\" content=\"https:\/\/www.honlufoodtrailer.com\/it\/product\/13ft-food-trailer-trinidad-and-tobago\/\" \/>\n<meta property=\"og:site_name\" content=\"Honlu food trailer\" \/>\n<meta property=\"article:modified_time\" content=\"2025-02-14T03:42:13+00:00\" \/>\n<meta property=\"og:image\" content=\"https:\/\/www.honlufoodtrailer.com\/wp-content\/uploads\/2024\/12\/13ft-Food-Trailer-for-Trinidad-and-Tobago-customer.jpg\" \/>\n\t<meta property=\"og:image:width\" content=\"720\" \/>\n\t<meta property=\"og:image:height\" content=\"540\" \/>\n\t<meta property=\"og:image:type\" content=\"image\/jpeg\" \/>\n<meta name=\"twitter:card\" content=\"summary_large_image\" \/>\n<meta name=\"twitter:label1\" content=\"Tempo di lettura stimato\" \/>\n\t<meta name=\"twitter:data1\" content=\"1 minuto\" \/>\n<script type=\"application\/ld+json\" class=\"yoast-schema-graph\">{\"@context\":\"https:\\\/\\\/schema.org\",\"@graph\":[{\"@type\":\"WebPage\",\"@id\":\"https:\\\/\\\/www.honlufoodtrailer.com\\\/product\\\/13ft-food-trailer-trinidad-and-tobago\\\/\",\"url\":\"https:\\\/\\\/www.honlufoodtrailer.com\\\/product\\\/13ft-food-trailer-trinidad-and-tobago\\\/\",\"name\":\"4m Food Trailer For Sale Trinidad And Tobago - Honlu Food Trailer\",\"isPartOf\":{\"@id\":\"https:\\\/\\\/www.honlufoodtrailer.com\\\/#website\"},\"primaryImageOfPage\":{\"@id\":\"https:\\\/\\\/www.honlufoodtrailer.com\\\/product\\\/13ft-food-trailer-trinidad-and-tobago\\\/#primaryimage\"},\"image\":{\"@id\":\"https:\\\/\\\/www.honlufoodtrailer.com\\\/product\\\/13ft-food-trailer-trinidad-and-tobago\\\/#primaryimage\"},\"thumbnailUrl\":\"https:\\\/\\\/www.honlufoodtrailer.com\\\/wp-content\\\/uploads\\\/2024\\\/12\\\/13ft-Food-Trailer-for-Trinidad-and-Tobago-customer.jpg\",\"datePublished\":\"2024-12-02T08:32:53+00:00\",\"dateModified\":\"2025-02-14T03:42:13+00:00\",\"description\":\"This is a 4m food trailer we have customized for a customer from Trinidad And Tobago. See details! Get a similar or customized one at factory price now!\",\"breadcrumb\":{\"@id\":\"https:\\\/\\\/www.honlufoodtrailer.com\\\/product\\\/13ft-food-trailer-trinidad-and-tobago\\\/#breadcrumb\"},\"inLanguage\":\"it-IT\",\"potentialAction\":[{\"@type\":\"ReadAction\",\"target\":[\"https:\\\/\\\/www.honlufoodtrailer.com\\\/product\\\/13ft-food-trailer-trinidad-and-tobago\\\/\"]}]},{\"@type\":\"ImageObject\",\"inLanguage\":\"it-IT\",\"@id\":\"https:\\\/\\\/www.honlufoodtrailer.com\\\/product\\\/13ft-food-trailer-trinidad-and-tobago\\\/#primaryimage\",\"url\":\"https:\\\/\\\/www.honlufoodtrailer.com\\\/wp-content\\\/uploads\\\/2024\\\/12\\\/13ft-Food-Trailer-for-Trinidad-and-Tobago-customer.jpg\",\"contentUrl\":\"https:\\\/\\\/www.honlufoodtrailer.com\\\/wp-content\\\/uploads\\\/2024\\\/12\\\/13ft-Food-Trailer-for-Trinidad-and-Tobago-customer.jpg\",\"width\":720,\"height\":540,\"caption\":\"13ft Food Trailer for Trinidad and Tobago customer\"},{\"@type\":\"BreadcrumbList\",\"@id\":\"https:\\\/\\\/www.honlufoodtrailer.com\\\/product\\\/13ft-food-trailer-trinidad-and-tobago\\\/#breadcrumb\",\"itemListElement\":[{\"@type\":\"ListItem\",\"position\":1,\"name\":\"Home\",\"item\":\"https:\\\/\\\/www.honlufoodtrailer.com\\\/\"},{\"@type\":\"ListItem\",\"position\":2,\"name\":\"\u4ea7\u54c1\",\"item\":\"https:\\\/\\\/www.honlufoodtrailer.com\\\/shop\\\/\"},{\"@type\":\"ListItem\",\"position\":3,\"name\":\"13ft Food Trailer Trinidad and Tobago\"}]},{\"@type\":\"WebSite\",\"@id\":\"https:\\\/\\\/www.honlufoodtrailer.com\\\/#website\",\"url\":\"https:\\\/\\\/www.honlufoodtrailer.com\\\/\",\"name\":\"Honlu food trailer\",\"description\":\"\",\"publisher\":{\"@id\":\"https:\\\/\\\/www.honlufoodtrailer.com\\\/#organization\"},\"potentialAction\":[{\"@type\":\"SearchAction\",\"target\":{\"@type\":\"EntryPoint\",\"urlTemplate\":\"https:\\\/\\\/www.honlufoodtrailer.com\\\/?s={search_term_string}\"},\"query-input\":{\"@type\":\"PropertyValueSpecification\",\"valueRequired\":true,\"valueName\":\"search_term_string\"}}],\"inLanguage\":\"it-IT\"},{\"@type\":\"Organization\",\"@id\":\"https:\\\/\\\/www.honlufoodtrailer.com\\\/#organization\",\"name\":\"Honlu food trailer\",\"url\":\"https:\\\/\\\/www.honlufoodtrailer.com\\\/\",\"logo\":{\"@type\":\"ImageObject\",\"inLanguage\":\"it-IT\",\"@id\":\"https:\\\/\\\/www.honlufoodtrailer.com\\\/#\\\/schema\\\/logo\\\/image\\\/\",\"url\":\"https:\\\/\\\/www.honlufoodtrailer.com\\\/wp-content\\\/uploads\\\/2021\\\/12\\\/2.gif\",\"contentUrl\":\"https:\\\/\\\/www.honlufoodtrailer.com\\\/wp-content\\\/uploads\\\/2021\\\/12\\\/2.gif\",\"width\":350,\"height\":100,\"caption\":\"Honlu food trailer\"},\"image\":{\"@id\":\"https:\\\/\\\/www.honlufoodtrailer.com\\\/#\\\/schema\\\/logo\\\/image\\\/\"}}]}<\/script>\n<!-- \/ Yoast SEO plugin. -->","yoast_head_json":{"title":"Rimorchio per alimenti da 4 metri in vendita Trinidad e Tobago - Rimorchio per alimenti Honlu","description":"Questo \u00e8 un rimorchio per alimenti di 4 metri che abbiamo personalizzato per un cliente di Trinidad e Tobago. Vedere i dettagli! Acquistate subito un rimorchio simile o personalizzato a prezzo di fabbrica!","robots":{"index":"index","follow":"follow","max-snippet":"max-snippet:-1","max-image-preview":"max-image-preview:large","max-video-preview":"max-video-preview:-1"},"canonical":"https:\/\/www.honlufoodtrailer.com\/it\/product\/13ft-food-trailer-trinidad-and-tobago\/","og_locale":"it_IT","og_type":"article","og_title":"4m Food Trailer For Sale Trinidad And Tobago - Honlu Food Trailer","og_description":"This is a 4m food trailer we have customized for a customer from Trinidad And Tobago. See details! Get a similar or customized one at factory price now!","og_url":"https:\/\/www.honlufoodtrailer.com\/it\/product\/13ft-food-trailer-trinidad-and-tobago\/","og_site_name":"Honlu food trailer","article_modified_time":"2025-02-14T03:42:13+00:00","og_image":[{"width":720,"height":540,"url":"https:\/\/www.honlufoodtrailer.com\/wp-content\/uploads\/2024\/12\/13ft-Food-Trailer-for-Trinidad-and-Tobago-customer.jpg","type":"image\/jpeg"}],"twitter_card":"summary_large_image","twitter_misc":{"Tempo di lettura stimato":"1 minuto"},"schema":{"@context":"https:\/\/schema.org","@graph":[{"@type":"WebPage","@id":"https:\/\/www.honlufoodtrailer.com\/product\/13ft-food-trailer-trinidad-and-tobago\/","url":"https:\/\/www.honlufoodtrailer.com\/product\/13ft-food-trailer-trinidad-and-tobago\/","name":"Rimorchio per alimenti da 4 metri in vendita Trinidad e Tobago - Rimorchio per alimenti Honlu","isPartOf":{"@id":"https:\/\/www.honlufoodtrailer.com\/#website"},"primaryImageOfPage":{"@id":"https:\/\/www.honlufoodtrailer.com\/product\/13ft-food-trailer-trinidad-and-tobago\/#primaryimage"},"image":{"@id":"https:\/\/www.honlufoodtrailer.com\/product\/13ft-food-trailer-trinidad-and-tobago\/#primaryimage"},"thumbnailUrl":"https:\/\/www.honlufoodtrailer.com\/wp-content\/uploads\/2024\/12\/13ft-Food-Trailer-for-Trinidad-and-Tobago-customer.jpg","datePublished":"2024-12-02T08:32:53+00:00","dateModified":"2025-02-14T03:42:13+00:00","description":"Questo \u00e8 un rimorchio per alimenti di 4 metri che abbiamo personalizzato per un cliente di Trinidad e Tobago. Vedere i dettagli! Acquistate subito un rimorchio simile o personalizzato a prezzo di fabbrica!","breadcrumb":{"@id":"https:\/\/www.honlufoodtrailer.com\/product\/13ft-food-trailer-trinidad-and-tobago\/#breadcrumb"},"inLanguage":"it-IT","potentialAction":[{"@type":"ReadAction","target":["https:\/\/www.honlufoodtrailer.com\/product\/13ft-food-trailer-trinidad-and-tobago\/"]}]},{"@type":"ImageObject","inLanguage":"it-IT","@id":"https:\/\/www.honlufoodtrailer.com\/product\/13ft-food-trailer-trinidad-and-tobago\/#primaryimage","url":"https:\/\/www.honlufoodtrailer.com\/wp-content\/uploads\/2024\/12\/13ft-Food-Trailer-for-Trinidad-and-Tobago-customer.jpg","contentUrl":"https:\/\/www.honlufoodtrailer.com\/wp-content\/uploads\/2024\/12\/13ft-Food-Trailer-for-Trinidad-and-Tobago-customer.jpg","width":720,"height":540,"caption":"13ft Food Trailer for Trinidad and Tobago customer"},{"@type":"BreadcrumbList","@id":"https:\/\/www.honlufoodtrailer.com\/product\/13ft-food-trailer-trinidad-and-tobago\/#breadcrumb","itemListElement":[{"@type":"ListItem","position":1,"name":"Home","item":"https:\/\/www.honlufoodtrailer.com\/"},{"@type":"ListItem","position":2,"name":"\u4ea7\u54c1","item":"https:\/\/www.honlufoodtrailer.com\/shop\/"},{"@type":"ListItem","position":3,"name":"13ft Food Trailer Trinidad and Tobago"}]},{"@type":"WebSite","@id":"https:\/\/www.honlufoodtrailer.com\/#website","url":"https:\/\/www.honlufoodtrailer.com\/","name":"Rimorchio alimentare Honlu","description":"","publisher":{"@id":"https:\/\/www.honlufoodtrailer.com\/#organization"},"potentialAction":[{"@type":"SearchAction","target":{"@type":"EntryPoint","urlTemplate":"https:\/\/www.honlufoodtrailer.com\/?s={search_term_string}"},"query-input":{"@type":"PropertyValueSpecification","valueRequired":true,"valueName":"search_term_string"}}],"inLanguage":"it-IT"},{"@type":"Organization","@id":"https:\/\/www.honlufoodtrailer.com\/#organization","name":"Rimorchio alimentare Honlu","url":"https:\/\/www.honlufoodtrailer.com\/","logo":{"@type":"ImageObject","inLanguage":"it-IT","@id":"https:\/\/www.honlufoodtrailer.com\/#\/schema\/logo\/image\/","url":"https:\/\/www.honlufoodtrailer.com\/wp-content\/uploads\/2021\/12\/2.gif","contentUrl":"https:\/\/www.honlufoodtrailer.com\/wp-content\/uploads\/2021\/12\/2.gif","width":350,"height":100,"caption":"Honlu food trailer"},"image":{"@id":"https:\/\/www.honlufoodtrailer.com\/#\/schema\/logo\/image\/"}}]}},"_links":{"self":[{"href":"https:\/\/www.honlufoodtrailer.com\/it\/wp-json\/wp\/v2\/product\/8990","targetHints":{"allow":["GET"]}}],"collection":[{"href":"https:\/\/www.honlufoodtrailer.com\/it\/wp-json\/wp\/v2\/product"}],"about":[{"href":"https:\/\/www.honlufoodtrailer.com\/it\/wp-json\/wp\/v2\/types\/product"}],"version-history":[{"count":5,"href":"https:\/\/www.honlufoodtrailer.com\/it\/wp-json\/wp\/v2\/product\/8990\/revisions"}],"predecessor-version":[{"id":9286,"href":"https:\/\/www.honlufoodtrailer.com\/it\/wp-json\/wp\/v2\/product\/8990\/revisions\/9286"}],"wp:featuredmedia":[{"embeddable":true,"href":"https:\/\/www.honlufoodtrailer.com\/it\/wp-json\/wp\/v2\/media\/8992"}],"wp:attachment":[{"href":"https:\/\/www.honlufoodtrailer.com\/it\/wp-json\/wp\/v2\/media?parent=8990"}],"wp:term":[{"taxonomy":"product_brand","embeddable":true,"href":"https:\/\/www.honlufoodtrailer.com\/it\/wp-json\/wp\/v2\/product_brand?post=8990"},{"taxonomy":"product_cat","embeddable":true,"href":"https:\/\/www.honlufoodtrailer.com\/it\/wp-json\/wp\/v2\/product_cat?post=8990"},{"taxonomy":"product_tag","embeddable":true,"href":"https:\/\/www.honlufoodtrailer.com\/it\/wp-json\/wp\/v2\/product_tag?post=8990"}],"curies":[{"name":"wp","href":"https:\/\/api.w.org\/{rel}","templated":true}]}}