{"id":9004,"date":"2024-12-03T17:51:16","date_gmt":"2024-12-03T09:51:16","guid":{"rendered":"https:\/\/www.honlufoodtrailer.com\/?post_type=product&#038;p=9004"},"modified":"2025-02-14T11:41:46","modified_gmt":"2025-02-14T03:41:46","slug":"18ft-shipping-container-toilets-for-sale-seychelles","status":"publish","type":"product","link":"https:\/\/www.honlufoodtrailer.com\/it\/product\/18ft-shipping-container-toilets-for-sale-seychelles\/","title":{"rendered":"Toilette in container da 18,7 piedi in vendita alle Seychelles"},"content":{"rendered":"<p data-spm-anchor-id=\"a2700.wholesale.0.i28.29e52808agqc7f\">State cercando servizi igienici mobili ricavati da container? Date un&#039;occhiata a questo container da 5,7 metri (18,7 piedi) che abbiamo personalizzato per un cliente delle Seychelles! \u00c8 uno dei rimorchi che abbiamo realizzato su misura per i nostri clienti. Ora, scopriamone maggiori dettagli!<\/p>\n<p data-spm-anchor-id=\"a2700.wholesale.0.i28.29e52808agqc7f\"><img fetchpriority=\"high\" decoding=\"async\" class=\"aligncenter size-full wp-image-9009\" src=\"https:\/\/www.honlufoodtrailer.com\/wp-content\/uploads\/2024\/12\/container-washroom.jpg\" alt=\"container bagno\" width=\"720\" height=\"540\" srcset=\"https:\/\/www.honlufoodtrailer.com\/wp-content\/uploads\/2024\/12\/container-washroom.jpg 720w, https:\/\/www.honlufoodtrailer.com\/wp-content\/uploads\/2024\/12\/container-washroom-480x360.jpg 480w, https:\/\/www.honlufoodtrailer.com\/wp-content\/uploads\/2024\/12\/container-washroom-300x225.jpg 300w\" sizes=\"(max-width: 720px) 100vw, 720px\" \/> <img decoding=\"async\" class=\"aligncenter size-full wp-image-9012\" src=\"https:\/\/www.honlufoodtrailer.com\/wp-content\/uploads\/2024\/12\/portable-toilet-container.jpg\" alt=\"contenitore per toilette portatile\" width=\"720\" height=\"540\" srcset=\"https:\/\/www.honlufoodtrailer.com\/wp-content\/uploads\/2024\/12\/portable-toilet-container.jpg 720w, https:\/\/www.honlufoodtrailer.com\/wp-content\/uploads\/2024\/12\/portable-toilet-container-480x360.jpg 480w, https:\/\/www.honlufoodtrailer.com\/wp-content\/uploads\/2024\/12\/portable-toilet-container-300x225.jpg 300w\" sizes=\"(max-width: 720px) 100vw, 720px\" \/><\/p>\n<p data-spm-anchor-id=\"a2700.wholesale.0.i28.29e52808agqc7f\">Come si pu\u00f2 vedere dalle immagini sopra, questo bagno container \u00e8 diviso in tre stanze. L&#039;intera struttura del bagno container \u00e8 di colore blu pavone. Nella parte anteriore del container sono presenti tre porte di ingresso e uscita. Sul retro del container si trovano due finestre e tre ventole di aspirazione. Ora, vediamo i dettagli interni di questo bagno container mobile.<\/p>\n<h3>Dettagli interni del rimorchio per il cliente delle Seychelles<\/h3>\n<p data-spm-anchor-id=\"a2700.wholesale.0.i28.29e52808agqc7f\">Come si pu\u00f2 vedere dalle immagini sottostanti, abbiamo allestito il bagno del container con alcune dotazioni di base in base alle esigenze del cliente. In ognuna delle tre stanze sono presenti un aspiratore, un lavabo, un dispenser di sapone a pressione a parete, un porta carta igienica a parete, un WC e una finestra. Possiamo personalizzare le dotazioni interne in base alle vostre specifiche esigenze. Se avete altre richieste, non esitate a contattarci!<\/p>\n<p data-spm-anchor-id=\"a2700.wholesale.0.i28.29e52808agqc7f\"><img decoding=\"async\" class=\"aligncenter size-full wp-image-9015\" src=\"https:\/\/www.honlufoodtrailer.com\/wp-content\/uploads\/2024\/12\/Shipping-Container-Toilets-For-Sale-inner-details.jpg\" alt=\"Toilette per container in vendita - Dettagli interni\" width=\"800\" height=\"800\" srcset=\"https:\/\/www.honlufoodtrailer.com\/wp-content\/uploads\/2024\/12\/Shipping-Container-Toilets-For-Sale-inner-details.jpg 800w, https:\/\/www.honlufoodtrailer.com\/wp-content\/uploads\/2024\/12\/Shipping-Container-Toilets-For-Sale-inner-details-768x768.jpg 768w, https:\/\/www.honlufoodtrailer.com\/wp-content\/uploads\/2024\/12\/Shipping-Container-Toilets-For-Sale-inner-details-360x360.jpg 360w, https:\/\/www.honlufoodtrailer.com\/wp-content\/uploads\/2024\/12\/Shipping-Container-Toilets-For-Sale-inner-details-300x300.jpg 300w, https:\/\/www.honlufoodtrailer.com\/wp-content\/uploads\/2024\/12\/Shipping-Container-Toilets-For-Sale-inner-details-720x720.jpg 720w, https:\/\/www.honlufoodtrailer.com\/wp-content\/uploads\/2024\/12\/Shipping-Container-Toilets-For-Sale-inner-details-100x100.jpg 100w\" sizes=\"(max-width: 800px) 100vw, 800px\" \/><\/p>\n<h3>Caratteristiche principali<\/h3>\n<div class=\"magic-7\">\n<div class=\"magic-8\">\n<div class=\"magic-9\" data-id=\"paragraph0\">\n<ol>\n<li>Aspetto alla moda, design unico, economico e pratico;<\/li>\n<li>\u00c8 realizzato in materiale di acciaio inossidabile, durevole e resistente alla corrosione;<\/li>\n<li>Il rimorchio \u00e8 dotato di accessori moderni e all&#039;avanguardia;<\/li>\n<li>Comodo e facile da spostare;<\/li>\n<li>Servizi igienici, lavabi e docce<\/li>\n<li>Ventilazione e isolamento<\/li>\n<li>Antivento e impermeabile<\/li>\n<\/ol>\n<h3><img loading=\"lazy\" decoding=\"async\" class=\"aligncenter size-full wp-image-9011\" src=\"https:\/\/www.honlufoodtrailer.com\/wp-content\/uploads\/2024\/12\/mobile-toilet-container.jpg\" alt=\"contenitore mobile per toilette\" width=\"720\" height=\"540\" srcset=\"https:\/\/www.honlufoodtrailer.com\/wp-content\/uploads\/2024\/12\/mobile-toilet-container.jpg 720w, https:\/\/www.honlufoodtrailer.com\/wp-content\/uploads\/2024\/12\/mobile-toilet-container-480x360.jpg 480w, https:\/\/www.honlufoodtrailer.com\/wp-content\/uploads\/2024\/12\/mobile-toilet-container-300x225.jpg 300w\" sizes=\"(max-width: 720px) 100vw, 720px\" \/>Cosa puoi ottenere da noi<\/h3>\n<p>In qualit\u00e0 di produttori ed esportatori professionali di rimorchi con oltre 10 anni di esperienza, possiamo offrire ai clienti i seguenti vantaggi.<\/p>\n<ol>\n<li>Possiamo personalizzare lo stile del bagno container che desiderate in base alle vostre esigenze specifiche. Ad esempio, potete scegliere la disposizione, il numero di cabine e lavandini e persino aggiungere docce e spogliatoi.<\/li>\n<li>Installeremo accessori di qualit\u00e0 e durevoli, la pavimentazione e i rivestimenti saranno resistenti e impermeabili, lo spazio sar\u00e0 ben ventilato e facile da pulire.<\/li>\n<li>Che abbiate bisogno di un trasloco regolare o di una soluzione temporanea, oppure che vogliate installare una toilette esterna permanente per i vostri dipendenti e clienti, le nostre toilette container sono un&#039;ottima scelta.<\/li>\n<\/ol>\n<p><img loading=\"lazy\" decoding=\"async\" class=\"aligncenter size-full wp-image-9010\" src=\"https:\/\/www.honlufoodtrailer.com\/wp-content\/uploads\/2024\/12\/container-with-toilet.jpg\" alt=\"contenitore con servizi igienici\" width=\"720\" height=\"540\" srcset=\"https:\/\/www.honlufoodtrailer.com\/wp-content\/uploads\/2024\/12\/container-with-toilet.jpg 720w, https:\/\/www.honlufoodtrailer.com\/wp-content\/uploads\/2024\/12\/container-with-toilet-480x360.jpg 480w, https:\/\/www.honlufoodtrailer.com\/wp-content\/uploads\/2024\/12\/container-with-toilet-300x225.jpg 300w\" sizes=\"(max-width: 720px) 100vw, 720px\" \/>I moderni container per servizi igienici rappresentano una soluzione efficiente e sostenibile. Igienici e facili da pulire, i nostri container per servizi igienici portatili sono una soluzione affidabile, temporanea o permanente, per una variet\u00e0 di luoghi e ambienti, tra cui festival, campeggi e cantieri edili.<\/p>\n<h3>Personalizzazioni disponibili:<\/h3>\n<ol>\n<li>Installazione di impianti elettrici, di riscaldamento e di illuminazione.<\/li>\n<li>Aggiungi il logo della tua azienda<\/li>\n<li>Porte, finestre e lucernari<\/li>\n<li>Finiture e colori<\/li>\n<li>Qualsiasi fabbricazione su misura richiesta<\/li>\n<\/ol>\n<h3>Disegno gratuito della planimetria 2D\/3D<\/h3>\n<p>Per i clienti che hanno ordinato il nostro rimorchio, dopo aver confermato le dimensioni del rimorchio e le dotazioni interne della cucina, possiamo fornire gratuitamente disegni 3D. Questo vi dar\u00e0 un&#039;idea pi\u00f9 chiara del design e del vostro rimorchio.<\/p>\n<\/div>\n<\/div>\n<\/div>","protected":false},"excerpt":{"rendered":"<p>Questo \u00e8 uno dei nostri bagni prefabbricati su misura, realizzati con container da 5,7 metri e destinati a un cliente delle Seychelles. <strong>Fai clic sulle seguenti schede per visualizzare maggiori dettagli su questo rimorchio toilette.<\/strong>. Possiamo produrre un container per servizi igienici mobili simile a questo, oppure personalizzarne uno per voi. Contattateci e comunicateci le vostre esigenze specifiche. Non esitate a contattarci!<\/p>","protected":false},"featured_media":9008,"template":"","meta":{"_themeisle_gutenberg_block_has_review":false},"product_brand":[],"product_cat":[26],"product_tag":[93,68],"class_list":{"0":"post-9004","1":"product","2":"type-product","3":"status-publish","4":"has-post-thumbnail","6":"product_cat-product","7":"product_tag-seychelles","8":"product_tag-toilet-trailer","10":"first","11":"instock","12":"featured","13":"shipping-taxable","14":"product-type-simple"},"yoast_head":"<!-- This site is optimized with the Yoast SEO plugin v27.4 - https:\/\/yoast.com\/product\/yoast-seo-wordpress\/ -->\n<title>18.7ft Shipping Container Toilets For Sale from China - Honlu<\/title>\n<meta name=\"description\" content=\"18.7ft mobile toilet made from shipping container, high quality with certificates, China factory price, click to get a quote now!\" \/>\n<meta name=\"robots\" content=\"index, follow, max-snippet:-1, max-image-preview:large, max-video-preview:-1\" \/>\n<link rel=\"canonical\" href=\"https:\/\/www.honlufoodtrailer.com\/it\/product\/18ft-shipping-container-toilets-for-sale-seychelles\/\" \/>\n<meta property=\"og:locale\" content=\"it_IT\" \/>\n<meta property=\"og:type\" content=\"article\" \/>\n<meta property=\"og:title\" content=\"18.7ft Shipping Container Toilets For Sale from China - Honlu\" \/>\n<meta property=\"og:description\" content=\"18.7ft mobile toilet made from shipping container, high quality with certificates, China factory price, click to get a quote now!\" \/>\n<meta property=\"og:url\" content=\"https:\/\/www.honlufoodtrailer.com\/it\/product\/18ft-shipping-container-toilets-for-sale-seychelles\/\" \/>\n<meta property=\"og:site_name\" content=\"Honlu food trailer\" \/>\n<meta property=\"article:modified_time\" content=\"2025-02-14T03:41:46+00:00\" \/>\n<meta property=\"og:image\" content=\"https:\/\/www.honlufoodtrailer.com\/wp-content\/uploads\/2024\/12\/container-toilets-for-sale.jpg\" \/>\n\t<meta property=\"og:image:width\" content=\"720\" \/>\n\t<meta property=\"og:image:height\" content=\"540\" \/>\n\t<meta property=\"og:image:type\" content=\"image\/jpeg\" \/>\n<meta name=\"twitter:card\" content=\"summary_large_image\" \/>\n<meta name=\"twitter:label1\" content=\"Tempo di lettura stimato\" \/>\n\t<meta name=\"twitter:data1\" content=\"1 minuto\" \/>\n<script type=\"application\/ld+json\" class=\"yoast-schema-graph\">{\"@context\":\"https:\\\/\\\/schema.org\",\"@graph\":[{\"@type\":\"WebPage\",\"@id\":\"https:\\\/\\\/www.honlufoodtrailer.com\\\/product\\\/18ft-shipping-container-toilets-for-sale-seychelles\\\/\",\"url\":\"https:\\\/\\\/www.honlufoodtrailer.com\\\/product\\\/18ft-shipping-container-toilets-for-sale-seychelles\\\/\",\"name\":\"18.7ft Shipping Container Toilets For Sale from China - Honlu\",\"isPartOf\":{\"@id\":\"https:\\\/\\\/www.honlufoodtrailer.com\\\/#website\"},\"primaryImageOfPage\":{\"@id\":\"https:\\\/\\\/www.honlufoodtrailer.com\\\/product\\\/18ft-shipping-container-toilets-for-sale-seychelles\\\/#primaryimage\"},\"image\":{\"@id\":\"https:\\\/\\\/www.honlufoodtrailer.com\\\/product\\\/18ft-shipping-container-toilets-for-sale-seychelles\\\/#primaryimage\"},\"thumbnailUrl\":\"https:\\\/\\\/www.honlufoodtrailer.com\\\/wp-content\\\/uploads\\\/2024\\\/12\\\/container-toilets-for-sale.jpg\",\"datePublished\":\"2024-12-03T09:51:16+00:00\",\"dateModified\":\"2025-02-14T03:41:46+00:00\",\"description\":\"18.7ft mobile toilet made from shipping container, high quality with certificates, China factory price, click to get a quote now!\",\"breadcrumb\":{\"@id\":\"https:\\\/\\\/www.honlufoodtrailer.com\\\/product\\\/18ft-shipping-container-toilets-for-sale-seychelles\\\/#breadcrumb\"},\"inLanguage\":\"it-IT\",\"potentialAction\":[{\"@type\":\"ReadAction\",\"target\":[\"https:\\\/\\\/www.honlufoodtrailer.com\\\/product\\\/18ft-shipping-container-toilets-for-sale-seychelles\\\/\"]}]},{\"@type\":\"ImageObject\",\"inLanguage\":\"it-IT\",\"@id\":\"https:\\\/\\\/www.honlufoodtrailer.com\\\/product\\\/18ft-shipping-container-toilets-for-sale-seychelles\\\/#primaryimage\",\"url\":\"https:\\\/\\\/www.honlufoodtrailer.com\\\/wp-content\\\/uploads\\\/2024\\\/12\\\/container-toilets-for-sale.jpg\",\"contentUrl\":\"https:\\\/\\\/www.honlufoodtrailer.com\\\/wp-content\\\/uploads\\\/2024\\\/12\\\/container-toilets-for-sale.jpg\",\"width\":720,\"height\":540,\"caption\":\"container toilets for sale\"},{\"@type\":\"BreadcrumbList\",\"@id\":\"https:\\\/\\\/www.honlufoodtrailer.com\\\/product\\\/18ft-shipping-container-toilets-for-sale-seychelles\\\/#breadcrumb\",\"itemListElement\":[{\"@type\":\"ListItem\",\"position\":1,\"name\":\"Home\",\"item\":\"https:\\\/\\\/www.honlufoodtrailer.com\\\/\"},{\"@type\":\"ListItem\",\"position\":2,\"name\":\"\u4ea7\u54c1\",\"item\":\"https:\\\/\\\/www.honlufoodtrailer.com\\\/shop\\\/\"},{\"@type\":\"ListItem\",\"position\":3,\"name\":\"18.7ft Shipping Container Toilets For Sale Seychelles\"}]},{\"@type\":\"WebSite\",\"@id\":\"https:\\\/\\\/www.honlufoodtrailer.com\\\/#website\",\"url\":\"https:\\\/\\\/www.honlufoodtrailer.com\\\/\",\"name\":\"Honlu food trailer\",\"description\":\"\",\"publisher\":{\"@id\":\"https:\\\/\\\/www.honlufoodtrailer.com\\\/#organization\"},\"potentialAction\":[{\"@type\":\"SearchAction\",\"target\":{\"@type\":\"EntryPoint\",\"urlTemplate\":\"https:\\\/\\\/www.honlufoodtrailer.com\\\/?s={search_term_string}\"},\"query-input\":{\"@type\":\"PropertyValueSpecification\",\"valueRequired\":true,\"valueName\":\"search_term_string\"}}],\"inLanguage\":\"it-IT\"},{\"@type\":\"Organization\",\"@id\":\"https:\\\/\\\/www.honlufoodtrailer.com\\\/#organization\",\"name\":\"Honlu food trailer\",\"url\":\"https:\\\/\\\/www.honlufoodtrailer.com\\\/\",\"logo\":{\"@type\":\"ImageObject\",\"inLanguage\":\"it-IT\",\"@id\":\"https:\\\/\\\/www.honlufoodtrailer.com\\\/#\\\/schema\\\/logo\\\/image\\\/\",\"url\":\"https:\\\/\\\/www.honlufoodtrailer.com\\\/wp-content\\\/uploads\\\/2021\\\/12\\\/2.gif\",\"contentUrl\":\"https:\\\/\\\/www.honlufoodtrailer.com\\\/wp-content\\\/uploads\\\/2021\\\/12\\\/2.gif\",\"width\":350,\"height\":100,\"caption\":\"Honlu food trailer\"},\"image\":{\"@id\":\"https:\\\/\\\/www.honlufoodtrailer.com\\\/#\\\/schema\\\/logo\\\/image\\\/\"}}]}<\/script>\n<!-- \/ Yoast SEO plugin. -->","yoast_head_json":{"title":"Toilette per container da 18,7 piedi in vendita dalla Cina - Honlu","description":"Toilette mobile da 5,7 metri (18,7 piedi) realizzata con container marittimi, alta qualit\u00e0 con certificati, prezzo di fabbrica cinese, clicca per ottenere un preventivo ora!","robots":{"index":"index","follow":"follow","max-snippet":"max-snippet:-1","max-image-preview":"max-image-preview:large","max-video-preview":"max-video-preview:-1"},"canonical":"https:\/\/www.honlufoodtrailer.com\/it\/product\/18ft-shipping-container-toilets-for-sale-seychelles\/","og_locale":"it_IT","og_type":"article","og_title":"18.7ft Shipping Container Toilets For Sale from China - Honlu","og_description":"18.7ft mobile toilet made from shipping container, high quality with certificates, China factory price, click to get a quote now!","og_url":"https:\/\/www.honlufoodtrailer.com\/it\/product\/18ft-shipping-container-toilets-for-sale-seychelles\/","og_site_name":"Honlu food trailer","article_modified_time":"2025-02-14T03:41:46+00:00","og_image":[{"width":720,"height":540,"url":"https:\/\/www.honlufoodtrailer.com\/wp-content\/uploads\/2024\/12\/container-toilets-for-sale.jpg","type":"image\/jpeg"}],"twitter_card":"summary_large_image","twitter_misc":{"Tempo di lettura stimato":"1 minuto"},"schema":{"@context":"https:\/\/schema.org","@graph":[{"@type":"WebPage","@id":"https:\/\/www.honlufoodtrailer.com\/product\/18ft-shipping-container-toilets-for-sale-seychelles\/","url":"https:\/\/www.honlufoodtrailer.com\/product\/18ft-shipping-container-toilets-for-sale-seychelles\/","name":"Toilette per container da 18,7 piedi in vendita dalla Cina - Honlu","isPartOf":{"@id":"https:\/\/www.honlufoodtrailer.com\/#website"},"primaryImageOfPage":{"@id":"https:\/\/www.honlufoodtrailer.com\/product\/18ft-shipping-container-toilets-for-sale-seychelles\/#primaryimage"},"image":{"@id":"https:\/\/www.honlufoodtrailer.com\/product\/18ft-shipping-container-toilets-for-sale-seychelles\/#primaryimage"},"thumbnailUrl":"https:\/\/www.honlufoodtrailer.com\/wp-content\/uploads\/2024\/12\/container-toilets-for-sale.jpg","datePublished":"2024-12-03T09:51:16+00:00","dateModified":"2025-02-14T03:41:46+00:00","description":"Toilette mobile da 5,7 metri (18,7 piedi) realizzata con container marittimi, alta qualit\u00e0 con certificati, prezzo di fabbrica cinese, clicca per ottenere un preventivo ora!","breadcrumb":{"@id":"https:\/\/www.honlufoodtrailer.com\/product\/18ft-shipping-container-toilets-for-sale-seychelles\/#breadcrumb"},"inLanguage":"it-IT","potentialAction":[{"@type":"ReadAction","target":["https:\/\/www.honlufoodtrailer.com\/product\/18ft-shipping-container-toilets-for-sale-seychelles\/"]}]},{"@type":"ImageObject","inLanguage":"it-IT","@id":"https:\/\/www.honlufoodtrailer.com\/product\/18ft-shipping-container-toilets-for-sale-seychelles\/#primaryimage","url":"https:\/\/www.honlufoodtrailer.com\/wp-content\/uploads\/2024\/12\/container-toilets-for-sale.jpg","contentUrl":"https:\/\/www.honlufoodtrailer.com\/wp-content\/uploads\/2024\/12\/container-toilets-for-sale.jpg","width":720,"height":540,"caption":"container toilets for sale"},{"@type":"BreadcrumbList","@id":"https:\/\/www.honlufoodtrailer.com\/product\/18ft-shipping-container-toilets-for-sale-seychelles\/#breadcrumb","itemListElement":[{"@type":"ListItem","position":1,"name":"Home","item":"https:\/\/www.honlufoodtrailer.com\/"},{"@type":"ListItem","position":2,"name":"\u4ea7\u54c1","item":"https:\/\/www.honlufoodtrailer.com\/shop\/"},{"@type":"ListItem","position":3,"name":"18.7ft Shipping Container Toilets For Sale Seychelles"}]},{"@type":"WebSite","@id":"https:\/\/www.honlufoodtrailer.com\/#website","url":"https:\/\/www.honlufoodtrailer.com\/","name":"Rimorchio alimentare Honlu","description":"","publisher":{"@id":"https:\/\/www.honlufoodtrailer.com\/#organization"},"potentialAction":[{"@type":"SearchAction","target":{"@type":"EntryPoint","urlTemplate":"https:\/\/www.honlufoodtrailer.com\/?s={search_term_string}"},"query-input":{"@type":"PropertyValueSpecification","valueRequired":true,"valueName":"search_term_string"}}],"inLanguage":"it-IT"},{"@type":"Organization","@id":"https:\/\/www.honlufoodtrailer.com\/#organization","name":"Rimorchio alimentare Honlu","url":"https:\/\/www.honlufoodtrailer.com\/","logo":{"@type":"ImageObject","inLanguage":"it-IT","@id":"https:\/\/www.honlufoodtrailer.com\/#\/schema\/logo\/image\/","url":"https:\/\/www.honlufoodtrailer.com\/wp-content\/uploads\/2021\/12\/2.gif","contentUrl":"https:\/\/www.honlufoodtrailer.com\/wp-content\/uploads\/2021\/12\/2.gif","width":350,"height":100,"caption":"Honlu food trailer"},"image":{"@id":"https:\/\/www.honlufoodtrailer.com\/#\/schema\/logo\/image\/"}}]}},"_links":{"self":[{"href":"https:\/\/www.honlufoodtrailer.com\/it\/wp-json\/wp\/v2\/product\/9004","targetHints":{"allow":["GET"]}}],"collection":[{"href":"https:\/\/www.honlufoodtrailer.com\/it\/wp-json\/wp\/v2\/product"}],"about":[{"href":"https:\/\/www.honlufoodtrailer.com\/it\/wp-json\/wp\/v2\/types\/product"}],"version-history":[{"count":6,"href":"https:\/\/www.honlufoodtrailer.com\/it\/wp-json\/wp\/v2\/product\/9004\/revisions"}],"predecessor-version":[{"id":9476,"href":"https:\/\/www.honlufoodtrailer.com\/it\/wp-json\/wp\/v2\/product\/9004\/revisions\/9476"}],"wp:featuredmedia":[{"embeddable":true,"href":"https:\/\/www.honlufoodtrailer.com\/it\/wp-json\/wp\/v2\/media\/9008"}],"wp:attachment":[{"href":"https:\/\/www.honlufoodtrailer.com\/it\/wp-json\/wp\/v2\/media?parent=9004"}],"wp:term":[{"taxonomy":"product_brand","embeddable":true,"href":"https:\/\/www.honlufoodtrailer.com\/it\/wp-json\/wp\/v2\/product_brand?post=9004"},{"taxonomy":"product_cat","embeddable":true,"href":"https:\/\/www.honlufoodtrailer.com\/it\/wp-json\/wp\/v2\/product_cat?post=9004"},{"taxonomy":"product_tag","embeddable":true,"href":"https:\/\/www.honlufoodtrailer.com\/it\/wp-json\/wp\/v2\/product_tag?post=9004"}],"curies":[{"name":"wp","href":"https:\/\/api.w.org\/{rel}","templated":true}]}}