{"id":2058,"date":"2022-01-12T16:35:36","date_gmt":"2022-01-12T08:35:36","guid":{"rendered":"https:\/\/www.honlufoodtrailer.com\/?post_type=product&#038;p=2058"},"modified":"2024-06-26T16:33:55","modified_gmt":"2024-06-26T08:33:55","slug":"double-decker-food-trailer","status":"publish","type":"product","link":"https:\/\/www.honlufoodtrailer.com\/lv\/product\/double-decker-food-trailer\/","title":{"rendered":"Divst\u0101vu p\u0101rtikas piekabe"},"content":{"rendered":"<p>Divst\u0101vu kafijas piekabes k\u013c\u016bst arvien popul\u0101r\u0101kas tiem, kas mekl\u0113 mobil\u0101ku kafijas risin\u0101jumu. T\u0101s ir lab\u0101kais veids, k\u0101 nodro\u0161in\u0101t kafiju ce\u013c\u0101, pied\u0101v\u0101jot \u0113rt\u012bbas un kvalit\u0101ti. \u0160\u012bs piekabes nodro\u0161ina kafijas pakalpojumus vis\u0101 pasaul\u0113 un ir atrodamas parkos, pils\u0113tu centros, pludmal\u0113s un daudz kur citur. Kopum\u0101 t\u0101s ir apr\u012bkotas ar da\u017e\u0101d\u0101m \u0113rt\u012bb\u0101m un funkcij\u0101m, s\u0101kot no papildu vietas uz letes l\u012bdz klimata kontrolei.<\/p>\n<p><img fetchpriority=\"high\" decoding=\"async\" class=\"aligncenter\" src=\"https:\/\/www.honlufoodtrailer.com\/wp-content\/uploads\/2023\/11\/18ft-double-decker-coffee-trailer-inner-view.jpg\" alt=\"18 p\u0113du divst\u0101vu kafijas piekabes iek\u0161\u0113jais skats\" width=\"720\" height=\"540\" \/><\/p>\n<h3>Divst\u0101vu p\u0101rtikas piekabes priek\u0161roc\u012bbas<\/h3>\n<ul>\n<li>Jaun\u0101kais un popul\u0101r\u0101kais modelis<\/li>\n<li>Biznesa platforma ab\u0101s pus\u0113s<\/li>\n<li>Visa piekabe ir apr\u012bkota ar apk\u0101rt\u0113j\u0101s vides apgaismojumu<\/li>\n<li>Divsl\u0101\u0146u dizains un spir\u0101lveida k\u0101p\u0146u izmanto\u0161ana<\/li>\n<\/ul>\n<h4>Skaists nakts skats<\/h4>\n<p>Visa transportl\u012bdzek\u013ca atmosf\u0113ras apgaismojums padara j\u016bsu piekabi par pievilc\u012bg\u0101ko zvaigzni pat nakt\u012b.<br \/>\n<img decoding=\"async\" class=\"aligncenter\" src=\"https:\/\/www.honlufoodtrailer.com\/wp-content\/uploads\/2022\/01\/Coffee-trailer-night-view.jpg\" alt=\"Kafijas piekabe - nakts skats\" width=\"720\" height=\"540\" \/><br \/>\n<img decoding=\"async\" class=\"aligncenter\" src=\"https:\/\/www.honlufoodtrailer.com\/wp-content\/uploads\/2022\/01\/Coffee-trailer.jpg\" alt=\"Kafijas piekabe\" width=\"720\" height=\"540\" \/><\/p>\n<h4>Vienk\u0101r\u0161a uzst\u0101d\u012b\u0161ana<\/h4>\n<p>Apr\u012bkots ar pilnu uzst\u0101d\u012b\u0161anas video komplektu, un tehni\u0137i sniedz att\u0101lin\u0101tas individu\u0101las konsult\u0101cijas, lai pal\u012bdz\u0113tu jums nekav\u0113joties uzs\u0101kt savu biznesu.<br \/>\n<img loading=\"lazy\" decoding=\"async\" class=\"aligncenter\" src=\"https:\/\/www.honlufoodtrailer.com\/wp-content\/uploads\/2022\/01\/Coffee-trailer-customization-mode.jpg\" alt=\"Kafijas piekabe \u2014 piel\u0101go\u0161anas re\u017e\u012bms\" width=\"720\" height=\"540\" \/><\/p>\n<h4>Piel\u0101gots pakalpojums<\/h4>\n<p>Visu piekabi, ieskaitot izskatu, stilu, aksesu\u0101rus un pal\u012bgiek\u0101rtas, var piel\u0101got. \u013baujiet jums ieg\u016bt savu ekskluz\u012bvo \u0113damvagonu.<\/p>\n<h3>Divst\u0101vu p\u0101rtikas piekabes deta\u013cas<\/h3>\n<h4>Nojume<\/h4>\n<p><img decoding=\"async\" class=\"aligncenter\" title=\"Kafijas piekabe \u2013 Canopy\" src=\"https:\/\/www.honlufoodtrailer.com\/wp-content\/uploads\/elementor\/thumbs\/Coffee-trailer-Canopy-pisb9bitjzivrc5yl8z1qnda9il2c8qtywe3if4pa8.jpg\" alt=\"Kafijas piekabe - Canopy\" \/><\/p>\n<h4>Apk\u0101rt\u0113j\u0101 gaisma<\/h4>\n<p><img decoding=\"async\" class=\"aligncenter\" title=\"Kafijas piekabe \u2013 Ambient Light\" src=\"https:\/\/www.honlufoodtrailer.com\/wp-content\/uploads\/elementor\/thumbs\/Coffee-trailer-Ambient-Light-pisb9bitjzivrc5yl8z1qnda9il2c8qtywe3if4pa8.jpg\" alt=\"Kafijas piekabe - Ambient Light\" \/><\/p>\n<h4>Gr\u012bdas materi\u0101ls<\/h4>\n<p><img decoding=\"async\" class=\"aligncenter\" title=\"Kafijas piekabe \u2013 Gr\u012bdas materi\u0101ls\" src=\"https:\/\/www.honlufoodtrailer.com\/wp-content\/uploads\/elementor\/thumbs\/Coffee-trailer-Floor-material-pisb9akzd5hlfq7bqqkf65lto4pp4jn3mrqm1563gg.jpg\" alt=\"Kafijas piekabe - Gr\u012bdas materi\u0101ls\" \/><\/p>\n<h4>G\u0101zes pl\u012bts<\/h4>\n<p><img decoding=\"async\" class=\"aligncenter\" title=\"Kafijas piekabe \u2013 g\u0101zes pl\u012bts\" src=\"https:\/\/www.honlufoodtrailer.com\/wp-content\/uploads\/elementor\/thumbs\/Coffee-trailer-Gas-stove-pisb99n56bgb448ow85slnud2qubwujdan34jv7hmo.jpg\" alt=\"Kafijas piekabe - G\u0101zes pl\u012bts\" \/><\/p>\n<h4>Ner\u016bs\u0113jo\u0161\u0101 t\u0113rauda darba virsma<\/h4>\n<p><img decoding=\"async\" class=\"aligncenter\" title=\"Kafijas piekabe \u2013 Ner\u016bs\u0113jo\u0161\u0101 t\u0113rauda darba virsma\" src=\"https:\/\/www.honlufoodtrailer.com\/wp-content\/uploads\/elementor\/thumbs\/Coffee-trailer-Stainless-steel-countertop-pisb94xy859vi2fino4nr7123thhud0plztp5heghs.jpg\" alt=\"Kafijas piekabe - Ner\u016bs\u0113jo\u0161\u0101 t\u0113rauda darba virsma\" \/><\/p>\n<h4>Biznesa platforma<\/h4>\n<p><img decoding=\"async\" class=\"aligncenter\" title=\"Kafijas piekabju biznesa platforma\" src=\"https:\/\/www.honlufoodtrailer.com\/wp-content\/uploads\/elementor\/thumbs\/Coffee-trailer-bussiness-platform-pisb94041b8l6ggvt5q16p9lifm4mnwz9v67o7fuo0.jpg\" alt=\"Kafijas piekabju biznesa platforma\" \/><\/p>\n<h4>Spir\u0101lveida k\u0101pnes<\/h4>\n<p><img decoding=\"async\" class=\"aligncenter\" title=\"Kafijas piekabe \u2013 spir\u0101lveida k\u0101pnes\" src=\"https:\/\/www.honlufoodtrailer.com\/wp-content\/uploads\/elementor\/thumbs\/Coffee-trailer-Spiral-staircase-pisb94xy859vi2fino4nr7123thhud0plztp5heghs.jpg\" alt=\"Kafijas piekabe - Spir\u0101lveida k\u0101pnes\" \/><\/p>\n<h4>Otrais st\u0101vs<\/h4>\n<p><img decoding=\"async\" class=\"aligncenter\" title=\"Kafijas piekabe \u2013 Otrais st\u0101vs\" src=\"https:\/\/www.honlufoodtrailer.com\/wp-content\/uploads\/elementor\/thumbs\/Coffee-trailer-Second-floor-pisb98pazhf0sia21pr6162whcyyp5fmyifn2l8vsw.jpg\" alt=\"Kafijas piekabe - Otrais st\u0101vs\" \/><\/p>\n<h2>Da\u017ei no m\u016bsu gad\u012bjumiem<\/h2>\n<p>M\u016bsu divst\u0101vu p\u0101rtikas piekabes ir eksport\u0113tas uz daudz\u0101m valst\u012bm, piem\u0113ram, Amerikas Savienotaj\u0101m Valst\u012bm, Apvienoto Karalisti, Jaunz\u0113landi, Austr\u0101liju, Kan\u0101du utt. T\u0101l\u0101k ir min\u0113ti da\u017ei no m\u016bsu darbiem. M\u0113s varam izgatavot l\u012bdz\u012bgas p\u0101rtikas piekabes k\u0101 \u0161\u012bs vai piel\u0101got vienu jums. P\u0101rtikas piekabes virsb\u016bves kr\u0101su, uzl\u012bmes, izk\u0101rtnes un virtuves apr\u012bkojumu var piel\u0101got. Laipni l\u016bdzam sazin\u0101ties ar mums t\u016bl\u012bt!<br \/>\n<img loading=\"lazy\" decoding=\"async\" class=\"aligncenter\" src=\"https:\/\/www.honlufoodtrailer.com\/wp-content\/uploads\/2023\/11\/5m-double-decker-coffee-trailer-America.jpg\" sizes=\"(max-width: 720px) 100vw, 720px\" srcset=\"https:\/\/www.honlufoodtrailer.com\/wp-content\/uploads\/2023\/11\/5m-double-decker-coffee-trailer-America.jpg 720w, https:\/\/www.honlufoodtrailer.com\/wp-content\/uploads\/2023\/11\/5m-double-decker-coffee-trailer-America-480x360.jpg 480w, https:\/\/www.honlufoodtrailer.com\/wp-content\/uploads\/2023\/11\/5m-double-decker-coffee-trailer-America-300x225.jpg 300w\" alt=\"5 m divst\u0101vu kafijas piekabe Amerika\" width=\"720\" height=\"540\" \/><\/p>\n<p><img loading=\"lazy\" decoding=\"async\" class=\"aligncenter\" src=\"https:\/\/www.honlufoodtrailer.com\/wp-content\/uploads\/2023\/11\/16ft-double-decker-coffee-trailer-America.jpg\" sizes=\"(max-width: 720px) 100vw, 720px\" srcset=\"https:\/\/www.honlufoodtrailer.com\/wp-content\/uploads\/2023\/11\/16ft-double-decker-coffee-trailer-America.jpg 720w, https:\/\/www.honlufoodtrailer.com\/wp-content\/uploads\/2023\/11\/16ft-double-decker-coffee-trailer-America-480x360.jpg 480w, https:\/\/www.honlufoodtrailer.com\/wp-content\/uploads\/2023\/11\/16ft-double-decker-coffee-trailer-America-300x225.jpg 300w\" alt=\"16 p\u0113du divst\u0101vu kafijas piekabe Amerika\" width=\"720\" height=\"540\" \/><\/p>\n<p><img loading=\"lazy\" decoding=\"async\" class=\"aligncenter\" src=\"https:\/\/www.honlufoodtrailer.com\/wp-content\/uploads\/2023\/11\/16ft-double-decker-coffee-trailer-on-sale.jpg\" sizes=\"(max-width: 720px) 100vw, 720px\" srcset=\"https:\/\/www.honlufoodtrailer.com\/wp-content\/uploads\/2023\/11\/16ft-double-decker-coffee-trailer-on-sale.jpg 720w, https:\/\/www.honlufoodtrailer.com\/wp-content\/uploads\/2023\/11\/16ft-double-decker-coffee-trailer-on-sale-480x360.jpg 480w, https:\/\/www.honlufoodtrailer.com\/wp-content\/uploads\/2023\/11\/16ft-double-decker-coffee-trailer-on-sale-300x225.jpg 300w\" alt=\"P\u0101rdo\u0161an\u0101 16 p\u0113du divst\u0101vu kafijas piekabe\" width=\"720\" height=\"540\" \/><\/p>\n<p><img loading=\"lazy\" decoding=\"async\" class=\"aligncenter\" src=\"https:\/\/www.honlufoodtrailer.com\/wp-content\/uploads\/2023\/11\/18ft-double-decker-food-trailer-Arizona-USA.jpg\" sizes=\"(max-width: 720px) 100vw, 720px\" srcset=\"https:\/\/www.honlufoodtrailer.com\/wp-content\/uploads\/2023\/11\/18ft-double-decker-food-trailer-Arizona-USA.jpg 720w, https:\/\/www.honlufoodtrailer.com\/wp-content\/uploads\/2023\/11\/18ft-double-decker-food-trailer-Arizona-USA-480x360.jpg 480w, https:\/\/www.honlufoodtrailer.com\/wp-content\/uploads\/2023\/11\/18ft-double-decker-food-trailer-Arizona-USA-300x225.jpg 300w\" alt=\"18 p\u0113du divst\u0101vu p\u0101rtikas piekabe Arizona, ASV\" width=\"720\" height=\"540\" \/><\/p>\n<p><img loading=\"lazy\" decoding=\"async\" class=\"aligncenter\" src=\"https:\/\/www.honlufoodtrailer.com\/wp-content\/uploads\/2023\/11\/5m-coffee-trailer-America.jpg\" sizes=\"(max-width: 720px) 100vw, 720px\" srcset=\"https:\/\/www.honlufoodtrailer.com\/wp-content\/uploads\/2023\/11\/5m-coffee-trailer-America.jpg 720w, https:\/\/www.honlufoodtrailer.com\/wp-content\/uploads\/2023\/11\/5m-coffee-trailer-America-480x360.jpg 480w, https:\/\/www.honlufoodtrailer.com\/wp-content\/uploads\/2023\/11\/5m-coffee-trailer-America-300x225.jpg 300w\" alt=\"5 m kafijas piekabe Amerik\u0101\" width=\"720\" height=\"540\" \/><\/p>\n<p><img loading=\"lazy\" decoding=\"async\" class=\"aligncenter\" src=\"https:\/\/www.honlufoodtrailer.com\/wp-content\/uploads\/2023\/11\/18ft-double-decker-coffee-trailer-America.jpg\" sizes=\"(max-width: 720px) 100vw, 720px\" srcset=\"https:\/\/www.honlufoodtrailer.com\/wp-content\/uploads\/2023\/11\/18ft-double-decker-coffee-trailer-America.jpg 720w, https:\/\/www.honlufoodtrailer.com\/wp-content\/uploads\/2023\/11\/18ft-double-decker-coffee-trailer-America-480x360.jpg 480w, https:\/\/www.honlufoodtrailer.com\/wp-content\/uploads\/2023\/11\/18ft-double-decker-coffee-trailer-America-300x225.jpg 300w\" alt=\"18 p\u0113du divst\u0101vu kafijas piekabe Amerika\" width=\"720\" height=\"540\" \/><\/p>\n<h3>Klienta atsauksmeT\u0101l\u0101k ir sniegtas da\u017eas no m\u016bsu klientu atsauksm\u0113m par m\u016bsu divst\u0101vu kafijas piekabi.<\/h3>\n<p><img loading=\"lazy\" decoding=\"async\" src=\"https:\/\/www.honlufoodtrailer.com\/wp-content\/uploads\/2023\/12\/coffee-trailer-customer-review.jpg\" alt=\"kafijas piekabes klienta atsauksme\" width=\"900\" height=\"375\" \/><\/p>","protected":false},"excerpt":{"rendered":"<p>\u0160\u012bs ir m\u016bsu p\u0113c pas\u016bt\u012bjuma izgatavot\u0101s 18 p\u0113du divst\u0101vu p\u0101rtikas piekabes. T\u0101s ir laba izv\u0113le, lai uzs\u0101ktu mobilo kafijas piekabju biznesu. K\u0101 redzam, katrai divst\u0101vu p\u0101rtikas piekabei ir divi st\u0101vi. Taj\u0101 var izmitin\u0101t vair\u0101k cilv\u0113ku. Skats otraj\u0101 st\u0101v\u0101 ir \u013coti pla\u0161s, un viesi var baud\u012bt pla\u0161u skatu, ieturot malt\u012bti. M\u0113s varam izgatavot l\u012bdz\u012bgas p\u0101rtikas piekabes k\u0101 \u0161\u012bs vai piel\u0101got vienu jums. P\u0101rtikas piekabes virsb\u016bves kr\u0101su, uzl\u012bmes, izk\u0101rtnes un virtuves apr\u012bkojumu var piel\u0101got. Vienk\u0101r\u0161i sazinieties ar mums t\u016bl\u012bt!<\/p>","protected":false},"featured_media":1779,"template":"","meta":{"_themeisle_gutenberg_block_has_review":false},"product_brand":[],"product_cat":[26],"product_tag":[35,34,33,36,31],"class_list":{"0":"post-2058","1":"product","2":"type-product","3":"status-publish","4":"has-post-thumbnail","6":"product_cat-product","7":"product_tag-2-story-food-trailer","8":"product_tag-coffee-trailer","9":"product_tag-customized-trailer","10":"product_tag-high-quality-food-trailer","11":"product_tag-hot-sale-food-trailer","13":"first","14":"instock","15":"shipping-taxable","16":"product-type-simple"},"yoast_head":"<!-- This site is optimized with the Yoast SEO plugin v27.6 - https:\/\/yoast.com\/product\/yoast-seo-wordpress\/ -->\n<title>Double Decker Food Trailer from China Factory - Honlu Food Trailer<\/title>\n<meta name=\"description\" content=\"See various types of double decker food trailers we have customized for customers from the United States. UK, Canada etc. Get their price now!\" \/>\n<meta name=\"robots\" content=\"index, follow, max-snippet:-1, max-image-preview:large, max-video-preview:-1\" \/>\n<link rel=\"canonical\" href=\"https:\/\/www.honlufoodtrailer.com\/lv\/product\/double-decker-food-trailer\/\" \/>\n<meta property=\"og:locale\" content=\"lv_LV\" \/>\n<meta property=\"og:type\" content=\"article\" \/>\n<meta property=\"og:title\" content=\"Double Decker Food Trailer from China Factory - Honlu Food Trailer\" \/>\n<meta property=\"og:description\" content=\"See various types of double decker food trailers we have customized for customers from the United States. UK, Canada etc. Get their price now!\" \/>\n<meta property=\"og:url\" content=\"https:\/\/www.honlufoodtrailer.com\/lv\/product\/double-decker-food-trailer\/\" \/>\n<meta property=\"og:site_name\" content=\"Honlu food trailer\" \/>\n<meta property=\"article:modified_time\" content=\"2024-06-26T08:33:55+00:00\" \/>\n<meta property=\"og:image\" content=\"https:\/\/www.honlufoodtrailer.com\/wp-content\/uploads\/2022\/01\/Coffee-trailer-night-view.jpg\" \/>\n\t<meta property=\"og:image:width\" content=\"720\" \/>\n\t<meta property=\"og:image:height\" content=\"540\" \/>\n\t<meta property=\"og:image:type\" content=\"image\/jpeg\" \/>\n<meta name=\"twitter:card\" content=\"summary_large_image\" \/>\n<meta name=\"twitter:label1\" content=\"Est. reading time\" \/>\n\t<meta name=\"twitter:data1\" content=\"1 min\u016bte\" \/>\n<script type=\"application\/ld+json\" class=\"yoast-schema-graph\">{\"@context\":\"https:\\\/\\\/schema.org\",\"@graph\":[{\"@type\":\"WebPage\",\"@id\":\"https:\\\/\\\/www.honlufoodtrailer.com\\\/product\\\/double-decker-food-trailer\\\/\",\"url\":\"https:\\\/\\\/www.honlufoodtrailer.com\\\/product\\\/double-decker-food-trailer\\\/\",\"name\":\"Double Decker Food Trailer from China Factory - Honlu Food Trailer\",\"isPartOf\":{\"@id\":\"https:\\\/\\\/www.honlufoodtrailer.com\\\/#website\"},\"primaryImageOfPage\":{\"@id\":\"https:\\\/\\\/www.honlufoodtrailer.com\\\/product\\\/double-decker-food-trailer\\\/#primaryimage\"},\"image\":{\"@id\":\"https:\\\/\\\/www.honlufoodtrailer.com\\\/product\\\/double-decker-food-trailer\\\/#primaryimage\"},\"thumbnailUrl\":\"https:\\\/\\\/www.honlufoodtrailer.com\\\/wp-content\\\/uploads\\\/2022\\\/01\\\/Coffee-trailer-night-view.jpg\",\"datePublished\":\"2022-01-12T08:35:36+00:00\",\"dateModified\":\"2024-06-26T08:33:55+00:00\",\"description\":\"See various types of double decker food trailers we have customized for customers from the United States. UK, Canada etc. Get their price now!\",\"breadcrumb\":{\"@id\":\"https:\\\/\\\/www.honlufoodtrailer.com\\\/product\\\/double-decker-food-trailer\\\/#breadcrumb\"},\"inLanguage\":\"lv-LV\",\"potentialAction\":[{\"@type\":\"ReadAction\",\"target\":[\"https:\\\/\\\/www.honlufoodtrailer.com\\\/product\\\/double-decker-food-trailer\\\/\"]}]},{\"@type\":\"ImageObject\",\"inLanguage\":\"lv-LV\",\"@id\":\"https:\\\/\\\/www.honlufoodtrailer.com\\\/product\\\/double-decker-food-trailer\\\/#primaryimage\",\"url\":\"https:\\\/\\\/www.honlufoodtrailer.com\\\/wp-content\\\/uploads\\\/2022\\\/01\\\/Coffee-trailer-night-view.jpg\",\"contentUrl\":\"https:\\\/\\\/www.honlufoodtrailer.com\\\/wp-content\\\/uploads\\\/2022\\\/01\\\/Coffee-trailer-night-view.jpg\",\"width\":720,\"height\":540,\"caption\":\"Coffee trailer-night view\"},{\"@type\":\"BreadcrumbList\",\"@id\":\"https:\\\/\\\/www.honlufoodtrailer.com\\\/product\\\/double-decker-food-trailer\\\/#breadcrumb\",\"itemListElement\":[{\"@type\":\"ListItem\",\"position\":1,\"name\":\"Home\",\"item\":\"https:\\\/\\\/www.honlufoodtrailer.com\\\/\"},{\"@type\":\"ListItem\",\"position\":2,\"name\":\"\u4ea7\u54c1\",\"item\":\"https:\\\/\\\/www.honlufoodtrailer.com\\\/shop\\\/\"},{\"@type\":\"ListItem\",\"position\":3,\"name\":\"Double Decker Food Trailer\"}]},{\"@type\":\"WebSite\",\"@id\":\"https:\\\/\\\/www.honlufoodtrailer.com\\\/#website\",\"url\":\"https:\\\/\\\/www.honlufoodtrailer.com\\\/\",\"name\":\"Honlu food trailer\",\"description\":\"\",\"publisher\":{\"@id\":\"https:\\\/\\\/www.honlufoodtrailer.com\\\/#organization\"},\"potentialAction\":[{\"@type\":\"SearchAction\",\"target\":{\"@type\":\"EntryPoint\",\"urlTemplate\":\"https:\\\/\\\/www.honlufoodtrailer.com\\\/?s={search_term_string}\"},\"query-input\":{\"@type\":\"PropertyValueSpecification\",\"valueRequired\":true,\"valueName\":\"search_term_string\"}}],\"inLanguage\":\"lv-LV\"},{\"@type\":\"Organization\",\"@id\":\"https:\\\/\\\/www.honlufoodtrailer.com\\\/#organization\",\"name\":\"Honlu food trailer\",\"url\":\"https:\\\/\\\/www.honlufoodtrailer.com\\\/\",\"logo\":{\"@type\":\"ImageObject\",\"inLanguage\":\"lv-LV\",\"@id\":\"https:\\\/\\\/www.honlufoodtrailer.com\\\/#\\\/schema\\\/logo\\\/image\\\/\",\"url\":\"https:\\\/\\\/www.honlufoodtrailer.com\\\/wp-content\\\/uploads\\\/2021\\\/12\\\/2.gif\",\"contentUrl\":\"https:\\\/\\\/www.honlufoodtrailer.com\\\/wp-content\\\/uploads\\\/2021\\\/12\\\/2.gif\",\"width\":350,\"height\":100,\"caption\":\"Honlu food trailer\"},\"image\":{\"@id\":\"https:\\\/\\\/www.honlufoodtrailer.com\\\/#\\\/schema\\\/logo\\\/image\\\/\"}}]}<\/script>\n<!-- \/ Yoast SEO plugin. -->","yoast_head_json":{"title":"Divst\u0101vu p\u0101rtikas piekabe no \u0136\u012bnas r\u016bpn\u012bcas - Honlu p\u0101rtikas piekabe","description":"Apskatiet da\u017e\u0101du veidu divst\u0101vu p\u0101rtikas piekabes, ko esam piel\u0101goju\u0161i klientiem no Amerikas Savienotaj\u0101m Valst\u012bm, Apvienot\u0101s Karalistes, Kan\u0101das u.c. Uzziniet to cenu jau tagad!","robots":{"index":"index","follow":"follow","max-snippet":"max-snippet:-1","max-image-preview":"max-image-preview:large","max-video-preview":"max-video-preview:-1"},"canonical":"https:\/\/www.honlufoodtrailer.com\/lv\/product\/double-decker-food-trailer\/","og_locale":"lv_LV","og_type":"article","og_title":"Double Decker Food Trailer from China Factory - Honlu Food Trailer","og_description":"See various types of double decker food trailers we have customized for customers from the United States. UK, Canada etc. Get their price now!","og_url":"https:\/\/www.honlufoodtrailer.com\/lv\/product\/double-decker-food-trailer\/","og_site_name":"Honlu food trailer","article_modified_time":"2024-06-26T08:33:55+00:00","og_image":[{"width":720,"height":540,"url":"https:\/\/www.honlufoodtrailer.com\/wp-content\/uploads\/2022\/01\/Coffee-trailer-night-view.jpg","type":"image\/jpeg"}],"twitter_card":"summary_large_image","twitter_misc":{"Est. reading time":"1 min\u016bte"},"schema":{"@context":"https:\/\/schema.org","@graph":[{"@type":"WebPage","@id":"https:\/\/www.honlufoodtrailer.com\/product\/double-decker-food-trailer\/","url":"https:\/\/www.honlufoodtrailer.com\/product\/double-decker-food-trailer\/","name":"Divst\u0101vu p\u0101rtikas piekabe no \u0136\u012bnas r\u016bpn\u012bcas - Honlu p\u0101rtikas piekabe","isPartOf":{"@id":"https:\/\/www.honlufoodtrailer.com\/#website"},"primaryImageOfPage":{"@id":"https:\/\/www.honlufoodtrailer.com\/product\/double-decker-food-trailer\/#primaryimage"},"image":{"@id":"https:\/\/www.honlufoodtrailer.com\/product\/double-decker-food-trailer\/#primaryimage"},"thumbnailUrl":"https:\/\/www.honlufoodtrailer.com\/wp-content\/uploads\/2022\/01\/Coffee-trailer-night-view.jpg","datePublished":"2022-01-12T08:35:36+00:00","dateModified":"2024-06-26T08:33:55+00:00","description":"Apskatiet da\u017e\u0101du veidu divst\u0101vu p\u0101rtikas piekabes, ko esam piel\u0101goju\u0161i klientiem no Amerikas Savienotaj\u0101m Valst\u012bm, Apvienot\u0101s Karalistes, Kan\u0101das u.c. Uzziniet to cenu jau tagad!","breadcrumb":{"@id":"https:\/\/www.honlufoodtrailer.com\/product\/double-decker-food-trailer\/#breadcrumb"},"inLanguage":"lv-LV","potentialAction":[{"@type":"ReadAction","target":["https:\/\/www.honlufoodtrailer.com\/product\/double-decker-food-trailer\/"]}]},{"@type":"ImageObject","inLanguage":"lv-LV","@id":"https:\/\/www.honlufoodtrailer.com\/product\/double-decker-food-trailer\/#primaryimage","url":"https:\/\/www.honlufoodtrailer.com\/wp-content\/uploads\/2022\/01\/Coffee-trailer-night-view.jpg","contentUrl":"https:\/\/www.honlufoodtrailer.com\/wp-content\/uploads\/2022\/01\/Coffee-trailer-night-view.jpg","width":720,"height":540,"caption":"Coffee trailer-night view"},{"@type":"BreadcrumbList","@id":"https:\/\/www.honlufoodtrailer.com\/product\/double-decker-food-trailer\/#breadcrumb","itemListElement":[{"@type":"ListItem","position":1,"name":"Home","item":"https:\/\/www.honlufoodtrailer.com\/"},{"@type":"ListItem","position":2,"name":"\u4ea7\u54c1","item":"https:\/\/www.honlufoodtrailer.com\/shop\/"},{"@type":"ListItem","position":3,"name":"Double Decker Food Trailer"}]},{"@type":"WebSite","@id":"https:\/\/www.honlufoodtrailer.com\/#website","url":"https:\/\/www.honlufoodtrailer.com\/","name":"Honlu p\u0101rtikas piekabe","description":"","publisher":{"@id":"https:\/\/www.honlufoodtrailer.com\/#organization"},"potentialAction":[{"@type":"SearchAction","target":{"@type":"EntryPoint","urlTemplate":"https:\/\/www.honlufoodtrailer.com\/?s={search_term_string}"},"query-input":{"@type":"PropertyValueSpecification","valueRequired":true,"valueName":"search_term_string"}}],"inLanguage":"lv-LV"},{"@type":"Organization","@id":"https:\/\/www.honlufoodtrailer.com\/#organization","name":"Honlu p\u0101rtikas piekabe","url":"https:\/\/www.honlufoodtrailer.com\/","logo":{"@type":"ImageObject","inLanguage":"lv-LV","@id":"https:\/\/www.honlufoodtrailer.com\/#\/schema\/logo\/image\/","url":"https:\/\/www.honlufoodtrailer.com\/wp-content\/uploads\/2021\/12\/2.gif","contentUrl":"https:\/\/www.honlufoodtrailer.com\/wp-content\/uploads\/2021\/12\/2.gif","width":350,"height":100,"caption":"Honlu food trailer"},"image":{"@id":"https:\/\/www.honlufoodtrailer.com\/#\/schema\/logo\/image\/"}}]}},"_links":{"self":[{"href":"https:\/\/www.honlufoodtrailer.com\/lv\/wp-json\/wp\/v2\/product\/2058","targetHints":{"allow":["GET"]}}],"collection":[{"href":"https:\/\/www.honlufoodtrailer.com\/lv\/wp-json\/wp\/v2\/product"}],"about":[{"href":"https:\/\/www.honlufoodtrailer.com\/lv\/wp-json\/wp\/v2\/types\/product"}],"version-history":[{"count":0,"href":"https:\/\/www.honlufoodtrailer.com\/lv\/wp-json\/wp\/v2\/product\/2058\/revisions"}],"wp:featuredmedia":[{"embeddable":true,"href":"https:\/\/www.honlufoodtrailer.com\/lv\/wp-json\/wp\/v2\/media\/1779"}],"wp:attachment":[{"href":"https:\/\/www.honlufoodtrailer.com\/lv\/wp-json\/wp\/v2\/media?parent=2058"}],"wp:term":[{"taxonomy":"product_brand","embeddable":true,"href":"https:\/\/www.honlufoodtrailer.com\/lv\/wp-json\/wp\/v2\/product_brand?post=2058"},{"taxonomy":"product_cat","embeddable":true,"href":"https:\/\/www.honlufoodtrailer.com\/lv\/wp-json\/wp\/v2\/product_cat?post=2058"},{"taxonomy":"product_tag","embeddable":true,"href":"https:\/\/www.honlufoodtrailer.com\/lv\/wp-json\/wp\/v2\/product_tag?post=2058"}],"curies":[{"name":"wp","href":"https:\/\/api.w.org\/{rel}","templated":true}]}}