{"id":2540,"date":"2022-03-17T17:35:22","date_gmt":"2022-03-17T09:35:22","guid":{"rendered":"https:\/\/www.honlufoodtrailer.com\/?post_type=product&#038;p=2540"},"modified":"2024-10-28T18:18:12","modified_gmt":"2024-10-28T10:18:12","slug":"mobile-food-trailer-with-porch","status":"publish","type":"product","link":"https:\/\/www.honlufoodtrailer.com\/lv\/product\/mobile-food-trailer-with-porch\/","title":{"rendered":"Mobilais p\u0101rtikas piekabe ar verandu"},"content":{"rendered":"<p data-spm-anchor-id=\"a2700.wholesale.0.i28.29e52808agqc7f\">\u0160\u012b ir piel\u0101gota mobil\u0101 p\u0101rtikas piekabe ar verandu. Visa transportl\u012bdzek\u013ca garums ir \u010detri metri, bet veranda ir vienu metru gara. Priek\u0161\u0113j\u0101 apkalpo\u0161anas logs ir b\u012bd\u0101ms, un iek\u0161\u0113jais apr\u012bkojums ir izgatavots no ner\u016bs\u0113jo\u0161\u0101 t\u0113rauda. \u0160o verandas p\u0101rtikas piekabi var izmantot grila, picas kr\u0101sns, \u0101ra grila u.c. vajadz\u012bb\u0101m.<\/p>\n<p><img fetchpriority=\"high\" decoding=\"async\" class=\"size-full wp-image-2547 aligncenter\" src=\"https:\/\/www.honlufoodtrailer.com\/wp-content\/uploads\/2022\/01\/Mobile-food-trailer-with-porch-21-8130-2.jpg\" alt=\"Mobil\u0101 p\u0101rtikas piekabe ar verandu-21-8130 (2)\" width=\"720\" height=\"540\" srcset=\"https:\/\/www.honlufoodtrailer.com\/wp-content\/uploads\/2022\/01\/Mobile-food-trailer-with-porch-21-8130-2.jpg 720w, https:\/\/www.honlufoodtrailer.com\/wp-content\/uploads\/2022\/01\/Mobile-food-trailer-with-porch-21-8130-2-300x225.jpg 300w\" sizes=\"(max-width: 720px) 100vw, 720px\" \/><br \/>\nDarbvirsmas, virtuves apr\u012bkojums un \u010detras piel\u0101got\u0101s izlietnes korpus\u0101 ir izgatavotas no ner\u016bs\u0113jo\u0161\u0101 t\u0113rauda.<\/p>\n<p><img decoding=\"async\" class=\"size-full wp-image-4305 aligncenter\" src=\"https:\/\/www.honlufoodtrailer.com\/wp-content\/uploads\/2022\/03\/Inner-structure-of-the-mobile-food-trailer-with-porch.jpg\" alt=\"Mobil\u0101s p\u0101rtikas piekabes ar verandu iek\u0161\u0113j\u0101 konstrukcija\" width=\"720\" height=\"720\" srcset=\"https:\/\/www.honlufoodtrailer.com\/wp-content\/uploads\/2022\/03\/Inner-structure-of-the-mobile-food-trailer-with-porch.jpg 720w, https:\/\/www.honlufoodtrailer.com\/wp-content\/uploads\/2022\/03\/Inner-structure-of-the-mobile-food-trailer-with-porch-360x360.jpg 360w, https:\/\/www.honlufoodtrailer.com\/wp-content\/uploads\/2022\/03\/Inner-structure-of-the-mobile-food-trailer-with-porch-300x300.jpg 300w, https:\/\/www.honlufoodtrailer.com\/wp-content\/uploads\/2022\/03\/Inner-structure-of-the-mobile-food-trailer-with-porch-100x100.jpg 100w\" sizes=\"(max-width: 720px) 100vw, 720px\" \/><\/p>\n<p>Klients v\u0113l\u0113j\u0101s nodarboties ar grila gatavo\u0161anu, ta\u010du bija ar\u012b noraiz\u0113jies par ietekmi uz piekabes iek\u0161\u0113jo vidi, t\u0101p\u0113c m\u0113s klientam piel\u0101goj\u0101m vienu metru garu lieveni.<\/p>\n<p data-spm-anchor-id=\"a2700.wholesale.0.i28.29e52808agqc7f\">\u0160is p\u0101rtikas piekabes modelis ir v\u0113lamais modelis \u0101tr\u0101s \u0113din\u0101\u0161anas uz\u0146\u0113mumu dibin\u0101\u0161anai, iepirk\u0161an\u0101s centru vairumtirdzniec\u012bbas pas\u016bt\u012bjumiem, ielu \u0101tr\u0101s \u0113din\u0101\u0161anas vienotai p\u0101rvald\u012bbai un \u0123imenes piknikiem.<\/p>\n<h3 class=\"magic-6\" data-spm-anchor-id=\"a2700.wholesale.0.i28.29e52808agqc7f\">Mobil\u0101s p\u0101rtikas piekabes ar verandu galven\u0101s iez\u012bmes<\/h3>\n<div class=\"magic-7\">\n<div class=\"magic-8\">\n<div class=\"magic-9\" data-id=\"paragraph0\">\n<ol>\n<li>Modes izskatu var piel\u0101got;<\/li>\n<li>Ner\u016bs\u0113jo\u0161\u0101 t\u0113rauda piekabes virsb\u016bve un iek\u0161\u0113j\u0101 konstrukcija, laba karstumiztur\u012bba, nodilumiztur\u012bba, iztur\u012bba pret koroziju;<\/li>\n<li>Tas ir triecieniztur\u012bgs un gr\u016bti korozijai iztur\u012bgs, ar augstu karstumiztur\u012bbu un iztur\u012bbu, augstu kr\u0101su notur\u012bbu, bez deform\u0101cijas, \u016bdensiztur\u012bgs un ar ilgu kalpo\u0161anas laiku;<\/li>\n<li>Virtuves iek\u0101rtu un g\u0101zes vadu atra\u0161an\u0101s vieta ir rezerv\u0113ta klientiem;<\/li>\n<li>M\u0113s ar prieku to p\u0101rveidosim atbilsto\u0161i j\u016bsu pras\u012bb\u0101m.<\/li>\n<\/ol>\n<figure id=\"attachment_2549\" aria-describedby=\"caption-attachment-2549\" style=\"width: 1440px\" class=\"wp-caption alignnone\"><img decoding=\"async\" class=\"size-full wp-image-2549\" src=\"https:\/\/www.honlufoodtrailer.com\/wp-content\/uploads\/2022\/01\/Detail-image-Mobile-food-trailer-with-porch-21-8130.jpg\" alt=\"Detaliz\u0113ts att\u0113ls \u2014 mobil\u0101 p\u0101rtikas piekabe ar verandu \u2014 21-8130\" width=\"1440\" height=\"1080\" srcset=\"https:\/\/www.honlufoodtrailer.com\/wp-content\/uploads\/2022\/01\/Detail-image-Mobile-food-trailer-with-porch-21-8130.jpg 1440w, https:\/\/www.honlufoodtrailer.com\/wp-content\/uploads\/2022\/01\/Detail-image-Mobile-food-trailer-with-porch-21-8130-300x225.jpg 300w, https:\/\/www.honlufoodtrailer.com\/wp-content\/uploads\/2022\/01\/Detail-image-Mobile-food-trailer-with-porch-21-8130-720x540.jpg 720w, https:\/\/www.honlufoodtrailer.com\/wp-content\/uploads\/2022\/01\/Detail-image-Mobile-food-trailer-with-porch-21-8130-768x576.jpg 768w\" sizes=\"(max-width: 1440px) 100vw, 1440px\" \/><figcaption id=\"caption-attachment-2549\" class=\"wp-caption-text\">Mobil\u0101 p\u0101rtikas piekabe ar verandu-21-8130<\/figcaption><\/figure>\n<h3>Bezmaksas 2D\/3D st\u0101va pl\u0101na ras\u0113jums<\/h3>\n<p>P\u0113c izm\u0113ru apstiprin\u0101\u0161anas <a href=\"https:\/\/www.honlufoodtrailer.com\/lv\/product\/\" target=\"_blank\" rel=\"noopener\">p\u0101rtikas piekabe<\/a> un iek\u0161\u0113jo virtuves apr\u012bkojumu, m\u0113s varam jums bez maksas nodro\u0161in\u0101t 3D ras\u0113jumus. Tas sniegs jums skaidr\u0101ku priek\u0161statu par j\u016bsu dizainu un p\u0101rtikas rati\u0146iem. Apstiprinot virtuves apr\u012bkojuma atra\u0161an\u0101s vietu, m\u0113s var\u0113sim skaidri sazin\u0101ties ar jums, izmantojot st\u0101vu pl\u0101nu. M\u0113s varam ar\u012b nodro\u0161in\u0101t j\u016bs ar ori\u0123in\u0101lajiem dokumentiem, lai atvieglotu j\u016bsu dizainu un veiktu korekcijas.<\/p>\n<\/div>\n<\/div>\n<\/div>\n<div class=\"magic-7\">\n<div class=\"magic-8\">\n<div class=\"magic-9\" data-id=\"paragraph0\"><\/div>\n<\/div>\n<\/div>","protected":false},"excerpt":{"rendered":"<p>\u0160\u012b ir piel\u0101gota p\u0101rtikas piekabe ar lieveni. Visa transportl\u012bdzek\u013ca garums ir \u010detri metri, bet lievenis ir vienu metru gar\u0161. Priek\u0161\u0113j\u0101 apkalpo\u0161anas logs ir b\u012bd\u0101ms, un iek\u0161\u0113jais apr\u012bkojums ir izgatavots no ner\u016bs\u0113jo\u0161\u0101 t\u0113rauda. \u0160o lieveni p\u0101rtikas piekabi var izmantot grila, picas kr\u0101sns, \u0101ra grila u.c. vajadz\u012bb\u0101m.<\/p>","protected":false},"featured_media":2541,"template":"","meta":{"_themeisle_gutenberg_block_has_review":false},"product_brand":[],"product_cat":[26],"product_tag":[33,41,38],"class_list":{"0":"post-2540","1":"product","2":"type-product","3":"status-publish","4":"has-post-thumbnail","6":"product_cat-product","7":"product_tag-customized-trailer","8":"product_tag-galvanized-trailer","9":"product_tag-mobile-food-trailer","11":"first","12":"instock","13":"shipping-taxable","14":"product-type-simple"},"yoast_head":"<!-- This site is optimized with the Yoast SEO plugin v27.6 - https:\/\/yoast.com\/product\/yoast-seo-wordpress\/ -->\n<title>Mobile Food Trailer With Porch from China - Honlu Food Trailer<\/title>\n<meta name=\"description\" content=\"This is a customized food trailer with a porch. The whole vehicle is four meters long and the porch is one meter long. The service window on the front adopts a sliding window, and the internal equipment is made of stainless steel. This porch food trailer can do BBQ, pizza oven, outdoor barbecue, etc.\" \/>\n<meta name=\"robots\" content=\"index, follow, max-snippet:-1, max-image-preview:large, max-video-preview:-1\" \/>\n<link rel=\"canonical\" href=\"https:\/\/www.honlufoodtrailer.com\/lv\/product\/mobile-food-trailer-with-porch\/\" \/>\n<meta property=\"og:locale\" content=\"lv_LV\" \/>\n<meta property=\"og:type\" content=\"article\" \/>\n<meta property=\"og:title\" content=\"Mobile Food Trailer With Porch from China - Honlu Food Trailer\" \/>\n<meta property=\"og:description\" content=\"This is a customized food trailer with a porch. The whole vehicle is four meters long and the porch is one meter long. The service window on the front adopts a sliding window, and the internal equipment is made of stainless steel. This porch food trailer can do BBQ, pizza oven, outdoor barbecue, etc.\" \/>\n<meta property=\"og:url\" content=\"https:\/\/www.honlufoodtrailer.com\/lv\/product\/mobile-food-trailer-with-porch\/\" \/>\n<meta property=\"og:site_name\" content=\"Honlu food trailer\" \/>\n<meta property=\"article:modified_time\" content=\"2024-10-28T10:18:12+00:00\" \/>\n<meta property=\"og:image\" content=\"https:\/\/www.honlufoodtrailer.com\/wp-content\/uploads\/2022\/01\/Mobile-food-trailer-with-porch-21-8130.jpg\" \/>\n\t<meta property=\"og:image:width\" content=\"720\" \/>\n\t<meta property=\"og:image:height\" content=\"540\" \/>\n\t<meta property=\"og:image:type\" content=\"image\/jpeg\" \/>\n<meta name=\"twitter:card\" content=\"summary_large_image\" \/>\n<meta name=\"twitter:label1\" content=\"Est. reading time\" \/>\n\t<meta name=\"twitter:data1\" content=\"2 min\u016btes\" \/>\n<script type=\"application\/ld+json\" class=\"yoast-schema-graph\">{\"@context\":\"https:\\\/\\\/schema.org\",\"@graph\":[{\"@type\":\"WebPage\",\"@id\":\"https:\\\/\\\/www.honlufoodtrailer.com\\\/product\\\/mobile-food-trailer-with-porch\\\/\",\"url\":\"https:\\\/\\\/www.honlufoodtrailer.com\\\/product\\\/mobile-food-trailer-with-porch\\\/\",\"name\":\"Mobile Food Trailer With Porch from China - Honlu Food Trailer\",\"isPartOf\":{\"@id\":\"https:\\\/\\\/www.honlufoodtrailer.com\\\/#website\"},\"primaryImageOfPage\":{\"@id\":\"https:\\\/\\\/www.honlufoodtrailer.com\\\/product\\\/mobile-food-trailer-with-porch\\\/#primaryimage\"},\"image\":{\"@id\":\"https:\\\/\\\/www.honlufoodtrailer.com\\\/product\\\/mobile-food-trailer-with-porch\\\/#primaryimage\"},\"thumbnailUrl\":\"https:\\\/\\\/www.honlufoodtrailer.com\\\/wp-content\\\/uploads\\\/2022\\\/01\\\/Mobile-food-trailer-with-porch-21-8130.jpg\",\"datePublished\":\"2022-03-17T09:35:22+00:00\",\"dateModified\":\"2024-10-28T10:18:12+00:00\",\"description\":\"This is a customized food trailer with a porch. The whole vehicle is four meters long and the porch is one meter long. The service window on the front adopts a sliding window, and the internal equipment is made of stainless steel. This porch food trailer can do BBQ, pizza oven, outdoor barbecue, etc.\",\"breadcrumb\":{\"@id\":\"https:\\\/\\\/www.honlufoodtrailer.com\\\/product\\\/mobile-food-trailer-with-porch\\\/#breadcrumb\"},\"inLanguage\":\"lv-LV\",\"potentialAction\":[{\"@type\":\"ReadAction\",\"target\":[\"https:\\\/\\\/www.honlufoodtrailer.com\\\/product\\\/mobile-food-trailer-with-porch\\\/\"]}]},{\"@type\":\"ImageObject\",\"inLanguage\":\"lv-LV\",\"@id\":\"https:\\\/\\\/www.honlufoodtrailer.com\\\/product\\\/mobile-food-trailer-with-porch\\\/#primaryimage\",\"url\":\"https:\\\/\\\/www.honlufoodtrailer.com\\\/wp-content\\\/uploads\\\/2022\\\/01\\\/Mobile-food-trailer-with-porch-21-8130.jpg\",\"contentUrl\":\"https:\\\/\\\/www.honlufoodtrailer.com\\\/wp-content\\\/uploads\\\/2022\\\/01\\\/Mobile-food-trailer-with-porch-21-8130.jpg\",\"width\":720,\"height\":540,\"caption\":\"Mobile food trailer with porch-21-8130\"},{\"@type\":\"BreadcrumbList\",\"@id\":\"https:\\\/\\\/www.honlufoodtrailer.com\\\/product\\\/mobile-food-trailer-with-porch\\\/#breadcrumb\",\"itemListElement\":[{\"@type\":\"ListItem\",\"position\":1,\"name\":\"Home\",\"item\":\"https:\\\/\\\/www.honlufoodtrailer.com\\\/\"},{\"@type\":\"ListItem\",\"position\":2,\"name\":\"\u4ea7\u54c1\",\"item\":\"https:\\\/\\\/www.honlufoodtrailer.com\\\/shop\\\/\"},{\"@type\":\"ListItem\",\"position\":3,\"name\":\"Mobile Food Trailer With Porch\"}]},{\"@type\":\"WebSite\",\"@id\":\"https:\\\/\\\/www.honlufoodtrailer.com\\\/#website\",\"url\":\"https:\\\/\\\/www.honlufoodtrailer.com\\\/\",\"name\":\"Honlu food trailer\",\"description\":\"\",\"publisher\":{\"@id\":\"https:\\\/\\\/www.honlufoodtrailer.com\\\/#organization\"},\"potentialAction\":[{\"@type\":\"SearchAction\",\"target\":{\"@type\":\"EntryPoint\",\"urlTemplate\":\"https:\\\/\\\/www.honlufoodtrailer.com\\\/?s={search_term_string}\"},\"query-input\":{\"@type\":\"PropertyValueSpecification\",\"valueRequired\":true,\"valueName\":\"search_term_string\"}}],\"inLanguage\":\"lv-LV\"},{\"@type\":\"Organization\",\"@id\":\"https:\\\/\\\/www.honlufoodtrailer.com\\\/#organization\",\"name\":\"Honlu food trailer\",\"url\":\"https:\\\/\\\/www.honlufoodtrailer.com\\\/\",\"logo\":{\"@type\":\"ImageObject\",\"inLanguage\":\"lv-LV\",\"@id\":\"https:\\\/\\\/www.honlufoodtrailer.com\\\/#\\\/schema\\\/logo\\\/image\\\/\",\"url\":\"https:\\\/\\\/www.honlufoodtrailer.com\\\/wp-content\\\/uploads\\\/2021\\\/12\\\/2.gif\",\"contentUrl\":\"https:\\\/\\\/www.honlufoodtrailer.com\\\/wp-content\\\/uploads\\\/2021\\\/12\\\/2.gif\",\"width\":350,\"height\":100,\"caption\":\"Honlu food trailer\"},\"image\":{\"@id\":\"https:\\\/\\\/www.honlufoodtrailer.com\\\/#\\\/schema\\\/logo\\\/image\\\/\"}}]}<\/script>\n<!-- \/ Yoast SEO plugin. -->","yoast_head_json":{"title":"Mobil\u0101 p\u0101rtikas piekabe ar verandu no \u0136\u012bnas - Honlu p\u0101rtikas piekabe","description":"\u0160\u012b ir piel\u0101gota p\u0101rtikas piekabe ar lieveni. Visa transportl\u012bdzek\u013ca garums ir \u010detri metri, bet lievenis ir vienu metru gar\u0161. Priek\u0161\u0113j\u0101 apkalpo\u0161anas logs ir b\u012bd\u0101ms, un iek\u0161\u0113jais apr\u012bkojums ir izgatavots no ner\u016bs\u0113jo\u0161\u0101 t\u0113rauda. \u0160o lieveni p\u0101rtikas piekabi var izmantot grila, picas kr\u0101sns, \u0101ra grila u.c. vajadz\u012bb\u0101m.","robots":{"index":"index","follow":"follow","max-snippet":"max-snippet:-1","max-image-preview":"max-image-preview:large","max-video-preview":"max-video-preview:-1"},"canonical":"https:\/\/www.honlufoodtrailer.com\/lv\/product\/mobile-food-trailer-with-porch\/","og_locale":"lv_LV","og_type":"article","og_title":"Mobile Food Trailer With Porch from China - Honlu Food Trailer","og_description":"This is a customized food trailer with a porch. The whole vehicle is four meters long and the porch is one meter long. The service window on the front adopts a sliding window, and the internal equipment is made of stainless steel. This porch food trailer can do BBQ, pizza oven, outdoor barbecue, etc.","og_url":"https:\/\/www.honlufoodtrailer.com\/lv\/product\/mobile-food-trailer-with-porch\/","og_site_name":"Honlu food trailer","article_modified_time":"2024-10-28T10:18:12+00:00","og_image":[{"width":720,"height":540,"url":"https:\/\/www.honlufoodtrailer.com\/wp-content\/uploads\/2022\/01\/Mobile-food-trailer-with-porch-21-8130.jpg","type":"image\/jpeg"}],"twitter_card":"summary_large_image","twitter_misc":{"Est. reading time":"2 min\u016btes"},"schema":{"@context":"https:\/\/schema.org","@graph":[{"@type":"WebPage","@id":"https:\/\/www.honlufoodtrailer.com\/product\/mobile-food-trailer-with-porch\/","url":"https:\/\/www.honlufoodtrailer.com\/product\/mobile-food-trailer-with-porch\/","name":"Mobil\u0101 p\u0101rtikas piekabe ar verandu no \u0136\u012bnas - Honlu p\u0101rtikas piekabe","isPartOf":{"@id":"https:\/\/www.honlufoodtrailer.com\/#website"},"primaryImageOfPage":{"@id":"https:\/\/www.honlufoodtrailer.com\/product\/mobile-food-trailer-with-porch\/#primaryimage"},"image":{"@id":"https:\/\/www.honlufoodtrailer.com\/product\/mobile-food-trailer-with-porch\/#primaryimage"},"thumbnailUrl":"https:\/\/www.honlufoodtrailer.com\/wp-content\/uploads\/2022\/01\/Mobile-food-trailer-with-porch-21-8130.jpg","datePublished":"2022-03-17T09:35:22+00:00","dateModified":"2024-10-28T10:18:12+00:00","description":"\u0160\u012b ir piel\u0101gota p\u0101rtikas piekabe ar lieveni. Visa transportl\u012bdzek\u013ca garums ir \u010detri metri, bet lievenis ir vienu metru gar\u0161. Priek\u0161\u0113j\u0101 apkalpo\u0161anas logs ir b\u012bd\u0101ms, un iek\u0161\u0113jais apr\u012bkojums ir izgatavots no ner\u016bs\u0113jo\u0161\u0101 t\u0113rauda. \u0160o lieveni p\u0101rtikas piekabi var izmantot grila, picas kr\u0101sns, \u0101ra grila u.c. vajadz\u012bb\u0101m.","breadcrumb":{"@id":"https:\/\/www.honlufoodtrailer.com\/product\/mobile-food-trailer-with-porch\/#breadcrumb"},"inLanguage":"lv-LV","potentialAction":[{"@type":"ReadAction","target":["https:\/\/www.honlufoodtrailer.com\/product\/mobile-food-trailer-with-porch\/"]}]},{"@type":"ImageObject","inLanguage":"lv-LV","@id":"https:\/\/www.honlufoodtrailer.com\/product\/mobile-food-trailer-with-porch\/#primaryimage","url":"https:\/\/www.honlufoodtrailer.com\/wp-content\/uploads\/2022\/01\/Mobile-food-trailer-with-porch-21-8130.jpg","contentUrl":"https:\/\/www.honlufoodtrailer.com\/wp-content\/uploads\/2022\/01\/Mobile-food-trailer-with-porch-21-8130.jpg","width":720,"height":540,"caption":"Mobile food trailer with porch-21-8130"},{"@type":"BreadcrumbList","@id":"https:\/\/www.honlufoodtrailer.com\/product\/mobile-food-trailer-with-porch\/#breadcrumb","itemListElement":[{"@type":"ListItem","position":1,"name":"Home","item":"https:\/\/www.honlufoodtrailer.com\/"},{"@type":"ListItem","position":2,"name":"\u4ea7\u54c1","item":"https:\/\/www.honlufoodtrailer.com\/shop\/"},{"@type":"ListItem","position":3,"name":"Mobile Food Trailer With Porch"}]},{"@type":"WebSite","@id":"https:\/\/www.honlufoodtrailer.com\/#website","url":"https:\/\/www.honlufoodtrailer.com\/","name":"Honlu p\u0101rtikas piekabe","description":"","publisher":{"@id":"https:\/\/www.honlufoodtrailer.com\/#organization"},"potentialAction":[{"@type":"SearchAction","target":{"@type":"EntryPoint","urlTemplate":"https:\/\/www.honlufoodtrailer.com\/?s={search_term_string}"},"query-input":{"@type":"PropertyValueSpecification","valueRequired":true,"valueName":"search_term_string"}}],"inLanguage":"lv-LV"},{"@type":"Organization","@id":"https:\/\/www.honlufoodtrailer.com\/#organization","name":"Honlu p\u0101rtikas piekabe","url":"https:\/\/www.honlufoodtrailer.com\/","logo":{"@type":"ImageObject","inLanguage":"lv-LV","@id":"https:\/\/www.honlufoodtrailer.com\/#\/schema\/logo\/image\/","url":"https:\/\/www.honlufoodtrailer.com\/wp-content\/uploads\/2021\/12\/2.gif","contentUrl":"https:\/\/www.honlufoodtrailer.com\/wp-content\/uploads\/2021\/12\/2.gif","width":350,"height":100,"caption":"Honlu food trailer"},"image":{"@id":"https:\/\/www.honlufoodtrailer.com\/#\/schema\/logo\/image\/"}}]}},"_links":{"self":[{"href":"https:\/\/www.honlufoodtrailer.com\/lv\/wp-json\/wp\/v2\/product\/2540","targetHints":{"allow":["GET"]}}],"collection":[{"href":"https:\/\/www.honlufoodtrailer.com\/lv\/wp-json\/wp\/v2\/product"}],"about":[{"href":"https:\/\/www.honlufoodtrailer.com\/lv\/wp-json\/wp\/v2\/types\/product"}],"version-history":[{"count":0,"href":"https:\/\/www.honlufoodtrailer.com\/lv\/wp-json\/wp\/v2\/product\/2540\/revisions"}],"wp:featuredmedia":[{"embeddable":true,"href":"https:\/\/www.honlufoodtrailer.com\/lv\/wp-json\/wp\/v2\/media\/2541"}],"wp:attachment":[{"href":"https:\/\/www.honlufoodtrailer.com\/lv\/wp-json\/wp\/v2\/media?parent=2540"}],"wp:term":[{"taxonomy":"product_brand","embeddable":true,"href":"https:\/\/www.honlufoodtrailer.com\/lv\/wp-json\/wp\/v2\/product_brand?post=2540"},{"taxonomy":"product_cat","embeddable":true,"href":"https:\/\/www.honlufoodtrailer.com\/lv\/wp-json\/wp\/v2\/product_cat?post=2540"},{"taxonomy":"product_tag","embeddable":true,"href":"https:\/\/www.honlufoodtrailer.com\/lv\/wp-json\/wp\/v2\/product_tag?post=2540"}],"curies":[{"name":"wp","href":"https:\/\/api.w.org\/{rel}","templated":true}]}}