{"id":2774,"date":"2022-02-09T16:11:08","date_gmt":"2022-02-09T08:11:08","guid":{"rendered":"https:\/\/www.honlufoodtrailer.com\/?post_type=product&#038;p=2774"},"modified":"2024-09-23T14:06:12","modified_gmt":"2024-09-23T06:06:12","slug":"black-square-food-trailer","status":"publish","type":"product","link":"https:\/\/www.honlufoodtrailer.com\/lv\/product\/black-square-food-trailer\/","title":{"rendered":"4 m melna kvadr\u0101tveida p\u0101rtikas piekabe"},"content":{"rendered":"<p data-spm-anchor-id=\"a2700.wholesale.0.i28.29e52808agqc7f\">Vai mekl\u0113jat kvadr\u0101tveida p\u0101rtikas piekabi? Apskatiet \u0161o 4 m melno kvadr\u0101tveida p\u0101rtikas piekabi \u0161eit! T\u0101 ir standarta p\u0101rtikas piekabe, ko esam izgatavoju\u0161i klientam. Ar kompakto konstrukciju un sapr\u0101t\u012bgo cenu \u0161\u012b 4 m kvadr\u0101tveida p\u0101rtikas piekabe ir \u013coti popul\u0101ra m\u016bsu klientu vid\u016b. Tagad vispirms apskat\u012bsim da\u017eas \u0161\u012bs p\u0101rtikas piekabes bildes!<\/p>\n<figure id=\"attachment_2782\" aria-describedby=\"caption-attachment-2782\" style=\"width: 720px\" class=\"wp-caption aligncenter\"><img fetchpriority=\"high\" decoding=\"async\" class=\"size-full wp-image-2782\" src=\"https:\/\/www.honlufoodtrailer.com\/wp-content\/uploads\/2022\/02\/Black-square-food-trailer-21-8177-6.jpg\" alt=\"Melna kvadr\u0101tveida p\u0101rtikas piekabe-21-8177 (6)\" width=\"720\" height=\"540\" srcset=\"https:\/\/www.honlufoodtrailer.com\/wp-content\/uploads\/2022\/02\/Black-square-food-trailer-21-8177-6.jpg 720w, https:\/\/www.honlufoodtrailer.com\/wp-content\/uploads\/2022\/02\/Black-square-food-trailer-21-8177-6-300x225.jpg 300w\" sizes=\"(max-width: 720px) 100vw, 720px\" \/><figcaption id=\"caption-attachment-2782\" class=\"wp-caption-text\">Melna kvadr\u0101tveida p\u0101rtikas piekabe-21-8177<\/figcaption><\/figure>\n<figure id=\"attachment_2781\" aria-describedby=\"caption-attachment-2781\" style=\"width: 720px\" class=\"wp-caption aligncenter\"><img decoding=\"async\" class=\"size-full wp-image-2781\" src=\"https:\/\/www.honlufoodtrailer.com\/wp-content\/uploads\/2022\/02\/Black-square-food-trailer-21-8177-5.jpg\" alt=\"Melna kvadr\u0101tveida p\u0101rtikas piekabe-21-8177 (5)\" width=\"720\" height=\"540\" srcset=\"https:\/\/www.honlufoodtrailer.com\/wp-content\/uploads\/2022\/02\/Black-square-food-trailer-21-8177-5.jpg 720w, https:\/\/www.honlufoodtrailer.com\/wp-content\/uploads\/2022\/02\/Black-square-food-trailer-21-8177-5-300x225.jpg 300w\" sizes=\"(max-width: 720px) 100vw, 720px\" \/><figcaption id=\"caption-attachment-2781\" class=\"wp-caption-text\">Melna kvadr\u0101tveida p\u0101rtikas piekabe-21-8177<\/figcaption><\/figure>\n<p data-spm-anchor-id=\"a2700.wholesale.0.i28.29e52808agqc7f\">Visa piekabe ir kompakta un viegli lietojama. T\u0101 ir laba izv\u0113le ies\u0101c\u0113jiem \u0101tr\u0101s \u0113din\u0101\u0161anas uz\u0146\u0113muma dibin\u0101\u0161anai. K\u0101 redzam, \u0161ai kvadr\u0101tveida p\u0101rtikas piekabei ir liels logs priek\u0161pus\u0113, kas ir \u013coti \u0113rti apmekl\u0113t\u0101jiem, lai pa\u0146emtu \u0113dienu. T\u0101l\u0101k apl\u016bkosim \u0161\u012bs 4 m p\u0101rtikas piekabes iek\u0161\u0113j\u0101s deta\u013cas.<\/p>\n<h3>\u0160\u012bs 4m kvadr\u0101tveida p\u0101rtikas piekabes iek\u0161\u0113j\u0101s deta\u013cas<\/h3>\n<p>K\u0101 redzams zem\u0101k redzamajos att\u0113los, p\u0101rtikas piekabi esam apr\u012bkoju\u0161i ar pamatapr\u012bkojumu, piem\u0113ram, izlietn\u0113m, \u016bdens tvertn\u0113m un darba galdiem p\u0101rtikas piekabes iek\u0161pus\u0113. P\u0113c piekabes sa\u0146em\u0161anas m\u016bsu klients pievienos citu nepiecie\u0161amo virtuves apr\u012bkojumu. M\u0113s varam piel\u0101got p\u0101rtikas piekabes izm\u0113ru, korpusa kr\u0101su, uzl\u012bmes, izk\u0101rtnes un virtuves apr\u012bkojumu. Ja jums ir piepras\u012bjums p\u0113c piel\u0101got\u0101m p\u0101rtikas piekab\u0113m, l\u016bdzu, nevilcinieties sazin\u0101ties ar mums!<\/p>\n<figure id=\"attachment_2776\" aria-describedby=\"caption-attachment-2776\" style=\"width: 1440px\" class=\"wp-caption aligncenter\"><img decoding=\"async\" class=\"size-full wp-image-2776\" src=\"https:\/\/www.honlufoodtrailer.com\/wp-content\/uploads\/2022\/02\/Detail-image-Black-square-food-trailer-21-8177.jpg\" alt=\"Detaliz\u0113ts att\u0113ls \u2014 melna kvadr\u0101tveida p\u0101rtikas piekabe \u2014 21-8177\" width=\"1440\" height=\"1080\" srcset=\"https:\/\/www.honlufoodtrailer.com\/wp-content\/uploads\/2022\/02\/Detail-image-Black-square-food-trailer-21-8177.jpg 1440w, https:\/\/www.honlufoodtrailer.com\/wp-content\/uploads\/2022\/02\/Detail-image-Black-square-food-trailer-21-8177-300x225.jpg 300w, https:\/\/www.honlufoodtrailer.com\/wp-content\/uploads\/2022\/02\/Detail-image-Black-square-food-trailer-21-8177-720x540.jpg 720w, https:\/\/www.honlufoodtrailer.com\/wp-content\/uploads\/2022\/02\/Detail-image-Black-square-food-trailer-21-8177-768x576.jpg 768w\" sizes=\"(max-width: 1440px) 100vw, 1440px\" \/><figcaption id=\"caption-attachment-2776\" class=\"wp-caption-text\">Detaliz\u0113ts att\u0113ls \u2014 melna kvadr\u0101tveida p\u0101rtikas piekabe \u2014 21-8177<\/figcaption><\/figure>\n<h3 class=\"magic-6\" data-spm-anchor-id=\"a2700.wholesale.0.i28.29e52808agqc7f\">Meln\u0101 kvadr\u0101tveida p\u0101rtikas piekabes galven\u0101s iez\u012bmes<\/h3>\n<div class=\"magic-7\">\n<div class=\"magic-8\">\n<div class=\"magic-9\" data-id=\"paragraph0\">\n<ol>\n<li>Modes izskatu var piel\u0101got;<\/li>\n<li>Ner\u016bs\u0113jo\u0161\u0101 t\u0113rauda piekabes virsb\u016bve un iek\u0161\u0113j\u0101 konstrukcija, laba karstumiztur\u012bba, nodilumiztur\u012bba, iztur\u012bba pret koroziju;<\/li>\n<li>Mobilaj\u0101 p\u0101rtikas piekab\u0113 ir apr\u012bkots moderns un uzlabots apr\u012bkojums;<\/li>\n<li>Tas ir triecieniztur\u012bgs un gr\u016bti korozijai pak\u013cauts, tam piem\u012bt ar\u012b karstumiztur\u012bba un augsta iztur\u012bba, augsta kr\u0101su notur\u012bba, nav deform\u0101cijas, \u016bdensnecaurlaid\u012bgs un ilgs kalpo\u0161anas laiks;<\/li>\n<\/ol>\n<h3>M\u0113s pied\u0101v\u0101jam bezmaksas 2D\/3D st\u0101va pl\u0101na ras\u0113jumu<\/h3>\n<p>Klientiem, kuri ir pas\u016bt\u012bju\u0161i m\u016bsu p\u0101rtikas piekabes, m\u0113s nodro\u0161in\u0101m bezmaksas 2D\/3D dizainu un ras\u0113jumus. Tas noz\u012bm\u0113, ka p\u0113c p\u0101rtikas piekabes izm\u0113ru un iek\u0161\u0113j\u0101 virtuves apr\u012bkojuma apstiprin\u0101\u0161anas m\u0113s varam jums bez maksas sniegt 3D ras\u0113jumus. Tas sniegs jums skaidr\u0101ku priek\u0161statu par j\u016bsu dizainu un p\u0101rtikas rati\u0146iem. Apstiprinot virtuves apr\u012bkojuma atra\u0161an\u0101s vietu, m\u0113s var\u0113sim skaidri sazin\u0101ties ar jums, izmantojot st\u0101vu pl\u0101nu. M\u0113s varam ar\u012b nodro\u0161in\u0101t j\u016bs ar ori\u0123in\u0101lajiem dokumentiem, lai atvieglotu j\u016bsu dizainu un veiktu korekcijas.<\/p>\n<\/div>\n<\/div>\n<\/div>","protected":false},"excerpt":{"rendered":"<p>\u0160\u012b ir 4 m gara standarta melna kvadr\u0101tveida p\u0101rtikas piekabe. Visam transportl\u012bdzeklim ir ner\u016bs\u0113jo\u0161\u0101 t\u0113rauda virsb\u016bve un oper\u0101ciju galds. To var izmantot, lai p\u0101rdotu jebko, s\u0101kot no hotdogiem, mazumtirdzniec\u012bbas darb\u012bb\u0101m, ziedu prezent\u0101cij\u0101m, sviestmaiz\u0113m, kafijas, sald\u0113juma utt. Tas ir popul\u0101rs modelis m\u016bsu klientu vid\u016b. Ja j\u016bs interes\u0113 \u0161\u012b p\u0101rtikas piekabe, m\u0113s esam \u0161eit, lai pal\u012bdz\u0113tu jums uzs\u0101kt savu mobilo p\u0101rtikas piekabju biznesu. <strong>L\u016bdzu, noklik\u0161\u0137iniet uz t\u0101l\u0101k nor\u0101d\u012btaj\u0101m ciln\u0113m, lai skat\u012btu s\u012bk\u0101ku inform\u0101ciju par \u0161o p\u0101rtikas piekabi!\u00a0<\/strong> Turkl\u0101t m\u0113s varam izgatavot l\u012bdz\u012bgu p\u0101rtikas piekabi k\u0101 \u0161o vai piel\u0101got to jums. Vienk\u0101r\u0161i nevilcinieties sazin\u0101ties ar mums t\u016bl\u012bt!<\/p>","protected":false},"featured_media":2777,"template":"","meta":{"_themeisle_gutenberg_block_has_review":false},"product_brand":[],"product_cat":[26],"product_tag":[33,45,38,50],"class_list":{"0":"post-2774","1":"product","2":"type-product","3":"status-publish","4":"has-post-thumbnail","6":"product_cat-product","7":"product_tag-customized-trailer","8":"product_tag-large-food-trailer","9":"product_tag-mobile-food-trailer","10":"product_tag-standard-configuration","12":"first","13":"instock","14":"shipping-taxable","15":"product-type-simple"},"yoast_head":"<!-- This site is optimized with the Yoast SEO plugin v27.6 - https:\/\/yoast.com\/product\/yoast-seo-wordpress\/ -->\n<title>4m Black Square Food Trailer Fom China - Honlu Food Trailer<\/title>\n<meta name=\"description\" content=\"This is a standard black square food trailer. The whole vehicle adopts stainless steel body and operating table. It can be applied for selling anything from hot dogs, retail operations, flower operations, sandwiches, coffee, ice cream, etc. We have CE certified to help you to start a mobile business.\" \/>\n<meta name=\"robots\" content=\"index, follow, max-snippet:-1, max-image-preview:large, max-video-preview:-1\" \/>\n<link rel=\"canonical\" href=\"https:\/\/www.honlufoodtrailer.com\/lv\/product\/black-square-food-trailer\/\" \/>\n<meta property=\"og:locale\" content=\"lv_LV\" \/>\n<meta property=\"og:type\" content=\"article\" \/>\n<meta property=\"og:title\" content=\"4m Black Square Food Trailer Fom China - Honlu Food Trailer\" \/>\n<meta property=\"og:description\" content=\"This is a standard black square food trailer. The whole vehicle adopts stainless steel body and operating table. It can be applied for selling anything from hot dogs, retail operations, flower operations, sandwiches, coffee, ice cream, etc. We have CE certified to help you to start a mobile business.\" \/>\n<meta property=\"og:url\" content=\"https:\/\/www.honlufoodtrailer.com\/lv\/product\/black-square-food-trailer\/\" \/>\n<meta property=\"og:site_name\" content=\"Honlu food trailer\" \/>\n<meta property=\"article:modified_time\" content=\"2024-09-23T06:06:12+00:00\" \/>\n<meta property=\"og:image\" content=\"https:\/\/www.honlufoodtrailer.com\/wp-content\/uploads\/2022\/02\/Black-square-food-trailer-21-8177-1.jpg\" \/>\n\t<meta property=\"og:image:width\" content=\"720\" \/>\n\t<meta property=\"og:image:height\" content=\"540\" \/>\n\t<meta property=\"og:image:type\" content=\"image\/jpeg\" \/>\n<meta name=\"twitter:card\" content=\"summary_large_image\" \/>\n<meta name=\"twitter:label1\" content=\"Est. reading time\" \/>\n\t<meta name=\"twitter:data1\" content=\"2 min\u016btes\" \/>\n<script type=\"application\/ld+json\" class=\"yoast-schema-graph\">{\"@context\":\"https:\\\/\\\/schema.org\",\"@graph\":[{\"@type\":\"WebPage\",\"@id\":\"https:\\\/\\\/www.honlufoodtrailer.com\\\/product\\\/black-square-food-trailer\\\/\",\"url\":\"https:\\\/\\\/www.honlufoodtrailer.com\\\/product\\\/black-square-food-trailer\\\/\",\"name\":\"4m Black Square Food Trailer Fom China - Honlu Food Trailer\",\"isPartOf\":{\"@id\":\"https:\\\/\\\/www.honlufoodtrailer.com\\\/#website\"},\"primaryImageOfPage\":{\"@id\":\"https:\\\/\\\/www.honlufoodtrailer.com\\\/product\\\/black-square-food-trailer\\\/#primaryimage\"},\"image\":{\"@id\":\"https:\\\/\\\/www.honlufoodtrailer.com\\\/product\\\/black-square-food-trailer\\\/#primaryimage\"},\"thumbnailUrl\":\"https:\\\/\\\/www.honlufoodtrailer.com\\\/wp-content\\\/uploads\\\/2022\\\/02\\\/Black-square-food-trailer-21-8177-1.jpg\",\"datePublished\":\"2022-02-09T08:11:08+00:00\",\"dateModified\":\"2024-09-23T06:06:12+00:00\",\"description\":\"This is a standard black square food trailer. The whole vehicle adopts stainless steel body and operating table. It can be applied for selling anything from hot dogs, retail operations, flower operations, sandwiches, coffee, ice cream, etc. We have CE certified to help you to start a mobile business.\",\"breadcrumb\":{\"@id\":\"https:\\\/\\\/www.honlufoodtrailer.com\\\/product\\\/black-square-food-trailer\\\/#breadcrumb\"},\"inLanguage\":\"lv-LV\",\"potentialAction\":[{\"@type\":\"ReadAction\",\"target\":[\"https:\\\/\\\/www.honlufoodtrailer.com\\\/product\\\/black-square-food-trailer\\\/\"]}]},{\"@type\":\"ImageObject\",\"inLanguage\":\"lv-LV\",\"@id\":\"https:\\\/\\\/www.honlufoodtrailer.com\\\/product\\\/black-square-food-trailer\\\/#primaryimage\",\"url\":\"https:\\\/\\\/www.honlufoodtrailer.com\\\/wp-content\\\/uploads\\\/2022\\\/02\\\/Black-square-food-trailer-21-8177-1.jpg\",\"contentUrl\":\"https:\\\/\\\/www.honlufoodtrailer.com\\\/wp-content\\\/uploads\\\/2022\\\/02\\\/Black-square-food-trailer-21-8177-1.jpg\",\"width\":720,\"height\":540,\"caption\":\"Black square food trailer-21-8177 (1)\"},{\"@type\":\"BreadcrumbList\",\"@id\":\"https:\\\/\\\/www.honlufoodtrailer.com\\\/product\\\/black-square-food-trailer\\\/#breadcrumb\",\"itemListElement\":[{\"@type\":\"ListItem\",\"position\":1,\"name\":\"Home\",\"item\":\"https:\\\/\\\/www.honlufoodtrailer.com\\\/\"},{\"@type\":\"ListItem\",\"position\":2,\"name\":\"\u4ea7\u54c1\",\"item\":\"https:\\\/\\\/www.honlufoodtrailer.com\\\/shop\\\/\"},{\"@type\":\"ListItem\",\"position\":3,\"name\":\"4m Black Square Food Trailer\"}]},{\"@type\":\"WebSite\",\"@id\":\"https:\\\/\\\/www.honlufoodtrailer.com\\\/#website\",\"url\":\"https:\\\/\\\/www.honlufoodtrailer.com\\\/\",\"name\":\"Honlu food trailer\",\"description\":\"\",\"publisher\":{\"@id\":\"https:\\\/\\\/www.honlufoodtrailer.com\\\/#organization\"},\"potentialAction\":[{\"@type\":\"SearchAction\",\"target\":{\"@type\":\"EntryPoint\",\"urlTemplate\":\"https:\\\/\\\/www.honlufoodtrailer.com\\\/?s={search_term_string}\"},\"query-input\":{\"@type\":\"PropertyValueSpecification\",\"valueRequired\":true,\"valueName\":\"search_term_string\"}}],\"inLanguage\":\"lv-LV\"},{\"@type\":\"Organization\",\"@id\":\"https:\\\/\\\/www.honlufoodtrailer.com\\\/#organization\",\"name\":\"Honlu food trailer\",\"url\":\"https:\\\/\\\/www.honlufoodtrailer.com\\\/\",\"logo\":{\"@type\":\"ImageObject\",\"inLanguage\":\"lv-LV\",\"@id\":\"https:\\\/\\\/www.honlufoodtrailer.com\\\/#\\\/schema\\\/logo\\\/image\\\/\",\"url\":\"https:\\\/\\\/www.honlufoodtrailer.com\\\/wp-content\\\/uploads\\\/2021\\\/12\\\/2.gif\",\"contentUrl\":\"https:\\\/\\\/www.honlufoodtrailer.com\\\/wp-content\\\/uploads\\\/2021\\\/12\\\/2.gif\",\"width\":350,\"height\":100,\"caption\":\"Honlu food trailer\"},\"image\":{\"@id\":\"https:\\\/\\\/www.honlufoodtrailer.com\\\/#\\\/schema\\\/logo\\\/image\\\/\"}}]}<\/script>\n<!-- \/ Yoast SEO plugin. -->","yoast_head_json":{"title":"4 m melna kvadr\u0101tveida p\u0101rtikas piekabe no \u0136\u012bnas - Honlu p\u0101rtikas piekabe","description":"\u0160\u012b ir standarta melna kvadr\u0101tveida p\u0101rtikas piekabe. Visam transportl\u012bdzeklim ir ner\u016bs\u0113jo\u0161\u0101 t\u0113rauda virsb\u016bve un oper\u0101ciju galds. To var izmantot jebk\u0101 p\u0101rdo\u0161anai, s\u0101kot no hotdogiem, mazumtirdzniec\u012bbas darb\u012bb\u0101m, ziedu prezent\u0101cij\u0101m, sviestmaiz\u0113m, kafijas, sald\u0113juma utt. Mums ir CE sertifik\u0101ts, lai pal\u012bdz\u0113tu jums uzs\u0101kt mobilo biznesu.","robots":{"index":"index","follow":"follow","max-snippet":"max-snippet:-1","max-image-preview":"max-image-preview:large","max-video-preview":"max-video-preview:-1"},"canonical":"https:\/\/www.honlufoodtrailer.com\/lv\/product\/black-square-food-trailer\/","og_locale":"lv_LV","og_type":"article","og_title":"4m Black Square Food Trailer Fom China - Honlu Food Trailer","og_description":"This is a standard black square food trailer. The whole vehicle adopts stainless steel body and operating table. It can be applied for selling anything from hot dogs, retail operations, flower operations, sandwiches, coffee, ice cream, etc. We have CE certified to help you to start a mobile business.","og_url":"https:\/\/www.honlufoodtrailer.com\/lv\/product\/black-square-food-trailer\/","og_site_name":"Honlu food trailer","article_modified_time":"2024-09-23T06:06:12+00:00","og_image":[{"width":720,"height":540,"url":"https:\/\/www.honlufoodtrailer.com\/wp-content\/uploads\/2022\/02\/Black-square-food-trailer-21-8177-1.jpg","type":"image\/jpeg"}],"twitter_card":"summary_large_image","twitter_misc":{"Est. reading time":"2 min\u016btes"},"schema":{"@context":"https:\/\/schema.org","@graph":[{"@type":"WebPage","@id":"https:\/\/www.honlufoodtrailer.com\/product\/black-square-food-trailer\/","url":"https:\/\/www.honlufoodtrailer.com\/product\/black-square-food-trailer\/","name":"4 m melna kvadr\u0101tveida p\u0101rtikas piekabe no \u0136\u012bnas - Honlu p\u0101rtikas piekabe","isPartOf":{"@id":"https:\/\/www.honlufoodtrailer.com\/#website"},"primaryImageOfPage":{"@id":"https:\/\/www.honlufoodtrailer.com\/product\/black-square-food-trailer\/#primaryimage"},"image":{"@id":"https:\/\/www.honlufoodtrailer.com\/product\/black-square-food-trailer\/#primaryimage"},"thumbnailUrl":"https:\/\/www.honlufoodtrailer.com\/wp-content\/uploads\/2022\/02\/Black-square-food-trailer-21-8177-1.jpg","datePublished":"2022-02-09T08:11:08+00:00","dateModified":"2024-09-23T06:06:12+00:00","description":"\u0160\u012b ir standarta melna kvadr\u0101tveida p\u0101rtikas piekabe. Visam transportl\u012bdzeklim ir ner\u016bs\u0113jo\u0161\u0101 t\u0113rauda virsb\u016bve un oper\u0101ciju galds. To var izmantot jebk\u0101 p\u0101rdo\u0161anai, s\u0101kot no hotdogiem, mazumtirdzniec\u012bbas darb\u012bb\u0101m, ziedu prezent\u0101cij\u0101m, sviestmaiz\u0113m, kafijas, sald\u0113juma utt. Mums ir CE sertifik\u0101ts, lai pal\u012bdz\u0113tu jums uzs\u0101kt mobilo biznesu.","breadcrumb":{"@id":"https:\/\/www.honlufoodtrailer.com\/product\/black-square-food-trailer\/#breadcrumb"},"inLanguage":"lv-LV","potentialAction":[{"@type":"ReadAction","target":["https:\/\/www.honlufoodtrailer.com\/product\/black-square-food-trailer\/"]}]},{"@type":"ImageObject","inLanguage":"lv-LV","@id":"https:\/\/www.honlufoodtrailer.com\/product\/black-square-food-trailer\/#primaryimage","url":"https:\/\/www.honlufoodtrailer.com\/wp-content\/uploads\/2022\/02\/Black-square-food-trailer-21-8177-1.jpg","contentUrl":"https:\/\/www.honlufoodtrailer.com\/wp-content\/uploads\/2022\/02\/Black-square-food-trailer-21-8177-1.jpg","width":720,"height":540,"caption":"Black square food trailer-21-8177 (1)"},{"@type":"BreadcrumbList","@id":"https:\/\/www.honlufoodtrailer.com\/product\/black-square-food-trailer\/#breadcrumb","itemListElement":[{"@type":"ListItem","position":1,"name":"Home","item":"https:\/\/www.honlufoodtrailer.com\/"},{"@type":"ListItem","position":2,"name":"\u4ea7\u54c1","item":"https:\/\/www.honlufoodtrailer.com\/shop\/"},{"@type":"ListItem","position":3,"name":"4m Black Square Food Trailer"}]},{"@type":"WebSite","@id":"https:\/\/www.honlufoodtrailer.com\/#website","url":"https:\/\/www.honlufoodtrailer.com\/","name":"Honlu p\u0101rtikas piekabe","description":"","publisher":{"@id":"https:\/\/www.honlufoodtrailer.com\/#organization"},"potentialAction":[{"@type":"SearchAction","target":{"@type":"EntryPoint","urlTemplate":"https:\/\/www.honlufoodtrailer.com\/?s={search_term_string}"},"query-input":{"@type":"PropertyValueSpecification","valueRequired":true,"valueName":"search_term_string"}}],"inLanguage":"lv-LV"},{"@type":"Organization","@id":"https:\/\/www.honlufoodtrailer.com\/#organization","name":"Honlu p\u0101rtikas piekabe","url":"https:\/\/www.honlufoodtrailer.com\/","logo":{"@type":"ImageObject","inLanguage":"lv-LV","@id":"https:\/\/www.honlufoodtrailer.com\/#\/schema\/logo\/image\/","url":"https:\/\/www.honlufoodtrailer.com\/wp-content\/uploads\/2021\/12\/2.gif","contentUrl":"https:\/\/www.honlufoodtrailer.com\/wp-content\/uploads\/2021\/12\/2.gif","width":350,"height":100,"caption":"Honlu food trailer"},"image":{"@id":"https:\/\/www.honlufoodtrailer.com\/#\/schema\/logo\/image\/"}}]}},"_links":{"self":[{"href":"https:\/\/www.honlufoodtrailer.com\/lv\/wp-json\/wp\/v2\/product\/2774","targetHints":{"allow":["GET"]}}],"collection":[{"href":"https:\/\/www.honlufoodtrailer.com\/lv\/wp-json\/wp\/v2\/product"}],"about":[{"href":"https:\/\/www.honlufoodtrailer.com\/lv\/wp-json\/wp\/v2\/types\/product"}],"version-history":[{"count":0,"href":"https:\/\/www.honlufoodtrailer.com\/lv\/wp-json\/wp\/v2\/product\/2774\/revisions"}],"wp:featuredmedia":[{"embeddable":true,"href":"https:\/\/www.honlufoodtrailer.com\/lv\/wp-json\/wp\/v2\/media\/2777"}],"wp:attachment":[{"href":"https:\/\/www.honlufoodtrailer.com\/lv\/wp-json\/wp\/v2\/media?parent=2774"}],"wp:term":[{"taxonomy":"product_brand","embeddable":true,"href":"https:\/\/www.honlufoodtrailer.com\/lv\/wp-json\/wp\/v2\/product_brand?post=2774"},{"taxonomy":"product_cat","embeddable":true,"href":"https:\/\/www.honlufoodtrailer.com\/lv\/wp-json\/wp\/v2\/product_cat?post=2774"},{"taxonomy":"product_tag","embeddable":true,"href":"https:\/\/www.honlufoodtrailer.com\/lv\/wp-json\/wp\/v2\/product_tag?post=2774"}],"curies":[{"name":"wp","href":"https:\/\/api.w.org\/{rel}","templated":true}]}}