{"id":2814,"date":"2022-02-10T16:48:36","date_gmt":"2022-02-10T08:48:36","guid":{"rendered":"https:\/\/www.honlufoodtrailer.com\/?post_type=product&#038;p=2814"},"modified":"2024-05-31T17:43:33","modified_gmt":"2024-05-31T09:43:33","slug":"square-food-trailer-with-double-lift-window","status":"publish","type":"product","link":"https:\/\/www.honlufoodtrailer.com\/lv\/product\/square-food-trailer-with-double-lift-window\/","title":{"rendered":"Kvadr\u0101tveida p\u0101rtikas piekabe ar dubultu pacel\u0161anas logu"},"content":{"rendered":"<p data-spm-anchor-id=\"a2700.wholesale.0.i28.29e52808agqc7f\">Vai mekl\u0113jat neliela izm\u0113ra kvadr\u0101tveida p\u0101rtikas piekabi, lai s\u0101ktu savu p\u0101rtikas piekabju biznesu? Skatiet \u0161o 4\u00a0m kvadr\u0101tveida p\u0101rtikas piekabi, ko esam piel\u0101goju\u0161i vienam no m\u016bsu klientiem. K\u0101 redzat zem\u0101k redzamajos att\u0113los, \u0161\u012b ir kvadr\u0101tveida p\u0101rtikas piekabe ar dubultu pace\u013camo logu priek\u0161pus\u0113. Lielie logi ir \u013coti \u0113rti klientiem, lai pa\u0146emtu malt\u012bti. Tagad apskat\u012bsim da\u017eus t\u0101 att\u0113lus!<\/p>\n<p data-spm-anchor-id=\"a2700.wholesale.0.i28.29e52808agqc7f\"><img fetchpriority=\"high\" decoding=\"async\" class=\"aligncenter size-full wp-image-2821\" src=\"https:\/\/www.honlufoodtrailer.com\/wp-content\/uploads\/2022\/02\/Square-food-trailer-with-double-lift-window-21-8110-7.jpg\" alt=\"Kvadr\u0101tveida p\u0101rtikas piekabe ar dubultu pacel\u0161anas logu-21-8110 (1)\" width=\"720\" height=\"540\" srcset=\"https:\/\/www.honlufoodtrailer.com\/wp-content\/uploads\/2022\/02\/Square-food-trailer-with-double-lift-window-21-8110-7.jpg 720w, https:\/\/www.honlufoodtrailer.com\/wp-content\/uploads\/2022\/02\/Square-food-trailer-with-double-lift-window-21-8110-7-300x225.jpg 300w\" sizes=\"(max-width: 720px) 100vw, 720px\" \/> <img decoding=\"async\" class=\"aligncenter size-full wp-image-2815\" src=\"https:\/\/www.honlufoodtrailer.com\/wp-content\/uploads\/2022\/02\/Square-food-trailer-with-double-lift-window-21-8110-1.jpg\" alt=\"Kvadr\u0101tveida p\u0101rtikas piekabe ar dubultu pacel\u0161anas logu-21-8110 (1)\" width=\"720\" height=\"540\" srcset=\"https:\/\/www.honlufoodtrailer.com\/wp-content\/uploads\/2022\/02\/Square-food-trailer-with-double-lift-window-21-8110-1.jpg 720w, https:\/\/www.honlufoodtrailer.com\/wp-content\/uploads\/2022\/02\/Square-food-trailer-with-double-lift-window-21-8110-1-300x225.jpg 300w\" sizes=\"(max-width: 720px) 100vw, 720px\" \/><\/p>\n<p data-spm-anchor-id=\"a2700.wholesale.0.i28.29e52808agqc7f\">Kvadr\u0101tveida p\u0101rtikas piekabes ir \u013coti popul\u0101ras. Daudzi m\u016bsu klienti tos izv\u0113las. Tiem ir vienk\u0101r\u0161a forma, un klienti to var izrot\u0101t sav\u0101 iecien\u012bt\u0101kaj\u0101 stil\u0101. K\u0101 profesion\u0101ls p\u0101rtikas piekabju ra\u017eot\u0101js un eksport\u0113t\u0101js ar vair\u0101k nek\u0101 10 gadu pieredzi Henan Honlu pal\u012bdz\u0113s jums piel\u0101got j\u016bsu p\u0101rtikas piekabi sev t\u012bkamaj\u0101 stil\u0101. P\u0101rtikas piekabes izm\u0113ru, korpusa kr\u0101su, uzl\u012bmes, izk\u0101rtnes, virtuves apr\u012bkojumu var piel\u0101got.<\/p>\n<p data-spm-anchor-id=\"a2700.wholesale.0.i28.29e52808agqc7f\"><img decoding=\"async\" class=\"aligncenter size-full wp-image-2820\" src=\"https:\/\/www.honlufoodtrailer.com\/wp-content\/uploads\/2022\/02\/Square-food-trailer-with-double-lift-window-21-8110-6.jpg\" alt=\"Kvadr\u0101tveida p\u0101rtikas piekabe ar dubultu pacel\u0161anas logu-21-8110 (1)\" width=\"720\" height=\"540\" srcset=\"https:\/\/www.honlufoodtrailer.com\/wp-content\/uploads\/2022\/02\/Square-food-trailer-with-double-lift-window-21-8110-6.jpg 720w, https:\/\/www.honlufoodtrailer.com\/wp-content\/uploads\/2022\/02\/Square-food-trailer-with-double-lift-window-21-8110-6-300x225.jpg 300w\" sizes=\"(max-width: 720px) 100vw, 720px\" \/> <img loading=\"lazy\" decoding=\"async\" class=\"aligncenter size-full wp-image-2817\" src=\"https:\/\/www.honlufoodtrailer.com\/wp-content\/uploads\/2022\/02\/Square-food-trailer-with-double-lift-window-21-8110-3.jpg\" alt=\"Kvadr\u0101tveida p\u0101rtikas piekabe ar dubultu pacel\u0161anas logu-21-8110 (1)\" width=\"720\" height=\"540\" srcset=\"https:\/\/www.honlufoodtrailer.com\/wp-content\/uploads\/2022\/02\/Square-food-trailer-with-double-lift-window-21-8110-3.jpg 720w, https:\/\/www.honlufoodtrailer.com\/wp-content\/uploads\/2022\/02\/Square-food-trailer-with-double-lift-window-21-8110-3-300x225.jpg 300w\" sizes=\"(max-width: 720px) 100vw, 720px\" \/><\/p>\n<p>Visa piekabe ir kompakta un viegli lietojama. T\u0101 ir laba izv\u0113le \u0101tr\u0101s \u0113din\u0101\u0161anas uz\u0146\u0113mumu uzs\u0101k\u0161anai. J\u016bs varat izmantot \u0161o 4\u00a0m kvadr\u0101tveida p\u0101rtikas piekabi, lai p\u0101rdotu visu, kas jums pat\u012bk, piem\u0113ram, \u0101tr\u0101s \u0113din\u0101\u0161anas, kafijas, dz\u0113rienu, ziedu, ap\u0123\u0113rbu utt. M\u016bsu profesion\u0101l\u0101 p\u0101rdo\u0161anas un ra\u017eo\u0161anas komanda pal\u012bdz\u0113s jums visu ce\u013cu. T\u0101tad, vienk\u0101r\u0161i nevilcinieties sazin\u0101ties ar mums un past\u0101st\u012bt mums par sav\u0101m pras\u012bb\u0101m!<\/p>\n<h3 class=\"magic-6\" data-spm-anchor-id=\"a2700.wholesale.0.i28.29e52808agqc7f\">Kvadr\u0101tveida p\u0101rtikas piekabes galven\u0101s iez\u012bmes<\/h3>\n<div class=\"magic-7\">\n<div class=\"magic-8\">\n<div class=\"magic-9\" data-id=\"paragraph0\">\n<ol>\n<li>Modes izskatu var piel\u0101got;<\/li>\n<li>Ner\u016bs\u0113jo\u0161\u0101 t\u0113rauda piekabes korpuss un iek\u0161\u0113j\u0101 strukt\u016bra;<\/li>\n<li>Kompakta strukt\u016bra, viegli p\u0101rvietojama;<\/li>\n<li>Tam ir sapr\u0101t\u012bga un konkur\u0113tsp\u0113j\u012bga cena;<\/li>\n<li>M\u0113s ar prieku to p\u0101rveidosim atbilsto\u0161i j\u016bsu pras\u012bb\u0101m.<img loading=\"lazy\" decoding=\"async\" class=\"aligncenter size-full wp-image-2816\" src=\"https:\/\/www.honlufoodtrailer.com\/wp-content\/uploads\/2022\/02\/Square-food-trailer-with-double-lift-window-21-8110-2.jpg\" alt=\"Kvadr\u0101tveida p\u0101rtikas piekabe ar dubultu pacel\u0161anas logu-21-8110 (1)\" width=\"720\" height=\"540\" srcset=\"https:\/\/www.honlufoodtrailer.com\/wp-content\/uploads\/2022\/02\/Square-food-trailer-with-double-lift-window-21-8110-2.jpg 720w, https:\/\/www.honlufoodtrailer.com\/wp-content\/uploads\/2022\/02\/Square-food-trailer-with-double-lift-window-21-8110-2-300x225.jpg 300w\" sizes=\"(max-width: 720px) 100vw, 720px\" \/> <img loading=\"lazy\" decoding=\"async\" class=\"aligncenter size-full wp-image-2818\" src=\"https:\/\/www.honlufoodtrailer.com\/wp-content\/uploads\/2022\/02\/Square-food-trailer-with-double-lift-window-21-8110-4.jpg\" alt=\"Kvadr\u0101tveida p\u0101rtikas piekabe ar dubultu pacel\u0161anas logu-21-8110 (1)\" width=\"720\" height=\"540\" srcset=\"https:\/\/www.honlufoodtrailer.com\/wp-content\/uploads\/2022\/02\/Square-food-trailer-with-double-lift-window-21-8110-4.jpg 720w, https:\/\/www.honlufoodtrailer.com\/wp-content\/uploads\/2022\/02\/Square-food-trailer-with-double-lift-window-21-8110-4-300x225.jpg 300w\" sizes=\"(max-width: 720px) 100vw, 720px\" \/><\/li>\n<\/ol>\n<h3>Bezmaksas 2D\/3D st\u0101va pl\u0101na ras\u0113jums<\/h3>\n<p>Klientiem, kuri ir pas\u016bt\u012bju\u0161i m\u016bsu p\u0101rtikas piekabi, m\u0113s pied\u0101v\u0101jam bezmaksas 2D\/3D ras\u0113jumus. Tas noz\u012bm\u0113, ka p\u0113c p\u0101rtikas piekabes izm\u0113ru un iek\u0161\u0113j\u0101 virtuves apr\u012bkojuma apstiprin\u0101\u0161anas m\u0113s varam jums bez maksas nodro\u0161in\u0101t 3D ras\u0113jumus. Tas sniegs jums skaidr\u0101ku priek\u0161statu par j\u016bsu dizainu un p\u0101rtikas rati\u0146iem. Apstiprinot virtuves apr\u012bkojuma atra\u0161an\u0101s vietu, m\u0113s var\u0113sim skaidri sazin\u0101ties ar jums, izmantojot st\u0101vu pl\u0101nu. M\u0113s varam ar\u012b nodro\u0161in\u0101t j\u016bs ar ori\u0123in\u0101lajiem dokumentiem, lai atvieglotu j\u016bsu dizainu un veiktu korekcijas.<\/p>\n<\/div>\n<\/div>\n<\/div>","protected":false},"excerpt":{"rendered":"<p data-spm-anchor-id=\"a2700.wholesale.0.i28.29e52808agqc7f\">\u0160\u012b ir piel\u0101gota 4\u00a0m melna kvadr\u0101tveida p\u0101rtikas piekabe. Visam transportl\u012bdzeklim ir izmantots ner\u016bs\u0113jo\u0161ais t\u0113rauds. Pateicoties kompaktajai strukt\u016brai, to ir viegli p\u0101rvietot. Turkl\u0101t t\u0101 cena ir sapr\u0101t\u012bga un konkur\u0113tsp\u0113j\u012bga. Ja v\u0113laties s\u0101kt p\u0101rtikas piekabes biznesu ar maza izm\u0113ra p\u0101rtikas piekabi, \u0161\u012b 4\u00a0m kvadr\u0101tveida p\u0101rtikas piekabe b\u016bs jums laba izv\u0113le. P\u0101rtikas piekabju biznesa uzs\u0101k\u0161anai nav nepiecie\u0161ams liels bud\u017eets. Ja j\u016bs interes\u0113 vai ir k\u0101di jaut\u0101jumi, nevilcinieties sazin\u0101ties ar mums t\u016bl\u012bt!<\/p>","protected":false},"featured_media":2815,"template":"","meta":{"_themeisle_gutenberg_block_has_review":false},"product_brand":[],"product_cat":[26],"product_tag":[33,45,38,50],"class_list":{"0":"post-2814","1":"product","2":"type-product","3":"status-publish","4":"has-post-thumbnail","6":"product_cat-product","7":"product_tag-customized-trailer","8":"product_tag-large-food-trailer","9":"product_tag-mobile-food-trailer","10":"product_tag-standard-configuration","12":"first","13":"instock","14":"shipping-taxable","15":"product-type-simple"},"yoast_head":"<!-- This site is optimized with the Yoast SEO plugin v27.6 - https:\/\/yoast.com\/product\/yoast-seo-wordpress\/ -->\n<title>Square Food Trailer With Double Lift Window - Honlu food trailer<\/title>\n<meta name=\"description\" content=\"This is a standard black square food trailer. The whole vehicle adopts stainless steel body and operating table. It can be applied for selling anything from hot dogs, retail operations, flower operations, sandwiches, coffee, ice cream, etc. We have CE certified to help you to start a mobile business.\" \/>\n<meta name=\"robots\" content=\"index, follow, max-snippet:-1, max-image-preview:large, max-video-preview:-1\" \/>\n<link rel=\"canonical\" href=\"https:\/\/www.honlufoodtrailer.com\/lv\/product\/square-food-trailer-with-double-lift-window\/\" \/>\n<meta property=\"og:locale\" content=\"lv_LV\" \/>\n<meta property=\"og:type\" content=\"article\" \/>\n<meta property=\"og:title\" content=\"Square Food Trailer With Double Lift Window - Honlu food trailer\" \/>\n<meta property=\"og:description\" content=\"This is a standard black square food trailer. The whole vehicle adopts stainless steel body and operating table. It can be applied for selling anything from hot dogs, retail operations, flower operations, sandwiches, coffee, ice cream, etc. We have CE certified to help you to start a mobile business.\" \/>\n<meta property=\"og:url\" content=\"https:\/\/www.honlufoodtrailer.com\/lv\/product\/square-food-trailer-with-double-lift-window\/\" \/>\n<meta property=\"og:site_name\" content=\"Honlu food trailer\" \/>\n<meta property=\"article:modified_time\" content=\"2024-05-31T09:43:33+00:00\" \/>\n<meta property=\"og:image\" content=\"https:\/\/www.honlufoodtrailer.com\/wp-content\/uploads\/2022\/02\/Square-food-trailer-with-double-lift-window-21-8110-1.jpg\" \/>\n\t<meta property=\"og:image:width\" content=\"720\" \/>\n\t<meta property=\"og:image:height\" content=\"540\" \/>\n\t<meta property=\"og:image:type\" content=\"image\/jpeg\" \/>\n<meta name=\"twitter:card\" content=\"summary_large_image\" \/>\n<meta name=\"twitter:label1\" content=\"Est. reading time\" \/>\n\t<meta name=\"twitter:data1\" content=\"2 min\u016btes\" \/>\n<script type=\"application\/ld+json\" class=\"yoast-schema-graph\">{\"@context\":\"https:\\\/\\\/schema.org\",\"@graph\":[{\"@type\":\"WebPage\",\"@id\":\"https:\\\/\\\/www.honlufoodtrailer.com\\\/product\\\/square-food-trailer-with-double-lift-window\\\/\",\"url\":\"https:\\\/\\\/www.honlufoodtrailer.com\\\/product\\\/square-food-trailer-with-double-lift-window\\\/\",\"name\":\"Square Food Trailer With Double Lift Window - Honlu food trailer\",\"isPartOf\":{\"@id\":\"https:\\\/\\\/www.honlufoodtrailer.com\\\/#website\"},\"primaryImageOfPage\":{\"@id\":\"https:\\\/\\\/www.honlufoodtrailer.com\\\/product\\\/square-food-trailer-with-double-lift-window\\\/#primaryimage\"},\"image\":{\"@id\":\"https:\\\/\\\/www.honlufoodtrailer.com\\\/product\\\/square-food-trailer-with-double-lift-window\\\/#primaryimage\"},\"thumbnailUrl\":\"https:\\\/\\\/www.honlufoodtrailer.com\\\/wp-content\\\/uploads\\\/2022\\\/02\\\/Square-food-trailer-with-double-lift-window-21-8110-1.jpg\",\"datePublished\":\"2022-02-10T08:48:36+00:00\",\"dateModified\":\"2024-05-31T09:43:33+00:00\",\"description\":\"This is a standard black square food trailer. The whole vehicle adopts stainless steel body and operating table. It can be applied for selling anything from hot dogs, retail operations, flower operations, sandwiches, coffee, ice cream, etc. We have CE certified to help you to start a mobile business.\",\"breadcrumb\":{\"@id\":\"https:\\\/\\\/www.honlufoodtrailer.com\\\/product\\\/square-food-trailer-with-double-lift-window\\\/#breadcrumb\"},\"inLanguage\":\"lv-LV\",\"potentialAction\":[{\"@type\":\"ReadAction\",\"target\":[\"https:\\\/\\\/www.honlufoodtrailer.com\\\/product\\\/square-food-trailer-with-double-lift-window\\\/\"]}]},{\"@type\":\"ImageObject\",\"inLanguage\":\"lv-LV\",\"@id\":\"https:\\\/\\\/www.honlufoodtrailer.com\\\/product\\\/square-food-trailer-with-double-lift-window\\\/#primaryimage\",\"url\":\"https:\\\/\\\/www.honlufoodtrailer.com\\\/wp-content\\\/uploads\\\/2022\\\/02\\\/Square-food-trailer-with-double-lift-window-21-8110-1.jpg\",\"contentUrl\":\"https:\\\/\\\/www.honlufoodtrailer.com\\\/wp-content\\\/uploads\\\/2022\\\/02\\\/Square-food-trailer-with-double-lift-window-21-8110-1.jpg\",\"width\":720,\"height\":540,\"caption\":\"Square food trailer with double lift window-21-8110 (1)\"},{\"@type\":\"BreadcrumbList\",\"@id\":\"https:\\\/\\\/www.honlufoodtrailer.com\\\/product\\\/square-food-trailer-with-double-lift-window\\\/#breadcrumb\",\"itemListElement\":[{\"@type\":\"ListItem\",\"position\":1,\"name\":\"Home\",\"item\":\"https:\\\/\\\/www.honlufoodtrailer.com\\\/\"},{\"@type\":\"ListItem\",\"position\":2,\"name\":\"\u4ea7\u54c1\",\"item\":\"https:\\\/\\\/www.honlufoodtrailer.com\\\/shop\\\/\"},{\"@type\":\"ListItem\",\"position\":3,\"name\":\"Square Food Trailer With Double Lift Window\"}]},{\"@type\":\"WebSite\",\"@id\":\"https:\\\/\\\/www.honlufoodtrailer.com\\\/#website\",\"url\":\"https:\\\/\\\/www.honlufoodtrailer.com\\\/\",\"name\":\"Honlu food trailer\",\"description\":\"\",\"publisher\":{\"@id\":\"https:\\\/\\\/www.honlufoodtrailer.com\\\/#organization\"},\"potentialAction\":[{\"@type\":\"SearchAction\",\"target\":{\"@type\":\"EntryPoint\",\"urlTemplate\":\"https:\\\/\\\/www.honlufoodtrailer.com\\\/?s={search_term_string}\"},\"query-input\":{\"@type\":\"PropertyValueSpecification\",\"valueRequired\":true,\"valueName\":\"search_term_string\"}}],\"inLanguage\":\"lv-LV\"},{\"@type\":\"Organization\",\"@id\":\"https:\\\/\\\/www.honlufoodtrailer.com\\\/#organization\",\"name\":\"Honlu food trailer\",\"url\":\"https:\\\/\\\/www.honlufoodtrailer.com\\\/\",\"logo\":{\"@type\":\"ImageObject\",\"inLanguage\":\"lv-LV\",\"@id\":\"https:\\\/\\\/www.honlufoodtrailer.com\\\/#\\\/schema\\\/logo\\\/image\\\/\",\"url\":\"https:\\\/\\\/www.honlufoodtrailer.com\\\/wp-content\\\/uploads\\\/2021\\\/12\\\/2.gif\",\"contentUrl\":\"https:\\\/\\\/www.honlufoodtrailer.com\\\/wp-content\\\/uploads\\\/2021\\\/12\\\/2.gif\",\"width\":350,\"height\":100,\"caption\":\"Honlu food trailer\"},\"image\":{\"@id\":\"https:\\\/\\\/www.honlufoodtrailer.com\\\/#\\\/schema\\\/logo\\\/image\\\/\"}}]}<\/script>\n<!-- \/ Yoast SEO plugin. -->","yoast_head_json":{"title":"Kvadr\u0101tveida p\u0101rtikas piekabe ar dubultu pace\u013camo logu - Honlu p\u0101rtikas piekabe","description":"\u0160\u012b ir standarta melna kvadr\u0101tveida p\u0101rtikas piekabe. Visam transportl\u012bdzeklim ir ner\u016bs\u0113jo\u0161\u0101 t\u0113rauda virsb\u016bve un oper\u0101ciju galds. To var izmantot jebk\u0101 p\u0101rdo\u0161anai, s\u0101kot no hotdogiem, mazumtirdzniec\u012bbas darb\u012bb\u0101m, ziedu prezent\u0101cij\u0101m, sviestmaiz\u0113m, kafijas, sald\u0113juma utt. Mums ir CE sertifik\u0101ts, lai pal\u012bdz\u0113tu jums uzs\u0101kt mobilo biznesu.","robots":{"index":"index","follow":"follow","max-snippet":"max-snippet:-1","max-image-preview":"max-image-preview:large","max-video-preview":"max-video-preview:-1"},"canonical":"https:\/\/www.honlufoodtrailer.com\/lv\/product\/square-food-trailer-with-double-lift-window\/","og_locale":"lv_LV","og_type":"article","og_title":"Square Food Trailer With Double Lift Window - Honlu food trailer","og_description":"This is a standard black square food trailer. The whole vehicle adopts stainless steel body and operating table. It can be applied for selling anything from hot dogs, retail operations, flower operations, sandwiches, coffee, ice cream, etc. We have CE certified to help you to start a mobile business.","og_url":"https:\/\/www.honlufoodtrailer.com\/lv\/product\/square-food-trailer-with-double-lift-window\/","og_site_name":"Honlu food trailer","article_modified_time":"2024-05-31T09:43:33+00:00","og_image":[{"width":720,"height":540,"url":"https:\/\/www.honlufoodtrailer.com\/wp-content\/uploads\/2022\/02\/Square-food-trailer-with-double-lift-window-21-8110-1.jpg","type":"image\/jpeg"}],"twitter_card":"summary_large_image","twitter_misc":{"Est. reading time":"2 min\u016btes"},"schema":{"@context":"https:\/\/schema.org","@graph":[{"@type":"WebPage","@id":"https:\/\/www.honlufoodtrailer.com\/product\/square-food-trailer-with-double-lift-window\/","url":"https:\/\/www.honlufoodtrailer.com\/product\/square-food-trailer-with-double-lift-window\/","name":"Kvadr\u0101tveida p\u0101rtikas piekabe ar dubultu pace\u013camo logu - Honlu p\u0101rtikas piekabe","isPartOf":{"@id":"https:\/\/www.honlufoodtrailer.com\/#website"},"primaryImageOfPage":{"@id":"https:\/\/www.honlufoodtrailer.com\/product\/square-food-trailer-with-double-lift-window\/#primaryimage"},"image":{"@id":"https:\/\/www.honlufoodtrailer.com\/product\/square-food-trailer-with-double-lift-window\/#primaryimage"},"thumbnailUrl":"https:\/\/www.honlufoodtrailer.com\/wp-content\/uploads\/2022\/02\/Square-food-trailer-with-double-lift-window-21-8110-1.jpg","datePublished":"2022-02-10T08:48:36+00:00","dateModified":"2024-05-31T09:43:33+00:00","description":"\u0160\u012b ir standarta melna kvadr\u0101tveida p\u0101rtikas piekabe. Visam transportl\u012bdzeklim ir ner\u016bs\u0113jo\u0161\u0101 t\u0113rauda virsb\u016bve un oper\u0101ciju galds. To var izmantot jebk\u0101 p\u0101rdo\u0161anai, s\u0101kot no hotdogiem, mazumtirdzniec\u012bbas darb\u012bb\u0101m, ziedu prezent\u0101cij\u0101m, sviestmaiz\u0113m, kafijas, sald\u0113juma utt. Mums ir CE sertifik\u0101ts, lai pal\u012bdz\u0113tu jums uzs\u0101kt mobilo biznesu.","breadcrumb":{"@id":"https:\/\/www.honlufoodtrailer.com\/product\/square-food-trailer-with-double-lift-window\/#breadcrumb"},"inLanguage":"lv-LV","potentialAction":[{"@type":"ReadAction","target":["https:\/\/www.honlufoodtrailer.com\/product\/square-food-trailer-with-double-lift-window\/"]}]},{"@type":"ImageObject","inLanguage":"lv-LV","@id":"https:\/\/www.honlufoodtrailer.com\/product\/square-food-trailer-with-double-lift-window\/#primaryimage","url":"https:\/\/www.honlufoodtrailer.com\/wp-content\/uploads\/2022\/02\/Square-food-trailer-with-double-lift-window-21-8110-1.jpg","contentUrl":"https:\/\/www.honlufoodtrailer.com\/wp-content\/uploads\/2022\/02\/Square-food-trailer-with-double-lift-window-21-8110-1.jpg","width":720,"height":540,"caption":"Square food trailer with double lift window-21-8110 (1)"},{"@type":"BreadcrumbList","@id":"https:\/\/www.honlufoodtrailer.com\/product\/square-food-trailer-with-double-lift-window\/#breadcrumb","itemListElement":[{"@type":"ListItem","position":1,"name":"Home","item":"https:\/\/www.honlufoodtrailer.com\/"},{"@type":"ListItem","position":2,"name":"\u4ea7\u54c1","item":"https:\/\/www.honlufoodtrailer.com\/shop\/"},{"@type":"ListItem","position":3,"name":"Square Food Trailer With Double Lift Window"}]},{"@type":"WebSite","@id":"https:\/\/www.honlufoodtrailer.com\/#website","url":"https:\/\/www.honlufoodtrailer.com\/","name":"Honlu p\u0101rtikas piekabe","description":"","publisher":{"@id":"https:\/\/www.honlufoodtrailer.com\/#organization"},"potentialAction":[{"@type":"SearchAction","target":{"@type":"EntryPoint","urlTemplate":"https:\/\/www.honlufoodtrailer.com\/?s={search_term_string}"},"query-input":{"@type":"PropertyValueSpecification","valueRequired":true,"valueName":"search_term_string"}}],"inLanguage":"lv-LV"},{"@type":"Organization","@id":"https:\/\/www.honlufoodtrailer.com\/#organization","name":"Honlu p\u0101rtikas piekabe","url":"https:\/\/www.honlufoodtrailer.com\/","logo":{"@type":"ImageObject","inLanguage":"lv-LV","@id":"https:\/\/www.honlufoodtrailer.com\/#\/schema\/logo\/image\/","url":"https:\/\/www.honlufoodtrailer.com\/wp-content\/uploads\/2021\/12\/2.gif","contentUrl":"https:\/\/www.honlufoodtrailer.com\/wp-content\/uploads\/2021\/12\/2.gif","width":350,"height":100,"caption":"Honlu food trailer"},"image":{"@id":"https:\/\/www.honlufoodtrailer.com\/#\/schema\/logo\/image\/"}}]}},"_links":{"self":[{"href":"https:\/\/www.honlufoodtrailer.com\/lv\/wp-json\/wp\/v2\/product\/2814","targetHints":{"allow":["GET"]}}],"collection":[{"href":"https:\/\/www.honlufoodtrailer.com\/lv\/wp-json\/wp\/v2\/product"}],"about":[{"href":"https:\/\/www.honlufoodtrailer.com\/lv\/wp-json\/wp\/v2\/types\/product"}],"version-history":[{"count":0,"href":"https:\/\/www.honlufoodtrailer.com\/lv\/wp-json\/wp\/v2\/product\/2814\/revisions"}],"wp:featuredmedia":[{"embeddable":true,"href":"https:\/\/www.honlufoodtrailer.com\/lv\/wp-json\/wp\/v2\/media\/2815"}],"wp:attachment":[{"href":"https:\/\/www.honlufoodtrailer.com\/lv\/wp-json\/wp\/v2\/media?parent=2814"}],"wp:term":[{"taxonomy":"product_brand","embeddable":true,"href":"https:\/\/www.honlufoodtrailer.com\/lv\/wp-json\/wp\/v2\/product_brand?post=2814"},{"taxonomy":"product_cat","embeddable":true,"href":"https:\/\/www.honlufoodtrailer.com\/lv\/wp-json\/wp\/v2\/product_cat?post=2814"},{"taxonomy":"product_tag","embeddable":true,"href":"https:\/\/www.honlufoodtrailer.com\/lv\/wp-json\/wp\/v2\/product_tag?post=2814"}],"curies":[{"name":"wp","href":"https:\/\/api.w.org\/{rel}","templated":true}]}}