{"id":3254,"date":"2022-03-01T09:27:57","date_gmt":"2022-03-01T01:27:57","guid":{"rendered":"https:\/\/www.honlufoodtrailer.com\/?post_type=product&#038;p=3254"},"modified":"2022-03-21T17:46:33","modified_gmt":"2022-03-21T09:46:33","slug":"customized-5-7m-single-deck-coffee-trailer","status":"publish","type":"product","link":"https:\/\/www.honlufoodtrailer.com\/lv\/product\/customized-5-7m-single-deck-coffee-trailer\/","title":{"rendered":"5,7 m vienst\u0101va kafijas piekabe"},"content":{"rendered":"<p>\u0160\u012b ir piel\u0101gota vienst\u0101va kafijas piekabe, kuras virsb\u016bve un salons ir izgatavoti no ner\u016bs\u0113jo\u0161\u0101 t\u0113rauda. Ab\u0101s pus\u0113s eso\u0161\u0101s platformas var nolaist, lai novietotu galdus un kr\u0113slus, rekl\u0101mas stendus, p\u0101rtikas plauktus utt. Pateicoties t\u0101s \u012bpa\u0161ajam dizainam, t\u0101 ir \u013coti piem\u0113rota da\u017e\u0101du p\u0101rtikas produktu, piem\u0113ram, kafijas, burgeru, hotdogu, sviestmai\u017eu utt., p\u0101rdo\u0161anai. Visa piekabe ir kompakta un viegli lietojama. Tas ir v\u0113lamais modelis \u0101tr\u0101s \u0113din\u0101\u0161anas uz\u0146\u0113mumu dibin\u0101\u0161anai.<\/p>\n<h2>Vienst\u0101va kafijas piekabes \u0101r\u0113j\u0101 konstrukcija<\/h2>\n<p>Visas piekabes liel\u0101k\u0101 iez\u012bme ir pace\u013cam\u0101 biznesa platforma ab\u0101s pus\u0113s, ko var izmantot da\u017e\u0101di da\u017e\u0101di uz\u0146\u0113mumi. To var izmantot ne tikai galdu un kr\u0113slu novieto\u0161anai, lai klientiem b\u016btu viegl\u0101k aps\u0113sties, bet ar\u012b \u0113dienkar\u0161u plauktu un biznesa rekl\u0101mas stendu novieto\u0161anai. Da\u017eos pas\u0101kumos dubult\u0101s pace\u013cam\u0101s platformas var pal\u012bdz\u0113t piesaist\u012bt vair\u0101k klientu.<\/p>\n<figure id=\"attachment_3264\" aria-describedby=\"caption-attachment-3264\" style=\"width: 720px\" class=\"wp-caption aligncenter\"><img fetchpriority=\"high\" decoding=\"async\" class=\"size-full wp-image-3264\" src=\"https:\/\/www.honlufoodtrailer.com\/wp-content\/uploads\/2022\/03\/External-business-platforms-of-the-coffee-trailer.jpg\" alt=\"Kafijas piekabes \u0101r\u0113j\u0101s biznesa platformas\" width=\"720\" height=\"540\" srcset=\"https:\/\/www.honlufoodtrailer.com\/wp-content\/uploads\/2022\/03\/External-business-platforms-of-the-coffee-trailer.jpg 720w, https:\/\/www.honlufoodtrailer.com\/wp-content\/uploads\/2022\/03\/External-business-platforms-of-the-coffee-trailer-480x360.jpg 480w, https:\/\/www.honlufoodtrailer.com\/wp-content\/uploads\/2022\/03\/External-business-platforms-of-the-coffee-trailer-300x225.jpg 300w\" sizes=\"(max-width: 720px) 100vw, 720px\" \/><figcaption id=\"caption-attachment-3264\" class=\"wp-caption-text\">Kafijas piekabes \u0101r\u0113j\u0101s biznesa platformas<\/figcaption><\/figure>\n<p>Virs biznesa platform\u0101m ir izvelkama nojume, ko ieskauj no mietiem un virv\u0113m veidots \u017eogs, ko ir \u013coti viegli no\u0146emt un uzst\u0101d\u012bt. Piekabes virsb\u016bvei ir \u013coti skaista koka imit\u0101cijas uzl\u012bme, un piekabe ir apr\u012bkota ar domkratiem visos \u010detros st\u016bros.<\/p>\n<figure id=\"attachment_3265\" aria-describedby=\"caption-attachment-3265\" style=\"width: 720px\" class=\"wp-caption aligncenter\"><img decoding=\"async\" class=\"size-full wp-image-3265\" src=\"https:\/\/www.honlufoodtrailer.com\/wp-content\/uploads\/2022\/03\/External-structure-of-the-coffee-trailer.jpg\" alt=\"Kafijas piekabes \u0101r\u0113j\u0101 konstrukcija\" width=\"720\" height=\"540\" srcset=\"https:\/\/www.honlufoodtrailer.com\/wp-content\/uploads\/2022\/03\/External-structure-of-the-coffee-trailer.jpg 720w, https:\/\/www.honlufoodtrailer.com\/wp-content\/uploads\/2022\/03\/External-structure-of-the-coffee-trailer-480x360.jpg 480w, https:\/\/www.honlufoodtrailer.com\/wp-content\/uploads\/2022\/03\/External-structure-of-the-coffee-trailer-300x225.jpg 300w\" sizes=\"(max-width: 720px) 100vw, 720px\" \/><figcaption id=\"caption-attachment-3265\" class=\"wp-caption-text\">Kafijas piekabes \u0101r\u0113j\u0101 konstrukcija<\/figcaption><\/figure>\n<h2>Vienst\u0101va kafijas piekabes interjers<\/h2>\n<p>Darba virsma, uzglab\u0101\u0161anas nodal\u012bjums un izlietnes ir izgatavotas no ner\u016bs\u0113jo\u0161\u0101 t\u0113rauda. Virsma ir apr\u012bkota ar atmosf\u0113ras apgaismojumu un b\u012bd\u0101miem pro\u017eektoriem, un tai ir \u013coti skaists skats nakt\u012b.<\/p>\n<figure id=\"attachment_3272\" aria-describedby=\"caption-attachment-3272\" style=\"width: 1440px\" class=\"wp-caption aligncenter\"><img decoding=\"async\" class=\"size-full wp-image-3272\" src=\"https:\/\/www.honlufoodtrailer.com\/wp-content\/uploads\/2022\/03\/Stainless-steel-countertopAmbient-and-sliding-spotlights-of-the-coffee-trailer.jpg\" alt=\"Ner\u016bs\u0113jo\u0161\u0101 t\u0113rauda darba virsma un kafijas piekabes apk\u0101rt\u0113j\u0101s vides un b\u012bd\u0101mie pro\u017eektori\" width=\"1440\" height=\"540\" srcset=\"https:\/\/www.honlufoodtrailer.com\/wp-content\/uploads\/2022\/03\/Stainless-steel-countertopAmbient-and-sliding-spotlights-of-the-coffee-trailer.jpg 1440w, https:\/\/www.honlufoodtrailer.com\/wp-content\/uploads\/2022\/03\/Stainless-steel-countertopAmbient-and-sliding-spotlights-of-the-coffee-trailer-768x288.jpg 768w, https:\/\/www.honlufoodtrailer.com\/wp-content\/uploads\/2022\/03\/Stainless-steel-countertopAmbient-and-sliding-spotlights-of-the-coffee-trailer-480x180.jpg 480w, https:\/\/www.honlufoodtrailer.com\/wp-content\/uploads\/2022\/03\/Stainless-steel-countertopAmbient-and-sliding-spotlights-of-the-coffee-trailer-300x113.jpg 300w, https:\/\/www.honlufoodtrailer.com\/wp-content\/uploads\/2022\/03\/Stainless-steel-countertopAmbient-and-sliding-spotlights-of-the-coffee-trailer-720x270.jpg 720w\" sizes=\"(max-width: 1440px) 100vw, 1440px\" \/><figcaption id=\"caption-attachment-3272\" class=\"wp-caption-text\">Ner\u016bs\u0113jo\u0161\u0101 t\u0113rauda darba virsma un kafijas piekabes apk\u0101rt\u0113j\u0101s vides un b\u012bd\u0101mie pro\u017eektori<\/figcaption><\/figure>\n<p>Saska\u0146\u0101 ar klienta viet\u0113j\u0101s noda\u013cas pras\u012bb\u0101m, izlietnes un spai\u0146i ir tr\u012bs izliet\u0146u konstrukcijas \u2014 divas p\u0101rtikas mazg\u0101\u0161anas b\u013codas un viena roku mazg\u0101\u0161anas b\u013coda. Atbilsto\u0161i klienta vajadz\u012bb\u0101m jauc\u0113jkr\u0101ns ir apr\u012bkots ar \u016bdens sild\u012bt\u0101ju un ziepju dozatoru, un zem izlietnes ir divi lielas ietilp\u012bbas spai\u0146i, viens t\u012bro lietu spainis un viens atkritumu spainis.<\/p>\n<figure id=\"attachment_3274\" aria-describedby=\"caption-attachment-3274\" style=\"width: 1440px\" class=\"wp-caption alignnone\"><img loading=\"lazy\" decoding=\"async\" class=\"size-full wp-image-3274\" src=\"https:\/\/www.honlufoodtrailer.com\/wp-content\/uploads\/2022\/03\/Customized-three-sinks-and-buckets.jpg\" alt=\"Piel\u0101gotas tr\u012bs izlietnes un spai\u0146i\" width=\"1440\" height=\"540\" srcset=\"https:\/\/www.honlufoodtrailer.com\/wp-content\/uploads\/2022\/03\/Customized-three-sinks-and-buckets.jpg 1440w, https:\/\/www.honlufoodtrailer.com\/wp-content\/uploads\/2022\/03\/Customized-three-sinks-and-buckets-768x288.jpg 768w, https:\/\/www.honlufoodtrailer.com\/wp-content\/uploads\/2022\/03\/Customized-three-sinks-and-buckets-480x180.jpg 480w, https:\/\/www.honlufoodtrailer.com\/wp-content\/uploads\/2022\/03\/Customized-three-sinks-and-buckets-300x113.jpg 300w, https:\/\/www.honlufoodtrailer.com\/wp-content\/uploads\/2022\/03\/Customized-three-sinks-and-buckets-720x270.jpg 720w\" sizes=\"(max-width: 1440px) 100vw, 1440px\" \/><figcaption id=\"caption-attachment-3274\" class=\"wp-caption-text\">Piel\u0101gotas tr\u012bs izlietnes un spai\u0146i<\/figcaption><\/figure>\n<p>M\u016bsu klienti v\u0113l\u0101k v\u0113las nodarboties ar ceptas p\u0101rtikas biznesu, t\u0101p\u0113c atbilsto\u0161i klientu vajadz\u012bb\u0101m tas ir apr\u012bkots ar g\u0101zes vadiem un tvaika nos\u016bc\u0113jiem, kas atbilst viet\u0113j\u0101m pras\u012bb\u0101m.<\/p>\n<figure id=\"attachment_3266\" aria-describedby=\"caption-attachment-3266\" style=\"width: 720px\" class=\"wp-caption aligncenter\"><img loading=\"lazy\" decoding=\"async\" class=\"size-full wp-image-3266\" src=\"https:\/\/www.honlufoodtrailer.com\/wp-content\/uploads\/2022\/03\/Gas-system-of-the-coffee-trailer.jpg\" alt=\"Kafijas piekabes g\u0101zes sist\u0113ma\" width=\"720\" height=\"540\" srcset=\"https:\/\/www.honlufoodtrailer.com\/wp-content\/uploads\/2022\/03\/Gas-system-of-the-coffee-trailer.jpg 720w, https:\/\/www.honlufoodtrailer.com\/wp-content\/uploads\/2022\/03\/Gas-system-of-the-coffee-trailer-480x360.jpg 480w, https:\/\/www.honlufoodtrailer.com\/wp-content\/uploads\/2022\/03\/Gas-system-of-the-coffee-trailer-300x225.jpg 300w\" sizes=\"(max-width: 720px) 100vw, 720px\" \/><figcaption id=\"caption-attachment-3266\" class=\"wp-caption-text\">Kafijas piekabes g\u0101zes sist\u0113ma<\/figcaption><\/figure>\n<p>Kafijas piekabes iek\u0161\u0113j\u0101kaj\u0101 da\u013c\u0101 ir divas sald\u0113tavas, un atbilsto\u0161i klienta biznesa vajadz\u012bb\u0101m m\u0113s piel\u0101gojam p\u0101rtikas kvalit\u0101tes ner\u016bs\u0113jo\u0161\u0101 t\u0113rauda alus ma\u0161\u012bnu klientam.<\/p>\n<figure id=\"attachment_3270\" aria-describedby=\"caption-attachment-3270\" style=\"width: 720px\" class=\"wp-caption aligncenter\"><img loading=\"lazy\" decoding=\"async\" class=\"size-full wp-image-3270\" src=\"https:\/\/www.honlufoodtrailer.com\/wp-content\/uploads\/2022\/03\/Customized-equipment-of-the-coffee-trailer.jpg\" alt=\"Kafijas piekabes piel\u0101gots apr\u012bkojums\" width=\"720\" height=\"540\" srcset=\"https:\/\/www.honlufoodtrailer.com\/wp-content\/uploads\/2022\/03\/Customized-equipment-of-the-coffee-trailer.jpg 720w, https:\/\/www.honlufoodtrailer.com\/wp-content\/uploads\/2022\/03\/Customized-equipment-of-the-coffee-trailer-480x360.jpg 480w, https:\/\/www.honlufoodtrailer.com\/wp-content\/uploads\/2022\/03\/Customized-equipment-of-the-coffee-trailer-300x225.jpg 300w\" sizes=\"(max-width: 720px) 100vw, 720px\" \/><figcaption id=\"caption-attachment-3270\" class=\"wp-caption-text\">Kafijas piekabes piel\u0101gots apr\u012bkojums<\/figcaption><\/figure>\n<h3><strong><b>Galven\u0101s iez\u012bmes <\/b><\/strong><strong><b>vienas kl\u0101ja kafija<\/b><\/strong><strong><b>\u00a0piekabe<\/b><\/strong><\/h3>\n<ol>\n<li>Modes izskatu var piel\u0101got;<\/li>\n<li>Daudzfunkcion\u0101las pace\u013camas platformas ab\u0101s pus\u0113s;<\/li>\n<li>Ner\u016bs\u0113jo\u0161\u0101 t\u0113rauda piekabes virsb\u016bve un iek\u0161\u0113j\u0101 konstrukcija, laba karstumiztur\u012bba, nodilumiztur\u012bba, iztur\u012bba pret koroziju;<\/li>\n<li>Kafijas piekab\u0113 ir apr\u012bkots ar modernu un uzlabotu apr\u012bkojumu;<\/li>\n<li>M\u0113s ar prieku p\u0101rveidojam visu piekabi atbilsto\u0161i klienta pras\u012bb\u0101m.<\/li>\n<\/ol>\n<h3><strong><b>Bezmaksas 2D\/3D st\u0101va pl\u0101na ras\u0113jums<\/b><\/strong><\/h3>\n<p>P\u0113c p\u0101rtikas piekabes un iek\u0161\u0113j\u0101 virtuves apr\u012bkojuma izm\u0113ru apstiprin\u0101\u0161anas m\u0113s varam jums bez maksas nodro\u0161in\u0101t 3D ras\u0113jumus. Tas sniegs jums skaidr\u0101ku priek\u0161statu par j\u016bsu dizainu un p\u0101rtikas rati\u0146iem. Apstiprinot virtuves apr\u012bkojuma atra\u0161an\u0101s vietu, m\u0113s var\u0113sim skaidri sazin\u0101ties ar jums, izmantojot st\u0101vu pl\u0101nu. M\u0113s varam ar\u012b nodro\u0161in\u0101t j\u016bs ar ori\u0123in\u0101lajiem dokumentiem, lai atvieglotu j\u016bsu dizainu un veiktu korekcijas.<\/p>","protected":false},"excerpt":{"rendered":"<p data-spm-anchor-id=\"a2700.wholesale.0.i28.29e52808agqc7f\">\u0160\u012b ir piel\u0101gota vienst\u0101va kafijas piekabe, kuras virsb\u016bve un salons ir izgatavoti no ner\u016bs\u0113jo\u0161\u0101 t\u0113rauda. Ab\u0101s pus\u0113s eso\u0161\u0101s platformas var nolaist, lai novietotu galdus un kr\u0113slus, rekl\u0101mas stendus, p\u0101rtikas plauktus utt. Tas ir v\u0113lamais modelis \u0101tr\u0101s \u0113din\u0101\u0161anas uz\u0146\u0113mumu dibin\u0101\u0161anai.<\/p>","protected":false},"featured_media":3255,"template":"","meta":{"_themeisle_gutenberg_block_has_review":false},"product_brand":[],"product_cat":[26],"product_tag":[34,33,45,38,51,50],"class_list":{"0":"post-3254","1":"product","2":"type-product","3":"status-publish","4":"has-post-thumbnail","6":"product_cat-product","7":"product_tag-coffee-trailer","8":"product_tag-customized-trailer","9":"product_tag-large-food-trailer","10":"product_tag-mobile-food-trailer","11":"product_tag-square-food-trailer","12":"product_tag-standard-configuration","14":"first","15":"instock","16":"shipping-taxable","17":"product-type-simple"},"yoast_head":"<!-- This site is optimized with the Yoast SEO plugin v27.6 - https:\/\/yoast.com\/product\/yoast-seo-wordpress\/ -->\n<title>5.7M single-deck coffee trailer - Honlu food trailer<\/title>\n<meta name=\"description\" content=\"This is a customized single-deck coffee trailer, the body and interior are made of stainless steel. The platforms on both sides can be lowered, which can be used to place some tables and chairs, publicity boards, food racks, etc. It is the preferred model for starting fast-food businesses.\" \/>\n<meta name=\"robots\" content=\"index, follow, max-snippet:-1, max-image-preview:large, max-video-preview:-1\" \/>\n<link rel=\"canonical\" href=\"https:\/\/www.honlufoodtrailer.com\/lv\/product\/customized-5-7m-single-deck-coffee-trailer\/\" \/>\n<meta property=\"og:locale\" content=\"lv_LV\" \/>\n<meta property=\"og:type\" content=\"article\" \/>\n<meta property=\"og:title\" content=\"5.7M single-deck coffee trailer - Honlu food trailer\" \/>\n<meta property=\"og:description\" content=\"This is a customized single-deck coffee trailer, the body and interior are made of stainless steel. The platforms on both sides can be lowered, which can be used to place some tables and chairs, publicity boards, food racks, etc. It is the preferred model for starting fast-food businesses.\" \/>\n<meta property=\"og:url\" content=\"https:\/\/www.honlufoodtrailer.com\/lv\/product\/customized-5-7m-single-deck-coffee-trailer\/\" \/>\n<meta property=\"og:site_name\" content=\"Honlu food trailer\" \/>\n<meta property=\"article:modified_time\" content=\"2022-03-21T09:46:33+00:00\" \/>\n<meta property=\"og:image\" content=\"https:\/\/www.honlufoodtrailer.com\/wp-content\/uploads\/2022\/03\/Customized-5.7M-single-deck-coffee-trailer-1.jpg\" \/>\n\t<meta property=\"og:image:width\" content=\"720\" \/>\n\t<meta property=\"og:image:height\" content=\"540\" \/>\n\t<meta property=\"og:image:type\" content=\"image\/jpeg\" \/>\n<meta name=\"twitter:card\" content=\"summary_large_image\" \/>\n<meta name=\"twitter:label1\" content=\"Est. reading time\" \/>\n\t<meta name=\"twitter:data1\" content=\"4 min\u016btes\" \/>\n<script type=\"application\/ld+json\" class=\"yoast-schema-graph\">{\"@context\":\"https:\\\/\\\/schema.org\",\"@graph\":[{\"@type\":\"WebPage\",\"@id\":\"https:\\\/\\\/www.honlufoodtrailer.com\\\/product\\\/customized-5-7m-single-deck-coffee-trailer\\\/\",\"url\":\"https:\\\/\\\/www.honlufoodtrailer.com\\\/product\\\/customized-5-7m-single-deck-coffee-trailer\\\/\",\"name\":\"5.7M single-deck coffee trailer - Honlu food trailer\",\"isPartOf\":{\"@id\":\"https:\\\/\\\/www.honlufoodtrailer.com\\\/#website\"},\"primaryImageOfPage\":{\"@id\":\"https:\\\/\\\/www.honlufoodtrailer.com\\\/product\\\/customized-5-7m-single-deck-coffee-trailer\\\/#primaryimage\"},\"image\":{\"@id\":\"https:\\\/\\\/www.honlufoodtrailer.com\\\/product\\\/customized-5-7m-single-deck-coffee-trailer\\\/#primaryimage\"},\"thumbnailUrl\":\"https:\\\/\\\/www.honlufoodtrailer.com\\\/wp-content\\\/uploads\\\/2022\\\/03\\\/Customized-5.7M-single-deck-coffee-trailer-1.jpg\",\"datePublished\":\"2022-03-01T01:27:57+00:00\",\"dateModified\":\"2022-03-21T09:46:33+00:00\",\"description\":\"This is a customized single-deck coffee trailer, the body and interior are made of stainless steel. The platforms on both sides can be lowered, which can be used to place some tables and chairs, publicity boards, food racks, etc. It is the preferred model for starting fast-food businesses.\",\"breadcrumb\":{\"@id\":\"https:\\\/\\\/www.honlufoodtrailer.com\\\/product\\\/customized-5-7m-single-deck-coffee-trailer\\\/#breadcrumb\"},\"inLanguage\":\"lv-LV\",\"potentialAction\":[{\"@type\":\"ReadAction\",\"target\":[\"https:\\\/\\\/www.honlufoodtrailer.com\\\/product\\\/customized-5-7m-single-deck-coffee-trailer\\\/\"]}]},{\"@type\":\"ImageObject\",\"inLanguage\":\"lv-LV\",\"@id\":\"https:\\\/\\\/www.honlufoodtrailer.com\\\/product\\\/customized-5-7m-single-deck-coffee-trailer\\\/#primaryimage\",\"url\":\"https:\\\/\\\/www.honlufoodtrailer.com\\\/wp-content\\\/uploads\\\/2022\\\/03\\\/Customized-5.7M-single-deck-coffee-trailer-1.jpg\",\"contentUrl\":\"https:\\\/\\\/www.honlufoodtrailer.com\\\/wp-content\\\/uploads\\\/2022\\\/03\\\/Customized-5.7M-single-deck-coffee-trailer-1.jpg\",\"width\":720,\"height\":540,\"caption\":\"Customized 5.7M single-deck coffee trailer (1)\"},{\"@type\":\"BreadcrumbList\",\"@id\":\"https:\\\/\\\/www.honlufoodtrailer.com\\\/product\\\/customized-5-7m-single-deck-coffee-trailer\\\/#breadcrumb\",\"itemListElement\":[{\"@type\":\"ListItem\",\"position\":1,\"name\":\"Home\",\"item\":\"https:\\\/\\\/www.honlufoodtrailer.com\\\/\"},{\"@type\":\"ListItem\",\"position\":2,\"name\":\"\u4ea7\u54c1\",\"item\":\"https:\\\/\\\/www.honlufoodtrailer.com\\\/shop\\\/\"},{\"@type\":\"ListItem\",\"position\":3,\"name\":\"5.7M single-deck coffee trailer\"}]},{\"@type\":\"WebSite\",\"@id\":\"https:\\\/\\\/www.honlufoodtrailer.com\\\/#website\",\"url\":\"https:\\\/\\\/www.honlufoodtrailer.com\\\/\",\"name\":\"Honlu food trailer\",\"description\":\"\",\"publisher\":{\"@id\":\"https:\\\/\\\/www.honlufoodtrailer.com\\\/#organization\"},\"potentialAction\":[{\"@type\":\"SearchAction\",\"target\":{\"@type\":\"EntryPoint\",\"urlTemplate\":\"https:\\\/\\\/www.honlufoodtrailer.com\\\/?s={search_term_string}\"},\"query-input\":{\"@type\":\"PropertyValueSpecification\",\"valueRequired\":true,\"valueName\":\"search_term_string\"}}],\"inLanguage\":\"lv-LV\"},{\"@type\":\"Organization\",\"@id\":\"https:\\\/\\\/www.honlufoodtrailer.com\\\/#organization\",\"name\":\"Honlu food trailer\",\"url\":\"https:\\\/\\\/www.honlufoodtrailer.com\\\/\",\"logo\":{\"@type\":\"ImageObject\",\"inLanguage\":\"lv-LV\",\"@id\":\"https:\\\/\\\/www.honlufoodtrailer.com\\\/#\\\/schema\\\/logo\\\/image\\\/\",\"url\":\"https:\\\/\\\/www.honlufoodtrailer.com\\\/wp-content\\\/uploads\\\/2021\\\/12\\\/2.gif\",\"contentUrl\":\"https:\\\/\\\/www.honlufoodtrailer.com\\\/wp-content\\\/uploads\\\/2021\\\/12\\\/2.gif\",\"width\":350,\"height\":100,\"caption\":\"Honlu food trailer\"},\"image\":{\"@id\":\"https:\\\/\\\/www.honlufoodtrailer.com\\\/#\\\/schema\\\/logo\\\/image\\\/\"}}]}<\/script>\n<!-- \/ Yoast SEO plugin. -->","yoast_head_json":{"title":"5,7 m vienst\u0101va kafijas piekabe - Honlu p\u0101rtikas piekabe","description":"\u0160\u012b ir piel\u0101gota vienst\u0101va kafijas piekabe, kuras virsb\u016bve un salons ir izgatavoti no ner\u016bs\u0113jo\u0161\u0101 t\u0113rauda. Ab\u0101s pus\u0113s eso\u0161\u0101s platformas var nolaist, lai novietotu galdus un kr\u0113slus, rekl\u0101mas stendus, p\u0101rtikas plauktus utt. Tas ir v\u0113lamais modelis \u0101tr\u0101s \u0113din\u0101\u0161anas uz\u0146\u0113mumu dibin\u0101\u0161anai.","robots":{"index":"index","follow":"follow","max-snippet":"max-snippet:-1","max-image-preview":"max-image-preview:large","max-video-preview":"max-video-preview:-1"},"canonical":"https:\/\/www.honlufoodtrailer.com\/lv\/product\/customized-5-7m-single-deck-coffee-trailer\/","og_locale":"lv_LV","og_type":"article","og_title":"5.7M single-deck coffee trailer - Honlu food trailer","og_description":"This is a customized single-deck coffee trailer, the body and interior are made of stainless steel. The platforms on both sides can be lowered, which can be used to place some tables and chairs, publicity boards, food racks, etc. It is the preferred model for starting fast-food businesses.","og_url":"https:\/\/www.honlufoodtrailer.com\/lv\/product\/customized-5-7m-single-deck-coffee-trailer\/","og_site_name":"Honlu food trailer","article_modified_time":"2022-03-21T09:46:33+00:00","og_image":[{"width":720,"height":540,"url":"https:\/\/www.honlufoodtrailer.com\/wp-content\/uploads\/2022\/03\/Customized-5.7M-single-deck-coffee-trailer-1.jpg","type":"image\/jpeg"}],"twitter_card":"summary_large_image","twitter_misc":{"Est. reading time":"4 min\u016btes"},"schema":{"@context":"https:\/\/schema.org","@graph":[{"@type":"WebPage","@id":"https:\/\/www.honlufoodtrailer.com\/product\/customized-5-7m-single-deck-coffee-trailer\/","url":"https:\/\/www.honlufoodtrailer.com\/product\/customized-5-7m-single-deck-coffee-trailer\/","name":"5,7 m vienst\u0101va kafijas piekabe - Honlu p\u0101rtikas piekabe","isPartOf":{"@id":"https:\/\/www.honlufoodtrailer.com\/#website"},"primaryImageOfPage":{"@id":"https:\/\/www.honlufoodtrailer.com\/product\/customized-5-7m-single-deck-coffee-trailer\/#primaryimage"},"image":{"@id":"https:\/\/www.honlufoodtrailer.com\/product\/customized-5-7m-single-deck-coffee-trailer\/#primaryimage"},"thumbnailUrl":"https:\/\/www.honlufoodtrailer.com\/wp-content\/uploads\/2022\/03\/Customized-5.7M-single-deck-coffee-trailer-1.jpg","datePublished":"2022-03-01T01:27:57+00:00","dateModified":"2022-03-21T09:46:33+00:00","description":"\u0160\u012b ir piel\u0101gota vienst\u0101va kafijas piekabe, kuras virsb\u016bve un salons ir izgatavoti no ner\u016bs\u0113jo\u0161\u0101 t\u0113rauda. Ab\u0101s pus\u0113s eso\u0161\u0101s platformas var nolaist, lai novietotu galdus un kr\u0113slus, rekl\u0101mas stendus, p\u0101rtikas plauktus utt. Tas ir v\u0113lamais modelis \u0101tr\u0101s \u0113din\u0101\u0161anas uz\u0146\u0113mumu dibin\u0101\u0161anai.","breadcrumb":{"@id":"https:\/\/www.honlufoodtrailer.com\/product\/customized-5-7m-single-deck-coffee-trailer\/#breadcrumb"},"inLanguage":"lv-LV","potentialAction":[{"@type":"ReadAction","target":["https:\/\/www.honlufoodtrailer.com\/product\/customized-5-7m-single-deck-coffee-trailer\/"]}]},{"@type":"ImageObject","inLanguage":"lv-LV","@id":"https:\/\/www.honlufoodtrailer.com\/product\/customized-5-7m-single-deck-coffee-trailer\/#primaryimage","url":"https:\/\/www.honlufoodtrailer.com\/wp-content\/uploads\/2022\/03\/Customized-5.7M-single-deck-coffee-trailer-1.jpg","contentUrl":"https:\/\/www.honlufoodtrailer.com\/wp-content\/uploads\/2022\/03\/Customized-5.7M-single-deck-coffee-trailer-1.jpg","width":720,"height":540,"caption":"Customized 5.7M single-deck coffee trailer (1)"},{"@type":"BreadcrumbList","@id":"https:\/\/www.honlufoodtrailer.com\/product\/customized-5-7m-single-deck-coffee-trailer\/#breadcrumb","itemListElement":[{"@type":"ListItem","position":1,"name":"Home","item":"https:\/\/www.honlufoodtrailer.com\/"},{"@type":"ListItem","position":2,"name":"\u4ea7\u54c1","item":"https:\/\/www.honlufoodtrailer.com\/shop\/"},{"@type":"ListItem","position":3,"name":"5.7M single-deck coffee trailer"}]},{"@type":"WebSite","@id":"https:\/\/www.honlufoodtrailer.com\/#website","url":"https:\/\/www.honlufoodtrailer.com\/","name":"Honlu p\u0101rtikas piekabe","description":"","publisher":{"@id":"https:\/\/www.honlufoodtrailer.com\/#organization"},"potentialAction":[{"@type":"SearchAction","target":{"@type":"EntryPoint","urlTemplate":"https:\/\/www.honlufoodtrailer.com\/?s={search_term_string}"},"query-input":{"@type":"PropertyValueSpecification","valueRequired":true,"valueName":"search_term_string"}}],"inLanguage":"lv-LV"},{"@type":"Organization","@id":"https:\/\/www.honlufoodtrailer.com\/#organization","name":"Honlu p\u0101rtikas piekabe","url":"https:\/\/www.honlufoodtrailer.com\/","logo":{"@type":"ImageObject","inLanguage":"lv-LV","@id":"https:\/\/www.honlufoodtrailer.com\/#\/schema\/logo\/image\/","url":"https:\/\/www.honlufoodtrailer.com\/wp-content\/uploads\/2021\/12\/2.gif","contentUrl":"https:\/\/www.honlufoodtrailer.com\/wp-content\/uploads\/2021\/12\/2.gif","width":350,"height":100,"caption":"Honlu food trailer"},"image":{"@id":"https:\/\/www.honlufoodtrailer.com\/#\/schema\/logo\/image\/"}}]}},"_links":{"self":[{"href":"https:\/\/www.honlufoodtrailer.com\/lv\/wp-json\/wp\/v2\/product\/3254","targetHints":{"allow":["GET"]}}],"collection":[{"href":"https:\/\/www.honlufoodtrailer.com\/lv\/wp-json\/wp\/v2\/product"}],"about":[{"href":"https:\/\/www.honlufoodtrailer.com\/lv\/wp-json\/wp\/v2\/types\/product"}],"version-history":[{"count":0,"href":"https:\/\/www.honlufoodtrailer.com\/lv\/wp-json\/wp\/v2\/product\/3254\/revisions"}],"wp:featuredmedia":[{"embeddable":true,"href":"https:\/\/www.honlufoodtrailer.com\/lv\/wp-json\/wp\/v2\/media\/3255"}],"wp:attachment":[{"href":"https:\/\/www.honlufoodtrailer.com\/lv\/wp-json\/wp\/v2\/media?parent=3254"}],"wp:term":[{"taxonomy":"product_brand","embeddable":true,"href":"https:\/\/www.honlufoodtrailer.com\/lv\/wp-json\/wp\/v2\/product_brand?post=3254"},{"taxonomy":"product_cat","embeddable":true,"href":"https:\/\/www.honlufoodtrailer.com\/lv\/wp-json\/wp\/v2\/product_cat?post=3254"},{"taxonomy":"product_tag","embeddable":true,"href":"https:\/\/www.honlufoodtrailer.com\/lv\/wp-json\/wp\/v2\/product_tag?post=3254"}],"curies":[{"name":"wp","href":"https:\/\/api.w.org\/{rel}","templated":true}]}}