{"id":3398,"date":"2022-03-17T17:30:43","date_gmt":"2022-03-17T09:30:43","guid":{"rendered":"https:\/\/www.honlufoodtrailer.com\/?post_type=product&#038;p=3398"},"modified":"2024-10-28T18:20:50","modified_gmt":"2024-10-28T10:20:50","slug":"bbq-food-trailer-with-porch","status":"publish","type":"product","link":"https:\/\/www.honlufoodtrailer.com\/lv\/product\/bbq-food-trailer-with-porch\/","title":{"rendered":"BBQ p\u0101rtikas piekabe ar verandu"},"content":{"rendered":"<p data-spm-anchor-id=\"a2700.wholesale.0.i28.29e52808agqc7f\">\u0160\u012b ir piel\u0101gota 5,5 m gara lieve\u0146a p\u0101rtikas piekabe. Visa virsb\u016bve ir sarkana, un lieve\u0146a da\u013ca p\u0101rtikas piekabes aizmugur\u0113 ir atv\u0113rta dizaina. P\u0101rtikas piekabes priek\u0161pus\u0113 eso\u0161ajam servisa logam ir liels loga dizains, un aug\u0161pus\u0113 ir piel\u0101gota personaliz\u0113ta z\u012bme. Viss apr\u012bkojums virsb\u016bves iek\u0161pus\u0113 ir izgatavots no ner\u016bs\u0113jo\u0161\u0101 t\u0113rauda. M\u0113s piel\u0101gojam lielu skaitu virtuves iek\u0101rtu klientiem, tostarp g\u0101zes pl\u012btis, fritieri, grilu utt. \u0160is p\u0101rtikas piekabes modelis ir v\u0113lamais modelis BBQ p\u0101rtikas biznesa uzs\u0101k\u0161anai.<\/p>\n<p data-spm-anchor-id=\"a2700.wholesale.0.i28.29e52808agqc7f\">Priek\u0161pus\u0113 eso\u0161ajam servisa logam ir atv\u0113rta forma, un, atverot logu, zem t\u0101 var izveidot galda virsmu. Ar\u012b z\u012bme korpusa aug\u0161pus\u0113 ir izgatavota p\u0113c pas\u016bt\u012bjuma.<\/p>\n<p data-spm-anchor-id=\"a2700.wholesale.0.i28.29e52808agqc7f\"><img fetchpriority=\"high\" decoding=\"async\" class=\"size-full wp-image-4307 aligncenter\" src=\"https:\/\/www.honlufoodtrailer.com\/wp-content\/uploads\/2022\/03\/Service-window-design-BBQ-food-trailer.jpg\" alt=\"Apkalpo\u0161anas loga dizains \u2014 BBQ p\u0101rtikas piekabe\" width=\"720\" height=\"720\" srcset=\"https:\/\/www.honlufoodtrailer.com\/wp-content\/uploads\/2022\/03\/Service-window-design-BBQ-food-trailer.jpg 720w, https:\/\/www.honlufoodtrailer.com\/wp-content\/uploads\/2022\/03\/Service-window-design-BBQ-food-trailer-360x360.jpg 360w, https:\/\/www.honlufoodtrailer.com\/wp-content\/uploads\/2022\/03\/Service-window-design-BBQ-food-trailer-300x300.jpg 300w, https:\/\/www.honlufoodtrailer.com\/wp-content\/uploads\/2022\/03\/Service-window-design-BBQ-food-trailer-100x100.jpg 100w\" sizes=\"(max-width: 720px) 100vw, 720px\" \/><\/p>\n<p data-spm-anchor-id=\"a2700.wholesale.0.i28.29e52808agqc7f\">P\u0101rtikas piekabes aizmugur\u0113 eso\u0161o lieve\u0146a da\u013cu projekt\u0113jis klients, un starpsienas ap lieveni var atv\u0113rt uz \u0101ru, lai izveidotu atv\u0113rtu dizainu.<\/p>\n<p data-spm-anchor-id=\"a2700.wholesale.0.i28.29e52808agqc7f\"><img decoding=\"async\" class=\"size-full wp-image-4308 aligncenter\" src=\"https:\/\/www.honlufoodtrailer.com\/wp-content\/uploads\/2022\/03\/Porch-design-BBQ-food-trailer.jpg\" alt=\"Verandas dizains - BBQ p\u0101rtikas piekabe\" width=\"720\" height=\"720\" srcset=\"https:\/\/www.honlufoodtrailer.com\/wp-content\/uploads\/2022\/03\/Porch-design-BBQ-food-trailer.jpg 720w, https:\/\/www.honlufoodtrailer.com\/wp-content\/uploads\/2022\/03\/Porch-design-BBQ-food-trailer-360x360.jpg 360w, https:\/\/www.honlufoodtrailer.com\/wp-content\/uploads\/2022\/03\/Porch-design-BBQ-food-trailer-300x300.jpg 300w, https:\/\/www.honlufoodtrailer.com\/wp-content\/uploads\/2022\/03\/Porch-design-BBQ-food-trailer-100x100.jpg 100w\" sizes=\"(max-width: 720px) 100vw, 720px\" \/><\/p>\n<p data-spm-anchor-id=\"a2700.wholesale.0.i28.29e52808agqc7f\">Virtuves iek\u0101rtojum\u0101 ietilpst g\u0101zes pl\u012bts, fritieri, grils utt. Virs virtuves iek\u0101rt\u0101m uzst\u0101d\u012bj\u0101m jaud\u012bgu tvaika nos\u016bc\u0113ju. Atkar\u012bb\u0101 no klientu vajadz\u012bb\u0101m v\u0113lamies ieg\u0101d\u0101ties ar\u012b cita veida iek\u0101rtas.<\/p>\n<p data-spm-anchor-id=\"a2700.wholesale.0.i28.29e52808agqc7f\"><img decoding=\"async\" class=\"size-full wp-image-4309 aligncenter\" src=\"https:\/\/www.honlufoodtrailer.com\/wp-content\/uploads\/2022\/03\/Kitchen-equipment-BBQ-food-trailer.jpg\" alt=\"Virtuves apr\u012bkojums - BBQ p\u0101rtikas piekabe\" width=\"699\" height=\"584\" srcset=\"https:\/\/www.honlufoodtrailer.com\/wp-content\/uploads\/2022\/03\/Kitchen-equipment-BBQ-food-trailer.jpg 699w, https:\/\/www.honlufoodtrailer.com\/wp-content\/uploads\/2022\/03\/Kitchen-equipment-BBQ-food-trailer-431x360.jpg 431w, https:\/\/www.honlufoodtrailer.com\/wp-content\/uploads\/2022\/03\/Kitchen-equipment-BBQ-food-trailer-300x251.jpg 300w\" sizes=\"(max-width: 699px) 100vw, 699px\" \/><\/p>\n<h3 class=\"magic-6\" data-spm-anchor-id=\"a2700.wholesale.0.i28.29e52808agqc7f\">Mobil\u0101s p\u0101rtikas piekabes galven\u0101s iez\u012bmes<\/h3>\n<div class=\"magic-7\">\n<div class=\"magic-8\">\n<div class=\"magic-9\" data-id=\"paragraph0\">\n<ol>\n<li>Modes izskats, kas ir pievilc\u012bgs;<\/li>\n<li>Ner\u016bs\u0113jo\u0161\u0101 t\u0113rauda materi\u0101ls, tas ir izcilas kvalit\u0101tes;<\/li>\n<li>Mobilaj\u0101 p\u0101rtikas rati\u0146os ir uzst\u0101d\u012bti moderni un moderni aksesu\u0101ri;<\/li>\n<li>\u0112rti un viegli p\u0101rvietojami;<\/li>\n<li>Pieejamas da\u017e\u0101das kr\u0101sas;<\/li>\n<li>M\u0113s ar prieku to p\u0101rveidosim atbilsto\u0161i j\u016bsu pras\u012bb\u0101m.<\/li>\n<\/ol>\n<h3>Bezmaksas 2D\/3D st\u0101va pl\u0101na ras\u0113jums<\/h3>\n<p><img loading=\"lazy\" decoding=\"async\" class=\"size-full wp-image-4310 aligncenter\" src=\"https:\/\/www.honlufoodtrailer.com\/wp-content\/uploads\/2022\/03\/Detail-image-BBQ-food-trailer.jpg\" alt=\"Detaliz\u0113ts att\u0113ls \u2014 BBQ p\u0101rtikas piekabe\" width=\"720\" height=\"720\" srcset=\"https:\/\/www.honlufoodtrailer.com\/wp-content\/uploads\/2022\/03\/Detail-image-BBQ-food-trailer.jpg 720w, https:\/\/www.honlufoodtrailer.com\/wp-content\/uploads\/2022\/03\/Detail-image-BBQ-food-trailer-360x360.jpg 360w, https:\/\/www.honlufoodtrailer.com\/wp-content\/uploads\/2022\/03\/Detail-image-BBQ-food-trailer-300x300.jpg 300w, https:\/\/www.honlufoodtrailer.com\/wp-content\/uploads\/2022\/03\/Detail-image-BBQ-food-trailer-100x100.jpg 100w\" sizes=\"(max-width: 720px) 100vw, 720px\" \/><\/p>\n<p>P\u0113c p\u0101rtikas piekabes un iek\u0161\u0113j\u0101 virtuves apr\u012bkojuma izm\u0113ru apstiprin\u0101\u0161anas m\u0113s varam jums bez maksas nodro\u0161in\u0101t 3D ras\u0113jumus. Tas sniegs jums skaidr\u0101ku priek\u0161statu par j\u016bsu dizainu un p\u0101rtikas rati\u0146iem. Apstiprinot virtuves apr\u012bkojuma atra\u0161an\u0101s vietu, m\u0113s var\u0113sim skaidri sazin\u0101ties ar jums, izmantojot st\u0101vu pl\u0101nu. M\u0113s varam ar\u012b nodro\u0161in\u0101t j\u016bs ar ori\u0123in\u0101lajiem dokumentiem, lai atvieglotu j\u016bsu dizainu un veiktu korekcijas.<\/p>\n<\/div>\n<\/div>\n<\/div>","protected":false},"excerpt":{"rendered":"<p>\u0160\u012b ir piel\u0101gota 5,5 m gara grila p\u0101rtikas piekabe ar lieveni. Visa virsb\u016bve ir sarkana, un lievenis automa\u0161\u012bnas virsb\u016bves aizmugur\u0113 ir atv\u0113rta dizaina. Automa\u0161\u012bnas virsb\u016bves priek\u0161pus\u0113 eso\u0161ajam servisa logam ir liels loga dizains, un aug\u0161pus\u0113 ir piel\u0101gota personaliz\u0113ta z\u012bme. Viss apr\u012bkojums virsb\u016bves iek\u0161pus\u0113 ir izgatavots no ner\u016bs\u0113jo\u0161\u0101 t\u0113rauda. M\u0113s piel\u0101gojam lielu skaitu virtuves iek\u0101rtu klientiem, tostarp g\u0101zes pl\u012btis, fritieri, grilu utt. \u0160is p\u0101rtikas piekabes modelis ir v\u0113lamais modelis grila p\u0101rtikas biznesa uzs\u0101k\u0161anai.<\/p>","protected":false},"featured_media":3399,"template":"","meta":{"_themeisle_gutenberg_block_has_review":false},"product_brand":[],"product_cat":[26],"product_tag":[33,41,38],"class_list":{"0":"post-3398","1":"product","2":"type-product","3":"status-publish","4":"has-post-thumbnail","6":"product_cat-product","7":"product_tag-customized-trailer","8":"product_tag-galvanized-trailer","9":"product_tag-mobile-food-trailer","11":"first","12":"instock","13":"shipping-taxable","14":"product-type-simple"},"yoast_head":"<!-- This site is optimized with the Yoast SEO plugin v27.6 - https:\/\/yoast.com\/product\/yoast-seo-wordpress\/ -->\n<title>BBQ food trailer with porch - Honlu food trailer<\/title>\n<meta name=\"description\" content=\"This customized 5.5M BBQ food trailer adopts the open porch design. All the equipment inside are made of stainless steel. This porch food trailer can do BBQ, pizza oven, outdoor barbecue, etc\" \/>\n<meta name=\"robots\" content=\"index, follow, max-snippet:-1, max-image-preview:large, max-video-preview:-1\" \/>\n<link rel=\"canonical\" href=\"https:\/\/www.honlufoodtrailer.com\/lv\/product\/bbq-food-trailer-with-porch\/\" \/>\n<meta property=\"og:locale\" content=\"lv_LV\" \/>\n<meta property=\"og:type\" content=\"article\" \/>\n<meta property=\"og:title\" content=\"BBQ food trailer with porch - Honlu food trailer\" \/>\n<meta property=\"og:description\" content=\"This customized 5.5M BBQ food trailer adopts the open porch design. All the equipment inside are made of stainless steel. This porch food trailer can do BBQ, pizza oven, outdoor barbecue, etc\" \/>\n<meta property=\"og:url\" content=\"https:\/\/www.honlufoodtrailer.com\/lv\/product\/bbq-food-trailer-with-porch\/\" \/>\n<meta property=\"og:site_name\" content=\"Honlu food trailer\" \/>\n<meta property=\"article:modified_time\" content=\"2024-10-28T10:20:50+00:00\" \/>\n<meta property=\"og:image\" content=\"https:\/\/www.honlufoodtrailer.com\/wp-content\/uploads\/2022\/03\/BBQ-food-trailer-with-porch-1.jpg\" \/>\n\t<meta property=\"og:image:width\" content=\"720\" \/>\n\t<meta property=\"og:image:height\" content=\"540\" \/>\n\t<meta property=\"og:image:type\" content=\"image\/jpeg\" \/>\n<meta name=\"twitter:card\" content=\"summary_large_image\" \/>\n<meta name=\"twitter:label1\" content=\"Est. reading time\" \/>\n\t<meta name=\"twitter:data1\" content=\"3 min\u016btes\" \/>\n<script type=\"application\/ld+json\" class=\"yoast-schema-graph\">{\"@context\":\"https:\\\/\\\/schema.org\",\"@graph\":[{\"@type\":\"WebPage\",\"@id\":\"https:\\\/\\\/www.honlufoodtrailer.com\\\/product\\\/bbq-food-trailer-with-porch\\\/\",\"url\":\"https:\\\/\\\/www.honlufoodtrailer.com\\\/product\\\/bbq-food-trailer-with-porch\\\/\",\"name\":\"BBQ food trailer with porch - Honlu food trailer\",\"isPartOf\":{\"@id\":\"https:\\\/\\\/www.honlufoodtrailer.com\\\/#website\"},\"primaryImageOfPage\":{\"@id\":\"https:\\\/\\\/www.honlufoodtrailer.com\\\/product\\\/bbq-food-trailer-with-porch\\\/#primaryimage\"},\"image\":{\"@id\":\"https:\\\/\\\/www.honlufoodtrailer.com\\\/product\\\/bbq-food-trailer-with-porch\\\/#primaryimage\"},\"thumbnailUrl\":\"https:\\\/\\\/www.honlufoodtrailer.com\\\/wp-content\\\/uploads\\\/2022\\\/03\\\/BBQ-food-trailer-with-porch-1.jpg\",\"datePublished\":\"2022-03-17T09:30:43+00:00\",\"dateModified\":\"2024-10-28T10:20:50+00:00\",\"description\":\"This customized 5.5M BBQ food trailer adopts the open porch design. All the equipment inside are made of stainless steel. This porch food trailer can do BBQ, pizza oven, outdoor barbecue, etc\",\"breadcrumb\":{\"@id\":\"https:\\\/\\\/www.honlufoodtrailer.com\\\/product\\\/bbq-food-trailer-with-porch\\\/#breadcrumb\"},\"inLanguage\":\"lv-LV\",\"potentialAction\":[{\"@type\":\"ReadAction\",\"target\":[\"https:\\\/\\\/www.honlufoodtrailer.com\\\/product\\\/bbq-food-trailer-with-porch\\\/\"]}]},{\"@type\":\"ImageObject\",\"inLanguage\":\"lv-LV\",\"@id\":\"https:\\\/\\\/www.honlufoodtrailer.com\\\/product\\\/bbq-food-trailer-with-porch\\\/#primaryimage\",\"url\":\"https:\\\/\\\/www.honlufoodtrailer.com\\\/wp-content\\\/uploads\\\/2022\\\/03\\\/BBQ-food-trailer-with-porch-1.jpg\",\"contentUrl\":\"https:\\\/\\\/www.honlufoodtrailer.com\\\/wp-content\\\/uploads\\\/2022\\\/03\\\/BBQ-food-trailer-with-porch-1.jpg\",\"width\":720,\"height\":540,\"caption\":\"BBQ food trailer with porch (1)\"},{\"@type\":\"BreadcrumbList\",\"@id\":\"https:\\\/\\\/www.honlufoodtrailer.com\\\/product\\\/bbq-food-trailer-with-porch\\\/#breadcrumb\",\"itemListElement\":[{\"@type\":\"ListItem\",\"position\":1,\"name\":\"Home\",\"item\":\"https:\\\/\\\/www.honlufoodtrailer.com\\\/\"},{\"@type\":\"ListItem\",\"position\":2,\"name\":\"\u4ea7\u54c1\",\"item\":\"https:\\\/\\\/www.honlufoodtrailer.com\\\/shop\\\/\"},{\"@type\":\"ListItem\",\"position\":3,\"name\":\"BBQ food trailer with porch\"}]},{\"@type\":\"WebSite\",\"@id\":\"https:\\\/\\\/www.honlufoodtrailer.com\\\/#website\",\"url\":\"https:\\\/\\\/www.honlufoodtrailer.com\\\/\",\"name\":\"Honlu food trailer\",\"description\":\"\",\"publisher\":{\"@id\":\"https:\\\/\\\/www.honlufoodtrailer.com\\\/#organization\"},\"potentialAction\":[{\"@type\":\"SearchAction\",\"target\":{\"@type\":\"EntryPoint\",\"urlTemplate\":\"https:\\\/\\\/www.honlufoodtrailer.com\\\/?s={search_term_string}\"},\"query-input\":{\"@type\":\"PropertyValueSpecification\",\"valueRequired\":true,\"valueName\":\"search_term_string\"}}],\"inLanguage\":\"lv-LV\"},{\"@type\":\"Organization\",\"@id\":\"https:\\\/\\\/www.honlufoodtrailer.com\\\/#organization\",\"name\":\"Honlu food trailer\",\"url\":\"https:\\\/\\\/www.honlufoodtrailer.com\\\/\",\"logo\":{\"@type\":\"ImageObject\",\"inLanguage\":\"lv-LV\",\"@id\":\"https:\\\/\\\/www.honlufoodtrailer.com\\\/#\\\/schema\\\/logo\\\/image\\\/\",\"url\":\"https:\\\/\\\/www.honlufoodtrailer.com\\\/wp-content\\\/uploads\\\/2021\\\/12\\\/2.gif\",\"contentUrl\":\"https:\\\/\\\/www.honlufoodtrailer.com\\\/wp-content\\\/uploads\\\/2021\\\/12\\\/2.gif\",\"width\":350,\"height\":100,\"caption\":\"Honlu food trailer\"},\"image\":{\"@id\":\"https:\\\/\\\/www.honlufoodtrailer.com\\\/#\\\/schema\\\/logo\\\/image\\\/\"}}]}<\/script>\n<!-- \/ Yoast SEO plugin. -->","yoast_head_json":{"title":"BBQ p\u0101rtikas piekabe ar verandu - Honlu p\u0101rtikas piekabe","description":"\u0160\u012b piel\u0101got\u0101 5,5 m gar\u0101 grila p\u0101rtikas piekabe ir veidota ar atv\u0113rtu verandu. Viss apr\u012bkojums iek\u0161pus\u0113 ir izgatavots no ner\u016bs\u0113jo\u0161\u0101 t\u0113rauda. \u0160o verandas p\u0101rtikas piekabi var izmantot gril\u0113\u0161anai, picas kr\u0101snij, \u0101ra gril\u0113\u0161anai utt.","robots":{"index":"index","follow":"follow","max-snippet":"max-snippet:-1","max-image-preview":"max-image-preview:large","max-video-preview":"max-video-preview:-1"},"canonical":"https:\/\/www.honlufoodtrailer.com\/lv\/product\/bbq-food-trailer-with-porch\/","og_locale":"lv_LV","og_type":"article","og_title":"BBQ food trailer with porch - Honlu food trailer","og_description":"This customized 5.5M BBQ food trailer adopts the open porch design. All the equipment inside are made of stainless steel. This porch food trailer can do BBQ, pizza oven, outdoor barbecue, etc","og_url":"https:\/\/www.honlufoodtrailer.com\/lv\/product\/bbq-food-trailer-with-porch\/","og_site_name":"Honlu food trailer","article_modified_time":"2024-10-28T10:20:50+00:00","og_image":[{"width":720,"height":540,"url":"https:\/\/www.honlufoodtrailer.com\/wp-content\/uploads\/2022\/03\/BBQ-food-trailer-with-porch-1.jpg","type":"image\/jpeg"}],"twitter_card":"summary_large_image","twitter_misc":{"Est. reading time":"3 min\u016btes"},"schema":{"@context":"https:\/\/schema.org","@graph":[{"@type":"WebPage","@id":"https:\/\/www.honlufoodtrailer.com\/product\/bbq-food-trailer-with-porch\/","url":"https:\/\/www.honlufoodtrailer.com\/product\/bbq-food-trailer-with-porch\/","name":"BBQ p\u0101rtikas piekabe ar verandu - Honlu p\u0101rtikas piekabe","isPartOf":{"@id":"https:\/\/www.honlufoodtrailer.com\/#website"},"primaryImageOfPage":{"@id":"https:\/\/www.honlufoodtrailer.com\/product\/bbq-food-trailer-with-porch\/#primaryimage"},"image":{"@id":"https:\/\/www.honlufoodtrailer.com\/product\/bbq-food-trailer-with-porch\/#primaryimage"},"thumbnailUrl":"https:\/\/www.honlufoodtrailer.com\/wp-content\/uploads\/2022\/03\/BBQ-food-trailer-with-porch-1.jpg","datePublished":"2022-03-17T09:30:43+00:00","dateModified":"2024-10-28T10:20:50+00:00","description":"\u0160\u012b piel\u0101got\u0101 5,5 m gar\u0101 grila p\u0101rtikas piekabe ir veidota ar atv\u0113rtu verandu. Viss apr\u012bkojums iek\u0161pus\u0113 ir izgatavots no ner\u016bs\u0113jo\u0161\u0101 t\u0113rauda. \u0160o verandas p\u0101rtikas piekabi var izmantot gril\u0113\u0161anai, picas kr\u0101snij, \u0101ra gril\u0113\u0161anai utt.","breadcrumb":{"@id":"https:\/\/www.honlufoodtrailer.com\/product\/bbq-food-trailer-with-porch\/#breadcrumb"},"inLanguage":"lv-LV","potentialAction":[{"@type":"ReadAction","target":["https:\/\/www.honlufoodtrailer.com\/product\/bbq-food-trailer-with-porch\/"]}]},{"@type":"ImageObject","inLanguage":"lv-LV","@id":"https:\/\/www.honlufoodtrailer.com\/product\/bbq-food-trailer-with-porch\/#primaryimage","url":"https:\/\/www.honlufoodtrailer.com\/wp-content\/uploads\/2022\/03\/BBQ-food-trailer-with-porch-1.jpg","contentUrl":"https:\/\/www.honlufoodtrailer.com\/wp-content\/uploads\/2022\/03\/BBQ-food-trailer-with-porch-1.jpg","width":720,"height":540,"caption":"BBQ food trailer with porch (1)"},{"@type":"BreadcrumbList","@id":"https:\/\/www.honlufoodtrailer.com\/product\/bbq-food-trailer-with-porch\/#breadcrumb","itemListElement":[{"@type":"ListItem","position":1,"name":"Home","item":"https:\/\/www.honlufoodtrailer.com\/"},{"@type":"ListItem","position":2,"name":"\u4ea7\u54c1","item":"https:\/\/www.honlufoodtrailer.com\/shop\/"},{"@type":"ListItem","position":3,"name":"BBQ food trailer with porch"}]},{"@type":"WebSite","@id":"https:\/\/www.honlufoodtrailer.com\/#website","url":"https:\/\/www.honlufoodtrailer.com\/","name":"Honlu p\u0101rtikas piekabe","description":"","publisher":{"@id":"https:\/\/www.honlufoodtrailer.com\/#organization"},"potentialAction":[{"@type":"SearchAction","target":{"@type":"EntryPoint","urlTemplate":"https:\/\/www.honlufoodtrailer.com\/?s={search_term_string}"},"query-input":{"@type":"PropertyValueSpecification","valueRequired":true,"valueName":"search_term_string"}}],"inLanguage":"lv-LV"},{"@type":"Organization","@id":"https:\/\/www.honlufoodtrailer.com\/#organization","name":"Honlu p\u0101rtikas piekabe","url":"https:\/\/www.honlufoodtrailer.com\/","logo":{"@type":"ImageObject","inLanguage":"lv-LV","@id":"https:\/\/www.honlufoodtrailer.com\/#\/schema\/logo\/image\/","url":"https:\/\/www.honlufoodtrailer.com\/wp-content\/uploads\/2021\/12\/2.gif","contentUrl":"https:\/\/www.honlufoodtrailer.com\/wp-content\/uploads\/2021\/12\/2.gif","width":350,"height":100,"caption":"Honlu food trailer"},"image":{"@id":"https:\/\/www.honlufoodtrailer.com\/#\/schema\/logo\/image\/"}}]}},"_links":{"self":[{"href":"https:\/\/www.honlufoodtrailer.com\/lv\/wp-json\/wp\/v2\/product\/3398","targetHints":{"allow":["GET"]}}],"collection":[{"href":"https:\/\/www.honlufoodtrailer.com\/lv\/wp-json\/wp\/v2\/product"}],"about":[{"href":"https:\/\/www.honlufoodtrailer.com\/lv\/wp-json\/wp\/v2\/types\/product"}],"version-history":[{"count":0,"href":"https:\/\/www.honlufoodtrailer.com\/lv\/wp-json\/wp\/v2\/product\/3398\/revisions"}],"wp:featuredmedia":[{"embeddable":true,"href":"https:\/\/www.honlufoodtrailer.com\/lv\/wp-json\/wp\/v2\/media\/3399"}],"wp:attachment":[{"href":"https:\/\/www.honlufoodtrailer.com\/lv\/wp-json\/wp\/v2\/media?parent=3398"}],"wp:term":[{"taxonomy":"product_brand","embeddable":true,"href":"https:\/\/www.honlufoodtrailer.com\/lv\/wp-json\/wp\/v2\/product_brand?post=3398"},{"taxonomy":"product_cat","embeddable":true,"href":"https:\/\/www.honlufoodtrailer.com\/lv\/wp-json\/wp\/v2\/product_cat?post=3398"},{"taxonomy":"product_tag","embeddable":true,"href":"https:\/\/www.honlufoodtrailer.com\/lv\/wp-json\/wp\/v2\/product_tag?post=3398"}],"curies":[{"name":"wp","href":"https:\/\/api.w.org\/{rel}","templated":true}]}}