{"id":3978,"date":"2022-03-29T09:01:53","date_gmt":"2022-03-29T01:01:53","guid":{"rendered":"https:\/\/www.honlufoodtrailer.com\/?post_type=product&#038;p=3978"},"modified":"2024-06-27T17:49:27","modified_gmt":"2024-06-27T09:49:27","slug":"5m-square-food-trailer-with-wood-grain-sticker","status":"publish","type":"product","link":"https:\/\/www.honlufoodtrailer.com\/lv\/product\/5m-square-food-trailer-with-wood-grain-sticker\/","title":{"rendered":"5M kvadr\u0101tveida p\u0101rtikas piekabe ar koka graudu uzl\u012bmi"},"content":{"rendered":"<p>Vai mekl\u0113jat kvadr\u0101tveida p\u0101rtikas piekabi ar koka graudu uzl\u012bmi? Skatiet \u0161o \u0161eit! \u0160\u012b ir piel\u0101gota shawarma p\u0101rtikas piekabe, ko esam izgatavoju\u0161i vienam no m\u016bsu klientiem no Amerikas Savienotaj\u0101m Valst\u012bm. M\u016bsu klients to galvenok\u0101rt izmanto, lai p\u0101rdotu shawarma un citus ceptus \u0113dienus. Tagad apskat\u012bsim da\u017eus t\u0101 att\u0113lus!<\/p>\n<p><img fetchpriority=\"high\" decoding=\"async\" class=\"size-full wp-image-3979 aligncenter\" src=\"https:\/\/www.honlufoodtrailer.com\/wp-content\/uploads\/2022\/03\/5M-square-food-trailer-with-wood-grain-sticker-1.jpg\" alt=\"5M kvadr\u0101tveida p\u0101rtikas piekabe ar koka tekst\u016bras uzl\u012bmi (1)\" width=\"720\" height=\"540\" srcset=\"https:\/\/www.honlufoodtrailer.com\/wp-content\/uploads\/2022\/03\/5M-square-food-trailer-with-wood-grain-sticker-1.jpg 720w, https:\/\/www.honlufoodtrailer.com\/wp-content\/uploads\/2022\/03\/5M-square-food-trailer-with-wood-grain-sticker-1-480x360.jpg 480w, https:\/\/www.honlufoodtrailer.com\/wp-content\/uploads\/2022\/03\/5M-square-food-trailer-with-wood-grain-sticker-1-300x225.jpg 300w\" sizes=\"(max-width: 720px) 100vw, 720px\" \/><\/p>\n<h3>\u0160\u012b 5\u00a0M kvadr\u0101tveida p\u0101rtikas piekabes iek\u0161\u0113j\u0101 inform\u0101cija<\/h3>\n<p>K\u0101 redzams zem\u0101k eso\u0161aj\u0101 att\u0113l\u0101, m\u0113s esam piel\u0101goju\u0161i p\u0101rtikas piekabi ar virtuves apr\u012bkojumu, piem\u0113ram, g\u0101zes pl\u012btis, fritieris, shawarma ma\u0161\u012bna, b\u0101rbekj\u016b, grili un siltuma saglab\u0101\u0161anas pl\u012btis, \u010detras izlietnes, p\u0101rtikas displejs un darba galds utt. Darba virsma p\u0101rtikas piekabes priek\u0161pus\u0113 un piel\u0101got\u0101s \u010detras izlietnes ir izgatavotas no p\u0101rtikas kvalit\u0101tes ner\u016bs\u0113jo\u0161\u0101 t\u0113rauda.<\/p>\n<figure id=\"attachment_3988\" aria-describedby=\"caption-attachment-3988\" style=\"width: 900px\" class=\"wp-caption aligncenter\"><img decoding=\"async\" class=\"size-full wp-image-3988\" src=\"https:\/\/www.honlufoodtrailer.com\/wp-content\/uploads\/2022\/03\/Inner-structure.jpg\" alt=\"Iek\u0161\u0113j\u0101 strukt\u016bra\" width=\"900\" height=\"844\" srcset=\"https:\/\/www.honlufoodtrailer.com\/wp-content\/uploads\/2022\/03\/Inner-structure.jpg 900w, https:\/\/www.honlufoodtrailer.com\/wp-content\/uploads\/2022\/03\/Inner-structure-768x720.jpg 768w, https:\/\/www.honlufoodtrailer.com\/wp-content\/uploads\/2022\/03\/Inner-structure-384x360.jpg 384w, https:\/\/www.honlufoodtrailer.com\/wp-content\/uploads\/2022\/03\/Inner-structure-300x281.jpg 300w, https:\/\/www.honlufoodtrailer.com\/wp-content\/uploads\/2022\/03\/Inner-structure-720x675.jpg 720w\" sizes=\"(max-width: 900px) 100vw, 900px\" \/><figcaption id=\"caption-attachment-3988\" class=\"wp-caption-text\">Iek\u0161\u0113j\u0101 strukt\u016bra<\/figcaption><\/figure>\n<p>Atbilsto\u0161i klienta viet\u0113j\u0101m pras\u012bb\u0101m m\u0113s piel\u0101gojam \u010detru izliet\u0146u un g\u0101zes sist\u0113mu atbilsto\u0161i viet\u0113jiem noteikumiem. Virtuves iek\u0101rtas iek\u0161pus\u0113 ietver g\u0101zes pl\u012bti, b\u0101rbekj\u016b, grilu, siltuma saglab\u0101\u0161anas pl\u012bti un t\u0101 t\u0101l\u0101k. M\u0113s v\u0113lamies ieg\u0101d\u0101ties cita veida apr\u012bkojumu, pamatojoties uz klientu vajadz\u012bb\u0101m.<\/p>\n<figure id=\"attachment_3989\" aria-describedby=\"caption-attachment-3989\" style=\"width: 1000px\" class=\"wp-caption aligncenter\"><img decoding=\"async\" class=\"size-full wp-image-3989\" src=\"https:\/\/www.honlufoodtrailer.com\/wp-content\/uploads\/2022\/03\/Customized-equipment.jpg\" alt=\"Piel\u0101gots apr\u012bkojums\" width=\"1000\" height=\"800\" srcset=\"https:\/\/www.honlufoodtrailer.com\/wp-content\/uploads\/2022\/03\/Customized-equipment.jpg 1000w, https:\/\/www.honlufoodtrailer.com\/wp-content\/uploads\/2022\/03\/Customized-equipment-768x614.jpg 768w, https:\/\/www.honlufoodtrailer.com\/wp-content\/uploads\/2022\/03\/Customized-equipment-450x360.jpg 450w, https:\/\/www.honlufoodtrailer.com\/wp-content\/uploads\/2022\/03\/Customized-equipment-300x240.jpg 300w, https:\/\/www.honlufoodtrailer.com\/wp-content\/uploads\/2022\/03\/Customized-equipment-720x576.jpg 720w\" sizes=\"(max-width: 1000px) 100vw, 1000px\" \/><figcaption id=\"caption-attachment-3989\" class=\"wp-caption-text\">Piel\u0101gots apr\u012bkojums<\/figcaption><\/figure>\n<p data-spm-anchor-id=\"a2700.wholesale.0.i28.29e52808agqc7f\">P\u0101rtikas piekabes var saukt ar\u012b par p\u0101rtikas rati\u0146iem, p\u0101rtikas furgoniem, p\u0101rtikas kravas automa\u0161\u012bn\u0101m utt. T\u0101s var izmantot \u0101tr\u0101s \u0113din\u0101\u0161anas, uzkodu, av\u012b\u017eu, gr\u0101matu utt. p\u0101rdo\u0161anai. T\u0101s sast\u0101v no \u0161asijas, virsb\u016bves, gr\u012bdas seguma, darba galda, \u016bdens sist\u0113mas, elektrisk\u0101s sist\u0113mas. Lietot\u0101ji var izv\u0113l\u0113ties ar\u012b v\u0113lamo kr\u0101su. Ja klienti v\u0113las, m\u0113s labpr\u0101t ieg\u0101d\u0101tos cita veida apr\u012bkojumu.<\/p>\n<p>Tas ir v\u0113lamais modelis \u0101tr\u0101s \u0113din\u0101\u0161anas uz\u0146\u0113mumu uzs\u0101k\u0161anai, lielapjoma iepirkumu pas\u016bt\u012bjumiem iepirk\u0161an\u0101s centros, vienotai ielu \u0101tr\u0101s \u0113din\u0101\u0161anas p\u0101rvald\u012bbai un \u0123imenes piknikiem. To var izmantot ar\u012b c\u012bsi\u0146u p\u0101rdo\u0161anai, mazumtirdzniec\u012bbas oper\u0101cij\u0101m, ziedu oper\u0101cij\u0101m, sviestmaiz\u0113m, kafijai, sald\u0113jumam utt. Mums ir CE sertifik\u0101ts, lai pal\u012bdz\u0113tu jums uzs\u0101kt mobilo biznesu.<\/p>\n<figure id=\"attachment_3987\" aria-describedby=\"caption-attachment-3987\" style=\"width: 1800px\" class=\"wp-caption alignnone\"><img loading=\"lazy\" decoding=\"async\" class=\"size-full wp-image-3987\" src=\"https:\/\/www.honlufoodtrailer.com\/wp-content\/uploads\/2022\/03\/Inner-structure-5M-square-food-trailer-with-wood-grain-sticker.jpg\" alt=\"Iek\u0161\u0113j\u0101 strukt\u016bra 5M kvadr\u0101tveida p\u0101rtikas piekabe ar koka graudu uzl\u012bmi\" width=\"1800\" height=\"900\" srcset=\"https:\/\/www.honlufoodtrailer.com\/wp-content\/uploads\/2022\/03\/Inner-structure-5M-square-food-trailer-with-wood-grain-sticker.jpg 1800w, https:\/\/www.honlufoodtrailer.com\/wp-content\/uploads\/2022\/03\/Inner-structure-5M-square-food-trailer-with-wood-grain-sticker-768x384.jpg 768w, https:\/\/www.honlufoodtrailer.com\/wp-content\/uploads\/2022\/03\/Inner-structure-5M-square-food-trailer-with-wood-grain-sticker-1536x768.jpg 1536w, https:\/\/www.honlufoodtrailer.com\/wp-content\/uploads\/2022\/03\/Inner-structure-5M-square-food-trailer-with-wood-grain-sticker-480x240.jpg 480w, https:\/\/www.honlufoodtrailer.com\/wp-content\/uploads\/2022\/03\/Inner-structure-5M-square-food-trailer-with-wood-grain-sticker-300x150.jpg 300w, https:\/\/www.honlufoodtrailer.com\/wp-content\/uploads\/2022\/03\/Inner-structure-5M-square-food-trailer-with-wood-grain-sticker-720x360.jpg 720w\" sizes=\"(max-width: 1800px) 100vw, 1800px\" \/><figcaption id=\"caption-attachment-3987\" class=\"wp-caption-text\">Iek\u0161\u0113j\u0101 strukt\u016bra 5M kvadr\u0101tveida p\u0101rtikas piekabe ar koka graudu uzl\u012bmi<\/figcaption><\/figure>\n<h3 class=\"magic-6\" data-spm-anchor-id=\"a2700.wholesale.0.i28.29e52808agqc7f\">Kvadr\u0101tveida p\u0101rtikas piekabes galven\u0101s iez\u012bmes<\/h3>\n<div class=\"magic-7\">\n<div class=\"magic-8\">\n<div class=\"magic-9\" data-id=\"paragraph0\">\n<ol>\n<li>Modes izskatu var piel\u0101got;<\/li>\n<li>Ner\u016bs\u0113jo\u0161\u0101 t\u0113rauda piekabes virsb\u016bve un iek\u0161\u0113j\u0101 konstrukcija, laba karstumiztur\u012bba, nodilumiztur\u012bba, iztur\u012bba pret koroziju;<\/li>\n<li>Mobilaj\u0101 p\u0101rtikas piekab\u0113 ir apr\u012bkots moderns un uzlabots apr\u012bkojums;<\/li>\n<li>Tas ir triecieniztur\u012bgs un gr\u016bti korozijai iztur\u012bgs, ar augstu karstumiztur\u012bbu un iztur\u012bbu, augstu kr\u0101su notur\u012bbu, bez deform\u0101cijas, \u016bdensiztur\u012bgs un ar ilgu kalpo\u0161anas laiku;<\/li>\n<li>M\u0113s ar prieku to p\u0101rveidosim atbilsto\u0161i j\u016bsu pras\u012bb\u0101m.<\/li>\n<\/ol>\n<h3>Bezmaksas 2D\/3D st\u0101va pl\u0101na ras\u0113jums<\/h3>\n<p>P\u0113c p\u0101rtikas piekabes un iek\u0161\u0113j\u0101 virtuves apr\u012bkojuma izm\u0113ru apstiprin\u0101\u0161anas m\u0113s varam jums bez maksas nodro\u0161in\u0101t 3D ras\u0113jumus. Tas sniegs jums skaidr\u0101ku priek\u0161statu par j\u016bsu dizainu un p\u0101rtikas rati\u0146iem. Apstiprinot virtuves apr\u012bkojuma atra\u0161an\u0101s vietu, m\u0113s var\u0113sim skaidri sazin\u0101ties ar jums, izmantojot st\u0101vu pl\u0101nu. M\u0113s varam ar\u012b nodro\u0161in\u0101t j\u016bs ar ori\u0123in\u0101lajiem dokumentiem, lai atvieglotu j\u016bsu dizainu un veiktu korekcijas.<\/p>\n<\/div>\n<\/div>\n<\/div>","protected":false},"excerpt":{"rendered":"<p data-spm-anchor-id=\"a2700.wholesale.0.i28.29e52808agqc7f\">\u0160\u012b ir viena no m\u016bsu piel\u0101gotaj\u0101m 5\u00a0M kvadr\u0101tveida p\u0101rtikas piekab\u0113m. Visa piekabe ir p\u0101rkl\u0101ta ar koka graudu uzl\u012bm\u0113m, un aug\u0161pus\u0113 ir piel\u0101gots rekl\u0101mas stends. Atbilsto\u0161i klientu vajadz\u012bb\u0101m esam piel\u0101goju\u0161i virtuves apr\u012bkojumu, piem\u0113ram, g\u0101zes pl\u012btis, b\u0101rbekj\u016b, grilus un siltuma saglab\u0101\u0161anas pl\u012btis. Visa piekabe ir kompakta un viegli lietojama. Tas ir v\u0113lamais modelis mobil\u0101 p\u0101rtikas biznesa uzs\u0101k\u0161anai.<\/p>","protected":false},"featured_media":3979,"template":"","meta":{"_themeisle_gutenberg_block_has_review":false},"product_brand":[],"product_cat":[26],"product_tag":[53,33,41,38,52],"class_list":{"0":"post-3978","1":"product","2":"type-product","3":"status-publish","4":"has-post-thumbnail","6":"product_cat-product","7":"product_tag-customized-sinks","8":"product_tag-customized-trailer","9":"product_tag-galvanized-trailer","10":"product_tag-mobile-food-trailer","11":"product_tag-personalized-billboard","13":"first","14":"instock","15":"shipping-taxable","16":"product-type-simple"},"yoast_head":"<!-- This site is optimized with the Yoast SEO plugin v27.6 - https:\/\/yoast.com\/product\/yoast-seo-wordpress\/ -->\n<title>5M Square Food Trailer With Wood Grain Sticker - Honlu Trailer<\/title>\n<meta name=\"description\" content=\"This is one of our customized 5M square food trailers. The whole trailer is covered with wood-grain stickers, and a billboard is customized on the top. According to customer needs, we have customized kitchen equipment such as gas stoves, barbecues, grills, and heat preservation stoves. The whole trailer is compact and easy to use. It is the preferred model for starting the mobile food business.\" \/>\n<meta name=\"robots\" content=\"index, follow, max-snippet:-1, max-image-preview:large, max-video-preview:-1\" \/>\n<link rel=\"canonical\" href=\"https:\/\/www.honlufoodtrailer.com\/lv\/product\/5m-square-food-trailer-with-wood-grain-sticker\/\" \/>\n<meta property=\"og:locale\" content=\"lv_LV\" \/>\n<meta property=\"og:type\" content=\"article\" \/>\n<meta property=\"og:title\" content=\"5M Square Food Trailer With Wood Grain Sticker - Honlu Trailer\" \/>\n<meta property=\"og:description\" content=\"This is one of our customized 5M square food trailers. The whole trailer is covered with wood-grain stickers, and a billboard is customized on the top. According to customer needs, we have customized kitchen equipment such as gas stoves, barbecues, grills, and heat preservation stoves. The whole trailer is compact and easy to use. It is the preferred model for starting the mobile food business.\" \/>\n<meta property=\"og:url\" content=\"https:\/\/www.honlufoodtrailer.com\/lv\/product\/5m-square-food-trailer-with-wood-grain-sticker\/\" \/>\n<meta property=\"og:site_name\" content=\"Honlu food trailer\" \/>\n<meta property=\"article:modified_time\" content=\"2024-06-27T09:49:27+00:00\" \/>\n<meta property=\"og:image\" content=\"https:\/\/www.honlufoodtrailer.com\/wp-content\/uploads\/2022\/03\/5M-square-food-trailer-with-wood-grain-sticker-1.jpg\" \/>\n\t<meta property=\"og:image:width\" content=\"720\" \/>\n\t<meta property=\"og:image:height\" content=\"540\" \/>\n\t<meta property=\"og:image:type\" content=\"image\/jpeg\" \/>\n<meta name=\"twitter:card\" content=\"summary_large_image\" \/>\n<meta name=\"twitter:label1\" content=\"Est. reading time\" \/>\n\t<meta name=\"twitter:data1\" content=\"3 min\u016btes\" \/>\n<script type=\"application\/ld+json\" class=\"yoast-schema-graph\">{\"@context\":\"https:\\\/\\\/schema.org\",\"@graph\":[{\"@type\":\"WebPage\",\"@id\":\"https:\\\/\\\/www.honlufoodtrailer.com\\\/product\\\/5m-square-food-trailer-with-wood-grain-sticker\\\/\",\"url\":\"https:\\\/\\\/www.honlufoodtrailer.com\\\/product\\\/5m-square-food-trailer-with-wood-grain-sticker\\\/\",\"name\":\"5M Square Food Trailer With Wood Grain Sticker - Honlu Trailer\",\"isPartOf\":{\"@id\":\"https:\\\/\\\/www.honlufoodtrailer.com\\\/#website\"},\"primaryImageOfPage\":{\"@id\":\"https:\\\/\\\/www.honlufoodtrailer.com\\\/product\\\/5m-square-food-trailer-with-wood-grain-sticker\\\/#primaryimage\"},\"image\":{\"@id\":\"https:\\\/\\\/www.honlufoodtrailer.com\\\/product\\\/5m-square-food-trailer-with-wood-grain-sticker\\\/#primaryimage\"},\"thumbnailUrl\":\"https:\\\/\\\/www.honlufoodtrailer.com\\\/wp-content\\\/uploads\\\/2022\\\/03\\\/5M-square-food-trailer-with-wood-grain-sticker-1.jpg\",\"datePublished\":\"2022-03-29T01:01:53+00:00\",\"dateModified\":\"2024-06-27T09:49:27+00:00\",\"description\":\"This is one of our customized 5M square food trailers. The whole trailer is covered with wood-grain stickers, and a billboard is customized on the top. According to customer needs, we have customized kitchen equipment such as gas stoves, barbecues, grills, and heat preservation stoves. The whole trailer is compact and easy to use. It is the preferred model for starting the mobile food business.\",\"breadcrumb\":{\"@id\":\"https:\\\/\\\/www.honlufoodtrailer.com\\\/product\\\/5m-square-food-trailer-with-wood-grain-sticker\\\/#breadcrumb\"},\"inLanguage\":\"lv-LV\",\"potentialAction\":[{\"@type\":\"ReadAction\",\"target\":[\"https:\\\/\\\/www.honlufoodtrailer.com\\\/product\\\/5m-square-food-trailer-with-wood-grain-sticker\\\/\"]}]},{\"@type\":\"ImageObject\",\"inLanguage\":\"lv-LV\",\"@id\":\"https:\\\/\\\/www.honlufoodtrailer.com\\\/product\\\/5m-square-food-trailer-with-wood-grain-sticker\\\/#primaryimage\",\"url\":\"https:\\\/\\\/www.honlufoodtrailer.com\\\/wp-content\\\/uploads\\\/2022\\\/03\\\/5M-square-food-trailer-with-wood-grain-sticker-1.jpg\",\"contentUrl\":\"https:\\\/\\\/www.honlufoodtrailer.com\\\/wp-content\\\/uploads\\\/2022\\\/03\\\/5M-square-food-trailer-with-wood-grain-sticker-1.jpg\",\"width\":720,\"height\":540,\"caption\":\"5M square food trailer with wood grain sticker (1)\"},{\"@type\":\"BreadcrumbList\",\"@id\":\"https:\\\/\\\/www.honlufoodtrailer.com\\\/product\\\/5m-square-food-trailer-with-wood-grain-sticker\\\/#breadcrumb\",\"itemListElement\":[{\"@type\":\"ListItem\",\"position\":1,\"name\":\"Home\",\"item\":\"https:\\\/\\\/www.honlufoodtrailer.com\\\/\"},{\"@type\":\"ListItem\",\"position\":2,\"name\":\"\u4ea7\u54c1\",\"item\":\"https:\\\/\\\/www.honlufoodtrailer.com\\\/shop\\\/\"},{\"@type\":\"ListItem\",\"position\":3,\"name\":\"5M Square Food Trailer With Wood Grain Sticker\"}]},{\"@type\":\"WebSite\",\"@id\":\"https:\\\/\\\/www.honlufoodtrailer.com\\\/#website\",\"url\":\"https:\\\/\\\/www.honlufoodtrailer.com\\\/\",\"name\":\"Honlu food trailer\",\"description\":\"\",\"publisher\":{\"@id\":\"https:\\\/\\\/www.honlufoodtrailer.com\\\/#organization\"},\"potentialAction\":[{\"@type\":\"SearchAction\",\"target\":{\"@type\":\"EntryPoint\",\"urlTemplate\":\"https:\\\/\\\/www.honlufoodtrailer.com\\\/?s={search_term_string}\"},\"query-input\":{\"@type\":\"PropertyValueSpecification\",\"valueRequired\":true,\"valueName\":\"search_term_string\"}}],\"inLanguage\":\"lv-LV\"},{\"@type\":\"Organization\",\"@id\":\"https:\\\/\\\/www.honlufoodtrailer.com\\\/#organization\",\"name\":\"Honlu food trailer\",\"url\":\"https:\\\/\\\/www.honlufoodtrailer.com\\\/\",\"logo\":{\"@type\":\"ImageObject\",\"inLanguage\":\"lv-LV\",\"@id\":\"https:\\\/\\\/www.honlufoodtrailer.com\\\/#\\\/schema\\\/logo\\\/image\\\/\",\"url\":\"https:\\\/\\\/www.honlufoodtrailer.com\\\/wp-content\\\/uploads\\\/2021\\\/12\\\/2.gif\",\"contentUrl\":\"https:\\\/\\\/www.honlufoodtrailer.com\\\/wp-content\\\/uploads\\\/2021\\\/12\\\/2.gif\",\"width\":350,\"height\":100,\"caption\":\"Honlu food trailer\"},\"image\":{\"@id\":\"https:\\\/\\\/www.honlufoodtrailer.com\\\/#\\\/schema\\\/logo\\\/image\\\/\"}}]}<\/script>\n<!-- \/ Yoast SEO plugin. -->","yoast_head_json":{"title":"5\u00a0M kvadr\u0101tveida p\u0101rtikas piekabe ar koka graudu uzl\u012bmi \u2014 Honlu piekabe","description":"\u0160\u012b ir viena no m\u016bsu piel\u0101gotaj\u0101m 5\u00a0M kvadr\u0101tveida p\u0101rtikas piekab\u0113m. Visa piekabe ir p\u0101rkl\u0101ta ar koka graudu uzl\u012bm\u0113m, un aug\u0161pus\u0113 ir piel\u0101gots rekl\u0101mas stends. Atbilsto\u0161i klientu vajadz\u012bb\u0101m esam piel\u0101goju\u0161i virtuves apr\u012bkojumu, piem\u0113ram, g\u0101zes pl\u012btis, b\u0101rbekj\u016b, grilus un siltuma saglab\u0101\u0161anas pl\u012btis. Visa piekabe ir kompakta un viegli lietojama. Tas ir v\u0113lamais modelis mobil\u0101 p\u0101rtikas biznesa uzs\u0101k\u0161anai.","robots":{"index":"index","follow":"follow","max-snippet":"max-snippet:-1","max-image-preview":"max-image-preview:large","max-video-preview":"max-video-preview:-1"},"canonical":"https:\/\/www.honlufoodtrailer.com\/lv\/product\/5m-square-food-trailer-with-wood-grain-sticker\/","og_locale":"lv_LV","og_type":"article","og_title":"5M Square Food Trailer With Wood Grain Sticker - Honlu Trailer","og_description":"This is one of our customized 5M square food trailers. The whole trailer is covered with wood-grain stickers, and a billboard is customized on the top. According to customer needs, we have customized kitchen equipment such as gas stoves, barbecues, grills, and heat preservation stoves. The whole trailer is compact and easy to use. It is the preferred model for starting the mobile food business.","og_url":"https:\/\/www.honlufoodtrailer.com\/lv\/product\/5m-square-food-trailer-with-wood-grain-sticker\/","og_site_name":"Honlu food trailer","article_modified_time":"2024-06-27T09:49:27+00:00","og_image":[{"width":720,"height":540,"url":"https:\/\/www.honlufoodtrailer.com\/wp-content\/uploads\/2022\/03\/5M-square-food-trailer-with-wood-grain-sticker-1.jpg","type":"image\/jpeg"}],"twitter_card":"summary_large_image","twitter_misc":{"Est. reading time":"3 min\u016btes"},"schema":{"@context":"https:\/\/schema.org","@graph":[{"@type":"WebPage","@id":"https:\/\/www.honlufoodtrailer.com\/product\/5m-square-food-trailer-with-wood-grain-sticker\/","url":"https:\/\/www.honlufoodtrailer.com\/product\/5m-square-food-trailer-with-wood-grain-sticker\/","name":"5\u00a0M kvadr\u0101tveida p\u0101rtikas piekabe ar koka graudu uzl\u012bmi \u2014 Honlu piekabe","isPartOf":{"@id":"https:\/\/www.honlufoodtrailer.com\/#website"},"primaryImageOfPage":{"@id":"https:\/\/www.honlufoodtrailer.com\/product\/5m-square-food-trailer-with-wood-grain-sticker\/#primaryimage"},"image":{"@id":"https:\/\/www.honlufoodtrailer.com\/product\/5m-square-food-trailer-with-wood-grain-sticker\/#primaryimage"},"thumbnailUrl":"https:\/\/www.honlufoodtrailer.com\/wp-content\/uploads\/2022\/03\/5M-square-food-trailer-with-wood-grain-sticker-1.jpg","datePublished":"2022-03-29T01:01:53+00:00","dateModified":"2024-06-27T09:49:27+00:00","description":"\u0160\u012b ir viena no m\u016bsu piel\u0101gotaj\u0101m 5\u00a0M kvadr\u0101tveida p\u0101rtikas piekab\u0113m. Visa piekabe ir p\u0101rkl\u0101ta ar koka graudu uzl\u012bm\u0113m, un aug\u0161pus\u0113 ir piel\u0101gots rekl\u0101mas stends. Atbilsto\u0161i klientu vajadz\u012bb\u0101m esam piel\u0101goju\u0161i virtuves apr\u012bkojumu, piem\u0113ram, g\u0101zes pl\u012btis, b\u0101rbekj\u016b, grilus un siltuma saglab\u0101\u0161anas pl\u012btis. Visa piekabe ir kompakta un viegli lietojama. Tas ir v\u0113lamais modelis mobil\u0101 p\u0101rtikas biznesa uzs\u0101k\u0161anai.","breadcrumb":{"@id":"https:\/\/www.honlufoodtrailer.com\/product\/5m-square-food-trailer-with-wood-grain-sticker\/#breadcrumb"},"inLanguage":"lv-LV","potentialAction":[{"@type":"ReadAction","target":["https:\/\/www.honlufoodtrailer.com\/product\/5m-square-food-trailer-with-wood-grain-sticker\/"]}]},{"@type":"ImageObject","inLanguage":"lv-LV","@id":"https:\/\/www.honlufoodtrailer.com\/product\/5m-square-food-trailer-with-wood-grain-sticker\/#primaryimage","url":"https:\/\/www.honlufoodtrailer.com\/wp-content\/uploads\/2022\/03\/5M-square-food-trailer-with-wood-grain-sticker-1.jpg","contentUrl":"https:\/\/www.honlufoodtrailer.com\/wp-content\/uploads\/2022\/03\/5M-square-food-trailer-with-wood-grain-sticker-1.jpg","width":720,"height":540,"caption":"5M square food trailer with wood grain sticker (1)"},{"@type":"BreadcrumbList","@id":"https:\/\/www.honlufoodtrailer.com\/product\/5m-square-food-trailer-with-wood-grain-sticker\/#breadcrumb","itemListElement":[{"@type":"ListItem","position":1,"name":"Home","item":"https:\/\/www.honlufoodtrailer.com\/"},{"@type":"ListItem","position":2,"name":"\u4ea7\u54c1","item":"https:\/\/www.honlufoodtrailer.com\/shop\/"},{"@type":"ListItem","position":3,"name":"5M Square Food Trailer With Wood Grain Sticker"}]},{"@type":"WebSite","@id":"https:\/\/www.honlufoodtrailer.com\/#website","url":"https:\/\/www.honlufoodtrailer.com\/","name":"Honlu p\u0101rtikas piekabe","description":"","publisher":{"@id":"https:\/\/www.honlufoodtrailer.com\/#organization"},"potentialAction":[{"@type":"SearchAction","target":{"@type":"EntryPoint","urlTemplate":"https:\/\/www.honlufoodtrailer.com\/?s={search_term_string}"},"query-input":{"@type":"PropertyValueSpecification","valueRequired":true,"valueName":"search_term_string"}}],"inLanguage":"lv-LV"},{"@type":"Organization","@id":"https:\/\/www.honlufoodtrailer.com\/#organization","name":"Honlu p\u0101rtikas piekabe","url":"https:\/\/www.honlufoodtrailer.com\/","logo":{"@type":"ImageObject","inLanguage":"lv-LV","@id":"https:\/\/www.honlufoodtrailer.com\/#\/schema\/logo\/image\/","url":"https:\/\/www.honlufoodtrailer.com\/wp-content\/uploads\/2021\/12\/2.gif","contentUrl":"https:\/\/www.honlufoodtrailer.com\/wp-content\/uploads\/2021\/12\/2.gif","width":350,"height":100,"caption":"Honlu food trailer"},"image":{"@id":"https:\/\/www.honlufoodtrailer.com\/#\/schema\/logo\/image\/"}}]}},"_links":{"self":[{"href":"https:\/\/www.honlufoodtrailer.com\/lv\/wp-json\/wp\/v2\/product\/3978","targetHints":{"allow":["GET"]}}],"collection":[{"href":"https:\/\/www.honlufoodtrailer.com\/lv\/wp-json\/wp\/v2\/product"}],"about":[{"href":"https:\/\/www.honlufoodtrailer.com\/lv\/wp-json\/wp\/v2\/types\/product"}],"version-history":[{"count":0,"href":"https:\/\/www.honlufoodtrailer.com\/lv\/wp-json\/wp\/v2\/product\/3978\/revisions"}],"wp:featuredmedia":[{"embeddable":true,"href":"https:\/\/www.honlufoodtrailer.com\/lv\/wp-json\/wp\/v2\/media\/3979"}],"wp:attachment":[{"href":"https:\/\/www.honlufoodtrailer.com\/lv\/wp-json\/wp\/v2\/media?parent=3978"}],"wp:term":[{"taxonomy":"product_brand","embeddable":true,"href":"https:\/\/www.honlufoodtrailer.com\/lv\/wp-json\/wp\/v2\/product_brand?post=3978"},{"taxonomy":"product_cat","embeddable":true,"href":"https:\/\/www.honlufoodtrailer.com\/lv\/wp-json\/wp\/v2\/product_cat?post=3978"},{"taxonomy":"product_tag","embeddable":true,"href":"https:\/\/www.honlufoodtrailer.com\/lv\/wp-json\/wp\/v2\/product_tag?post=3978"}],"curies":[{"name":"wp","href":"https:\/\/api.w.org\/{rel}","templated":true}]}}