{"id":4943,"date":"2022-08-12T11:47:41","date_gmt":"2022-08-12T03:47:41","guid":{"rendered":"https:\/\/www.honlufoodtrailer.com\/?post_type=product&#038;p=4943"},"modified":"2024-10-28T17:35:22","modified_gmt":"2024-10-28T09:35:22","slug":"16-4ft-custom-black-square-food-trailer","status":"publish","type":"product","link":"https:\/\/www.honlufoodtrailer.com\/lv\/product\/16-4ft-custom-black-square-food-trailer\/","title":{"rendered":"16,4 p\u0113du piel\u0101gota melna kvadr\u0101tveida p\u0101rtikas piekabe"},"content":{"rendered":"<p>\u0160is ir p\u0113c pas\u016bt\u012bjuma izgatavots p\u0101rtikas furgons no klienta Austr\u0101lij\u0101. \u0160\u012b p\u0113c pas\u016bt\u012bjuma izgatavot\u0101 p\u0101rtikas furgona jumta ventil\u0101cijas atvere atbilst Austr\u0101lijas komercnoteikumiem. M\u0113s projekt\u0113sim p\u0101rtikas furgonu atbilsto\u0161i j\u016bsu un j\u016bsu valsts pras\u012bb\u0101m. Tagad apskat\u012bsim da\u017eus \u0161\u012bs 16,4 p\u0113du p\u0101rtikas piekabes att\u0113lus.<br \/>\n<img fetchpriority=\"high\" decoding=\"async\" class=\"aligncenter wp-image-7747\" src=\"https:\/\/www.honlufoodtrailer.com\/wp-content\/uploads\/2022\/08\/16.4ft-Custom-Black-Square-Food-Trailer-front-view.jpg\" alt=\"16,4 p\u0113du piel\u0101gota melna kvadr\u0101tveida p\u0101rtikas piekabes priek\u0161skats\" width=\"720\" height=\"480\" srcset=\"https:\/\/www.honlufoodtrailer.com\/wp-content\/uploads\/2022\/08\/16.4ft-Custom-Black-Square-Food-Trailer-front-view.jpg 1000w, https:\/\/www.honlufoodtrailer.com\/wp-content\/uploads\/2022\/08\/16.4ft-Custom-Black-Square-Food-Trailer-front-view-768x511.jpg 768w, https:\/\/www.honlufoodtrailer.com\/wp-content\/uploads\/2022\/08\/16.4ft-Custom-Black-Square-Food-Trailer-front-view-480x320.jpg 480w, https:\/\/www.honlufoodtrailer.com\/wp-content\/uploads\/2022\/08\/16.4ft-Custom-Black-Square-Food-Trailer-front-view-300x200.jpg 300w, https:\/\/www.honlufoodtrailer.com\/wp-content\/uploads\/2022\/08\/16.4ft-Custom-Black-Square-Food-Trailer-front-view-720x480.jpg 720w\" sizes=\"(max-width: 720px) 100vw, 720px\" \/><\/p>\n<p><img decoding=\"async\" class=\"aligncenter size-full wp-image-7746\" src=\"https:\/\/www.honlufoodtrailer.com\/wp-content\/uploads\/2022\/08\/16.4ft-Custom-Black-Square-Food-Trailer-back-view.jpg\" alt=\"16,4 p\u0113du piel\u0101gota melna kvadr\u0101tveida p\u0101rtikas piekabes aizmugures skats\" width=\"750\" height=\"540\" srcset=\"https:\/\/www.honlufoodtrailer.com\/wp-content\/uploads\/2022\/08\/16.4ft-Custom-Black-Square-Food-Trailer-back-view.jpg 750w, https:\/\/www.honlufoodtrailer.com\/wp-content\/uploads\/2022\/08\/16.4ft-Custom-Black-Square-Food-Trailer-back-view-480x346.jpg 480w, https:\/\/www.honlufoodtrailer.com\/wp-content\/uploads\/2022\/08\/16.4ft-Custom-Black-Square-Food-Trailer-back-view-300x216.jpg 300w, https:\/\/www.honlufoodtrailer.com\/wp-content\/uploads\/2022\/08\/16.4ft-Custom-Black-Square-Food-Trailer-back-view-720x518.jpg 720w\" sizes=\"(max-width: 750px) 100vw, 750px\" \/><\/p>\n<h3>\u0160\u012bs 16,4 p\u0113du piel\u0101got\u0101s meln\u0101 kvadr\u0101ta p\u0101rtikas piekabes iek\u0161\u0113j\u0101s deta\u013cas<\/h3>\n<p>\u0160is p\u0101rtikas furgons ir 16,4 p\u0113das gar\u0161 un taj\u0101 ir \u010detras izlietnes, fritieri, g\u0101zes pl\u012bts un citas lietas.<\/p>\n<p><img decoding=\"async\" class=\"wp-image-4945 size-full aligncenter\" src=\"https:\/\/www.honlufoodtrailer.com\/wp-content\/uploads\/2022\/08\/\u5149\u5f71\u9b54\u672f\u624b\u62fc\u56fe.jpg\" alt=\"\" width=\"800\" height=\"800\" srcset=\"https:\/\/www.honlufoodtrailer.com\/wp-content\/uploads\/2022\/08\/\u5149\u5f71\u9b54\u672f\u624b\u62fc\u56fe.jpg 800w, https:\/\/www.honlufoodtrailer.com\/wp-content\/uploads\/2022\/08\/\u5149\u5f71\u9b54\u672f\u624b\u62fc\u56fe-768x768.jpg 768w, https:\/\/www.honlufoodtrailer.com\/wp-content\/uploads\/2022\/08\/\u5149\u5f71\u9b54\u672f\u624b\u62fc\u56fe-360x360.jpg 360w, https:\/\/www.honlufoodtrailer.com\/wp-content\/uploads\/2022\/08\/\u5149\u5f71\u9b54\u672f\u624b\u62fc\u56fe-300x300.jpg 300w, https:\/\/www.honlufoodtrailer.com\/wp-content\/uploads\/2022\/08\/\u5149\u5f71\u9b54\u672f\u624b\u62fc\u56fe-720x720.jpg 720w, https:\/\/www.honlufoodtrailer.com\/wp-content\/uploads\/2022\/08\/\u5149\u5f71\u9b54\u672f\u624b\u62fc\u56fe-100x100.jpg 100w\" sizes=\"(max-width: 800px) 100vw, 800px\" \/><\/p>\n<p>Izlietne piekabes iek\u0161pus\u0113 ir projekt\u0113ta p\u0101rtikas piekabes aug\u0161pus\u0113, un t\u0101 ir piel\u0101gota k\u0101 tr\u012bs izliet\u0146u konstrukcija atbilsto\u0161i klienta viet\u0113j\u0101m normat\u012bvaj\u0101m pras\u012bb\u0101m. Izlietnes virsma ir izgatavota no marmora pl\u0101ksn\u0113m.<\/p>\n<p><img loading=\"lazy\" decoding=\"async\" class=\"wp-image-4946 size-full aligncenter\" src=\"https:\/\/www.honlufoodtrailer.com\/wp-content\/uploads\/2022\/08\/IMG_3364.jpg\" alt=\"\" width=\"1000\" height=\"666\" srcset=\"https:\/\/www.honlufoodtrailer.com\/wp-content\/uploads\/2022\/08\/IMG_3364.jpg 1000w, https:\/\/www.honlufoodtrailer.com\/wp-content\/uploads\/2022\/08\/IMG_3364-768x511.jpg 768w, https:\/\/www.honlufoodtrailer.com\/wp-content\/uploads\/2022\/08\/IMG_3364-480x320.jpg 480w, https:\/\/www.honlufoodtrailer.com\/wp-content\/uploads\/2022\/08\/IMG_3364-300x200.jpg 300w, https:\/\/www.honlufoodtrailer.com\/wp-content\/uploads\/2022\/08\/IMG_3364-720x480.jpg 720w\" sizes=\"(max-width: 1000px) 100vw, 1000px\" \/><\/p>\n<p>Atbilsto\u0161i klienta vajadz\u012bb\u0101m m\u0113s ar\u012b piel\u0101goj\u0101m nelielu tualeti p\u0101rtikas piekabes aizmugur\u0113 ar piln\u012bb\u0101 sl\u0113gtu dizainu.<\/p>\n<p><img loading=\"lazy\" decoding=\"async\" class=\"wp-image-4947 size-full aligncenter\" src=\"https:\/\/www.honlufoodtrailer.com\/wp-content\/uploads\/2022\/08\/IMG_3321.jpg\" alt=\"\" width=\"1000\" height=\"666\" srcset=\"https:\/\/www.honlufoodtrailer.com\/wp-content\/uploads\/2022\/08\/IMG_3321.jpg 1000w, https:\/\/www.honlufoodtrailer.com\/wp-content\/uploads\/2022\/08\/IMG_3321-768x511.jpg 768w, https:\/\/www.honlufoodtrailer.com\/wp-content\/uploads\/2022\/08\/IMG_3321-480x320.jpg 480w, https:\/\/www.honlufoodtrailer.com\/wp-content\/uploads\/2022\/08\/IMG_3321-300x200.jpg 300w, https:\/\/www.honlufoodtrailer.com\/wp-content\/uploads\/2022\/08\/IMG_3321-720x480.jpg 720w\" sizes=\"(max-width: 1000px) 100vw, 1000px\" \/><\/p>\n<h3 class=\"magic-6\" data-spm-anchor-id=\"a2700.wholesale.0.i28.29e52808agqc7f\">Kvadr\u0101tveida p\u0101rtikas piekabes galven\u0101s iez\u012bmes<\/h3>\n<div class=\"magic-7\">\n<div class=\"magic-8\">\n<div class=\"magic-9\" data-id=\"paragraph0\">\n<ol>\n<li>Modes izskatu var piel\u0101got;<\/li>\n<li>Ner\u016bs\u0113jo\u0161\u0101 t\u0113rauda piekabes virsb\u016bve un iek\u0161\u0113j\u0101 konstrukcija, laba karstumiztur\u012bba, nodilumiztur\u012bba, iztur\u012bba pret koroziju;<\/li>\n<li>Mobilaj\u0101 p\u0101rtikas piekab\u0113 ir apr\u012bkots moderns un uzlabots apr\u012bkojums;<\/li>\n<li>Tas ir triecieniztur\u012bgs un gr\u016bti korozijai iztur\u012bgs, ar augstu karstumiztur\u012bbu un iztur\u012bbu, augstu kr\u0101su notur\u012bbu, bez deform\u0101cijas, \u016bdensiztur\u012bgs un ar ilgu kalpo\u0161anas laiku;<\/li>\n<li>M\u0113s ar prieku to p\u0101rveidosim atbilsto\u0161i j\u016bsu pras\u012bb\u0101m.<\/li>\n<\/ol>\n<h3>Bezmaksas 2D\/3D st\u0101va pl\u0101na ras\u0113jums<\/h3>\n<p>P\u0113c p\u0101rtikas piekabes un iek\u0161\u0113j\u0101 virtuves apr\u012bkojuma izm\u0113ru apstiprin\u0101\u0161anas m\u0113s varam jums bez maksas nodro\u0161in\u0101t 3D ras\u0113jumus. Tas sniegs jums skaidr\u0101ku priek\u0161statu par j\u016bsu dizainu un p\u0101rtikas rati\u0146iem. Apstiprinot virtuves apr\u012bkojuma atra\u0161an\u0101s vietu, m\u0113s var\u0113sim skaidri sazin\u0101ties ar jums, izmantojot st\u0101vu pl\u0101nu. M\u0113s varam ar\u012b nodro\u0161in\u0101t j\u016bs ar ori\u0123in\u0101lajiem dokumentiem, lai atvieglotu j\u016bsu dizainu un veiktu korekcijas.<\/p>\n<\/div>\n<\/div>\n<\/div>","protected":false},"excerpt":{"rendered":"<p data-spm-anchor-id=\"a2700.wholesale.0.i28.29e52808agqc7f\">\u0160\u012b ir viena no m\u016bsu p\u0113c pas\u016bt\u012bjuma izgatavotaj\u0101m piecu metru p\u0101rtikas piekab\u0113m ar piln\u012bb\u0101 apr\u012bkotu virtuvi. Transportl\u012bdzek\u013ca priek\u0161pus\u0113 ir liels logs, kas apr\u012bkots ar integr\u0113tu nojumi un apkalpo\u0161anas galdu. Atbilsto\u0161i klientu vajadz\u012bb\u0101m visa piekabe ir kompakta un viegli lietojama. Tas ir v\u0113lamais modelis mobil\u0101 p\u0101rtikas biznesa uzs\u0101k\u0161anai.<\/p>","protected":false},"featured_media":4947,"template":"","meta":{"_themeisle_gutenberg_block_has_review":false},"product_brand":[],"product_cat":[26],"product_tag":[53,33,41,38,52],"class_list":{"0":"post-4943","1":"product","2":"type-product","3":"status-publish","4":"has-post-thumbnail","6":"product_cat-product","7":"product_tag-customized-sinks","8":"product_tag-customized-trailer","9":"product_tag-galvanized-trailer","10":"product_tag-mobile-food-trailer","11":"product_tag-personalized-billboard","13":"first","14":"instock","15":"shipping-taxable","16":"product-type-simple"},"yoast_head":"<!-- This site is optimized with the Yoast SEO plugin v27.6 - https:\/\/yoast.com\/product\/yoast-seo-wordpress\/ -->\n<title>16.4ft Custom Black Square Food Trailer - Honlu food trailer<\/title>\n<meta name=\"description\" content=\"This is one of our custom-made five-meter food trailers with full kitchen. The front of the vehicle is designed with a large window, equipped with an integrated shelter and service table. According to customer needs, the whole trailer is compact and easy to use. It is the preferred model for starting the mobile food business.\" \/>\n<meta name=\"robots\" content=\"index, follow, max-snippet:-1, max-image-preview:large, max-video-preview:-1\" \/>\n<link rel=\"canonical\" href=\"https:\/\/www.honlufoodtrailer.com\/lv\/product\/16-4ft-custom-black-square-food-trailer\/\" \/>\n<meta property=\"og:locale\" content=\"lv_LV\" \/>\n<meta property=\"og:type\" content=\"article\" \/>\n<meta property=\"og:title\" content=\"16.4ft Custom Black Square Food Trailer - Honlu food trailer\" \/>\n<meta property=\"og:description\" content=\"This is one of our custom-made five-meter food trailers with full kitchen. The front of the vehicle is designed with a large window, equipped with an integrated shelter and service table. According to customer needs, the whole trailer is compact and easy to use. It is the preferred model for starting the mobile food business.\" \/>\n<meta property=\"og:url\" content=\"https:\/\/www.honlufoodtrailer.com\/lv\/product\/16-4ft-custom-black-square-food-trailer\/\" \/>\n<meta property=\"og:site_name\" content=\"Honlu food trailer\" \/>\n<meta property=\"article:modified_time\" content=\"2024-10-28T09:35:22+00:00\" \/>\n<meta property=\"og:image\" content=\"https:\/\/www.honlufoodtrailer.com\/wp-content\/uploads\/2022\/08\/IMG_3321.jpg\" \/>\n\t<meta property=\"og:image:width\" content=\"1000\" \/>\n\t<meta property=\"og:image:height\" content=\"666\" \/>\n\t<meta property=\"og:image:type\" content=\"image\/jpeg\" \/>\n<meta name=\"twitter:card\" content=\"summary_large_image\" \/>\n<meta name=\"twitter:label1\" content=\"Est. reading time\" \/>\n\t<meta name=\"twitter:data1\" content=\"3 min\u016btes\" \/>\n<script type=\"application\/ld+json\" class=\"yoast-schema-graph\">{\"@context\":\"https:\\\/\\\/schema.org\",\"@graph\":[{\"@type\":\"WebPage\",\"@id\":\"https:\\\/\\\/www.honlufoodtrailer.com\\\/product\\\/16-4ft-custom-black-square-food-trailer\\\/\",\"url\":\"https:\\\/\\\/www.honlufoodtrailer.com\\\/product\\\/16-4ft-custom-black-square-food-trailer\\\/\",\"name\":\"16.4ft Custom Black Square Food Trailer - Honlu food trailer\",\"isPartOf\":{\"@id\":\"https:\\\/\\\/www.honlufoodtrailer.com\\\/#website\"},\"primaryImageOfPage\":{\"@id\":\"https:\\\/\\\/www.honlufoodtrailer.com\\\/product\\\/16-4ft-custom-black-square-food-trailer\\\/#primaryimage\"},\"image\":{\"@id\":\"https:\\\/\\\/www.honlufoodtrailer.com\\\/product\\\/16-4ft-custom-black-square-food-trailer\\\/#primaryimage\"},\"thumbnailUrl\":\"https:\\\/\\\/www.honlufoodtrailer.com\\\/wp-content\\\/uploads\\\/2022\\\/08\\\/IMG_3321.jpg\",\"datePublished\":\"2022-08-12T03:47:41+00:00\",\"dateModified\":\"2024-10-28T09:35:22+00:00\",\"description\":\"This is one of our custom-made five-meter food trailers with full kitchen. The front of the vehicle is designed with a large window, equipped with an integrated shelter and service table. According to customer needs, the whole trailer is compact and easy to use. It is the preferred model for starting the mobile food business.\",\"breadcrumb\":{\"@id\":\"https:\\\/\\\/www.honlufoodtrailer.com\\\/product\\\/16-4ft-custom-black-square-food-trailer\\\/#breadcrumb\"},\"inLanguage\":\"lv-LV\",\"potentialAction\":[{\"@type\":\"ReadAction\",\"target\":[\"https:\\\/\\\/www.honlufoodtrailer.com\\\/product\\\/16-4ft-custom-black-square-food-trailer\\\/\"]}]},{\"@type\":\"ImageObject\",\"inLanguage\":\"lv-LV\",\"@id\":\"https:\\\/\\\/www.honlufoodtrailer.com\\\/product\\\/16-4ft-custom-black-square-food-trailer\\\/#primaryimage\",\"url\":\"https:\\\/\\\/www.honlufoodtrailer.com\\\/wp-content\\\/uploads\\\/2022\\\/08\\\/IMG_3321.jpg\",\"contentUrl\":\"https:\\\/\\\/www.honlufoodtrailer.com\\\/wp-content\\\/uploads\\\/2022\\\/08\\\/IMG_3321.jpg\",\"width\":1000,\"height\":666},{\"@type\":\"BreadcrumbList\",\"@id\":\"https:\\\/\\\/www.honlufoodtrailer.com\\\/product\\\/16-4ft-custom-black-square-food-trailer\\\/#breadcrumb\",\"itemListElement\":[{\"@type\":\"ListItem\",\"position\":1,\"name\":\"Home\",\"item\":\"https:\\\/\\\/www.honlufoodtrailer.com\\\/\"},{\"@type\":\"ListItem\",\"position\":2,\"name\":\"\u4ea7\u54c1\",\"item\":\"https:\\\/\\\/www.honlufoodtrailer.com\\\/shop\\\/\"},{\"@type\":\"ListItem\",\"position\":3,\"name\":\"16.4ft Custom Black Square Food Trailer\"}]},{\"@type\":\"WebSite\",\"@id\":\"https:\\\/\\\/www.honlufoodtrailer.com\\\/#website\",\"url\":\"https:\\\/\\\/www.honlufoodtrailer.com\\\/\",\"name\":\"Honlu food trailer\",\"description\":\"\",\"publisher\":{\"@id\":\"https:\\\/\\\/www.honlufoodtrailer.com\\\/#organization\"},\"potentialAction\":[{\"@type\":\"SearchAction\",\"target\":{\"@type\":\"EntryPoint\",\"urlTemplate\":\"https:\\\/\\\/www.honlufoodtrailer.com\\\/?s={search_term_string}\"},\"query-input\":{\"@type\":\"PropertyValueSpecification\",\"valueRequired\":true,\"valueName\":\"search_term_string\"}}],\"inLanguage\":\"lv-LV\"},{\"@type\":\"Organization\",\"@id\":\"https:\\\/\\\/www.honlufoodtrailer.com\\\/#organization\",\"name\":\"Honlu food trailer\",\"url\":\"https:\\\/\\\/www.honlufoodtrailer.com\\\/\",\"logo\":{\"@type\":\"ImageObject\",\"inLanguage\":\"lv-LV\",\"@id\":\"https:\\\/\\\/www.honlufoodtrailer.com\\\/#\\\/schema\\\/logo\\\/image\\\/\",\"url\":\"https:\\\/\\\/www.honlufoodtrailer.com\\\/wp-content\\\/uploads\\\/2021\\\/12\\\/2.gif\",\"contentUrl\":\"https:\\\/\\\/www.honlufoodtrailer.com\\\/wp-content\\\/uploads\\\/2021\\\/12\\\/2.gif\",\"width\":350,\"height\":100,\"caption\":\"Honlu food trailer\"},\"image\":{\"@id\":\"https:\\\/\\\/www.honlufoodtrailer.com\\\/#\\\/schema\\\/logo\\\/image\\\/\"}}]}<\/script>\n<!-- \/ Yoast SEO plugin. -->","yoast_head_json":{"title":"16,4 p\u0113du piel\u0101gota melna kvadr\u0101tveida p\u0101rtikas piekabe - Honlu p\u0101rtikas piekabe","description":"\u0160\u012b ir viena no m\u016bsu p\u0113c pas\u016bt\u012bjuma izgatavotaj\u0101m piecu metru p\u0101rtikas piekab\u0113m ar piln\u012bb\u0101 apr\u012bkotu virtuvi. Transportl\u012bdzek\u013ca priek\u0161pus\u0113 ir liels logs, kas apr\u012bkots ar integr\u0113tu nojumi un apkalpo\u0161anas galdu. Atbilsto\u0161i klientu vajadz\u012bb\u0101m visa piekabe ir kompakta un viegli lietojama. Tas ir v\u0113lamais modelis mobil\u0101 p\u0101rtikas biznesa uzs\u0101k\u0161anai.","robots":{"index":"index","follow":"follow","max-snippet":"max-snippet:-1","max-image-preview":"max-image-preview:large","max-video-preview":"max-video-preview:-1"},"canonical":"https:\/\/www.honlufoodtrailer.com\/lv\/product\/16-4ft-custom-black-square-food-trailer\/","og_locale":"lv_LV","og_type":"article","og_title":"16.4ft Custom Black Square Food Trailer - Honlu food trailer","og_description":"This is one of our custom-made five-meter food trailers with full kitchen. The front of the vehicle is designed with a large window, equipped with an integrated shelter and service table. According to customer needs, the whole trailer is compact and easy to use. It is the preferred model for starting the mobile food business.","og_url":"https:\/\/www.honlufoodtrailer.com\/lv\/product\/16-4ft-custom-black-square-food-trailer\/","og_site_name":"Honlu food trailer","article_modified_time":"2024-10-28T09:35:22+00:00","og_image":[{"width":1000,"height":666,"url":"https:\/\/www.honlufoodtrailer.com\/wp-content\/uploads\/2022\/08\/IMG_3321.jpg","type":"image\/jpeg"}],"twitter_card":"summary_large_image","twitter_misc":{"Est. reading time":"3 min\u016btes"},"schema":{"@context":"https:\/\/schema.org","@graph":[{"@type":"WebPage","@id":"https:\/\/www.honlufoodtrailer.com\/product\/16-4ft-custom-black-square-food-trailer\/","url":"https:\/\/www.honlufoodtrailer.com\/product\/16-4ft-custom-black-square-food-trailer\/","name":"16,4 p\u0113du piel\u0101gota melna kvadr\u0101tveida p\u0101rtikas piekabe - Honlu p\u0101rtikas piekabe","isPartOf":{"@id":"https:\/\/www.honlufoodtrailer.com\/#website"},"primaryImageOfPage":{"@id":"https:\/\/www.honlufoodtrailer.com\/product\/16-4ft-custom-black-square-food-trailer\/#primaryimage"},"image":{"@id":"https:\/\/www.honlufoodtrailer.com\/product\/16-4ft-custom-black-square-food-trailer\/#primaryimage"},"thumbnailUrl":"https:\/\/www.honlufoodtrailer.com\/wp-content\/uploads\/2022\/08\/IMG_3321.jpg","datePublished":"2022-08-12T03:47:41+00:00","dateModified":"2024-10-28T09:35:22+00:00","description":"\u0160\u012b ir viena no m\u016bsu p\u0113c pas\u016bt\u012bjuma izgatavotaj\u0101m piecu metru p\u0101rtikas piekab\u0113m ar piln\u012bb\u0101 apr\u012bkotu virtuvi. Transportl\u012bdzek\u013ca priek\u0161pus\u0113 ir liels logs, kas apr\u012bkots ar integr\u0113tu nojumi un apkalpo\u0161anas galdu. Atbilsto\u0161i klientu vajadz\u012bb\u0101m visa piekabe ir kompakta un viegli lietojama. Tas ir v\u0113lamais modelis mobil\u0101 p\u0101rtikas biznesa uzs\u0101k\u0161anai.","breadcrumb":{"@id":"https:\/\/www.honlufoodtrailer.com\/product\/16-4ft-custom-black-square-food-trailer\/#breadcrumb"},"inLanguage":"lv-LV","potentialAction":[{"@type":"ReadAction","target":["https:\/\/www.honlufoodtrailer.com\/product\/16-4ft-custom-black-square-food-trailer\/"]}]},{"@type":"ImageObject","inLanguage":"lv-LV","@id":"https:\/\/www.honlufoodtrailer.com\/product\/16-4ft-custom-black-square-food-trailer\/#primaryimage","url":"https:\/\/www.honlufoodtrailer.com\/wp-content\/uploads\/2022\/08\/IMG_3321.jpg","contentUrl":"https:\/\/www.honlufoodtrailer.com\/wp-content\/uploads\/2022\/08\/IMG_3321.jpg","width":1000,"height":666},{"@type":"BreadcrumbList","@id":"https:\/\/www.honlufoodtrailer.com\/product\/16-4ft-custom-black-square-food-trailer\/#breadcrumb","itemListElement":[{"@type":"ListItem","position":1,"name":"Home","item":"https:\/\/www.honlufoodtrailer.com\/"},{"@type":"ListItem","position":2,"name":"\u4ea7\u54c1","item":"https:\/\/www.honlufoodtrailer.com\/shop\/"},{"@type":"ListItem","position":3,"name":"16.4ft Custom Black Square Food Trailer"}]},{"@type":"WebSite","@id":"https:\/\/www.honlufoodtrailer.com\/#website","url":"https:\/\/www.honlufoodtrailer.com\/","name":"Honlu p\u0101rtikas piekabe","description":"","publisher":{"@id":"https:\/\/www.honlufoodtrailer.com\/#organization"},"potentialAction":[{"@type":"SearchAction","target":{"@type":"EntryPoint","urlTemplate":"https:\/\/www.honlufoodtrailer.com\/?s={search_term_string}"},"query-input":{"@type":"PropertyValueSpecification","valueRequired":true,"valueName":"search_term_string"}}],"inLanguage":"lv-LV"},{"@type":"Organization","@id":"https:\/\/www.honlufoodtrailer.com\/#organization","name":"Honlu p\u0101rtikas piekabe","url":"https:\/\/www.honlufoodtrailer.com\/","logo":{"@type":"ImageObject","inLanguage":"lv-LV","@id":"https:\/\/www.honlufoodtrailer.com\/#\/schema\/logo\/image\/","url":"https:\/\/www.honlufoodtrailer.com\/wp-content\/uploads\/2021\/12\/2.gif","contentUrl":"https:\/\/www.honlufoodtrailer.com\/wp-content\/uploads\/2021\/12\/2.gif","width":350,"height":100,"caption":"Honlu food trailer"},"image":{"@id":"https:\/\/www.honlufoodtrailer.com\/#\/schema\/logo\/image\/"}}]}},"_links":{"self":[{"href":"https:\/\/www.honlufoodtrailer.com\/lv\/wp-json\/wp\/v2\/product\/4943","targetHints":{"allow":["GET"]}}],"collection":[{"href":"https:\/\/www.honlufoodtrailer.com\/lv\/wp-json\/wp\/v2\/product"}],"about":[{"href":"https:\/\/www.honlufoodtrailer.com\/lv\/wp-json\/wp\/v2\/types\/product"}],"version-history":[{"count":0,"href":"https:\/\/www.honlufoodtrailer.com\/lv\/wp-json\/wp\/v2\/product\/4943\/revisions"}],"wp:featuredmedia":[{"embeddable":true,"href":"https:\/\/www.honlufoodtrailer.com\/lv\/wp-json\/wp\/v2\/media\/4947"}],"wp:attachment":[{"href":"https:\/\/www.honlufoodtrailer.com\/lv\/wp-json\/wp\/v2\/media?parent=4943"}],"wp:term":[{"taxonomy":"product_brand","embeddable":true,"href":"https:\/\/www.honlufoodtrailer.com\/lv\/wp-json\/wp\/v2\/product_brand?post=4943"},{"taxonomy":"product_cat","embeddable":true,"href":"https:\/\/www.honlufoodtrailer.com\/lv\/wp-json\/wp\/v2\/product_cat?post=4943"},{"taxonomy":"product_tag","embeddable":true,"href":"https:\/\/www.honlufoodtrailer.com\/lv\/wp-json\/wp\/v2\/product_tag?post=4943"}],"curies":[{"name":"wp","href":"https:\/\/api.w.org\/{rel}","templated":true}]}}