{"id":5372,"date":"2023-11-05T14:48:59","date_gmt":"2023-11-05T06:48:59","guid":{"rendered":"https:\/\/www.honlufoodtrailer.com\/?post_type=product&#038;p=5372"},"modified":"2024-10-28T17:07:40","modified_gmt":"2024-10-28T09:07:40","slug":"street-using-fast-food-vintage-food-truck-new-style-food-trailer","status":"publish","type":"product","link":"https:\/\/www.honlufoodtrailer.com\/lv\/product\/street-using-fast-food-vintage-food-truck-new-style-food-trailer\/","title":{"rendered":"Iela, izmantojot \u0101tr\u0101s \u0113din\u0101\u0161anas Vintage p\u0101rtikas kravas automa\u0161\u012bnu jaun\u0101 stila p\u0101rtikas piekabi"},"content":{"rendered":"<p>Kvadr\u0101tveida p\u0101rtikas piekabe ar piel\u0101got\u0101m \u0101tr\u0101s \u0113din\u0101\u0161anas iek\u0101rt\u0101m.<br \/>\nPiel\u0101gots izm\u0113rs: no 3 m l\u012bdz 11 m garums, 9,8 p\u0113das 13 p\u0113das 16 p\u0113das 20 p\u0113das 40 p\u0113du p\u0101rtikas piekabe.<\/p>\n<p>Att\u0113l\u0101 redzam\u0101 p\u0101rtikas piekabe ir 4000 * 2000 * 2100 mm, 13 p\u0113das * 6,56 p\u0113das * 6,88 p\u0113das, L * W * H vai piel\u0101gota p\u0113c j\u016bsu piepras\u012bjuma.<\/p>\n<p>J\u016bs vienk\u0101r\u0161i pasak\u0101t mums, cik cilv\u0113ku str\u0101d\u0101s piekab\u0113, tas ir labi.<\/p>\n<p><img fetchpriority=\"high\" decoding=\"async\" class=\"alignnone size-full wp-image-5373\" src=\"https:\/\/www.honlufoodtrailer.com\/wp-content\/uploads\/2023\/01\/720\u00d7540-3-6.jpg\" alt=\"\" width=\"720\" height=\"540\" srcset=\"https:\/\/www.honlufoodtrailer.com\/wp-content\/uploads\/2023\/01\/720\u00d7540-3-6.jpg 720w, https:\/\/www.honlufoodtrailer.com\/wp-content\/uploads\/2023\/01\/720\u00d7540-3-6-480x360.jpg 480w, https:\/\/www.honlufoodtrailer.com\/wp-content\/uploads\/2023\/01\/720\u00d7540-3-6-300x225.jpg 300w\" sizes=\"(max-width: 720px) 100vw, 720px\" \/><\/p>\n<p><b data-spm-anchor-id=\"a2700.details.0.i9.1018c40b3cIxOh\">PIEZ\u012aME:<\/b><\/p>\n<p>1. Korpusa izm\u0113rs nav fiks\u0113ts, jums var b\u016bt savs izm\u0113rs un dizains. Piel\u0101go\u0161ana ir pieejama;<\/p>\n<p>2. Ja rodas neskaidra piekabes konstrukcija, nevilcinieties ar mums sazin\u0101ties \uff1b<\/p>\n<p>3. M\u0113s varam nodro\u0161in\u0101t 3D ras\u0113jumus, lai j\u016bs var\u0113tu priek\u0161skat\u012bt piel\u0101goto p\u0101rtikas piekabju iek\u0161pusi.<\/p>\n<p><img decoding=\"async\" class=\"alignnone size-full wp-image-5379\" src=\"https:\/\/www.honlufoodtrailer.com\/wp-content\/uploads\/2023\/01\/720\u00d7540-8-1.jpg\" alt=\"\" width=\"720\" height=\"540\" srcset=\"https:\/\/www.honlufoodtrailer.com\/wp-content\/uploads\/2023\/01\/720\u00d7540-8-1.jpg 720w, https:\/\/www.honlufoodtrailer.com\/wp-content\/uploads\/2023\/01\/720\u00d7540-8-1-480x360.jpg 480w, https:\/\/www.honlufoodtrailer.com\/wp-content\/uploads\/2023\/01\/720\u00d7540-8-1-300x225.jpg 300w\" sizes=\"(max-width: 720px) 100vw, 720px\" \/><\/p>\n<p>B\u012bd\u0101mo logu ar logu ekr\u0101niem dizains var apmierin\u0101t klientu vajadz\u012bbas p\u0113c \u0113din\u0101\u0161anas pakalpojumiem.<\/p>\n<p><img decoding=\"async\" class=\"alignnone size-full wp-image-5381\" src=\"https:\/\/www.honlufoodtrailer.com\/wp-content\/uploads\/2023\/01\/720\u00d7540-9-1.jpg\" alt=\"\" width=\"720\" height=\"540\" srcset=\"https:\/\/www.honlufoodtrailer.com\/wp-content\/uploads\/2023\/01\/720\u00d7540-9-1.jpg 720w, https:\/\/www.honlufoodtrailer.com\/wp-content\/uploads\/2023\/01\/720\u00d7540-9-1-480x360.jpg 480w, https:\/\/www.honlufoodtrailer.com\/wp-content\/uploads\/2023\/01\/720\u00d7540-9-1-300x225.jpg 300w\" sizes=\"(max-width: 720px) 100vw, 720px\" \/><\/p>\n<p>3 \u016bdens izliet\u0146u dizains \u2014 \u2014 Viena izlietne, dubult\u0101s izlietnes, 3+1 \u016bdens izlietnes var piel\u0101got ar\u012b atbilsto\u0161i j\u016bsu pras\u012bb\u0101m.<\/p>\n<p><img loading=\"lazy\" decoding=\"async\" class=\"alignnone size-full wp-image-5380\" src=\"https:\/\/www.honlufoodtrailer.com\/wp-content\/uploads\/2023\/01\/720\u00d7540-7-1.jpg\" alt=\"\" width=\"720\" height=\"540\" srcset=\"https:\/\/www.honlufoodtrailer.com\/wp-content\/uploads\/2023\/01\/720\u00d7540-7-1.jpg 720w, https:\/\/www.honlufoodtrailer.com\/wp-content\/uploads\/2023\/01\/720\u00d7540-7-1-480x360.jpg 480w, https:\/\/www.honlufoodtrailer.com\/wp-content\/uploads\/2023\/01\/720\u00d7540-7-1-300x225.jpg 300w\" sizes=\"(max-width: 720px) 100vw, 720px\" \/><\/p>\n<p>&nbsp;<\/p>\n<h3 class=\"magic-6\" data-spm-anchor-id=\"a2700.wholesale.0.i28.29e52808agqc7f\">Kvadr\u0101tveida p\u0101rtikas piekabes galven\u0101s iez\u012bmes<\/h3>\n<div class=\"magic-7\">\n<div class=\"magic-8\">\n<div class=\"magic-9\" data-id=\"paragraph0\">\n<ol>\n<li>Modes izskatu var piel\u0101got;<\/li>\n<li>Ner\u016bs\u0113jo\u0161\u0101 t\u0113rauda piekabes virsb\u016bve un iek\u0161\u0113j\u0101 konstrukcija, laba karstumiztur\u012bba, nodilumiztur\u012bba, iztur\u012bba pret koroziju;<\/li>\n<li>Mobilaj\u0101 p\u0101rtikas piekab\u0113 ir apr\u012bkots moderns un uzlabots apr\u012bkojums;<\/li>\n<li>Tas ir triecieniztur\u012bgs un gr\u016bti korozijai iztur\u012bgs, ar augstu karstumiztur\u012bbu un iztur\u012bbu, augstu kr\u0101su notur\u012bbu, bez deform\u0101cijas, \u016bdensiztur\u012bgs un ar ilgu kalpo\u0161anas laiku;<\/li>\n<li>M\u0113s ar prieku to p\u0101rveidosim atbilsto\u0161i j\u016bsu pras\u012bb\u0101m.<\/li>\n<\/ol>\n<h3>Bezmaksas 2D\/3D st\u0101va pl\u0101na ras\u0113jums<\/h3>\n<p>P\u0113c p\u0101rtikas piekabes un iek\u0161\u0113j\u0101 virtuves apr\u012bkojuma izm\u0113ru apstiprin\u0101\u0161anas m\u0113s varam jums bez maksas nodro\u0161in\u0101t 3D ras\u0113jumus. Tas sniegs jums skaidr\u0101ku priek\u0161statu par j\u016bsu dizainu un p\u0101rtikas rati\u0146iem. Apstiprinot virtuves apr\u012bkojuma atra\u0161an\u0101s vietu, m\u0113s var\u0113sim skaidri sazin\u0101ties ar jums, izmantojot st\u0101vu pl\u0101nu. M\u0113s varam ar\u012b nodro\u0161in\u0101t j\u016bs ar ori\u0123in\u0101lajiem dokumentiem, lai atvieglotu j\u016bsu dizainu un veiktu korekcijas.<\/p>\n<\/div>\n<\/div>\n<\/div>","protected":false},"excerpt":{"rendered":"<p data-spm-anchor-id=\"a2700.wholesale.0.i28.29e52808agqc7f\">\u0160\u012b ir viena no m\u016bsu p\u0113c pas\u016bt\u012bjuma izgatavotaj\u0101m 4 m p\u0101rtikas piekab\u0113m ar piln\u012bb\u0101 apr\u012bkotu virtuvi. Tas ir v\u0113lamais modelis mobil\u0101 p\u0101rtikas biznesa uzs\u0101k\u0161anai. M\u0113s varam izgatavot l\u012bdz\u012bgu p\u0101rtikas piekabi k\u0101 \u0161o vai piel\u0101got to jums. P\u0101rtikas piekabes izm\u0113ru, virsb\u016bves kr\u0101su, uzl\u012bmes, nor\u0101des un virtuves apr\u012bkojumu var piel\u0101got.<\/p>","protected":false},"featured_media":5374,"template":"","meta":{"_themeisle_gutenberg_block_has_review":false},"product_brand":[],"product_cat":[26],"product_tag":[53,33,41,38,52],"class_list":{"0":"post-5372","1":"product","2":"type-product","3":"status-publish","4":"has-post-thumbnail","6":"product_cat-product","7":"product_tag-customized-sinks","8":"product_tag-customized-trailer","9":"product_tag-galvanized-trailer","10":"product_tag-mobile-food-trailer","11":"product_tag-personalized-billboard","13":"first","14":"instock","15":"shipping-taxable","16":"product-type-simple"},"yoast_head":"<!-- This site is optimized with the Yoast SEO plugin v27.6 - https:\/\/yoast.com\/product\/yoast-seo-wordpress\/ -->\n<title>Street Using Fast Food Vintage Food Truck New Style Food Trailer - Honlu food trailer<\/title>\n<meta name=\"description\" content=\"This is one of our custom-made 4m food trailers with full kitchen. The front of the trailer is designed with straight open window, equipped with an integrated shelter and service table. According to customer needs, the whole trailer is compact and easy to use. It is the preferred model for starting the mobile food business.\" \/>\n<meta name=\"robots\" content=\"index, follow, max-snippet:-1, max-image-preview:large, max-video-preview:-1\" \/>\n<link rel=\"canonical\" href=\"https:\/\/www.honlufoodtrailer.com\/lv\/product\/street-using-fast-food-vintage-food-truck-new-style-food-trailer\/\" \/>\n<meta property=\"og:locale\" content=\"lv_LV\" \/>\n<meta property=\"og:type\" content=\"article\" \/>\n<meta property=\"og:title\" content=\"Street Using Fast Food Vintage Food Truck New Style Food Trailer - Honlu food trailer\" \/>\n<meta property=\"og:description\" content=\"This is one of our custom-made 4m food trailers with full kitchen. The front of the trailer is designed with straight open window, equipped with an integrated shelter and service table. According to customer needs, the whole trailer is compact and easy to use. It is the preferred model for starting the mobile food business.\" \/>\n<meta property=\"og:url\" content=\"https:\/\/www.honlufoodtrailer.com\/lv\/product\/street-using-fast-food-vintage-food-truck-new-style-food-trailer\/\" \/>\n<meta property=\"og:site_name\" content=\"Honlu food trailer\" \/>\n<meta property=\"article:modified_time\" content=\"2024-10-28T09:07:40+00:00\" \/>\n<meta property=\"og:image\" content=\"https:\/\/www.honlufoodtrailer.com\/wp-content\/uploads\/2023\/01\/720\u00d7540-1-2.jpg\" \/>\n\t<meta property=\"og:image:width\" content=\"720\" \/>\n\t<meta property=\"og:image:height\" content=\"540\" \/>\n\t<meta property=\"og:image:type\" content=\"image\/jpeg\" \/>\n<meta name=\"twitter:card\" content=\"summary_large_image\" \/>\n<meta name=\"twitter:label1\" content=\"Est. reading time\" \/>\n\t<meta name=\"twitter:data1\" content=\"3 min\u016btes\" \/>\n<script type=\"application\/ld+json\" class=\"yoast-schema-graph\">{\"@context\":\"https:\\\/\\\/schema.org\",\"@graph\":[{\"@type\":\"WebPage\",\"@id\":\"https:\\\/\\\/www.honlufoodtrailer.com\\\/product\\\/street-using-fast-food-vintage-food-truck-new-style-food-trailer\\\/\",\"url\":\"https:\\\/\\\/www.honlufoodtrailer.com\\\/product\\\/street-using-fast-food-vintage-food-truck-new-style-food-trailer\\\/\",\"name\":\"Street Using Fast Food Vintage Food Truck New Style Food Trailer - Honlu food trailer\",\"isPartOf\":{\"@id\":\"https:\\\/\\\/www.honlufoodtrailer.com\\\/#website\"},\"primaryImageOfPage\":{\"@id\":\"https:\\\/\\\/www.honlufoodtrailer.com\\\/product\\\/street-using-fast-food-vintage-food-truck-new-style-food-trailer\\\/#primaryimage\"},\"image\":{\"@id\":\"https:\\\/\\\/www.honlufoodtrailer.com\\\/product\\\/street-using-fast-food-vintage-food-truck-new-style-food-trailer\\\/#primaryimage\"},\"thumbnailUrl\":\"https:\\\/\\\/www.honlufoodtrailer.com\\\/wp-content\\\/uploads\\\/2023\\\/01\\\/720\u00d7540-1-2.jpg\",\"datePublished\":\"2023-11-05T06:48:59+00:00\",\"dateModified\":\"2024-10-28T09:07:40+00:00\",\"description\":\"This is one of our custom-made 4m food trailers with full kitchen. The front of the trailer is designed with straight open window, equipped with an integrated shelter and service table. According to customer needs, the whole trailer is compact and easy to use. It is the preferred model for starting the mobile food business.\",\"breadcrumb\":{\"@id\":\"https:\\\/\\\/www.honlufoodtrailer.com\\\/product\\\/street-using-fast-food-vintage-food-truck-new-style-food-trailer\\\/#breadcrumb\"},\"inLanguage\":\"lv-LV\",\"potentialAction\":[{\"@type\":\"ReadAction\",\"target\":[\"https:\\\/\\\/www.honlufoodtrailer.com\\\/product\\\/street-using-fast-food-vintage-food-truck-new-style-food-trailer\\\/\"]}]},{\"@type\":\"ImageObject\",\"inLanguage\":\"lv-LV\",\"@id\":\"https:\\\/\\\/www.honlufoodtrailer.com\\\/product\\\/street-using-fast-food-vintage-food-truck-new-style-food-trailer\\\/#primaryimage\",\"url\":\"https:\\\/\\\/www.honlufoodtrailer.com\\\/wp-content\\\/uploads\\\/2023\\\/01\\\/720\u00d7540-1-2.jpg\",\"contentUrl\":\"https:\\\/\\\/www.honlufoodtrailer.com\\\/wp-content\\\/uploads\\\/2023\\\/01\\\/720\u00d7540-1-2.jpg\",\"width\":720,\"height\":540},{\"@type\":\"BreadcrumbList\",\"@id\":\"https:\\\/\\\/www.honlufoodtrailer.com\\\/product\\\/street-using-fast-food-vintage-food-truck-new-style-food-trailer\\\/#breadcrumb\",\"itemListElement\":[{\"@type\":\"ListItem\",\"position\":1,\"name\":\"Home\",\"item\":\"https:\\\/\\\/www.honlufoodtrailer.com\\\/\"},{\"@type\":\"ListItem\",\"position\":2,\"name\":\"\u4ea7\u54c1\",\"item\":\"https:\\\/\\\/www.honlufoodtrailer.com\\\/shop\\\/\"},{\"@type\":\"ListItem\",\"position\":3,\"name\":\"Street Using Fast Food Vintage Food Truck New Style Food Trailer\"}]},{\"@type\":\"WebSite\",\"@id\":\"https:\\\/\\\/www.honlufoodtrailer.com\\\/#website\",\"url\":\"https:\\\/\\\/www.honlufoodtrailer.com\\\/\",\"name\":\"Honlu food trailer\",\"description\":\"\",\"publisher\":{\"@id\":\"https:\\\/\\\/www.honlufoodtrailer.com\\\/#organization\"},\"potentialAction\":[{\"@type\":\"SearchAction\",\"target\":{\"@type\":\"EntryPoint\",\"urlTemplate\":\"https:\\\/\\\/www.honlufoodtrailer.com\\\/?s={search_term_string}\"},\"query-input\":{\"@type\":\"PropertyValueSpecification\",\"valueRequired\":true,\"valueName\":\"search_term_string\"}}],\"inLanguage\":\"lv-LV\"},{\"@type\":\"Organization\",\"@id\":\"https:\\\/\\\/www.honlufoodtrailer.com\\\/#organization\",\"name\":\"Honlu food trailer\",\"url\":\"https:\\\/\\\/www.honlufoodtrailer.com\\\/\",\"logo\":{\"@type\":\"ImageObject\",\"inLanguage\":\"lv-LV\",\"@id\":\"https:\\\/\\\/www.honlufoodtrailer.com\\\/#\\\/schema\\\/logo\\\/image\\\/\",\"url\":\"https:\\\/\\\/www.honlufoodtrailer.com\\\/wp-content\\\/uploads\\\/2021\\\/12\\\/2.gif\",\"contentUrl\":\"https:\\\/\\\/www.honlufoodtrailer.com\\\/wp-content\\\/uploads\\\/2021\\\/12\\\/2.gif\",\"width\":350,\"height\":100,\"caption\":\"Honlu food trailer\"},\"image\":{\"@id\":\"https:\\\/\\\/www.honlufoodtrailer.com\\\/#\\\/schema\\\/logo\\\/image\\\/\"}}]}<\/script>\n<!-- \/ Yoast SEO plugin. -->","yoast_head_json":{"title":"Iela, izmantojot \u0101tr\u0101s \u0113din\u0101\u0161anas Vintage Food Truck jaun\u0101 stila p\u0101rtikas piekabi - Honlu p\u0101rtikas piekabe","description":"\u0160\u012b ir viena no m\u016bsu p\u0113c pas\u016bt\u012bjuma izgatavotaj\u0101m 4 m p\u0101rtikas piekab\u0113m ar piln\u012bb\u0101 apr\u012bkotu virtuvi. Piekabes priek\u0161puse ir veidota ar taisni atveramu logu, apr\u012bkota ar integr\u0113tu nojumi un apkalpo\u0161anas galdu. Atbilsto\u0161i klientu vajadz\u012bb\u0101m visa piekabe ir kompakta un viegli lietojama. Tas ir v\u0113lamais modelis mobil\u0101 p\u0101rtikas biznesa uzs\u0101k\u0161anai.","robots":{"index":"index","follow":"follow","max-snippet":"max-snippet:-1","max-image-preview":"max-image-preview:large","max-video-preview":"max-video-preview:-1"},"canonical":"https:\/\/www.honlufoodtrailer.com\/lv\/product\/street-using-fast-food-vintage-food-truck-new-style-food-trailer\/","og_locale":"lv_LV","og_type":"article","og_title":"Street Using Fast Food Vintage Food Truck New Style Food Trailer - Honlu food trailer","og_description":"This is one of our custom-made 4m food trailers with full kitchen. The front of the trailer is designed with straight open window, equipped with an integrated shelter and service table. According to customer needs, the whole trailer is compact and easy to use. It is the preferred model for starting the mobile food business.","og_url":"https:\/\/www.honlufoodtrailer.com\/lv\/product\/street-using-fast-food-vintage-food-truck-new-style-food-trailer\/","og_site_name":"Honlu food trailer","article_modified_time":"2024-10-28T09:07:40+00:00","og_image":[{"width":720,"height":540,"url":"https:\/\/www.honlufoodtrailer.com\/wp-content\/uploads\/2023\/01\/720\u00d7540-1-2.jpg","type":"image\/jpeg"}],"twitter_card":"summary_large_image","twitter_misc":{"Est. reading time":"3 min\u016btes"},"schema":{"@context":"https:\/\/schema.org","@graph":[{"@type":"WebPage","@id":"https:\/\/www.honlufoodtrailer.com\/product\/street-using-fast-food-vintage-food-truck-new-style-food-trailer\/","url":"https:\/\/www.honlufoodtrailer.com\/product\/street-using-fast-food-vintage-food-truck-new-style-food-trailer\/","name":"Iela, izmantojot \u0101tr\u0101s \u0113din\u0101\u0161anas Vintage Food Truck jaun\u0101 stila p\u0101rtikas piekabi - Honlu p\u0101rtikas piekabe","isPartOf":{"@id":"https:\/\/www.honlufoodtrailer.com\/#website"},"primaryImageOfPage":{"@id":"https:\/\/www.honlufoodtrailer.com\/product\/street-using-fast-food-vintage-food-truck-new-style-food-trailer\/#primaryimage"},"image":{"@id":"https:\/\/www.honlufoodtrailer.com\/product\/street-using-fast-food-vintage-food-truck-new-style-food-trailer\/#primaryimage"},"thumbnailUrl":"https:\/\/www.honlufoodtrailer.com\/wp-content\/uploads\/2023\/01\/720\u00d7540-1-2.jpg","datePublished":"2023-11-05T06:48:59+00:00","dateModified":"2024-10-28T09:07:40+00:00","description":"\u0160\u012b ir viena no m\u016bsu p\u0113c pas\u016bt\u012bjuma izgatavotaj\u0101m 4 m p\u0101rtikas piekab\u0113m ar piln\u012bb\u0101 apr\u012bkotu virtuvi. Piekabes priek\u0161puse ir veidota ar taisni atveramu logu, apr\u012bkota ar integr\u0113tu nojumi un apkalpo\u0161anas galdu. Atbilsto\u0161i klientu vajadz\u012bb\u0101m visa piekabe ir kompakta un viegli lietojama. Tas ir v\u0113lamais modelis mobil\u0101 p\u0101rtikas biznesa uzs\u0101k\u0161anai.","breadcrumb":{"@id":"https:\/\/www.honlufoodtrailer.com\/product\/street-using-fast-food-vintage-food-truck-new-style-food-trailer\/#breadcrumb"},"inLanguage":"lv-LV","potentialAction":[{"@type":"ReadAction","target":["https:\/\/www.honlufoodtrailer.com\/product\/street-using-fast-food-vintage-food-truck-new-style-food-trailer\/"]}]},{"@type":"ImageObject","inLanguage":"lv-LV","@id":"https:\/\/www.honlufoodtrailer.com\/product\/street-using-fast-food-vintage-food-truck-new-style-food-trailer\/#primaryimage","url":"https:\/\/www.honlufoodtrailer.com\/wp-content\/uploads\/2023\/01\/720\u00d7540-1-2.jpg","contentUrl":"https:\/\/www.honlufoodtrailer.com\/wp-content\/uploads\/2023\/01\/720\u00d7540-1-2.jpg","width":720,"height":540},{"@type":"BreadcrumbList","@id":"https:\/\/www.honlufoodtrailer.com\/product\/street-using-fast-food-vintage-food-truck-new-style-food-trailer\/#breadcrumb","itemListElement":[{"@type":"ListItem","position":1,"name":"Home","item":"https:\/\/www.honlufoodtrailer.com\/"},{"@type":"ListItem","position":2,"name":"\u4ea7\u54c1","item":"https:\/\/www.honlufoodtrailer.com\/shop\/"},{"@type":"ListItem","position":3,"name":"Street Using Fast Food Vintage Food Truck New Style Food Trailer"}]},{"@type":"WebSite","@id":"https:\/\/www.honlufoodtrailer.com\/#website","url":"https:\/\/www.honlufoodtrailer.com\/","name":"Honlu p\u0101rtikas piekabe","description":"","publisher":{"@id":"https:\/\/www.honlufoodtrailer.com\/#organization"},"potentialAction":[{"@type":"SearchAction","target":{"@type":"EntryPoint","urlTemplate":"https:\/\/www.honlufoodtrailer.com\/?s={search_term_string}"},"query-input":{"@type":"PropertyValueSpecification","valueRequired":true,"valueName":"search_term_string"}}],"inLanguage":"lv-LV"},{"@type":"Organization","@id":"https:\/\/www.honlufoodtrailer.com\/#organization","name":"Honlu p\u0101rtikas piekabe","url":"https:\/\/www.honlufoodtrailer.com\/","logo":{"@type":"ImageObject","inLanguage":"lv-LV","@id":"https:\/\/www.honlufoodtrailer.com\/#\/schema\/logo\/image\/","url":"https:\/\/www.honlufoodtrailer.com\/wp-content\/uploads\/2021\/12\/2.gif","contentUrl":"https:\/\/www.honlufoodtrailer.com\/wp-content\/uploads\/2021\/12\/2.gif","width":350,"height":100,"caption":"Honlu food trailer"},"image":{"@id":"https:\/\/www.honlufoodtrailer.com\/#\/schema\/logo\/image\/"}}]}},"_links":{"self":[{"href":"https:\/\/www.honlufoodtrailer.com\/lv\/wp-json\/wp\/v2\/product\/5372","targetHints":{"allow":["GET"]}}],"collection":[{"href":"https:\/\/www.honlufoodtrailer.com\/lv\/wp-json\/wp\/v2\/product"}],"about":[{"href":"https:\/\/www.honlufoodtrailer.com\/lv\/wp-json\/wp\/v2\/types\/product"}],"version-history":[{"count":0,"href":"https:\/\/www.honlufoodtrailer.com\/lv\/wp-json\/wp\/v2\/product\/5372\/revisions"}],"wp:featuredmedia":[{"embeddable":true,"href":"https:\/\/www.honlufoodtrailer.com\/lv\/wp-json\/wp\/v2\/media\/5374"}],"wp:attachment":[{"href":"https:\/\/www.honlufoodtrailer.com\/lv\/wp-json\/wp\/v2\/media?parent=5372"}],"wp:term":[{"taxonomy":"product_brand","embeddable":true,"href":"https:\/\/www.honlufoodtrailer.com\/lv\/wp-json\/wp\/v2\/product_brand?post=5372"},{"taxonomy":"product_cat","embeddable":true,"href":"https:\/\/www.honlufoodtrailer.com\/lv\/wp-json\/wp\/v2\/product_cat?post=5372"},{"taxonomy":"product_tag","embeddable":true,"href":"https:\/\/www.honlufoodtrailer.com\/lv\/wp-json\/wp\/v2\/product_tag?post=5372"}],"curies":[{"name":"wp","href":"https:\/\/api.w.org\/{rel}","templated":true}]}}