{"id":5618,"date":"2023-11-03T15:58:02","date_gmt":"2023-11-03T07:58:02","guid":{"rendered":"https:\/\/www.honlufoodtrailer.com\/?post_type=product&#038;p=5618"},"modified":"2024-11-01T14:30:29","modified_gmt":"2024-11-01T06:30:29","slug":"36ft-mobile-food-kitchen-trailer-in-pink-color","status":"publish","type":"product","link":"https:\/\/www.honlufoodtrailer.com\/lv\/product\/36ft-mobile-food-kitchen-trailer-in-pink-color\/","title":{"rendered":"36 p\u0113du mobil\u0101 p\u0101rtikas virtuves piekabe roz\u0101 kr\u0101s\u0101"},"content":{"rendered":"<p data-spm-anchor-id=\"a2700.wholesale.0.i28.29e52808agqc7f\">\u0160\u012b ir piel\u0101gota 36\u00a0p\u0113du mobil\u0101 p\u0101rtikas virtuves piekabe roz\u0101 kr\u0101s\u0101. Virs piekabes korpusa m\u0113s piel\u0101goj\u0101m rekl\u0101mas stenda v\u0101rdus, lai tie atbilstu klientu vajadz\u012bb\u0101m. To var izmantot c\u012bsi\u0146u p\u0101rdo\u0161anai, mazumtirdzniec\u012bbas oper\u0101cij\u0101m, ziedu oper\u0101cij\u0101m, sviestmaiz\u0113m, kafijai, sald\u0113jumam utt. Mums ir CE sertifik\u0101ts, lai pal\u012bdz\u0113tu jums uzs\u0101kt mobilo biznesu.<\/p>\n<p data-spm-anchor-id=\"a2700.wholesale.0.i28.29e52808agqc7f\"><img fetchpriority=\"high\" decoding=\"async\" class=\"size-full wp-image-5623 aligncenter\" src=\"https:\/\/www.honlufoodtrailer.com\/wp-content\/uploads\/2023\/10\/36ft-Mobile-Food-Trailer.jpg\" alt=\"36 p\u0113du mobil\u0101 p\u0101rtikas piekabe\" width=\"720\" height=\"540\" srcset=\"https:\/\/www.honlufoodtrailer.com\/wp-content\/uploads\/2023\/10\/36ft-Mobile-Food-Trailer.jpg 720w, https:\/\/www.honlufoodtrailer.com\/wp-content\/uploads\/2023\/10\/36ft-Mobile-Food-Trailer-480x360.jpg 480w, https:\/\/www.honlufoodtrailer.com\/wp-content\/uploads\/2023\/10\/36ft-Mobile-Food-Trailer-300x225.jpg 300w\" sizes=\"(max-width: 720px) 100vw, 720px\" \/><\/p>\n<p data-spm-anchor-id=\"a2700.wholesale.0.i28.29e52808agqc7f\">Darbagalds un iek\u0161\u0113j\u0101 siena b\u0101ra un grila piekabes iek\u0161pus\u0113 ir izgatavota no p\u0101rtikas kvalit\u0101tes ner\u016bs\u0113jo\u0161\u0101 t\u0113rauda. Atbilsto\u0161i klientu vajadz\u012bb\u0101m t\u0101 ir apr\u012bkota ar fritieri, piel\u0101got\u0101m trim izlietn\u0113m, ziepju dozatoru, g\u0101zes pl\u012bt\u012bm, tvaika nos\u016bc\u0113jiem un citu apr\u012bkojumu. Atkar\u012bb\u0101 no klientu vajadz\u012bb\u0101m m\u0113s ieg\u0101d\u0101simies ar\u012b cita veida apr\u012bkojumu.<\/p>\n<p data-spm-anchor-id=\"a2700.wholesale.0.i28.29e52808agqc7f\"><img decoding=\"async\" class=\"size-full wp-image-5621 aligncenter\" src=\"https:\/\/www.honlufoodtrailer.com\/wp-content\/uploads\/2023\/10\/36ft-Mobile-Food-Kitchen-Trailer.jpg\" alt=\"36 p\u0113du mobil\u0101 p\u0101rtikas virtuves piekabe\" width=\"720\" height=\"540\" srcset=\"https:\/\/www.honlufoodtrailer.com\/wp-content\/uploads\/2023\/10\/36ft-Mobile-Food-Kitchen-Trailer.jpg 720w, https:\/\/www.honlufoodtrailer.com\/wp-content\/uploads\/2023\/10\/36ft-Mobile-Food-Kitchen-Trailer-480x360.jpg 480w, https:\/\/www.honlufoodtrailer.com\/wp-content\/uploads\/2023\/10\/36ft-Mobile-Food-Kitchen-Trailer-300x225.jpg 300w\" sizes=\"(max-width: 720px) 100vw, 720px\" \/><\/p>\n<p data-spm-anchor-id=\"a2700.wholesale.0.i28.29e52808agqc7f\">P\u0101rtikas piekabes var saukt ar\u012b par p\u0101rtikas rati\u0146iem, p\u0101rtikas furgoniem, p\u0101rtikas kravas automa\u0161\u012bn\u0101m utt. T\u0101s var izmantot \u0101tr\u0101s \u0113din\u0101\u0161anas, uzkodu, av\u012b\u017eu, gr\u0101matu utt. p\u0101rdo\u0161anai. T\u0101s sast\u0101v no \u0161asijas, virsb\u016bves, gr\u012bdas seguma, darba galda, \u016bdens sist\u0113mas, elektrisk\u0101s sist\u0113mas. Lietot\u0101ji var izv\u0113l\u0113ties ar\u012b v\u0113lamo kr\u0101su. Ja klienti v\u0113las, m\u0113s labpr\u0101t ieg\u0101d\u0101tos cita veida apr\u012bkojumu.<\/p>\n<h3>Pla\u0161\u0101ka inform\u0101cija par Mobile Food Kitchen Rekl\u0101mkadru<\/h3>\n<p>Skatiet s\u012bk\u0101ku inform\u0101ciju par \u0161o 11\u00a0m mobilo p\u0101rtikas virtuves piekabi.<br \/>\n<img decoding=\"async\" class=\"aligncenter size-full wp-image-8901\" src=\"https:\/\/www.honlufoodtrailer.com\/wp-content\/uploads\/2023\/11\/36ft-Mobile-Food-Kitchen-Trailer-more-details.jpg\" alt=\"36\u00a0ft Mobile Food Kitchen Trailer s\u012bk\u0101ka inform\u0101cija\" width=\"800\" height=\"800\" srcset=\"https:\/\/www.honlufoodtrailer.com\/wp-content\/uploads\/2023\/11\/36ft-Mobile-Food-Kitchen-Trailer-more-details.jpg 800w, https:\/\/www.honlufoodtrailer.com\/wp-content\/uploads\/2023\/11\/36ft-Mobile-Food-Kitchen-Trailer-more-details-768x768.jpg 768w, https:\/\/www.honlufoodtrailer.com\/wp-content\/uploads\/2023\/11\/36ft-Mobile-Food-Kitchen-Trailer-more-details-360x360.jpg 360w, https:\/\/www.honlufoodtrailer.com\/wp-content\/uploads\/2023\/11\/36ft-Mobile-Food-Kitchen-Trailer-more-details-300x300.jpg 300w, https:\/\/www.honlufoodtrailer.com\/wp-content\/uploads\/2023\/11\/36ft-Mobile-Food-Kitchen-Trailer-more-details-720x720.jpg 720w, https:\/\/www.honlufoodtrailer.com\/wp-content\/uploads\/2023\/11\/36ft-Mobile-Food-Kitchen-Trailer-more-details-100x100.jpg 100w\" sizes=\"(max-width: 800px) 100vw, 800px\" \/><\/p>\n<h3 class=\"magic-6\" data-spm-anchor-id=\"a2700.wholesale.0.i28.29e52808agqc7f\">Mobil\u0101s p\u0101rtikas virtuves treilera galven\u0101s iez\u012bmes<\/h3>\n<div class=\"magic-7\">\n<div class=\"magic-8\">\n<div class=\"magic-9\" data-id=\"paragraph0\">\n<ol>\n<li>Modes izskatu var piel\u0101got;<\/li>\n<li>Cinkota lok\u0161\u0146u piekabes virsb\u016bve un iek\u0161\u0113j\u0101 konstrukcija, laba karstumiztur\u012bba, nodilumiztur\u012bba, iztur\u012bba pret koroziju;<\/li>\n<li>M\u016bsdien\u012bgi un uzlaboti aksesu\u0101ri, kas apr\u012bkoti mobilaj\u0101 p\u0101rtikas virtuv\u0113;<\/li>\n<li>Tas ir triecieniztur\u012bgs un gr\u016bti korozijai iztur\u012bgs, ar augstu karstumiztur\u012bbu un iztur\u012bbu, augstu kr\u0101su notur\u012bbu, bez deform\u0101cijas, \u016bdensiztur\u012bgs un ar ilgu kalpo\u0161anas laiku;<\/li>\n<li>M\u0113s ar prieku to p\u0101rveidosim atbilsto\u0161i j\u016bsu pras\u012bb\u0101m.<\/li>\n<\/ol>\n<h3><img loading=\"lazy\" decoding=\"async\" class=\"size-full wp-image-5622 aligncenter\" src=\"https:\/\/www.honlufoodtrailer.com\/wp-content\/uploads\/2023\/10\/36ft-Mobile-Food-Kitchen.jpg\" alt=\"36 p\u0113du mobil\u0101 p\u0101rtikas virtuve\" width=\"720\" height=\"540\" srcset=\"https:\/\/www.honlufoodtrailer.com\/wp-content\/uploads\/2023\/10\/36ft-Mobile-Food-Kitchen.jpg 720w, https:\/\/www.honlufoodtrailer.com\/wp-content\/uploads\/2023\/10\/36ft-Mobile-Food-Kitchen-480x360.jpg 480w, https:\/\/www.honlufoodtrailer.com\/wp-content\/uploads\/2023\/10\/36ft-Mobile-Food-Kitchen-300x225.jpg 300w\" sizes=\"(max-width: 720px) 100vw, 720px\" \/>Bezmaksas 2D\/3D st\u0101va pl\u0101na ras\u0113jums<\/h3>\n<p>P\u0113c izm\u0113ru apstiprin\u0101\u0161anas <a href=\"https:\/\/www.honlufoodtrailer.com\/lv\/product\/\" target=\"_blank\" rel=\"noopener\">p\u0101rtikas piekabe<\/a> un iek\u0161\u0113jo virtuves apr\u012bkojumu, m\u0113s varam jums bez maksas nodro\u0161in\u0101t 3D ras\u0113jumus. Tas sniegs jums skaidr\u0101ku priek\u0161statu par j\u016bsu dizainu un p\u0101rtikas rati\u0146iem. Apstiprinot virtuves apr\u012bkojuma atra\u0161an\u0101s vietu, m\u0113s var\u0113sim skaidri sazin\u0101ties ar jums, izmantojot st\u0101vu pl\u0101nu. M\u0113s varam ar\u012b nodro\u0161in\u0101t j\u016bs ar ori\u0123in\u0101lajiem dokumentiem, lai atvieglotu j\u016bsu dizainu un veiktu korekcijas.<\/p>\n<\/div>\n<\/div>\n<\/div>","protected":false},"excerpt":{"rendered":"<p data-spm-anchor-id=\"a2700.wholesale.0.i28.29e52808agqc7f\">\u0160\u012b ir piel\u0101gota 36\u00a0p\u0113du mobil\u0101 p\u0101rtikas virtuves piekabe roz\u0101 kr\u0101s\u0101. Protams, m\u0113s varam izgatavot l\u012bdz\u012bgu p\u0101rtikas piekabi, piem\u0113ram, \u0161o, vai piel\u0101got to jums. P\u0101rtikas piekabes virsb\u016bves kr\u0101su, uzl\u012bmes, izk\u0101rtnes, virtuves apr\u012bkojumu var piel\u0101got. Vienk\u0101r\u0161i nevilcinieties sazin\u0101ties ar mums, lai uzzin\u0101tu cenu t\u016bl\u012bt!<\/p>","protected":false},"featured_media":5621,"template":"","meta":{"_themeisle_gutenberg_block_has_review":false},"product_brand":[],"product_cat":[26],"product_tag":[53,33,41,45,57,38,52],"class_list":{"0":"post-5618","1":"product","2":"type-product","3":"status-publish","4":"has-post-thumbnail","6":"product_cat-product","7":"product_tag-customized-sinks","8":"product_tag-customized-trailer","9":"product_tag-galvanized-trailer","10":"product_tag-large-food-trailer","11":"product_tag-mobile-food-kitchen","12":"product_tag-mobile-food-trailer","13":"product_tag-personalized-billboard","15":"first","16":"instock","17":"shipping-taxable","18":"product-type-simple"},"yoast_head":"<!-- This site is optimized with the Yoast SEO plugin v27.6 - https:\/\/yoast.com\/product\/yoast-seo-wordpress\/ -->\n<title>36ft Mobile Food Kitchen Trailer in Pink Color - Honlu food trailer<\/title>\n<meta name=\"description\" content=\"This is a customized 36ft mobile food kitchen trailer in pink color. High quality and certified to help you start a mobile business. Get the price now!\" \/>\n<meta name=\"robots\" content=\"index, follow, max-snippet:-1, max-image-preview:large, max-video-preview:-1\" \/>\n<link rel=\"canonical\" href=\"https:\/\/www.honlufoodtrailer.com\/lv\/product\/36ft-mobile-food-kitchen-trailer-in-pink-color\/\" \/>\n<meta property=\"og:locale\" content=\"lv_LV\" \/>\n<meta property=\"og:type\" content=\"article\" \/>\n<meta property=\"og:title\" content=\"36ft Mobile Food Kitchen Trailer in Pink Color - Honlu food trailer\" \/>\n<meta property=\"og:description\" content=\"This is a customized 36ft mobile food kitchen trailer in pink color. High quality and certified to help you start a mobile business. Get the price now!\" \/>\n<meta property=\"og:url\" content=\"https:\/\/www.honlufoodtrailer.com\/lv\/product\/36ft-mobile-food-kitchen-trailer-in-pink-color\/\" \/>\n<meta property=\"og:site_name\" content=\"Honlu food trailer\" \/>\n<meta property=\"article:modified_time\" content=\"2024-11-01T06:30:29+00:00\" \/>\n<meta property=\"og:image\" content=\"https:\/\/www.honlufoodtrailer.com\/wp-content\/uploads\/2023\/10\/36ft-Mobile-Food-Kitchen-Trailer.jpg\" \/>\n\t<meta property=\"og:image:width\" content=\"720\" \/>\n\t<meta property=\"og:image:height\" content=\"540\" \/>\n\t<meta property=\"og:image:type\" content=\"image\/jpeg\" \/>\n<meta name=\"twitter:card\" content=\"summary_large_image\" \/>\n<meta name=\"twitter:label1\" content=\"Est. reading time\" \/>\n\t<meta name=\"twitter:data1\" content=\"2 min\u016btes\" \/>\n<script type=\"application\/ld+json\" class=\"yoast-schema-graph\">{\"@context\":\"https:\\\/\\\/schema.org\",\"@graph\":[{\"@type\":\"WebPage\",\"@id\":\"https:\\\/\\\/www.honlufoodtrailer.com\\\/product\\\/36ft-mobile-food-kitchen-trailer-in-pink-color\\\/\",\"url\":\"https:\\\/\\\/www.honlufoodtrailer.com\\\/product\\\/36ft-mobile-food-kitchen-trailer-in-pink-color\\\/\",\"name\":\"36ft Mobile Food Kitchen Trailer in Pink Color - Honlu food trailer\",\"isPartOf\":{\"@id\":\"https:\\\/\\\/www.honlufoodtrailer.com\\\/#website\"},\"primaryImageOfPage\":{\"@id\":\"https:\\\/\\\/www.honlufoodtrailer.com\\\/product\\\/36ft-mobile-food-kitchen-trailer-in-pink-color\\\/#primaryimage\"},\"image\":{\"@id\":\"https:\\\/\\\/www.honlufoodtrailer.com\\\/product\\\/36ft-mobile-food-kitchen-trailer-in-pink-color\\\/#primaryimage\"},\"thumbnailUrl\":\"https:\\\/\\\/www.honlufoodtrailer.com\\\/wp-content\\\/uploads\\\/2023\\\/10\\\/36ft-Mobile-Food-Kitchen-Trailer.jpg\",\"datePublished\":\"2023-11-03T07:58:02+00:00\",\"dateModified\":\"2024-11-01T06:30:29+00:00\",\"description\":\"This is a customized 36ft mobile food kitchen trailer in pink color. High quality and certified to help you start a mobile business. Get the price now!\",\"breadcrumb\":{\"@id\":\"https:\\\/\\\/www.honlufoodtrailer.com\\\/product\\\/36ft-mobile-food-kitchen-trailer-in-pink-color\\\/#breadcrumb\"},\"inLanguage\":\"lv-LV\",\"potentialAction\":[{\"@type\":\"ReadAction\",\"target\":[\"https:\\\/\\\/www.honlufoodtrailer.com\\\/product\\\/36ft-mobile-food-kitchen-trailer-in-pink-color\\\/\"]}]},{\"@type\":\"ImageObject\",\"inLanguage\":\"lv-LV\",\"@id\":\"https:\\\/\\\/www.honlufoodtrailer.com\\\/product\\\/36ft-mobile-food-kitchen-trailer-in-pink-color\\\/#primaryimage\",\"url\":\"https:\\\/\\\/www.honlufoodtrailer.com\\\/wp-content\\\/uploads\\\/2023\\\/10\\\/36ft-Mobile-Food-Kitchen-Trailer.jpg\",\"contentUrl\":\"https:\\\/\\\/www.honlufoodtrailer.com\\\/wp-content\\\/uploads\\\/2023\\\/10\\\/36ft-Mobile-Food-Kitchen-Trailer.jpg\",\"width\":720,\"height\":540,\"caption\":\"36ft Mobile Food Kitchen Trailer\"},{\"@type\":\"BreadcrumbList\",\"@id\":\"https:\\\/\\\/www.honlufoodtrailer.com\\\/product\\\/36ft-mobile-food-kitchen-trailer-in-pink-color\\\/#breadcrumb\",\"itemListElement\":[{\"@type\":\"ListItem\",\"position\":1,\"name\":\"Home\",\"item\":\"https:\\\/\\\/www.honlufoodtrailer.com\\\/\"},{\"@type\":\"ListItem\",\"position\":2,\"name\":\"\u4ea7\u54c1\",\"item\":\"https:\\\/\\\/www.honlufoodtrailer.com\\\/shop\\\/\"},{\"@type\":\"ListItem\",\"position\":3,\"name\":\"36ft Mobile Food Kitchen Trailer in Pink Color\"}]},{\"@type\":\"WebSite\",\"@id\":\"https:\\\/\\\/www.honlufoodtrailer.com\\\/#website\",\"url\":\"https:\\\/\\\/www.honlufoodtrailer.com\\\/\",\"name\":\"Honlu food trailer\",\"description\":\"\",\"publisher\":{\"@id\":\"https:\\\/\\\/www.honlufoodtrailer.com\\\/#organization\"},\"potentialAction\":[{\"@type\":\"SearchAction\",\"target\":{\"@type\":\"EntryPoint\",\"urlTemplate\":\"https:\\\/\\\/www.honlufoodtrailer.com\\\/?s={search_term_string}\"},\"query-input\":{\"@type\":\"PropertyValueSpecification\",\"valueRequired\":true,\"valueName\":\"search_term_string\"}}],\"inLanguage\":\"lv-LV\"},{\"@type\":\"Organization\",\"@id\":\"https:\\\/\\\/www.honlufoodtrailer.com\\\/#organization\",\"name\":\"Honlu food trailer\",\"url\":\"https:\\\/\\\/www.honlufoodtrailer.com\\\/\",\"logo\":{\"@type\":\"ImageObject\",\"inLanguage\":\"lv-LV\",\"@id\":\"https:\\\/\\\/www.honlufoodtrailer.com\\\/#\\\/schema\\\/logo\\\/image\\\/\",\"url\":\"https:\\\/\\\/www.honlufoodtrailer.com\\\/wp-content\\\/uploads\\\/2021\\\/12\\\/2.gif\",\"contentUrl\":\"https:\\\/\\\/www.honlufoodtrailer.com\\\/wp-content\\\/uploads\\\/2021\\\/12\\\/2.gif\",\"width\":350,\"height\":100,\"caption\":\"Honlu food trailer\"},\"image\":{\"@id\":\"https:\\\/\\\/www.honlufoodtrailer.com\\\/#\\\/schema\\\/logo\\\/image\\\/\"}}]}<\/script>\n<!-- \/ Yoast SEO plugin. -->","yoast_head_json":{"title":"36\u00a0ft Mobile Food Kitchen Trailer roz\u0101 kr\u0101s\u0101\u00a0\u2014 Honlu p\u0101rtikas piekabe","description":"\u0160\u012b ir piel\u0101gota 36\u00a0p\u0113du mobil\u0101 p\u0101rtikas virtuves piekabe roz\u0101 kr\u0101s\u0101. Augsta kvalit\u0101te un sertific\u0113ts, lai pal\u012bdz\u0113tu jums uzs\u0101kt mobilo biznesu. Sa\u0146emiet cenu t\u016bl\u012bt!","robots":{"index":"index","follow":"follow","max-snippet":"max-snippet:-1","max-image-preview":"max-image-preview:large","max-video-preview":"max-video-preview:-1"},"canonical":"https:\/\/www.honlufoodtrailer.com\/lv\/product\/36ft-mobile-food-kitchen-trailer-in-pink-color\/","og_locale":"lv_LV","og_type":"article","og_title":"36ft Mobile Food Kitchen Trailer in Pink Color - Honlu food trailer","og_description":"This is a customized 36ft mobile food kitchen trailer in pink color. High quality and certified to help you start a mobile business. Get the price now!","og_url":"https:\/\/www.honlufoodtrailer.com\/lv\/product\/36ft-mobile-food-kitchen-trailer-in-pink-color\/","og_site_name":"Honlu food trailer","article_modified_time":"2024-11-01T06:30:29+00:00","og_image":[{"width":720,"height":540,"url":"https:\/\/www.honlufoodtrailer.com\/wp-content\/uploads\/2023\/10\/36ft-Mobile-Food-Kitchen-Trailer.jpg","type":"image\/jpeg"}],"twitter_card":"summary_large_image","twitter_misc":{"Est. reading time":"2 min\u016btes"},"schema":{"@context":"https:\/\/schema.org","@graph":[{"@type":"WebPage","@id":"https:\/\/www.honlufoodtrailer.com\/product\/36ft-mobile-food-kitchen-trailer-in-pink-color\/","url":"https:\/\/www.honlufoodtrailer.com\/product\/36ft-mobile-food-kitchen-trailer-in-pink-color\/","name":"36\u00a0ft Mobile Food Kitchen Trailer roz\u0101 kr\u0101s\u0101\u00a0\u2014 Honlu p\u0101rtikas piekabe","isPartOf":{"@id":"https:\/\/www.honlufoodtrailer.com\/#website"},"primaryImageOfPage":{"@id":"https:\/\/www.honlufoodtrailer.com\/product\/36ft-mobile-food-kitchen-trailer-in-pink-color\/#primaryimage"},"image":{"@id":"https:\/\/www.honlufoodtrailer.com\/product\/36ft-mobile-food-kitchen-trailer-in-pink-color\/#primaryimage"},"thumbnailUrl":"https:\/\/www.honlufoodtrailer.com\/wp-content\/uploads\/2023\/10\/36ft-Mobile-Food-Kitchen-Trailer.jpg","datePublished":"2023-11-03T07:58:02+00:00","dateModified":"2024-11-01T06:30:29+00:00","description":"\u0160\u012b ir piel\u0101gota 36\u00a0p\u0113du mobil\u0101 p\u0101rtikas virtuves piekabe roz\u0101 kr\u0101s\u0101. Augsta kvalit\u0101te un sertific\u0113ts, lai pal\u012bdz\u0113tu jums uzs\u0101kt mobilo biznesu. Sa\u0146emiet cenu t\u016bl\u012bt!","breadcrumb":{"@id":"https:\/\/www.honlufoodtrailer.com\/product\/36ft-mobile-food-kitchen-trailer-in-pink-color\/#breadcrumb"},"inLanguage":"lv-LV","potentialAction":[{"@type":"ReadAction","target":["https:\/\/www.honlufoodtrailer.com\/product\/36ft-mobile-food-kitchen-trailer-in-pink-color\/"]}]},{"@type":"ImageObject","inLanguage":"lv-LV","@id":"https:\/\/www.honlufoodtrailer.com\/product\/36ft-mobile-food-kitchen-trailer-in-pink-color\/#primaryimage","url":"https:\/\/www.honlufoodtrailer.com\/wp-content\/uploads\/2023\/10\/36ft-Mobile-Food-Kitchen-Trailer.jpg","contentUrl":"https:\/\/www.honlufoodtrailer.com\/wp-content\/uploads\/2023\/10\/36ft-Mobile-Food-Kitchen-Trailer.jpg","width":720,"height":540,"caption":"36ft Mobile Food Kitchen Trailer"},{"@type":"BreadcrumbList","@id":"https:\/\/www.honlufoodtrailer.com\/product\/36ft-mobile-food-kitchen-trailer-in-pink-color\/#breadcrumb","itemListElement":[{"@type":"ListItem","position":1,"name":"Home","item":"https:\/\/www.honlufoodtrailer.com\/"},{"@type":"ListItem","position":2,"name":"\u4ea7\u54c1","item":"https:\/\/www.honlufoodtrailer.com\/shop\/"},{"@type":"ListItem","position":3,"name":"36ft Mobile Food Kitchen Trailer in Pink Color"}]},{"@type":"WebSite","@id":"https:\/\/www.honlufoodtrailer.com\/#website","url":"https:\/\/www.honlufoodtrailer.com\/","name":"Honlu p\u0101rtikas piekabe","description":"","publisher":{"@id":"https:\/\/www.honlufoodtrailer.com\/#organization"},"potentialAction":[{"@type":"SearchAction","target":{"@type":"EntryPoint","urlTemplate":"https:\/\/www.honlufoodtrailer.com\/?s={search_term_string}"},"query-input":{"@type":"PropertyValueSpecification","valueRequired":true,"valueName":"search_term_string"}}],"inLanguage":"lv-LV"},{"@type":"Organization","@id":"https:\/\/www.honlufoodtrailer.com\/#organization","name":"Honlu p\u0101rtikas piekabe","url":"https:\/\/www.honlufoodtrailer.com\/","logo":{"@type":"ImageObject","inLanguage":"lv-LV","@id":"https:\/\/www.honlufoodtrailer.com\/#\/schema\/logo\/image\/","url":"https:\/\/www.honlufoodtrailer.com\/wp-content\/uploads\/2021\/12\/2.gif","contentUrl":"https:\/\/www.honlufoodtrailer.com\/wp-content\/uploads\/2021\/12\/2.gif","width":350,"height":100,"caption":"Honlu food trailer"},"image":{"@id":"https:\/\/www.honlufoodtrailer.com\/#\/schema\/logo\/image\/"}}]}},"_links":{"self":[{"href":"https:\/\/www.honlufoodtrailer.com\/lv\/wp-json\/wp\/v2\/product\/5618","targetHints":{"allow":["GET"]}}],"collection":[{"href":"https:\/\/www.honlufoodtrailer.com\/lv\/wp-json\/wp\/v2\/product"}],"about":[{"href":"https:\/\/www.honlufoodtrailer.com\/lv\/wp-json\/wp\/v2\/types\/product"}],"version-history":[{"count":0,"href":"https:\/\/www.honlufoodtrailer.com\/lv\/wp-json\/wp\/v2\/product\/5618\/revisions"}],"wp:featuredmedia":[{"embeddable":true,"href":"https:\/\/www.honlufoodtrailer.com\/lv\/wp-json\/wp\/v2\/media\/5621"}],"wp:attachment":[{"href":"https:\/\/www.honlufoodtrailer.com\/lv\/wp-json\/wp\/v2\/media?parent=5618"}],"wp:term":[{"taxonomy":"product_brand","embeddable":true,"href":"https:\/\/www.honlufoodtrailer.com\/lv\/wp-json\/wp\/v2\/product_brand?post=5618"},{"taxonomy":"product_cat","embeddable":true,"href":"https:\/\/www.honlufoodtrailer.com\/lv\/wp-json\/wp\/v2\/product_cat?post=5618"},{"taxonomy":"product_tag","embeddable":true,"href":"https:\/\/www.honlufoodtrailer.com\/lv\/wp-json\/wp\/v2\/product_tag?post=5618"}],"curies":[{"name":"wp","href":"https:\/\/api.w.org\/{rel}","templated":true}]}}