{"id":5876,"date":"2023-11-16T17:26:45","date_gmt":"2023-11-16T09:26:45","guid":{"rendered":"https:\/\/www.honlufoodtrailer.com\/?post_type=product&#038;p=5876"},"modified":"2025-02-14T15:45:43","modified_gmt":"2025-02-14T07:45:43","slug":"18ft-concession-trailer-with-kitchen","status":"publish","type":"product","link":"https:\/\/www.honlufoodtrailer.com\/lv\/product\/18ft-concession-trailer-with-kitchen\/","title":{"rendered":"18\u00a0ft koncesijas treileris ar virtuvi"},"content":{"rendered":"<h3>\u0160\u012bs 18\u00a0p\u0113du koncesijas piekabes ar virtuvi izmanto\u0161ana<\/h3>\n<p>\u0160\u012b ir p\u0113c pas\u016bt\u012bjuma izgatavota 18\u00a0ft koncesijas piekabe ar virtuvi, ko esam izgatavoju\u0161i klientam Amerikas Savienotaj\u0101s Valst\u012bs. M\u016bsu klientam ir savs restor\u0101ns. Vi\u0146\u0161 izmanto \u0161o koncesijas stenda piekabes mobilo virtuvi, lai papla\u0161in\u0101tu savu biznesu.<\/p>\n<p><img fetchpriority=\"high\" decoding=\"async\" class=\"size-full wp-image-5883 aligncenter\" src=\"https:\/\/www.honlufoodtrailer.com\/wp-content\/uploads\/2023\/11\/concession-kitchen-trailers-for-sale.jpg\" alt=\"P\u0101rdodu koncesijas virtuves piekabes\" width=\"720\" height=\"540\" srcset=\"https:\/\/www.honlufoodtrailer.com\/wp-content\/uploads\/2023\/11\/concession-kitchen-trailers-for-sale.jpg 720w, https:\/\/www.honlufoodtrailer.com\/wp-content\/uploads\/2023\/11\/concession-kitchen-trailers-for-sale-480x360.jpg 480w, https:\/\/www.honlufoodtrailer.com\/wp-content\/uploads\/2023\/11\/concession-kitchen-trailers-for-sale-300x225.jpg 300w\" sizes=\"(max-width: 720px) 100vw, 720px\" \/><\/p>\n<h3>Iek\u0161\u0113jais apr\u012bkojums<\/h3>\n<p>Iek\u0161\u0113j\u0101 apr\u012bkojum\u0101 galvenok\u0101rt ietilpst sal\u0101tu ledusskapis, vertik\u0101lais ledusskapis, pl\u012bts, g\u0101zes kebabs, cepe\u0161kr\u0101sns, ner\u016bs\u0113jo\u0161\u0101 t\u0113rauda darbagalds, gaisa kondicionieris utt. T\u0101l\u0101k ir sniegts \u0161\u012bs 18\u00a0ft koncesijas piekabes ar virtuvi iek\u0161\u0113jais p\u0101rskats.<\/p>\n<p><img decoding=\"async\" class=\"size-full wp-image-5881 aligncenter\" src=\"https:\/\/www.honlufoodtrailer.com\/wp-content\/uploads\/2023\/11\/18ft-concession-kitchen-trailers-for-sale-inner-details.jpg\" alt=\"P\u0101rdodu 18\u00a0ft koncesijas virtuves piekabes iek\u0161\u0113j\u0101s deta\u013cas\" width=\"720\" height=\"540\" srcset=\"https:\/\/www.honlufoodtrailer.com\/wp-content\/uploads\/2023\/11\/18ft-concession-kitchen-trailers-for-sale-inner-details.jpg 720w, https:\/\/www.honlufoodtrailer.com\/wp-content\/uploads\/2023\/11\/18ft-concession-kitchen-trailers-for-sale-inner-details-480x360.jpg 480w, https:\/\/www.honlufoodtrailer.com\/wp-content\/uploads\/2023\/11\/18ft-concession-kitchen-trailers-for-sale-inner-details-300x225.jpg 300w\" sizes=\"(max-width: 720px) 100vw, 720px\" \/><\/p>\n<p>&nbsp;<\/p>\n<h3 class=\"magic-6\" data-spm-anchor-id=\"a2700.wholesale.0.i28.29e52808agqc7f\">Galven\u0101s iez\u012bmes<\/h3>\n<div class=\"magic-7\">\n<div class=\"magic-8\">\n<div class=\"magic-9\" data-id=\"paragraph0\">\n<ol>\n<li>Modes izskatu var piel\u0101got;<\/li>\n<li>Ner\u016bs\u0113jo\u0161\u0101 t\u0113rauda piekabes virsb\u016bve un iek\u0161\u0113j\u0101 konstrukcija, laba karstumiztur\u012bba, nodilumiztur\u012bba, iztur\u012bba pret koroziju;<\/li>\n<li>Mobilaj\u0101 p\u0101rtikas piekab\u0113 ir apr\u012bkots moderns un uzlabots apr\u012bkojums;<\/li>\n<li>Tas ir triecieniztur\u012bgs un gr\u016bti korozijai iztur\u012bgs, karstumiztur\u012bgs un iztur\u012bgs, ar augstu kr\u0101su notur\u012bbu, bez deform\u0101cijas, \u016bdensiztur\u012bgs un ar ilgu kalpo\u0161anas laiku;<\/li>\n<li>M\u0113s ar prieku to p\u0101rveidosim atbilsto\u0161i j\u016bsu pras\u012bb\u0101m.<\/li>\n<\/ol>\n<h3>Bezmaksas 2D\/3D st\u0101va pl\u0101na ras\u0113jums<\/h3>\n<p>P\u0113c koncesijas piekabes ar virtuvi un iek\u0161\u0113j\u0101s virtuves apr\u012bkojuma izm\u0113ru apstiprin\u0101\u0161anas varam bez maksas nodro\u0161in\u0101t 3D ras\u0113jumus. Tas sniegs skaidr\u0101ku priek\u0161statu par j\u016bsu dizainu un p\u0101rtikas grozu. Apstiprinot virtuves iek\u0101rtu atra\u0161an\u0101s vietu, m\u0113s varam skaidri sazin\u0101ties ar jums, izmantojot gr\u012bdas pl\u0101nu. M\u0113s varam ar\u012b nodro\u0161in\u0101t j\u016bs ar dokumentu ori\u0123in\u0101liem, lai atvieglotu j\u016bsu dizainu un veiktu korekcijas.<\/p>\n<\/div>\n<\/div>\n<\/div>","protected":false},"excerpt":{"rendered":"<p data-spm-anchor-id=\"a2700.wholesale.0.i28.29e52808agqc7f\">\u0160\u012b ir viena no m\u016bsu pas\u016bt\u012bjuma izgatavotaj\u0101m 18\u00a0ft koncesijas virtuves piekab\u0113m p\u0101rdo\u0161an\u0101. M\u0113s varam izgatavot l\u012bdz\u012bgu p\u0101rtikas piekabi, piem\u0113ram, \u0161o, vai piel\u0101got to jums. P\u0101rtikas piekabes virsb\u016bves kr\u0101su, uzl\u012bmes, izk\u0101rtnes, virtuves apr\u012bkojumu var piel\u0101got. Atbilsto\u0161i klientu vajadz\u012bb\u0101m visa piekabe ir kompakta un viegli lietojama. Tas ir v\u0113lamais modelis mobil\u0101 p\u0101rtikas biznesa uzs\u0101k\u0161anai.<\/p>","protected":false},"featured_media":5883,"template":"","meta":{"_themeisle_gutenberg_block_has_review":false},"product_brand":[],"product_cat":[26],"product_tag":[83,58,53,33,38],"class_list":{"0":"post-5876","1":"product","2":"type-product","3":"status-publish","4":"has-post-thumbnail","6":"product_cat-product","7":"product_tag-18ft-food-trailer","8":"product_tag-concession-trailer-with-kitchen","9":"product_tag-customized-sinks","10":"product_tag-customized-trailer","11":"product_tag-mobile-food-trailer","13":"first","14":"instock","15":"featured","16":"shipping-taxable","17":"product-type-simple"},"yoast_head":"<!-- This site is optimized with the Yoast SEO plugin v27.6 - https:\/\/yoast.com\/product\/yoast-seo-wordpress\/ -->\n<title>18ft Concession Trailer With Kitchen For Sale - Honlu Food Trailer<\/title>\n<meta name=\"description\" content=\"This is one of our custom-made 18ft concession trailer with kitchen. We can make a similar one or customize one for you. See here!\" \/>\n<meta name=\"robots\" content=\"index, follow, max-snippet:-1, max-image-preview:large, max-video-preview:-1\" \/>\n<link rel=\"canonical\" href=\"https:\/\/www.honlufoodtrailer.com\/lv\/product\/18ft-concession-trailer-with-kitchen\/\" \/>\n<meta property=\"og:locale\" content=\"lv_LV\" \/>\n<meta property=\"og:type\" content=\"article\" \/>\n<meta property=\"og:title\" content=\"18ft Concession Trailer With Kitchen For Sale - Honlu Food Trailer\" \/>\n<meta property=\"og:description\" content=\"This is one of our custom-made 18ft concession trailer with kitchen. We can make a similar one or customize one for you. See here!\" \/>\n<meta property=\"og:url\" content=\"https:\/\/www.honlufoodtrailer.com\/lv\/product\/18ft-concession-trailer-with-kitchen\/\" \/>\n<meta property=\"og:site_name\" content=\"Honlu food trailer\" \/>\n<meta property=\"article:modified_time\" content=\"2025-02-14T07:45:43+00:00\" \/>\n<meta property=\"og:image\" content=\"https:\/\/www.honlufoodtrailer.com\/wp-content\/uploads\/2023\/11\/concession-kitchen-trailers-for-sale.jpg\" \/>\n\t<meta property=\"og:image:width\" content=\"720\" \/>\n\t<meta property=\"og:image:height\" content=\"540\" \/>\n\t<meta property=\"og:image:type\" content=\"image\/jpeg\" \/>\n<meta name=\"twitter:card\" content=\"summary_large_image\" \/>\n<meta name=\"twitter:label1\" content=\"Est. reading time\" \/>\n\t<meta name=\"twitter:data1\" content=\"3 min\u016btes\" \/>\n<script type=\"application\/ld+json\" class=\"yoast-schema-graph\">{\"@context\":\"https:\\\/\\\/schema.org\",\"@graph\":[{\"@type\":\"WebPage\",\"@id\":\"https:\\\/\\\/www.honlufoodtrailer.com\\\/product\\\/18ft-concession-trailer-with-kitchen\\\/\",\"url\":\"https:\\\/\\\/www.honlufoodtrailer.com\\\/product\\\/18ft-concession-trailer-with-kitchen\\\/\",\"name\":\"18ft Concession Trailer With Kitchen For Sale - Honlu Food Trailer\",\"isPartOf\":{\"@id\":\"https:\\\/\\\/www.honlufoodtrailer.com\\\/#website\"},\"primaryImageOfPage\":{\"@id\":\"https:\\\/\\\/www.honlufoodtrailer.com\\\/product\\\/18ft-concession-trailer-with-kitchen\\\/#primaryimage\"},\"image\":{\"@id\":\"https:\\\/\\\/www.honlufoodtrailer.com\\\/product\\\/18ft-concession-trailer-with-kitchen\\\/#primaryimage\"},\"thumbnailUrl\":\"https:\\\/\\\/www.honlufoodtrailer.com\\\/wp-content\\\/uploads\\\/2023\\\/11\\\/concession-kitchen-trailers-for-sale.jpg\",\"datePublished\":\"2023-11-16T09:26:45+00:00\",\"dateModified\":\"2025-02-14T07:45:43+00:00\",\"description\":\"This is one of our custom-made 18ft concession trailer with kitchen. We can make a similar one or customize one for you. See here!\",\"breadcrumb\":{\"@id\":\"https:\\\/\\\/www.honlufoodtrailer.com\\\/product\\\/18ft-concession-trailer-with-kitchen\\\/#breadcrumb\"},\"inLanguage\":\"lv-LV\",\"potentialAction\":[{\"@type\":\"ReadAction\",\"target\":[\"https:\\\/\\\/www.honlufoodtrailer.com\\\/product\\\/18ft-concession-trailer-with-kitchen\\\/\"]}]},{\"@type\":\"ImageObject\",\"inLanguage\":\"lv-LV\",\"@id\":\"https:\\\/\\\/www.honlufoodtrailer.com\\\/product\\\/18ft-concession-trailer-with-kitchen\\\/#primaryimage\",\"url\":\"https:\\\/\\\/www.honlufoodtrailer.com\\\/wp-content\\\/uploads\\\/2023\\\/11\\\/concession-kitchen-trailers-for-sale.jpg\",\"contentUrl\":\"https:\\\/\\\/www.honlufoodtrailer.com\\\/wp-content\\\/uploads\\\/2023\\\/11\\\/concession-kitchen-trailers-for-sale.jpg\",\"width\":720,\"height\":540,\"caption\":\"concession kitchen trailers for sale\"},{\"@type\":\"BreadcrumbList\",\"@id\":\"https:\\\/\\\/www.honlufoodtrailer.com\\\/product\\\/18ft-concession-trailer-with-kitchen\\\/#breadcrumb\",\"itemListElement\":[{\"@type\":\"ListItem\",\"position\":1,\"name\":\"Home\",\"item\":\"https:\\\/\\\/www.honlufoodtrailer.com\\\/\"},{\"@type\":\"ListItem\",\"position\":2,\"name\":\"\u4ea7\u54c1\",\"item\":\"https:\\\/\\\/www.honlufoodtrailer.com\\\/shop\\\/\"},{\"@type\":\"ListItem\",\"position\":3,\"name\":\"18ft Concession Trailer With Kitchen\"}]},{\"@type\":\"WebSite\",\"@id\":\"https:\\\/\\\/www.honlufoodtrailer.com\\\/#website\",\"url\":\"https:\\\/\\\/www.honlufoodtrailer.com\\\/\",\"name\":\"Honlu food trailer\",\"description\":\"\",\"publisher\":{\"@id\":\"https:\\\/\\\/www.honlufoodtrailer.com\\\/#organization\"},\"potentialAction\":[{\"@type\":\"SearchAction\",\"target\":{\"@type\":\"EntryPoint\",\"urlTemplate\":\"https:\\\/\\\/www.honlufoodtrailer.com\\\/?s={search_term_string}\"},\"query-input\":{\"@type\":\"PropertyValueSpecification\",\"valueRequired\":true,\"valueName\":\"search_term_string\"}}],\"inLanguage\":\"lv-LV\"},{\"@type\":\"Organization\",\"@id\":\"https:\\\/\\\/www.honlufoodtrailer.com\\\/#organization\",\"name\":\"Honlu food trailer\",\"url\":\"https:\\\/\\\/www.honlufoodtrailer.com\\\/\",\"logo\":{\"@type\":\"ImageObject\",\"inLanguage\":\"lv-LV\",\"@id\":\"https:\\\/\\\/www.honlufoodtrailer.com\\\/#\\\/schema\\\/logo\\\/image\\\/\",\"url\":\"https:\\\/\\\/www.honlufoodtrailer.com\\\/wp-content\\\/uploads\\\/2021\\\/12\\\/2.gif\",\"contentUrl\":\"https:\\\/\\\/www.honlufoodtrailer.com\\\/wp-content\\\/uploads\\\/2021\\\/12\\\/2.gif\",\"width\":350,\"height\":100,\"caption\":\"Honlu food trailer\"},\"image\":{\"@id\":\"https:\\\/\\\/www.honlufoodtrailer.com\\\/#\\\/schema\\\/logo\\\/image\\\/\"}}]}<\/script>\n<!-- \/ Yoast SEO plugin. -->","yoast_head_json":{"title":"P\u0101rdod 18\u00a0ft koncesijas piekabi ar virtuvi\u00a0\u2014 Honlu p\u0101rtikas piekabe","description":"\u0160is ir viens no m\u016bsu pas\u016bt\u012bjuma izgatavotajiem 18\u00a0ft koncesijas treileriem ar virtuvi. M\u0113s varam izgatavot l\u012bdz\u012bgu vai piel\u0101got to jums. Skat\u012bt \u0161eit!","robots":{"index":"index","follow":"follow","max-snippet":"max-snippet:-1","max-image-preview":"max-image-preview:large","max-video-preview":"max-video-preview:-1"},"canonical":"https:\/\/www.honlufoodtrailer.com\/lv\/product\/18ft-concession-trailer-with-kitchen\/","og_locale":"lv_LV","og_type":"article","og_title":"18ft Concession Trailer With Kitchen For Sale - Honlu Food Trailer","og_description":"This is one of our custom-made 18ft concession trailer with kitchen. We can make a similar one or customize one for you. See here!","og_url":"https:\/\/www.honlufoodtrailer.com\/lv\/product\/18ft-concession-trailer-with-kitchen\/","og_site_name":"Honlu food trailer","article_modified_time":"2025-02-14T07:45:43+00:00","og_image":[{"width":720,"height":540,"url":"https:\/\/www.honlufoodtrailer.com\/wp-content\/uploads\/2023\/11\/concession-kitchen-trailers-for-sale.jpg","type":"image\/jpeg"}],"twitter_card":"summary_large_image","twitter_misc":{"Est. reading time":"3 min\u016btes"},"schema":{"@context":"https:\/\/schema.org","@graph":[{"@type":"WebPage","@id":"https:\/\/www.honlufoodtrailer.com\/product\/18ft-concession-trailer-with-kitchen\/","url":"https:\/\/www.honlufoodtrailer.com\/product\/18ft-concession-trailer-with-kitchen\/","name":"P\u0101rdod 18\u00a0ft koncesijas piekabi ar virtuvi\u00a0\u2014 Honlu p\u0101rtikas piekabe","isPartOf":{"@id":"https:\/\/www.honlufoodtrailer.com\/#website"},"primaryImageOfPage":{"@id":"https:\/\/www.honlufoodtrailer.com\/product\/18ft-concession-trailer-with-kitchen\/#primaryimage"},"image":{"@id":"https:\/\/www.honlufoodtrailer.com\/product\/18ft-concession-trailer-with-kitchen\/#primaryimage"},"thumbnailUrl":"https:\/\/www.honlufoodtrailer.com\/wp-content\/uploads\/2023\/11\/concession-kitchen-trailers-for-sale.jpg","datePublished":"2023-11-16T09:26:45+00:00","dateModified":"2025-02-14T07:45:43+00:00","description":"\u0160is ir viens no m\u016bsu pas\u016bt\u012bjuma izgatavotajiem 18\u00a0ft koncesijas treileriem ar virtuvi. M\u0113s varam izgatavot l\u012bdz\u012bgu vai piel\u0101got to jums. Skat\u012bt \u0161eit!","breadcrumb":{"@id":"https:\/\/www.honlufoodtrailer.com\/product\/18ft-concession-trailer-with-kitchen\/#breadcrumb"},"inLanguage":"lv-LV","potentialAction":[{"@type":"ReadAction","target":["https:\/\/www.honlufoodtrailer.com\/product\/18ft-concession-trailer-with-kitchen\/"]}]},{"@type":"ImageObject","inLanguage":"lv-LV","@id":"https:\/\/www.honlufoodtrailer.com\/product\/18ft-concession-trailer-with-kitchen\/#primaryimage","url":"https:\/\/www.honlufoodtrailer.com\/wp-content\/uploads\/2023\/11\/concession-kitchen-trailers-for-sale.jpg","contentUrl":"https:\/\/www.honlufoodtrailer.com\/wp-content\/uploads\/2023\/11\/concession-kitchen-trailers-for-sale.jpg","width":720,"height":540,"caption":"concession kitchen trailers for sale"},{"@type":"BreadcrumbList","@id":"https:\/\/www.honlufoodtrailer.com\/product\/18ft-concession-trailer-with-kitchen\/#breadcrumb","itemListElement":[{"@type":"ListItem","position":1,"name":"Home","item":"https:\/\/www.honlufoodtrailer.com\/"},{"@type":"ListItem","position":2,"name":"\u4ea7\u54c1","item":"https:\/\/www.honlufoodtrailer.com\/shop\/"},{"@type":"ListItem","position":3,"name":"18ft Concession Trailer With Kitchen"}]},{"@type":"WebSite","@id":"https:\/\/www.honlufoodtrailer.com\/#website","url":"https:\/\/www.honlufoodtrailer.com\/","name":"Honlu p\u0101rtikas piekabe","description":"","publisher":{"@id":"https:\/\/www.honlufoodtrailer.com\/#organization"},"potentialAction":[{"@type":"SearchAction","target":{"@type":"EntryPoint","urlTemplate":"https:\/\/www.honlufoodtrailer.com\/?s={search_term_string}"},"query-input":{"@type":"PropertyValueSpecification","valueRequired":true,"valueName":"search_term_string"}}],"inLanguage":"lv-LV"},{"@type":"Organization","@id":"https:\/\/www.honlufoodtrailer.com\/#organization","name":"Honlu p\u0101rtikas piekabe","url":"https:\/\/www.honlufoodtrailer.com\/","logo":{"@type":"ImageObject","inLanguage":"lv-LV","@id":"https:\/\/www.honlufoodtrailer.com\/#\/schema\/logo\/image\/","url":"https:\/\/www.honlufoodtrailer.com\/wp-content\/uploads\/2021\/12\/2.gif","contentUrl":"https:\/\/www.honlufoodtrailer.com\/wp-content\/uploads\/2021\/12\/2.gif","width":350,"height":100,"caption":"Honlu food trailer"},"image":{"@id":"https:\/\/www.honlufoodtrailer.com\/#\/schema\/logo\/image\/"}}]}},"_links":{"self":[{"href":"https:\/\/www.honlufoodtrailer.com\/lv\/wp-json\/wp\/v2\/product\/5876","targetHints":{"allow":["GET"]}}],"collection":[{"href":"https:\/\/www.honlufoodtrailer.com\/lv\/wp-json\/wp\/v2\/product"}],"about":[{"href":"https:\/\/www.honlufoodtrailer.com\/lv\/wp-json\/wp\/v2\/types\/product"}],"version-history":[{"count":0,"href":"https:\/\/www.honlufoodtrailer.com\/lv\/wp-json\/wp\/v2\/product\/5876\/revisions"}],"wp:featuredmedia":[{"embeddable":true,"href":"https:\/\/www.honlufoodtrailer.com\/lv\/wp-json\/wp\/v2\/media\/5883"}],"wp:attachment":[{"href":"https:\/\/www.honlufoodtrailer.com\/lv\/wp-json\/wp\/v2\/media?parent=5876"}],"wp:term":[{"taxonomy":"product_brand","embeddable":true,"href":"https:\/\/www.honlufoodtrailer.com\/lv\/wp-json\/wp\/v2\/product_brand?post=5876"},{"taxonomy":"product_cat","embeddable":true,"href":"https:\/\/www.honlufoodtrailer.com\/lv\/wp-json\/wp\/v2\/product_cat?post=5876"},{"taxonomy":"product_tag","embeddable":true,"href":"https:\/\/www.honlufoodtrailer.com\/lv\/wp-json\/wp\/v2\/product_tag?post=5876"}],"curies":[{"name":"wp","href":"https:\/\/api.w.org\/{rel}","templated":true}]}}