{"id":6005,"date":"2023-11-29T16:08:54","date_gmt":"2023-11-29T08:08:54","guid":{"rendered":"https:\/\/www.honlufoodtrailer.com\/?post_type=product&#038;p=6005"},"modified":"2025-02-14T15:39:56","modified_gmt":"2025-02-14T07:39:56","slug":"18ft-mobile-fast-food-trailer-for-sale","status":"publish","type":"product","link":"https:\/\/www.honlufoodtrailer.com\/lv\/product\/18ft-mobile-fast-food-trailer-for-sale\/","title":{"rendered":"P\u0101rdodu 18 p\u0113du mobilo \u0101tr\u0101s \u0113din\u0101\u0161anas piekabi"},"content":{"rendered":"<p>\u0160\u012b ir piel\u0101gota 18\u00a0p\u0113du mobil\u0101 \u0101tr\u0101s \u0113din\u0101\u0161anas piekabe, ko esam izgatavoju\u0161i vienam no m\u016bsu klientiem. M\u0113s varam izgatavot l\u012bdz\u012bgu mobilo \u0101tr\u0101s \u0113din\u0101\u0161anas piekabi p\u0101rdo\u0161anai, piem\u0113ram, \u0161o, vai piel\u0101got to jums. \u0100tr\u0101s \u0113din\u0101\u0161anas piekabes korpusa kr\u0101su, uzl\u012bmes, izk\u0101rtnes, virtuves apr\u012bkojumu var piel\u0101got. Vienk\u0101r\u0161i sazinieties ar mums un past\u0101stiet mums savas detaliz\u0113t\u0101s pras\u012bbas.<\/p>\n<p><img fetchpriority=\"high\" decoding=\"async\" class=\"size-full wp-image-6013 aligncenter\" src=\"https:\/\/www.honlufoodtrailer.com\/wp-content\/uploads\/2023\/11\/18ft-fast-food-trailer-on-sale.jpg\" alt=\"P\u0101rdo\u0161an\u0101 18 p\u0113du \u0101tr\u0101s \u0113din\u0101\u0161anas piekabe\" width=\"720\" height=\"540\" srcset=\"https:\/\/www.honlufoodtrailer.com\/wp-content\/uploads\/2023\/11\/18ft-fast-food-trailer-on-sale.jpg 720w, https:\/\/www.honlufoodtrailer.com\/wp-content\/uploads\/2023\/11\/18ft-fast-food-trailer-on-sale-480x360.jpg 480w, https:\/\/www.honlufoodtrailer.com\/wp-content\/uploads\/2023\/11\/18ft-fast-food-trailer-on-sale-300x225.jpg 300w\" sizes=\"(max-width: 720px) 100vw, 720px\" \/><\/p>\n<p>Vai v\u0113laties s\u0101kt savu p\u0101rtikas biznesu? Vai v\u0113laties nodro\u0161in\u0101t gardas malt\u012btes, atrodoties ce\u013c\u0101? P\u0113c tam apsveriet iesp\u0113ju ieguld\u012bt \u0161aj\u0101 18\u00a0ft mobilaj\u0101 \u0101tr\u0101s \u0113din\u0101\u0161anas piekab\u0113, kas tiek p\u0101rdota. \u0160\u0101da veida <a href=\"https:\/\/www.honlufoodtrailer.com\/lv\/product\/\" target=\"_blank\" rel=\"noopener\">p\u0101rtikas piekabe<\/a> var pal\u012bdz\u0113t j\u016bsu uz\u0146\u0113mumam g\u016bt pan\u0101kumus. K\u0101 redzams att\u0113l\u0101 iepriek\u0161, \u0161o p\u0101rtikas piekabi var izmantot, lai p\u0101rdotu daudzu veidu \u0101tr\u0101s \u0113din\u0101\u0161anas produktus, piem\u0113ram, vistas sviestmaizes, vistas sal\u0101tus, picas, hotdogu sviestmaizes, burgerus, tako, sp\u0101rni\u0146us, sal\u0101tus, \u010dipsus, bezalkoholiskos dz\u0113rienus. Tas pal\u012bdz\u0113s jums piesaist\u012bt vair\u0101k klientu. T\u0101l\u0101k \u013caujiet man par\u0101d\u012bt \u0161\u012bs p\u0101rtikas piekabes iek\u0161\u0113jo skatu.<\/p>\n<p><img decoding=\"async\" class=\"size-full wp-image-6012 aligncenter\" src=\"https:\/\/www.honlufoodtrailer.com\/wp-content\/uploads\/2023\/11\/18ft-fast-food-trailer-inner-view.jpg\" alt=\"18 p\u0113du \u0101tr\u0101s \u0113din\u0101\u0161anas piekabes iek\u0161skats\" width=\"720\" height=\"540\" srcset=\"https:\/\/www.honlufoodtrailer.com\/wp-content\/uploads\/2023\/11\/18ft-fast-food-trailer-inner-view.jpg 720w, https:\/\/www.honlufoodtrailer.com\/wp-content\/uploads\/2023\/11\/18ft-fast-food-trailer-inner-view-480x360.jpg 480w, https:\/\/www.honlufoodtrailer.com\/wp-content\/uploads\/2023\/11\/18ft-fast-food-trailer-inner-view-300x225.jpg 300w\" sizes=\"(max-width: 720px) 100vw, 720px\" \/><\/p>\n<p>K\u0101 redzams att\u0113l\u0101 iepriek\u0161, m\u0113s esam apr\u012bkoju\u0161i 16 p\u0113du garo ielas p\u0101rtikas piekabi ar virtuves apr\u012bkojumu. Piekabes iek\u0161pus\u0113 galvenok\u0101rt atrodas virtuves apr\u012bkojums, piem\u0113ram, g\u0101zes pl\u012bts, cepe\u0161kr\u0101sns, izlietnes, ledusskapis, grils, panna un tvaika nos\u016bc\u0113js utt. Ar iepriek\u0161 min\u0113to virtuves apr\u012bkojumu m\u016bsu klients var\u0113s pasniegt pusdienot\u0101jiem da\u017e\u0101da veida \u0101tr\u0101s \u0113din\u0101\u0161anas \u0113dienus.<\/p>\n<p>P\u0101rtikas piekabes var saukt ar\u012b par p\u0101rtikas rati\u0146iem, p\u0101rtikas furgoniem, p\u0101rtikas kravas automa\u0161\u012bn\u0101m utt. T\u0101s var izmantot \u0101tr\u0101s \u0113din\u0101\u0161anas, uzkodu, av\u012b\u017eu, gr\u0101matu utt. p\u0101rdo\u0161anai. T\u0101s sast\u0101v no \u0161asijas, virsb\u016bves, gr\u012bdas, darba galda, \u016bdens sist\u0113mas un elektrisk\u0101s sist\u0113mas. Lietot\u0101ji var izv\u0113l\u0113ties ar\u012b v\u0113lamo kr\u0101su. Ja klienti v\u0113las, m\u0113s labpr\u0101t ieg\u0101d\u0101tos cita veida apr\u012bkojumu.<\/p>\n<h3>Piel\u0101got\u0101 \u0101tr\u0101s \u0113din\u0101\u0161anas treilera galven\u0101s iez\u012bmes<\/h3>\n<ol>\n<li>L\u0113ts un videi draudz\u012bgs, bez d\u016bmiem un trok\u0161\u0146a, viegli p\u0101rvietojams uz jebkuru vietu.<\/li>\n<li>To var izmantot daudzus gadus un tas nerad\u012bs atkritumus, un tas ir daudz piem\u0113rots m\u016bsdienu dz\u012bvei.<\/li>\n<li>Tas ir \u0113rti un vienk\u0101r\u0161i iekrau\u0161anai un transport\u0113\u0161anai, jo dizains ir unik\u0101ls un individu\u0101ls.<\/li>\n<li>Galvenais materi\u0101ls ir ner\u016bs\u0113jo\u0161ais t\u0113rauds, un plakan\u0101 forma (galds) ner\u016bs\u0113s.<\/li>\n<li>Tam ir karstumiztur\u012bba, augsta iztur\u012bba, augsta kr\u0101su notur\u012bba, nav deform\u0101cijas, \u016bdensiztur\u012bba un ilgs kalpo\u0161anas laiks.<\/li>\n<\/ol>\n<h2>Galven\u0101 priek\u0161roc\u012bba:<\/h2>\n<p><span class=\"magic-12\">1. Zemas izmaksas un videi draudz\u012bgs;<br \/>\n2. Viegli p\u0101rvietoties uz jebkuru vietu (j\u016bsu bizness nav ierobe\u017eots);<br \/>\n3. Unik\u0101la forma (neredzama, lai piesaist\u012btu vair\u0101k klientu);<br \/>\n4. Ilgs kalpo\u0161anas laiks (iztur\u012bgs pret koroziju, karstumiztur\u012bgs, \u016bdensiztur\u012bgs, bez deform\u0101cijas).<\/span><\/p>","protected":false},"excerpt":{"rendered":"<p>\u0160\u012b ir viena no m\u016bsu pas\u016bt\u012bjuma izgatavotaj\u0101m 18\u00a0ft mobilaj\u0101m \u0101tr\u0101s \u0113din\u0101\u0161anas piekab\u0113m. Parasti tas ir v\u0113lamais modelis p\u0101rtikas piekabju biznesa uzs\u0101k\u0161anai. Protams, m\u0113s varam izgatavot l\u012bdz\u012bgu \u0101tr\u0101s \u0113din\u0101\u0161anas piekabi, piem\u0113ram, \u0161o, vai piel\u0101got to jums. P\u0101rtikas piekabes virsb\u016bves kr\u0101su, uzl\u012bmes, izk\u0101rtnes, virtuves apr\u012bkojumu var piel\u0101got.<\/p>","protected":false},"featured_media":6015,"template":"","meta":{"_themeisle_gutenberg_block_has_review":false},"product_brand":[],"product_cat":[26],"product_tag":[83,33,60,61,38],"class_list":{"0":"post-6005","1":"product","2":"type-product","3":"status-publish","4":"has-post-thumbnail","6":"product_cat-product","7":"product_tag-18ft-food-trailer","8":"product_tag-customized-trailer","9":"product_tag-fast-food-trailer","10":"product_tag-fast-food-trailer-for-sale","11":"product_tag-mobile-food-trailer","13":"first","14":"instock","15":"featured","16":"shipping-taxable","17":"product-type-simple"},"yoast_head":"<!-- This site is optimized with the Yoast SEO plugin v27.6 - https:\/\/yoast.com\/product\/yoast-seo-wordpress\/ -->\n<title>18ft Mobile Fast Food Trailer For Sale - Honlu Food Trailer<\/title>\n<meta name=\"description\" content=\"This is an 18ft mobile fast food trailer for sale we have customized for a customer. Get a similar or customized one at factory price now!\" \/>\n<meta name=\"robots\" content=\"index, follow, max-snippet:-1, max-image-preview:large, max-video-preview:-1\" \/>\n<link rel=\"canonical\" href=\"https:\/\/www.honlufoodtrailer.com\/lv\/product\/18ft-mobile-fast-food-trailer-for-sale\/\" \/>\n<meta property=\"og:locale\" content=\"lv_LV\" \/>\n<meta property=\"og:type\" content=\"article\" \/>\n<meta property=\"og:title\" content=\"18ft Mobile Fast Food Trailer For Sale - Honlu Food Trailer\" \/>\n<meta property=\"og:description\" content=\"This is an 18ft mobile fast food trailer for sale we have customized for a customer. Get a similar or customized one at factory price now!\" \/>\n<meta property=\"og:url\" content=\"https:\/\/www.honlufoodtrailer.com\/lv\/product\/18ft-mobile-fast-food-trailer-for-sale\/\" \/>\n<meta property=\"og:site_name\" content=\"Honlu food trailer\" \/>\n<meta property=\"article:modified_time\" content=\"2025-02-14T07:39:56+00:00\" \/>\n<meta property=\"og:image\" content=\"https:\/\/www.honlufoodtrailer.com\/wp-content\/uploads\/2023\/11\/18ft-fast-food-trailer.jpg\" \/>\n\t<meta property=\"og:image:width\" content=\"720\" \/>\n\t<meta property=\"og:image:height\" content=\"540\" \/>\n\t<meta property=\"og:image:type\" content=\"image\/jpeg\" \/>\n<meta name=\"twitter:card\" content=\"summary_large_image\" \/>\n<meta name=\"twitter:label1\" content=\"Est. reading time\" \/>\n\t<meta name=\"twitter:data1\" content=\"1 min\u016bte\" \/>\n<script type=\"application\/ld+json\" class=\"yoast-schema-graph\">{\"@context\":\"https:\\\/\\\/schema.org\",\"@graph\":[{\"@type\":\"WebPage\",\"@id\":\"https:\\\/\\\/www.honlufoodtrailer.com\\\/product\\\/18ft-mobile-fast-food-trailer-for-sale\\\/\",\"url\":\"https:\\\/\\\/www.honlufoodtrailer.com\\\/product\\\/18ft-mobile-fast-food-trailer-for-sale\\\/\",\"name\":\"18ft Mobile Fast Food Trailer For Sale - Honlu Food Trailer\",\"isPartOf\":{\"@id\":\"https:\\\/\\\/www.honlufoodtrailer.com\\\/#website\"},\"primaryImageOfPage\":{\"@id\":\"https:\\\/\\\/www.honlufoodtrailer.com\\\/product\\\/18ft-mobile-fast-food-trailer-for-sale\\\/#primaryimage\"},\"image\":{\"@id\":\"https:\\\/\\\/www.honlufoodtrailer.com\\\/product\\\/18ft-mobile-fast-food-trailer-for-sale\\\/#primaryimage\"},\"thumbnailUrl\":\"https:\\\/\\\/www.honlufoodtrailer.com\\\/wp-content\\\/uploads\\\/2023\\\/11\\\/18ft-fast-food-trailer.jpg\",\"datePublished\":\"2023-11-29T08:08:54+00:00\",\"dateModified\":\"2025-02-14T07:39:56+00:00\",\"description\":\"This is an 18ft mobile fast food trailer for sale we have customized for a customer. Get a similar or customized one at factory price now!\",\"breadcrumb\":{\"@id\":\"https:\\\/\\\/www.honlufoodtrailer.com\\\/product\\\/18ft-mobile-fast-food-trailer-for-sale\\\/#breadcrumb\"},\"inLanguage\":\"lv-LV\",\"potentialAction\":[{\"@type\":\"ReadAction\",\"target\":[\"https:\\\/\\\/www.honlufoodtrailer.com\\\/product\\\/18ft-mobile-fast-food-trailer-for-sale\\\/\"]}]},{\"@type\":\"ImageObject\",\"inLanguage\":\"lv-LV\",\"@id\":\"https:\\\/\\\/www.honlufoodtrailer.com\\\/product\\\/18ft-mobile-fast-food-trailer-for-sale\\\/#primaryimage\",\"url\":\"https:\\\/\\\/www.honlufoodtrailer.com\\\/wp-content\\\/uploads\\\/2023\\\/11\\\/18ft-fast-food-trailer.jpg\",\"contentUrl\":\"https:\\\/\\\/www.honlufoodtrailer.com\\\/wp-content\\\/uploads\\\/2023\\\/11\\\/18ft-fast-food-trailer.jpg\",\"width\":720,\"height\":540,\"caption\":\"18ft fast food trailer\"},{\"@type\":\"BreadcrumbList\",\"@id\":\"https:\\\/\\\/www.honlufoodtrailer.com\\\/product\\\/18ft-mobile-fast-food-trailer-for-sale\\\/#breadcrumb\",\"itemListElement\":[{\"@type\":\"ListItem\",\"position\":1,\"name\":\"Home\",\"item\":\"https:\\\/\\\/www.honlufoodtrailer.com\\\/\"},{\"@type\":\"ListItem\",\"position\":2,\"name\":\"\u4ea7\u54c1\",\"item\":\"https:\\\/\\\/www.honlufoodtrailer.com\\\/shop\\\/\"},{\"@type\":\"ListItem\",\"position\":3,\"name\":\"18ft Mobile Fast Food Trailer For Sale\"}]},{\"@type\":\"WebSite\",\"@id\":\"https:\\\/\\\/www.honlufoodtrailer.com\\\/#website\",\"url\":\"https:\\\/\\\/www.honlufoodtrailer.com\\\/\",\"name\":\"Honlu food trailer\",\"description\":\"\",\"publisher\":{\"@id\":\"https:\\\/\\\/www.honlufoodtrailer.com\\\/#organization\"},\"potentialAction\":[{\"@type\":\"SearchAction\",\"target\":{\"@type\":\"EntryPoint\",\"urlTemplate\":\"https:\\\/\\\/www.honlufoodtrailer.com\\\/?s={search_term_string}\"},\"query-input\":{\"@type\":\"PropertyValueSpecification\",\"valueRequired\":true,\"valueName\":\"search_term_string\"}}],\"inLanguage\":\"lv-LV\"},{\"@type\":\"Organization\",\"@id\":\"https:\\\/\\\/www.honlufoodtrailer.com\\\/#organization\",\"name\":\"Honlu food trailer\",\"url\":\"https:\\\/\\\/www.honlufoodtrailer.com\\\/\",\"logo\":{\"@type\":\"ImageObject\",\"inLanguage\":\"lv-LV\",\"@id\":\"https:\\\/\\\/www.honlufoodtrailer.com\\\/#\\\/schema\\\/logo\\\/image\\\/\",\"url\":\"https:\\\/\\\/www.honlufoodtrailer.com\\\/wp-content\\\/uploads\\\/2021\\\/12\\\/2.gif\",\"contentUrl\":\"https:\\\/\\\/www.honlufoodtrailer.com\\\/wp-content\\\/uploads\\\/2021\\\/12\\\/2.gif\",\"width\":350,\"height\":100,\"caption\":\"Honlu food trailer\"},\"image\":{\"@id\":\"https:\\\/\\\/www.honlufoodtrailer.com\\\/#\\\/schema\\\/logo\\\/image\\\/\"}}]}<\/script>\n<!-- \/ Yoast SEO plugin. -->","yoast_head_json":{"title":"P\u0101rdodu 18 p\u0113du mobilo \u0101tr\u0101s \u0113din\u0101\u0161anas piekabi\u00a0\u2014 Honlu p\u0101rtikas piekabe","description":"\u0160\u012b ir 18\u00a0p\u0113du mobil\u0101 \u0101tr\u0101s \u0113din\u0101\u0161anas piekabe p\u0101rdo\u0161anai, ko esam piel\u0101goju\u0161i klienta vajadz\u012bb\u0101m. Ieg\u016bstiet l\u012bdz\u012bgu vai piel\u0101gotu par r\u016bpn\u012bcas cenu t\u016bl\u012bt!","robots":{"index":"index","follow":"follow","max-snippet":"max-snippet:-1","max-image-preview":"max-image-preview:large","max-video-preview":"max-video-preview:-1"},"canonical":"https:\/\/www.honlufoodtrailer.com\/lv\/product\/18ft-mobile-fast-food-trailer-for-sale\/","og_locale":"lv_LV","og_type":"article","og_title":"18ft Mobile Fast Food Trailer For Sale - Honlu Food Trailer","og_description":"This is an 18ft mobile fast food trailer for sale we have customized for a customer. Get a similar or customized one at factory price now!","og_url":"https:\/\/www.honlufoodtrailer.com\/lv\/product\/18ft-mobile-fast-food-trailer-for-sale\/","og_site_name":"Honlu food trailer","article_modified_time":"2025-02-14T07:39:56+00:00","og_image":[{"width":720,"height":540,"url":"https:\/\/www.honlufoodtrailer.com\/wp-content\/uploads\/2023\/11\/18ft-fast-food-trailer.jpg","type":"image\/jpeg"}],"twitter_card":"summary_large_image","twitter_misc":{"Est. reading time":"1 min\u016bte"},"schema":{"@context":"https:\/\/schema.org","@graph":[{"@type":"WebPage","@id":"https:\/\/www.honlufoodtrailer.com\/product\/18ft-mobile-fast-food-trailer-for-sale\/","url":"https:\/\/www.honlufoodtrailer.com\/product\/18ft-mobile-fast-food-trailer-for-sale\/","name":"P\u0101rdodu 18 p\u0113du mobilo \u0101tr\u0101s \u0113din\u0101\u0161anas piekabi\u00a0\u2014 Honlu p\u0101rtikas piekabe","isPartOf":{"@id":"https:\/\/www.honlufoodtrailer.com\/#website"},"primaryImageOfPage":{"@id":"https:\/\/www.honlufoodtrailer.com\/product\/18ft-mobile-fast-food-trailer-for-sale\/#primaryimage"},"image":{"@id":"https:\/\/www.honlufoodtrailer.com\/product\/18ft-mobile-fast-food-trailer-for-sale\/#primaryimage"},"thumbnailUrl":"https:\/\/www.honlufoodtrailer.com\/wp-content\/uploads\/2023\/11\/18ft-fast-food-trailer.jpg","datePublished":"2023-11-29T08:08:54+00:00","dateModified":"2025-02-14T07:39:56+00:00","description":"\u0160\u012b ir 18\u00a0p\u0113du mobil\u0101 \u0101tr\u0101s \u0113din\u0101\u0161anas piekabe p\u0101rdo\u0161anai, ko esam piel\u0101goju\u0161i klienta vajadz\u012bb\u0101m. Ieg\u016bstiet l\u012bdz\u012bgu vai piel\u0101gotu par r\u016bpn\u012bcas cenu t\u016bl\u012bt!","breadcrumb":{"@id":"https:\/\/www.honlufoodtrailer.com\/product\/18ft-mobile-fast-food-trailer-for-sale\/#breadcrumb"},"inLanguage":"lv-LV","potentialAction":[{"@type":"ReadAction","target":["https:\/\/www.honlufoodtrailer.com\/product\/18ft-mobile-fast-food-trailer-for-sale\/"]}]},{"@type":"ImageObject","inLanguage":"lv-LV","@id":"https:\/\/www.honlufoodtrailer.com\/product\/18ft-mobile-fast-food-trailer-for-sale\/#primaryimage","url":"https:\/\/www.honlufoodtrailer.com\/wp-content\/uploads\/2023\/11\/18ft-fast-food-trailer.jpg","contentUrl":"https:\/\/www.honlufoodtrailer.com\/wp-content\/uploads\/2023\/11\/18ft-fast-food-trailer.jpg","width":720,"height":540,"caption":"18ft fast food trailer"},{"@type":"BreadcrumbList","@id":"https:\/\/www.honlufoodtrailer.com\/product\/18ft-mobile-fast-food-trailer-for-sale\/#breadcrumb","itemListElement":[{"@type":"ListItem","position":1,"name":"Home","item":"https:\/\/www.honlufoodtrailer.com\/"},{"@type":"ListItem","position":2,"name":"\u4ea7\u54c1","item":"https:\/\/www.honlufoodtrailer.com\/shop\/"},{"@type":"ListItem","position":3,"name":"18ft Mobile Fast Food Trailer For Sale"}]},{"@type":"WebSite","@id":"https:\/\/www.honlufoodtrailer.com\/#website","url":"https:\/\/www.honlufoodtrailer.com\/","name":"Honlu p\u0101rtikas piekabe","description":"","publisher":{"@id":"https:\/\/www.honlufoodtrailer.com\/#organization"},"potentialAction":[{"@type":"SearchAction","target":{"@type":"EntryPoint","urlTemplate":"https:\/\/www.honlufoodtrailer.com\/?s={search_term_string}"},"query-input":{"@type":"PropertyValueSpecification","valueRequired":true,"valueName":"search_term_string"}}],"inLanguage":"lv-LV"},{"@type":"Organization","@id":"https:\/\/www.honlufoodtrailer.com\/#organization","name":"Honlu p\u0101rtikas piekabe","url":"https:\/\/www.honlufoodtrailer.com\/","logo":{"@type":"ImageObject","inLanguage":"lv-LV","@id":"https:\/\/www.honlufoodtrailer.com\/#\/schema\/logo\/image\/","url":"https:\/\/www.honlufoodtrailer.com\/wp-content\/uploads\/2021\/12\/2.gif","contentUrl":"https:\/\/www.honlufoodtrailer.com\/wp-content\/uploads\/2021\/12\/2.gif","width":350,"height":100,"caption":"Honlu food trailer"},"image":{"@id":"https:\/\/www.honlufoodtrailer.com\/#\/schema\/logo\/image\/"}}]}},"_links":{"self":[{"href":"https:\/\/www.honlufoodtrailer.com\/lv\/wp-json\/wp\/v2\/product\/6005","targetHints":{"allow":["GET"]}}],"collection":[{"href":"https:\/\/www.honlufoodtrailer.com\/lv\/wp-json\/wp\/v2\/product"}],"about":[{"href":"https:\/\/www.honlufoodtrailer.com\/lv\/wp-json\/wp\/v2\/types\/product"}],"version-history":[{"count":0,"href":"https:\/\/www.honlufoodtrailer.com\/lv\/wp-json\/wp\/v2\/product\/6005\/revisions"}],"wp:featuredmedia":[{"embeddable":true,"href":"https:\/\/www.honlufoodtrailer.com\/lv\/wp-json\/wp\/v2\/media\/6015"}],"wp:attachment":[{"href":"https:\/\/www.honlufoodtrailer.com\/lv\/wp-json\/wp\/v2\/media?parent=6005"}],"wp:term":[{"taxonomy":"product_brand","embeddable":true,"href":"https:\/\/www.honlufoodtrailer.com\/lv\/wp-json\/wp\/v2\/product_brand?post=6005"},{"taxonomy":"product_cat","embeddable":true,"href":"https:\/\/www.honlufoodtrailer.com\/lv\/wp-json\/wp\/v2\/product_cat?post=6005"},{"taxonomy":"product_tag","embeddable":true,"href":"https:\/\/www.honlufoodtrailer.com\/lv\/wp-json\/wp\/v2\/product_tag?post=6005"}],"curies":[{"name":"wp","href":"https:\/\/api.w.org\/{rel}","templated":true}]}}