{"id":6038,"date":"2023-12-04T15:55:47","date_gmt":"2023-12-04T07:55:47","guid":{"rendered":"https:\/\/www.honlufoodtrailer.com\/?post_type=product&#038;p=6038"},"modified":"2025-02-14T15:38:24","modified_gmt":"2025-02-14T07:38:24","slug":"26ft-taco-truck-trailer-for-sale","status":"publish","type":"product","link":"https:\/\/www.honlufoodtrailer.com\/lv\/product\/26ft-taco-truck-trailer-for-sale\/","title":{"rendered":"P\u0101rdodu 26 p\u0113du Taco p\u0101rtikas piekabi"},"content":{"rendered":"<p>\u0160\u012b ir piel\u0101gota 26\u00a0ft taco p\u0101rtikas piekabe, ko esam izgatavoju\u0161i vienam no m\u016bsu amerik\u0101\u0146u klientiem. M\u0113s varam izgatavot l\u012bdz\u012bgu taco p\u0101rtikas piekabi, piem\u0113ram, \u0161o, vai piel\u0101got to jums. Taco kravas automa\u0161\u012bnas piekabes virsb\u016bves kr\u0101su, uzl\u012bmes, izk\u0101rtnes, virtuves apr\u012bkojumu var piel\u0101got. Vienk\u0101r\u0161i sazinieties ar mums un past\u0101stiet mums savas detaliz\u0113t\u0101s pras\u012bbas.<\/p>\n<p><img fetchpriority=\"high\" decoding=\"async\" class=\"size-full wp-image-6047 aligncenter\" src=\"https:\/\/www.honlufoodtrailer.com\/wp-content\/uploads\/2023\/12\/taco-truck-trailer.jpg\" alt=\"taco kravas automa\u0161\u012bnas piekabe\" width=\"720\" height=\"540\" srcset=\"https:\/\/www.honlufoodtrailer.com\/wp-content\/uploads\/2023\/12\/taco-truck-trailer.jpg 720w, https:\/\/www.honlufoodtrailer.com\/wp-content\/uploads\/2023\/12\/taco-truck-trailer-480x360.jpg 480w, https:\/\/www.honlufoodtrailer.com\/wp-content\/uploads\/2023\/12\/taco-truck-trailer-300x225.jpg 300w\" sizes=\"(max-width: 720px) 100vw, 720px\" \/><\/p>\n<p>Vai v\u0113laties s\u0101kt savu p\u0101rtikas biznesu? Vai v\u0113laties nodro\u0161in\u0101t gardas malt\u012btes, atrodoties ce\u013c\u0101? P\u0113c tam apsveriet iesp\u0113ju ieguld\u012bt \u0161aj\u0101 26\u00a0ft mobilaj\u0101 taco p\u0101rtikas piekab\u0113 p\u0101rdo\u0161anai. \u0160\u0101da veida <a href=\"https:\/\/www.honlufoodtrailer.com\/lv\/product\/\" target=\"_blank\" rel=\"noopener\">p\u0101rtikas piekabe<\/a> var pal\u012bdz\u0113t j\u016bsu uz\u0146\u0113mumam g\u016bt pan\u0101kumus. K\u0101 redzams att\u0113l\u0101, varat izmantot \u0161o p\u0101rtikas piekabi, lai p\u0101rdotu daudzu veidu meksik\u0101\u0146u \u0113dienus, piem\u0113ram, meksik\u0101\u0146u tortiljas, burito, kesadi\u013cu, c\u0113zara sal\u0101tus, meksik\u0101\u0146u grilu, nachos. Tas pal\u012bdz\u0113s piesaist\u012bt vair\u0101k klientu. T\u0101l\u0101k \u013caujiet man par\u0101d\u012bt \u0161\u012bs taco kravas automa\u0161\u012bnas piekabes iek\u0161\u0113jo skatu.<\/p>\n<p><img decoding=\"async\" class=\"size-full wp-image-6048 aligncenter\" src=\"https:\/\/www.honlufoodtrailer.com\/wp-content\/uploads\/2023\/12\/taco-food-trailer-inner-details.jpg\" alt=\"taco p\u0101rtikas piekabes iek\u0161\u0113j\u0101s deta\u013cas\" width=\"800\" height=\"800\" srcset=\"https:\/\/www.honlufoodtrailer.com\/wp-content\/uploads\/2023\/12\/taco-food-trailer-inner-details.jpg 800w, https:\/\/www.honlufoodtrailer.com\/wp-content\/uploads\/2023\/12\/taco-food-trailer-inner-details-768x768.jpg 768w, https:\/\/www.honlufoodtrailer.com\/wp-content\/uploads\/2023\/12\/taco-food-trailer-inner-details-360x360.jpg 360w, https:\/\/www.honlufoodtrailer.com\/wp-content\/uploads\/2023\/12\/taco-food-trailer-inner-details-300x300.jpg 300w, https:\/\/www.honlufoodtrailer.com\/wp-content\/uploads\/2023\/12\/taco-food-trailer-inner-details-720x720.jpg 720w, https:\/\/www.honlufoodtrailer.com\/wp-content\/uploads\/2023\/12\/taco-food-trailer-inner-details-100x100.jpg 100w\" sizes=\"(max-width: 800px) 100vw, 800px\" \/><\/p>\n<p>K\u0101 redzams no att\u0113la, m\u0113s esam apr\u012bkoju\u0161i 26\u00a0ft taco p\u0101rtikas piekabi ar virtuves apr\u012bkojumu. Piekabes iek\u0161pus\u0113 galvenok\u0101rt ir virtuves apr\u012bkojums, piem\u0113ram, g\u0101zes pl\u012bts, cepe\u0161kr\u0101sns, izlietnes, ledusskapis, grils, pl\u012bts un tvaika nos\u016bc\u0113js utt. Izmantojot iepriek\u0161 min\u0113to virtuves apr\u012bkojumu, m\u016bsu klients var\u0113s apkalpot da\u017e\u0101du veidu meksik\u0101\u0146u \u0113dienus.<\/p>\n<p>P\u0101rtikas piekabes var saukt ar\u012b par p\u0101rtikas rati\u0146iem, p\u0101rtikas furgoniem, p\u0101rtikas kravas automa\u0161\u012bn\u0101m utt. T\u0101s var izmantot \u0101tr\u0101s \u0113din\u0101\u0161anas, uzkodu, av\u012b\u017eu, gr\u0101matu utt. p\u0101rdo\u0161anai. T\u0101s sast\u0101v no \u0161asijas, virsb\u016bves, gr\u012bdas, darba galda, \u016bdens sist\u0113mas un elektrisk\u0101s sist\u0113mas. Lietot\u0101ji var izv\u0113l\u0113ties ar\u012b v\u0113lamo kr\u0101su. Ja klienti v\u0113las, m\u0113s labpr\u0101t ieg\u0101d\u0101tos cita veida apr\u012bkojumu.<\/p>\n<h2><b class=\"magic-22\"><span class=\"magic-11\">Galven\u0101s iez\u012bmes<\/span><\/b><\/h2>\n<div class=\"magic-2\">\n<div class=\"magic-3\">\n<div class=\"magic-4\">\n<p class=\"magic-5\" data-spm-anchor-id=\"a2700.details.0.i22.54e5117dtl16iL\"><span style=\"font-family: Tahoma;\">1<span class=\"magic-12\" data-spm-anchor-id=\"a2700.details.0.i21.54e5117dtl16iL\">. Zemas izmaksas un videi draudz\u012bgs, bez d\u016bmiem un trok\u0161\u0146a, viegli p\u0101rvietojams uz jebkuru vietu<\/span><\/span><\/p>\n<p>2. To var izmantot daudzus gadus un tas nerad\u012bs atkritumus, un tas ir daudz piem\u0113rots m\u016bsdienu dz\u012bvei.<\/p>\n<p>3. Tas ir \u0113rti un vienk\u0101r\u0161i iekrau\u0161anai un transport\u0113\u0161anai, jo dizains ir unik\u0101ls un individu\u0101ls.<\/p>\n<p>4. Galvenais materi\u0101ls ir ner\u016bs\u0113jo\u0161ais t\u0113rauds, un plakan\u0101 forma (galds) ner\u016bs\u0113s.<\/p>\n<p>5. Tam ir karstumiztur\u012bba, augsta iztur\u012bba, augsta kr\u0101su notur\u012bba, nav deform\u0101cijas, \u016bdensiztur\u012bba un ilgs kalpo\u0161anas laiks.<\/p>\n<\/div>\n<\/div>\n<\/div>\n<h2><b class=\"magic-22\"><span class=\"magic-11\">Galven\u0101 priek\u0161roc\u012bba:<\/span><\/b><\/h2>\n<p><span class=\"magic-12\">1. Zemas izmaksas un videi draudz\u012bgs;<br \/>\n2. Viegli p\u0101rvietoties uz jebkuru vietu (j\u016bsu bizness nav ierobe\u017eots);<br \/>\n3. Unik\u0101la forma (neredzama, lai piesaist\u012btu vair\u0101k klientu);<br \/>\n4. Ilgs kalpo\u0161anas laiks (iztur\u012bgs pret koroziju, karstumiztur\u012bgs, \u016bdensiztur\u012bgs, bez deform\u0101cijas).<\/span><\/p>","protected":false},"excerpt":{"rendered":"<p>\u0160\u012b ir viena no m\u016bsu pas\u016bt\u012bjuma izgatavotaj\u0101m 26\u00a0ft taco koncesijas piekab\u0113m. Faktiski m\u0113s varam izgatavot t\u0101du taco p\u0101rtikas piekabi k\u0101 \u0161\u012b vai piel\u0101got to jums. P\u0101rtikas piekabes virsb\u016bves kr\u0101su, uzl\u012bmes, izk\u0101rtnes, virtuves apr\u012bkojumu var piel\u0101got.<\/p>","protected":false},"featured_media":6047,"template":"","meta":{"_themeisle_gutenberg_block_has_review":false},"product_brand":[],"product_cat":[26],"product_tag":[76,33,62,63,84,64],"class_list":{"0":"post-6038","1":"product","2":"type-product","3":"status-publish","4":"has-post-thumbnail","6":"product_cat-product","7":"product_tag-26ft-food-trailer","8":"product_tag-customized-trailer","9":"product_tag-taco-food-trailer","10":"product_tag-taco-food-trailer-for-sale","11":"product_tag-taco-truck","12":"product_tag-taco-truck-trailer","14":"first","15":"instock","16":"shipping-taxable","17":"product-type-simple"},"yoast_head":"<!-- This site is optimized with the Yoast SEO plugin v27.6 - https:\/\/yoast.com\/product\/yoast-seo-wordpress\/ -->\n<title>Factory Price 26ft Taco Food Trailer For Sale - Honlu Food Trailer<\/title>\n<meta name=\"description\" content=\"This is a 26ft taco food trailer for sale we have customized for an American customer. Get a similar or customized one at factory price now!\" \/>\n<meta name=\"robots\" content=\"index, follow, max-snippet:-1, max-image-preview:large, max-video-preview:-1\" \/>\n<link rel=\"canonical\" href=\"https:\/\/www.honlufoodtrailer.com\/lv\/product\/26ft-taco-truck-trailer-for-sale\/\" \/>\n<meta property=\"og:locale\" content=\"lv_LV\" \/>\n<meta property=\"og:type\" content=\"article\" \/>\n<meta property=\"og:title\" content=\"Factory Price 26ft Taco Food Trailer For Sale - Honlu Food Trailer\" \/>\n<meta property=\"og:description\" content=\"This is a 26ft taco food trailer for sale we have customized for an American customer. Get a similar or customized one at factory price now!\" \/>\n<meta property=\"og:url\" content=\"https:\/\/www.honlufoodtrailer.com\/lv\/product\/26ft-taco-truck-trailer-for-sale\/\" \/>\n<meta property=\"og:site_name\" content=\"Honlu food trailer\" \/>\n<meta property=\"article:modified_time\" content=\"2025-02-14T07:38:24+00:00\" \/>\n<meta property=\"og:image\" content=\"https:\/\/www.honlufoodtrailer.com\/wp-content\/uploads\/2023\/12\/taco-truck-trailer.jpg\" \/>\n\t<meta property=\"og:image:width\" content=\"720\" \/>\n\t<meta property=\"og:image:height\" content=\"540\" \/>\n\t<meta property=\"og:image:type\" content=\"image\/jpeg\" \/>\n<meta name=\"twitter:card\" content=\"summary_large_image\" \/>\n<meta name=\"twitter:label1\" content=\"Est. reading time\" \/>\n\t<meta name=\"twitter:data1\" content=\"1 min\u016bte\" \/>\n<script type=\"application\/ld+json\" class=\"yoast-schema-graph\">{\"@context\":\"https:\\\/\\\/schema.org\",\"@graph\":[{\"@type\":\"WebPage\",\"@id\":\"https:\\\/\\\/www.honlufoodtrailer.com\\\/product\\\/26ft-taco-truck-trailer-for-sale\\\/\",\"url\":\"https:\\\/\\\/www.honlufoodtrailer.com\\\/product\\\/26ft-taco-truck-trailer-for-sale\\\/\",\"name\":\"Factory Price 26ft Taco Food Trailer For Sale - Honlu Food Trailer\",\"isPartOf\":{\"@id\":\"https:\\\/\\\/www.honlufoodtrailer.com\\\/#website\"},\"primaryImageOfPage\":{\"@id\":\"https:\\\/\\\/www.honlufoodtrailer.com\\\/product\\\/26ft-taco-truck-trailer-for-sale\\\/#primaryimage\"},\"image\":{\"@id\":\"https:\\\/\\\/www.honlufoodtrailer.com\\\/product\\\/26ft-taco-truck-trailer-for-sale\\\/#primaryimage\"},\"thumbnailUrl\":\"https:\\\/\\\/www.honlufoodtrailer.com\\\/wp-content\\\/uploads\\\/2023\\\/12\\\/taco-truck-trailer.jpg\",\"datePublished\":\"2023-12-04T07:55:47+00:00\",\"dateModified\":\"2025-02-14T07:38:24+00:00\",\"description\":\"This is a 26ft taco food trailer for sale we have customized for an American customer. Get a similar or customized one at factory price now!\",\"breadcrumb\":{\"@id\":\"https:\\\/\\\/www.honlufoodtrailer.com\\\/product\\\/26ft-taco-truck-trailer-for-sale\\\/#breadcrumb\"},\"inLanguage\":\"lv-LV\",\"potentialAction\":[{\"@type\":\"ReadAction\",\"target\":[\"https:\\\/\\\/www.honlufoodtrailer.com\\\/product\\\/26ft-taco-truck-trailer-for-sale\\\/\"]}]},{\"@type\":\"ImageObject\",\"inLanguage\":\"lv-LV\",\"@id\":\"https:\\\/\\\/www.honlufoodtrailer.com\\\/product\\\/26ft-taco-truck-trailer-for-sale\\\/#primaryimage\",\"url\":\"https:\\\/\\\/www.honlufoodtrailer.com\\\/wp-content\\\/uploads\\\/2023\\\/12\\\/taco-truck-trailer.jpg\",\"contentUrl\":\"https:\\\/\\\/www.honlufoodtrailer.com\\\/wp-content\\\/uploads\\\/2023\\\/12\\\/taco-truck-trailer.jpg\",\"width\":720,\"height\":540,\"caption\":\"taco truck trailer\"},{\"@type\":\"BreadcrumbList\",\"@id\":\"https:\\\/\\\/www.honlufoodtrailer.com\\\/product\\\/26ft-taco-truck-trailer-for-sale\\\/#breadcrumb\",\"itemListElement\":[{\"@type\":\"ListItem\",\"position\":1,\"name\":\"Home\",\"item\":\"https:\\\/\\\/www.honlufoodtrailer.com\\\/\"},{\"@type\":\"ListItem\",\"position\":2,\"name\":\"\u4ea7\u54c1\",\"item\":\"https:\\\/\\\/www.honlufoodtrailer.com\\\/shop\\\/\"},{\"@type\":\"ListItem\",\"position\":3,\"name\":\"26ft Taco Food Trailer For Sale\"}]},{\"@type\":\"WebSite\",\"@id\":\"https:\\\/\\\/www.honlufoodtrailer.com\\\/#website\",\"url\":\"https:\\\/\\\/www.honlufoodtrailer.com\\\/\",\"name\":\"Honlu food trailer\",\"description\":\"\",\"publisher\":{\"@id\":\"https:\\\/\\\/www.honlufoodtrailer.com\\\/#organization\"},\"potentialAction\":[{\"@type\":\"SearchAction\",\"target\":{\"@type\":\"EntryPoint\",\"urlTemplate\":\"https:\\\/\\\/www.honlufoodtrailer.com\\\/?s={search_term_string}\"},\"query-input\":{\"@type\":\"PropertyValueSpecification\",\"valueRequired\":true,\"valueName\":\"search_term_string\"}}],\"inLanguage\":\"lv-LV\"},{\"@type\":\"Organization\",\"@id\":\"https:\\\/\\\/www.honlufoodtrailer.com\\\/#organization\",\"name\":\"Honlu food trailer\",\"url\":\"https:\\\/\\\/www.honlufoodtrailer.com\\\/\",\"logo\":{\"@type\":\"ImageObject\",\"inLanguage\":\"lv-LV\",\"@id\":\"https:\\\/\\\/www.honlufoodtrailer.com\\\/#\\\/schema\\\/logo\\\/image\\\/\",\"url\":\"https:\\\/\\\/www.honlufoodtrailer.com\\\/wp-content\\\/uploads\\\/2021\\\/12\\\/2.gif\",\"contentUrl\":\"https:\\\/\\\/www.honlufoodtrailer.com\\\/wp-content\\\/uploads\\\/2021\\\/12\\\/2.gif\",\"width\":350,\"height\":100,\"caption\":\"Honlu food trailer\"},\"image\":{\"@id\":\"https:\\\/\\\/www.honlufoodtrailer.com\\\/#\\\/schema\\\/logo\\\/image\\\/\"}}]}<\/script>\n<!-- \/ Yoast SEO plugin. -->","yoast_head_json":{"title":"R\u016bpn\u012bcas cena 26 p\u0113du Taco p\u0101rtikas piekabe P\u0101rdo\u0161an\u0101 - Honlu p\u0101rtikas piekabe","description":"P\u0101rdodam \u0161o 26\u00a0p\u0113du taco p\u0101rtikas piekabi, ko esam piel\u0101goju\u0161i k\u0101dam amerik\u0101\u0146u klientam. Ieg\u016bstiet l\u012bdz\u012bgu vai piel\u0101gotu par r\u016bpn\u012bcas cenu t\u016bl\u012bt!","robots":{"index":"index","follow":"follow","max-snippet":"max-snippet:-1","max-image-preview":"max-image-preview:large","max-video-preview":"max-video-preview:-1"},"canonical":"https:\/\/www.honlufoodtrailer.com\/lv\/product\/26ft-taco-truck-trailer-for-sale\/","og_locale":"lv_LV","og_type":"article","og_title":"Factory Price 26ft Taco Food Trailer For Sale - Honlu Food Trailer","og_description":"This is a 26ft taco food trailer for sale we have customized for an American customer. Get a similar or customized one at factory price now!","og_url":"https:\/\/www.honlufoodtrailer.com\/lv\/product\/26ft-taco-truck-trailer-for-sale\/","og_site_name":"Honlu food trailer","article_modified_time":"2025-02-14T07:38:24+00:00","og_image":[{"width":720,"height":540,"url":"https:\/\/www.honlufoodtrailer.com\/wp-content\/uploads\/2023\/12\/taco-truck-trailer.jpg","type":"image\/jpeg"}],"twitter_card":"summary_large_image","twitter_misc":{"Est. reading time":"1 min\u016bte"},"schema":{"@context":"https:\/\/schema.org","@graph":[{"@type":"WebPage","@id":"https:\/\/www.honlufoodtrailer.com\/product\/26ft-taco-truck-trailer-for-sale\/","url":"https:\/\/www.honlufoodtrailer.com\/product\/26ft-taco-truck-trailer-for-sale\/","name":"R\u016bpn\u012bcas cena 26 p\u0113du Taco p\u0101rtikas piekabe P\u0101rdo\u0161an\u0101 - Honlu p\u0101rtikas piekabe","isPartOf":{"@id":"https:\/\/www.honlufoodtrailer.com\/#website"},"primaryImageOfPage":{"@id":"https:\/\/www.honlufoodtrailer.com\/product\/26ft-taco-truck-trailer-for-sale\/#primaryimage"},"image":{"@id":"https:\/\/www.honlufoodtrailer.com\/product\/26ft-taco-truck-trailer-for-sale\/#primaryimage"},"thumbnailUrl":"https:\/\/www.honlufoodtrailer.com\/wp-content\/uploads\/2023\/12\/taco-truck-trailer.jpg","datePublished":"2023-12-04T07:55:47+00:00","dateModified":"2025-02-14T07:38:24+00:00","description":"P\u0101rdodam \u0161o 26\u00a0p\u0113du taco p\u0101rtikas piekabi, ko esam piel\u0101goju\u0161i k\u0101dam amerik\u0101\u0146u klientam. Ieg\u016bstiet l\u012bdz\u012bgu vai piel\u0101gotu par r\u016bpn\u012bcas cenu t\u016bl\u012bt!","breadcrumb":{"@id":"https:\/\/www.honlufoodtrailer.com\/product\/26ft-taco-truck-trailer-for-sale\/#breadcrumb"},"inLanguage":"lv-LV","potentialAction":[{"@type":"ReadAction","target":["https:\/\/www.honlufoodtrailer.com\/product\/26ft-taco-truck-trailer-for-sale\/"]}]},{"@type":"ImageObject","inLanguage":"lv-LV","@id":"https:\/\/www.honlufoodtrailer.com\/product\/26ft-taco-truck-trailer-for-sale\/#primaryimage","url":"https:\/\/www.honlufoodtrailer.com\/wp-content\/uploads\/2023\/12\/taco-truck-trailer.jpg","contentUrl":"https:\/\/www.honlufoodtrailer.com\/wp-content\/uploads\/2023\/12\/taco-truck-trailer.jpg","width":720,"height":540,"caption":"taco truck trailer"},{"@type":"BreadcrumbList","@id":"https:\/\/www.honlufoodtrailer.com\/product\/26ft-taco-truck-trailer-for-sale\/#breadcrumb","itemListElement":[{"@type":"ListItem","position":1,"name":"Home","item":"https:\/\/www.honlufoodtrailer.com\/"},{"@type":"ListItem","position":2,"name":"\u4ea7\u54c1","item":"https:\/\/www.honlufoodtrailer.com\/shop\/"},{"@type":"ListItem","position":3,"name":"26ft Taco Food Trailer For Sale"}]},{"@type":"WebSite","@id":"https:\/\/www.honlufoodtrailer.com\/#website","url":"https:\/\/www.honlufoodtrailer.com\/","name":"Honlu p\u0101rtikas piekabe","description":"","publisher":{"@id":"https:\/\/www.honlufoodtrailer.com\/#organization"},"potentialAction":[{"@type":"SearchAction","target":{"@type":"EntryPoint","urlTemplate":"https:\/\/www.honlufoodtrailer.com\/?s={search_term_string}"},"query-input":{"@type":"PropertyValueSpecification","valueRequired":true,"valueName":"search_term_string"}}],"inLanguage":"lv-LV"},{"@type":"Organization","@id":"https:\/\/www.honlufoodtrailer.com\/#organization","name":"Honlu p\u0101rtikas piekabe","url":"https:\/\/www.honlufoodtrailer.com\/","logo":{"@type":"ImageObject","inLanguage":"lv-LV","@id":"https:\/\/www.honlufoodtrailer.com\/#\/schema\/logo\/image\/","url":"https:\/\/www.honlufoodtrailer.com\/wp-content\/uploads\/2021\/12\/2.gif","contentUrl":"https:\/\/www.honlufoodtrailer.com\/wp-content\/uploads\/2021\/12\/2.gif","width":350,"height":100,"caption":"Honlu food trailer"},"image":{"@id":"https:\/\/www.honlufoodtrailer.com\/#\/schema\/logo\/image\/"}}]}},"_links":{"self":[{"href":"https:\/\/www.honlufoodtrailer.com\/lv\/wp-json\/wp\/v2\/product\/6038","targetHints":{"allow":["GET"]}}],"collection":[{"href":"https:\/\/www.honlufoodtrailer.com\/lv\/wp-json\/wp\/v2\/product"}],"about":[{"href":"https:\/\/www.honlufoodtrailer.com\/lv\/wp-json\/wp\/v2\/types\/product"}],"version-history":[{"count":0,"href":"https:\/\/www.honlufoodtrailer.com\/lv\/wp-json\/wp\/v2\/product\/6038\/revisions"}],"wp:featuredmedia":[{"embeddable":true,"href":"https:\/\/www.honlufoodtrailer.com\/lv\/wp-json\/wp\/v2\/media\/6047"}],"wp:attachment":[{"href":"https:\/\/www.honlufoodtrailer.com\/lv\/wp-json\/wp\/v2\/media?parent=6038"}],"wp:term":[{"taxonomy":"product_brand","embeddable":true,"href":"https:\/\/www.honlufoodtrailer.com\/lv\/wp-json\/wp\/v2\/product_brand?post=6038"},{"taxonomy":"product_cat","embeddable":true,"href":"https:\/\/www.honlufoodtrailer.com\/lv\/wp-json\/wp\/v2\/product_cat?post=6038"},{"taxonomy":"product_tag","embeddable":true,"href":"https:\/\/www.honlufoodtrailer.com\/lv\/wp-json\/wp\/v2\/product_tag?post=6038"}],"curies":[{"name":"wp","href":"https:\/\/api.w.org\/{rel}","templated":true}]}}