{"id":6593,"date":"2024-01-20T15:58:00","date_gmt":"2024-01-20T07:58:00","guid":{"rendered":"https:\/\/www.honlufoodtrailer.com\/?post_type=product&#038;p=6593"},"modified":"2025-02-14T15:36:22","modified_gmt":"2025-02-14T07:36:22","slug":"3-5m-drink-trailer-for-sale","status":"publish","type":"product","link":"https:\/\/www.honlufoodtrailer.com\/lv\/product\/3-5m-drink-trailer-for-sale\/","title":{"rendered":"P\u0101rdodu 3,5\u00a0m dz\u0113rienu piekabi"},"content":{"rendered":"<p>Vai mekl\u0113jat p\u0101rdo\u0161anai mobilo dz\u0113rienu piekabi? Skatiet \u0161o rentablo dz\u0113rienu treileri \u0161eit!\u00a0 \u0160\u012b ir piel\u0101gota 3,5\u00a0m maza dz\u0113rienu piekabe p\u0101rdo\u0161anai, ko esam izgatavoju\u0161i vienam no m\u016bsu klientiem no Amerikas Savienotaj\u0101m Valst\u012bm. M\u0113s varam izgatavot l\u012bdz\u012bgu dz\u0113rienu koncesijas piekabi, piem\u0113ram, \u0161o, vai piel\u0101got to jums. Dz\u0113rienu piekabju korpusa kr\u0101su, uzl\u012bmes, izk\u0101rtnes un virtuves apr\u012bkojumu var piel\u0101got. Vienk\u0101r\u0161i sazinieties ar mums un past\u0101stiet mums savas detaliz\u0113t\u0101s pras\u012bbas.<\/p>\n<p><img fetchpriority=\"high\" decoding=\"async\" class=\"aligncenter size-full wp-image-6597\" src=\"https:\/\/www.honlufoodtrailer.com\/wp-content\/uploads\/2024\/01\/3.5m-beverage-concession-trailer.jpg\" alt=\"3,5\u00a0m dz\u0113rienu koncesijas piekabe\" width=\"720\" height=\"540\" srcset=\"https:\/\/www.honlufoodtrailer.com\/wp-content\/uploads\/2024\/01\/3.5m-beverage-concession-trailer.jpg 720w, https:\/\/www.honlufoodtrailer.com\/wp-content\/uploads\/2024\/01\/3.5m-beverage-concession-trailer-480x360.jpg 480w, https:\/\/www.honlufoodtrailer.com\/wp-content\/uploads\/2024\/01\/3.5m-beverage-concession-trailer-300x225.jpg 300w\" sizes=\"(max-width: 720px) 100vw, 720px\" \/><\/p>\n<p>Vai v\u0113laties s\u0101kt savu mobilo p\u0101rtikas piekabju biznesu? Vai v\u0113laties nodro\u0161in\u0101t dz\u0113rienus, atrodoties ce\u013c\u0101? P\u0113c tam apsveriet iesp\u0113ju ieguld\u012bt \u0161aj\u0101 mazaj\u0101 dz\u0113rienu piekab\u0113 p\u0101rdo\u0161anai. \u0160\u0101da veida <a href=\"https:\/\/www.honlufoodtrailer.com\/lv\/product\/\" target=\"_blank\" rel=\"noopener\">p\u0101rtikas piekabe<\/a> var pal\u012bdz\u0113t j\u016bsu uz\u0146\u0113mumam g\u016bt pan\u0101kumus. Tagad \u013caujiet man jums par\u0101d\u012bt \u0161\u012b mobil\u0101 dz\u0113rienu piekabes iek\u0161\u0113jo skatu.<\/p>\n<p><img decoding=\"async\" class=\"aligncenter size-full wp-image-6605\" src=\"https:\/\/www.honlufoodtrailer.com\/wp-content\/uploads\/2024\/01\/3.5m-drink-trailer-details.jpg\" alt=\"3,5\u00a0m dz\u0113rienu piekabes inform\u0101cija\" width=\"800\" height=\"802\" srcset=\"https:\/\/www.honlufoodtrailer.com\/wp-content\/uploads\/2024\/01\/3.5m-drink-trailer-details.jpg 800w, https:\/\/www.honlufoodtrailer.com\/wp-content\/uploads\/2024\/01\/3.5m-drink-trailer-details-768x770.jpg 768w, https:\/\/www.honlufoodtrailer.com\/wp-content\/uploads\/2024\/01\/3.5m-drink-trailer-details-359x360.jpg 359w, https:\/\/www.honlufoodtrailer.com\/wp-content\/uploads\/2024\/01\/3.5m-drink-trailer-details-300x301.jpg 300w, https:\/\/www.honlufoodtrailer.com\/wp-content\/uploads\/2024\/01\/3.5m-drink-trailer-details-720x722.jpg 720w, https:\/\/www.honlufoodtrailer.com\/wp-content\/uploads\/2024\/01\/3.5m-drink-trailer-details-100x100.jpg 100w\" sizes=\"(max-width: 800px) 100vw, 800px\" \/><\/p>\n<p>K\u0101 redzams no att\u0113la, m\u0113s esam apr\u012bkoju\u0161i 3,5\u00a0m dz\u0113rienu piekabi ar da\u017e\u0101m pamata virtuves iek\u0101rt\u0101m. galvenok\u0101rt ir virtuves iek\u0101rtas, piem\u0113ram, izlietnes, darba galds un plaukti utt. M\u016bsu klients pievienos v\u0113l da\u017eas vi\u0146am nepiecie\u0161am\u0101s rezerves da\u013cas.<\/p>\n<p>P\u0101rtikas piekabes var saukt ar\u012b par p\u0101rtikas rati\u0146iem, p\u0101rtikas furgoniem, p\u0101rtikas kravas automa\u0161\u012bn\u0101m utt. T\u0101s var izmantot \u0101tr\u0101s \u0113din\u0101\u0161anas, uzkodu, av\u012b\u017eu, gr\u0101matu utt. p\u0101rdo\u0161anai. T\u0101s sast\u0101v no \u0161asijas, virsb\u016bves, gr\u012bdas, darba galda, \u016bdens sist\u0113mas un elektrisk\u0101s sist\u0113mas. Lietot\u0101ji var izv\u0113l\u0113ties ar\u012b v\u0113lamo kr\u0101su. Ja klienti v\u0113las, m\u0113s labpr\u0101t ieg\u0101d\u0101tos cita veida apr\u012bkojumu.<\/p>\n<p><img fetchpriority=\"high\" decoding=\"async\" class=\"aligncenter size-full wp-image-6597\" src=\"https:\/\/www.honlufoodtrailer.com\/wp-content\/uploads\/2024\/01\/3.5m-beverage-concession-trailer.jpg\" alt=\"3,5\u00a0m dz\u0113rienu koncesijas piekabe\" width=\"720\" height=\"540\" srcset=\"https:\/\/www.honlufoodtrailer.com\/wp-content\/uploads\/2024\/01\/3.5m-beverage-concession-trailer.jpg 720w, https:\/\/www.honlufoodtrailer.com\/wp-content\/uploads\/2024\/01\/3.5m-beverage-concession-trailer-480x360.jpg 480w, https:\/\/www.honlufoodtrailer.com\/wp-content\/uploads\/2024\/01\/3.5m-beverage-concession-trailer-300x225.jpg 300w\" sizes=\"(max-width: 720px) 100vw, 720px\" \/><\/p>\n<h2><b class=\"magic-22\"><span class=\"magic-11\">Piel\u0101got\u0101 dz\u0113rienu treilera galven\u0101s iez\u012bmes<\/span><\/b><\/h2>\n<div class=\"magic-2\">\n<div class=\"magic-3\">\n<div class=\"magic-4\">\n<p class=\"magic-5\" data-spm-anchor-id=\"a2700.details.0.i22.54e5117dtl16iL\"><span style=\"font-family: Tahoma;\">1<span class=\"magic-12\" data-spm-anchor-id=\"a2700.details.0.i21.54e5117dtl16iL\">. Zemas izmaksas un videi draudz\u012bgs, bez d\u016bmiem un trok\u0161\u0146a, viegli p\u0101rvietojams uz jebkuru vietu<\/span><\/span><\/p>\n<p>2. To var izmantot daudzus gadus un tas nerad\u012bs atkritumus, un tas ir daudz piem\u0113rots m\u016bsdienu dz\u012bvei.<\/p>\n<p>3. Tas ir \u0113rti un vienk\u0101r\u0161i iekrau\u0161anai un transport\u0113\u0161anai, jo dizains ir unik\u0101ls un individu\u0101ls.<\/p>\n<p>4. Galvenais materi\u0101ls ir ner\u016bs\u0113jo\u0161ais t\u0113rauds, un plakan\u0101 forma (galds) ner\u016bs\u0113s.<\/p>\n<p>5. Tam ir karstumiztur\u012bba, augsta iztur\u012bba, augsta kr\u0101su notur\u012bba, nav deform\u0101cijas, \u016bdensiztur\u012bba un ilgs kalpo\u0161anas laiks.<\/p>\n<\/div>\n<\/div>\n<\/div>\n<h2><b class=\"magic-22\"><span class=\"magic-11\">Galven\u0101 priek\u0161roc\u012bba:<\/span><\/b><\/h2>\n<p><span class=\"magic-12\">1. Zemas izmaksas un videi draudz\u012bgs;<br \/>\n2. Viegli p\u0101rvietoties uz jebkuru vietu (j\u016bsu bizness nav ierobe\u017eots);<br \/>\n3. Unik\u0101la forma (neredzama, lai piesaist\u012btu vair\u0101k klientu);<br \/>\n4. Ilgs kalpo\u0161anas laiks (iztur\u012bgs pret koroziju, karstumiztur\u012bgs, \u016bdensiztur\u012bgs, bez deform\u0101cijas).<\/span><\/p>","protected":false},"excerpt":{"rendered":"<p>\u0160is ir viens no m\u016bsu pas\u016bt\u012bjuma izgatavotajiem 3,5\u00a0m dz\u0113rienu piekab\u0113m p\u0101rdo\u0161an\u0101. Parasti tas ir v\u0113lamais modelis mobilo p\u0101rtikas piekabju biznesa uzs\u0101k\u0161anai. Protams, m\u0113s varam izgatavot l\u012bdz\u012bgu dz\u0113rienu piekabi, piem\u0113ram, \u0161o, vai piel\u0101got to jums. P\u0101rtikas piekabes virsb\u016bves kr\u0101su, uzl\u012bmes, izk\u0101rtnes, virtuves apr\u012bkojumu var piel\u0101got. Vienk\u0101r\u0161i nevilcinieties sazin\u0101ties ar mums!<\/p>","protected":false},"featured_media":6600,"template":"","meta":{"_themeisle_gutenberg_block_has_review":false},"product_brand":[],"product_cat":[26],"product_tag":[33,129,60,61,38],"class_list":{"0":"post-6593","1":"product","2":"type-product","3":"status-publish","4":"has-post-thumbnail","6":"product_cat-product","7":"product_tag-customized-trailer","8":"product_tag-drink-trailer","9":"product_tag-fast-food-trailer","10":"product_tag-fast-food-trailer-for-sale","11":"product_tag-mobile-food-trailer","13":"first","14":"instock","15":"shipping-taxable","16":"product-type-simple"},"yoast_head":"<!-- This site is optimized with the Yoast SEO plugin v27.6 - https:\/\/yoast.com\/product\/yoast-seo-wordpress\/ -->\n<title>Factory Price Mobile Drink Trailer For Sale - Honlu Food Trailer<\/title>\n<meta name=\"description\" content=\"Looking for a mobile drink trailer for sale? Get a similar or customized drink concession trailer from China top food trailer manufacturer now!\" \/>\n<meta name=\"robots\" content=\"index, follow, max-snippet:-1, max-image-preview:large, max-video-preview:-1\" \/>\n<link rel=\"canonical\" href=\"https:\/\/www.honlufoodtrailer.com\/lv\/product\/3-5m-drink-trailer-for-sale\/\" \/>\n<meta property=\"og:locale\" content=\"lv_LV\" \/>\n<meta property=\"og:type\" content=\"article\" \/>\n<meta property=\"og:title\" content=\"Factory Price Mobile Drink Trailer For Sale - Honlu Food Trailer\" \/>\n<meta property=\"og:description\" content=\"Looking for a mobile drink trailer for sale? Get a similar or customized drink concession trailer from China top food trailer manufacturer now!\" \/>\n<meta property=\"og:url\" content=\"https:\/\/www.honlufoodtrailer.com\/lv\/product\/3-5m-drink-trailer-for-sale\/\" \/>\n<meta property=\"og:site_name\" content=\"Honlu food trailer\" \/>\n<meta property=\"article:modified_time\" content=\"2025-02-14T07:36:22+00:00\" \/>\n<meta property=\"og:image\" content=\"https:\/\/www.honlufoodtrailer.com\/wp-content\/uploads\/2024\/01\/3.5m-drink-trailer-for-sale.jpg\" \/>\n\t<meta property=\"og:image:width\" content=\"720\" \/>\n\t<meta property=\"og:image:height\" content=\"540\" \/>\n\t<meta property=\"og:image:type\" content=\"image\/jpeg\" \/>\n<meta name=\"twitter:card\" content=\"summary_large_image\" \/>\n<meta name=\"twitter:label1\" content=\"Est. reading time\" \/>\n\t<meta name=\"twitter:data1\" content=\"1 min\u016bte\" \/>\n<script type=\"application\/ld+json\" class=\"yoast-schema-graph\">{\"@context\":\"https:\\\/\\\/schema.org\",\"@graph\":[{\"@type\":\"WebPage\",\"@id\":\"https:\\\/\\\/www.honlufoodtrailer.com\\\/product\\\/3-5m-drink-trailer-for-sale\\\/\",\"url\":\"https:\\\/\\\/www.honlufoodtrailer.com\\\/product\\\/3-5m-drink-trailer-for-sale\\\/\",\"name\":\"Factory Price Mobile Drink Trailer For Sale - Honlu Food Trailer\",\"isPartOf\":{\"@id\":\"https:\\\/\\\/www.honlufoodtrailer.com\\\/#website\"},\"primaryImageOfPage\":{\"@id\":\"https:\\\/\\\/www.honlufoodtrailer.com\\\/product\\\/3-5m-drink-trailer-for-sale\\\/#primaryimage\"},\"image\":{\"@id\":\"https:\\\/\\\/www.honlufoodtrailer.com\\\/product\\\/3-5m-drink-trailer-for-sale\\\/#primaryimage\"},\"thumbnailUrl\":\"https:\\\/\\\/www.honlufoodtrailer.com\\\/wp-content\\\/uploads\\\/2024\\\/01\\\/3.5m-drink-trailer-for-sale.jpg\",\"datePublished\":\"2024-01-20T07:58:00+00:00\",\"dateModified\":\"2025-02-14T07:36:22+00:00\",\"description\":\"Looking for a mobile drink trailer for sale? Get a similar or customized drink concession trailer from China top food trailer manufacturer now!\",\"breadcrumb\":{\"@id\":\"https:\\\/\\\/www.honlufoodtrailer.com\\\/product\\\/3-5m-drink-trailer-for-sale\\\/#breadcrumb\"},\"inLanguage\":\"lv-LV\",\"potentialAction\":[{\"@type\":\"ReadAction\",\"target\":[\"https:\\\/\\\/www.honlufoodtrailer.com\\\/product\\\/3-5m-drink-trailer-for-sale\\\/\"]}]},{\"@type\":\"ImageObject\",\"inLanguage\":\"lv-LV\",\"@id\":\"https:\\\/\\\/www.honlufoodtrailer.com\\\/product\\\/3-5m-drink-trailer-for-sale\\\/#primaryimage\",\"url\":\"https:\\\/\\\/www.honlufoodtrailer.com\\\/wp-content\\\/uploads\\\/2024\\\/01\\\/3.5m-drink-trailer-for-sale.jpg\",\"contentUrl\":\"https:\\\/\\\/www.honlufoodtrailer.com\\\/wp-content\\\/uploads\\\/2024\\\/01\\\/3.5m-drink-trailer-for-sale.jpg\",\"width\":720,\"height\":540,\"caption\":\"3.5m drink trailer for sale\"},{\"@type\":\"BreadcrumbList\",\"@id\":\"https:\\\/\\\/www.honlufoodtrailer.com\\\/product\\\/3-5m-drink-trailer-for-sale\\\/#breadcrumb\",\"itemListElement\":[{\"@type\":\"ListItem\",\"position\":1,\"name\":\"Home\",\"item\":\"https:\\\/\\\/www.honlufoodtrailer.com\\\/\"},{\"@type\":\"ListItem\",\"position\":2,\"name\":\"\u4ea7\u54c1\",\"item\":\"https:\\\/\\\/www.honlufoodtrailer.com\\\/shop\\\/\"},{\"@type\":\"ListItem\",\"position\":3,\"name\":\"3.5m Drink Trailer For Sale\"}]},{\"@type\":\"WebSite\",\"@id\":\"https:\\\/\\\/www.honlufoodtrailer.com\\\/#website\",\"url\":\"https:\\\/\\\/www.honlufoodtrailer.com\\\/\",\"name\":\"Honlu food trailer\",\"description\":\"\",\"publisher\":{\"@id\":\"https:\\\/\\\/www.honlufoodtrailer.com\\\/#organization\"},\"potentialAction\":[{\"@type\":\"SearchAction\",\"target\":{\"@type\":\"EntryPoint\",\"urlTemplate\":\"https:\\\/\\\/www.honlufoodtrailer.com\\\/?s={search_term_string}\"},\"query-input\":{\"@type\":\"PropertyValueSpecification\",\"valueRequired\":true,\"valueName\":\"search_term_string\"}}],\"inLanguage\":\"lv-LV\"},{\"@type\":\"Organization\",\"@id\":\"https:\\\/\\\/www.honlufoodtrailer.com\\\/#organization\",\"name\":\"Honlu food trailer\",\"url\":\"https:\\\/\\\/www.honlufoodtrailer.com\\\/\",\"logo\":{\"@type\":\"ImageObject\",\"inLanguage\":\"lv-LV\",\"@id\":\"https:\\\/\\\/www.honlufoodtrailer.com\\\/#\\\/schema\\\/logo\\\/image\\\/\",\"url\":\"https:\\\/\\\/www.honlufoodtrailer.com\\\/wp-content\\\/uploads\\\/2021\\\/12\\\/2.gif\",\"contentUrl\":\"https:\\\/\\\/www.honlufoodtrailer.com\\\/wp-content\\\/uploads\\\/2021\\\/12\\\/2.gif\",\"width\":350,\"height\":100,\"caption\":\"Honlu food trailer\"},\"image\":{\"@id\":\"https:\\\/\\\/www.honlufoodtrailer.com\\\/#\\\/schema\\\/logo\\\/image\\\/\"}}]}<\/script>\n<!-- \/ Yoast SEO plugin. -->","yoast_head_json":{"title":"P\u0101rdodu mobilo dz\u0113rienu piekabi par r\u016bpn\u012bcas cenu - Honlu p\u0101rtikas piekabe","description":"Vai mekl\u0113jat p\u0101rdo\u0161anai mobilo dz\u0113rienu piekabi? Ieg\u016bstiet l\u012bdz\u012bgu vai piel\u0101gotu dz\u0113rienu koncesijas piekabi no \u0136\u012bnas popul\u0101r\u0101k\u0101 p\u0101rtikas piekabes ra\u017eot\u0101ja t\u016bl\u012bt!","robots":{"index":"index","follow":"follow","max-snippet":"max-snippet:-1","max-image-preview":"max-image-preview:large","max-video-preview":"max-video-preview:-1"},"canonical":"https:\/\/www.honlufoodtrailer.com\/lv\/product\/3-5m-drink-trailer-for-sale\/","og_locale":"lv_LV","og_type":"article","og_title":"Factory Price Mobile Drink Trailer For Sale - Honlu Food Trailer","og_description":"Looking for a mobile drink trailer for sale? Get a similar or customized drink concession trailer from China top food trailer manufacturer now!","og_url":"https:\/\/www.honlufoodtrailer.com\/lv\/product\/3-5m-drink-trailer-for-sale\/","og_site_name":"Honlu food trailer","article_modified_time":"2025-02-14T07:36:22+00:00","og_image":[{"width":720,"height":540,"url":"https:\/\/www.honlufoodtrailer.com\/wp-content\/uploads\/2024\/01\/3.5m-drink-trailer-for-sale.jpg","type":"image\/jpeg"}],"twitter_card":"summary_large_image","twitter_misc":{"Est. reading time":"1 min\u016bte"},"schema":{"@context":"https:\/\/schema.org","@graph":[{"@type":"WebPage","@id":"https:\/\/www.honlufoodtrailer.com\/product\/3-5m-drink-trailer-for-sale\/","url":"https:\/\/www.honlufoodtrailer.com\/product\/3-5m-drink-trailer-for-sale\/","name":"P\u0101rdodu mobilo dz\u0113rienu piekabi par r\u016bpn\u012bcas cenu - Honlu p\u0101rtikas piekabe","isPartOf":{"@id":"https:\/\/www.honlufoodtrailer.com\/#website"},"primaryImageOfPage":{"@id":"https:\/\/www.honlufoodtrailer.com\/product\/3-5m-drink-trailer-for-sale\/#primaryimage"},"image":{"@id":"https:\/\/www.honlufoodtrailer.com\/product\/3-5m-drink-trailer-for-sale\/#primaryimage"},"thumbnailUrl":"https:\/\/www.honlufoodtrailer.com\/wp-content\/uploads\/2024\/01\/3.5m-drink-trailer-for-sale.jpg","datePublished":"2024-01-20T07:58:00+00:00","dateModified":"2025-02-14T07:36:22+00:00","description":"Vai mekl\u0113jat p\u0101rdo\u0161anai mobilo dz\u0113rienu piekabi? Ieg\u016bstiet l\u012bdz\u012bgu vai piel\u0101gotu dz\u0113rienu koncesijas piekabi no \u0136\u012bnas popul\u0101r\u0101k\u0101 p\u0101rtikas piekabes ra\u017eot\u0101ja t\u016bl\u012bt!","breadcrumb":{"@id":"https:\/\/www.honlufoodtrailer.com\/product\/3-5m-drink-trailer-for-sale\/#breadcrumb"},"inLanguage":"lv-LV","potentialAction":[{"@type":"ReadAction","target":["https:\/\/www.honlufoodtrailer.com\/product\/3-5m-drink-trailer-for-sale\/"]}]},{"@type":"ImageObject","inLanguage":"lv-LV","@id":"https:\/\/www.honlufoodtrailer.com\/product\/3-5m-drink-trailer-for-sale\/#primaryimage","url":"https:\/\/www.honlufoodtrailer.com\/wp-content\/uploads\/2024\/01\/3.5m-drink-trailer-for-sale.jpg","contentUrl":"https:\/\/www.honlufoodtrailer.com\/wp-content\/uploads\/2024\/01\/3.5m-drink-trailer-for-sale.jpg","width":720,"height":540,"caption":"3.5m drink trailer for sale"},{"@type":"BreadcrumbList","@id":"https:\/\/www.honlufoodtrailer.com\/product\/3-5m-drink-trailer-for-sale\/#breadcrumb","itemListElement":[{"@type":"ListItem","position":1,"name":"Home","item":"https:\/\/www.honlufoodtrailer.com\/"},{"@type":"ListItem","position":2,"name":"\u4ea7\u54c1","item":"https:\/\/www.honlufoodtrailer.com\/shop\/"},{"@type":"ListItem","position":3,"name":"3.5m Drink Trailer For Sale"}]},{"@type":"WebSite","@id":"https:\/\/www.honlufoodtrailer.com\/#website","url":"https:\/\/www.honlufoodtrailer.com\/","name":"Honlu p\u0101rtikas piekabe","description":"","publisher":{"@id":"https:\/\/www.honlufoodtrailer.com\/#organization"},"potentialAction":[{"@type":"SearchAction","target":{"@type":"EntryPoint","urlTemplate":"https:\/\/www.honlufoodtrailer.com\/?s={search_term_string}"},"query-input":{"@type":"PropertyValueSpecification","valueRequired":true,"valueName":"search_term_string"}}],"inLanguage":"lv-LV"},{"@type":"Organization","@id":"https:\/\/www.honlufoodtrailer.com\/#organization","name":"Honlu p\u0101rtikas piekabe","url":"https:\/\/www.honlufoodtrailer.com\/","logo":{"@type":"ImageObject","inLanguage":"lv-LV","@id":"https:\/\/www.honlufoodtrailer.com\/#\/schema\/logo\/image\/","url":"https:\/\/www.honlufoodtrailer.com\/wp-content\/uploads\/2021\/12\/2.gif","contentUrl":"https:\/\/www.honlufoodtrailer.com\/wp-content\/uploads\/2021\/12\/2.gif","width":350,"height":100,"caption":"Honlu food trailer"},"image":{"@id":"https:\/\/www.honlufoodtrailer.com\/#\/schema\/logo\/image\/"}}]}},"_links":{"self":[{"href":"https:\/\/www.honlufoodtrailer.com\/lv\/wp-json\/wp\/v2\/product\/6593","targetHints":{"allow":["GET"]}}],"collection":[{"href":"https:\/\/www.honlufoodtrailer.com\/lv\/wp-json\/wp\/v2\/product"}],"about":[{"href":"https:\/\/www.honlufoodtrailer.com\/lv\/wp-json\/wp\/v2\/types\/product"}],"version-history":[{"count":0,"href":"https:\/\/www.honlufoodtrailer.com\/lv\/wp-json\/wp\/v2\/product\/6593\/revisions"}],"wp:featuredmedia":[{"embeddable":true,"href":"https:\/\/www.honlufoodtrailer.com\/lv\/wp-json\/wp\/v2\/media\/6600"}],"wp:attachment":[{"href":"https:\/\/www.honlufoodtrailer.com\/lv\/wp-json\/wp\/v2\/media?parent=6593"}],"wp:term":[{"taxonomy":"product_brand","embeddable":true,"href":"https:\/\/www.honlufoodtrailer.com\/lv\/wp-json\/wp\/v2\/product_brand?post=6593"},{"taxonomy":"product_cat","embeddable":true,"href":"https:\/\/www.honlufoodtrailer.com\/lv\/wp-json\/wp\/v2\/product_cat?post=6593"},{"taxonomy":"product_tag","embeddable":true,"href":"https:\/\/www.honlufoodtrailer.com\/lv\/wp-json\/wp\/v2\/product_tag?post=6593"}],"curies":[{"name":"wp","href":"https:\/\/api.w.org\/{rel}","templated":true}]}}