{"id":6946,"date":"2024-03-04T17:10:32","date_gmt":"2024-03-04T09:10:32","guid":{"rendered":"https:\/\/www.honlufoodtrailer.com\/?post_type=product&#038;p=6946"},"modified":"2025-02-14T15:26:47","modified_gmt":"2025-02-14T07:26:47","slug":"customized-4m-donut-trailer-for-sale","status":"publish","type":"product","link":"https:\/\/www.honlufoodtrailer.com\/lv\/product\/customized-4m-donut-trailer-for-sale\/","title":{"rendered":"Piel\u0101gota 4m virtu\u013cu piekabe p\u0101rdo\u0161anai"},"content":{"rendered":"<p>Vai mekl\u0113jat donutu piekabi p\u0101rdo\u0161anai? Apskatiet \u0161o 4 m garo donutu p\u0101rtikas piekabi \u0161eit! \u0160\u012b ir piel\u0101gota 13 p\u0113du donutu koncesijas piekabe, ko esam izgatavoju\u0161i vienam no m\u016bsu klientiem Austr\u0101lij\u0101. M\u0113s varam izgatavot l\u012bdz\u012bgu donutu piekabi k\u0101 \u0161o vai piel\u0101got to jums. Donutu p\u0101rtikas piekabes virsb\u016bves kr\u0101su, uzl\u012bmes, izk\u0101rtnes un virtuves apr\u012bkojumu var piel\u0101got. Vienk\u0101r\u0161i sazinieties ar mums un past\u0101stiet mums savas detaliz\u0113t\u0101s pras\u012bbas.<br \/>\n<img fetchpriority=\"high\" decoding=\"async\" class=\"aligncenter size-full wp-image-6947\" src=\"https:\/\/www.honlufoodtrailer.com\/wp-content\/uploads\/2024\/03\/4m-donut-concession-trailer-for-sale.jpg\" alt=\"4m donutu koncesijas piekabe p\u0101rdo\u0161an\u0101\" width=\"720\" height=\"540\" srcset=\"https:\/\/www.honlufoodtrailer.com\/wp-content\/uploads\/2024\/03\/4m-donut-concession-trailer-for-sale.jpg 720w, https:\/\/www.honlufoodtrailer.com\/wp-content\/uploads\/2024\/03\/4m-donut-concession-trailer-for-sale-480x360.jpg 480w, https:\/\/www.honlufoodtrailer.com\/wp-content\/uploads\/2024\/03\/4m-donut-concession-trailer-for-sale-300x225.jpg 300w\" sizes=\"(max-width: 720px) 100vw, 720px\" \/><\/p>\n<p>Vai v\u0113laties uzs\u0101kt savu mobilo p\u0101rtikas piekabju biznesu? Vai v\u0113laties nodro\u0161in\u0101t mobilo \u0113dienu, atrodoties ce\u013c\u0101? Tad apsveriet iesp\u0113ju ieguld\u012bt \u0161aj\u0101 4M virtu\u013cu koncesijas piekab\u0113. \u0160\u0101da veida p\u0101rtikas piekabe var pal\u012bdz\u0113t j\u016bsu uz\u0146\u0113mumam g\u016bt pan\u0101kumus. Tagad \u013caujiet man par\u0101d\u012bt jums s\u012bk\u0101ku inform\u0101ciju par \u0161o virtu\u013cu koncesijas piekabi.<\/p>\n<p><img decoding=\"async\" class=\"aligncenter size-full wp-image-6949\" src=\"https:\/\/www.honlufoodtrailer.com\/wp-content\/uploads\/2024\/03\/4m-donut-food-trailer-inner-view.jpg\" alt=\"4m virtu\u013cu p\u0101rtikas piekabes iek\u0161\u0113jais skats\" width=\"720\" height=\"540\" srcset=\"https:\/\/www.honlufoodtrailer.com\/wp-content\/uploads\/2024\/03\/4m-donut-food-trailer-inner-view.jpg 720w, https:\/\/www.honlufoodtrailer.com\/wp-content\/uploads\/2024\/03\/4m-donut-food-trailer-inner-view-480x360.jpg 480w, https:\/\/www.honlufoodtrailer.com\/wp-content\/uploads\/2024\/03\/4m-donut-food-trailer-inner-view-300x225.jpg 300w\" sizes=\"(max-width: 720px) 100vw, 720px\" \/><img decoding=\"async\" class=\"aligncenter size-full wp-image-6955\" src=\"https:\/\/www.honlufoodtrailer.com\/wp-content\/uploads\/2024\/03\/4m-donut-trailer-details.jpg\" alt=\"4m donutu piekabes deta\u013cas\" width=\"800\" height=\"800\" srcset=\"https:\/\/www.honlufoodtrailer.com\/wp-content\/uploads\/2024\/03\/4m-donut-trailer-details.jpg 800w, https:\/\/www.honlufoodtrailer.com\/wp-content\/uploads\/2024\/03\/4m-donut-trailer-details-768x768.jpg 768w, https:\/\/www.honlufoodtrailer.com\/wp-content\/uploads\/2024\/03\/4m-donut-trailer-details-360x360.jpg 360w, https:\/\/www.honlufoodtrailer.com\/wp-content\/uploads\/2024\/03\/4m-donut-trailer-details-300x300.jpg 300w, https:\/\/www.honlufoodtrailer.com\/wp-content\/uploads\/2024\/03\/4m-donut-trailer-details-720x720.jpg 720w, https:\/\/www.honlufoodtrailer.com\/wp-content\/uploads\/2024\/03\/4m-donut-trailer-details-100x100.jpg 100w\" sizes=\"(max-width: 800px) 100vw, 800px\" \/><\/p>\n<p>K\u0101 redzams att\u0113l\u0101 iepriek\u0161, m\u0113s esam apr\u012bkoju\u0161i \u0161o 13 p\u0113du garo virtu\u013cu tirdzniec\u012bbas piekabi ar pamata virtuves apr\u012bkojumu. Galvenok\u0101rt taj\u0101 ir virtuves apr\u012bkojums, piem\u0113ram, izlietnes, darba galds, ledusskapis utt. M\u016bsu klients pievienos ar\u012b citas nepiecie\u0161am\u0101s rezerves da\u013cas.<\/p>\n<p>P\u0101rtikas piekabes var saukt ar\u012b par p\u0101rtikas rati\u0146iem, p\u0101rtikas furgoniem, p\u0101rtikas kravas automa\u0161\u012bn\u0101m utt. T\u0101s var izmantot \u0101tr\u0101s \u0113din\u0101\u0161anas, uzkodu, av\u012b\u017eu, gr\u0101matu utt. p\u0101rdo\u0161anai. T\u0101s sast\u0101v no \u0161asijas, virsb\u016bves, gr\u012bdas, darba galda, \u016bdens sist\u0113mas un elektrisk\u0101s sist\u0113mas. Lietot\u0101ji var izv\u0113l\u0113ties ar\u012b v\u0113lamo kr\u0101su. Ja klienti v\u0113las, m\u0113s labpr\u0101t ieg\u0101d\u0101tos cita veida apr\u012bkojumu.<\/p>\n<p><img loading=\"lazy\" decoding=\"async\" class=\"aligncenter size-full wp-image-6954\" src=\"https:\/\/www.honlufoodtrailer.com\/wp-content\/uploads\/2024\/03\/doughnut-trailer-for-sale.jpg\" alt=\"p\u0101rdo\u0161an\u0101 eso\u0161a virtu\u013cu piekabe\" width=\"720\" height=\"540\" srcset=\"https:\/\/www.honlufoodtrailer.com\/wp-content\/uploads\/2024\/03\/doughnut-trailer-for-sale.jpg 720w, https:\/\/www.honlufoodtrailer.com\/wp-content\/uploads\/2024\/03\/doughnut-trailer-for-sale-480x360.jpg 480w, https:\/\/www.honlufoodtrailer.com\/wp-content\/uploads\/2024\/03\/doughnut-trailer-for-sale-300x225.jpg 300w\" sizes=\"(max-width: 720px) 100vw, 720px\" \/><\/p>\n<h2><b class=\"magic-22\"><span class=\"magic-11\">Piel\u0101got\u0101s Donut piekabes p\u0101rdo\u0161an\u0101 galven\u0101s iez\u012bmes<\/span><\/b><\/h2>\n<div class=\"magic-2\">\n<div class=\"magic-3\">\n<div class=\"magic-4\">\n<p class=\"magic-5\" data-spm-anchor-id=\"a2700.details.0.i22.54e5117dtl16iL\"><span style=\"font-family: Tahoma;\">1<span class=\"magic-12\" data-spm-anchor-id=\"a2700.details.0.i21.54e5117dtl16iL\">. Zemas izmaksas un videi draudz\u012bgs, bez d\u016bmiem un trok\u0161\u0146a, viegli p\u0101rvietojams uz jebkuru vietu<\/span><\/span><\/p>\n<p>2. To var izmantot daudzus gadus un tas nerad\u012bs atkritumus, un tas ir daudz piem\u0113rots m\u016bsdienu dz\u012bvei.<\/p>\n<p>3. Tas ir \u0113rti un vienk\u0101r\u0161i iekrau\u0161anai un transport\u0113\u0161anai, jo dizains ir unik\u0101ls un individu\u0101ls.<\/p>\n<p>4. Galvenais materi\u0101ls ir ner\u016bs\u0113jo\u0161ais t\u0113rauds, un plakan\u0101 forma (galds) ner\u016bs\u0113s.<\/p>\n<p>5. Tam ir karstumiztur\u012bba, augsta iztur\u012bba, augsta kr\u0101su notur\u012bba, nav deform\u0101cijas, \u016bdensiztur\u012bba un ilgs kalpo\u0161anas laiks.<img loading=\"lazy\" decoding=\"async\" class=\"aligncenter size-full wp-image-6953\" src=\"https:\/\/www.honlufoodtrailer.com\/wp-content\/uploads\/2024\/03\/donut-vending-trailer.jpg\" alt=\"donutu tirdzniec\u012bbas piekabe\" width=\"720\" height=\"540\" srcset=\"https:\/\/www.honlufoodtrailer.com\/wp-content\/uploads\/2024\/03\/donut-vending-trailer.jpg 720w, https:\/\/www.honlufoodtrailer.com\/wp-content\/uploads\/2024\/03\/donut-vending-trailer-480x360.jpg 480w, https:\/\/www.honlufoodtrailer.com\/wp-content\/uploads\/2024\/03\/donut-vending-trailer-300x225.jpg 300w\" sizes=\"(max-width: 720px) 100vw, 720px\" \/><\/p>\n<\/div>\n<\/div>\n<\/div>\n<h2><b class=\"magic-22\"><span class=\"magic-11\">Galven\u0101 priek\u0161roc\u012bba:<\/span><\/b><\/h2>\n<p><span class=\"magic-12\">1. Zemas izmaksas un videi draudz\u012bgs;<br \/>\n2. Viegli p\u0101rvietoties uz jebkuru vietu (j\u016bsu bizness nav ierobe\u017eots);<br \/>\n3. Unik\u0101la forma (neredzama, lai piesaist\u012btu vair\u0101k klientu);<br \/>\n4. Ilgs kalpo\u0161anas laiks (iztur\u012bgs pret koroziju, karstumiztur\u012bgs, \u016bdensnecaurlaid\u012bgs, bez deform\u0101cijas).<\/span><\/p>","protected":false},"excerpt":{"rendered":"<p>\u0160\u012b ir viena no m\u016bsu p\u0113c pas\u016bt\u012bjuma izgatavotaj\u0101m 4 m garaj\u0101m donutu p\u0101rtikas piekab\u0113m, kas tiek p\u0101rdota. Parasti tas ir v\u0113lamais modelis mobilo p\u0101rtikas piekabju biznesa uzs\u0101k\u0161anai. Protams, m\u0113s varam izgatavot l\u012bdz\u012bgu donutu p\u0101rtikas piekabi p\u0101rdo\u0161anai k\u0101 \u0161o vai piel\u0101got to jums. L\u016bdzu, sazinieties ar mums un past\u0101stiet mums savas detaliz\u0113t\u0101s pras\u012bbas. Vienk\u0101r\u0161i nevilcinieties sazin\u0101ties ar mums!<\/p>","protected":false},"featured_media":6953,"template":"","meta":{"_themeisle_gutenberg_block_has_review":false},"product_brand":[],"product_cat":[26],"product_tag":[82,33,127,60,61,38],"class_list":{"0":"post-6946","1":"product","2":"type-product","3":"status-publish","4":"has-post-thumbnail","6":"product_cat-product","7":"product_tag-13ft-food-trailer","8":"product_tag-customized-trailer","9":"product_tag-donut-trailer","10":"product_tag-fast-food-trailer","11":"product_tag-fast-food-trailer-for-sale","12":"product_tag-mobile-food-trailer","14":"first","15":"instock","16":"shipping-taxable","17":"product-type-simple"},"yoast_head":"<!-- This site is optimized with the Yoast SEO plugin v27.6 - https:\/\/yoast.com\/product\/yoast-seo-wordpress\/ -->\n<title>Factory Price Donut Food Trailer For Sale - Honlu Food Trailer<\/title>\n<meta name=\"description\" content=\"Looking for a donut concession trailer? Get a similar or customized one at a reasonable price now! Click to see what you can get from us!\" \/>\n<meta name=\"robots\" content=\"index, follow, max-snippet:-1, max-image-preview:large, max-video-preview:-1\" \/>\n<link rel=\"canonical\" href=\"https:\/\/www.honlufoodtrailer.com\/lv\/product\/customized-4m-donut-trailer-for-sale\/\" \/>\n<meta property=\"og:locale\" content=\"lv_LV\" \/>\n<meta property=\"og:type\" content=\"article\" \/>\n<meta property=\"og:title\" content=\"Factory Price Donut Food Trailer For Sale - Honlu Food Trailer\" \/>\n<meta property=\"og:description\" content=\"Looking for a donut concession trailer? Get a similar or customized one at a reasonable price now! Click to see what you can get from us!\" \/>\n<meta property=\"og:url\" content=\"https:\/\/www.honlufoodtrailer.com\/lv\/product\/customized-4m-donut-trailer-for-sale\/\" \/>\n<meta property=\"og:site_name\" content=\"Honlu food trailer\" \/>\n<meta property=\"article:modified_time\" content=\"2025-02-14T07:26:47+00:00\" \/>\n<meta property=\"og:image\" content=\"https:\/\/www.honlufoodtrailer.com\/wp-content\/uploads\/2024\/03\/donut-vending-trailer.jpg\" \/>\n\t<meta property=\"og:image:width\" content=\"720\" \/>\n\t<meta property=\"og:image:height\" content=\"540\" \/>\n\t<meta property=\"og:image:type\" content=\"image\/jpeg\" \/>\n<meta name=\"twitter:card\" content=\"summary_large_image\" \/>\n<meta name=\"twitter:label1\" content=\"Est. reading time\" \/>\n\t<meta name=\"twitter:data1\" content=\"1 min\u016bte\" \/>\n<script type=\"application\/ld+json\" class=\"yoast-schema-graph\">{\"@context\":\"https:\\\/\\\/schema.org\",\"@graph\":[{\"@type\":\"WebPage\",\"@id\":\"https:\\\/\\\/www.honlufoodtrailer.com\\\/product\\\/customized-4m-donut-trailer-for-sale\\\/\",\"url\":\"https:\\\/\\\/www.honlufoodtrailer.com\\\/product\\\/customized-4m-donut-trailer-for-sale\\\/\",\"name\":\"Factory Price Donut Food Trailer For Sale - Honlu Food Trailer\",\"isPartOf\":{\"@id\":\"https:\\\/\\\/www.honlufoodtrailer.com\\\/#website\"},\"primaryImageOfPage\":{\"@id\":\"https:\\\/\\\/www.honlufoodtrailer.com\\\/product\\\/customized-4m-donut-trailer-for-sale\\\/#primaryimage\"},\"image\":{\"@id\":\"https:\\\/\\\/www.honlufoodtrailer.com\\\/product\\\/customized-4m-donut-trailer-for-sale\\\/#primaryimage\"},\"thumbnailUrl\":\"https:\\\/\\\/www.honlufoodtrailer.com\\\/wp-content\\\/uploads\\\/2024\\\/03\\\/donut-vending-trailer.jpg\",\"datePublished\":\"2024-03-04T09:10:32+00:00\",\"dateModified\":\"2025-02-14T07:26:47+00:00\",\"description\":\"Looking for a donut concession trailer? Get a similar or customized one at a reasonable price now! Click to see what you can get from us!\",\"breadcrumb\":{\"@id\":\"https:\\\/\\\/www.honlufoodtrailer.com\\\/product\\\/customized-4m-donut-trailer-for-sale\\\/#breadcrumb\"},\"inLanguage\":\"lv-LV\",\"potentialAction\":[{\"@type\":\"ReadAction\",\"target\":[\"https:\\\/\\\/www.honlufoodtrailer.com\\\/product\\\/customized-4m-donut-trailer-for-sale\\\/\"]}]},{\"@type\":\"ImageObject\",\"inLanguage\":\"lv-LV\",\"@id\":\"https:\\\/\\\/www.honlufoodtrailer.com\\\/product\\\/customized-4m-donut-trailer-for-sale\\\/#primaryimage\",\"url\":\"https:\\\/\\\/www.honlufoodtrailer.com\\\/wp-content\\\/uploads\\\/2024\\\/03\\\/donut-vending-trailer.jpg\",\"contentUrl\":\"https:\\\/\\\/www.honlufoodtrailer.com\\\/wp-content\\\/uploads\\\/2024\\\/03\\\/donut-vending-trailer.jpg\",\"width\":720,\"height\":540,\"caption\":\"donut vending trailer\"},{\"@type\":\"BreadcrumbList\",\"@id\":\"https:\\\/\\\/www.honlufoodtrailer.com\\\/product\\\/customized-4m-donut-trailer-for-sale\\\/#breadcrumb\",\"itemListElement\":[{\"@type\":\"ListItem\",\"position\":1,\"name\":\"Home\",\"item\":\"https:\\\/\\\/www.honlufoodtrailer.com\\\/\"},{\"@type\":\"ListItem\",\"position\":2,\"name\":\"\u4ea7\u54c1\",\"item\":\"https:\\\/\\\/www.honlufoodtrailer.com\\\/shop\\\/\"},{\"@type\":\"ListItem\",\"position\":3,\"name\":\"Customized 4m Donut Trailer for Sale\"}]},{\"@type\":\"WebSite\",\"@id\":\"https:\\\/\\\/www.honlufoodtrailer.com\\\/#website\",\"url\":\"https:\\\/\\\/www.honlufoodtrailer.com\\\/\",\"name\":\"Honlu food trailer\",\"description\":\"\",\"publisher\":{\"@id\":\"https:\\\/\\\/www.honlufoodtrailer.com\\\/#organization\"},\"potentialAction\":[{\"@type\":\"SearchAction\",\"target\":{\"@type\":\"EntryPoint\",\"urlTemplate\":\"https:\\\/\\\/www.honlufoodtrailer.com\\\/?s={search_term_string}\"},\"query-input\":{\"@type\":\"PropertyValueSpecification\",\"valueRequired\":true,\"valueName\":\"search_term_string\"}}],\"inLanguage\":\"lv-LV\"},{\"@type\":\"Organization\",\"@id\":\"https:\\\/\\\/www.honlufoodtrailer.com\\\/#organization\",\"name\":\"Honlu food trailer\",\"url\":\"https:\\\/\\\/www.honlufoodtrailer.com\\\/\",\"logo\":{\"@type\":\"ImageObject\",\"inLanguage\":\"lv-LV\",\"@id\":\"https:\\\/\\\/www.honlufoodtrailer.com\\\/#\\\/schema\\\/logo\\\/image\\\/\",\"url\":\"https:\\\/\\\/www.honlufoodtrailer.com\\\/wp-content\\\/uploads\\\/2021\\\/12\\\/2.gif\",\"contentUrl\":\"https:\\\/\\\/www.honlufoodtrailer.com\\\/wp-content\\\/uploads\\\/2021\\\/12\\\/2.gif\",\"width\":350,\"height\":100,\"caption\":\"Honlu food trailer\"},\"image\":{\"@id\":\"https:\\\/\\\/www.honlufoodtrailer.com\\\/#\\\/schema\\\/logo\\\/image\\\/\"}}]}<\/script>\n<!-- \/ Yoast SEO plugin. -->","yoast_head_json":{"title":"P\u0101rdo\u0161an\u0101 eso\u0161a virtu\u013cu piekabe ar r\u016bpn\u012bcas cenu - Honlu p\u0101rtikas piekabe","description":"Mekl\u0113jat virtu\u013cu piekabi ar koncesijas cenu? Ieg\u0101d\u0101jieties l\u012bdz\u012bgu vai piel\u0101gotu piekabi par sapr\u0101t\u012bgu cenu jau tagad! Noklik\u0161\u0137iniet, lai redz\u0113tu, ko varat no mums ieg\u016bt!","robots":{"index":"index","follow":"follow","max-snippet":"max-snippet:-1","max-image-preview":"max-image-preview:large","max-video-preview":"max-video-preview:-1"},"canonical":"https:\/\/www.honlufoodtrailer.com\/lv\/product\/customized-4m-donut-trailer-for-sale\/","og_locale":"lv_LV","og_type":"article","og_title":"Factory Price Donut Food Trailer For Sale - Honlu Food Trailer","og_description":"Looking for a donut concession trailer? Get a similar or customized one at a reasonable price now! Click to see what you can get from us!","og_url":"https:\/\/www.honlufoodtrailer.com\/lv\/product\/customized-4m-donut-trailer-for-sale\/","og_site_name":"Honlu food trailer","article_modified_time":"2025-02-14T07:26:47+00:00","og_image":[{"width":720,"height":540,"url":"https:\/\/www.honlufoodtrailer.com\/wp-content\/uploads\/2024\/03\/donut-vending-trailer.jpg","type":"image\/jpeg"}],"twitter_card":"summary_large_image","twitter_misc":{"Est. reading time":"1 min\u016bte"},"schema":{"@context":"https:\/\/schema.org","@graph":[{"@type":"WebPage","@id":"https:\/\/www.honlufoodtrailer.com\/product\/customized-4m-donut-trailer-for-sale\/","url":"https:\/\/www.honlufoodtrailer.com\/product\/customized-4m-donut-trailer-for-sale\/","name":"P\u0101rdo\u0161an\u0101 eso\u0161a virtu\u013cu piekabe ar r\u016bpn\u012bcas cenu - Honlu p\u0101rtikas piekabe","isPartOf":{"@id":"https:\/\/www.honlufoodtrailer.com\/#website"},"primaryImageOfPage":{"@id":"https:\/\/www.honlufoodtrailer.com\/product\/customized-4m-donut-trailer-for-sale\/#primaryimage"},"image":{"@id":"https:\/\/www.honlufoodtrailer.com\/product\/customized-4m-donut-trailer-for-sale\/#primaryimage"},"thumbnailUrl":"https:\/\/www.honlufoodtrailer.com\/wp-content\/uploads\/2024\/03\/donut-vending-trailer.jpg","datePublished":"2024-03-04T09:10:32+00:00","dateModified":"2025-02-14T07:26:47+00:00","description":"Mekl\u0113jat virtu\u013cu piekabi ar koncesijas cenu? Ieg\u0101d\u0101jieties l\u012bdz\u012bgu vai piel\u0101gotu piekabi par sapr\u0101t\u012bgu cenu jau tagad! Noklik\u0161\u0137iniet, lai redz\u0113tu, ko varat no mums ieg\u016bt!","breadcrumb":{"@id":"https:\/\/www.honlufoodtrailer.com\/product\/customized-4m-donut-trailer-for-sale\/#breadcrumb"},"inLanguage":"lv-LV","potentialAction":[{"@type":"ReadAction","target":["https:\/\/www.honlufoodtrailer.com\/product\/customized-4m-donut-trailer-for-sale\/"]}]},{"@type":"ImageObject","inLanguage":"lv-LV","@id":"https:\/\/www.honlufoodtrailer.com\/product\/customized-4m-donut-trailer-for-sale\/#primaryimage","url":"https:\/\/www.honlufoodtrailer.com\/wp-content\/uploads\/2024\/03\/donut-vending-trailer.jpg","contentUrl":"https:\/\/www.honlufoodtrailer.com\/wp-content\/uploads\/2024\/03\/donut-vending-trailer.jpg","width":720,"height":540,"caption":"donut vending trailer"},{"@type":"BreadcrumbList","@id":"https:\/\/www.honlufoodtrailer.com\/product\/customized-4m-donut-trailer-for-sale\/#breadcrumb","itemListElement":[{"@type":"ListItem","position":1,"name":"Home","item":"https:\/\/www.honlufoodtrailer.com\/"},{"@type":"ListItem","position":2,"name":"\u4ea7\u54c1","item":"https:\/\/www.honlufoodtrailer.com\/shop\/"},{"@type":"ListItem","position":3,"name":"Customized 4m Donut Trailer for Sale"}]},{"@type":"WebSite","@id":"https:\/\/www.honlufoodtrailer.com\/#website","url":"https:\/\/www.honlufoodtrailer.com\/","name":"Honlu p\u0101rtikas piekabe","description":"","publisher":{"@id":"https:\/\/www.honlufoodtrailer.com\/#organization"},"potentialAction":[{"@type":"SearchAction","target":{"@type":"EntryPoint","urlTemplate":"https:\/\/www.honlufoodtrailer.com\/?s={search_term_string}"},"query-input":{"@type":"PropertyValueSpecification","valueRequired":true,"valueName":"search_term_string"}}],"inLanguage":"lv-LV"},{"@type":"Organization","@id":"https:\/\/www.honlufoodtrailer.com\/#organization","name":"Honlu p\u0101rtikas piekabe","url":"https:\/\/www.honlufoodtrailer.com\/","logo":{"@type":"ImageObject","inLanguage":"lv-LV","@id":"https:\/\/www.honlufoodtrailer.com\/#\/schema\/logo\/image\/","url":"https:\/\/www.honlufoodtrailer.com\/wp-content\/uploads\/2021\/12\/2.gif","contentUrl":"https:\/\/www.honlufoodtrailer.com\/wp-content\/uploads\/2021\/12\/2.gif","width":350,"height":100,"caption":"Honlu food trailer"},"image":{"@id":"https:\/\/www.honlufoodtrailer.com\/#\/schema\/logo\/image\/"}}]}},"_links":{"self":[{"href":"https:\/\/www.honlufoodtrailer.com\/lv\/wp-json\/wp\/v2\/product\/6946","targetHints":{"allow":["GET"]}}],"collection":[{"href":"https:\/\/www.honlufoodtrailer.com\/lv\/wp-json\/wp\/v2\/product"}],"about":[{"href":"https:\/\/www.honlufoodtrailer.com\/lv\/wp-json\/wp\/v2\/types\/product"}],"version-history":[{"count":0,"href":"https:\/\/www.honlufoodtrailer.com\/lv\/wp-json\/wp\/v2\/product\/6946\/revisions"}],"wp:featuredmedia":[{"embeddable":true,"href":"https:\/\/www.honlufoodtrailer.com\/lv\/wp-json\/wp\/v2\/media\/6953"}],"wp:attachment":[{"href":"https:\/\/www.honlufoodtrailer.com\/lv\/wp-json\/wp\/v2\/media?parent=6946"}],"wp:term":[{"taxonomy":"product_brand","embeddable":true,"href":"https:\/\/www.honlufoodtrailer.com\/lv\/wp-json\/wp\/v2\/product_brand?post=6946"},{"taxonomy":"product_cat","embeddable":true,"href":"https:\/\/www.honlufoodtrailer.com\/lv\/wp-json\/wp\/v2\/product_cat?post=6946"},{"taxonomy":"product_tag","embeddable":true,"href":"https:\/\/www.honlufoodtrailer.com\/lv\/wp-json\/wp\/v2\/product_tag?post=6946"}],"curies":[{"name":"wp","href":"https:\/\/api.w.org\/{rel}","templated":true}]}}