{"id":7406,"date":"2024-04-11T15:19:33","date_gmt":"2024-04-11T07:19:33","guid":{"rendered":"https:\/\/www.honlufoodtrailer.com\/?post_type=product&#038;p=7406"},"modified":"2025-02-14T15:16:53","modified_gmt":"2025-02-14T07:16:53","slug":"3m-small-coffee-trailer-in-square-shape","status":"publish","type":"product","link":"https:\/\/www.honlufoodtrailer.com\/lv\/product\/3m-small-coffee-trailer-in-square-shape\/","title":{"rendered":"3\u00a0m maza kafijas piekabe kvadr\u0101tveida form\u0101"},"content":{"rendered":"<p>Vai mekl\u0113jat nelielu kafijas piekabi? Skatiet m\u016bsu 3\u00a0m mazo kafijas piekabi, ko esam izgatavoju\u0161i vienam no m\u016bsu klientiem no ASV \u0161eit! T\u0101l\u0101k j\u016bs redz\u0113siet \u0161\u012bs maz\u0101s kafijas piekabes att\u0113lus, inform\u0101ciju un video. Vienk\u0101r\u0161i lasiet uz priek\u0161u un uzziniet, ko m\u0113s varam dar\u012bt j\u016bsu lab\u0101. Pirmk\u0101rt, j\u016bs redz\u0113sit da\u017eus \u0161\u012bs maz\u0101s piel\u0101got\u0101s kafijas piekabes att\u0113lus.<img fetchpriority=\"high\" decoding=\"async\" class=\"aligncenter size-full wp-image-7408\" src=\"https:\/\/www.honlufoodtrailer.com\/wp-content\/uploads\/2024\/04\/3m-coffee-trailer-front-view.jpg\" alt=\"3\u00a0m kafijas piekabes skats no priek\u0161puses\" width=\"720\" height=\"540\" srcset=\"https:\/\/www.honlufoodtrailer.com\/wp-content\/uploads\/2024\/04\/3m-coffee-trailer-front-view.jpg 720w, https:\/\/www.honlufoodtrailer.com\/wp-content\/uploads\/2024\/04\/3m-coffee-trailer-front-view-480x360.jpg 480w, https:\/\/www.honlufoodtrailer.com\/wp-content\/uploads\/2024\/04\/3m-coffee-trailer-front-view-300x225.jpg 300w\" sizes=\"(max-width: 720px) 100vw, 720px\" \/><\/p>\n<p>T\u0101l\u0101k j\u016bs redz\u0113siet \u0161\u012bs maz\u0101s kafijas koncesijas treilera iek\u0161\u0113jo skatu.<\/p>\n<p><img decoding=\"async\" class=\"aligncenter size-full wp-image-7410\" src=\"https:\/\/www.honlufoodtrailer.com\/wp-content\/uploads\/2024\/04\/3m-coffee-trailer-inner-view.jpg\" alt=\"3m kafijas piekabes iek\u0161skats\" width=\"720\" height=\"540\" srcset=\"https:\/\/www.honlufoodtrailer.com\/wp-content\/uploads\/2024\/04\/3m-coffee-trailer-inner-view.jpg 720w, https:\/\/www.honlufoodtrailer.com\/wp-content\/uploads\/2024\/04\/3m-coffee-trailer-inner-view-480x360.jpg 480w, https:\/\/www.honlufoodtrailer.com\/wp-content\/uploads\/2024\/04\/3m-coffee-trailer-inner-view-300x225.jpg 300w\" sizes=\"(max-width: 720px) 100vw, 720px\" \/><img decoding=\"async\" class=\"aligncenter size-full wp-image-7416\" src=\"https:\/\/www.honlufoodtrailer.com\/wp-content\/uploads\/2024\/04\/3m-small-coffee-trailer-inner-view.jpg\" alt=\"3m maza kafijas treilera iek\u0161skats\" width=\"800\" height=\"800\" srcset=\"https:\/\/www.honlufoodtrailer.com\/wp-content\/uploads\/2024\/04\/3m-small-coffee-trailer-inner-view.jpg 800w, https:\/\/www.honlufoodtrailer.com\/wp-content\/uploads\/2024\/04\/3m-small-coffee-trailer-inner-view-768x768.jpg 768w, https:\/\/www.honlufoodtrailer.com\/wp-content\/uploads\/2024\/04\/3m-small-coffee-trailer-inner-view-360x360.jpg 360w, https:\/\/www.honlufoodtrailer.com\/wp-content\/uploads\/2024\/04\/3m-small-coffee-trailer-inner-view-300x300.jpg 300w, https:\/\/www.honlufoodtrailer.com\/wp-content\/uploads\/2024\/04\/3m-small-coffee-trailer-inner-view-720x720.jpg 720w, https:\/\/www.honlufoodtrailer.com\/wp-content\/uploads\/2024\/04\/3m-small-coffee-trailer-inner-view-100x100.jpg 100w\" sizes=\"(max-width: 800px) 100vw, 800px\" \/><\/p>\n<p>&nbsp;<\/p>\n<p>K\u0101 redzams no att\u0113la, m\u0113s esam apr\u012bkoju\u0161i \u0161o mazo kafijas piekabi ar izlietn\u0113m, darba galdu, cepe\u0161kr\u0101sni un gaisa kondicionieri utt. M\u016bsu klients pievienos v\u0113l da\u017eas vi\u0146am nepiecie\u0161am\u0101s ier\u012bces.<\/p>\n<p>P\u0101rtikas piekabes var saukt ar\u012b par p\u0101rtikas rati\u0146iem, p\u0101rtikas furgoniem, p\u0101rtikas kravas automa\u0161\u012bn\u0101m utt. T\u0101s var izmantot \u0101tr\u0101s \u0113din\u0101\u0161anas, uzkodu, av\u012b\u017eu, gr\u0101matu utt. p\u0101rdo\u0161anai. T\u0101s sast\u0101v no \u0161asijas, virsb\u016bves, gr\u012bdas, darba galda, \u016bdens sist\u0113mas un elektrisk\u0101s sist\u0113mas. Lietot\u0101ji var izv\u0113l\u0113ties ar\u012b v\u0113lamo kr\u0101su. Ja klienti v\u0113las, m\u0113s labpr\u0101t ieg\u0101d\u0101tos cita veida apr\u012bkojumu.<\/p>\n<p><img loading=\"lazy\" decoding=\"async\" class=\"aligncenter size-full wp-image-7411\" src=\"https:\/\/www.honlufoodtrailer.com\/wp-content\/uploads\/2024\/04\/3m-coffee-trailer-on-sale.jpg\" alt=\"P\u0101rdodu 3m kafijas piekabi\" width=\"720\" height=\"540\" srcset=\"https:\/\/www.honlufoodtrailer.com\/wp-content\/uploads\/2024\/04\/3m-coffee-trailer-on-sale.jpg 720w, https:\/\/www.honlufoodtrailer.com\/wp-content\/uploads\/2024\/04\/3m-coffee-trailer-on-sale-480x360.jpg 480w, https:\/\/www.honlufoodtrailer.com\/wp-content\/uploads\/2024\/04\/3m-coffee-trailer-on-sale-300x225.jpg 300w\" sizes=\"(max-width: 720px) 100vw, 720px\" \/><\/p>\n<h2><b class=\"magic-22\"><span class=\"magic-11\">P\u0101rdo\u0161an\u0101 piel\u0101got\u0101 maz\u0101 kafijas piekabes galven\u0101s iez\u012bmes<\/span><\/b><\/h2>\n<div class=\"magic-2\">\n<div class=\"magic-3\">\n<div class=\"magic-4\">\n<p class=\"magic-5\" data-spm-anchor-id=\"a2700.details.0.i22.54e5117dtl16iL\"><span style=\"font-family: Tahoma;\">1<span class=\"magic-12\" data-spm-anchor-id=\"a2700.details.0.i21.54e5117dtl16iL\">. Zemas izmaksas un videi draudz\u012bgs, bez d\u016bmiem un trok\u0161\u0146a, viegli p\u0101rvietojams uz jebkuru vietu<\/span><\/span><\/p>\n<p>2. To var izmantot daudzus gadus un tas nerad\u012bs atkritumus, un tas ir daudz piem\u0113rots m\u016bsdienu dz\u012bvei.<\/p>\n<p>3. Tas ir \u0113rti un vienk\u0101r\u0161i iekrau\u0161anai un transport\u0113\u0161anai, jo dizains ir unik\u0101ls un individu\u0101ls.<\/p>\n<p>4. Galvenais materi\u0101ls ir ner\u016bs\u0113jo\u0161ais t\u0113rauds, un plakan\u0101 forma (galds) ner\u016bs\u0113s.<\/p>\n<p>5. Tam ir karstumiztur\u012bba, augsta iztur\u012bba, augsta kr\u0101su notur\u012bba, nav deform\u0101cijas, \u016bdensiztur\u012bba un ilgs kalpo\u0161anas laiks.<img loading=\"lazy\" decoding=\"async\" class=\"aligncenter size-full wp-image-7414\" src=\"https:\/\/www.honlufoodtrailer.com\/wp-content\/uploads\/2024\/04\/3m-coffee-trailer.jpg\" alt=\"3m kafijas treileris\" width=\"720\" height=\"540\" srcset=\"https:\/\/www.honlufoodtrailer.com\/wp-content\/uploads\/2024\/04\/3m-coffee-trailer.jpg 720w, https:\/\/www.honlufoodtrailer.com\/wp-content\/uploads\/2024\/04\/3m-coffee-trailer-480x360.jpg 480w, https:\/\/www.honlufoodtrailer.com\/wp-content\/uploads\/2024\/04\/3m-coffee-trailer-300x225.jpg 300w\" sizes=\"(max-width: 720px) 100vw, 720px\" \/><\/p>\n<p>&nbsp;<\/p>\n<\/div>\n<\/div>\n<\/div>\n<h2><b class=\"magic-22\"><span class=\"magic-11\">Galven\u0101 priek\u0161roc\u012bba:<\/span><\/b><\/h2>\n<p><span class=\"magic-12\">1. Zemas izmaksas un videi draudz\u012bgs;<br \/>\n2. Viegli p\u0101rvietoties uz jebkuru vietu (j\u016bsu bizness nav ierobe\u017eots);<br \/>\n3. Unik\u0101la forma (neredzama, lai piesaist\u012btu vair\u0101k klientu);<br \/>\n4. Ilgs kalpo\u0161anas laiks (iztur\u012bgs pret koroziju, karstumiztur\u012bgs, \u016bdensnecaurlaid\u012bgs, bez deform\u0101cijas).<\/span><\/p>","protected":false},"excerpt":{"rendered":"<p>\u0160\u012b ir viena no m\u016bsu pas\u016bt\u012bjuma izgatavotaj\u0101m 5\u00a0m kafijas piekab\u0113m p\u0101rdo\u0161an\u0101. Parasti tas ir v\u0113lamais modelis mobilo p\u0101rtikas piekabju biznesa uzs\u0101k\u0161anai. Protams, m\u0113s varam izgatavot l\u012bdz\u012bgu kafijas koncesijas piekabi, piem\u0113ram, \u0161o, vai piel\u0101got to jums. L\u016bdzu, sazinieties ar mums un past\u0101stiet mums savas detaliz\u0113t\u0101s pras\u012bbas. Vienk\u0101r\u0161i nevilcinieties sazin\u0101ties ar mums!<\/p>","protected":false},"featured_media":7408,"template":"","meta":{"_themeisle_gutenberg_block_has_review":false},"product_brand":[],"product_cat":[26],"product_tag":[117,34,33,60,61,38],"class_list":{"0":"post-7406","1":"product","2":"type-product","3":"status-publish","4":"has-post-thumbnail","6":"product_cat-product","7":"product_tag-10ft-food-trailer","8":"product_tag-coffee-trailer","9":"product_tag-customized-trailer","10":"product_tag-fast-food-trailer","11":"product_tag-fast-food-trailer-for-sale","12":"product_tag-mobile-food-trailer","14":"first","15":"instock","16":"shipping-taxable","17":"product-type-simple"},"yoast_head":"<!-- This site is optimized with the Yoast SEO plugin v27.6 - https:\/\/yoast.com\/product\/yoast-seo-wordpress\/ -->\n<title>3m Small Coffee Trailer For Sale from China - Honlu Food Trailer<\/title>\n<meta name=\"description\" content=\"Looking for a small coffee trailer? see this 3m coffee trailer here! Get a similar or customized one at a reasonable price now!\" \/>\n<meta name=\"robots\" content=\"index, follow, max-snippet:-1, max-image-preview:large, max-video-preview:-1\" \/>\n<link rel=\"canonical\" href=\"https:\/\/www.honlufoodtrailer.com\/lv\/product\/3m-small-coffee-trailer-in-square-shape\/\" \/>\n<meta property=\"og:locale\" content=\"lv_LV\" \/>\n<meta property=\"og:type\" content=\"article\" \/>\n<meta property=\"og:title\" content=\"3m Small Coffee Trailer For Sale from China - Honlu Food Trailer\" \/>\n<meta property=\"og:description\" content=\"Looking for a small coffee trailer? see this 3m coffee trailer here! Get a similar or customized one at a reasonable price now!\" \/>\n<meta property=\"og:url\" content=\"https:\/\/www.honlufoodtrailer.com\/lv\/product\/3m-small-coffee-trailer-in-square-shape\/\" \/>\n<meta property=\"og:site_name\" content=\"Honlu food trailer\" \/>\n<meta property=\"article:modified_time\" content=\"2025-02-14T07:16:53+00:00\" \/>\n<meta property=\"og:image\" content=\"https:\/\/www.honlufoodtrailer.com\/wp-content\/uploads\/2024\/04\/3m-coffee-trailer-front-view.jpg\" \/>\n\t<meta property=\"og:image:width\" content=\"720\" \/>\n\t<meta property=\"og:image:height\" content=\"540\" \/>\n\t<meta property=\"og:image:type\" content=\"image\/jpeg\" \/>\n<meta name=\"twitter:card\" content=\"summary_large_image\" \/>\n<meta name=\"twitter:label1\" content=\"Est. reading time\" \/>\n\t<meta name=\"twitter:data1\" content=\"1 min\u016bte\" \/>\n<script type=\"application\/ld+json\" class=\"yoast-schema-graph\">{\"@context\":\"https:\\\/\\\/schema.org\",\"@graph\":[{\"@type\":\"WebPage\",\"@id\":\"https:\\\/\\\/www.honlufoodtrailer.com\\\/product\\\/3m-small-coffee-trailer-in-square-shape\\\/\",\"url\":\"https:\\\/\\\/www.honlufoodtrailer.com\\\/product\\\/3m-small-coffee-trailer-in-square-shape\\\/\",\"name\":\"3m Small Coffee Trailer For Sale from China - Honlu Food Trailer\",\"isPartOf\":{\"@id\":\"https:\\\/\\\/www.honlufoodtrailer.com\\\/#website\"},\"primaryImageOfPage\":{\"@id\":\"https:\\\/\\\/www.honlufoodtrailer.com\\\/product\\\/3m-small-coffee-trailer-in-square-shape\\\/#primaryimage\"},\"image\":{\"@id\":\"https:\\\/\\\/www.honlufoodtrailer.com\\\/product\\\/3m-small-coffee-trailer-in-square-shape\\\/#primaryimage\"},\"thumbnailUrl\":\"https:\\\/\\\/www.honlufoodtrailer.com\\\/wp-content\\\/uploads\\\/2024\\\/04\\\/3m-coffee-trailer-front-view.jpg\",\"datePublished\":\"2024-04-11T07:19:33+00:00\",\"dateModified\":\"2025-02-14T07:16:53+00:00\",\"description\":\"Looking for a small coffee trailer? see this 3m coffee trailer here! Get a similar or customized one at a reasonable price now!\",\"breadcrumb\":{\"@id\":\"https:\\\/\\\/www.honlufoodtrailer.com\\\/product\\\/3m-small-coffee-trailer-in-square-shape\\\/#breadcrumb\"},\"inLanguage\":\"lv-LV\",\"potentialAction\":[{\"@type\":\"ReadAction\",\"target\":[\"https:\\\/\\\/www.honlufoodtrailer.com\\\/product\\\/3m-small-coffee-trailer-in-square-shape\\\/\"]}]},{\"@type\":\"ImageObject\",\"inLanguage\":\"lv-LV\",\"@id\":\"https:\\\/\\\/www.honlufoodtrailer.com\\\/product\\\/3m-small-coffee-trailer-in-square-shape\\\/#primaryimage\",\"url\":\"https:\\\/\\\/www.honlufoodtrailer.com\\\/wp-content\\\/uploads\\\/2024\\\/04\\\/3m-coffee-trailer-front-view.jpg\",\"contentUrl\":\"https:\\\/\\\/www.honlufoodtrailer.com\\\/wp-content\\\/uploads\\\/2024\\\/04\\\/3m-coffee-trailer-front-view.jpg\",\"width\":720,\"height\":540,\"caption\":\"3m coffee trailer front view\"},{\"@type\":\"BreadcrumbList\",\"@id\":\"https:\\\/\\\/www.honlufoodtrailer.com\\\/product\\\/3m-small-coffee-trailer-in-square-shape\\\/#breadcrumb\",\"itemListElement\":[{\"@type\":\"ListItem\",\"position\":1,\"name\":\"Home\",\"item\":\"https:\\\/\\\/www.honlufoodtrailer.com\\\/\"},{\"@type\":\"ListItem\",\"position\":2,\"name\":\"\u4ea7\u54c1\",\"item\":\"https:\\\/\\\/www.honlufoodtrailer.com\\\/shop\\\/\"},{\"@type\":\"ListItem\",\"position\":3,\"name\":\"3m Small Coffee Trailer In Square Shape\"}]},{\"@type\":\"WebSite\",\"@id\":\"https:\\\/\\\/www.honlufoodtrailer.com\\\/#website\",\"url\":\"https:\\\/\\\/www.honlufoodtrailer.com\\\/\",\"name\":\"Honlu food trailer\",\"description\":\"\",\"publisher\":{\"@id\":\"https:\\\/\\\/www.honlufoodtrailer.com\\\/#organization\"},\"potentialAction\":[{\"@type\":\"SearchAction\",\"target\":{\"@type\":\"EntryPoint\",\"urlTemplate\":\"https:\\\/\\\/www.honlufoodtrailer.com\\\/?s={search_term_string}\"},\"query-input\":{\"@type\":\"PropertyValueSpecification\",\"valueRequired\":true,\"valueName\":\"search_term_string\"}}],\"inLanguage\":\"lv-LV\"},{\"@type\":\"Organization\",\"@id\":\"https:\\\/\\\/www.honlufoodtrailer.com\\\/#organization\",\"name\":\"Honlu food trailer\",\"url\":\"https:\\\/\\\/www.honlufoodtrailer.com\\\/\",\"logo\":{\"@type\":\"ImageObject\",\"inLanguage\":\"lv-LV\",\"@id\":\"https:\\\/\\\/www.honlufoodtrailer.com\\\/#\\\/schema\\\/logo\\\/image\\\/\",\"url\":\"https:\\\/\\\/www.honlufoodtrailer.com\\\/wp-content\\\/uploads\\\/2021\\\/12\\\/2.gif\",\"contentUrl\":\"https:\\\/\\\/www.honlufoodtrailer.com\\\/wp-content\\\/uploads\\\/2021\\\/12\\\/2.gif\",\"width\":350,\"height\":100,\"caption\":\"Honlu food trailer\"},\"image\":{\"@id\":\"https:\\\/\\\/www.honlufoodtrailer.com\\\/#\\\/schema\\\/logo\\\/image\\\/\"}}]}<\/script>\n<!-- \/ Yoast SEO plugin. -->","yoast_head_json":{"title":"P\u0101rdod 3\u00a0m mazo kafijas piekabi no \u0136\u012bnas - Honlu p\u0101rtikas piekabe","description":"Vai mekl\u0113jat nelielu kafijas piekabi? skatiet \u0161o 3\u00a0m kafijas treileri \u0161eit! Ieg\u016bstiet l\u012bdz\u012bgu vai piel\u0101gotu par sapr\u0101t\u012bgu cenu t\u016bl\u012bt!","robots":{"index":"index","follow":"follow","max-snippet":"max-snippet:-1","max-image-preview":"max-image-preview:large","max-video-preview":"max-video-preview:-1"},"canonical":"https:\/\/www.honlufoodtrailer.com\/lv\/product\/3m-small-coffee-trailer-in-square-shape\/","og_locale":"lv_LV","og_type":"article","og_title":"3m Small Coffee Trailer For Sale from China - Honlu Food Trailer","og_description":"Looking for a small coffee trailer? see this 3m coffee trailer here! Get a similar or customized one at a reasonable price now!","og_url":"https:\/\/www.honlufoodtrailer.com\/lv\/product\/3m-small-coffee-trailer-in-square-shape\/","og_site_name":"Honlu food trailer","article_modified_time":"2025-02-14T07:16:53+00:00","og_image":[{"width":720,"height":540,"url":"https:\/\/www.honlufoodtrailer.com\/wp-content\/uploads\/2024\/04\/3m-coffee-trailer-front-view.jpg","type":"image\/jpeg"}],"twitter_card":"summary_large_image","twitter_misc":{"Est. reading time":"1 min\u016bte"},"schema":{"@context":"https:\/\/schema.org","@graph":[{"@type":"WebPage","@id":"https:\/\/www.honlufoodtrailer.com\/product\/3m-small-coffee-trailer-in-square-shape\/","url":"https:\/\/www.honlufoodtrailer.com\/product\/3m-small-coffee-trailer-in-square-shape\/","name":"P\u0101rdod 3\u00a0m mazo kafijas piekabi no \u0136\u012bnas - Honlu p\u0101rtikas piekabe","isPartOf":{"@id":"https:\/\/www.honlufoodtrailer.com\/#website"},"primaryImageOfPage":{"@id":"https:\/\/www.honlufoodtrailer.com\/product\/3m-small-coffee-trailer-in-square-shape\/#primaryimage"},"image":{"@id":"https:\/\/www.honlufoodtrailer.com\/product\/3m-small-coffee-trailer-in-square-shape\/#primaryimage"},"thumbnailUrl":"https:\/\/www.honlufoodtrailer.com\/wp-content\/uploads\/2024\/04\/3m-coffee-trailer-front-view.jpg","datePublished":"2024-04-11T07:19:33+00:00","dateModified":"2025-02-14T07:16:53+00:00","description":"Vai mekl\u0113jat nelielu kafijas piekabi? skatiet \u0161o 3\u00a0m kafijas treileri \u0161eit! Ieg\u016bstiet l\u012bdz\u012bgu vai piel\u0101gotu par sapr\u0101t\u012bgu cenu t\u016bl\u012bt!","breadcrumb":{"@id":"https:\/\/www.honlufoodtrailer.com\/product\/3m-small-coffee-trailer-in-square-shape\/#breadcrumb"},"inLanguage":"lv-LV","potentialAction":[{"@type":"ReadAction","target":["https:\/\/www.honlufoodtrailer.com\/product\/3m-small-coffee-trailer-in-square-shape\/"]}]},{"@type":"ImageObject","inLanguage":"lv-LV","@id":"https:\/\/www.honlufoodtrailer.com\/product\/3m-small-coffee-trailer-in-square-shape\/#primaryimage","url":"https:\/\/www.honlufoodtrailer.com\/wp-content\/uploads\/2024\/04\/3m-coffee-trailer-front-view.jpg","contentUrl":"https:\/\/www.honlufoodtrailer.com\/wp-content\/uploads\/2024\/04\/3m-coffee-trailer-front-view.jpg","width":720,"height":540,"caption":"3m coffee trailer front view"},{"@type":"BreadcrumbList","@id":"https:\/\/www.honlufoodtrailer.com\/product\/3m-small-coffee-trailer-in-square-shape\/#breadcrumb","itemListElement":[{"@type":"ListItem","position":1,"name":"Home","item":"https:\/\/www.honlufoodtrailer.com\/"},{"@type":"ListItem","position":2,"name":"\u4ea7\u54c1","item":"https:\/\/www.honlufoodtrailer.com\/shop\/"},{"@type":"ListItem","position":3,"name":"3m Small Coffee Trailer In Square Shape"}]},{"@type":"WebSite","@id":"https:\/\/www.honlufoodtrailer.com\/#website","url":"https:\/\/www.honlufoodtrailer.com\/","name":"Honlu p\u0101rtikas piekabe","description":"","publisher":{"@id":"https:\/\/www.honlufoodtrailer.com\/#organization"},"potentialAction":[{"@type":"SearchAction","target":{"@type":"EntryPoint","urlTemplate":"https:\/\/www.honlufoodtrailer.com\/?s={search_term_string}"},"query-input":{"@type":"PropertyValueSpecification","valueRequired":true,"valueName":"search_term_string"}}],"inLanguage":"lv-LV"},{"@type":"Organization","@id":"https:\/\/www.honlufoodtrailer.com\/#organization","name":"Honlu p\u0101rtikas piekabe","url":"https:\/\/www.honlufoodtrailer.com\/","logo":{"@type":"ImageObject","inLanguage":"lv-LV","@id":"https:\/\/www.honlufoodtrailer.com\/#\/schema\/logo\/image\/","url":"https:\/\/www.honlufoodtrailer.com\/wp-content\/uploads\/2021\/12\/2.gif","contentUrl":"https:\/\/www.honlufoodtrailer.com\/wp-content\/uploads\/2021\/12\/2.gif","width":350,"height":100,"caption":"Honlu food trailer"},"image":{"@id":"https:\/\/www.honlufoodtrailer.com\/#\/schema\/logo\/image\/"}}]}},"_links":{"self":[{"href":"https:\/\/www.honlufoodtrailer.com\/lv\/wp-json\/wp\/v2\/product\/7406","targetHints":{"allow":["GET"]}}],"collection":[{"href":"https:\/\/www.honlufoodtrailer.com\/lv\/wp-json\/wp\/v2\/product"}],"about":[{"href":"https:\/\/www.honlufoodtrailer.com\/lv\/wp-json\/wp\/v2\/types\/product"}],"version-history":[{"count":0,"href":"https:\/\/www.honlufoodtrailer.com\/lv\/wp-json\/wp\/v2\/product\/7406\/revisions"}],"wp:featuredmedia":[{"embeddable":true,"href":"https:\/\/www.honlufoodtrailer.com\/lv\/wp-json\/wp\/v2\/media\/7408"}],"wp:attachment":[{"href":"https:\/\/www.honlufoodtrailer.com\/lv\/wp-json\/wp\/v2\/media?parent=7406"}],"wp:term":[{"taxonomy":"product_brand","embeddable":true,"href":"https:\/\/www.honlufoodtrailer.com\/lv\/wp-json\/wp\/v2\/product_brand?post=7406"},{"taxonomy":"product_cat","embeddable":true,"href":"https:\/\/www.honlufoodtrailer.com\/lv\/wp-json\/wp\/v2\/product_cat?post=7406"},{"taxonomy":"product_tag","embeddable":true,"href":"https:\/\/www.honlufoodtrailer.com\/lv\/wp-json\/wp\/v2\/product_tag?post=7406"}],"curies":[{"name":"wp","href":"https:\/\/api.w.org\/{rel}","templated":true}]}}