{"id":7537,"date":"2024-04-25T14:29:56","date_gmt":"2024-04-25T06:29:56","guid":{"rendered":"https:\/\/www.honlufoodtrailer.com\/?post_type=product&#038;p=7537"},"modified":"2025-02-14T14:59:12","modified_gmt":"2025-02-14T06:59:12","slug":"3m-round-food-cart","status":"publish","type":"product","link":"https:\/\/www.honlufoodtrailer.com\/lv\/product\/3m-round-food-cart\/","title":{"rendered":"3\u00a0m apa\u013c\u0161 p\u0101rtikas grozs"},"content":{"rendered":"<p>Vai v\u0113laties s\u0101kt p\u0101rtikas piekabju biznesu ar mazu apa\u013cu p\u0101rtikas rati\u0146u? Skatiet \u0161o 3\u00a0m apa\u013co p\u0101rtikas grozu zem\u0101k! \u0160is ir 3\u00a0m apa\u013c\u0161 p\u0101rtikas rati\u0146\u0161, ko m\u0113s piel\u0101goj\u0101m vienam no m\u016bsu klientiem. T\u0101 b\u016bs laba izv\u0113le cilv\u0113kiem, kuri v\u0113las uzs\u0101kt nelielu biznesu. M\u0113s varam izgatavot l\u012bdz\u012bgu apa\u013cu p\u0101rtikas grozu vai piel\u0101got to jums. P\u0101rtikas groza izm\u0113ru, korpusa kr\u0101su, uzl\u012bmes, izk\u0101rtnes un virtuves apr\u012bkojumu var piel\u0101got. Vienk\u0101r\u0161i past\u0101stiet mums savas detaliz\u0113t\u0101s pras\u012bbas! Tagad apskat\u012bsim da\u017eus \u0161\u012b apa\u013c\u0101 p\u0101rtikas groza att\u0113lus.<\/p>\n<p><img fetchpriority=\"high\" decoding=\"async\" class=\"aligncenter size-full wp-image-7544\" src=\"https:\/\/www.honlufoodtrailer.com\/wp-content\/uploads\/2024\/04\/10ft-round-food-trailer.jpg\" alt=\"10 p\u0113du apa\u013ca p\u0101rtikas piekabe\" width=\"720\" height=\"540\" srcset=\"https:\/\/www.honlufoodtrailer.com\/wp-content\/uploads\/2024\/04\/10ft-round-food-trailer.jpg 720w, https:\/\/www.honlufoodtrailer.com\/wp-content\/uploads\/2024\/04\/10ft-round-food-trailer-480x360.jpg 480w, https:\/\/www.honlufoodtrailer.com\/wp-content\/uploads\/2024\/04\/10ft-round-food-trailer-300x225.jpg 300w\" sizes=\"(max-width: 720px) 100vw, 720px\" \/> <img decoding=\"async\" class=\"aligncenter size-full wp-image-7539\" src=\"https:\/\/www.honlufoodtrailer.com\/wp-content\/uploads\/2024\/04\/10ft-round-concession-trailer.jpg\" alt=\"10 p\u0113du apa\u013ca koncesijas piekabe\" width=\"720\" height=\"540\" srcset=\"https:\/\/www.honlufoodtrailer.com\/wp-content\/uploads\/2024\/04\/10ft-round-concession-trailer.jpg 720w, https:\/\/www.honlufoodtrailer.com\/wp-content\/uploads\/2024\/04\/10ft-round-concession-trailer-480x360.jpg 480w, https:\/\/www.honlufoodtrailer.com\/wp-content\/uploads\/2024\/04\/10ft-round-concession-trailer-300x225.jpg 300w\" sizes=\"(max-width: 720px) 100vw, 720px\" \/><\/p>\n<h2>Iek\u0161\u0113jais skats uz 3\u00a0m apa\u013co p\u0101rtikas rati\u0146u<img decoding=\"async\" class=\"aligncenter size-full wp-image-7542\" src=\"https:\/\/www.honlufoodtrailer.com\/wp-content\/uploads\/2024\/04\/10ft-round-food-trailer-inner-view.jpg\" alt=\"10 p\u0113du apa\u013c\u0161 p\u0101rtikas piekabes iek\u0161skats\" width=\"720\" height=\"540\" srcset=\"https:\/\/www.honlufoodtrailer.com\/wp-content\/uploads\/2024\/04\/10ft-round-food-trailer-inner-view.jpg 720w, https:\/\/www.honlufoodtrailer.com\/wp-content\/uploads\/2024\/04\/10ft-round-food-trailer-inner-view-480x360.jpg 480w, https:\/\/www.honlufoodtrailer.com\/wp-content\/uploads\/2024\/04\/10ft-round-food-trailer-inner-view-300x225.jpg 300w\" sizes=\"(max-width: 720px) 100vw, 720px\" \/><\/h2>\n<p>&nbsp;<\/p>\n<h2>S\u012bk\u0101ka inform\u0101cija par 3\u00a0m apa\u013co p\u0101rtikas grozu<img loading=\"lazy\" decoding=\"async\" class=\"aligncenter size-full wp-image-7546\" src=\"https:\/\/www.honlufoodtrailer.com\/wp-content\/uploads\/2024\/04\/10ft-round-food-trailer-details.jpg\" alt=\"10 p\u0113du apa\u013ca p\u0101rtikas piekabes inform\u0101cija\" width=\"800\" height=\"800\" srcset=\"https:\/\/www.honlufoodtrailer.com\/wp-content\/uploads\/2024\/04\/10ft-round-food-trailer-details.jpg 800w, https:\/\/www.honlufoodtrailer.com\/wp-content\/uploads\/2024\/04\/10ft-round-food-trailer-details-768x768.jpg 768w, https:\/\/www.honlufoodtrailer.com\/wp-content\/uploads\/2024\/04\/10ft-round-food-trailer-details-360x360.jpg 360w, https:\/\/www.honlufoodtrailer.com\/wp-content\/uploads\/2024\/04\/10ft-round-food-trailer-details-300x300.jpg 300w, https:\/\/www.honlufoodtrailer.com\/wp-content\/uploads\/2024\/04\/10ft-round-food-trailer-details-720x720.jpg 720w, https:\/\/www.honlufoodtrailer.com\/wp-content\/uploads\/2024\/04\/10ft-round-food-trailer-details-100x100.jpg 100w\" sizes=\"(max-width: 800px) 100vw, 800px\" \/><\/h2>\n<p>&nbsp;<\/p>\n<h3 class=\"magic-6\" data-spm-anchor-id=\"a2700.wholesale.0.i28.29e52808agqc7f\">Piel\u0101got\u0101 apa\u013c\u0101 p\u0101rtikas groza galven\u0101s iez\u012bmes<\/h3>\n<div class=\"magic-7\">\n<div class=\"magic-8\">\n<div class=\"magic-9\" data-id=\"paragraph0\">\n<ol>\n<li>Modes izskatu var piel\u0101got;<\/li>\n<li>Ner\u016bs\u0113jo\u0161\u0101 t\u0113rauda piekabes virsb\u016bve un iek\u0161\u0113j\u0101 konstrukcija, laba karstumiztur\u012bba, nodilumiztur\u012bba, iztur\u012bba pret koroziju;<\/li>\n<li>Mobilaj\u0101 p\u0101rtikas piekab\u0113 ir apr\u012bkots moderns un uzlabots apr\u012bkojums;<\/li>\n<li>Zems ieguld\u012bjums p\u0101rtikas piekabju biznesa uzs\u0101k\u0161anai<\/li>\n<li>M\u0113s ar prieku to p\u0101rveidosim atbilsto\u0161i j\u016bsu pras\u012bb\u0101m.<img loading=\"lazy\" decoding=\"async\" class=\"aligncenter size-full wp-image-7543\" src=\"https:\/\/www.honlufoodtrailer.com\/wp-content\/uploads\/2024\/04\/10ft-round-food-trailer-side-view.jpg\" alt=\"10 p\u0113du apa\u013c\u0161 p\u0101rtikas piekabes skats no s\u0101niem\" width=\"720\" height=\"540\" srcset=\"https:\/\/www.honlufoodtrailer.com\/wp-content\/uploads\/2024\/04\/10ft-round-food-trailer-side-view.jpg 720w, https:\/\/www.honlufoodtrailer.com\/wp-content\/uploads\/2024\/04\/10ft-round-food-trailer-side-view-480x360.jpg 480w, https:\/\/www.honlufoodtrailer.com\/wp-content\/uploads\/2024\/04\/10ft-round-food-trailer-side-view-300x225.jpg 300w\" sizes=\"(max-width: 720px) 100vw, 720px\" \/><\/li>\n<\/ol>\n<h3>Bezmaksas 2D\/3D st\u0101va pl\u0101na ras\u0113jums<\/h3>\n<p>P\u0113c apa\u013co p\u0101rtikas rati\u0146u un iek\u0161\u0113j\u0101s virtuves iek\u0101rtas izm\u0113ru apstiprin\u0101\u0161anas varam bez maksas nodro\u0161in\u0101t 3D ras\u0113jumus. Tas sniegs skaidr\u0101ku priek\u0161statu par j\u016bsu dizainu un p\u0101rtikas grozu. Apstiprinot virtuves iek\u0101rtu atra\u0161an\u0101s vietu, m\u0113s varam skaidri sazin\u0101ties ar jums, izmantojot gr\u012bdas pl\u0101nu. M\u0113s varam ar\u012b nodro\u0161in\u0101t j\u016bs ar dokumentu ori\u0123in\u0101liem, lai atvieglotu j\u016bsu dizainu un veiktu korekcijas.<\/p>\n<\/div>\n<\/div>\n<\/div>","protected":false},"excerpt":{"rendered":"<p>\u0160is ir piel\u0101gots 3\u00a0m apa\u013c\u0161 p\u0101rtikas rati\u0146\u0161. Ar kompakto strukt\u016bru un konkur\u0113tsp\u0113j\u012bg\u0101m izmaks\u0101m t\u0101 ir laba izv\u0113le ies\u0101c\u0113jiem. Visam transportl\u012bdzeklim ir izmantots ner\u016bs\u0113jo\u0161ais t\u0113rauds. To var izmantot, lai p\u0101rdotu jebko, s\u0101kot no hotdogu, mazumtirdzniec\u012bbas oper\u0101cij\u0101m, ziedu oper\u0101cij\u0101m, sviestmaiz\u0113m, kafiju, sald\u0113jumu utt. T\u0101pat mums ir sertifik\u0101ti, kas pal\u012bdz\u0113s jums raiti uzs\u0101kt mobilo biznesu.<\/p>","protected":false},"featured_media":7544,"template":"","meta":{"_themeisle_gutenberg_block_has_review":false},"product_brand":[],"product_cat":[26],"product_tag":[117,33,45,38,116,51,50],"class_list":{"0":"post-7537","1":"product","2":"type-product","3":"status-publish","4":"has-post-thumbnail","6":"product_cat-product","7":"product_tag-10ft-food-trailer","8":"product_tag-customized-trailer","9":"product_tag-large-food-trailer","10":"product_tag-mobile-food-trailer","11":"product_tag-round-food-trailer","12":"product_tag-square-food-trailer","13":"product_tag-standard-configuration","15":"first","16":"instock","17":"shipping-taxable","18":"product-type-simple"},"yoast_head":"<!-- This site is optimized with the Yoast SEO plugin v27.6 - https:\/\/yoast.com\/product\/yoast-seo-wordpress\/ -->\n<title>3m Round Food Cart At Competitive Price From China<\/title>\n<meta name=\"description\" content=\"This is a customized 3m round food cart. A good choice to start a small mobile food trailer business. Click to get its cost now!\" \/>\n<meta name=\"robots\" content=\"index, follow, max-snippet:-1, max-image-preview:large, max-video-preview:-1\" \/>\n<link rel=\"canonical\" href=\"https:\/\/www.honlufoodtrailer.com\/lv\/product\/3m-round-food-cart\/\" \/>\n<meta property=\"og:locale\" content=\"lv_LV\" \/>\n<meta property=\"og:type\" content=\"article\" \/>\n<meta property=\"og:title\" content=\"3m Round Food Cart At Competitive Price From China\" \/>\n<meta property=\"og:description\" content=\"This is a customized 3m round food cart. A good choice to start a small mobile food trailer business. Click to get its cost now!\" \/>\n<meta property=\"og:url\" content=\"https:\/\/www.honlufoodtrailer.com\/lv\/product\/3m-round-food-cart\/\" \/>\n<meta property=\"og:site_name\" content=\"Honlu food trailer\" \/>\n<meta property=\"article:modified_time\" content=\"2025-02-14T06:59:12+00:00\" \/>\n<meta property=\"og:image\" content=\"https:\/\/www.honlufoodtrailer.com\/wp-content\/uploads\/2024\/04\/10ft-round-food-trailer.jpg\" \/>\n\t<meta property=\"og:image:width\" content=\"720\" \/>\n\t<meta property=\"og:image:height\" content=\"540\" \/>\n\t<meta property=\"og:image:type\" content=\"image\/jpeg\" \/>\n<meta name=\"twitter:card\" content=\"summary_large_image\" \/>\n<meta name=\"twitter:label1\" content=\"Est. reading time\" \/>\n\t<meta name=\"twitter:data1\" content=\"2 min\u016btes\" \/>\n<script type=\"application\/ld+json\" class=\"yoast-schema-graph\">{\"@context\":\"https:\\\/\\\/schema.org\",\"@graph\":[{\"@type\":\"WebPage\",\"@id\":\"https:\\\/\\\/www.honlufoodtrailer.com\\\/product\\\/3m-round-food-cart\\\/\",\"url\":\"https:\\\/\\\/www.honlufoodtrailer.com\\\/product\\\/3m-round-food-cart\\\/\",\"name\":\"3m Round Food Cart At Competitive Price From China\",\"isPartOf\":{\"@id\":\"https:\\\/\\\/www.honlufoodtrailer.com\\\/#website\"},\"primaryImageOfPage\":{\"@id\":\"https:\\\/\\\/www.honlufoodtrailer.com\\\/product\\\/3m-round-food-cart\\\/#primaryimage\"},\"image\":{\"@id\":\"https:\\\/\\\/www.honlufoodtrailer.com\\\/product\\\/3m-round-food-cart\\\/#primaryimage\"},\"thumbnailUrl\":\"https:\\\/\\\/www.honlufoodtrailer.com\\\/wp-content\\\/uploads\\\/2024\\\/04\\\/10ft-round-food-trailer.jpg\",\"datePublished\":\"2024-04-25T06:29:56+00:00\",\"dateModified\":\"2025-02-14T06:59:12+00:00\",\"description\":\"This is a customized 3m round food cart. A good choice to start a small mobile food trailer business. Click to get its cost now!\",\"breadcrumb\":{\"@id\":\"https:\\\/\\\/www.honlufoodtrailer.com\\\/product\\\/3m-round-food-cart\\\/#breadcrumb\"},\"inLanguage\":\"lv-LV\",\"potentialAction\":[{\"@type\":\"ReadAction\",\"target\":[\"https:\\\/\\\/www.honlufoodtrailer.com\\\/product\\\/3m-round-food-cart\\\/\"]}]},{\"@type\":\"ImageObject\",\"inLanguage\":\"lv-LV\",\"@id\":\"https:\\\/\\\/www.honlufoodtrailer.com\\\/product\\\/3m-round-food-cart\\\/#primaryimage\",\"url\":\"https:\\\/\\\/www.honlufoodtrailer.com\\\/wp-content\\\/uploads\\\/2024\\\/04\\\/10ft-round-food-trailer.jpg\",\"contentUrl\":\"https:\\\/\\\/www.honlufoodtrailer.com\\\/wp-content\\\/uploads\\\/2024\\\/04\\\/10ft-round-food-trailer.jpg\",\"width\":720,\"height\":540,\"caption\":\"10ft round food trailer\"},{\"@type\":\"BreadcrumbList\",\"@id\":\"https:\\\/\\\/www.honlufoodtrailer.com\\\/product\\\/3m-round-food-cart\\\/#breadcrumb\",\"itemListElement\":[{\"@type\":\"ListItem\",\"position\":1,\"name\":\"Home\",\"item\":\"https:\\\/\\\/www.honlufoodtrailer.com\\\/\"},{\"@type\":\"ListItem\",\"position\":2,\"name\":\"\u4ea7\u54c1\",\"item\":\"https:\\\/\\\/www.honlufoodtrailer.com\\\/shop\\\/\"},{\"@type\":\"ListItem\",\"position\":3,\"name\":\"3m Round Food Cart\"}]},{\"@type\":\"WebSite\",\"@id\":\"https:\\\/\\\/www.honlufoodtrailer.com\\\/#website\",\"url\":\"https:\\\/\\\/www.honlufoodtrailer.com\\\/\",\"name\":\"Honlu food trailer\",\"description\":\"\",\"publisher\":{\"@id\":\"https:\\\/\\\/www.honlufoodtrailer.com\\\/#organization\"},\"potentialAction\":[{\"@type\":\"SearchAction\",\"target\":{\"@type\":\"EntryPoint\",\"urlTemplate\":\"https:\\\/\\\/www.honlufoodtrailer.com\\\/?s={search_term_string}\"},\"query-input\":{\"@type\":\"PropertyValueSpecification\",\"valueRequired\":true,\"valueName\":\"search_term_string\"}}],\"inLanguage\":\"lv-LV\"},{\"@type\":\"Organization\",\"@id\":\"https:\\\/\\\/www.honlufoodtrailer.com\\\/#organization\",\"name\":\"Honlu food trailer\",\"url\":\"https:\\\/\\\/www.honlufoodtrailer.com\\\/\",\"logo\":{\"@type\":\"ImageObject\",\"inLanguage\":\"lv-LV\",\"@id\":\"https:\\\/\\\/www.honlufoodtrailer.com\\\/#\\\/schema\\\/logo\\\/image\\\/\",\"url\":\"https:\\\/\\\/www.honlufoodtrailer.com\\\/wp-content\\\/uploads\\\/2021\\\/12\\\/2.gif\",\"contentUrl\":\"https:\\\/\\\/www.honlufoodtrailer.com\\\/wp-content\\\/uploads\\\/2021\\\/12\\\/2.gif\",\"width\":350,\"height\":100,\"caption\":\"Honlu food trailer\"},\"image\":{\"@id\":\"https:\\\/\\\/www.honlufoodtrailer.com\\\/#\\\/schema\\\/logo\\\/image\\\/\"}}]}<\/script>\n<!-- \/ Yoast SEO plugin. -->","yoast_head_json":{"title":"3\u00a0m apa\u013c\u0161 p\u0101rtikas grozs par konkur\u0113tsp\u0113j\u012bgu cenu no \u0136\u012bnas","description":"\u0160is ir piel\u0101gots 3\u00a0m apa\u013c\u0161 p\u0101rtikas rati\u0146\u0161. Laba izv\u0113le, lai uzs\u0101ktu nelielu mobilo p\u0101rtikas piekabju biznesu. Noklik\u0161\u0137iniet, lai uzzin\u0101tu izmaksas t\u016bl\u012bt!","robots":{"index":"index","follow":"follow","max-snippet":"max-snippet:-1","max-image-preview":"max-image-preview:large","max-video-preview":"max-video-preview:-1"},"canonical":"https:\/\/www.honlufoodtrailer.com\/lv\/product\/3m-round-food-cart\/","og_locale":"lv_LV","og_type":"article","og_title":"3m Round Food Cart At Competitive Price From China","og_description":"This is a customized 3m round food cart. A good choice to start a small mobile food trailer business. Click to get its cost now!","og_url":"https:\/\/www.honlufoodtrailer.com\/lv\/product\/3m-round-food-cart\/","og_site_name":"Honlu food trailer","article_modified_time":"2025-02-14T06:59:12+00:00","og_image":[{"width":720,"height":540,"url":"https:\/\/www.honlufoodtrailer.com\/wp-content\/uploads\/2024\/04\/10ft-round-food-trailer.jpg","type":"image\/jpeg"}],"twitter_card":"summary_large_image","twitter_misc":{"Est. reading time":"2 min\u016btes"},"schema":{"@context":"https:\/\/schema.org","@graph":[{"@type":"WebPage","@id":"https:\/\/www.honlufoodtrailer.com\/product\/3m-round-food-cart\/","url":"https:\/\/www.honlufoodtrailer.com\/product\/3m-round-food-cart\/","name":"3\u00a0m apa\u013c\u0161 p\u0101rtikas grozs par konkur\u0113tsp\u0113j\u012bgu cenu no \u0136\u012bnas","isPartOf":{"@id":"https:\/\/www.honlufoodtrailer.com\/#website"},"primaryImageOfPage":{"@id":"https:\/\/www.honlufoodtrailer.com\/product\/3m-round-food-cart\/#primaryimage"},"image":{"@id":"https:\/\/www.honlufoodtrailer.com\/product\/3m-round-food-cart\/#primaryimage"},"thumbnailUrl":"https:\/\/www.honlufoodtrailer.com\/wp-content\/uploads\/2024\/04\/10ft-round-food-trailer.jpg","datePublished":"2024-04-25T06:29:56+00:00","dateModified":"2025-02-14T06:59:12+00:00","description":"\u0160is ir piel\u0101gots 3\u00a0m apa\u013c\u0161 p\u0101rtikas rati\u0146\u0161. Laba izv\u0113le, lai uzs\u0101ktu nelielu mobilo p\u0101rtikas piekabju biznesu. Noklik\u0161\u0137iniet, lai uzzin\u0101tu izmaksas t\u016bl\u012bt!","breadcrumb":{"@id":"https:\/\/www.honlufoodtrailer.com\/product\/3m-round-food-cart\/#breadcrumb"},"inLanguage":"lv-LV","potentialAction":[{"@type":"ReadAction","target":["https:\/\/www.honlufoodtrailer.com\/product\/3m-round-food-cart\/"]}]},{"@type":"ImageObject","inLanguage":"lv-LV","@id":"https:\/\/www.honlufoodtrailer.com\/product\/3m-round-food-cart\/#primaryimage","url":"https:\/\/www.honlufoodtrailer.com\/wp-content\/uploads\/2024\/04\/10ft-round-food-trailer.jpg","contentUrl":"https:\/\/www.honlufoodtrailer.com\/wp-content\/uploads\/2024\/04\/10ft-round-food-trailer.jpg","width":720,"height":540,"caption":"10ft round food trailer"},{"@type":"BreadcrumbList","@id":"https:\/\/www.honlufoodtrailer.com\/product\/3m-round-food-cart\/#breadcrumb","itemListElement":[{"@type":"ListItem","position":1,"name":"Home","item":"https:\/\/www.honlufoodtrailer.com\/"},{"@type":"ListItem","position":2,"name":"\u4ea7\u54c1","item":"https:\/\/www.honlufoodtrailer.com\/shop\/"},{"@type":"ListItem","position":3,"name":"3m Round Food Cart"}]},{"@type":"WebSite","@id":"https:\/\/www.honlufoodtrailer.com\/#website","url":"https:\/\/www.honlufoodtrailer.com\/","name":"Honlu p\u0101rtikas piekabe","description":"","publisher":{"@id":"https:\/\/www.honlufoodtrailer.com\/#organization"},"potentialAction":[{"@type":"SearchAction","target":{"@type":"EntryPoint","urlTemplate":"https:\/\/www.honlufoodtrailer.com\/?s={search_term_string}"},"query-input":{"@type":"PropertyValueSpecification","valueRequired":true,"valueName":"search_term_string"}}],"inLanguage":"lv-LV"},{"@type":"Organization","@id":"https:\/\/www.honlufoodtrailer.com\/#organization","name":"Honlu p\u0101rtikas piekabe","url":"https:\/\/www.honlufoodtrailer.com\/","logo":{"@type":"ImageObject","inLanguage":"lv-LV","@id":"https:\/\/www.honlufoodtrailer.com\/#\/schema\/logo\/image\/","url":"https:\/\/www.honlufoodtrailer.com\/wp-content\/uploads\/2021\/12\/2.gif","contentUrl":"https:\/\/www.honlufoodtrailer.com\/wp-content\/uploads\/2021\/12\/2.gif","width":350,"height":100,"caption":"Honlu food trailer"},"image":{"@id":"https:\/\/www.honlufoodtrailer.com\/#\/schema\/logo\/image\/"}}]}},"_links":{"self":[{"href":"https:\/\/www.honlufoodtrailer.com\/lv\/wp-json\/wp\/v2\/product\/7537","targetHints":{"allow":["GET"]}}],"collection":[{"href":"https:\/\/www.honlufoodtrailer.com\/lv\/wp-json\/wp\/v2\/product"}],"about":[{"href":"https:\/\/www.honlufoodtrailer.com\/lv\/wp-json\/wp\/v2\/types\/product"}],"version-history":[{"count":0,"href":"https:\/\/www.honlufoodtrailer.com\/lv\/wp-json\/wp\/v2\/product\/7537\/revisions"}],"wp:featuredmedia":[{"embeddable":true,"href":"https:\/\/www.honlufoodtrailer.com\/lv\/wp-json\/wp\/v2\/media\/7544"}],"wp:attachment":[{"href":"https:\/\/www.honlufoodtrailer.com\/lv\/wp-json\/wp\/v2\/media?parent=7537"}],"wp:term":[{"taxonomy":"product_brand","embeddable":true,"href":"https:\/\/www.honlufoodtrailer.com\/lv\/wp-json\/wp\/v2\/product_brand?post=7537"},{"taxonomy":"product_cat","embeddable":true,"href":"https:\/\/www.honlufoodtrailer.com\/lv\/wp-json\/wp\/v2\/product_cat?post=7537"},{"taxonomy":"product_tag","embeddable":true,"href":"https:\/\/www.honlufoodtrailer.com\/lv\/wp-json\/wp\/v2\/product_tag?post=7537"}],"curies":[{"name":"wp","href":"https:\/\/api.w.org\/{rel}","templated":true}]}}