{"id":7900,"date":"2024-06-20T16:25:42","date_gmt":"2024-06-20T08:25:42","guid":{"rendered":"https:\/\/www.honlufoodtrailer.com\/?post_type=product&#038;p=7900"},"modified":"2025-02-18T11:26:20","modified_gmt":"2025-02-18T03:26:20","slug":"18-7ft-cargo-trailer","status":"publish","type":"product","link":"https:\/\/www.honlufoodtrailer.com\/lv\/product\/18-7ft-cargo-trailer\/","title":{"rendered":"5,7 m kravas piekabe Kan\u0101d\u0101"},"content":{"rendered":"<p>Vai v\u0113laties kravas piekabi savam uz\u0146\u0113mumam? Apskatiet \u0161o 5,7 m kravas piekabi, ko esam piel\u0101goju\u0161i vienam no m\u016bsu klientiem no Kan\u0101das. M\u0113s piel\u0101goj\u0101m \u0161\u012bs kravas piekabes kr\u0101su, virsb\u016bvi un interjeru atbilsto\u0161i klienta pras\u012bb\u0101m. Tagad apl\u016bkosim da\u017eus \u0161\u012bs kravas piekabes att\u0113lus zem\u0101k!<\/p>\n<p><img fetchpriority=\"high\" decoding=\"async\" class=\"aligncenter size-full wp-image-7907\" src=\"https:\/\/www.honlufoodtrailer.com\/wp-content\/uploads\/2024\/06\/cargo-trailer.jpg\" alt=\"kravas piekabe\" width=\"720\" height=\"540\" srcset=\"https:\/\/www.honlufoodtrailer.com\/wp-content\/uploads\/2024\/06\/cargo-trailer.jpg 720w, https:\/\/www.honlufoodtrailer.com\/wp-content\/uploads\/2024\/06\/cargo-trailer-480x360.jpg 480w, https:\/\/www.honlufoodtrailer.com\/wp-content\/uploads\/2024\/06\/cargo-trailer-300x225.jpg 300w\" sizes=\"(max-width: 720px) 100vw, 720px\" \/><img decoding=\"async\" class=\"aligncenter size-full wp-image-7902\" src=\"https:\/\/www.honlufoodtrailer.com\/wp-content\/uploads\/2024\/06\/5.7m-cargo-trailer-for-sale.jpg\" alt=\"P\u0101rdodu 5,7 m kravas piekabi\" width=\"720\" height=\"540\" srcset=\"https:\/\/www.honlufoodtrailer.com\/wp-content\/uploads\/2024\/06\/5.7m-cargo-trailer-for-sale.jpg 720w, https:\/\/www.honlufoodtrailer.com\/wp-content\/uploads\/2024\/06\/5.7m-cargo-trailer-for-sale-480x360.jpg 480w, https:\/\/www.honlufoodtrailer.com\/wp-content\/uploads\/2024\/06\/5.7m-cargo-trailer-for-sale-300x225.jpg 300w\" sizes=\"(max-width: 720px) 100vw, 720px\" \/><\/p>\n<p>K\u0101 redzams iepriek\u0161 redzamajos att\u0113los, \u0161ai 5,7 m kravas piekabei ir pel\u0113ka kr\u0101sa, kas ir \u013coti pievilc\u012bga. Tai ir 3 asis, kas ir uzticam\u0101ka. Turkl\u0101t m\u0113s izgatavojam durvis \u0161\u012bs kravas piekabes s\u0101nos atbilsto\u0161i klienta piepras\u012bjumam.<\/p>\n<p>K\u0101 p\u0101rtikas piekabju ra\u017eot\u0101js un eksport\u0113t\u0101js ar vair\u0101k nek\u0101 10 gadu pieredzi, m\u0113s varam piel\u0101got piekabes da\u017e\u0101diem klientu m\u0113r\u0137iem. Piem\u0113ram, papildus p\u0101rtikas un dz\u0113rienu p\u0101rdo\u0161anai m\u0113s esam ra\u017eoju\u0161i ar\u012b piekabes ziedu, ap\u0123\u0113rbu, matu griezumu, m\u0101jdz\u012bvnieku pakalpojumu u.c. p\u0101rdo\u0161anai. Ja jums ir piel\u0101go\u0161anas pras\u012bbas, nevilcinieties mums t\u0101s pateikt! T\u0101l\u0101k apl\u016bkosim \u0161\u012bs 5,7 m kravas piekabes iek\u0161\u0113j\u0101s deta\u013cas.<\/p>\n<h3>Iek\u0161\u0113j\u0101s deta\u013cas<\/h3>\n<p><img decoding=\"async\" class=\"aligncenter size-full wp-image-7906\" src=\"https:\/\/www.honlufoodtrailer.com\/wp-content\/uploads\/2024\/06\/Cargo-Box.jpg\" alt=\"Kravas kaste\" width=\"720\" height=\"540\" srcset=\"https:\/\/www.honlufoodtrailer.com\/wp-content\/uploads\/2024\/06\/Cargo-Box.jpg 720w, https:\/\/www.honlufoodtrailer.com\/wp-content\/uploads\/2024\/06\/Cargo-Box-480x360.jpg 480w, https:\/\/www.honlufoodtrailer.com\/wp-content\/uploads\/2024\/06\/Cargo-Box-300x225.jpg 300w\" sizes=\"(max-width: 720px) 100vw, 720px\" \/><\/p>\n<h3>S\u012bk\u0101ka inform\u0101cija par \u0161o 5,7 m kravas piekabi<\/h3>\n<p>Skatiet s\u012bk\u0101ku inform\u0101ciju par \u0161o 5,7 m mazo kravas piekabi. M\u0113s varam piel\u0101got mobilo piekabi atbilsto\u0161i j\u016bsu valsts pras\u012bb\u0101m.<\/p>\n<p><img loading=\"lazy\" decoding=\"async\" class=\"aligncenter size-full wp-image-7909\" src=\"https:\/\/www.honlufoodtrailer.com\/wp-content\/uploads\/2024\/06\/5.7m-cargo-trailer-details.jpg\" alt=\"5,7 m kravas piekabes deta\u013cas\" width=\"800\" height=\"800\" srcset=\"https:\/\/www.honlufoodtrailer.com\/wp-content\/uploads\/2024\/06\/5.7m-cargo-trailer-details.jpg 800w, https:\/\/www.honlufoodtrailer.com\/wp-content\/uploads\/2024\/06\/5.7m-cargo-trailer-details-768x768.jpg 768w, https:\/\/www.honlufoodtrailer.com\/wp-content\/uploads\/2024\/06\/5.7m-cargo-trailer-details-360x360.jpg 360w, https:\/\/www.honlufoodtrailer.com\/wp-content\/uploads\/2024\/06\/5.7m-cargo-trailer-details-300x300.jpg 300w, https:\/\/www.honlufoodtrailer.com\/wp-content\/uploads\/2024\/06\/5.7m-cargo-trailer-details-720x720.jpg 720w, https:\/\/www.honlufoodtrailer.com\/wp-content\/uploads\/2024\/06\/5.7m-cargo-trailer-details-100x100.jpg 100w\" sizes=\"(max-width: 800px) 100vw, 800px\" \/><\/p>\n<h3>Ko j\u016bs varat sa\u0146emt no mums<\/h3>\n<p><strong>M\u0113s varam izgatavot l\u012bdz\u012bgu kvadr\u0101tveida kravas piekabi k\u0101 \u0161o vai ar\u012b piel\u0101got jums \u012bpa\u0161u.<\/strong>. Piekabes virsb\u016bves kr\u0101su, uzl\u012bmes, izk\u0101rtnes un virtuves apr\u012bkojumu var piel\u0101got. K\u0101 p\u0101rtikas piekabju ra\u017eot\u0101js un eksport\u0113t\u0101js ar vair\u0101k nek\u0101 10 gadu ra\u017eo\u0161anas un eksporta pieredzi, m\u0113s varam pal\u012bdz\u0113t jums piel\u0101got j\u016bsu sap\u0146u piekabi. Jums vienk\u0101r\u0161i j\u0101sazin\u0101s ar mums un j\u0101past\u0101sta mums savas detaliz\u0113t\u0101s pras\u012bbas.<\/p>\n<h3><b class=\"magic-22\"><span class=\"magic-11\">M\u016bsu piel\u0101got\u0101s kravas galven\u0101s iez\u012bmes<\/span><\/b>\u00a0Piekabe<\/h3>\n<div class=\"magic-2\">\n<div class=\"magic-3\">\n<div class=\"magic-4\">1. Tas ir izgatavots no augstas kvalit\u0101tes ner\u016bs\u0113jo\u0161\u0101 t\u0113rauda, kas ir iztur\u012bgs pret koroziju un iztur\u012bgs.<br \/>\n2. Tam piem\u012bt karstumiztur\u012bba, augsta kr\u0101su notur\u012bba, \u016bdensnecaurlaid\u012bba un ilgs kalpo\u0161anas laiks.<br \/>\n3. Piekabes \u0101rpusi un iek\u0161pusi var piel\u0101got.<\/div>\n<\/div>\n<\/div>","protected":false},"excerpt":{"rendered":"<p>\u0160\u012b ir p\u0113c pas\u016bt\u012bjuma izgatavota 5,7 m kravas piekabe klientam no Kan\u0101das. <strong>L\u016bdzu, noklik\u0161\u0137iniet uz t\u0101l\u0101k nor\u0101d\u012btaj\u0101m ciln\u0113m, lai skat\u012btu s\u012bk\u0101ku inform\u0101ciju par \u0161o p\u0101rtikas piekabi.<\/strong>. M\u0113s varam izgatavot l\u012bdz\u012bgu vai piel\u0101got jums. Vienk\u0101r\u0161i nevilcinieties sazin\u0101ties ar mums un past\u0101stiet mums savas detaliz\u0113t\u0101s pras\u012bbas!<\/p>","protected":false},"featured_media":7905,"template":"","meta":{"_themeisle_gutenberg_block_has_review":false},"product_brand":[],"product_cat":[26],"product_tag":[66],"class_list":{"0":"post-7900","1":"product","2":"type-product","3":"status-publish","4":"has-post-thumbnail","6":"product_cat-product","7":"product_tag-cargo-trailer","9":"first","10":"instock","11":"shipping-taxable","12":"product-type-simple"},"yoast_head":"<!-- This site is optimized with the Yoast SEO plugin v27.6 - https:\/\/yoast.com\/product\/yoast-seo-wordpress\/ -->\n<title>5.7m Cargo Trailer Factory Direct Sale - Honlu Food Trailer<\/title>\n<meta name=\"description\" content=\"Looking for a customized cargo trailer? see this 5.7m cargo trailer here! The exterior and interior of the cargo trailer can be customized.\" \/>\n<meta name=\"robots\" content=\"index, follow, max-snippet:-1, max-image-preview:large, max-video-preview:-1\" \/>\n<link rel=\"canonical\" href=\"https:\/\/www.honlufoodtrailer.com\/lv\/product\/18-7ft-cargo-trailer\/\" \/>\n<meta property=\"og:locale\" content=\"lv_LV\" \/>\n<meta property=\"og:type\" content=\"article\" \/>\n<meta property=\"og:title\" content=\"5.7m Cargo Trailer Factory Direct Sale - Honlu Food Trailer\" \/>\n<meta property=\"og:description\" content=\"Looking for a customized cargo trailer? see this 5.7m cargo trailer here! The exterior and interior of the cargo trailer can be customized.\" \/>\n<meta property=\"og:url\" content=\"https:\/\/www.honlufoodtrailer.com\/lv\/product\/18-7ft-cargo-trailer\/\" \/>\n<meta property=\"og:site_name\" content=\"Honlu food trailer\" \/>\n<meta property=\"article:modified_time\" content=\"2025-02-18T03:26:20+00:00\" \/>\n<meta property=\"og:image\" content=\"https:\/\/www.honlufoodtrailer.com\/wp-content\/uploads\/2024\/06\/18.7ft-cargo-trailer.jpg\" \/>\n\t<meta property=\"og:image:width\" content=\"720\" \/>\n\t<meta property=\"og:image:height\" content=\"540\" \/>\n\t<meta property=\"og:image:type\" content=\"image\/jpeg\" \/>\n<meta name=\"twitter:card\" content=\"summary_large_image\" \/>\n<meta name=\"twitter:label1\" content=\"Est. reading time\" \/>\n\t<meta name=\"twitter:data1\" content=\"1 min\u016bte\" \/>\n<script type=\"application\/ld+json\" class=\"yoast-schema-graph\">{\"@context\":\"https:\\\/\\\/schema.org\",\"@graph\":[{\"@type\":\"WebPage\",\"@id\":\"https:\\\/\\\/www.honlufoodtrailer.com\\\/product\\\/18-7ft-cargo-trailer\\\/\",\"url\":\"https:\\\/\\\/www.honlufoodtrailer.com\\\/product\\\/18-7ft-cargo-trailer\\\/\",\"name\":\"5.7m Cargo Trailer Factory Direct Sale - Honlu Food Trailer\",\"isPartOf\":{\"@id\":\"https:\\\/\\\/www.honlufoodtrailer.com\\\/#website\"},\"primaryImageOfPage\":{\"@id\":\"https:\\\/\\\/www.honlufoodtrailer.com\\\/product\\\/18-7ft-cargo-trailer\\\/#primaryimage\"},\"image\":{\"@id\":\"https:\\\/\\\/www.honlufoodtrailer.com\\\/product\\\/18-7ft-cargo-trailer\\\/#primaryimage\"},\"thumbnailUrl\":\"https:\\\/\\\/www.honlufoodtrailer.com\\\/wp-content\\\/uploads\\\/2024\\\/06\\\/18.7ft-cargo-trailer.jpg\",\"datePublished\":\"2024-06-20T08:25:42+00:00\",\"dateModified\":\"2025-02-18T03:26:20+00:00\",\"description\":\"Looking for a customized cargo trailer? see this 5.7m cargo trailer here! The exterior and interior of the cargo trailer can be customized.\",\"breadcrumb\":{\"@id\":\"https:\\\/\\\/www.honlufoodtrailer.com\\\/product\\\/18-7ft-cargo-trailer\\\/#breadcrumb\"},\"inLanguage\":\"lv-LV\",\"potentialAction\":[{\"@type\":\"ReadAction\",\"target\":[\"https:\\\/\\\/www.honlufoodtrailer.com\\\/product\\\/18-7ft-cargo-trailer\\\/\"]}]},{\"@type\":\"ImageObject\",\"inLanguage\":\"lv-LV\",\"@id\":\"https:\\\/\\\/www.honlufoodtrailer.com\\\/product\\\/18-7ft-cargo-trailer\\\/#primaryimage\",\"url\":\"https:\\\/\\\/www.honlufoodtrailer.com\\\/wp-content\\\/uploads\\\/2024\\\/06\\\/18.7ft-cargo-trailer.jpg\",\"contentUrl\":\"https:\\\/\\\/www.honlufoodtrailer.com\\\/wp-content\\\/uploads\\\/2024\\\/06\\\/18.7ft-cargo-trailer.jpg\",\"width\":720,\"height\":540,\"caption\":\"18.7ft cargo trailer\"},{\"@type\":\"BreadcrumbList\",\"@id\":\"https:\\\/\\\/www.honlufoodtrailer.com\\\/product\\\/18-7ft-cargo-trailer\\\/#breadcrumb\",\"itemListElement\":[{\"@type\":\"ListItem\",\"position\":1,\"name\":\"Home\",\"item\":\"https:\\\/\\\/www.honlufoodtrailer.com\\\/\"},{\"@type\":\"ListItem\",\"position\":2,\"name\":\"\u4ea7\u54c1\",\"item\":\"https:\\\/\\\/www.honlufoodtrailer.com\\\/shop\\\/\"},{\"@type\":\"ListItem\",\"position\":3,\"name\":\"5.7m Cargo Trailer Canada\"}]},{\"@type\":\"WebSite\",\"@id\":\"https:\\\/\\\/www.honlufoodtrailer.com\\\/#website\",\"url\":\"https:\\\/\\\/www.honlufoodtrailer.com\\\/\",\"name\":\"Honlu food trailer\",\"description\":\"\",\"publisher\":{\"@id\":\"https:\\\/\\\/www.honlufoodtrailer.com\\\/#organization\"},\"potentialAction\":[{\"@type\":\"SearchAction\",\"target\":{\"@type\":\"EntryPoint\",\"urlTemplate\":\"https:\\\/\\\/www.honlufoodtrailer.com\\\/?s={search_term_string}\"},\"query-input\":{\"@type\":\"PropertyValueSpecification\",\"valueRequired\":true,\"valueName\":\"search_term_string\"}}],\"inLanguage\":\"lv-LV\"},{\"@type\":\"Organization\",\"@id\":\"https:\\\/\\\/www.honlufoodtrailer.com\\\/#organization\",\"name\":\"Honlu food trailer\",\"url\":\"https:\\\/\\\/www.honlufoodtrailer.com\\\/\",\"logo\":{\"@type\":\"ImageObject\",\"inLanguage\":\"lv-LV\",\"@id\":\"https:\\\/\\\/www.honlufoodtrailer.com\\\/#\\\/schema\\\/logo\\\/image\\\/\",\"url\":\"https:\\\/\\\/www.honlufoodtrailer.com\\\/wp-content\\\/uploads\\\/2021\\\/12\\\/2.gif\",\"contentUrl\":\"https:\\\/\\\/www.honlufoodtrailer.com\\\/wp-content\\\/uploads\\\/2021\\\/12\\\/2.gif\",\"width\":350,\"height\":100,\"caption\":\"Honlu food trailer\"},\"image\":{\"@id\":\"https:\\\/\\\/www.honlufoodtrailer.com\\\/#\\\/schema\\\/logo\\\/image\\\/\"}}]}<\/script>\n<!-- \/ Yoast SEO plugin. -->","yoast_head_json":{"title":"5,7 m kravas piekabes r\u016bpn\u012bcas tie\u0161\u0101 p\u0101rdo\u0161ana - Honlu p\u0101rtikas piekabe","description":"Mekl\u0113jat piel\u0101gotu kravas piekabi? Apskatiet \u0161o 5,7 m kravas piekabi \u0161eit! Kravas piekabes \u0101rpusi un iek\u0161pusi var piel\u0101got.","robots":{"index":"index","follow":"follow","max-snippet":"max-snippet:-1","max-image-preview":"max-image-preview:large","max-video-preview":"max-video-preview:-1"},"canonical":"https:\/\/www.honlufoodtrailer.com\/lv\/product\/18-7ft-cargo-trailer\/","og_locale":"lv_LV","og_type":"article","og_title":"5.7m Cargo Trailer Factory Direct Sale - Honlu Food Trailer","og_description":"Looking for a customized cargo trailer? see this 5.7m cargo trailer here! The exterior and interior of the cargo trailer can be customized.","og_url":"https:\/\/www.honlufoodtrailer.com\/lv\/product\/18-7ft-cargo-trailer\/","og_site_name":"Honlu food trailer","article_modified_time":"2025-02-18T03:26:20+00:00","og_image":[{"width":720,"height":540,"url":"https:\/\/www.honlufoodtrailer.com\/wp-content\/uploads\/2024\/06\/18.7ft-cargo-trailer.jpg","type":"image\/jpeg"}],"twitter_card":"summary_large_image","twitter_misc":{"Est. reading time":"1 min\u016bte"},"schema":{"@context":"https:\/\/schema.org","@graph":[{"@type":"WebPage","@id":"https:\/\/www.honlufoodtrailer.com\/product\/18-7ft-cargo-trailer\/","url":"https:\/\/www.honlufoodtrailer.com\/product\/18-7ft-cargo-trailer\/","name":"5,7 m kravas piekabes r\u016bpn\u012bcas tie\u0161\u0101 p\u0101rdo\u0161ana - Honlu p\u0101rtikas piekabe","isPartOf":{"@id":"https:\/\/www.honlufoodtrailer.com\/#website"},"primaryImageOfPage":{"@id":"https:\/\/www.honlufoodtrailer.com\/product\/18-7ft-cargo-trailer\/#primaryimage"},"image":{"@id":"https:\/\/www.honlufoodtrailer.com\/product\/18-7ft-cargo-trailer\/#primaryimage"},"thumbnailUrl":"https:\/\/www.honlufoodtrailer.com\/wp-content\/uploads\/2024\/06\/18.7ft-cargo-trailer.jpg","datePublished":"2024-06-20T08:25:42+00:00","dateModified":"2025-02-18T03:26:20+00:00","description":"Mekl\u0113jat piel\u0101gotu kravas piekabi? Apskatiet \u0161o 5,7 m kravas piekabi \u0161eit! Kravas piekabes \u0101rpusi un iek\u0161pusi var piel\u0101got.","breadcrumb":{"@id":"https:\/\/www.honlufoodtrailer.com\/product\/18-7ft-cargo-trailer\/#breadcrumb"},"inLanguage":"lv-LV","potentialAction":[{"@type":"ReadAction","target":["https:\/\/www.honlufoodtrailer.com\/product\/18-7ft-cargo-trailer\/"]}]},{"@type":"ImageObject","inLanguage":"lv-LV","@id":"https:\/\/www.honlufoodtrailer.com\/product\/18-7ft-cargo-trailer\/#primaryimage","url":"https:\/\/www.honlufoodtrailer.com\/wp-content\/uploads\/2024\/06\/18.7ft-cargo-trailer.jpg","contentUrl":"https:\/\/www.honlufoodtrailer.com\/wp-content\/uploads\/2024\/06\/18.7ft-cargo-trailer.jpg","width":720,"height":540,"caption":"18.7ft cargo trailer"},{"@type":"BreadcrumbList","@id":"https:\/\/www.honlufoodtrailer.com\/product\/18-7ft-cargo-trailer\/#breadcrumb","itemListElement":[{"@type":"ListItem","position":1,"name":"Home","item":"https:\/\/www.honlufoodtrailer.com\/"},{"@type":"ListItem","position":2,"name":"\u4ea7\u54c1","item":"https:\/\/www.honlufoodtrailer.com\/shop\/"},{"@type":"ListItem","position":3,"name":"5.7m Cargo Trailer Canada"}]},{"@type":"WebSite","@id":"https:\/\/www.honlufoodtrailer.com\/#website","url":"https:\/\/www.honlufoodtrailer.com\/","name":"Honlu p\u0101rtikas piekabe","description":"","publisher":{"@id":"https:\/\/www.honlufoodtrailer.com\/#organization"},"potentialAction":[{"@type":"SearchAction","target":{"@type":"EntryPoint","urlTemplate":"https:\/\/www.honlufoodtrailer.com\/?s={search_term_string}"},"query-input":{"@type":"PropertyValueSpecification","valueRequired":true,"valueName":"search_term_string"}}],"inLanguage":"lv-LV"},{"@type":"Organization","@id":"https:\/\/www.honlufoodtrailer.com\/#organization","name":"Honlu p\u0101rtikas piekabe","url":"https:\/\/www.honlufoodtrailer.com\/","logo":{"@type":"ImageObject","inLanguage":"lv-LV","@id":"https:\/\/www.honlufoodtrailer.com\/#\/schema\/logo\/image\/","url":"https:\/\/www.honlufoodtrailer.com\/wp-content\/uploads\/2021\/12\/2.gif","contentUrl":"https:\/\/www.honlufoodtrailer.com\/wp-content\/uploads\/2021\/12\/2.gif","width":350,"height":100,"caption":"Honlu food trailer"},"image":{"@id":"https:\/\/www.honlufoodtrailer.com\/#\/schema\/logo\/image\/"}}]}},"_links":{"self":[{"href":"https:\/\/www.honlufoodtrailer.com\/lv\/wp-json\/wp\/v2\/product\/7900","targetHints":{"allow":["GET"]}}],"collection":[{"href":"https:\/\/www.honlufoodtrailer.com\/lv\/wp-json\/wp\/v2\/product"}],"about":[{"href":"https:\/\/www.honlufoodtrailer.com\/lv\/wp-json\/wp\/v2\/types\/product"}],"version-history":[{"count":0,"href":"https:\/\/www.honlufoodtrailer.com\/lv\/wp-json\/wp\/v2\/product\/7900\/revisions"}],"wp:featuredmedia":[{"embeddable":true,"href":"https:\/\/www.honlufoodtrailer.com\/lv\/wp-json\/wp\/v2\/media\/7905"}],"wp:attachment":[{"href":"https:\/\/www.honlufoodtrailer.com\/lv\/wp-json\/wp\/v2\/media?parent=7900"}],"wp:term":[{"taxonomy":"product_brand","embeddable":true,"href":"https:\/\/www.honlufoodtrailer.com\/lv\/wp-json\/wp\/v2\/product_brand?post=7900"},{"taxonomy":"product_cat","embeddable":true,"href":"https:\/\/www.honlufoodtrailer.com\/lv\/wp-json\/wp\/v2\/product_cat?post=7900"},{"taxonomy":"product_tag","embeddable":true,"href":"https:\/\/www.honlufoodtrailer.com\/lv\/wp-json\/wp\/v2\/product_tag?post=7900"}],"curies":[{"name":"wp","href":"https:\/\/api.w.org\/{rel}","templated":true}]}}