{"id":7960,"date":"2024-07-03T15:24:16","date_gmt":"2024-07-03T07:24:16","guid":{"rendered":"https:\/\/www.honlufoodtrailer.com\/?post_type=product&#038;p=7960"},"modified":"2025-02-14T14:48:25","modified_gmt":"2025-02-14T06:48:25","slug":"4-5m-hamburger-trailer","status":"publish","type":"product","link":"https:\/\/www.honlufoodtrailer.com\/lv\/product\/4-5m-hamburger-trailer\/","title":{"rendered":"4,5\u00a0m hamburgera piekabe"},"content":{"rendered":"<p>Vai mekl\u0113jat hamburgera piekabi p\u0101rdo\u0161anai? Skatiet \u0161o 4,5\u00a0m garo hamburgera piekabi, ko esam izgatavoju\u0161i vienam no m\u016bsu klientiem.\u00a0 P\u0113c klienta pras\u012bb\u0101m izgatavojam \u0161o hamburgeru p\u0101rtikas piekabi ar noapa\u013cotiem st\u016briem. Uz p\u0101rtikas piekabes aug\u0161\u0113j\u0101s da\u013cas esam pas\u016bt\u012bju\u0161i z\u012bmi klientam. Tagad apskat\u012bsim \u0161o hamburgeru p\u0101rtikas piekabi detaliz\u0113ti. Pirmk\u0101rt, apskat\u012bsim da\u017eus att\u0113lus.<\/p>\n<p><img fetchpriority=\"high\" decoding=\"async\" class=\"aligncenter size-full wp-image-7968\" src=\"https:\/\/www.honlufoodtrailer.com\/wp-content\/uploads\/2024\/07\/4.5m-hamburger-trailer.jpg\" alt=\"4,5 m hamburgeru piekabe\" width=\"720\" height=\"540\" srcset=\"https:\/\/www.honlufoodtrailer.com\/wp-content\/uploads\/2024\/07\/4.5m-hamburger-trailer.jpg 720w, https:\/\/www.honlufoodtrailer.com\/wp-content\/uploads\/2024\/07\/4.5m-hamburger-trailer-480x360.jpg 480w, https:\/\/www.honlufoodtrailer.com\/wp-content\/uploads\/2024\/07\/4.5m-hamburger-trailer-300x225.jpg 300w\" sizes=\"(max-width: 720px) 100vw, 720px\" \/> <img decoding=\"async\" class=\"aligncenter size-full wp-image-7964\" src=\"https:\/\/www.honlufoodtrailer.com\/wp-content\/uploads\/2024\/07\/4.5m-hamburger-food-trailer.jpg\" alt=\"4,5\u00a0m hamburgeru p\u0101rtikas piekabe\" width=\"720\" height=\"540\" srcset=\"https:\/\/www.honlufoodtrailer.com\/wp-content\/uploads\/2024\/07\/4.5m-hamburger-food-trailer.jpg 720w, https:\/\/www.honlufoodtrailer.com\/wp-content\/uploads\/2024\/07\/4.5m-hamburger-food-trailer-480x360.jpg 480w, https:\/\/www.honlufoodtrailer.com\/wp-content\/uploads\/2024\/07\/4.5m-hamburger-food-trailer-300x225.jpg 300w\" sizes=\"(max-width: 720px) 100vw, 720px\" \/><\/p>\n<h3>\u0160\u012b 4,5\u00a0m gar\u0101 hamburgeru p\u0101rtikas piekabes iek\u0161\u0113j\u0101 inform\u0101cija<\/h3>\n<p>Skatiet s\u012bk\u0101ku inform\u0101ciju par \u0161o hamburgeru p\u0101rtikas piekabi. K\u0101 redzams zem\u0101k eso\u0161aj\u0101 att\u0113l\u0101, m\u0113s esam apr\u012bkoju\u0161i \u0161o hamburgeru p\u0101rtikas piekabi ar pamata virtuves apr\u012bkojumu, piem\u0113ram, darba galdu, izlietn\u0113m, fritieri, tvaika nos\u016bc\u0113ju, re\u017e\u0123i utt.<img decoding=\"async\" class=\"aligncenter size-full wp-image-7966\" src=\"https:\/\/www.honlufoodtrailer.com\/wp-content\/uploads\/2024\/07\/4.5m-hamburger-trailer-inner-view.jpg\" alt=\"4,5\u00a0m hamburgera piekabes iek\u0161skats\" width=\"720\" height=\"540\" srcset=\"https:\/\/www.honlufoodtrailer.com\/wp-content\/uploads\/2024\/07\/4.5m-hamburger-trailer-inner-view.jpg 720w, https:\/\/www.honlufoodtrailer.com\/wp-content\/uploads\/2024\/07\/4.5m-hamburger-trailer-inner-view-480x360.jpg 480w, https:\/\/www.honlufoodtrailer.com\/wp-content\/uploads\/2024\/07\/4.5m-hamburger-trailer-inner-view-300x225.jpg 300w\" sizes=\"(max-width: 720px) 100vw, 720px\" \/><img loading=\"lazy\" decoding=\"async\" class=\"aligncenter size-full wp-image-7961\" src=\"https:\/\/www.honlufoodtrailer.com\/wp-content\/uploads\/2024\/07\/4.5m-hamburger-food-trailer-inner-details.jpg\" alt=\"4,5\u00a0m hamburgeru p\u0101rtikas piekabes iek\u0161\u0113j\u0101s deta\u013cas\" width=\"800\" height=\"800\" srcset=\"https:\/\/www.honlufoodtrailer.com\/wp-content\/uploads\/2024\/07\/4.5m-hamburger-food-trailer-inner-details.jpg 800w, https:\/\/www.honlufoodtrailer.com\/wp-content\/uploads\/2024\/07\/4.5m-hamburger-food-trailer-inner-details-768x768.jpg 768w, https:\/\/www.honlufoodtrailer.com\/wp-content\/uploads\/2024\/07\/4.5m-hamburger-food-trailer-inner-details-360x360.jpg 360w, https:\/\/www.honlufoodtrailer.com\/wp-content\/uploads\/2024\/07\/4.5m-hamburger-food-trailer-inner-details-300x300.jpg 300w, https:\/\/www.honlufoodtrailer.com\/wp-content\/uploads\/2024\/07\/4.5m-hamburger-food-trailer-inner-details-720x720.jpg 720w, https:\/\/www.honlufoodtrailer.com\/wp-content\/uploads\/2024\/07\/4.5m-hamburger-food-trailer-inner-details-100x100.jpg 100w\" sizes=\"(max-width: 800px) 100vw, 800px\" \/><\/p>\n<p>&nbsp;<\/p>\n<h3>S\u012bk\u0101ka inform\u0101cija par \u0161o 4,5\u00a0m garo hamburgeru p\u0101rtikas piekabi<\/h3>\n<p>Skatiet s\u012bk\u0101ku inform\u0101ciju par \u0161o p\u0101rtikas piekabi no \u0161iem att\u0113liem. K\u0101 redzat, t\u0101l\u0101k ir sniegta inform\u0101cija par as\u012bm, kontaktligzdu, spraudni, logu utt.<\/p>\n<p><img loading=\"lazy\" decoding=\"async\" class=\"aligncenter size-full wp-image-7962\" src=\"https:\/\/www.honlufoodtrailer.com\/wp-content\/uploads\/2024\/07\/4.5m-hamburger-food-trailer-more-details.jpg\" alt=\"4,5\u00a0m gar\u0161 hamburgeru p\u0101rtikas piekabes s\u012bk\u0101ka inform\u0101cija\" width=\"800\" height=\"800\" srcset=\"https:\/\/www.honlufoodtrailer.com\/wp-content\/uploads\/2024\/07\/4.5m-hamburger-food-trailer-more-details.jpg 800w, https:\/\/www.honlufoodtrailer.com\/wp-content\/uploads\/2024\/07\/4.5m-hamburger-food-trailer-more-details-768x768.jpg 768w, https:\/\/www.honlufoodtrailer.com\/wp-content\/uploads\/2024\/07\/4.5m-hamburger-food-trailer-more-details-360x360.jpg 360w, https:\/\/www.honlufoodtrailer.com\/wp-content\/uploads\/2024\/07\/4.5m-hamburger-food-trailer-more-details-300x300.jpg 300w, https:\/\/www.honlufoodtrailer.com\/wp-content\/uploads\/2024\/07\/4.5m-hamburger-food-trailer-more-details-720x720.jpg 720w, https:\/\/www.honlufoodtrailer.com\/wp-content\/uploads\/2024\/07\/4.5m-hamburger-food-trailer-more-details-100x100.jpg 100w\" sizes=\"(max-width: 800px) 100vw, 800px\" \/><br \/>\nJa j\u016bs interes\u0113 \u0161\u012b hamburgera piekabe, l\u016bdzu, nevilcinieties sazin\u0101ties ar mums. Vienk\u0101r\u0161i atst\u0101jiet zi\u0146ojumu zem\u0101k eso\u0161aj\u0101 form\u0101 vai tie\u0161i mums WhatsApp, lai \u0101tri atbild\u0113tu!<\/p>","protected":false},"excerpt":{"rendered":"<p>\u0160\u012b ir viena no m\u016bsu pas\u016bt\u012bjuma izgatavotaj\u0101m 4,5\u00a0m hamburgeru piekab\u0113m p\u0101rdo\u0161an\u0101. t\u0101 ir laba izv\u0113le cilv\u0113kiem, lai uzs\u0101ktu hamburgeru piekabju biznesu. <strong>L\u016bdzu, noklik\u0161\u0137iniet uz t\u0101l\u0101k nor\u0101d\u012btaj\u0101m ciln\u0113m, lai skat\u012btu s\u012bk\u0101ku inform\u0101ciju par \u0161o hamburgeru p\u0101rtikas piekabi<\/strong>. M\u0113s varam izgatavot l\u012bdz\u012bgu hamburgera piekabi, piem\u0113ram, \u0161o, vai piel\u0101got to jums. L\u016bdzu, sazinieties ar mums un past\u0101stiet mums savas detaliz\u0113t\u0101s pras\u012bbas. Vienk\u0101r\u0161i nevilcinieties sazin\u0101ties ar mums t\u016bl\u012bt!<\/p>","protected":false},"featured_media":7968,"template":"","meta":{"_themeisle_gutenberg_block_has_review":false},"product_brand":[],"product_cat":[26],"product_tag":[98,33,60,61,38],"class_list":{"0":"post-7960","1":"product","2":"type-product","3":"status-publish","4":"has-post-thumbnail","6":"product_cat-product","7":"product_tag-burger-trailer","8":"product_tag-customized-trailer","9":"product_tag-fast-food-trailer","10":"product_tag-fast-food-trailer-for-sale","11":"product_tag-mobile-food-trailer","13":"first","14":"instock","15":"shipping-taxable","16":"product-type-simple"},"yoast_head":"<!-- This site is optimized with the Yoast SEO plugin v27.6 - https:\/\/yoast.com\/product\/yoast-seo-wordpress\/ -->\n<title>4.5m Hamburger Trailer from China Manufacturer - Henan Honlu<\/title>\n<meta name=\"description\" content=\"Looking for a hamburger trailer for sale? see this 4.5m hamburger trailer here! Click to get a similar or customized one at a reasonable price now!\" \/>\n<meta name=\"robots\" content=\"index, follow, max-snippet:-1, max-image-preview:large, max-video-preview:-1\" \/>\n<link rel=\"canonical\" href=\"https:\/\/www.honlufoodtrailer.com\/lv\/product\/4-5m-hamburger-trailer\/\" \/>\n<meta property=\"og:locale\" content=\"lv_LV\" \/>\n<meta property=\"og:type\" content=\"article\" \/>\n<meta property=\"og:title\" content=\"4.5m Hamburger Trailer from China Manufacturer - Henan Honlu\" \/>\n<meta property=\"og:description\" content=\"Looking for a hamburger trailer for sale? see this 4.5m hamburger trailer here! Click to get a similar or customized one at a reasonable price now!\" \/>\n<meta property=\"og:url\" content=\"https:\/\/www.honlufoodtrailer.com\/lv\/product\/4-5m-hamburger-trailer\/\" \/>\n<meta property=\"og:site_name\" content=\"Honlu food trailer\" \/>\n<meta property=\"article:modified_time\" content=\"2025-02-14T06:48:25+00:00\" \/>\n<meta property=\"og:image\" content=\"https:\/\/www.honlufoodtrailer.com\/wp-content\/uploads\/2024\/07\/4.5m-hamburger-trailer.jpg\" \/>\n\t<meta property=\"og:image:width\" content=\"720\" \/>\n\t<meta property=\"og:image:height\" content=\"540\" \/>\n\t<meta property=\"og:image:type\" content=\"image\/jpeg\" \/>\n<meta name=\"twitter:card\" content=\"summary_large_image\" \/>\n<meta name=\"twitter:label1\" content=\"Est. reading time\" \/>\n\t<meta name=\"twitter:data1\" content=\"1 min\u016bte\" \/>\n<script type=\"application\/ld+json\" class=\"yoast-schema-graph\">{\"@context\":\"https:\\\/\\\/schema.org\",\"@graph\":[{\"@type\":\"WebPage\",\"@id\":\"https:\\\/\\\/www.honlufoodtrailer.com\\\/product\\\/4-5m-hamburger-trailer\\\/\",\"url\":\"https:\\\/\\\/www.honlufoodtrailer.com\\\/product\\\/4-5m-hamburger-trailer\\\/\",\"name\":\"4.5m Hamburger Trailer from China Manufacturer - Henan Honlu\",\"isPartOf\":{\"@id\":\"https:\\\/\\\/www.honlufoodtrailer.com\\\/#website\"},\"primaryImageOfPage\":{\"@id\":\"https:\\\/\\\/www.honlufoodtrailer.com\\\/product\\\/4-5m-hamburger-trailer\\\/#primaryimage\"},\"image\":{\"@id\":\"https:\\\/\\\/www.honlufoodtrailer.com\\\/product\\\/4-5m-hamburger-trailer\\\/#primaryimage\"},\"thumbnailUrl\":\"https:\\\/\\\/www.honlufoodtrailer.com\\\/wp-content\\\/uploads\\\/2024\\\/07\\\/4.5m-hamburger-trailer.jpg\",\"datePublished\":\"2024-07-03T07:24:16+00:00\",\"dateModified\":\"2025-02-14T06:48:25+00:00\",\"description\":\"Looking for a hamburger trailer for sale? see this 4.5m hamburger trailer here! Click to get a similar or customized one at a reasonable price now!\",\"breadcrumb\":{\"@id\":\"https:\\\/\\\/www.honlufoodtrailer.com\\\/product\\\/4-5m-hamburger-trailer\\\/#breadcrumb\"},\"inLanguage\":\"lv-LV\",\"potentialAction\":[{\"@type\":\"ReadAction\",\"target\":[\"https:\\\/\\\/www.honlufoodtrailer.com\\\/product\\\/4-5m-hamburger-trailer\\\/\"]}]},{\"@type\":\"ImageObject\",\"inLanguage\":\"lv-LV\",\"@id\":\"https:\\\/\\\/www.honlufoodtrailer.com\\\/product\\\/4-5m-hamburger-trailer\\\/#primaryimage\",\"url\":\"https:\\\/\\\/www.honlufoodtrailer.com\\\/wp-content\\\/uploads\\\/2024\\\/07\\\/4.5m-hamburger-trailer.jpg\",\"contentUrl\":\"https:\\\/\\\/www.honlufoodtrailer.com\\\/wp-content\\\/uploads\\\/2024\\\/07\\\/4.5m-hamburger-trailer.jpg\",\"width\":720,\"height\":540,\"caption\":\"4.5m hamburger trailer\"},{\"@type\":\"BreadcrumbList\",\"@id\":\"https:\\\/\\\/www.honlufoodtrailer.com\\\/product\\\/4-5m-hamburger-trailer\\\/#breadcrumb\",\"itemListElement\":[{\"@type\":\"ListItem\",\"position\":1,\"name\":\"Home\",\"item\":\"https:\\\/\\\/www.honlufoodtrailer.com\\\/\"},{\"@type\":\"ListItem\",\"position\":2,\"name\":\"\u4ea7\u54c1\",\"item\":\"https:\\\/\\\/www.honlufoodtrailer.com\\\/shop\\\/\"},{\"@type\":\"ListItem\",\"position\":3,\"name\":\"4.5m Hamburger Trailer\"}]},{\"@type\":\"WebSite\",\"@id\":\"https:\\\/\\\/www.honlufoodtrailer.com\\\/#website\",\"url\":\"https:\\\/\\\/www.honlufoodtrailer.com\\\/\",\"name\":\"Honlu food trailer\",\"description\":\"\",\"publisher\":{\"@id\":\"https:\\\/\\\/www.honlufoodtrailer.com\\\/#organization\"},\"potentialAction\":[{\"@type\":\"SearchAction\",\"target\":{\"@type\":\"EntryPoint\",\"urlTemplate\":\"https:\\\/\\\/www.honlufoodtrailer.com\\\/?s={search_term_string}\"},\"query-input\":{\"@type\":\"PropertyValueSpecification\",\"valueRequired\":true,\"valueName\":\"search_term_string\"}}],\"inLanguage\":\"lv-LV\"},{\"@type\":\"Organization\",\"@id\":\"https:\\\/\\\/www.honlufoodtrailer.com\\\/#organization\",\"name\":\"Honlu food trailer\",\"url\":\"https:\\\/\\\/www.honlufoodtrailer.com\\\/\",\"logo\":{\"@type\":\"ImageObject\",\"inLanguage\":\"lv-LV\",\"@id\":\"https:\\\/\\\/www.honlufoodtrailer.com\\\/#\\\/schema\\\/logo\\\/image\\\/\",\"url\":\"https:\\\/\\\/www.honlufoodtrailer.com\\\/wp-content\\\/uploads\\\/2021\\\/12\\\/2.gif\",\"contentUrl\":\"https:\\\/\\\/www.honlufoodtrailer.com\\\/wp-content\\\/uploads\\\/2021\\\/12\\\/2.gif\",\"width\":350,\"height\":100,\"caption\":\"Honlu food trailer\"},\"image\":{\"@id\":\"https:\\\/\\\/www.honlufoodtrailer.com\\\/#\\\/schema\\\/logo\\\/image\\\/\"}}]}<\/script>\n<!-- \/ Yoast SEO plugin. -->","yoast_head_json":{"title":"4,5\u00a0m Hamburgera piekabe no \u0136\u012bnas Ra\u017eot\u0101js - Henan Honlu","description":"Vai mekl\u0113jat hamburgera piekabi p\u0101rdo\u0161anai? skatiet \u0161o 4,5\u00a0m hamburgera treileri \u0161eit! Noklik\u0161\u0137iniet, lai ieg\u016btu l\u012bdz\u012bgu vai piel\u0101gotu par sapr\u0101t\u012bgu cenu t\u016bl\u012bt!","robots":{"index":"index","follow":"follow","max-snippet":"max-snippet:-1","max-image-preview":"max-image-preview:large","max-video-preview":"max-video-preview:-1"},"canonical":"https:\/\/www.honlufoodtrailer.com\/lv\/product\/4-5m-hamburger-trailer\/","og_locale":"lv_LV","og_type":"article","og_title":"4.5m Hamburger Trailer from China Manufacturer - Henan Honlu","og_description":"Looking for a hamburger trailer for sale? see this 4.5m hamburger trailer here! Click to get a similar or customized one at a reasonable price now!","og_url":"https:\/\/www.honlufoodtrailer.com\/lv\/product\/4-5m-hamburger-trailer\/","og_site_name":"Honlu food trailer","article_modified_time":"2025-02-14T06:48:25+00:00","og_image":[{"width":720,"height":540,"url":"https:\/\/www.honlufoodtrailer.com\/wp-content\/uploads\/2024\/07\/4.5m-hamburger-trailer.jpg","type":"image\/jpeg"}],"twitter_card":"summary_large_image","twitter_misc":{"Est. reading time":"1 min\u016bte"},"schema":{"@context":"https:\/\/schema.org","@graph":[{"@type":"WebPage","@id":"https:\/\/www.honlufoodtrailer.com\/product\/4-5m-hamburger-trailer\/","url":"https:\/\/www.honlufoodtrailer.com\/product\/4-5m-hamburger-trailer\/","name":"4,5\u00a0m Hamburgera piekabe no \u0136\u012bnas Ra\u017eot\u0101js - Henan Honlu","isPartOf":{"@id":"https:\/\/www.honlufoodtrailer.com\/#website"},"primaryImageOfPage":{"@id":"https:\/\/www.honlufoodtrailer.com\/product\/4-5m-hamburger-trailer\/#primaryimage"},"image":{"@id":"https:\/\/www.honlufoodtrailer.com\/product\/4-5m-hamburger-trailer\/#primaryimage"},"thumbnailUrl":"https:\/\/www.honlufoodtrailer.com\/wp-content\/uploads\/2024\/07\/4.5m-hamburger-trailer.jpg","datePublished":"2024-07-03T07:24:16+00:00","dateModified":"2025-02-14T06:48:25+00:00","description":"Vai mekl\u0113jat hamburgera piekabi p\u0101rdo\u0161anai? skatiet \u0161o 4,5\u00a0m hamburgera treileri \u0161eit! Noklik\u0161\u0137iniet, lai ieg\u016btu l\u012bdz\u012bgu vai piel\u0101gotu par sapr\u0101t\u012bgu cenu t\u016bl\u012bt!","breadcrumb":{"@id":"https:\/\/www.honlufoodtrailer.com\/product\/4-5m-hamburger-trailer\/#breadcrumb"},"inLanguage":"lv-LV","potentialAction":[{"@type":"ReadAction","target":["https:\/\/www.honlufoodtrailer.com\/product\/4-5m-hamburger-trailer\/"]}]},{"@type":"ImageObject","inLanguage":"lv-LV","@id":"https:\/\/www.honlufoodtrailer.com\/product\/4-5m-hamburger-trailer\/#primaryimage","url":"https:\/\/www.honlufoodtrailer.com\/wp-content\/uploads\/2024\/07\/4.5m-hamburger-trailer.jpg","contentUrl":"https:\/\/www.honlufoodtrailer.com\/wp-content\/uploads\/2024\/07\/4.5m-hamburger-trailer.jpg","width":720,"height":540,"caption":"4.5m hamburger trailer"},{"@type":"BreadcrumbList","@id":"https:\/\/www.honlufoodtrailer.com\/product\/4-5m-hamburger-trailer\/#breadcrumb","itemListElement":[{"@type":"ListItem","position":1,"name":"Home","item":"https:\/\/www.honlufoodtrailer.com\/"},{"@type":"ListItem","position":2,"name":"\u4ea7\u54c1","item":"https:\/\/www.honlufoodtrailer.com\/shop\/"},{"@type":"ListItem","position":3,"name":"4.5m Hamburger Trailer"}]},{"@type":"WebSite","@id":"https:\/\/www.honlufoodtrailer.com\/#website","url":"https:\/\/www.honlufoodtrailer.com\/","name":"Honlu p\u0101rtikas piekabe","description":"","publisher":{"@id":"https:\/\/www.honlufoodtrailer.com\/#organization"},"potentialAction":[{"@type":"SearchAction","target":{"@type":"EntryPoint","urlTemplate":"https:\/\/www.honlufoodtrailer.com\/?s={search_term_string}"},"query-input":{"@type":"PropertyValueSpecification","valueRequired":true,"valueName":"search_term_string"}}],"inLanguage":"lv-LV"},{"@type":"Organization","@id":"https:\/\/www.honlufoodtrailer.com\/#organization","name":"Honlu p\u0101rtikas piekabe","url":"https:\/\/www.honlufoodtrailer.com\/","logo":{"@type":"ImageObject","inLanguage":"lv-LV","@id":"https:\/\/www.honlufoodtrailer.com\/#\/schema\/logo\/image\/","url":"https:\/\/www.honlufoodtrailer.com\/wp-content\/uploads\/2021\/12\/2.gif","contentUrl":"https:\/\/www.honlufoodtrailer.com\/wp-content\/uploads\/2021\/12\/2.gif","width":350,"height":100,"caption":"Honlu food trailer"},"image":{"@id":"https:\/\/www.honlufoodtrailer.com\/#\/schema\/logo\/image\/"}}]}},"_links":{"self":[{"href":"https:\/\/www.honlufoodtrailer.com\/lv\/wp-json\/wp\/v2\/product\/7960","targetHints":{"allow":["GET"]}}],"collection":[{"href":"https:\/\/www.honlufoodtrailer.com\/lv\/wp-json\/wp\/v2\/product"}],"about":[{"href":"https:\/\/www.honlufoodtrailer.com\/lv\/wp-json\/wp\/v2\/types\/product"}],"version-history":[{"count":0,"href":"https:\/\/www.honlufoodtrailer.com\/lv\/wp-json\/wp\/v2\/product\/7960\/revisions"}],"wp:featuredmedia":[{"embeddable":true,"href":"https:\/\/www.honlufoodtrailer.com\/lv\/wp-json\/wp\/v2\/media\/7968"}],"wp:attachment":[{"href":"https:\/\/www.honlufoodtrailer.com\/lv\/wp-json\/wp\/v2\/media?parent=7960"}],"wp:term":[{"taxonomy":"product_brand","embeddable":true,"href":"https:\/\/www.honlufoodtrailer.com\/lv\/wp-json\/wp\/v2\/product_brand?post=7960"},{"taxonomy":"product_cat","embeddable":true,"href":"https:\/\/www.honlufoodtrailer.com\/lv\/wp-json\/wp\/v2\/product_cat?post=7960"},{"taxonomy":"product_tag","embeddable":true,"href":"https:\/\/www.honlufoodtrailer.com\/lv\/wp-json\/wp\/v2\/product_tag?post=7960"}],"curies":[{"name":"wp","href":"https:\/\/api.w.org\/{rel}","templated":true}]}}