{"id":7976,"date":"2024-07-05T15:48:42","date_gmt":"2024-07-05T07:48:42","guid":{"rendered":"https:\/\/www.honlufoodtrailer.com\/?post_type=product&#038;p=7976"},"modified":"2025-02-14T14:47:53","modified_gmt":"2025-02-14T06:47:53","slug":"3-5m-fast-food-caravan","status":"publish","type":"product","link":"https:\/\/www.honlufoodtrailer.com\/lv\/product\/3-5m-fast-food-caravan\/","title":{"rendered":"3,5 m \u0101tr\u0101s \u0113din\u0101\u0161anas karav\u0101na"},"content":{"rendered":"<p>Vai mekl\u0113jat \u0101tr\u0101s \u0113din\u0101\u0161anas piekabi? Apskatiet \u0161o 3,5 m garo \u0101tr\u0101s \u0113din\u0101\u0161anas piekabi, ko esam izgatavoju\u0161i vienam no m\u016bsu klientiem. K\u0101 redzam, tai ir skaists dizains \u2014 divi logi piekabes priek\u0161pus\u0113. Apk\u0101rt piekabei esam to izrot\u0101ju\u0161i ar gaismas sloksn\u0113m. Piekabes iek\u0161pus\u0113 esam apr\u012bkoju\u0161i virtuves apr\u012bkojumu. T\u0101 k\u0101 t\u0101 ir maza 3,5 m gara p\u0101rtikas piekabe, m\u0113s to projekt\u0113j\u0101m ar vienu asi atbilsto\u0161i klienta pras\u012bb\u0101m. Tagad apl\u016bkosim s\u012bk\u0101ku inform\u0101ciju par \u0161o p\u0101rtikas piekabi. Vispirms apskat\u012bsim da\u017eas \u0161\u012bs piekabes bildes!<\/p>\n<p><img fetchpriority=\"high\" decoding=\"async\" class=\"aligncenter size-full wp-image-7988\" src=\"https:\/\/www.honlufoodtrailer.com\/wp-content\/uploads\/2024\/07\/street-food-caravan-for-sale.jpg\" alt=\"ielu \u0113dienu karav\u0101na p\u0101rdo\u0161anai\" width=\"720\" height=\"540\" srcset=\"https:\/\/www.honlufoodtrailer.com\/wp-content\/uploads\/2024\/07\/street-food-caravan-for-sale.jpg 720w, https:\/\/www.honlufoodtrailer.com\/wp-content\/uploads\/2024\/07\/street-food-caravan-for-sale-480x360.jpg 480w, https:\/\/www.honlufoodtrailer.com\/wp-content\/uploads\/2024\/07\/street-food-caravan-for-sale-300x225.jpg 300w\" sizes=\"(max-width: 720px) 100vw, 720px\" \/> <img decoding=\"async\" class=\"aligncenter size-full wp-image-7987\" src=\"https:\/\/www.honlufoodtrailer.com\/wp-content\/uploads\/2024\/07\/fast-food-caravans-for-sale.jpg\" alt=\"\u0101tr\u0101s \u0113din\u0101\u0161anas karav\u0101nas p\u0101rdo\u0161anai\" width=\"720\" height=\"540\" srcset=\"https:\/\/www.honlufoodtrailer.com\/wp-content\/uploads\/2024\/07\/fast-food-caravans-for-sale.jpg 720w, https:\/\/www.honlufoodtrailer.com\/wp-content\/uploads\/2024\/07\/fast-food-caravans-for-sale-480x360.jpg 480w, https:\/\/www.honlufoodtrailer.com\/wp-content\/uploads\/2024\/07\/fast-food-caravans-for-sale-300x225.jpg 300w\" sizes=\"(max-width: 720px) 100vw, 720px\" \/><\/p>\n<h3>\u0160\u012bs 3,5 m \u0101tr\u0101s \u0113din\u0101\u0161anas karav\u0101nas iek\u0161\u0113j\u0101s deta\u013cas<\/h3>\n<p>Skatiet s\u012bk\u0101ku inform\u0101ciju par \u0161o mobilo p\u0101rtikas karav\u0101nu. K\u0101 redzams att\u0113l\u0101 zem\u0101k, m\u0113s esam apr\u012bkoju\u0161i \u0161o \u0101tr\u0101s \u0113din\u0101\u0161anas karav\u0101nu ar pamata virtuves apr\u012bkojumu, piem\u0113ram, darba virsmu, trim izlietn\u0113m, fritieri, gaisa kondicionieri, bufeti utt. \u012as\u0101k sakot, \u0161ai 3,5 m garajai p\u0101rtikas karav\u0101nai ir kompakta konstrukcija un praktisks dizains.<\/p>\n<p><img decoding=\"async\" class=\"aligncenter size-full wp-image-7977\" src=\"https:\/\/www.honlufoodtrailer.com\/wp-content\/uploads\/2024\/07\/3.5m-fast-food-caravan-inner-structure.jpg\" alt=\"3,5 m \u0101tr\u0101s \u0113din\u0101\u0161anas karav\u0101nas iek\u0161\u0113j\u0101 konstrukcija\" width=\"720\" height=\"540\" srcset=\"https:\/\/www.honlufoodtrailer.com\/wp-content\/uploads\/2024\/07\/3.5m-fast-food-caravan-inner-structure.jpg 720w, https:\/\/www.honlufoodtrailer.com\/wp-content\/uploads\/2024\/07\/3.5m-fast-food-caravan-inner-structure-480x360.jpg 480w, https:\/\/www.honlufoodtrailer.com\/wp-content\/uploads\/2024\/07\/3.5m-fast-food-caravan-inner-structure-300x225.jpg 300w\" sizes=\"(max-width: 720px) 100vw, 720px\" \/><\/p>\n<p><img loading=\"lazy\" decoding=\"async\" class=\"aligncenter size-full wp-image-7984\" src=\"https:\/\/www.honlufoodtrailer.com\/wp-content\/uploads\/2024\/07\/3.5m-mobile-food-caravan-inner-details.jpg\" alt=\"3,5 m mobil\u0101s p\u0101rtikas karav\u0101nas iek\u0161\u0113j\u0101s deta\u013cas\" width=\"800\" height=\"800\" srcset=\"https:\/\/www.honlufoodtrailer.com\/wp-content\/uploads\/2024\/07\/3.5m-mobile-food-caravan-inner-details.jpg 800w, https:\/\/www.honlufoodtrailer.com\/wp-content\/uploads\/2024\/07\/3.5m-mobile-food-caravan-inner-details-768x768.jpg 768w, https:\/\/www.honlufoodtrailer.com\/wp-content\/uploads\/2024\/07\/3.5m-mobile-food-caravan-inner-details-360x360.jpg 360w, https:\/\/www.honlufoodtrailer.com\/wp-content\/uploads\/2024\/07\/3.5m-mobile-food-caravan-inner-details-300x300.jpg 300w, https:\/\/www.honlufoodtrailer.com\/wp-content\/uploads\/2024\/07\/3.5m-mobile-food-caravan-inner-details-720x720.jpg 720w, https:\/\/www.honlufoodtrailer.com\/wp-content\/uploads\/2024\/07\/3.5m-mobile-food-caravan-inner-details-100x100.jpg 100w\" sizes=\"(max-width: 800px) 100vw, 800px\" \/><\/p>\n<p>&nbsp;<\/p>\n<h3>S\u012bk\u0101ka inform\u0101cija par \u0161o 3,5 m ielu p\u0101rtikas karav\u0101nu<\/h3>\n<p>Skatiet vair\u0101k inform\u0101cijas par \u0161o ielu \u0113dienu karav\u0101nu no t\u0101l\u0101k redzamajiem att\u0113liem. K\u0101 redzat, \u0161\u012b \u0113dienu karav\u0101na ir skaisti izstr\u0101d\u0101ta un izgatavota no kvalitat\u012bviem materi\u0101liem. Tai ir ar\u012b \u0101r\u0113js baro\u0161anas avots, kas atbilst Austr\u0101lijas standartiem. Henan Honlu ir profesion\u0101ls \u0113dienu piekabju ra\u017eot\u0101js un eksport\u0113t\u0101js ar vair\u0101k nek\u0101 10 gadu pieredzi. M\u0113s varam piel\u0101got \u0101tr\u0101s \u0113din\u0101\u0161anas karav\u0101nas p\u0101rdo\u0161anai, kas atbilst klientu valsts standartiem.<\/p>\n<p><img loading=\"lazy\" decoding=\"async\" class=\"aligncenter size-full wp-image-7985\" src=\"https:\/\/www.honlufoodtrailer.com\/wp-content\/uploads\/2024\/07\/3.5m-mobile-food-caravan-more-details.jpg\" alt=\"3,5 m mobil\u0101 p\u0101rtikas karav\u0101na \u2014 vair\u0101k inform\u0101cijas\" width=\"800\" height=\"800\" srcset=\"https:\/\/www.honlufoodtrailer.com\/wp-content\/uploads\/2024\/07\/3.5m-mobile-food-caravan-more-details.jpg 800w, https:\/\/www.honlufoodtrailer.com\/wp-content\/uploads\/2024\/07\/3.5m-mobile-food-caravan-more-details-768x768.jpg 768w, https:\/\/www.honlufoodtrailer.com\/wp-content\/uploads\/2024\/07\/3.5m-mobile-food-caravan-more-details-360x360.jpg 360w, https:\/\/www.honlufoodtrailer.com\/wp-content\/uploads\/2024\/07\/3.5m-mobile-food-caravan-more-details-300x300.jpg 300w, https:\/\/www.honlufoodtrailer.com\/wp-content\/uploads\/2024\/07\/3.5m-mobile-food-caravan-more-details-720x720.jpg 720w, https:\/\/www.honlufoodtrailer.com\/wp-content\/uploads\/2024\/07\/3.5m-mobile-food-caravan-more-details-100x100.jpg 100w\" sizes=\"(max-width: 800px) 100vw, 800px\" \/><br \/>\nJa j\u016bs interes\u0113 \u0101tr\u0101s \u0113din\u0101\u0161anas karav\u0101nas p\u0101rdo\u0161anai, l\u016bdzu, nevilcinieties sazin\u0101ties ar mums. Vienk\u0101r\u0161i atst\u0101jiet zi\u0146ojumu zem\u0101k eso\u0161aj\u0101 veidlap\u0101 vai rakstiet mums tie\u0161i WhatsApp, lai sa\u0146emtu \u0101tru atbildi!<\/p>","protected":false},"excerpt":{"rendered":"<p>\u0160is ir viens no m\u016bsu p\u0101rdo\u0161an\u0101 eso\u0161ajiem, p\u0113c pas\u016bt\u012bjuma izgatavotajiem 3,5 m \u0101tr\u0101s \u0113din\u0101\u0161anas piekab\u0113m. Tam ir skaists un pievilc\u012bgs dizains. Ar kompaktu konstrukciju un sapr\u0101t\u012bgu cenu tas ir laba izv\u0113le cilv\u0113kiem, kas v\u0113las uzs\u0101kt p\u0101rtikas piekabju biznesu.\u00a0 <strong>L\u016bdzu, noklik\u0161\u0137iniet uz t\u0101l\u0101k nor\u0101d\u012btaj\u0101m ciln\u0113m, lai skat\u012btu s\u012bk\u0101ku inform\u0101ciju par \u0161o \u0101tr\u0101s \u0113din\u0101\u0161anas karav\u0101nu.<\/strong>. M\u0113s varam izgatavot l\u012bdz\u012bgu ielu \u0113dienu karav\u0101nu k\u0101 \u0161o vai piel\u0101got to jums. L\u016bdzu, sazinieties ar mums un past\u0101stiet mums savas detaliz\u0113t\u0101s pras\u012bbas. Vienk\u0101r\u0161i nevilcinieties sazin\u0101ties ar mums t\u016bl\u012bt!<\/p>","protected":false},"featured_media":7988,"template":"","meta":{"_themeisle_gutenberg_block_has_review":false},"product_brand":[],"product_cat":[26],"product_tag":[33,108,60,61,38],"class_list":{"0":"post-7976","1":"product","2":"type-product","3":"status-publish","4":"has-post-thumbnail","6":"product_cat-product","7":"product_tag-customized-trailer","8":"product_tag-fast-food-caravan","9":"product_tag-fast-food-trailer","10":"product_tag-fast-food-trailer-for-sale","11":"product_tag-mobile-food-trailer","13":"first","14":"instock","15":"shipping-taxable","16":"product-type-simple"},"yoast_head":"<!-- This site is optimized with the Yoast SEO plugin v27.6 - https:\/\/yoast.com\/product\/yoast-seo-wordpress\/ -->\n<title>3.5m Fast Food Caravan from China Manufacturer - Henan Honlu<\/title>\n<meta name=\"description\" content=\"Looking for a fast food caravans for sale? see this 3.5m fast food caravan here! Click to get a similar or customized one at a reasonable price now!\" \/>\n<meta name=\"robots\" content=\"index, follow, max-snippet:-1, max-image-preview:large, max-video-preview:-1\" \/>\n<link rel=\"canonical\" href=\"https:\/\/www.honlufoodtrailer.com\/lv\/product\/3-5m-fast-food-caravan\/\" \/>\n<meta property=\"og:locale\" content=\"lv_LV\" \/>\n<meta property=\"og:type\" content=\"article\" \/>\n<meta property=\"og:title\" content=\"3.5m Fast Food Caravan from China Manufacturer - Henan Honlu\" \/>\n<meta property=\"og:description\" content=\"Looking for a fast food caravans for sale? see this 3.5m fast food caravan here! Click to get a similar or customized one at a reasonable price now!\" \/>\n<meta property=\"og:url\" content=\"https:\/\/www.honlufoodtrailer.com\/lv\/product\/3-5m-fast-food-caravan\/\" \/>\n<meta property=\"og:site_name\" content=\"Honlu food trailer\" \/>\n<meta property=\"article:modified_time\" content=\"2025-02-14T06:47:53+00:00\" \/>\n<meta property=\"og:image\" content=\"https:\/\/www.honlufoodtrailer.com\/wp-content\/uploads\/2024\/07\/street-food-caravan-for-sale.jpg\" \/>\n\t<meta property=\"og:image:width\" content=\"720\" \/>\n\t<meta property=\"og:image:height\" content=\"540\" \/>\n\t<meta property=\"og:image:type\" content=\"image\/jpeg\" \/>\n<meta name=\"twitter:card\" content=\"summary_large_image\" \/>\n<meta name=\"twitter:label1\" content=\"Est. reading time\" \/>\n\t<meta name=\"twitter:data1\" content=\"1 min\u016bte\" \/>\n<script type=\"application\/ld+json\" class=\"yoast-schema-graph\">{\"@context\":\"https:\\\/\\\/schema.org\",\"@graph\":[{\"@type\":\"WebPage\",\"@id\":\"https:\\\/\\\/www.honlufoodtrailer.com\\\/product\\\/3-5m-fast-food-caravan\\\/\",\"url\":\"https:\\\/\\\/www.honlufoodtrailer.com\\\/product\\\/3-5m-fast-food-caravan\\\/\",\"name\":\"3.5m Fast Food Caravan from China Manufacturer - Henan Honlu\",\"isPartOf\":{\"@id\":\"https:\\\/\\\/www.honlufoodtrailer.com\\\/#website\"},\"primaryImageOfPage\":{\"@id\":\"https:\\\/\\\/www.honlufoodtrailer.com\\\/product\\\/3-5m-fast-food-caravan\\\/#primaryimage\"},\"image\":{\"@id\":\"https:\\\/\\\/www.honlufoodtrailer.com\\\/product\\\/3-5m-fast-food-caravan\\\/#primaryimage\"},\"thumbnailUrl\":\"https:\\\/\\\/www.honlufoodtrailer.com\\\/wp-content\\\/uploads\\\/2024\\\/07\\\/street-food-caravan-for-sale.jpg\",\"datePublished\":\"2024-07-05T07:48:42+00:00\",\"dateModified\":\"2025-02-14T06:47:53+00:00\",\"description\":\"Looking for a fast food caravans for sale? see this 3.5m fast food caravan here! Click to get a similar or customized one at a reasonable price now!\",\"breadcrumb\":{\"@id\":\"https:\\\/\\\/www.honlufoodtrailer.com\\\/product\\\/3-5m-fast-food-caravan\\\/#breadcrumb\"},\"inLanguage\":\"lv-LV\",\"potentialAction\":[{\"@type\":\"ReadAction\",\"target\":[\"https:\\\/\\\/www.honlufoodtrailer.com\\\/product\\\/3-5m-fast-food-caravan\\\/\"]}]},{\"@type\":\"ImageObject\",\"inLanguage\":\"lv-LV\",\"@id\":\"https:\\\/\\\/www.honlufoodtrailer.com\\\/product\\\/3-5m-fast-food-caravan\\\/#primaryimage\",\"url\":\"https:\\\/\\\/www.honlufoodtrailer.com\\\/wp-content\\\/uploads\\\/2024\\\/07\\\/street-food-caravan-for-sale.jpg\",\"contentUrl\":\"https:\\\/\\\/www.honlufoodtrailer.com\\\/wp-content\\\/uploads\\\/2024\\\/07\\\/street-food-caravan-for-sale.jpg\",\"width\":720,\"height\":540,\"caption\":\"street food caravan for sale\"},{\"@type\":\"BreadcrumbList\",\"@id\":\"https:\\\/\\\/www.honlufoodtrailer.com\\\/product\\\/3-5m-fast-food-caravan\\\/#breadcrumb\",\"itemListElement\":[{\"@type\":\"ListItem\",\"position\":1,\"name\":\"Home\",\"item\":\"https:\\\/\\\/www.honlufoodtrailer.com\\\/\"},{\"@type\":\"ListItem\",\"position\":2,\"name\":\"\u4ea7\u54c1\",\"item\":\"https:\\\/\\\/www.honlufoodtrailer.com\\\/shop\\\/\"},{\"@type\":\"ListItem\",\"position\":3,\"name\":\"3.5m Fast Food Caravan\"}]},{\"@type\":\"WebSite\",\"@id\":\"https:\\\/\\\/www.honlufoodtrailer.com\\\/#website\",\"url\":\"https:\\\/\\\/www.honlufoodtrailer.com\\\/\",\"name\":\"Honlu food trailer\",\"description\":\"\",\"publisher\":{\"@id\":\"https:\\\/\\\/www.honlufoodtrailer.com\\\/#organization\"},\"potentialAction\":[{\"@type\":\"SearchAction\",\"target\":{\"@type\":\"EntryPoint\",\"urlTemplate\":\"https:\\\/\\\/www.honlufoodtrailer.com\\\/?s={search_term_string}\"},\"query-input\":{\"@type\":\"PropertyValueSpecification\",\"valueRequired\":true,\"valueName\":\"search_term_string\"}}],\"inLanguage\":\"lv-LV\"},{\"@type\":\"Organization\",\"@id\":\"https:\\\/\\\/www.honlufoodtrailer.com\\\/#organization\",\"name\":\"Honlu food trailer\",\"url\":\"https:\\\/\\\/www.honlufoodtrailer.com\\\/\",\"logo\":{\"@type\":\"ImageObject\",\"inLanguage\":\"lv-LV\",\"@id\":\"https:\\\/\\\/www.honlufoodtrailer.com\\\/#\\\/schema\\\/logo\\\/image\\\/\",\"url\":\"https:\\\/\\\/www.honlufoodtrailer.com\\\/wp-content\\\/uploads\\\/2021\\\/12\\\/2.gif\",\"contentUrl\":\"https:\\\/\\\/www.honlufoodtrailer.com\\\/wp-content\\\/uploads\\\/2021\\\/12\\\/2.gif\",\"width\":350,\"height\":100,\"caption\":\"Honlu food trailer\"},\"image\":{\"@id\":\"https:\\\/\\\/www.honlufoodtrailer.com\\\/#\\\/schema\\\/logo\\\/image\\\/\"}}]}<\/script>\n<!-- \/ Yoast SEO plugin. -->","yoast_head_json":{"title":"3,5 m \u0101tr\u0101s \u0113din\u0101\u0161anas karav\u0101na no \u0136\u012bnas ra\u017eot\u0101ja - Henan Honlu","description":"Mekl\u0113jat \u0101tr\u0101s \u0113din\u0101\u0161anas karav\u0101nu p\u0101rdo\u0161anai? Apskatiet \u0161o 3,5 m garo \u0101tr\u0101s \u0113din\u0101\u0161anas karav\u0101nu \u0161eit! Noklik\u0161\u0137iniet, lai ieg\u016btu l\u012bdz\u012bgu vai piel\u0101gotu karav\u0101nu par sapr\u0101t\u012bgu cenu jau tagad!","robots":{"index":"index","follow":"follow","max-snippet":"max-snippet:-1","max-image-preview":"max-image-preview:large","max-video-preview":"max-video-preview:-1"},"canonical":"https:\/\/www.honlufoodtrailer.com\/lv\/product\/3-5m-fast-food-caravan\/","og_locale":"lv_LV","og_type":"article","og_title":"3.5m Fast Food Caravan from China Manufacturer - Henan Honlu","og_description":"Looking for a fast food caravans for sale? see this 3.5m fast food caravan here! Click to get a similar or customized one at a reasonable price now!","og_url":"https:\/\/www.honlufoodtrailer.com\/lv\/product\/3-5m-fast-food-caravan\/","og_site_name":"Honlu food trailer","article_modified_time":"2025-02-14T06:47:53+00:00","og_image":[{"width":720,"height":540,"url":"https:\/\/www.honlufoodtrailer.com\/wp-content\/uploads\/2024\/07\/street-food-caravan-for-sale.jpg","type":"image\/jpeg"}],"twitter_card":"summary_large_image","twitter_misc":{"Est. reading time":"1 min\u016bte"},"schema":{"@context":"https:\/\/schema.org","@graph":[{"@type":"WebPage","@id":"https:\/\/www.honlufoodtrailer.com\/product\/3-5m-fast-food-caravan\/","url":"https:\/\/www.honlufoodtrailer.com\/product\/3-5m-fast-food-caravan\/","name":"3,5 m \u0101tr\u0101s \u0113din\u0101\u0161anas karav\u0101na no \u0136\u012bnas ra\u017eot\u0101ja - Henan Honlu","isPartOf":{"@id":"https:\/\/www.honlufoodtrailer.com\/#website"},"primaryImageOfPage":{"@id":"https:\/\/www.honlufoodtrailer.com\/product\/3-5m-fast-food-caravan\/#primaryimage"},"image":{"@id":"https:\/\/www.honlufoodtrailer.com\/product\/3-5m-fast-food-caravan\/#primaryimage"},"thumbnailUrl":"https:\/\/www.honlufoodtrailer.com\/wp-content\/uploads\/2024\/07\/street-food-caravan-for-sale.jpg","datePublished":"2024-07-05T07:48:42+00:00","dateModified":"2025-02-14T06:47:53+00:00","description":"Mekl\u0113jat \u0101tr\u0101s \u0113din\u0101\u0161anas karav\u0101nu p\u0101rdo\u0161anai? Apskatiet \u0161o 3,5 m garo \u0101tr\u0101s \u0113din\u0101\u0161anas karav\u0101nu \u0161eit! Noklik\u0161\u0137iniet, lai ieg\u016btu l\u012bdz\u012bgu vai piel\u0101gotu karav\u0101nu par sapr\u0101t\u012bgu cenu jau tagad!","breadcrumb":{"@id":"https:\/\/www.honlufoodtrailer.com\/product\/3-5m-fast-food-caravan\/#breadcrumb"},"inLanguage":"lv-LV","potentialAction":[{"@type":"ReadAction","target":["https:\/\/www.honlufoodtrailer.com\/product\/3-5m-fast-food-caravan\/"]}]},{"@type":"ImageObject","inLanguage":"lv-LV","@id":"https:\/\/www.honlufoodtrailer.com\/product\/3-5m-fast-food-caravan\/#primaryimage","url":"https:\/\/www.honlufoodtrailer.com\/wp-content\/uploads\/2024\/07\/street-food-caravan-for-sale.jpg","contentUrl":"https:\/\/www.honlufoodtrailer.com\/wp-content\/uploads\/2024\/07\/street-food-caravan-for-sale.jpg","width":720,"height":540,"caption":"street food caravan for sale"},{"@type":"BreadcrumbList","@id":"https:\/\/www.honlufoodtrailer.com\/product\/3-5m-fast-food-caravan\/#breadcrumb","itemListElement":[{"@type":"ListItem","position":1,"name":"Home","item":"https:\/\/www.honlufoodtrailer.com\/"},{"@type":"ListItem","position":2,"name":"\u4ea7\u54c1","item":"https:\/\/www.honlufoodtrailer.com\/shop\/"},{"@type":"ListItem","position":3,"name":"3.5m Fast Food Caravan"}]},{"@type":"WebSite","@id":"https:\/\/www.honlufoodtrailer.com\/#website","url":"https:\/\/www.honlufoodtrailer.com\/","name":"Honlu p\u0101rtikas piekabe","description":"","publisher":{"@id":"https:\/\/www.honlufoodtrailer.com\/#organization"},"potentialAction":[{"@type":"SearchAction","target":{"@type":"EntryPoint","urlTemplate":"https:\/\/www.honlufoodtrailer.com\/?s={search_term_string}"},"query-input":{"@type":"PropertyValueSpecification","valueRequired":true,"valueName":"search_term_string"}}],"inLanguage":"lv-LV"},{"@type":"Organization","@id":"https:\/\/www.honlufoodtrailer.com\/#organization","name":"Honlu p\u0101rtikas piekabe","url":"https:\/\/www.honlufoodtrailer.com\/","logo":{"@type":"ImageObject","inLanguage":"lv-LV","@id":"https:\/\/www.honlufoodtrailer.com\/#\/schema\/logo\/image\/","url":"https:\/\/www.honlufoodtrailer.com\/wp-content\/uploads\/2021\/12\/2.gif","contentUrl":"https:\/\/www.honlufoodtrailer.com\/wp-content\/uploads\/2021\/12\/2.gif","width":350,"height":100,"caption":"Honlu food trailer"},"image":{"@id":"https:\/\/www.honlufoodtrailer.com\/#\/schema\/logo\/image\/"}}]}},"_links":{"self":[{"href":"https:\/\/www.honlufoodtrailer.com\/lv\/wp-json\/wp\/v2\/product\/7976","targetHints":{"allow":["GET"]}}],"collection":[{"href":"https:\/\/www.honlufoodtrailer.com\/lv\/wp-json\/wp\/v2\/product"}],"about":[{"href":"https:\/\/www.honlufoodtrailer.com\/lv\/wp-json\/wp\/v2\/types\/product"}],"version-history":[{"count":0,"href":"https:\/\/www.honlufoodtrailer.com\/lv\/wp-json\/wp\/v2\/product\/7976\/revisions"}],"wp:featuredmedia":[{"embeddable":true,"href":"https:\/\/www.honlufoodtrailer.com\/lv\/wp-json\/wp\/v2\/media\/7988"}],"wp:attachment":[{"href":"https:\/\/www.honlufoodtrailer.com\/lv\/wp-json\/wp\/v2\/media?parent=7976"}],"wp:term":[{"taxonomy":"product_brand","embeddable":true,"href":"https:\/\/www.honlufoodtrailer.com\/lv\/wp-json\/wp\/v2\/product_brand?post=7976"},{"taxonomy":"product_cat","embeddable":true,"href":"https:\/\/www.honlufoodtrailer.com\/lv\/wp-json\/wp\/v2\/product_cat?post=7976"},{"taxonomy":"product_tag","embeddable":true,"href":"https:\/\/www.honlufoodtrailer.com\/lv\/wp-json\/wp\/v2\/product_tag?post=7976"}],"curies":[{"name":"wp","href":"https:\/\/api.w.org\/{rel}","templated":true}]}}